{"id":8223,"date":"2022-08-15T12:22:06","date_gmt":"2022-08-15T19:22:06","guid":{"rendered":"https:\/\/findfoodbank.org\/?page_id=8223"},"modified":"2025-04-30T09:17:08","modified_gmt":"2025-04-30T16:17:08","slug":"outreach-services","status":"publish","type":"page","link":"https:\/\/findfoodbank.org\/vi\/outreach-services\/","title":{"rendered":"D\u1ecbch v\u1ee5 Outreach"},"content":{"rendered":"<div class=\"gb-container gb-container-28faf69b alignfull\">\n<div class=\"gb-container gb-container-3f0dd009\">\n<div class=\"gb-grid-wrapper gb-grid-wrapper-13c3365b\">\n<div class=\"gb-grid-column gb-grid-column-d5f1138a\"><div class=\"gb-container gb-container-d5f1138a\">\n<nav style=\"color: #324452;\" class=\"has-text-color  is-vertical wp-block-navigation is-layout-flex wp-container-core-navigation-is-layout-8cf370e7 wp-block-navigation-is-layout-flex\" aria-label=\"Programs &amp; Services\"><ul style=\"color: #324452;\" class=\"wp-block-navigation__container has-text-color  is-vertical wp-block-navigation\"><li class=\"wp-block-navigation-item wp-block-navigation-link\"><a class=\"wp-block-navigation-item__content\"  href=\"https:\/\/findfoodbank.org\/vi\/programs-services\/community-agencies-mobile-markets\/\"><span class=\"wp-block-navigation-item__label\">\u0110\u1ea1i l\u00fd &amp; Th\u1ecb tr\u01b0\u1eddng Di \u0111\u1ed9ng<\/span><\/a><\/li><li class=\"wp-block-navigation-item wp-block-navigation-link\"><a class=\"wp-block-navigation-item__content\"  href=\"https:\/\/findfoodbank.org\/vi\/csfp\/\"><span class=\"wp-block-navigation-item__label\">Ch\u01b0\u01a1ng tr\u00ecnh Nu\u00f4i d\u01b0\u1ee1ng Ng\u01b0\u1eddi cao tu\u1ed5i<\/span><\/a><\/li><li class=\"wp-block-navigation-item wp-block-navigation-link\"><a class=\"wp-block-navigation-item__content\"  href=\"https:\/\/findfoodbank.org\/vi\/outreach-services\/\"><span class=\"wp-block-navigation-item__label\">D\u1ecbch v\u1ee5 Outreach<\/span><\/a><\/li><li class=\"wp-block-navigation-item wp-block-navigation-link\"><a class=\"wp-block-navigation-item__content\"  href=\"https:\/\/findfoodbank.org\/vi\/programs-services\/childrens-school-based-programs\/\"><span class=\"wp-block-navigation-item__label\">Children &amp; School-Based Programs<\/span><\/a><\/li><li class=\"wp-block-navigation-item wp-block-navigation-link\"><a class=\"wp-block-navigation-item__content\"  href=\"https:\/\/findfoodbank.org\/vi\/programs-services\/childrens-school-based-programs\/summer\/\"><span class=\"wp-block-navigation-item__label\">Kids Summer Market<\/span><\/a><\/li><li class=\"wp-block-navigation-item wp-block-navigation-link\"><a class=\"wp-block-navigation-item__content\"  href=\"https:\/\/findfoodbank.org\/vi\/opportunity-bank-activity-fee-scholarship\/\"><span class=\"wp-block-navigation-item__label\">Opportunity Bank <\/span><\/a><\/li><li class=\"wp-block-navigation-item wp-block-navigation-link\"><a class=\"wp-block-navigation-item__content\"  href=\"https:\/\/findfoodbank.org\/vi\/fyac\/\"><span class=\"wp-block-navigation-item__label\">FYAC<\/span><\/a><\/li><li class=\"wp-block-navigation-item wp-block-navigation-link\"><a class=\"wp-block-navigation-item__content\"  href=\"https:\/\/findfoodbank.org\/vi\/disaster-relief\/\"><span class=\"wp-block-navigation-item__label\">Disaster Relief<\/span><\/a><\/li><li class=\"wp-block-navigation-item wp-block-navigation-link\"><a class=\"wp-block-navigation-item__content\"  href=\"https:\/\/findfoodbank.org\/vi\/foodrescue\/\"><span class=\"wp-block-navigation-item__label\">Food Rescue <\/span><\/a><\/li><li class=\"wp-block-navigation-item wp-block-navigation-link\"><a class=\"wp-block-navigation-item__content\"  href=\"https:\/\/findfoodbank.org\/vi\/programs-services\/nutrition\/\"><span class=\"wp-block-navigation-item__label\">Dinh d\u01b0\u1ee1ng<\/span><\/a><\/li><li class=\"wp-block-navigation-item wp-block-navigation-link\"><a class=\"wp-block-navigation-item__content\"  href=\"https:\/\/findfoodbank.org\/vi\/programs-services\/calfresh\/\"><span class=\"wp-block-navigation-item__label\">Calfresh Benefits<\/span><\/a><\/li><li class=\"wp-block-navigation-item wp-block-navigation-link\"><a class=\"wp-block-navigation-item__content\"  href=\"https:\/\/findfoodbank.org\/vi\/programs-services\/community-health-workers\/\"><span class=\"wp-block-navigation-item__label\">Nh\u00e2n vi\u00ean Y t\u1ebf C\u1ed9ng \u0111\u1ed3ng<\/span><\/a><\/li><\/ul><\/nav>\n<\/div><\/div>\n\n<div class=\"gb-grid-column gb-grid-column-6db025f2\"><div class=\"gb-container gb-container-6db025f2\">\n\n<h5 class=\"gb-headline gb-headline-67292e09 gb-headline-text\">D\u1ecbch v\u1ee5 Outreach<\/h5>\n\n\n\n<p>FIND Food Bank cung c\u1ea5p nhi\u1ec1u d\u1ecbch v\u1ee5 theo ch\u01b0\u01a1ng tr\u00ecnh kh\u00e1c nhau cho nh\u1eefng c\u01b0 d\u00e2n kh\u00f4ng an to\u00e0n v\u1ec1 th\u1ef1c ph\u1ea9m c\u1ee7a c\u00e1c Qu\u1eadn ph\u00eda \u0111\u00f4ng Riverside v\u00e0 ph\u00eda nam San Bernardino.<\/p>\n\n\n\n<p>To reach our goal to end hunger today, tomorrow, and for a lifetime, our outreach services team provides additional client support. They work one-on-one with clients to help them apply for food benefits, utility assistance, unemployment, SSI and other financial resources that give people the tools for self-sufficiency.<\/p>\n\n\n\n<p>Xin g\u1ecdi&nbsp;<a href=\"tel:7607753663\"><strong>760-775-3663<\/strong><\/a>&nbsp;\u0111\u1ec3 s\u1eafp x\u1ebfp m\u1ed9t cu\u1ed9c h\u1eb9n v\u00e0 x\u00e1c \u0111\u1ecbnh nh\u1eefng t\u00e0i li\u1ec7u n\u00e0o b\u1ea1n s\u1ebd c\u1ea7n \u0111\u1ec3 ti\u1ebfp c\u1eadn h\u1ed7 tr\u1ee3 t\u00e0i ch\u00ednh v\u00e0 c\u00e1c ngu\u1ed3n t\u00e0i tr\u1ee3 kh\u00e1c c\u1ee7a c\u1ed9ng \u0111\u1ed3ng v\u00e0 ti\u1ec3u bang. \u0110\u1ed9i ng\u0169 \u0111\u01b0\u1ee3c \u0111\u00e0o t\u1ea1o chuy\u00ean s\u00e2u c\u1ee7a ch\u00fang t\u00f4i s\u1ebd h\u01b0\u1edbng d\u1eabn b\u1ea1n nh\u1eefng l\u1ee3i \u00edch m\u00e0 b\u1ea1n \u0111\u1ee7 \u0111i\u1ec1u ki\u1ec7n nh\u1eadn \u0111\u01b0\u1ee3c v\u00e0 gi\u00fap b\u1ea1n \u0111\u0103ng k\u00fd!<\/p>\n\n<\/div><\/div>\n<\/div>\n<\/div>\n\n<div class=\"gb-container gb-container-25e13d12\">\n<div class=\"gb-grid-wrapper gb-grid-wrapper-6b719bcd\">\n<div class=\"gb-grid-column gb-grid-column-bc812358\"><div class=\"gb-container gb-container-bc812358\">\n<div class=\"gb-grid-wrapper gb-grid-wrapper-24806841\">\n<div class=\"gb-grid-column gb-grid-column-228c1435\"><div class=\"gb-container gb-container-228c1435\">\n\n<figure class=\"gb-block-image gb-block-image-b1c52a58\"><img loading=\"lazy\" decoding=\"async\" width=\"500\" height=\"500\" class=\"gb-image gb-image-b1c52a58\" src=\"https:\/\/findfoodbank.org\/wp-content\/uploads\/2022\/01\/WEBSITE-Blurb-Logos-5.png\" alt=\"\" title=\"WEBSITE Blurb Logos (5)\" srcset=\"https:\/\/findfoodbank.org\/wp-content\/uploads\/2022\/01\/WEBSITE-Blurb-Logos-5.png 500w, https:\/\/findfoodbank.org\/wp-content\/uploads\/2022\/01\/WEBSITE-Blurb-Logos-5-300x300.png 300w, https:\/\/findfoodbank.org\/wp-content\/uploads\/2022\/01\/WEBSITE-Blurb-Logos-5-150x150.png 150w, https:\/\/findfoodbank.org\/wp-content\/uploads\/2022\/01\/WEBSITE-Blurb-Logos-5-12x12.png 12w, https:\/\/findfoodbank.org\/wp-content\/uploads\/2022\/01\/WEBSITE-Blurb-Logos-5-480x480.png 480w\" sizes=\"auto, (max-width: 500px) 100vw, 500px\" \/><\/figure>\n\n<\/div><\/div>\n\n<div class=\"gb-grid-column gb-grid-column-50a3f97a\"><div class=\"gb-container gb-container-50a3f97a\">\n\n<h1 class=\"gb-headline gb-headline-0a7599e0 gb-headline-text\">T\u00e0i nguy\u00ean cho Ng\u01b0\u1eddi nh\u1eadn CalFresh<\/h1>\n\n\n\n<p class=\"gb-headline gb-headline-924f4728 gb-headline-text\">T\u00ecm hi\u1ec3u c\u00e1ch CalFresh c\u00f3 th\u1ec3 b\u1ed5 sung ng\u00e2n s\u00e1ch t\u1ea1p h\u00f3a c\u1ee7a b\u1ea1n \u0111\u1ec3 gi\u00fap mua nhi\u1ec1u th\u1ef1c ph\u1ea9m l\u00e0nh m\u1ea1nh h\u01a1n.<\/p>\n\n\n\n<a class=\"stretchlink\" href=\"https:\/\/findfoodbank.org\/vi\/programs-services\/calfresh\/\"><\/a>\n\n<\/div><\/div>\n<\/div>\n<\/div><\/div>\n\n<div class=\"gb-grid-column gb-grid-column-6c760885\"><div class=\"gb-container gb-container-6c760885\">\n<div class=\"gb-grid-wrapper gb-grid-wrapper-d48b721a\">\n<div class=\"gb-grid-column gb-grid-column-f6124af2\"><div class=\"gb-container gb-container-f6124af2\">\n\n<figure class=\"gb-block-image gb-block-image-9663eb6d\"><img loading=\"lazy\" decoding=\"async\" width=\"500\" height=\"500\" class=\"gb-image gb-image-9663eb6d\" src=\"https:\/\/findfoodbank.org\/wp-content\/uploads\/2022\/01\/WEBSITE-Blurb-Logos-4.png\" alt=\"\" title=\"WEBSITE Blurb Logos (4)\" srcset=\"https:\/\/findfoodbank.org\/wp-content\/uploads\/2022\/01\/WEBSITE-Blurb-Logos-4.png 500w, https:\/\/findfoodbank.org\/wp-content\/uploads\/2022\/01\/WEBSITE-Blurb-Logos-4-300x300.png 300w, https:\/\/findfoodbank.org\/wp-content\/uploads\/2022\/01\/WEBSITE-Blurb-Logos-4-150x150.png 150w, https:\/\/findfoodbank.org\/wp-content\/uploads\/2022\/01\/WEBSITE-Blurb-Logos-4-12x12.png 12w, https:\/\/findfoodbank.org\/wp-content\/uploads\/2022\/01\/WEBSITE-Blurb-Logos-4-480x480.png 480w\" sizes=\"auto, (max-width: 500px) 100vw, 500px\" \/><\/figure>\n\n<\/div><\/div>\n\n<div class=\"gb-grid-column gb-grid-column-57bdf4b6\"><div class=\"gb-container gb-container-57bdf4b6\">\n\n<h1 class=\"gb-headline gb-headline-9d97579f gb-headline-text\">Community Health Worker Program<\/h1>\n\n\n\n<p class=\"gb-headline gb-headline-28dfef04 gb-headline-text\">Receive one-on-one application assistance for food, utilities, rent, healthcare and other programs from FIND&#8217;s outreach team.<\/p>\n\n\n\n<a class=\"stretchlink\" href=\"https:\/\/findfoodbank.org\/vi\/programs-services\/community-health-workers\/\"><\/a>\n\n<\/div><\/div>\n<\/div>\n<\/div><\/div>\n<\/div>\n<\/div>\n\n<div class=\"gb-container gb-container-dce57cd5\">\n<div class=\"gb-grid-wrapper gb-grid-wrapper-ca95816b\">\n<div class=\"gb-grid-column gb-grid-column-51c2a3fb\"><div class=\"gb-container gb-container-51c2a3fb\">\n\n<h1 class=\"gb-headline gb-headline-518d6d00 gb-headline-text\">Li\u00ean h\u1ec7 ch\u00fang t\u00f4i<\/h1>\n\n\n\n<p class=\"gb-headline gb-headline-95e7ca06 gb-headline-text\">Book an appointment with a&nbsp;<strong>T\u00ccM Ng\u01b0\u1eddi c\u1ed9ng t\u00e1c vi\u00ean CalFresh Outreach.<\/strong>&nbsp;Our trained professionals can help you apply&nbsp;to receive up to $251 a month per household member on an EBT Card.<\/p>\n\n\n\n<a class=\"stretchlink\" href=\"https:\/\/findfoodbank.org\/vi\/benefits-referral\/\"><\/a>\n\n<\/div><\/div>\n\n<div class=\"gb-grid-column gb-grid-column-d294a295\"><div class=\"gb-container gb-container-d294a295\">\n\n<h1 class=\"gb-headline gb-headline-a5dbb479 gb-headline-text\">\u00c1p d\u1ee5ng ngay b\u00e2y gi\u1edd<\/h1>\n\n\n\n<p class=\"gb-headline gb-headline-fd00f401 gb-headline-text\"><strong>\u00c1p d\u1ee5ng ngay b\u00e2y gi\u1edd<\/strong>&nbsp;N\u1ebfu b\u1ea1n c\u1ea3m th\u1ea5y tho\u1ea3i m\u00e1i khi \u0111i\u1ec1u h\u01b0\u1edbng \u0111\u01a1n \u0111\u0103ng k\u00fd CalFresh v\u00e0 g\u1eedi t\u00e0i li\u1ec7u tr\u1ef1c tuy\u1ebfn.<\/p>\n\n\n\n<a class=\"stretchlink\" href=\"https:\/\/www.getcalfresh.org\/?source=findfb\" target=\"_blank\" rel=\"noopener\"><\/a>\n\n<\/div><\/div>\n\n<div class=\"gb-grid-column gb-grid-column-690d5ac2\"><div class=\"gb-container gb-container-690d5ac2\">\n\n<h1 class=\"gb-headline gb-headline-bf04354d gb-headline-text\">C\u1ea7n gi\u00fap \u0111\u1ee1?<\/h1>\n\n\n\n<p class=\"gb-headline gb-headline-737f85c0 gb-headline-text\"><strong>Ti\u1ebfp x\u00fac<\/strong> our team of <strong>Community Health Workers (CHW)<\/strong>, for personalized help navigating benefit applications and financial assistance programs.<\/p>\n\n\n\n<a class=\"stretchlink\" href=\"https:\/\/findfoodbank.org\/vi\/programs-services\/community-health-workers\/\"><\/a>\n\n<\/div><\/div>\n<\/div>\n<\/div>\n<\/div>","protected":false},"excerpt":{"rendered":"","protected":false},"author":15,"featured_media":13061,"parent":0,"menu_order":0,"comment_status":"closed","ping_status":"closed","template":"","meta":{"_monsterinsights_skip_tracking":false,"_monsterinsights_sitenote_active":false,"_monsterinsights_sitenote_note":"","_monsterinsights_sitenote_category":0,"_price":"","_stock":"","_tribe_ticket_header":"","_tribe_default_ticket_provider":"","_tribe_ticket_capacity":"0","_ticket_start_date":"","_ticket_end_date":"","_tribe_ticket_show_description":"","_tribe_ticket_show_not_going":false,"_tribe_ticket_use_global_stock":"","_tribe_ticket_global_stock_level":"","_global_stock_mode":"","_global_stock_cap":"","_tribe_rsvp_for_event":"","_tribe_ticket_going_count":"","_tribe_ticket_not_going_count":"","_tribe_tickets_list":"[]","_tribe_ticket_has_attendee_info_fields":false,"footnotes":"","_tec_slr_enabled":"","_tec_slr_layout":""},"class_list":["post-8223","page","type-page","status-publish","has-post-thumbnail","resize-featured-image"],"yoast_head":"<!-- This site is optimized with the Yoast SEO plugin v27.3 - https:\/\/yoast.com\/product\/yoast-seo-wordpress\/ -->\n<title>Outreach Services FIND Food Bank, Outreach Food Distribution<\/title>\n<meta name=\"description\" content=\"FIND Food Bank offers a variety of program services for food-insecure residents of eastern Riverside and southern San Bernardino Counties.\" \/>\n<meta name=\"robots\" content=\"index, follow, max-snippet:-1, max-image-preview:large, max-video-preview:-1\" \/>\n<link rel=\"canonical\" href=\"https:\/\/findfoodbank.org\/vi\/outreach-services\/\" \/>\n<meta property=\"og:locale\" content=\"vi_VN\" \/>\n<meta property=\"og:type\" content=\"article\" \/>\n<meta property=\"og:title\" content=\"Outreach Services FIND Food Bank, Outreach Food Distribution\" \/>\n<meta property=\"og:description\" content=\"FIND Food Bank offers a variety of program services for food-insecure residents of eastern Riverside and southern San Bernardino Counties.\" \/>\n<meta property=\"og:url\" content=\"https:\/\/findfoodbank.org\/vi\/outreach-services\/\" \/>\n<meta property=\"og:site_name\" content=\"FIND Food Bank\" \/>\n<meta property=\"article:modified_time\" content=\"2025-04-30T16:17:08+00:00\" \/>\n<meta property=\"og:image\" content=\"https:\/\/findfoodbank.org\/wp-content\/uploads\/2024\/02\/IMG_0236-scaled.jpg\" \/>\n\t<meta property=\"og:image:width\" content=\"2560\" \/>\n\t<meta property=\"og:image:height\" content=\"1920\" \/>\n\t<meta property=\"og:image:type\" content=\"image\/jpeg\" \/>\n<meta name=\"twitter:card\" content=\"summary_large_image\" \/>\n<meta name=\"twitter:label1\" content=\"\u01af\u1edbc t\u00ednh th\u1eddi gian \u0111\u1ecdc\" \/>\n\t<meta name=\"twitter:data1\" content=\"2 ph\u00fat\" \/>\n<script type=\"application\/ld+json\" class=\"yoast-schema-graph\">{\"@context\":\"https:\\\/\\\/schema.org\",\"@graph\":[{\"@type\":\"WebPage\",\"@id\":\"https:\\\/\\\/findfoodbank.org\\\/outreach-services\\\/\",\"url\":\"https:\\\/\\\/findfoodbank.org\\\/outreach-services\\\/\",\"name\":\"Outreach Services FIND Food Bank, Outreach Food Distribution\",\"isPartOf\":{\"@id\":\"https:\\\/\\\/findfoodbank.org\\\/#website\"},\"primaryImageOfPage\":{\"@id\":\"https:\\\/\\\/findfoodbank.org\\\/outreach-services\\\/#primaryimage\"},\"image\":{\"@id\":\"https:\\\/\\\/findfoodbank.org\\\/outreach-services\\\/#primaryimage\"},\"thumbnailUrl\":\"https:\\\/\\\/findfoodbank.org\\\/wp-content\\\/uploads\\\/2024\\\/02\\\/IMG_0236-scaled.jpg\",\"datePublished\":\"2022-08-15T19:22:06+00:00\",\"dateModified\":\"2025-04-30T16:17:08+00:00\",\"description\":\"FIND Food Bank offers a variety of program services for food-insecure residents of eastern Riverside and southern San Bernardino Counties.\",\"breadcrumb\":{\"@id\":\"https:\\\/\\\/findfoodbank.org\\\/outreach-services\\\/#breadcrumb\"},\"inLanguage\":\"vi\",\"potentialAction\":[{\"@type\":\"ReadAction\",\"target\":[\"https:\\\/\\\/findfoodbank.org\\\/outreach-services\\\/\"]}]},{\"@type\":\"ImageObject\",\"inLanguage\":\"vi\",\"@id\":\"https:\\\/\\\/findfoodbank.org\\\/outreach-services\\\/#primaryimage\",\"url\":\"https:\\\/\\\/findfoodbank.org\\\/wp-content\\\/uploads\\\/2024\\\/02\\\/IMG_0236-scaled.jpg\",\"contentUrl\":\"https:\\\/\\\/findfoodbank.org\\\/wp-content\\\/uploads\\\/2024\\\/02\\\/IMG_0236-scaled.jpg\",\"width\":2560,\"height\":1920,\"caption\":\"Volunteers\"},{\"@type\":\"BreadcrumbList\",\"@id\":\"https:\\\/\\\/findfoodbank.org\\\/outreach-services\\\/#breadcrumb\",\"itemListElement\":[{\"@type\":\"ListItem\",\"position\":1,\"name\":\"Home\",\"item\":\"https:\\\/\\\/findfoodbank.org\\\/\"},{\"@type\":\"ListItem\",\"position\":2,\"name\":\"Outreach Services\"}]},{\"@type\":\"WebSite\",\"@id\":\"https:\\\/\\\/findfoodbank.org\\\/#website\",\"url\":\"https:\\\/\\\/findfoodbank.org\\\/\",\"name\":\"FIND Food Bank\",\"description\":\"The Desert's Regional Food Bank\",\"publisher\":{\"@id\":\"https:\\\/\\\/findfoodbank.org\\\/#organization\"},\"potentialAction\":[{\"@type\":\"SearchAction\",\"target\":{\"@type\":\"EntryPoint\",\"urlTemplate\":\"https:\\\/\\\/findfoodbank.org\\\/?s={search_term_string}\"},\"query-input\":{\"@type\":\"PropertyValueSpecification\",\"valueRequired\":true,\"valueName\":\"search_term_string\"}}],\"inLanguage\":\"vi\"},{\"@type\":\"Organization\",\"@id\":\"https:\\\/\\\/findfoodbank.org\\\/#organization\",\"name\":\"FIND Food Bank\",\"url\":\"https:\\\/\\\/findfoodbank.org\\\/\",\"logo\":{\"@type\":\"ImageObject\",\"inLanguage\":\"vi\",\"@id\":\"https:\\\/\\\/findfoodbank.org\\\/#\\\/schema\\\/logo\\\/image\\\/\",\"url\":\"https:\\\/\\\/findfoodbank.org\\\/wp-content\\\/uploads\\\/2025\\\/09\\\/FIND-logo25-horizontal_4c.png\",\"contentUrl\":\"https:\\\/\\\/findfoodbank.org\\\/wp-content\\\/uploads\\\/2025\\\/09\\\/FIND-logo25-horizontal_4c.png\",\"width\":1189,\"height\":373,\"caption\":\"FIND Food Bank\"},\"image\":{\"@id\":\"https:\\\/\\\/findfoodbank.org\\\/#\\\/schema\\\/logo\\\/image\\\/\"}}]}<\/script>\n<!-- \/ Yoast SEO plugin. -->","yoast_head_json":{"title":"Outreach Services FIND Food Bank, Outreach Food Distribution","description":"FIND Food Bank cung c\u1ea5p nhi\u1ec1u d\u1ecbch v\u1ee5 theo ch\u01b0\u01a1ng tr\u00ecnh kh\u00e1c nhau cho nh\u1eefng c\u01b0 d\u00e2n kh\u00f4ng an to\u00e0n v\u1ec1 th\u1ef1c ph\u1ea9m c\u1ee7a c\u00e1c Qu\u1eadn ph\u00eda \u0111\u00f4ng Riverside v\u00e0 ph\u00eda nam San Bernardino.","robots":{"index":"index","follow":"follow","max-snippet":"max-snippet:-1","max-image-preview":"max-image-preview:large","max-video-preview":"max-video-preview:-1"},"canonical":"https:\/\/findfoodbank.org\/vi\/outreach-services\/","og_locale":"vi_VN","og_type":"article","og_title":"Outreach Services FIND Food Bank, Outreach Food Distribution","og_description":"FIND Food Bank offers a variety of program services for food-insecure residents of eastern Riverside and southern San Bernardino Counties.","og_url":"https:\/\/findfoodbank.org\/vi\/outreach-services\/","og_site_name":"FIND Food Bank","article_modified_time":"2025-04-30T16:17:08+00:00","og_image":[{"width":2560,"height":1920,"url":"https:\/\/findfoodbank.org\/wp-content\/uploads\/2024\/02\/IMG_0236-scaled.jpg","type":"image\/jpeg"}],"twitter_card":"summary_large_image","twitter_misc":{"\u01af\u1edbc t\u00ednh th\u1eddi gian \u0111\u1ecdc":"2 ph\u00fat"},"schema":{"@context":"https:\/\/schema.org","@graph":[{"@type":"WebPage","@id":"https:\/\/findfoodbank.org\/outreach-services\/","url":"https:\/\/findfoodbank.org\/outreach-services\/","name":"Outreach Services FIND Food Bank, Outreach Food Distribution","isPartOf":{"@id":"https:\/\/findfoodbank.org\/#website"},"primaryImageOfPage":{"@id":"https:\/\/findfoodbank.org\/outreach-services\/#primaryimage"},"image":{"@id":"https:\/\/findfoodbank.org\/outreach-services\/#primaryimage"},"thumbnailUrl":"https:\/\/findfoodbank.org\/wp-content\/uploads\/2024\/02\/IMG_0236-scaled.jpg","datePublished":"2022-08-15T19:22:06+00:00","dateModified":"2025-04-30T16:17:08+00:00","description":"FIND Food Bank cung c\u1ea5p nhi\u1ec1u d\u1ecbch v\u1ee5 theo ch\u01b0\u01a1ng tr\u00ecnh kh\u00e1c nhau cho nh\u1eefng c\u01b0 d\u00e2n kh\u00f4ng an to\u00e0n v\u1ec1 th\u1ef1c ph\u1ea9m c\u1ee7a c\u00e1c Qu\u1eadn ph\u00eda \u0111\u00f4ng Riverside v\u00e0 ph\u00eda nam San Bernardino.","breadcrumb":{"@id":"https:\/\/findfoodbank.org\/outreach-services\/#breadcrumb"},"inLanguage":"vi","potentialAction":[{"@type":"ReadAction","target":["https:\/\/findfoodbank.org\/outreach-services\/"]}]},{"@type":"ImageObject","inLanguage":"vi","@id":"https:\/\/findfoodbank.org\/outreach-services\/#primaryimage","url":"https:\/\/findfoodbank.org\/wp-content\/uploads\/2024\/02\/IMG_0236-scaled.jpg","contentUrl":"https:\/\/findfoodbank.org\/wp-content\/uploads\/2024\/02\/IMG_0236-scaled.jpg","width":2560,"height":1920,"caption":"Volunteers"},{"@type":"BreadcrumbList","@id":"https:\/\/findfoodbank.org\/outreach-services\/#breadcrumb","itemListElement":[{"@type":"ListItem","position":1,"name":"Home","item":"https:\/\/findfoodbank.org\/"},{"@type":"ListItem","position":2,"name":"Outreach Services"}]},{"@type":"WebSite","@id":"https:\/\/findfoodbank.org\/#website","url":"https:\/\/findfoodbank.org\/","name":"T\u00ccM Ng\u00e2n h\u00e0ng Th\u1ef1c ph\u1ea9m","description":"Ng\u00e2n h\u00e0ng l\u01b0\u01a1ng th\u1ef1c khu v\u1ef1c c\u1ee7a sa m\u1ea1c","publisher":{"@id":"https:\/\/findfoodbank.org\/#organization"},"potentialAction":[{"@type":"SearchAction","target":{"@type":"EntryPoint","urlTemplate":"https:\/\/findfoodbank.org\/?s={search_term_string}"},"query-input":{"@type":"PropertyValueSpecification","valueRequired":true,"valueName":"search_term_string"}}],"inLanguage":"vi"},{"@type":"Organization","@id":"https:\/\/findfoodbank.org\/#organization","name":"T\u00ccM Ng\u00e2n h\u00e0ng Th\u1ef1c ph\u1ea9m","url":"https:\/\/findfoodbank.org\/","logo":{"@type":"ImageObject","inLanguage":"vi","@id":"https:\/\/findfoodbank.org\/#\/schema\/logo\/image\/","url":"https:\/\/findfoodbank.org\/wp-content\/uploads\/2025\/09\/FIND-logo25-horizontal_4c.png","contentUrl":"https:\/\/findfoodbank.org\/wp-content\/uploads\/2025\/09\/FIND-logo25-horizontal_4c.png","width":1189,"height":373,"caption":"FIND Food Bank"},"image":{"@id":"https:\/\/findfoodbank.org\/#\/schema\/logo\/image\/"}}]}},"ticketed":false,"_links":{"self":[{"href":"https:\/\/findfoodbank.org\/vi\/wp-json\/wp\/v2\/pages\/8223","targetHints":{"allow":["GET"]}}],"collection":[{"href":"https:\/\/findfoodbank.org\/vi\/wp-json\/wp\/v2\/pages"}],"about":[{"href":"https:\/\/findfoodbank.org\/vi\/wp-json\/wp\/v2\/types\/page"}],"author":[{"embeddable":true,"href":"https:\/\/findfoodbank.org\/vi\/wp-json\/wp\/v2\/users\/15"}],"replies":[{"embeddable":true,"href":"https:\/\/findfoodbank.org\/vi\/wp-json\/wp\/v2\/comments?post=8223"}],"version-history":[{"count":15,"href":"https:\/\/findfoodbank.org\/vi\/wp-json\/wp\/v2\/pages\/8223\/revisions"}],"predecessor-version":[{"id":15823,"href":"https:\/\/findfoodbank.org\/vi\/wp-json\/wp\/v2\/pages\/8223\/revisions\/15823"}],"wp:featuredmedia":[{"embeddable":true,"href":"https:\/\/findfoodbank.org\/vi\/wp-json\/wp\/v2\/media\/13061"}],"wp:attachment":[{"href":"https:\/\/findfoodbank.org\/vi\/wp-json\/wp\/v2\/media?parent=8223"}],"curies":[{"name":"wp","href":"https:\/\/api.w.org\/{rel}","templated":true}]}}