{"id":7511,"date":"2022-06-06T17:09:27","date_gmt":"2022-06-07T00:09:27","guid":{"rendered":"https:\/\/findfoodbank.org\/?page_id=7511"},"modified":"2025-11-04T15:41:10","modified_gmt":"2025-11-04T23:41:10","slug":"homebound-delivery-program","status":"publish","type":"page","link":"https:\/\/findfoodbank.org\/vi\/homebound-delivery-program\/","title":{"rendered":"Homebound Delivery Program"},"content":{"rendered":"<div class=\"gb-container gb-container-82c0cb99 alignfull\">\n<div class=\"gb-container gb-container-04b20b11\">\n<div class=\"gb-grid-wrapper gb-grid-wrapper-0bfd1190\">\n<div class=\"gb-grid-column gb-grid-column-ba612c08\"><div class=\"gb-container gb-container-ba612c08\">\n<nav style=\"color: #324452;\" class=\"has-text-color  is-vertical wp-block-navigation is-layout-flex wp-container-core-navigation-is-layout-8cf370e7 wp-block-navigation-is-layout-flex\" aria-label=\"Programs &amp; Services\"><ul style=\"color: #324452;\" class=\"wp-block-navigation__container has-text-color  is-vertical wp-block-navigation\"><li class=\"wp-block-navigation-item wp-block-navigation-link\"><a class=\"wp-block-navigation-item__content\"  href=\"https:\/\/findfoodbank.org\/vi\/programs-services\/community-agencies-mobile-markets\/\"><span class=\"wp-block-navigation-item__label\">\u0110\u1ea1i l\u00fd &amp; Th\u1ecb tr\u01b0\u1eddng Di \u0111\u1ed9ng<\/span><\/a><\/li><li class=\"wp-block-navigation-item wp-block-navigation-link\"><a class=\"wp-block-navigation-item__content\"  href=\"https:\/\/findfoodbank.org\/vi\/csfp\/\"><span class=\"wp-block-navigation-item__label\">Ch\u01b0\u01a1ng tr\u00ecnh Nu\u00f4i d\u01b0\u1ee1ng Ng\u01b0\u1eddi cao tu\u1ed5i<\/span><\/a><\/li><li class=\"wp-block-navigation-item wp-block-navigation-link\"><a class=\"wp-block-navigation-item__content\"  href=\"https:\/\/findfoodbank.org\/vi\/outreach-services\/\"><span class=\"wp-block-navigation-item__label\">D\u1ecbch v\u1ee5 Outreach<\/span><\/a><\/li><li class=\"wp-block-navigation-item wp-block-navigation-link\"><a class=\"wp-block-navigation-item__content\"  href=\"https:\/\/findfoodbank.org\/vi\/programs-services\/childrens-school-based-programs\/\"><span class=\"wp-block-navigation-item__label\">Children &amp; School-Based Programs<\/span><\/a><\/li><li class=\"wp-block-navigation-item wp-block-navigation-link\"><a class=\"wp-block-navigation-item__content\"  href=\"https:\/\/findfoodbank.org\/vi\/programs-services\/childrens-school-based-programs\/summer\/\"><span class=\"wp-block-navigation-item__label\">Kids Summer Market<\/span><\/a><\/li><li class=\"wp-block-navigation-item wp-block-navigation-link\"><a class=\"wp-block-navigation-item__content\"  href=\"https:\/\/findfoodbank.org\/vi\/opportunity-bank-activity-fee-scholarship\/\"><span class=\"wp-block-navigation-item__label\">Opportunity Bank <\/span><\/a><\/li><li class=\"wp-block-navigation-item wp-block-navigation-link\"><a class=\"wp-block-navigation-item__content\"  href=\"https:\/\/findfoodbank.org\/vi\/fyac\/\"><span class=\"wp-block-navigation-item__label\">FYAC<\/span><\/a><\/li><li class=\"wp-block-navigation-item wp-block-navigation-link\"><a class=\"wp-block-navigation-item__content\"  href=\"https:\/\/findfoodbank.org\/vi\/disaster-relief\/\"><span class=\"wp-block-navigation-item__label\">Disaster Relief<\/span><\/a><\/li><li class=\"wp-block-navigation-item wp-block-navigation-link\"><a class=\"wp-block-navigation-item__content\"  href=\"https:\/\/findfoodbank.org\/vi\/foodrescue\/\"><span class=\"wp-block-navigation-item__label\">Food Rescue <\/span><\/a><\/li><li class=\"wp-block-navigation-item wp-block-navigation-link\"><a class=\"wp-block-navigation-item__content\"  href=\"https:\/\/findfoodbank.org\/vi\/programs-services\/nutrition\/\"><span class=\"wp-block-navigation-item__label\">Dinh d\u01b0\u1ee1ng<\/span><\/a><\/li><li class=\"wp-block-navigation-item wp-block-navigation-link\"><a class=\"wp-block-navigation-item__content\"  href=\"https:\/\/findfoodbank.org\/vi\/programs-services\/calfresh\/\"><span class=\"wp-block-navigation-item__label\">Calfresh Benefits<\/span><\/a><\/li><li class=\"wp-block-navigation-item wp-block-navigation-link\"><a class=\"wp-block-navigation-item__content\"  href=\"https:\/\/findfoodbank.org\/vi\/programs-services\/community-health-workers\/\"><span class=\"wp-block-navigation-item__label\">Nh\u00e2n vi\u00ean Y t\u1ebf C\u1ed9ng \u0111\u1ed3ng<\/span><\/a><\/li><\/ul><\/nav>\n<\/div><\/div>\n\n<div class=\"gb-grid-column gb-grid-column-7435a6d4\"><div class=\"gb-container gb-container-7435a6d4\">\n\n<h5 class=\"gb-headline gb-headline-9e248d7b gb-headline-text\">Homebound Deliveries<\/h5>\n\n\n\n<p><span>Ng\u00e2n h\u00e0ng Th\u1ef1c ph\u1ea9m FIND \u0111\u00e3 kh\u1edfi \u0111\u1ed9ng Ch\u01b0\u01a1ng tr\u00ecnh Giao h\u00e0ng t\u1eadn nh\u00e0 v\u00e0o n\u0103m 2020 \u0111\u1ec3 \u0111\u00e1p \u1ee9ng c\u00e1c \u0111\u01a1n \u0111\u1eb7t h\u00e0ng t\u1eadn nh\u00e0 do Ti\u1ec3u bang California y\u00eau c\u1ea7u. Th\u00f4ng qua ch\u01b0\u01a1ng tr\u00ecnh n\u00e0y, c\u00e1c t\u00ecnh nguy\u1ec7n vi\u00ean s\u1eed d\u1ee5ng xe ri\u00eang c\u1ee7a h\u1ecd \u0111\u1ec3 chuy\u1ec3n 40 - 50 pound th\u1ef1c ph\u1ea9m cho c\u00e1c gia \u0111\u00ecnh v\u00e0 c\u00e1 nh\u00e2n b\u1ecb c\u00f4 l\u1eadp ho\u1eb7c kh\u00f4ng th\u1ec3 thu th\u1eadp th\u1ef1c ph\u1ea9m th\u00f4ng qua c\u00e1c \u0111i\u1ec3m ph\u00e2n ph\u1ed1i kh\u00e1c nhau trong khu v\u1ef1c. Ng\u00e2n h\u00e0ng Th\u1ef1c ph\u1ea9m FIND cam k\u1ebft ti\u1ebfp t\u1ee5c ch\u01b0\u01a1ng tr\u00ecnh n\u00e0y ngo\u00e0i \u0111\u1ea1i d\u1ecbch \u0111\u1ec3 \u0111\u1ea3m b\u1ea3o ch\u00fang t\u00f4i ph\u1ee5c v\u1ee5 t\u1ed1t nh\u1ea5t nh\u1eefng kh\u00e1ch h\u00e0ng d\u1ec5 b\u1ecb t\u1ed5n th\u01b0\u01a1ng v\u00e0 b\u1ecb c\u00f4 l\u1eadp nh\u1ea5t c\u1ee7a m\u00ecnh.<\/span><\/p>\n\n\n\n<h2 class=\"gb-headline gb-headline-0f18aa9d gb-headline-text\">Approximately, 130 homebound clients rely on FIND&#8217;s volunteers to deliver healthy groceries once a month.<\/h2>\n\n\n\n<p>Contact the Volunteer Programs Department to sign up to become a homebound delivery driver at 760-542-2176 ext. 132 or email <strong><a data-feathr-click-track=\"true\" href=\"mailto:%20volunteers@findfoodbank.org\">volunteers@findfoodbank.org<\/a><\/strong> \u00a0<\/p>\n\n<\/div><\/div>\n<\/div>\n<\/div>\n<\/div>","protected":false},"excerpt":{"rendered":"","protected":false},"author":15,"featured_media":7426,"parent":0,"menu_order":0,"comment_status":"closed","ping_status":"closed","template":"","meta":{"_monsterinsights_skip_tracking":false,"_monsterinsights_sitenote_active":false,"_monsterinsights_sitenote_note":"","_monsterinsights_sitenote_category":0,"_price":"","_stock":"","_tribe_ticket_header":"","_tribe_default_ticket_provider":"","_tribe_ticket_capacity":"0","_ticket_start_date":"","_ticket_end_date":"","_tribe_ticket_show_description":"","_tribe_ticket_show_not_going":false,"_tribe_ticket_use_global_stock":"","_tribe_ticket_global_stock_level":"","_global_stock_mode":"","_global_stock_cap":"","_tribe_rsvp_for_event":"","_tribe_ticket_going_count":"","_tribe_ticket_not_going_count":"","_tribe_tickets_list":"[]","_tribe_ticket_has_attendee_info_fields":false,"footnotes":"","_tec_slr_enabled":"","_tec_slr_layout":""},"class_list":["post-7511","page","type-page","status-publish","has-post-thumbnail","resize-featured-image"],"yoast_head":"<!-- This site is optimized with the Yoast SEO plugin v27.5 - https:\/\/yoast.com\/product\/yoast-seo-wordpress\/ -->\n<title>Homebound Delivery Program, FIND Food Bank Home Food Delivery<\/title>\n<meta name=\"description\" content=\"FIND Food Bank launched a Home Bound Delivery Program in 2020 in response to the stay-at-home orders mandated by the State of California.\" \/>\n<meta name=\"robots\" content=\"index, follow, max-snippet:-1, max-image-preview:large, max-video-preview:-1\" \/>\n<link rel=\"canonical\" href=\"https:\/\/findfoodbank.org\/vi\/homebound-delivery-program\/\" \/>\n<meta property=\"og:locale\" content=\"vi_VN\" \/>\n<meta property=\"og:type\" content=\"article\" \/>\n<meta property=\"og:title\" content=\"Homebound Delivery Program, FIND Food Bank Home Food Delivery\" \/>\n<meta property=\"og:description\" content=\"FIND Food Bank launched a Home Bound Delivery Program in 2020 in response to the stay-at-home orders mandated by the State of California.\" \/>\n<meta property=\"og:url\" content=\"https:\/\/findfoodbank.org\/vi\/homebound-delivery-program\/\" \/>\n<meta property=\"og:site_name\" content=\"FIND Food Bank\" \/>\n<meta property=\"article:modified_time\" content=\"2025-11-04T23:41:10+00:00\" \/>\n<meta property=\"og:image\" content=\"https:\/\/findfoodbank.org\/wp-content\/uploads\/2022\/06\/Jane-Bright-scaled.jpg\" \/>\n\t<meta property=\"og:image:width\" content=\"2560\" \/>\n\t<meta property=\"og:image:height\" content=\"1707\" \/>\n\t<meta property=\"og:image:type\" content=\"image\/jpeg\" \/>\n<meta name=\"twitter:card\" content=\"summary_large_image\" \/>\n<meta name=\"twitter:label1\" content=\"\u01af\u1edbc t\u00ednh th\u1eddi gian \u0111\u1ecdc\" \/>\n\t<meta name=\"twitter:data1\" content=\"1 ph\u00fat\" \/>\n<script type=\"application\/ld+json\" class=\"yoast-schema-graph\">{\"@context\":\"https:\\\/\\\/schema.org\",\"@graph\":[{\"@type\":\"WebPage\",\"@id\":\"https:\\\/\\\/findfoodbank.org\\\/homebound-delivery-program\\\/\",\"url\":\"https:\\\/\\\/findfoodbank.org\\\/homebound-delivery-program\\\/\",\"name\":\"Homebound Delivery Program, FIND Food Bank Home Food Delivery\",\"isPartOf\":{\"@id\":\"https:\\\/\\\/findfoodbank.org\\\/#website\"},\"primaryImageOfPage\":{\"@id\":\"https:\\\/\\\/findfoodbank.org\\\/homebound-delivery-program\\\/#primaryimage\"},\"image\":{\"@id\":\"https:\\\/\\\/findfoodbank.org\\\/homebound-delivery-program\\\/#primaryimage\"},\"thumbnailUrl\":\"https:\\\/\\\/findfoodbank.org\\\/wp-content\\\/uploads\\\/2022\\\/06\\\/Jane-Bright-scaled.jpg\",\"datePublished\":\"2022-06-07T00:09:27+00:00\",\"dateModified\":\"2025-11-04T23:41:10+00:00\",\"description\":\"FIND Food Bank launched a Home Bound Delivery Program in 2020 in response to the stay-at-home orders mandated by the State of California.\",\"breadcrumb\":{\"@id\":\"https:\\\/\\\/findfoodbank.org\\\/homebound-delivery-program\\\/#breadcrumb\"},\"inLanguage\":\"vi\",\"potentialAction\":[{\"@type\":\"ReadAction\",\"target\":[\"https:\\\/\\\/findfoodbank.org\\\/homebound-delivery-program\\\/\"]}]},{\"@type\":\"ImageObject\",\"inLanguage\":\"vi\",\"@id\":\"https:\\\/\\\/findfoodbank.org\\\/homebound-delivery-program\\\/#primaryimage\",\"url\":\"https:\\\/\\\/findfoodbank.org\\\/wp-content\\\/uploads\\\/2022\\\/06\\\/Jane-Bright-scaled.jpg\",\"contentUrl\":\"https:\\\/\\\/findfoodbank.org\\\/wp-content\\\/uploads\\\/2022\\\/06\\\/Jane-Bright-scaled.jpg\",\"width\":2560,\"height\":1707},{\"@type\":\"BreadcrumbList\",\"@id\":\"https:\\\/\\\/findfoodbank.org\\\/homebound-delivery-program\\\/#breadcrumb\",\"itemListElement\":[{\"@type\":\"ListItem\",\"position\":1,\"name\":\"Home\",\"item\":\"https:\\\/\\\/findfoodbank.org\\\/\"},{\"@type\":\"ListItem\",\"position\":2,\"name\":\"Homebound Delivery Program\"}]},{\"@type\":\"WebSite\",\"@id\":\"https:\\\/\\\/findfoodbank.org\\\/#website\",\"url\":\"https:\\\/\\\/findfoodbank.org\\\/\",\"name\":\"FIND Food Bank\",\"description\":\"The Desert's Regional Food Bank\",\"publisher\":{\"@id\":\"https:\\\/\\\/findfoodbank.org\\\/#organization\"},\"potentialAction\":[{\"@type\":\"SearchAction\",\"target\":{\"@type\":\"EntryPoint\",\"urlTemplate\":\"https:\\\/\\\/findfoodbank.org\\\/?s={search_term_string}\"},\"query-input\":{\"@type\":\"PropertyValueSpecification\",\"valueRequired\":true,\"valueName\":\"search_term_string\"}}],\"inLanguage\":\"vi\"},{\"@type\":\"Organization\",\"@id\":\"https:\\\/\\\/findfoodbank.org\\\/#organization\",\"name\":\"FIND Food Bank\",\"url\":\"https:\\\/\\\/findfoodbank.org\\\/\",\"logo\":{\"@type\":\"ImageObject\",\"inLanguage\":\"vi\",\"@id\":\"https:\\\/\\\/findfoodbank.org\\\/#\\\/schema\\\/logo\\\/image\\\/\",\"url\":\"https:\\\/\\\/findfoodbank.org\\\/wp-content\\\/uploads\\\/2025\\\/09\\\/FIND-logo25-horizontal_4c.png\",\"contentUrl\":\"https:\\\/\\\/findfoodbank.org\\\/wp-content\\\/uploads\\\/2025\\\/09\\\/FIND-logo25-horizontal_4c.png\",\"width\":1189,\"height\":373,\"caption\":\"FIND Food Bank\"},\"image\":{\"@id\":\"https:\\\/\\\/findfoodbank.org\\\/#\\\/schema\\\/logo\\\/image\\\/\"}}]}<\/script>\n<!-- \/ Yoast SEO plugin. -->","yoast_head_json":{"title":"Homebound Delivery Program, FIND Food Bank Home Food Delivery","description":"FIND Food Bank launched a Home Bound Delivery Program in 2020 in response to the stay-at-home orders mandated by the State of California.","robots":{"index":"index","follow":"follow","max-snippet":"max-snippet:-1","max-image-preview":"max-image-preview:large","max-video-preview":"max-video-preview:-1"},"canonical":"https:\/\/findfoodbank.org\/vi\/homebound-delivery-program\/","og_locale":"vi_VN","og_type":"article","og_title":"Homebound Delivery Program, FIND Food Bank Home Food Delivery","og_description":"FIND Food Bank launched a Home Bound Delivery Program in 2020 in response to the stay-at-home orders mandated by the State of California.","og_url":"https:\/\/findfoodbank.org\/vi\/homebound-delivery-program\/","og_site_name":"FIND Food Bank","article_modified_time":"2025-11-04T23:41:10+00:00","og_image":[{"width":2560,"height":1707,"url":"https:\/\/findfoodbank.org\/wp-content\/uploads\/2022\/06\/Jane-Bright-scaled.jpg","type":"image\/jpeg"}],"twitter_card":"summary_large_image","twitter_misc":{"\u01af\u1edbc t\u00ednh th\u1eddi gian \u0111\u1ecdc":"1 ph\u00fat"},"schema":{"@context":"https:\/\/schema.org","@graph":[{"@type":"WebPage","@id":"https:\/\/findfoodbank.org\/homebound-delivery-program\/","url":"https:\/\/findfoodbank.org\/homebound-delivery-program\/","name":"Homebound Delivery Program, FIND Food Bank Home Food Delivery","isPartOf":{"@id":"https:\/\/findfoodbank.org\/#website"},"primaryImageOfPage":{"@id":"https:\/\/findfoodbank.org\/homebound-delivery-program\/#primaryimage"},"image":{"@id":"https:\/\/findfoodbank.org\/homebound-delivery-program\/#primaryimage"},"thumbnailUrl":"https:\/\/findfoodbank.org\/wp-content\/uploads\/2022\/06\/Jane-Bright-scaled.jpg","datePublished":"2022-06-07T00:09:27+00:00","dateModified":"2025-11-04T23:41:10+00:00","description":"FIND Food Bank launched a Home Bound Delivery Program in 2020 in response to the stay-at-home orders mandated by the State of California.","breadcrumb":{"@id":"https:\/\/findfoodbank.org\/homebound-delivery-program\/#breadcrumb"},"inLanguage":"vi","potentialAction":[{"@type":"ReadAction","target":["https:\/\/findfoodbank.org\/homebound-delivery-program\/"]}]},{"@type":"ImageObject","inLanguage":"vi","@id":"https:\/\/findfoodbank.org\/homebound-delivery-program\/#primaryimage","url":"https:\/\/findfoodbank.org\/wp-content\/uploads\/2022\/06\/Jane-Bright-scaled.jpg","contentUrl":"https:\/\/findfoodbank.org\/wp-content\/uploads\/2022\/06\/Jane-Bright-scaled.jpg","width":2560,"height":1707},{"@type":"BreadcrumbList","@id":"https:\/\/findfoodbank.org\/homebound-delivery-program\/#breadcrumb","itemListElement":[{"@type":"ListItem","position":1,"name":"Home","item":"https:\/\/findfoodbank.org\/"},{"@type":"ListItem","position":2,"name":"Homebound Delivery Program"}]},{"@type":"WebSite","@id":"https:\/\/findfoodbank.org\/#website","url":"https:\/\/findfoodbank.org\/","name":"T\u00ccM Ng\u00e2n h\u00e0ng Th\u1ef1c ph\u1ea9m","description":"Ng\u00e2n h\u00e0ng l\u01b0\u01a1ng th\u1ef1c khu v\u1ef1c c\u1ee7a sa m\u1ea1c","publisher":{"@id":"https:\/\/findfoodbank.org\/#organization"},"potentialAction":[{"@type":"SearchAction","target":{"@type":"EntryPoint","urlTemplate":"https:\/\/findfoodbank.org\/?s={search_term_string}"},"query-input":{"@type":"PropertyValueSpecification","valueRequired":true,"valueName":"search_term_string"}}],"inLanguage":"vi"},{"@type":"Organization","@id":"https:\/\/findfoodbank.org\/#organization","name":"T\u00ccM Ng\u00e2n h\u00e0ng Th\u1ef1c ph\u1ea9m","url":"https:\/\/findfoodbank.org\/","logo":{"@type":"ImageObject","inLanguage":"vi","@id":"https:\/\/findfoodbank.org\/#\/schema\/logo\/image\/","url":"https:\/\/findfoodbank.org\/wp-content\/uploads\/2025\/09\/FIND-logo25-horizontal_4c.png","contentUrl":"https:\/\/findfoodbank.org\/wp-content\/uploads\/2025\/09\/FIND-logo25-horizontal_4c.png","width":1189,"height":373,"caption":"FIND Food Bank"},"image":{"@id":"https:\/\/findfoodbank.org\/#\/schema\/logo\/image\/"}}]}},"ticketed":false,"_links":{"self":[{"href":"https:\/\/findfoodbank.org\/vi\/wp-json\/wp\/v2\/pages\/7511","targetHints":{"allow":["GET"]}}],"collection":[{"href":"https:\/\/findfoodbank.org\/vi\/wp-json\/wp\/v2\/pages"}],"about":[{"href":"https:\/\/findfoodbank.org\/vi\/wp-json\/wp\/v2\/types\/page"}],"author":[{"embeddable":true,"href":"https:\/\/findfoodbank.org\/vi\/wp-json\/wp\/v2\/users\/15"}],"replies":[{"embeddable":true,"href":"https:\/\/findfoodbank.org\/vi\/wp-json\/wp\/v2\/comments?post=7511"}],"version-history":[{"count":12,"href":"https:\/\/findfoodbank.org\/vi\/wp-json\/wp\/v2\/pages\/7511\/revisions"}],"predecessor-version":[{"id":17026,"href":"https:\/\/findfoodbank.org\/vi\/wp-json\/wp\/v2\/pages\/7511\/revisions\/17026"}],"wp:featuredmedia":[{"embeddable":true,"href":"https:\/\/findfoodbank.org\/vi\/wp-json\/wp\/v2\/media\/7426"}],"wp:attachment":[{"href":"https:\/\/findfoodbank.org\/vi\/wp-json\/wp\/v2\/media?parent=7511"}],"curies":[{"name":"wp","href":"https:\/\/api.w.org\/{rel}","templated":true}]}}