{"id":7083,"date":"2022-05-13T15:44:03","date_gmt":"2022-05-13T22:44:03","guid":{"rendered":"https:\/\/findfoodbank.org\/?page_id=7083"},"modified":"2023-09-23T01:44:38","modified_gmt":"2023-09-23T08:44:38","slug":"climate-action-corps-fellow-program","status":"publish","type":"page","link":"https:\/\/findfoodbank.org\/vi\/climate-action-corps-fellow-program\/","title":{"rendered":"Climate Action Corps Fellow Program"},"content":{"rendered":"<div class=\"gb-container gb-container-c9457a0f alignfull\">\n<div class=\"gb-container gb-container-df9df1dd\">\n<div class=\"gb-grid-wrapper gb-grid-wrapper-eade2a90\">\n<div class=\"gb-grid-column gb-grid-column-46faade3\"><div class=\"gb-container gb-container-46faade3\">\n<nav style=\"color: #324452;\" class=\"has-text-color  is-vertical wp-block-navigation is-layout-flex wp-container-core-navigation-is-layout-8cf370e7 wp-block-navigation-is-layout-flex\" aria-label=\"About Us\"><ul style=\"color: #324452;\" class=\"wp-block-navigation__container has-text-color  is-vertical wp-block-navigation\"><li class=\"wp-block-navigation-item wp-block-navigation-link\"><a class=\"wp-block-navigation-item__content\"  href=\"https:\/\/findfoodbank.org\/vi\/about-us\/\"><span class=\"wp-block-navigation-item__label\">V\u1ec1 ch\u00fang t\u00f4i<\/span><\/a><\/li><li class=\"wp-block-navigation-item wp-block-navigation-link\"><a class=\"wp-block-navigation-item__content\"  href=\"https:\/\/findfoodbank.org\/vi\/what-we-do\/\"><span class=\"wp-block-navigation-item__label\">Ch\u00fang ta l\u00e0m g\u00ec<\/span><\/a><\/li><li class=\"wp-block-navigation-item wp-block-navigation-link\"><a class=\"wp-block-navigation-item__content\"  href=\"https:\/\/findfoodbank.org\/vi\/mission-vision\/\"><span class=\"wp-block-navigation-item__label\">Mission, Vision, Values<\/span><\/a><\/li><li class=\"wp-block-navigation-item wp-block-navigation-link\"><a class=\"wp-block-navigation-item__content\"  href=\"https:\/\/findfoodbank.org\/vi\/?page_id=13389\"><span class=\"wp-block-navigation-item__label\">Expansion<\/span><\/a><\/li><li class=\"wp-block-navigation-item wp-block-navigation-link\"><a class=\"wp-block-navigation-item__content\"  href=\"https:\/\/findfoodbank.org\/vi\/our-team\/\"><span class=\"wp-block-navigation-item__label\">\u0110\u1ed9i c\u1ee7a ch\u00fang t\u00f4i<\/span><\/a><\/li><li class=\"wp-block-navigation-item wp-block-navigation-link\"><a class=\"wp-block-navigation-item__content\"  href=\"https:\/\/findfoodbank.org\/vi\/locations\/\"><span class=\"wp-block-navigation-item__label\">Events<\/span><\/a><\/li><li class=\"wp-block-navigation-item wp-block-navigation-link\"><a class=\"wp-block-navigation-item__content\"  href=\"https:\/\/findfoodbank.org\/vi\/about-us\/hunger-in-our-community\/\"><span class=\"wp-block-navigation-item__label\">\u0110\u00f3i trong c\u1ed9ng \u0111\u1ed3ng c\u1ee7a ch\u00fang t\u00f4i<\/span><\/a><\/li><li class=\"wp-block-navigation-item wp-block-navigation-link\"><a class=\"wp-block-navigation-item__content\"  href=\"https:\/\/findfoodbank.org\/vi\/find-in-the-news\/\"><span class=\"wp-block-navigation-item__label\">FIND in the News<\/span><\/a><\/li><li class=\"wp-block-navigation-item wp-block-navigation-link\"><a class=\"wp-block-navigation-item__content\"  href=\"https:\/\/findfoodbank.org\/vi\/about-us\/annual-reports-financials\/\"><span class=\"wp-block-navigation-item__label\">B\u00e1o c\u00e1o h\u00e0ng n\u0103m &amp; T\u00e0i ch\u00ednh<\/span><\/a><\/li><li class=\"wp-block-navigation-item wp-block-navigation-link\"><a class=\"wp-block-navigation-item__content\"  href=\"https:\/\/findfoodbank.org\/vi\/annual-report-2021-22\/\"><span class=\"wp-block-navigation-item__label\">Annual Report 2022-23<\/span><\/a><\/li><li class=\"wp-block-navigation-item wp-block-navigation-link\"><a class=\"wp-block-navigation-item__content\"  href=\"https:\/\/findfoodbank.org\/vi\/history\/\"><span class=\"wp-block-navigation-item__label\">M\u00f4n l\u1ecbch s\u1eed<\/span><\/a><\/li><li class=\"wp-block-navigation-item wp-block-navigation-link\"><a class=\"wp-block-navigation-item__content\"  href=\"https:\/\/findfoodbank.org\/vi\/newsletter\/\"><span class=\"wp-block-navigation-item__label\">B\u1ea3n tin<\/span><\/a><\/li><\/ul><\/nav>\n<\/div><\/div>\n\n<div class=\"gb-grid-column gb-grid-column-cde5fe22\"><div class=\"gb-container gb-container-cde5fe22\">\n\n<figure class=\"gb-block-image gb-block-image-1071553f\"><img loading=\"lazy\" decoding=\"async\" width=\"1070\" height=\"236\" class=\"gb-image gb-image-1071553f\" src=\"https:\/\/findfoodbank.org\/wp-content\/uploads\/2022\/05\/Climate-Action-Corps-e1652481560560.jpg\" srcset=\"https:\/\/findfoodbank.org\/wp-content\/uploads\/2022\/05\/Climate-Action-Corps-e1652481560560.jpg 1070w, https:\/\/findfoodbank.org\/wp-content\/uploads\/2022\/05\/Climate-Action-Corps-e1652481560560-300x66.jpg 300w, https:\/\/findfoodbank.org\/wp-content\/uploads\/2022\/05\/Climate-Action-Corps-e1652481560560-1024x226.jpg 1024w, https:\/\/findfoodbank.org\/wp-content\/uploads\/2022\/05\/Climate-Action-Corps-e1652481560560-768x169.jpg 768w, https:\/\/findfoodbank.org\/wp-content\/uploads\/2022\/05\/Climate-Action-Corps-e1652481560560-18x4.jpg 18w\" sizes=\"auto, (max-width: 1070px) 100vw, 1070px\" \/><\/figure>\n\n\n\n<p>You can help fight climate change, hunger, and food waste all while serving those in need in our local communities! California Volunteers Office of the Governor and FIND Food Bank are pairing up again to bring the next generation to the frontlines of the problems facing our planet allowing them to become part of the solution.<\/p>\n\n\n\n<p>Apply to be a Fellow in the AmeriCorps California Climate Action Corps program and serve as a Fellow for 11 months at FIND Food Bank. Commit to a year of service and receive monthly stipends working on local climate action goals and projects to make a greater impact on the communities we serve.<\/p>\n\n\n\n<p>California Volunteers created the California Climate Action Corps program to advance climate actions that engage community members, cultivate change, and leave a lasting impact. Activities include volunteer engagement, assessment, and education projects. Fellows will assist FIND Food Bank with organic waste and food recovery efforts by participating in projects that will increase volunteer engagement and food recovery efforts. <\/p>\n\n\n\n<p><span style=\"font-size: x-large;\">Learn more and apply today:\u00a0<strong><a data-feathr-click-track=\"true\" href=\"https:\/\/www.californiavolunteers.ca.gov\/climateactioncorps\/\" target=\"_blank\" rel=\"noopener\">ClimateActionCorps.ca.gov<\/a><\/strong><\/span> \u00a0<\/p>\n\n\n\n<p>Click here for the full position description: <\/p>\n\n\n\n<p><strong><a data-feathr-click-track=\"true\" href=\"https:\/\/findfoodbank.org\/wp-content\/uploads\/2022\/05\/Climate-Action-Corps-Full-Time-Position-FIND-Food-Bank.pdf\" rel=\"attachment wp-att-7073\">Climate Action Corps Full-Time Position &#8211; FIND Food Bank<\/a><\/strong><\/p>\n\n\n\n<figure class=\"gb-block-image gb-block-image-1380d064\"><img loading=\"lazy\" decoding=\"async\" width=\"1545\" height=\"2000\" class=\"gb-image gb-image-1380d064\" src=\"https:\/\/findfoodbank.org\/wp-content\/uploads\/2022\/05\/CCAC-22-23-Flyer-Fellows-002.png\" srcset=\"https:\/\/findfoodbank.org\/wp-content\/uploads\/2022\/05\/CCAC-22-23-Flyer-Fellows-002.png 1545w, https:\/\/findfoodbank.org\/wp-content\/uploads\/2022\/05\/CCAC-22-23-Flyer-Fellows-002-232x300.png 232w, https:\/\/findfoodbank.org\/wp-content\/uploads\/2022\/05\/CCAC-22-23-Flyer-Fellows-002-791x1024.png 791w, https:\/\/findfoodbank.org\/wp-content\/uploads\/2022\/05\/CCAC-22-23-Flyer-Fellows-002-768x994.png 768w, https:\/\/findfoodbank.org\/wp-content\/uploads\/2022\/05\/CCAC-22-23-Flyer-Fellows-002-1187x1536.png 1187w, https:\/\/findfoodbank.org\/wp-content\/uploads\/2022\/05\/CCAC-22-23-Flyer-Fellows-002-9x12.png 9w, https:\/\/findfoodbank.org\/wp-content\/uploads\/2022\/05\/CCAC-22-23-Flyer-Fellows-002-1080x1398.png 1080w, https:\/\/findfoodbank.org\/wp-content\/uploads\/2022\/05\/CCAC-22-23-Flyer-Fellows-002-1280x1657.png 1280w, https:\/\/findfoodbank.org\/wp-content\/uploads\/2022\/05\/CCAC-22-23-Flyer-Fellows-002-980x1269.png 980w, https:\/\/findfoodbank.org\/wp-content\/uploads\/2022\/05\/CCAC-22-23-Flyer-Fellows-002-480x621.png 480w\" sizes=\"auto, (max-width: 1545px) 100vw, 1545px\" \/><\/figure>\n\n<\/div><\/div>\n<\/div>\n<\/div>\n<\/div>","protected":false},"excerpt":{"rendered":"","protected":false},"author":15,"featured_media":7084,"parent":0,"menu_order":0,"comment_status":"closed","ping_status":"closed","template":"","meta":{"_monsterinsights_skip_tracking":false,"_monsterinsights_sitenote_active":false,"_monsterinsights_sitenote_note":"","_monsterinsights_sitenote_category":0,"_price":"","_stock":"","_tribe_ticket_header":"","_tribe_default_ticket_provider":"","_tribe_ticket_capacity":"0","_ticket_start_date":"","_ticket_end_date":"","_tribe_ticket_show_description":"","_tribe_ticket_show_not_going":false,"_tribe_ticket_use_global_stock":"","_tribe_ticket_global_stock_level":"","_global_stock_mode":"","_global_stock_cap":"","_tribe_rsvp_for_event":"","_tribe_ticket_going_count":"","_tribe_ticket_not_going_count":"","_tribe_tickets_list":"[]","_tribe_ticket_has_attendee_info_fields":false,"footnotes":"","_tec_slr_enabled":"","_tec_slr_layout":""},"class_list":["post-7083","page","type-page","status-publish","has-post-thumbnail","resize-featured-image"],"yoast_head":"<!-- This site is optimized with the Yoast SEO plugin v27.4 - https:\/\/yoast.com\/product\/yoast-seo-wordpress\/ -->\n<title>Climate Action Corps Fellow Program, FIND Food Bank Desert<\/title>\n<meta name=\"description\" content=\"You can help fight climate change, hunger, and food waste all while serving those in need in our local communities! California Volunteers Office.\" \/>\n<meta name=\"robots\" content=\"index, follow, max-snippet:-1, max-image-preview:large, max-video-preview:-1\" \/>\n<link rel=\"canonical\" href=\"http:\/\/seodevsite.com\/foodbank\/climate-action-corps-fellow-program\/\" \/>\n<meta property=\"og:locale\" content=\"vi_VN\" \/>\n<meta property=\"og:type\" content=\"article\" \/>\n<meta property=\"og:title\" content=\"Climate Action Corps Fellow Program, FIND Food Bank Desert\" \/>\n<meta property=\"og:description\" content=\"You can help fight climate change, hunger, and food waste all while serving those in need in our local communities! California Volunteers Office.\" \/>\n<meta property=\"og:url\" content=\"http:\/\/seodevsite.com\/foodbank\/climate-action-corps-fellow-program\/\" \/>\n<meta property=\"og:site_name\" content=\"FIND Food Bank\" \/>\n<meta property=\"article:modified_time\" content=\"2023-09-23T08:44:38+00:00\" \/>\n<meta property=\"og:image\" content=\"http:\/\/seodevsite.com\/foodbank\/wp-content\/uploads\/2022\/05\/Climate-Action-Corps-Post-scaled.jpg\" \/>\n\t<meta property=\"og:image:width\" content=\"2560\" \/>\n\t<meta property=\"og:image:height\" content=\"1707\" \/>\n\t<meta property=\"og:image:type\" content=\"image\/jpeg\" \/>\n<meta name=\"twitter:card\" content=\"summary_large_image\" \/>\n<meta name=\"twitter:label1\" content=\"\u01af\u1edbc t\u00ednh th\u1eddi gian \u0111\u1ecdc\" \/>\n\t<meta name=\"twitter:data1\" content=\"2 ph\u00fat\" \/>\n<script type=\"application\/ld+json\" class=\"yoast-schema-graph\">{\"@context\":\"https:\\\/\\\/schema.org\",\"@graph\":[{\"@type\":\"WebPage\",\"@id\":\"http:\\\/\\\/seodevsite.com\\\/foodbank\\\/climate-action-corps-fellow-program\\\/\",\"url\":\"http:\\\/\\\/seodevsite.com\\\/foodbank\\\/climate-action-corps-fellow-program\\\/\",\"name\":\"Climate Action Corps Fellow Program, FIND Food Bank Desert\",\"isPartOf\":{\"@id\":\"https:\\\/\\\/findfoodbank.org\\\/#website\"},\"primaryImageOfPage\":{\"@id\":\"http:\\\/\\\/seodevsite.com\\\/foodbank\\\/climate-action-corps-fellow-program\\\/#primaryimage\"},\"image\":{\"@id\":\"http:\\\/\\\/seodevsite.com\\\/foodbank\\\/climate-action-corps-fellow-program\\\/#primaryimage\"},\"thumbnailUrl\":\"https:\\\/\\\/findfoodbank.org\\\/wp-content\\\/uploads\\\/2022\\\/05\\\/Climate-Action-Corps-Post-scaled.jpg\",\"datePublished\":\"2022-05-13T22:44:03+00:00\",\"dateModified\":\"2023-09-23T08:44:38+00:00\",\"description\":\"You can help fight climate change, hunger, and food waste all while serving those in need in our local communities! California Volunteers Office.\",\"breadcrumb\":{\"@id\":\"http:\\\/\\\/seodevsite.com\\\/foodbank\\\/climate-action-corps-fellow-program\\\/#breadcrumb\"},\"inLanguage\":\"vi\",\"potentialAction\":[{\"@type\":\"ReadAction\",\"target\":[\"http:\\\/\\\/seodevsite.com\\\/foodbank\\\/climate-action-corps-fellow-program\\\/\"]}]},{\"@type\":\"ImageObject\",\"inLanguage\":\"vi\",\"@id\":\"http:\\\/\\\/seodevsite.com\\\/foodbank\\\/climate-action-corps-fellow-program\\\/#primaryimage\",\"url\":\"https:\\\/\\\/findfoodbank.org\\\/wp-content\\\/uploads\\\/2022\\\/05\\\/Climate-Action-Corps-Post-scaled.jpg\",\"contentUrl\":\"https:\\\/\\\/findfoodbank.org\\\/wp-content\\\/uploads\\\/2022\\\/05\\\/Climate-Action-Corps-Post-scaled.jpg\",\"width\":2560,\"height\":1707},{\"@type\":\"BreadcrumbList\",\"@id\":\"http:\\\/\\\/seodevsite.com\\\/foodbank\\\/climate-action-corps-fellow-program\\\/#breadcrumb\",\"itemListElement\":[{\"@type\":\"ListItem\",\"position\":1,\"name\":\"Home\",\"item\":\"https:\\\/\\\/findfoodbank.org\\\/\"},{\"@type\":\"ListItem\",\"position\":2,\"name\":\"Climate Action Corps Fellow Program\"}]},{\"@type\":\"WebSite\",\"@id\":\"https:\\\/\\\/findfoodbank.org\\\/#website\",\"url\":\"https:\\\/\\\/findfoodbank.org\\\/\",\"name\":\"FIND Food Bank\",\"description\":\"The Desert's Regional Food Bank\",\"publisher\":{\"@id\":\"https:\\\/\\\/findfoodbank.org\\\/#organization\"},\"potentialAction\":[{\"@type\":\"SearchAction\",\"target\":{\"@type\":\"EntryPoint\",\"urlTemplate\":\"https:\\\/\\\/findfoodbank.org\\\/?s={search_term_string}\"},\"query-input\":{\"@type\":\"PropertyValueSpecification\",\"valueRequired\":true,\"valueName\":\"search_term_string\"}}],\"inLanguage\":\"vi\"},{\"@type\":\"Organization\",\"@id\":\"https:\\\/\\\/findfoodbank.org\\\/#organization\",\"name\":\"FIND Food Bank\",\"url\":\"https:\\\/\\\/findfoodbank.org\\\/\",\"logo\":{\"@type\":\"ImageObject\",\"inLanguage\":\"vi\",\"@id\":\"https:\\\/\\\/findfoodbank.org\\\/#\\\/schema\\\/logo\\\/image\\\/\",\"url\":\"https:\\\/\\\/findfoodbank.org\\\/wp-content\\\/uploads\\\/2025\\\/09\\\/FIND-logo25-horizontal_4c.png\",\"contentUrl\":\"https:\\\/\\\/findfoodbank.org\\\/wp-content\\\/uploads\\\/2025\\\/09\\\/FIND-logo25-horizontal_4c.png\",\"width\":1189,\"height\":373,\"caption\":\"FIND Food Bank\"},\"image\":{\"@id\":\"https:\\\/\\\/findfoodbank.org\\\/#\\\/schema\\\/logo\\\/image\\\/\"}}]}<\/script>\n<!-- \/ Yoast SEO plugin. -->","yoast_head_json":{"title":"Climate Action Corps Fellow Program, FIND Food Bank Desert","description":"You can help fight climate change, hunger, and food waste all while serving those in need in our local communities! California Volunteers Office.","robots":{"index":"index","follow":"follow","max-snippet":"max-snippet:-1","max-image-preview":"max-image-preview:large","max-video-preview":"max-video-preview:-1"},"canonical":"http:\/\/seodevsite.com\/foodbank\/climate-action-corps-fellow-program\/","og_locale":"vi_VN","og_type":"article","og_title":"Climate Action Corps Fellow Program, FIND Food Bank Desert","og_description":"You can help fight climate change, hunger, and food waste all while serving those in need in our local communities! California Volunteers Office.","og_url":"http:\/\/seodevsite.com\/foodbank\/climate-action-corps-fellow-program\/","og_site_name":"FIND Food Bank","article_modified_time":"2023-09-23T08:44:38+00:00","og_image":[{"width":2560,"height":1707,"url":"http:\/\/seodevsite.com\/foodbank\/wp-content\/uploads\/2022\/05\/Climate-Action-Corps-Post-scaled.jpg","type":"image\/jpeg"}],"twitter_card":"summary_large_image","twitter_misc":{"\u01af\u1edbc t\u00ednh th\u1eddi gian \u0111\u1ecdc":"2 ph\u00fat"},"schema":{"@context":"https:\/\/schema.org","@graph":[{"@type":"WebPage","@id":"http:\/\/seodevsite.com\/foodbank\/climate-action-corps-fellow-program\/","url":"http:\/\/seodevsite.com\/foodbank\/climate-action-corps-fellow-program\/","name":"Climate Action Corps Fellow Program, FIND Food Bank Desert","isPartOf":{"@id":"https:\/\/findfoodbank.org\/#website"},"primaryImageOfPage":{"@id":"http:\/\/seodevsite.com\/foodbank\/climate-action-corps-fellow-program\/#primaryimage"},"image":{"@id":"http:\/\/seodevsite.com\/foodbank\/climate-action-corps-fellow-program\/#primaryimage"},"thumbnailUrl":"https:\/\/findfoodbank.org\/wp-content\/uploads\/2022\/05\/Climate-Action-Corps-Post-scaled.jpg","datePublished":"2022-05-13T22:44:03+00:00","dateModified":"2023-09-23T08:44:38+00:00","description":"You can help fight climate change, hunger, and food waste all while serving those in need in our local communities! California Volunteers Office.","breadcrumb":{"@id":"http:\/\/seodevsite.com\/foodbank\/climate-action-corps-fellow-program\/#breadcrumb"},"inLanguage":"vi","potentialAction":[{"@type":"ReadAction","target":["http:\/\/seodevsite.com\/foodbank\/climate-action-corps-fellow-program\/"]}]},{"@type":"ImageObject","inLanguage":"vi","@id":"http:\/\/seodevsite.com\/foodbank\/climate-action-corps-fellow-program\/#primaryimage","url":"https:\/\/findfoodbank.org\/wp-content\/uploads\/2022\/05\/Climate-Action-Corps-Post-scaled.jpg","contentUrl":"https:\/\/findfoodbank.org\/wp-content\/uploads\/2022\/05\/Climate-Action-Corps-Post-scaled.jpg","width":2560,"height":1707},{"@type":"BreadcrumbList","@id":"http:\/\/seodevsite.com\/foodbank\/climate-action-corps-fellow-program\/#breadcrumb","itemListElement":[{"@type":"ListItem","position":1,"name":"Home","item":"https:\/\/findfoodbank.org\/"},{"@type":"ListItem","position":2,"name":"Climate Action Corps Fellow Program"}]},{"@type":"WebSite","@id":"https:\/\/findfoodbank.org\/#website","url":"https:\/\/findfoodbank.org\/","name":"T\u00ccM Ng\u00e2n h\u00e0ng Th\u1ef1c ph\u1ea9m","description":"Ng\u00e2n h\u00e0ng l\u01b0\u01a1ng th\u1ef1c khu v\u1ef1c c\u1ee7a sa m\u1ea1c","publisher":{"@id":"https:\/\/findfoodbank.org\/#organization"},"potentialAction":[{"@type":"SearchAction","target":{"@type":"EntryPoint","urlTemplate":"https:\/\/findfoodbank.org\/?s={search_term_string}"},"query-input":{"@type":"PropertyValueSpecification","valueRequired":true,"valueName":"search_term_string"}}],"inLanguage":"vi"},{"@type":"Organization","@id":"https:\/\/findfoodbank.org\/#organization","name":"T\u00ccM Ng\u00e2n h\u00e0ng Th\u1ef1c ph\u1ea9m","url":"https:\/\/findfoodbank.org\/","logo":{"@type":"ImageObject","inLanguage":"vi","@id":"https:\/\/findfoodbank.org\/#\/schema\/logo\/image\/","url":"https:\/\/findfoodbank.org\/wp-content\/uploads\/2025\/09\/FIND-logo25-horizontal_4c.png","contentUrl":"https:\/\/findfoodbank.org\/wp-content\/uploads\/2025\/09\/FIND-logo25-horizontal_4c.png","width":1189,"height":373,"caption":"FIND Food Bank"},"image":{"@id":"https:\/\/findfoodbank.org\/#\/schema\/logo\/image\/"}}]}},"ticketed":false,"_links":{"self":[{"href":"https:\/\/findfoodbank.org\/vi\/wp-json\/wp\/v2\/pages\/7083","targetHints":{"allow":["GET"]}}],"collection":[{"href":"https:\/\/findfoodbank.org\/vi\/wp-json\/wp\/v2\/pages"}],"about":[{"href":"https:\/\/findfoodbank.org\/vi\/wp-json\/wp\/v2\/types\/page"}],"author":[{"embeddable":true,"href":"https:\/\/findfoodbank.org\/vi\/wp-json\/wp\/v2\/users\/15"}],"replies":[{"embeddable":true,"href":"https:\/\/findfoodbank.org\/vi\/wp-json\/wp\/v2\/comments?post=7083"}],"version-history":[{"count":6,"href":"https:\/\/findfoodbank.org\/vi\/wp-json\/wp\/v2\/pages\/7083\/revisions"}],"predecessor-version":[{"id":11738,"href":"https:\/\/findfoodbank.org\/vi\/wp-json\/wp\/v2\/pages\/7083\/revisions\/11738"}],"wp:featuredmedia":[{"embeddable":true,"href":"https:\/\/findfoodbank.org\/vi\/wp-json\/wp\/v2\/media\/7084"}],"wp:attachment":[{"href":"https:\/\/findfoodbank.org\/vi\/wp-json\/wp\/v2\/media?parent=7083"}],"curies":[{"name":"wp","href":"https:\/\/api.w.org\/{rel}","templated":true}]}}