{"id":5779,"date":"2022-01-18T15:24:05","date_gmt":"2022-01-18T23:24:05","guid":{"rendered":"https:\/\/findfoodbank.org\/?page_id=5779"},"modified":"2025-07-23T14:06:07","modified_gmt":"2025-07-23T21:06:07","slug":"csfp","status":"publish","type":"page","link":"https:\/\/findfoodbank.org\/vi\/csfp\/","title":{"rendered":"Ch\u01b0\u01a1ng tr\u00ecnh Nu\u00f4i d\u01b0\u1ee1ng Ng\u01b0\u1eddi cao tu\u1ed5i"},"content":{"rendered":"<div class=\"gb-container gb-container-d90ebbd9 alignfull\">\n<div class=\"gb-container gb-container-3f264ebe\">\n<div class=\"gb-grid-wrapper gb-grid-wrapper-d362cb35\">\n<div class=\"gb-grid-column gb-grid-column-869d6f98\"><div class=\"gb-container gb-container-869d6f98\">\n<nav style=\"color: #324452;\" class=\"has-text-color  is-vertical wp-block-navigation is-layout-flex wp-container-core-navigation-is-layout-8cf370e7 wp-block-navigation-is-layout-flex\" aria-label=\"Programs &amp; Services\"><ul style=\"color: #324452;\" class=\"wp-block-navigation__container has-text-color  is-vertical wp-block-navigation\"><li class=\"wp-block-navigation-item wp-block-navigation-link\"><a class=\"wp-block-navigation-item__content\"  href=\"https:\/\/findfoodbank.org\/vi\/programs-services\/community-agencies-mobile-markets\/\"><span class=\"wp-block-navigation-item__label\">\u0110\u1ea1i l\u00fd &amp; Th\u1ecb tr\u01b0\u1eddng Di \u0111\u1ed9ng<\/span><\/a><\/li><li class=\"wp-block-navigation-item wp-block-navigation-link\"><a class=\"wp-block-navigation-item__content\"  href=\"https:\/\/findfoodbank.org\/vi\/csfp\/\"><span class=\"wp-block-navigation-item__label\">Ch\u01b0\u01a1ng tr\u00ecnh Nu\u00f4i d\u01b0\u1ee1ng Ng\u01b0\u1eddi cao tu\u1ed5i<\/span><\/a><\/li><li class=\"wp-block-navigation-item wp-block-navigation-link\"><a class=\"wp-block-navigation-item__content\"  href=\"https:\/\/findfoodbank.org\/vi\/outreach-services\/\"><span class=\"wp-block-navigation-item__label\">D\u1ecbch v\u1ee5 Outreach<\/span><\/a><\/li><li class=\"wp-block-navigation-item wp-block-navigation-link\"><a class=\"wp-block-navigation-item__content\"  href=\"https:\/\/findfoodbank.org\/vi\/programs-services\/childrens-school-based-programs\/\"><span class=\"wp-block-navigation-item__label\">Children &amp; School-Based Programs<\/span><\/a><\/li><li class=\"wp-block-navigation-item wp-block-navigation-link\"><a class=\"wp-block-navigation-item__content\"  href=\"https:\/\/findfoodbank.org\/vi\/programs-services\/childrens-school-based-programs\/summer\/\"><span class=\"wp-block-navigation-item__label\">Kids Summer Market<\/span><\/a><\/li><li class=\"wp-block-navigation-item wp-block-navigation-link\"><a class=\"wp-block-navigation-item__content\"  href=\"https:\/\/findfoodbank.org\/vi\/opportunity-bank-activity-fee-scholarship\/\"><span class=\"wp-block-navigation-item__label\">Opportunity Bank <\/span><\/a><\/li><li class=\"wp-block-navigation-item wp-block-navigation-link\"><a class=\"wp-block-navigation-item__content\"  href=\"https:\/\/findfoodbank.org\/vi\/fyac\/\"><span class=\"wp-block-navigation-item__label\">FYAC<\/span><\/a><\/li><li class=\"wp-block-navigation-item wp-block-navigation-link\"><a class=\"wp-block-navigation-item__content\"  href=\"https:\/\/findfoodbank.org\/vi\/disaster-relief\/\"><span class=\"wp-block-navigation-item__label\">Disaster Relief<\/span><\/a><\/li><li class=\"wp-block-navigation-item wp-block-navigation-link\"><a class=\"wp-block-navigation-item__content\"  href=\"https:\/\/findfoodbank.org\/vi\/foodrescue\/\"><span class=\"wp-block-navigation-item__label\">Food Rescue <\/span><\/a><\/li><li class=\"wp-block-navigation-item wp-block-navigation-link\"><a class=\"wp-block-navigation-item__content\"  href=\"https:\/\/findfoodbank.org\/vi\/programs-services\/nutrition\/\"><span class=\"wp-block-navigation-item__label\">Dinh d\u01b0\u1ee1ng<\/span><\/a><\/li><li class=\"wp-block-navigation-item wp-block-navigation-link\"><a class=\"wp-block-navigation-item__content\"  href=\"https:\/\/findfoodbank.org\/vi\/programs-services\/calfresh\/\"><span class=\"wp-block-navigation-item__label\">Calfresh Benefits<\/span><\/a><\/li><li class=\"wp-block-navigation-item wp-block-navigation-link\"><a class=\"wp-block-navigation-item__content\"  href=\"https:\/\/findfoodbank.org\/vi\/programs-services\/community-health-workers\/\"><span class=\"wp-block-navigation-item__label\">Nh\u00e2n vi\u00ean Y t\u1ebf C\u1ed9ng \u0111\u1ed3ng<\/span><\/a><\/li><\/ul><\/nav>\n<\/div><\/div>\n\n<div class=\"gb-grid-column gb-grid-column-1e3fc670\"><div class=\"gb-container gb-container-1e3fc670\">\n\n<h2 class=\"gb-headline gb-headline-3c825bcf gb-headline-text\"><strong>Ch\u01b0\u01a1ng tr\u00ecnh Th\u1ef1c ph\u1ea9m B\u1ed5 sung H\u00e0ng h\u00f3a<\/strong><\/h2>\n\n\n\n<p>CSFP ho\u1ea1t \u0111\u1ed9ng \u0111\u1ec3 c\u1ea3i thi\u1ec7n s\u1ee9c kh\u1ecfe c\u1ee7a c\u00e1c c\u00e1 nh\u00e2n \u00edt nh\u1ea5t 60 tu\u1ed5i b\u1eb1ng c\u00e1ch b\u1ed5 sung v\u00e0o ch\u1ebf \u0111\u1ed9 \u0103n u\u1ed1ng c\u1ee7a h\u1ecd c\u00e1c lo\u1ea1i th\u1ef1c ph\u1ea9m gi\u00e0u dinh d\u01b0\u1ee1ng c\u1ee7a USDA. CSFP l\u00e0 ch\u01b0\u01a1ng tr\u00ecnh th\u1ef1c ph\u1ea9m b\u1ed5 sung do B\u1ed9 N\u00f4ng nghi\u1ec7p Hoa K\u1ef3 (USDA) t\u00e0i tr\u1ee3 do B\u1ed9 D\u1ecbch v\u1ee5 X\u00e3 h\u1ed9i California (CDSS) qu\u1ea3n l\u00fd. Ch\u01b0\u01a1ng tr\u00ecnh cung c\u1ea5p h\u00e0ng h\u00f3a USDA cho m\u1ed9t m\u1ea1ng l\u01b0\u1edbi m\u01b0\u1eddi ng\u00e2n h\u00e0ng th\u1ef1c ph\u1ea9m, bao g\u1ed3m c\u1ea3 ng\u00e2n h\u00e0ng th\u1ef1c ph\u1ea9m FIND, \u0111\u1ec3 c\u1ea3i thi\u1ec7n s\u1ee9c kh\u1ecfe c\u1ee7a ng\u01b0\u1eddi cao ni\u00ean \u1edf California b\u1eb1ng c\u00e1ch cung c\u1ea5p th\u1ef1c ph\u1ea9m b\u1ed5 d\u01b0\u1ee1ng cho h\u1ecd.<\/p>\n\n\n\n<figure class=\"wp-block-gallery aligncenter has-nested-images columns-default is-cropped wp-block-gallery-1 is-layout-flex wp-block-gallery-is-layout-flex\">\n<figure class=\"wp-block-image size-large\"><a href=\"https:\/\/findfoodbank.org\/wp-content\/uploads\/2023\/10\/2.png\" data-rel=\"lightbox-image-0\" data-rl_title=\"\" data-rl_caption=\"\" title=\"\"><img loading=\"lazy\" decoding=\"async\" width=\"1024\" height=\"1024\" data-id=\"12278\" src=\"https:\/\/findfoodbank.org\/wp-content\/uploads\/2023\/10\/2-1024x1024.png\" alt=\"\" class=\"wp-image-12278\" srcset=\"https:\/\/findfoodbank.org\/wp-content\/uploads\/2023\/10\/2-1024x1024.png 1024w, https:\/\/findfoodbank.org\/wp-content\/uploads\/2023\/10\/2-300x300.png 300w, https:\/\/findfoodbank.org\/wp-content\/uploads\/2023\/10\/2-150x150.png 150w, https:\/\/findfoodbank.org\/wp-content\/uploads\/2023\/10\/2-768x768.png 768w, https:\/\/findfoodbank.org\/wp-content\/uploads\/2023\/10\/2-12x12.png 12w, https:\/\/findfoodbank.org\/wp-content\/uploads\/2023\/10\/2.png 1080w\" sizes=\"auto, (max-width: 1024px) 100vw, 1024px\" \/><\/a><\/figure>\n\n\n\n<figure class=\"wp-block-image size-large\"><a href=\"https:\/\/findfoodbank.org\/wp-content\/uploads\/2023\/10\/1-3.png\" data-rel=\"lightbox-image-1\" data-rl_title=\"\" data-rl_caption=\"\" title=\"\"><img loading=\"lazy\" decoding=\"async\" width=\"1024\" height=\"1024\" data-id=\"12285\" src=\"https:\/\/findfoodbank.org\/wp-content\/uploads\/2023\/10\/1-3-1024x1024.png\" alt=\"\" class=\"wp-image-12285\" srcset=\"https:\/\/findfoodbank.org\/wp-content\/uploads\/2023\/10\/1-3-1024x1024.png 1024w, https:\/\/findfoodbank.org\/wp-content\/uploads\/2023\/10\/1-3-300x300.png 300w, https:\/\/findfoodbank.org\/wp-content\/uploads\/2023\/10\/1-3-150x150.png 150w, https:\/\/findfoodbank.org\/wp-content\/uploads\/2023\/10\/1-3-768x768.png 768w, https:\/\/findfoodbank.org\/wp-content\/uploads\/2023\/10\/1-3-12x12.png 12w, https:\/\/findfoodbank.org\/wp-content\/uploads\/2023\/10\/1-3.png 1080w\" sizes=\"auto, (max-width: 1024px) 100vw, 1024px\" \/><\/a><\/figure>\n\n\n\n<figure class=\"wp-block-image size-large\"><a href=\"https:\/\/findfoodbank.org\/wp-content\/uploads\/2023\/10\/4-2.png\" data-rel=\"lightbox-image-2\" data-rl_title=\"\" data-rl_caption=\"\" title=\"\"><img loading=\"lazy\" decoding=\"async\" width=\"1024\" height=\"1024\" data-id=\"12284\" src=\"https:\/\/findfoodbank.org\/wp-content\/uploads\/2023\/10\/4-2-1024x1024.png\" alt=\"\" class=\"wp-image-12284\" srcset=\"https:\/\/findfoodbank.org\/wp-content\/uploads\/2023\/10\/4-2-1024x1024.png 1024w, https:\/\/findfoodbank.org\/wp-content\/uploads\/2023\/10\/4-2-300x300.png 300w, https:\/\/findfoodbank.org\/wp-content\/uploads\/2023\/10\/4-2-150x150.png 150w, https:\/\/findfoodbank.org\/wp-content\/uploads\/2023\/10\/4-2-768x768.png 768w, https:\/\/findfoodbank.org\/wp-content\/uploads\/2023\/10\/4-2-12x12.png 12w, https:\/\/findfoodbank.org\/wp-content\/uploads\/2023\/10\/4-2.png 1080w\" sizes=\"auto, (max-width: 1024px) 100vw, 1024px\" \/><\/a><\/figure>\n<\/figure>\n\n\n\n<h2 class=\"gb-headline gb-headline-646fa0e3 gb-headline-text\">\u0110\u1ec3 \u0111\u1ee7 \u0111i\u1ec1u ki\u1ec7n\u2026<\/h2>\n\n\n\n<p>Applicants must be 60 years or older, reside within eastern Riverside and southern San Bernardino Counties, be low-income by falling within 150% of the Federal Poverty Income Guidelines. Applications are open now at one of FIND Food Bank\u2019s 18 program sites.<\/p>\n\n\n<div class=\"wp-block-image\">\n<figure class=\"aligncenter size-full is-resized\"><a href=\"https:\/\/findfoodbank.org\/wp-content\/uploads\/2025\/03\/CSFP-Income-Guidelines-2025.pdf\" target=\"_blank\" rel=\"noreferrer noopener\"><img loading=\"lazy\" decoding=\"async\" width=\"940\" height=\"306\" src=\"https:\/\/findfoodbank.org\/wp-content\/uploads\/2025\/04\/CSFP-Website-Buttons-e1744230845407.png\" alt=\"\" class=\"wp-image-15684\" style=\"width:483px;height:auto\" srcset=\"https:\/\/findfoodbank.org\/wp-content\/uploads\/2025\/04\/CSFP-Website-Buttons-e1744230845407.png 940w, https:\/\/findfoodbank.org\/wp-content\/uploads\/2025\/04\/CSFP-Website-Buttons-e1744230845407-300x98.png 300w, https:\/\/findfoodbank.org\/wp-content\/uploads\/2025\/04\/CSFP-Website-Buttons-e1744230845407-768x250.png 768w, https:\/\/findfoodbank.org\/wp-content\/uploads\/2025\/04\/CSFP-Website-Buttons-e1744230845407-50x16.png 50w, https:\/\/findfoodbank.org\/wp-content\/uploads\/2025\/04\/CSFP-Website-Buttons-e1744230845407-18x6.png 18w\" sizes=\"auto, (max-width: 940px) 100vw, 940px\" \/><\/a><\/figure>\n<\/div>\n\n\n<p class=\"gb-headline gb-headline-dd6e3650 gb-headline-text\">Fill out the application&nbsp; and return to one of FIND Food Bank&#8217;s subcontracted program sites below.<\/p>\n\n\n\n<p class=\"gb-headline gb-headline-1f63ba01 gb-headline-text\"><strong>T\u00e0i li\u1ec7u c\u1ea7n thi\u1ebft:<\/strong><\/p>\n\n\n\n<ul class=\"wp-block-list\">\n<li>T\u00ean<\/li>\n\n\n\n<li>Ng\u00e0y sinh<\/li>\n\n\n\n<li>\u0110\u1ecba ch\u1ec9 nh\u00e0<\/li>\n\n\n\n<li>Valid I.D with Date of Birth <\/li>\n\n\n\n<li>Proof of Address (i.e. Utility, Water, Phone Bill)<\/li>\n<\/ul>\n\n\n\n<p class=\"gb-headline gb-headline-285091e8 gb-headline-text\">N\u1ebfu b\u1ea1n \u0111\u01b0\u1ee3c ch\u1ea5p thu\u1eadn, b\u1ea1n s\u1ebd nh\u1eadn m\u1ed9t h\u1ed9p th\u1ef1c ph\u1ea9m \u0111\u00f3ng g\u00f3i s\u1eb5n CSFP mi\u1ec5n ph\u00ed (gi\u00e1 tr\u1ecb $50) t\u1ea1i \u0111\u1ecba \u0111i\u1ec3m nh\u1ea5t \u0111\u1ecbnh m\u1ed7i th\u00e1ng m\u1ed9t l\u1ea7n.<\/p>\n\n\n<div class=\"gb-grid-wrapper gb-grid-wrapper-e2033410\">\n<div class=\"gb-grid-column gb-grid-column-6cacdc9a\"><div class=\"gb-container gb-container-6cacdc9a\">\n\n<figure class=\"wp-block-image size-full is-resized\"><a href=\"https:\/\/findfoodbank.org\/wp-content\/uploads\/2024\/03\/Download-CSFP-Participant-Application.pdf\" target=\"_blank\" rel=\"noreferrer noopener\"><img loading=\"lazy\" decoding=\"async\" width=\"886\" height=\"221\" src=\"https:\/\/findfoodbank.org\/wp-content\/uploads\/2024\/03\/Participant-Button.png\" alt=\"\" class=\"wp-image-13293\" style=\"width:413px;height:auto\" srcset=\"https:\/\/findfoodbank.org\/wp-content\/uploads\/2024\/03\/Participant-Button.png 886w, https:\/\/findfoodbank.org\/wp-content\/uploads\/2024\/03\/Participant-Button-300x75.png 300w, https:\/\/findfoodbank.org\/wp-content\/uploads\/2024\/03\/Participant-Button-768x192.png 768w, https:\/\/findfoodbank.org\/wp-content\/uploads\/2024\/03\/Participant-Button-50x12.png 50w, https:\/\/findfoodbank.org\/wp-content\/uploads\/2024\/03\/Participant-Button-18x4.png 18w\" sizes=\"auto, (max-width: 886px) 100vw, 886px\" \/><\/a><\/figure>\n\n<\/div><\/div>\n\n<div class=\"gb-grid-column gb-grid-column-cba02398\"><div class=\"gb-container gb-container-cba02398\">\n\n<figure class=\"gb-block-image gb-block-image-bc952022\"><a href=\"https:\/\/findfoodbank.org\/wp-content\/uploads\/2024\/03\/Descargar-CSFP-Solicitud-Para-Beneficios.pdf\" target=\"_blank\" rel=\"noopener noreferrer\"><img loading=\"lazy\" decoding=\"async\" width=\"890\" height=\"220\" class=\"gb-image gb-image-bc952022\" src=\"https:\/\/findfoodbank.org\/wp-content\/uploads\/2024\/03\/Participant-SPA-Button-1.png\" alt=\"\" title=\"Participant SPA Button\" srcset=\"https:\/\/findfoodbank.org\/wp-content\/uploads\/2024\/03\/Participant-SPA-Button-1.png 890w, https:\/\/findfoodbank.org\/wp-content\/uploads\/2024\/03\/Participant-SPA-Button-1-300x74.png 300w, https:\/\/findfoodbank.org\/wp-content\/uploads\/2024\/03\/Participant-SPA-Button-1-768x190.png 768w, https:\/\/findfoodbank.org\/wp-content\/uploads\/2024\/03\/Participant-SPA-Button-1-50x12.png 50w, https:\/\/findfoodbank.org\/wp-content\/uploads\/2024\/03\/Participant-SPA-Button-1-18x4.png 18w\" sizes=\"auto, (max-width: 890px) 100vw, 890px\" \/><\/a><\/figure>\n\n<\/div><\/div>\n<\/div>\n\n\n<h1 class=\"gb-headline gb-headline-ae7559cf gb-headline-text\">       C\u00e1c trang web c\u1ee7a ch\u01b0\u01a1ng tr\u00ecnh s\u1eafp t\u1edbi<\/h1>\n\n\n<div class=\"gb-container gb-container-cf0aa29b\">\n\n<div class=\"wp-block-columns is-layout-flex wp-container-core-columns-is-layout-9d6595d7 wp-block-columns-is-layout-flex\">\n<div class=\"wp-block-column is-layout-flow wp-block-column-is-layout-flow\" style=\"flex-basis:25%\"><\/div>\n\n\n\n<div class=\"wp-block-column is-layout-flow wp-block-column-is-layout-flow\" style=\"flex-basis:50%\">\n<figure class=\"gb-block-image gb-block-image-e45c9db8\"><a href=\"https:\/\/findfoodbank.org\/wp-content\/uploads\/2025\/07\/CSFP-2025-Distribution-Calendar-List.pdf\" target=\"_blank\" rel=\"noopener noreferrer\"><img loading=\"lazy\" decoding=\"async\" width=\"887\" height=\"217\" class=\"gb-image gb-image-e45c9db8\" src=\"https:\/\/findfoodbank.org\/wp-content\/uploads\/2024\/03\/Program-Site-Button-2.png\" alt=\"\" title=\"Program-Site-Button-2\" srcset=\"https:\/\/findfoodbank.org\/wp-content\/uploads\/2024\/03\/Program-Site-Button-2.png 887w, https:\/\/findfoodbank.org\/wp-content\/uploads\/2024\/03\/Program-Site-Button-2-300x73.png 300w, https:\/\/findfoodbank.org\/wp-content\/uploads\/2024\/03\/Program-Site-Button-2-768x188.png 768w, https:\/\/findfoodbank.org\/wp-content\/uploads\/2024\/03\/Program-Site-Button-2-50x12.png 50w, https:\/\/findfoodbank.org\/wp-content\/uploads\/2024\/03\/Program-Site-Button-2-18x4.png 18w\" sizes=\"auto, (max-width: 887px) 100vw, 887px\" \/><\/a><\/figure>\n<\/div>\n<\/div>\n\n<\/div>\n\n\n<p class=\"has-text-align-left\"> <strong><a href=\"https:\/\/www.fns.usda.gov\/civil-rights\/usda-nondiscrimination-statement-other-fns-programs\"><mark style=\"background-color:rgba(0, 0, 0, 0)\" class=\"has-inline-color has-global-color-10-color\">USDA Nondiscrimination Statem<\/mark><\/a><a href=\"https:\/\/www.fns.usda.gov\/civil-rights\/usda-nondiscrimination-statement-other-fns-programs\" target=\"_blank\" rel=\"noreferrer noopener\"><mark style=\"background-color:rgba(0, 0, 0, 0)\" class=\"has-inline-color has-global-color-10-color\">ent <\/mark><\/a><\/strong><\/p>\n\n<\/div><\/div>\n<\/div>\n<\/div>\n<\/div>","protected":false},"excerpt":{"rendered":"","protected":false},"author":15,"featured_media":6289,"parent":0,"menu_order":0,"comment_status":"closed","ping_status":"closed","template":"","meta":{"_monsterinsights_skip_tracking":false,"_monsterinsights_sitenote_active":false,"_monsterinsights_sitenote_note":"","_monsterinsights_sitenote_category":0,"_price":"","_stock":"","_tribe_ticket_header":"","_tribe_default_ticket_provider":"","_tribe_ticket_capacity":"0","_ticket_start_date":"","_ticket_end_date":"","_tribe_ticket_show_description":"","_tribe_ticket_show_not_going":false,"_tribe_ticket_use_global_stock":"","_tribe_ticket_global_stock_level":"","_global_stock_mode":"","_global_stock_cap":"","_tribe_rsvp_for_event":"","_tribe_ticket_going_count":"","_tribe_ticket_not_going_count":"","_tribe_tickets_list":"[]","_tribe_ticket_has_attendee_info_fields":false,"footnotes":"[]","_tec_slr_enabled":"","_tec_slr_layout":""},"class_list":["post-5779","page","type-page","status-publish","has-post-thumbnail","resize-featured-image"],"yoast_head":"<!-- This site is optimized with the Yoast SEO plugin v27.5 - https:\/\/yoast.com\/product\/yoast-seo-wordpress\/ -->\n<title>Senior Feeding Program Coachella Valley, Food Programs Desert<\/title>\n<meta name=\"description\" content=\"CSFP works to improve the health of individuals at least 60 years of age by supplementing their diets with nutritious USDA commodity foods.\" \/>\n<meta name=\"robots\" content=\"index, follow, max-snippet:-1, max-image-preview:large, max-video-preview:-1\" \/>\n<link rel=\"canonical\" href=\"https:\/\/findfoodbank.org\/vi\/csfp\/\" \/>\n<meta property=\"og:locale\" content=\"vi_VN\" \/>\n<meta property=\"og:type\" content=\"article\" \/>\n<meta property=\"og:title\" content=\"Senior Feeding Program Coachella Valley, Food Programs Desert\" \/>\n<meta property=\"og:description\" content=\"CSFP works to improve the health of individuals at least 60 years of age by supplementing their diets with nutritious USDA commodity foods.\" \/>\n<meta property=\"og:url\" content=\"https:\/\/findfoodbank.org\/vi\/csfp\/\" \/>\n<meta property=\"og:site_name\" content=\"FIND Food Bank\" \/>\n<meta property=\"article:modified_time\" content=\"2025-07-23T21:06:07+00:00\" \/>\n<meta property=\"og:image\" content=\"https:\/\/findfoodbank.org\/wp-content\/uploads\/2022\/02\/DSC_0909-1-scaled-e1648053515969.jpg\" \/>\n\t<meta property=\"og:image:width\" content=\"2560\" \/>\n\t<meta property=\"og:image:height\" content=\"1433\" \/>\n\t<meta property=\"og:image:type\" content=\"image\/jpeg\" \/>\n<meta name=\"twitter:card\" content=\"summary_large_image\" \/>\n<meta name=\"twitter:label1\" content=\"\u01af\u1edbc t\u00ednh th\u1eddi gian \u0111\u1ecdc\" \/>\n\t<meta name=\"twitter:data1\" content=\"3 ph\u00fat\" \/>\n<script type=\"application\/ld+json\" class=\"yoast-schema-graph\">{\"@context\":\"https:\\\/\\\/schema.org\",\"@graph\":[{\"@type\":\"WebPage\",\"@id\":\"https:\\\/\\\/findfoodbank.org\\\/csfp\\\/\",\"url\":\"https:\\\/\\\/findfoodbank.org\\\/csfp\\\/\",\"name\":\"Senior Feeding Program Coachella Valley, Food Programs Desert\",\"isPartOf\":{\"@id\":\"https:\\\/\\\/findfoodbank.org\\\/#website\"},\"primaryImageOfPage\":{\"@id\":\"https:\\\/\\\/findfoodbank.org\\\/csfp\\\/#primaryimage\"},\"image\":{\"@id\":\"https:\\\/\\\/findfoodbank.org\\\/csfp\\\/#primaryimage\"},\"thumbnailUrl\":\"https:\\\/\\\/findfoodbank.org\\\/wp-content\\\/uploads\\\/2022\\\/02\\\/DSC_0909-1-scaled-e1648053515969.jpg\",\"datePublished\":\"2022-01-18T23:24:05+00:00\",\"dateModified\":\"2025-07-23T21:06:07+00:00\",\"description\":\"CSFP works to improve the health of individuals at least 60 years of age by supplementing their diets with nutritious USDA commodity foods.\",\"breadcrumb\":{\"@id\":\"https:\\\/\\\/findfoodbank.org\\\/csfp\\\/#breadcrumb\"},\"inLanguage\":\"vi\",\"potentialAction\":[{\"@type\":\"ReadAction\",\"target\":[\"https:\\\/\\\/findfoodbank.org\\\/csfp\\\/\"]}]},{\"@type\":\"ImageObject\",\"inLanguage\":\"vi\",\"@id\":\"https:\\\/\\\/findfoodbank.org\\\/csfp\\\/#primaryimage\",\"url\":\"https:\\\/\\\/findfoodbank.org\\\/wp-content\\\/uploads\\\/2022\\\/02\\\/DSC_0909-1-scaled-e1648053515969.jpg\",\"contentUrl\":\"https:\\\/\\\/findfoodbank.org\\\/wp-content\\\/uploads\\\/2022\\\/02\\\/DSC_0909-1-scaled-e1648053515969.jpg\",\"width\":2560,\"height\":1433},{\"@type\":\"BreadcrumbList\",\"@id\":\"https:\\\/\\\/findfoodbank.org\\\/csfp\\\/#breadcrumb\",\"itemListElement\":[{\"@type\":\"ListItem\",\"position\":1,\"name\":\"Home\",\"item\":\"https:\\\/\\\/findfoodbank.org\\\/\"},{\"@type\":\"ListItem\",\"position\":2,\"name\":\"Senior Feeding Program\"}]},{\"@type\":\"WebSite\",\"@id\":\"https:\\\/\\\/findfoodbank.org\\\/#website\",\"url\":\"https:\\\/\\\/findfoodbank.org\\\/\",\"name\":\"FIND Food Bank\",\"description\":\"The Desert's Regional Food Bank\",\"publisher\":{\"@id\":\"https:\\\/\\\/findfoodbank.org\\\/#organization\"},\"potentialAction\":[{\"@type\":\"SearchAction\",\"target\":{\"@type\":\"EntryPoint\",\"urlTemplate\":\"https:\\\/\\\/findfoodbank.org\\\/?s={search_term_string}\"},\"query-input\":{\"@type\":\"PropertyValueSpecification\",\"valueRequired\":true,\"valueName\":\"search_term_string\"}}],\"inLanguage\":\"vi\"},{\"@type\":\"Organization\",\"@id\":\"https:\\\/\\\/findfoodbank.org\\\/#organization\",\"name\":\"FIND Food Bank\",\"url\":\"https:\\\/\\\/findfoodbank.org\\\/\",\"logo\":{\"@type\":\"ImageObject\",\"inLanguage\":\"vi\",\"@id\":\"https:\\\/\\\/findfoodbank.org\\\/#\\\/schema\\\/logo\\\/image\\\/\",\"url\":\"https:\\\/\\\/findfoodbank.org\\\/wp-content\\\/uploads\\\/2025\\\/09\\\/FIND-logo25-horizontal_4c.png\",\"contentUrl\":\"https:\\\/\\\/findfoodbank.org\\\/wp-content\\\/uploads\\\/2025\\\/09\\\/FIND-logo25-horizontal_4c.png\",\"width\":1189,\"height\":373,\"caption\":\"FIND Food Bank\"},\"image\":{\"@id\":\"https:\\\/\\\/findfoodbank.org\\\/#\\\/schema\\\/logo\\\/image\\\/\"}}]}<\/script>\n<!-- \/ Yoast SEO plugin. -->","yoast_head_json":{"title":"Senior Feeding Program Coachella Valley, Food Programs Desert","description":"CSFP works to improve the health of individuals at least 60 years of age by supplementing their diets with nutritious USDA commodity foods.","robots":{"index":"index","follow":"follow","max-snippet":"max-snippet:-1","max-image-preview":"max-image-preview:large","max-video-preview":"max-video-preview:-1"},"canonical":"https:\/\/findfoodbank.org\/vi\/csfp\/","og_locale":"vi_VN","og_type":"article","og_title":"Senior Feeding Program Coachella Valley, Food Programs Desert","og_description":"CSFP works to improve the health of individuals at least 60 years of age by supplementing their diets with nutritious USDA commodity foods.","og_url":"https:\/\/findfoodbank.org\/vi\/csfp\/","og_site_name":"FIND Food Bank","article_modified_time":"2025-07-23T21:06:07+00:00","og_image":[{"width":2560,"height":1433,"url":"https:\/\/findfoodbank.org\/wp-content\/uploads\/2022\/02\/DSC_0909-1-scaled-e1648053515969.jpg","type":"image\/jpeg"}],"twitter_card":"summary_large_image","twitter_misc":{"\u01af\u1edbc t\u00ednh th\u1eddi gian \u0111\u1ecdc":"3 ph\u00fat"},"schema":{"@context":"https:\/\/schema.org","@graph":[{"@type":"WebPage","@id":"https:\/\/findfoodbank.org\/csfp\/","url":"https:\/\/findfoodbank.org\/csfp\/","name":"Senior Feeding Program Coachella Valley, Food Programs Desert","isPartOf":{"@id":"https:\/\/findfoodbank.org\/#website"},"primaryImageOfPage":{"@id":"https:\/\/findfoodbank.org\/csfp\/#primaryimage"},"image":{"@id":"https:\/\/findfoodbank.org\/csfp\/#primaryimage"},"thumbnailUrl":"https:\/\/findfoodbank.org\/wp-content\/uploads\/2022\/02\/DSC_0909-1-scaled-e1648053515969.jpg","datePublished":"2022-01-18T23:24:05+00:00","dateModified":"2025-07-23T21:06:07+00:00","description":"CSFP works to improve the health of individuals at least 60 years of age by supplementing their diets with nutritious USDA commodity foods.","breadcrumb":{"@id":"https:\/\/findfoodbank.org\/csfp\/#breadcrumb"},"inLanguage":"vi","potentialAction":[{"@type":"ReadAction","target":["https:\/\/findfoodbank.org\/csfp\/"]}]},{"@type":"ImageObject","inLanguage":"vi","@id":"https:\/\/findfoodbank.org\/csfp\/#primaryimage","url":"https:\/\/findfoodbank.org\/wp-content\/uploads\/2022\/02\/DSC_0909-1-scaled-e1648053515969.jpg","contentUrl":"https:\/\/findfoodbank.org\/wp-content\/uploads\/2022\/02\/DSC_0909-1-scaled-e1648053515969.jpg","width":2560,"height":1433},{"@type":"BreadcrumbList","@id":"https:\/\/findfoodbank.org\/csfp\/#breadcrumb","itemListElement":[{"@type":"ListItem","position":1,"name":"Home","item":"https:\/\/findfoodbank.org\/"},{"@type":"ListItem","position":2,"name":"Senior Feeding Program"}]},{"@type":"WebSite","@id":"https:\/\/findfoodbank.org\/#website","url":"https:\/\/findfoodbank.org\/","name":"T\u00ccM Ng\u00e2n h\u00e0ng Th\u1ef1c ph\u1ea9m","description":"Ng\u00e2n h\u00e0ng l\u01b0\u01a1ng th\u1ef1c khu v\u1ef1c c\u1ee7a sa m\u1ea1c","publisher":{"@id":"https:\/\/findfoodbank.org\/#organization"},"potentialAction":[{"@type":"SearchAction","target":{"@type":"EntryPoint","urlTemplate":"https:\/\/findfoodbank.org\/?s={search_term_string}"},"query-input":{"@type":"PropertyValueSpecification","valueRequired":true,"valueName":"search_term_string"}}],"inLanguage":"vi"},{"@type":"Organization","@id":"https:\/\/findfoodbank.org\/#organization","name":"T\u00ccM Ng\u00e2n h\u00e0ng Th\u1ef1c ph\u1ea9m","url":"https:\/\/findfoodbank.org\/","logo":{"@type":"ImageObject","inLanguage":"vi","@id":"https:\/\/findfoodbank.org\/#\/schema\/logo\/image\/","url":"https:\/\/findfoodbank.org\/wp-content\/uploads\/2025\/09\/FIND-logo25-horizontal_4c.png","contentUrl":"https:\/\/findfoodbank.org\/wp-content\/uploads\/2025\/09\/FIND-logo25-horizontal_4c.png","width":1189,"height":373,"caption":"FIND Food Bank"},"image":{"@id":"https:\/\/findfoodbank.org\/#\/schema\/logo\/image\/"}}]}},"ticketed":false,"_links":{"self":[{"href":"https:\/\/findfoodbank.org\/vi\/wp-json\/wp\/v2\/pages\/5779","targetHints":{"allow":["GET"]}}],"collection":[{"href":"https:\/\/findfoodbank.org\/vi\/wp-json\/wp\/v2\/pages"}],"about":[{"href":"https:\/\/findfoodbank.org\/vi\/wp-json\/wp\/v2\/types\/page"}],"author":[{"embeddable":true,"href":"https:\/\/findfoodbank.org\/vi\/wp-json\/wp\/v2\/users\/15"}],"replies":[{"embeddable":true,"href":"https:\/\/findfoodbank.org\/vi\/wp-json\/wp\/v2\/comments?post=5779"}],"version-history":[{"count":54,"href":"https:\/\/findfoodbank.org\/vi\/wp-json\/wp\/v2\/pages\/5779\/revisions"}],"predecessor-version":[{"id":16427,"href":"https:\/\/findfoodbank.org\/vi\/wp-json\/wp\/v2\/pages\/5779\/revisions\/16427"}],"wp:featuredmedia":[{"embeddable":true,"href":"https:\/\/findfoodbank.org\/vi\/wp-json\/wp\/v2\/media\/6289"}],"wp:attachment":[{"href":"https:\/\/findfoodbank.org\/vi\/wp-json\/wp\/v2\/media?parent=5779"}],"curies":[{"name":"wp","href":"https:\/\/api.w.org\/{rel}","templated":true}]}}