{"id":5575,"date":"2022-01-10T11:27:00","date_gmt":"2022-01-10T19:27:00","guid":{"rendered":"https:\/\/findfoodbank.org\/?page_id=5575"},"modified":"2025-02-20T15:41:54","modified_gmt":"2025-02-20T23:41:54","slug":"mission-vision","status":"publish","type":"page","link":"https:\/\/findfoodbank.org\/vi\/mission-vision\/","title":{"rendered":"Mission, Vision, Values"},"content":{"rendered":"<div class=\"gb-container gb-container-9b44ed4d alignfull\">\n<div class=\"gb-container gb-container-78af8419\">\n<div class=\"gb-grid-wrapper gb-grid-wrapper-6d03c14b\">\n<div class=\"gb-grid-column gb-grid-column-870e35cc\"><div class=\"gb-container gb-container-870e35cc\">\n<nav style=\"color: #324452;\" class=\"has-text-color  is-vertical wp-block-navigation is-layout-flex wp-container-core-navigation-is-layout-8cf370e7 wp-block-navigation-is-layout-flex\" aria-label=\"About Us\"><ul style=\"color: #324452;\" class=\"wp-block-navigation__container has-text-color  is-vertical wp-block-navigation\"><li class=\"wp-block-navigation-item wp-block-navigation-link\"><a class=\"wp-block-navigation-item__content\"  href=\"https:\/\/findfoodbank.org\/vi\/about-us\/\"><span class=\"wp-block-navigation-item__label\">V\u1ec1 ch\u00fang t\u00f4i<\/span><\/a><\/li><li class=\"wp-block-navigation-item wp-block-navigation-link\"><a class=\"wp-block-navigation-item__content\"  href=\"https:\/\/findfoodbank.org\/vi\/what-we-do\/\"><span class=\"wp-block-navigation-item__label\">Ch\u00fang ta l\u00e0m g\u00ec<\/span><\/a><\/li><li class=\"wp-block-navigation-item wp-block-navigation-link\"><a class=\"wp-block-navigation-item__content\"  href=\"https:\/\/findfoodbank.org\/vi\/mission-vision\/\"><span class=\"wp-block-navigation-item__label\">Mission, Vision, Values<\/span><\/a><\/li><li class=\"wp-block-navigation-item wp-block-navigation-link\"><a class=\"wp-block-navigation-item__content\"  href=\"https:\/\/findfoodbank.org\/vi\/?page_id=13389\"><span class=\"wp-block-navigation-item__label\">Expansion<\/span><\/a><\/li><li class=\"wp-block-navigation-item wp-block-navigation-link\"><a class=\"wp-block-navigation-item__content\"  href=\"https:\/\/findfoodbank.org\/vi\/our-team\/\"><span class=\"wp-block-navigation-item__label\">\u0110\u1ed9i c\u1ee7a ch\u00fang t\u00f4i<\/span><\/a><\/li><li class=\"wp-block-navigation-item wp-block-navigation-link\"><a class=\"wp-block-navigation-item__content\"  href=\"https:\/\/findfoodbank.org\/vi\/locations\/\"><span class=\"wp-block-navigation-item__label\">Events<\/span><\/a><\/li><li class=\"wp-block-navigation-item wp-block-navigation-link\"><a class=\"wp-block-navigation-item__content\"  href=\"https:\/\/findfoodbank.org\/vi\/about-us\/hunger-in-our-community\/\"><span class=\"wp-block-navigation-item__label\">\u0110\u00f3i trong c\u1ed9ng \u0111\u1ed3ng c\u1ee7a ch\u00fang t\u00f4i<\/span><\/a><\/li><li class=\"wp-block-navigation-item wp-block-navigation-link\"><a class=\"wp-block-navigation-item__content\"  href=\"https:\/\/findfoodbank.org\/vi\/find-in-the-news\/\"><span class=\"wp-block-navigation-item__label\">FIND in the News<\/span><\/a><\/li><li class=\"wp-block-navigation-item wp-block-navigation-link\"><a class=\"wp-block-navigation-item__content\"  href=\"https:\/\/findfoodbank.org\/vi\/about-us\/annual-reports-financials\/\"><span class=\"wp-block-navigation-item__label\">B\u00e1o c\u00e1o h\u00e0ng n\u0103m &amp; T\u00e0i ch\u00ednh<\/span><\/a><\/li><li class=\"wp-block-navigation-item wp-block-navigation-link\"><a class=\"wp-block-navigation-item__content\"  href=\"https:\/\/findfoodbank.org\/vi\/annual-report-2021-22\/\"><span class=\"wp-block-navigation-item__label\">Annual Report 2022-23<\/span><\/a><\/li><li class=\"wp-block-navigation-item wp-block-navigation-link\"><a class=\"wp-block-navigation-item__content\"  href=\"https:\/\/findfoodbank.org\/vi\/history\/\"><span class=\"wp-block-navigation-item__label\">M\u00f4n l\u1ecbch s\u1eed<\/span><\/a><\/li><li class=\"wp-block-navigation-item wp-block-navigation-link\"><a class=\"wp-block-navigation-item__content\"  href=\"https:\/\/findfoodbank.org\/vi\/newsletter\/\"><span class=\"wp-block-navigation-item__label\">B\u1ea3n tin<\/span><\/a><\/li><\/ul><\/nav>\n<\/div><\/div>\n\n<div class=\"gb-grid-column gb-grid-column-f66a0e4a\"><div class=\"gb-container gb-container-f66a0e4a\">\n\n<h2 class=\"gb-headline gb-headline-d7231fc0 gb-headline-text\">NHI\u1ec6M V\u1ee4 C\u1ee6A CH\u00daNG TA<\/h2>\n\n\n\n<p>T\u00ccM Ng\u00e2n h\u00e0ng L\u01b0\u01a1ng th\u1ef1c (L\u01b0\u01a1ng th\u1ef1c C\u1ea7n Ph\u00e2n ph\u1ed1i) d\u00e0nh ri\u00eang cho vi\u1ec7c gi\u1ea3i t\u1ecfa n\u1ea1n \u0111\u00f3i, nguy\u00ean nh\u00e2n c\u1ee7a n\u1ea1n \u0111\u00f3i v\u00e0 c\u00e1c v\u1ea5n \u0111\u1ec1 li\u00ean quan \u0111\u1ebfn n\u1ea1n \u0111\u00f3i th\u00f4ng qua n\u00e2ng cao nh\u1eadn th\u1ee9c, gi\u00e1o d\u1ee5c, huy \u0111\u1ed9ng c\u00e1c ngu\u1ed3n l\u1ef1c v\u00e0 s\u1ef1 tham gia c\u1ee7a c\u1ed9ng \u0111\u1ed3ng.<\/p>\n\n\n\n<h2 class=\"gb-headline gb-headline-8628b9fc gb-headline-text\">T\u1ea6M NH\u00ccN C\u1ee6A CH\u00daNG T\u00d4I<\/h2>\n\n\n\n<p>\u0110\u1ec3 t\u1ea1o ra m\u1ed9t c\u1ed9ng \u0111\u1ed3ng kh\u00f4ng c\u00f2n n\u1ea1n \u0111\u00f3i v\u00e0 m\u1ea5t an ninh l\u01b0\u01a1ng th\u1ef1c.<\/p>\n\n\n\n<h2 class=\"gb-headline gb-headline-f19cd102 gb-headline-text\">GI\u00c1 TR\u1eca C\u1ee6A CH\u00daNG T\u00d4I<\/h2>\n\n\n\n<p>\u0110\u1ec3 \u0111\u1ea1t \u0111\u01b0\u1ee3c t\u1ea7m nh\u00ecn v\u00e0 th\u1ef1c hi\u1ec7n s\u1ee9 m\u1ec7nh c\u1ee7a m\u00ecnh, ch\u00fang t\u00f4i \u0111\u1ec1 cao c\u00e1c gi\u00e1 tr\u1ecb c\u1ee7a m\u00ecnh v\u1ec1:<\/p>\n\n\n\n<ul class=\"wp-block-list\">\n<li>K\u00ednh tr\u1ecdng<\/li>\n\n\n\n<li>Integrity<\/li>\n\n\n\n<li>S\u1ef1 h\u1ee3p t\u00e1c<\/li>\n\n\n\n<li>D\u1ecbch v\u1ee5<\/li>\n\n\n\n<li>Tr\u00e1ch nhi\u1ec7m gi\u1ea3i tr\u00ecnh<\/li>\n<\/ul>\n\n<\/div><\/div>\n<\/div>\n<\/div>\n<\/div>\n\n<div class=\"gb-container gb-container-212892a0 alignfull\">\n<div class=\"gb-grid-wrapper gb-grid-wrapper-b29e33f7\">\n<div class=\"gb-grid-column gb-grid-column-d46fbcb4\"><div class=\"gb-container gb-container-d46fbcb4\">\n\n<h1 class=\"gb-headline gb-headline-be5bec0f gb-headline-text\">Value Statement<\/h1>\n\n\n\n<p><em>As FIND Food Bank is the Regional Food Bank that serves our Desert Community,&nbsp;valuing all people is at the forefront of who we are as an organization.&nbsp;Our movement in hunger relief is grounded by a true spirit of breaking cycles of poverty in our communities by ensuring all people have equitable access to healthy food, whether they are able to afford it or not. Through this work, we know and understand that by healing food insecurity, it provides the necessary support for people to thrive in other areas, such as Education, Health, Workforce Development and Housing, which are needed to achieve self-sufficiency.<\/em><\/p>\n\n\n\n<p><em>Our thoughts are with all people in our community, our state, our country, and our world who join us in these principals, and who believe that food is a human right for all people.<\/em><\/p>\n\n\n\n<p><strong><a href=\"https:\/\/findfoodbank.org\/wp-content\/uploads\/2022\/05\/FIND-Food-Bank-Non-Discrimination-Policy.pdf\">FIND Food Bank Non-Discrimination Policy<\/a><\/strong><\/p>\n\n<\/div><\/div>\n\n<div class=\"gb-grid-column gb-grid-column-de993020\"><div class=\"gb-container gb-container-de993020\"><\/div><\/div>\n<\/div>\n<\/div>","protected":false},"excerpt":{"rendered":"","protected":false},"author":15,"featured_media":5577,"parent":0,"menu_order":0,"comment_status":"closed","ping_status":"closed","template":"","meta":{"_monsterinsights_skip_tracking":false,"_monsterinsights_sitenote_active":false,"_monsterinsights_sitenote_note":"","_monsterinsights_sitenote_category":0,"_price":"","_stock":"","_tribe_ticket_header":"","_tribe_default_ticket_provider":"","_tribe_ticket_capacity":"0","_ticket_start_date":"","_ticket_end_date":"","_tribe_ticket_show_description":"","_tribe_ticket_show_not_going":false,"_tribe_ticket_use_global_stock":"","_tribe_ticket_global_stock_level":"","_global_stock_mode":"","_global_stock_cap":"","_tribe_rsvp_for_event":"","_tribe_ticket_going_count":"","_tribe_ticket_not_going_count":"","_tribe_tickets_list":"[]","_tribe_ticket_has_attendee_info_fields":false,"footnotes":"","_tec_slr_enabled":"","_tec_slr_layout":""},"class_list":["post-5575","page","type-page","status-publish","has-post-thumbnail","resize-featured-image"],"yoast_head":"<!-- This site is optimized with the Yoast SEO plugin v27.3 - https:\/\/yoast.com\/product\/yoast-seo-wordpress\/ -->\n<title>Mission, Vision, Equity FIND Food Bank, Food Distribution<\/title>\n<meta name=\"description\" content=\"FIND Food Bank (Food In Need of Distribution) is dedicated to relieving hunger, the causes of hunger, and the problems associated with hunger.\" \/>\n<meta name=\"robots\" content=\"index, follow, max-snippet:-1, max-image-preview:large, max-video-preview:-1\" \/>\n<link rel=\"canonical\" href=\"https:\/\/findfoodbank.org\/vi\/mission-vision\/\" \/>\n<meta property=\"og:locale\" content=\"vi_VN\" \/>\n<meta property=\"og:type\" content=\"article\" \/>\n<meta property=\"og:title\" content=\"Mission, Vision, Equity FIND Food Bank, Food Distribution\" \/>\n<meta property=\"og:description\" content=\"FIND Food Bank (Food In Need of Distribution) is dedicated to relieving hunger, the causes of hunger, and the problems associated with hunger.\" \/>\n<meta property=\"og:url\" content=\"https:\/\/findfoodbank.org\/vi\/mission-vision\/\" \/>\n<meta property=\"og:site_name\" content=\"FIND Food Bank\" \/>\n<meta property=\"article:modified_time\" content=\"2025-02-20T23:41:54+00:00\" \/>\n<meta property=\"og:image\" content=\"https:\/\/findfoodbank.org\/wp-content\/uploads\/2022\/01\/Radish-post-tw-1024x576.png\" \/>\n\t<meta property=\"og:image:width\" content=\"1024\" \/>\n\t<meta property=\"og:image:height\" content=\"576\" \/>\n\t<meta property=\"og:image:type\" content=\"image\/png\" \/>\n<meta name=\"twitter:card\" content=\"summary_large_image\" \/>\n<meta name=\"twitter:label1\" content=\"\u01af\u1edbc t\u00ednh th\u1eddi gian \u0111\u1ecdc\" \/>\n\t<meta name=\"twitter:data1\" content=\"2 ph\u00fat\" \/>\n<script type=\"application\/ld+json\" class=\"yoast-schema-graph\">{\"@context\":\"https:\\\/\\\/schema.org\",\"@graph\":[{\"@type\":\"WebPage\",\"@id\":\"https:\\\/\\\/findfoodbank.org\\\/mission-vision\\\/\",\"url\":\"https:\\\/\\\/findfoodbank.org\\\/mission-vision\\\/\",\"name\":\"Mission, Vision, Equity FIND Food Bank, Food Distribution\",\"isPartOf\":{\"@id\":\"https:\\\/\\\/findfoodbank.org\\\/#website\"},\"primaryImageOfPage\":{\"@id\":\"https:\\\/\\\/findfoodbank.org\\\/mission-vision\\\/#primaryimage\"},\"image\":{\"@id\":\"https:\\\/\\\/findfoodbank.org\\\/mission-vision\\\/#primaryimage\"},\"thumbnailUrl\":\"https:\\\/\\\/findfoodbank.org\\\/wp-content\\\/uploads\\\/2022\\\/01\\\/Radish-post-tw.png\",\"datePublished\":\"2022-01-10T19:27:00+00:00\",\"dateModified\":\"2025-02-20T23:41:54+00:00\",\"description\":\"FIND Food Bank (Food In Need of Distribution) is dedicated to relieving hunger, the causes of hunger, and the problems associated with hunger.\",\"breadcrumb\":{\"@id\":\"https:\\\/\\\/findfoodbank.org\\\/mission-vision\\\/#breadcrumb\"},\"inLanguage\":\"vi\",\"potentialAction\":[{\"@type\":\"ReadAction\",\"target\":[\"https:\\\/\\\/findfoodbank.org\\\/mission-vision\\\/\"]}]},{\"@type\":\"ImageObject\",\"inLanguage\":\"vi\",\"@id\":\"https:\\\/\\\/findfoodbank.org\\\/mission-vision\\\/#primaryimage\",\"url\":\"https:\\\/\\\/findfoodbank.org\\\/wp-content\\\/uploads\\\/2022\\\/01\\\/Radish-post-tw.png\",\"contentUrl\":\"https:\\\/\\\/findfoodbank.org\\\/wp-content\\\/uploads\\\/2022\\\/01\\\/Radish-post-tw.png\",\"width\":1600,\"height\":900},{\"@type\":\"BreadcrumbList\",\"@id\":\"https:\\\/\\\/findfoodbank.org\\\/mission-vision\\\/#breadcrumb\",\"itemListElement\":[{\"@type\":\"ListItem\",\"position\":1,\"name\":\"Home\",\"item\":\"https:\\\/\\\/findfoodbank.org\\\/\"},{\"@type\":\"ListItem\",\"position\":2,\"name\":\"Mission, Vision, Values\"}]},{\"@type\":\"WebSite\",\"@id\":\"https:\\\/\\\/findfoodbank.org\\\/#website\",\"url\":\"https:\\\/\\\/findfoodbank.org\\\/\",\"name\":\"FIND Food Bank\",\"description\":\"The Desert's Regional Food Bank\",\"publisher\":{\"@id\":\"https:\\\/\\\/findfoodbank.org\\\/#organization\"},\"potentialAction\":[{\"@type\":\"SearchAction\",\"target\":{\"@type\":\"EntryPoint\",\"urlTemplate\":\"https:\\\/\\\/findfoodbank.org\\\/?s={search_term_string}\"},\"query-input\":{\"@type\":\"PropertyValueSpecification\",\"valueRequired\":true,\"valueName\":\"search_term_string\"}}],\"inLanguage\":\"vi\"},{\"@type\":\"Organization\",\"@id\":\"https:\\\/\\\/findfoodbank.org\\\/#organization\",\"name\":\"FIND Food Bank\",\"url\":\"https:\\\/\\\/findfoodbank.org\\\/\",\"logo\":{\"@type\":\"ImageObject\",\"inLanguage\":\"vi\",\"@id\":\"https:\\\/\\\/findfoodbank.org\\\/#\\\/schema\\\/logo\\\/image\\\/\",\"url\":\"https:\\\/\\\/findfoodbank.org\\\/wp-content\\\/uploads\\\/2025\\\/09\\\/FIND-logo25-horizontal_4c.png\",\"contentUrl\":\"https:\\\/\\\/findfoodbank.org\\\/wp-content\\\/uploads\\\/2025\\\/09\\\/FIND-logo25-horizontal_4c.png\",\"width\":1189,\"height\":373,\"caption\":\"FIND Food Bank\"},\"image\":{\"@id\":\"https:\\\/\\\/findfoodbank.org\\\/#\\\/schema\\\/logo\\\/image\\\/\"}}]}<\/script>\n<!-- \/ Yoast SEO plugin. -->","yoast_head_json":{"title":"Mission, Vision, Equity FIND Food Bank, Food Distribution","description":"FIND Food Bank (Food In Need of Distribution) is dedicated to relieving hunger, the causes of hunger, and the problems associated with hunger.","robots":{"index":"index","follow":"follow","max-snippet":"max-snippet:-1","max-image-preview":"max-image-preview:large","max-video-preview":"max-video-preview:-1"},"canonical":"https:\/\/findfoodbank.org\/vi\/mission-vision\/","og_locale":"vi_VN","og_type":"article","og_title":"Mission, Vision, Equity FIND Food Bank, Food Distribution","og_description":"FIND Food Bank (Food In Need of Distribution) is dedicated to relieving hunger, the causes of hunger, and the problems associated with hunger.","og_url":"https:\/\/findfoodbank.org\/vi\/mission-vision\/","og_site_name":"FIND Food Bank","article_modified_time":"2025-02-20T23:41:54+00:00","og_image":[{"width":1024,"height":576,"url":"https:\/\/findfoodbank.org\/wp-content\/uploads\/2022\/01\/Radish-post-tw-1024x576.png","type":"image\/png"}],"twitter_card":"summary_large_image","twitter_misc":{"\u01af\u1edbc t\u00ednh th\u1eddi gian \u0111\u1ecdc":"2 ph\u00fat"},"schema":{"@context":"https:\/\/schema.org","@graph":[{"@type":"WebPage","@id":"https:\/\/findfoodbank.org\/mission-vision\/","url":"https:\/\/findfoodbank.org\/mission-vision\/","name":"Mission, Vision, Equity FIND Food Bank, Food Distribution","isPartOf":{"@id":"https:\/\/findfoodbank.org\/#website"},"primaryImageOfPage":{"@id":"https:\/\/findfoodbank.org\/mission-vision\/#primaryimage"},"image":{"@id":"https:\/\/findfoodbank.org\/mission-vision\/#primaryimage"},"thumbnailUrl":"https:\/\/findfoodbank.org\/wp-content\/uploads\/2022\/01\/Radish-post-tw.png","datePublished":"2022-01-10T19:27:00+00:00","dateModified":"2025-02-20T23:41:54+00:00","description":"FIND Food Bank (Food In Need of Distribution) is dedicated to relieving hunger, the causes of hunger, and the problems associated with hunger.","breadcrumb":{"@id":"https:\/\/findfoodbank.org\/mission-vision\/#breadcrumb"},"inLanguage":"vi","potentialAction":[{"@type":"ReadAction","target":["https:\/\/findfoodbank.org\/mission-vision\/"]}]},{"@type":"ImageObject","inLanguage":"vi","@id":"https:\/\/findfoodbank.org\/mission-vision\/#primaryimage","url":"https:\/\/findfoodbank.org\/wp-content\/uploads\/2022\/01\/Radish-post-tw.png","contentUrl":"https:\/\/findfoodbank.org\/wp-content\/uploads\/2022\/01\/Radish-post-tw.png","width":1600,"height":900},{"@type":"BreadcrumbList","@id":"https:\/\/findfoodbank.org\/mission-vision\/#breadcrumb","itemListElement":[{"@type":"ListItem","position":1,"name":"Home","item":"https:\/\/findfoodbank.org\/"},{"@type":"ListItem","position":2,"name":"Mission, Vision, Values"}]},{"@type":"WebSite","@id":"https:\/\/findfoodbank.org\/#website","url":"https:\/\/findfoodbank.org\/","name":"T\u00ccM Ng\u00e2n h\u00e0ng Th\u1ef1c ph\u1ea9m","description":"Ng\u00e2n h\u00e0ng l\u01b0\u01a1ng th\u1ef1c khu v\u1ef1c c\u1ee7a sa m\u1ea1c","publisher":{"@id":"https:\/\/findfoodbank.org\/#organization"},"potentialAction":[{"@type":"SearchAction","target":{"@type":"EntryPoint","urlTemplate":"https:\/\/findfoodbank.org\/?s={search_term_string}"},"query-input":{"@type":"PropertyValueSpecification","valueRequired":true,"valueName":"search_term_string"}}],"inLanguage":"vi"},{"@type":"Organization","@id":"https:\/\/findfoodbank.org\/#organization","name":"T\u00ccM Ng\u00e2n h\u00e0ng Th\u1ef1c ph\u1ea9m","url":"https:\/\/findfoodbank.org\/","logo":{"@type":"ImageObject","inLanguage":"vi","@id":"https:\/\/findfoodbank.org\/#\/schema\/logo\/image\/","url":"https:\/\/findfoodbank.org\/wp-content\/uploads\/2025\/09\/FIND-logo25-horizontal_4c.png","contentUrl":"https:\/\/findfoodbank.org\/wp-content\/uploads\/2025\/09\/FIND-logo25-horizontal_4c.png","width":1189,"height":373,"caption":"FIND Food Bank"},"image":{"@id":"https:\/\/findfoodbank.org\/#\/schema\/logo\/image\/"}}]}},"ticketed":false,"_links":{"self":[{"href":"https:\/\/findfoodbank.org\/vi\/wp-json\/wp\/v2\/pages\/5575","targetHints":{"allow":["GET"]}}],"collection":[{"href":"https:\/\/findfoodbank.org\/vi\/wp-json\/wp\/v2\/pages"}],"about":[{"href":"https:\/\/findfoodbank.org\/vi\/wp-json\/wp\/v2\/types\/page"}],"author":[{"embeddable":true,"href":"https:\/\/findfoodbank.org\/vi\/wp-json\/wp\/v2\/users\/15"}],"replies":[{"embeddable":true,"href":"https:\/\/findfoodbank.org\/vi\/wp-json\/wp\/v2\/comments?post=5575"}],"version-history":[{"count":24,"href":"https:\/\/findfoodbank.org\/vi\/wp-json\/wp\/v2\/pages\/5575\/revisions"}],"predecessor-version":[{"id":15462,"href":"https:\/\/findfoodbank.org\/vi\/wp-json\/wp\/v2\/pages\/5575\/revisions\/15462"}],"wp:featuredmedia":[{"embeddable":true,"href":"https:\/\/findfoodbank.org\/vi\/wp-json\/wp\/v2\/media\/5577"}],"wp:attachment":[{"href":"https:\/\/findfoodbank.org\/vi\/wp-json\/wp\/v2\/media?parent=5575"}],"curies":[{"name":"wp","href":"https:\/\/api.w.org\/{rel}","templated":true}]}}