{"id":4997,"date":"2021-12-21T13:05:28","date_gmt":"2021-12-21T21:05:28","guid":{"rendered":"https:\/\/findfoodbank.org\/?page_id=4997"},"modified":"2025-07-07T11:13:57","modified_gmt":"2025-07-07T18:13:57","slug":"history","status":"publish","type":"page","link":"https:\/\/findfoodbank.org\/vi\/history\/","title":{"rendered":"M\u00f4n l\u1ecbch s\u1eed"},"content":{"rendered":"<h1 class=\"wp-block-heading has-text-align-center\">T\u00ccM TH\u1ea4Y<\/h1>\n\n\n\n<h1 class=\"wp-block-heading has-text-align-center\">Th\u1ef1c ph\u1ea9m c\u1ea7n ph\u00e2n ph\u1ed1i<\/h1>\n\n\n\n<p>Since its inception in 1983, FIND Food Bank has been a community-based organization run by and for the people. From our humble beginnings in the city of Cathedral City to now serving 10,000-square-miles of eastern Riverside and southern San Bernardino counties our mission has not changed \u2013 Let\u2019s end hunger in the desert region.<\/p>\n\n\n<div class=\"gb-grid-wrapper gb-grid-wrapper-a36ae131\">\n<div class=\"gb-grid-column gb-grid-column-7a53349a\"><div class=\"gb-container gb-container-7a53349a\">\n\n<figure class=\"gb-block-image gb-block-image-5a946cd8\"><img loading=\"lazy\" decoding=\"async\" width=\"668\" height=\"704\" class=\"gb-image gb-image-5a946cd8\" src=\"https:\/\/findfoodbank.org\/wp-content\/uploads\/2021\/12\/wayne-robinson.png\" alt=\"\" title=\"wayne robinson\" srcset=\"https:\/\/findfoodbank.org\/wp-content\/uploads\/2021\/12\/wayne-robinson.png 668w, https:\/\/findfoodbank.org\/wp-content\/uploads\/2021\/12\/wayne-robinson-285x300.png 285w, https:\/\/findfoodbank.org\/wp-content\/uploads\/2021\/12\/wayne-robinson-11x12.png 11w, https:\/\/findfoodbank.org\/wp-content\/uploads\/2021\/12\/wayne-robinson-480x506.png 480w\" sizes=\"auto, (max-width: 668px) 100vw, 668px\" \/><\/figure>\n\n\n\n<figure class=\"gb-block-image gb-block-image-072d720e\"><img loading=\"lazy\" decoding=\"async\" width=\"2560\" height=\"1707\" class=\"gb-image gb-image-072d720e\" src=\"https:\/\/findfoodbank.org\/wp-content\/uploads\/2021\/12\/Robinson-Family-Volunteer-1-scaled.jpg\" alt=\"\" title=\"T\u00ecnh nguy\u1ec7n vi\u00ean gia \u0111\u00ecnh Robinson\" srcset=\"https:\/\/findfoodbank.org\/wp-content\/uploads\/2021\/12\/Robinson-Family-Volunteer-1-scaled.jpg 2560w, https:\/\/findfoodbank.org\/wp-content\/uploads\/2021\/12\/Robinson-Family-Volunteer-1-300x200.jpg 300w, https:\/\/findfoodbank.org\/wp-content\/uploads\/2021\/12\/Robinson-Family-Volunteer-1-1024x683.jpg 1024w, https:\/\/findfoodbank.org\/wp-content\/uploads\/2021\/12\/Robinson-Family-Volunteer-1-768x512.jpg 768w, https:\/\/findfoodbank.org\/wp-content\/uploads\/2021\/12\/Robinson-Family-Volunteer-1-1536x1024.jpg 1536w, https:\/\/findfoodbank.org\/wp-content\/uploads\/2021\/12\/Robinson-Family-Volunteer-1-2048x1365.jpg 2048w, https:\/\/findfoodbank.org\/wp-content\/uploads\/2021\/12\/Robinson-Family-Volunteer-1-18x12.jpg 18w, https:\/\/findfoodbank.org\/wp-content\/uploads\/2021\/12\/Robinson-Family-Volunteer-1-1080x720.jpg 1080w, https:\/\/findfoodbank.org\/wp-content\/uploads\/2021\/12\/Robinson-Family-Volunteer-1-1280x854.jpg 1280w, https:\/\/findfoodbank.org\/wp-content\/uploads\/2021\/12\/Robinson-Family-Volunteer-1-980x653.jpg 980w, https:\/\/findfoodbank.org\/wp-content\/uploads\/2021\/12\/Robinson-Family-Volunteer-1-480x320.jpg 480w\" sizes=\"auto, (max-width: 2560px) 100vw, 2560px\" \/><\/figure>\n\n<\/div><\/div>\n\n<div class=\"gb-grid-column gb-grid-column-3943fe92\"><div class=\"gb-container gb-container-3943fe92\">\n\n<h5 class=\"wp-block-heading\">1983<\/h5>\n\n\n\n<h2 class=\"wp-block-heading\">Wayne Robinson t\u00ecm th\u1ea5y&nbsp;<\/h2>\n\n\n\n<p>\u00d4ng Wayne Robinson nh\u1eadn th\u1ea5y nhu c\u1ea7u v\u1ec1 th\u1ef1c ph\u1ea9m tr\u00ean kh\u1eafp Thung l\u0169ng Coachella, v\u00e0 b\u1eaft \u0111\u1ea7u giao b\u00e1nh m\u00ec cho nh\u1eefng ng\u01b0\u1eddi v\u00f4 gia c\u01b0 trong khu ph\u1ed1 c\u1ee7a m\u00ecnh. Anh nh\u1eb7t \u0111\u1ed3 \u0103n m\u00e0 c\u00e1c c\u1eeda h\u00e0ng t\u1ea1p h\u00f3a s\u1ebd v\u1ee9t \u0111i v\u00e0 giao n\u00f3 trong chi\u1ebfc Pinto m\u00e0u xanh c\u1ee7a m\u00ecnh cho nh\u1eefng ng\u01b0\u1eddi c\u00f3 nhu c\u1ea7u. C\u00f3 tin \u0111\u1ed3n, v\u00e0 \u00f4ng Robinson b\u1eaft \u0111\u1ea7u tranh th\u1ee7 s\u1ef1 gi\u00fap \u0111\u1ee1 c\u1ee7a c\u00e1c t\u1ed5 ch\u1ee9c t\u00f4n gi\u00e1o v\u00e0 t\u00ecnh nguy\u1ec7n vi\u00ean \u0111\u1ec3 m\u1edf r\u1ed9ng ho\u1ea1t \u0111\u1ed9ng c\u1ee7a h\u1ecd nh\u1eb1m nu\u00f4i s\u1ed1ng c\u00e1c gia \u0111\u00ecnh v\u00e0 nh\u1eefng ng\u01b0\u1eddi \u0111ang l\u00e0m vi\u1ec7c ki\u1ebfm s\u1ed1ng.<\/p>\n\n\n\n<h5 class=\"wp-block-heading\">H\u00f4m nay<\/h5>\n\n\n\n<h2 class=\"wp-block-heading\">Gia \u0111\u00ecnh Robinson<\/h2>\n\n\n\n<p>Three generations of the Robinson family return to FIND\u2019s warehouse each year to celebrate Mr. Robinson\u2019s birthday and carry on his tradition of volunteerism. Becky Robinson (pictured left) his youngest daughter was one of FIND\u2019s first volunteers. His grandson remembers packing up bread in the blue Pinto when he was 14, and now it\u2019s his 37th year volunteering to help FIND feed those in need.&nbsp;<\/p>\n\n<\/div><\/div>\n<\/div>\n\n\n<h5 class=\"wp-block-heading\">1991<\/h5>\n\n\n\n<h2 class=\"wp-block-heading\">FIND\u2019s First Agency Partners<\/h2>\n\n\n\n<p><strong>\u0110\u1ec1n Sinai \u1edf Palm Desert<\/strong><\/p>\n\n\n\n<p>Trong 30 n\u0103m qua, m\u1ed9t nh\u00f3m t\u00ecnh nguy\u1ec7n vi\u00ean t\u1eadn t\u1ee5y \u0111\u00e3 \u0111\u00f3ng g\u00f3i th\u1ef1c ph\u1ea9m \u0111\u01b0\u1ee3c ch\u1ecdn tr\u01b0\u1edbc t\u1eeb nh\u00e0 kho c\u1ee7a FIND \u0111\u1ec3 ph\u00e2n ph\u00e1t cho ng\u01b0\u1eddi l\u1edbn tu\u1ed5i v\u00e0 ng\u01b0\u1eddi cao ni\u00ean trong n\u01b0\u1edbc \u1edf Palm Desert, Desert Hot Springs, Cathedral City, Indian Wells, Palm Springs v\u00e0 La Quinta. C\u00e1c t\u00ecnh nguy\u1ec7n vi\u00ean c\u1ee7a Temple Sinai \u0111\u00e3 ph\u1ee5c v\u1ee5 kho\u1ea3ng 800 ng\u01b0\u1eddi m\u1ed7i th\u00e1ng!<\/p>\n\n\n\n<p>Gi\u00e1m \u0111\u1ed1c ch\u01b0\u01a1ng tr\u00ecnh Gail v\u00e0 Saul Jacobs g\u1ea7n \u0111\u00e2y \u0111\u00e3 ngh\u1ec9 h\u01b0u v\u00e0 h\u1ed3i t\u01b0\u1edfng l\u1ea1i 28 n\u0103m ph\u1ee5c v\u1ee5 c\u1ee7a h\u1ecd trong m\u1ed9t&nbsp;<strong><a href=\"https:\/\/findfoodbank.org\/vi\/temple-sinai-volunteers\/\">video ph\u1ecfng v\u1ea5n v\u1edbi FIND<\/a>.<\/strong><\/p>\n\n\n\n<p><strong>Nh\u00e0 th\u1edd C\u00f4ng gi\u00e1o St. Theresa \u1edf Palm Springs<\/strong><\/p>\n\n\n\n<p>M\u1ed9t trong nh\u1eefng th\u00e0nh vi\u00ean \u0111\u1ea1i l\u00fd ban \u0111\u1ea7u c\u1ee7a FIND, St. Theresa ti\u1ebfp t\u1ee5c cung c\u1ea5p th\u1ee9c \u0103n cho c\u1ed9ng \u0111\u1ed3ng \u0111\u1ecba ph\u01b0\u01a1ng c\u1ee7a h\u1ecd v\u00e0o m\u1ed7i s\u00e1ng th\u1ee9 Hai.<\/p>\n\n\n\n<p><strong>T\u1ee7 \u0111\u1ef1ng th\u1ee9c \u0103n kh\u1ea9n c\u1ea5p Blythe<\/strong><\/p>\n\n\n\n<p>V\u1edbi vi\u1ec7c m\u1edf c\u1eeda 5 ng\u00e0y m\u1ed9t tu\u1ea7n, ch\u1ee7 ph\u00f2ng \u0103n Lloyd v\u00e0 Pat Hollingsworth s\u1ebd l\u00e1i xe 3 gi\u1edd \u0111\u1ebfn nh\u00e0 kho c\u1ee7a FIND \u1edf Indio \u0111\u1ec3 l\u1ea5y t\u1ea5t c\u1ea3 th\u1ef1c ph\u1ea9m h\u1ecd c\u1ea7n. H\u00f4m nay, c\u00e1c xe t\u1ea3i \u0111\u00f4ng l\u1ea1nh c\u1ee7a FIND th\u1ef1c hi\u1ec7n chuy\u1ebfn \u0111i \u0111\u1ebfn bi\u00ean gi\u1edbi Arizona \u0111\u1ec3 giao c\u00e1c m\u1eb7t h\u00e0ng th\u1ef1c ph\u1ea9m t\u1ed1t cho s\u1ee9c kh\u1ecfe.<\/p>\n\n\n\n<h5 class=\"wp-block-heading\">2009<\/h5>\n\n\n\n<h2 class=\"wp-block-heading\">T\u00ccM vi\u1ec7c chuy\u1ec3n sang Indio<\/h2>\n\n\n\n<p>Sau khi nh\u00e0 kho c\u1ee7a FIND \u1edf Th\u00e0nh ph\u1ed1 Cathedral b\u1ecb thi\u00eau r\u1ee5i trong m\u1ed9t v\u1ee5 h\u1ecfa ho\u1ea1n th\u1ea3m kh\u1ed1c, c\u01a1 s\u1edf kho h\u00e0ng m\u1edbi v\u00e0 c\u00e1c v\u0103n ph\u00f2ng h\u00e0nh ch\u00ednh \u0111\u01b0\u1ee3c thi\u1ebft k\u1ebf \u0111\u1eb7c bi\u1ec7t \u0111\u1ec3 tr\u1edf th\u00e0nh m\u1ed9t ng\u00e2n h\u00e0ng th\u1ef1c ph\u1ea9m trong khu v\u1ef1c. Hi\u1ec7n Ng\u00e2n h\u00e0ng Th\u1ef1c ph\u1ea9m FIND ho\u1ea1t \u0111\u1ed9ng trong m\u1ed9t nh\u00e0 kho r\u1ed9ng 40.000 foot vu\u00f4ng v\u1edbi hai t\u1ee7 \u0111\u00f4ng c\u00f4ng nghi\u1ec7p v\u00e0 t\u1ee7 \u0111\u00f4ng l\u1edbn nh\u1ea5t kh\u00f4ng qu\u00e1 0 \u1edf Thung l\u0169ng Coachella.<\/p>\n\n\n\n<h5 class=\"wp-block-heading\">2014<\/h5>\n\n\n\n<figure class=\"gb-block-image gb-block-image-fd62b2cf\"><img loading=\"lazy\" decoding=\"async\" width=\"300\" height=\"219\" class=\"gb-image gb-image-fd62b2cf\" src=\"https:\/\/findfoodbank.org\/wp-content\/uploads\/2021\/12\/IMG_0934-300x219.jpg\" alt=\"\" title=\"IMG_0934\" srcset=\"https:\/\/findfoodbank.org\/wp-content\/uploads\/2021\/12\/IMG_0934-300x219.jpg 300w, https:\/\/findfoodbank.org\/wp-content\/uploads\/2021\/12\/IMG_0934-1024x749.jpg 1024w, https:\/\/findfoodbank.org\/wp-content\/uploads\/2021\/12\/IMG_0934-768x562.jpg 768w, https:\/\/findfoodbank.org\/wp-content\/uploads\/2021\/12\/IMG_0934-1536x1123.jpg 1536w, https:\/\/findfoodbank.org\/wp-content\/uploads\/2021\/12\/IMG_0934-2048x1498.jpg 2048w, https:\/\/findfoodbank.org\/wp-content\/uploads\/2021\/12\/IMG_0934-16x12.jpg 16w, https:\/\/findfoodbank.org\/wp-content\/uploads\/2021\/12\/IMG_0934-1080x790.jpg 1080w, https:\/\/findfoodbank.org\/wp-content\/uploads\/2021\/12\/IMG_0934-1280x936.jpg 1280w, https:\/\/findfoodbank.org\/wp-content\/uploads\/2021\/12\/IMG_0934-980x717.jpg 980w, https:\/\/findfoodbank.org\/wp-content\/uploads\/2021\/12\/IMG_0934-480x351.jpg 480w\" sizes=\"auto, (max-width: 300px) 100vw, 300px\" \/><\/figure>\n\n\n\n<h2 class=\"wp-block-heading\">FIND\u2019s Kids Summer Club Kicks-Off<\/h2>\n\n\n\n<p>Recognizing that 4 out of 5 children in the public school system in the valley qualify for free and reduced-price meals, FIND launched our Kids Summer Club to provide fresh produce for kids and healthy groceries to take home to the family. The Farmer\u2019s Market-style distribution allowed kids to pick their fruits and vegetables while learning about nutrition to set them up to make healthy choices for a lifetime.<\/p>\n\n\n\n<h5 class=\"wp-block-heading\">2015<\/h5>\n\n\n\n<h2 class=\"wp-block-heading\">S\u1ef1 th\u00e0nh l\u1eadp c\u1ee7a FIND&#039;s Giving Society<\/h2>\n\n\n\n<p>FIND&#039;s Giving Society ghi nh\u1eadn s\u1ef1 cam k\u1ebft v\u00e0 h\u1ed7 tr\u1ee3 c\u1ee7a c\u00e1c nh\u00e0 \u0111\u1ea7u t\u01b0 h\u00e0o ph\u00f3ng v\u00e0 quan t\u00e2m \u0111\u1ebfn c\u1ed9ng \u0111\u1ed3ng nh\u1ea5t c\u1ee7a FIND Food Bank. C\u00e1c th\u00e0nh vi\u00ean quy\u00ean g\u00f3p h\u00e0ng n\u0103m t\u1ed1i thi\u1ec3u $1,000 tr\u1edf l\u00ean m\u1ed7i n\u0103m trong 5 n\u0103m \u0111\u1ec3 \u0111\u1ea3m b\u1ea3o t\u00ednh b\u1ec1n v\u1eefng c\u1ee7a c\u00e1c ch\u01b0\u01a1ng tr\u00ecnh c\u1ee7a FIND trong c\u1ed9ng \u0111\u1ed3ng.<\/p>\n\n\n\n<h5 class=\"wp-block-heading\">2019<\/h5>\n\n\n\n<figure class=\"gb-block-image gb-block-image-f91339f9\"><img loading=\"lazy\" decoding=\"async\" width=\"300\" height=\"225\" class=\"gb-image gb-image-f91339f9\" src=\"https:\/\/findfoodbank.org\/wp-content\/uploads\/2021\/12\/IMG_2085-300x225.jpg\" alt=\"\" title=\"IMG_2085\" srcset=\"https:\/\/findfoodbank.org\/wp-content\/uploads\/2021\/12\/IMG_2085-300x225.jpg 300w, https:\/\/findfoodbank.org\/wp-content\/uploads\/2021\/12\/IMG_2085-1024x768.jpg 1024w, https:\/\/findfoodbank.org\/wp-content\/uploads\/2021\/12\/IMG_2085-768x576.jpg 768w, https:\/\/findfoodbank.org\/wp-content\/uploads\/2021\/12\/IMG_2085-1536x1152.jpg 1536w, https:\/\/findfoodbank.org\/wp-content\/uploads\/2021\/12\/IMG_2085-2048x1536.jpg 2048w, https:\/\/findfoodbank.org\/wp-content\/uploads\/2021\/12\/IMG_2085-16x12.jpg 16w, https:\/\/findfoodbank.org\/wp-content\/uploads\/2021\/12\/IMG_2085-510x382.jpg 510w, https:\/\/findfoodbank.org\/wp-content\/uploads\/2021\/12\/IMG_2085-1080x810.jpg 1080w, https:\/\/findfoodbank.org\/wp-content\/uploads\/2021\/12\/IMG_2085-1280x960.jpg 1280w, https:\/\/findfoodbank.org\/wp-content\/uploads\/2021\/12\/IMG_2085-980x735.jpg 980w, https:\/\/findfoodbank.org\/wp-content\/uploads\/2021\/12\/IMG_2085-480x360.jpg 480w\" sizes=\"auto, (max-width: 300px) 100vw, 300px\" \/><\/figure>\n\n\n\n<h2 class=\"wp-block-heading\">Anza Mobile Market m\u1edf c\u1eeda<\/h2>\n\n\n\n<p>During the Anza Mountain Fires of 2019, FIND delivered emergency assistance to residents who lost power, water, and for some, their homes. Realizing that people faced food insecurity year-round, FIND opened a mobile market that serves Anza residents once every month. Instead of driving long distances, sometimes to Temecula, to access quality groceries, families can instead rely on FIND\u2019s trucks to deliver grocery staples to last a couple of weeks.&nbsp;<\/p>\n\n\n\n<h5 class=\"wp-block-heading\">2021<\/h5>\n\n\n\n<h2 class=\"wp-block-heading\">T\u00ccM Ng\u00e2n h\u00e0ng th\u1ef1c ph\u1ea9m m\u1edf chi nh\u00e1nh m\u1edbi \u1edf Hi-Desert<\/h2>\n\n\n\n<p>FIND \u0111\u00e3 m\u1edf r\u1ed9ng sang Hi-Desert \u0111\u1ec3 h\u1ed7 tr\u1ee3 c\u00e1c kho th\u1ef1c ph\u1ea9m v\u00e0 b\u1ebfp s\u00fap \u1edf Morongo Basin ho\u1ea1t \u0111\u1ed9ng trong &#039;sa m\u1ea1c th\u1ef1c ph\u1ea9m&#039;, c\u00f3 ngh\u0129a l\u00e0 h\u1ecd ph\u1ea3i \u0111i m\u1ed9t qu\u00e3ng \u0111\u01b0\u1eddng d\u00e0i \u0111\u1ec3 ch\u1ecdn th\u1ef1c ph\u1ea9m l\u00e0nh m\u1ea1nh cho kh\u00e1ch h\u00e0ng \u0111\u1ecba ph\u01b0\u01a1ng. Trung t\u00e2m ph\u00e2n ph\u1ed1i l\u01b0u tr\u1eef th\u1ef1c ph\u1ea9m l\u00e0nh m\u1ea1nh t\u1ea1i khu\u00f4n vi\u00ean Morongo Basin Healthcare District \u1edf Yucca Valley v\u00e0 ph\u1ee5c v\u1ee5 ch\u00edn trong s\u1ed1 c\u00e1c \u0111\u1ea1i l\u00fd th\u00e0nh vi\u00ean c\u1ee7a FIND.<\/p>\n\n\n\n<h1 class=\"wp-block-heading\">H\u00f4m nay<\/h1>\n\n\n\n<p>FIND Food Bank provides over 28 million pounds of food each year to 120,000 people on average each month through a robust network of 155 distribution sites, including old and new community agency partners and FIND\u2019s mobile markets. FIND is the largest hunger-relief organization utilizing 15 commercial vehicles to reach over 10,000-square-miles of the desert region to rescue and redistribute healthy food to anyone in need.<\/p>","protected":false},"excerpt":{"rendered":"<p> &#8230; <a title=\"M\u00f4n l\u1ecbch s\u1eed\" class=\"read-more\" href=\"https:\/\/findfoodbank.org\/vi\/history\/\" aria-label=\"\u0110\u1ecdc th\u00eam v\u1ec1 History\">Read more<\/a><\/p>","protected":false},"author":15,"featured_media":5027,"parent":0,"menu_order":0,"comment_status":"closed","ping_status":"closed","template":"","meta":{"_monsterinsights_skip_tracking":false,"_monsterinsights_sitenote_active":false,"_monsterinsights_sitenote_note":"","_monsterinsights_sitenote_category":0,"_price":"","_stock":"","_tribe_ticket_header":"","_tribe_default_ticket_provider":"","_tribe_ticket_capacity":"0","_ticket_start_date":"","_ticket_end_date":"","_tribe_ticket_show_description":"","_tribe_ticket_show_not_going":false,"_tribe_ticket_use_global_stock":"","_tribe_ticket_global_stock_level":"","_global_stock_mode":"","_global_stock_cap":"","_tribe_rsvp_for_event":"","_tribe_ticket_going_count":"","_tribe_ticket_not_going_count":"","_tribe_tickets_list":"[]","_tribe_ticket_has_attendee_info_fields":false,"footnotes":"","_tec_slr_enabled":"","_tec_slr_layout":""},"class_list":["post-4997","page","type-page","status-publish","has-post-thumbnail","resize-featured-image"],"yoast_head":"<!-- This site is optimized with the Yoast SEO plugin v27.4 - https:\/\/yoast.com\/product\/yoast-seo-wordpress\/ -->\n<title>History FIND Food Bank, Coachella Valley Food Distribution<\/title>\n<meta name=\"description\" content=\"Since its inception in 1983, FIND Food Bank has been a community-based organization run by and for the people. From our humble beginnings in the city of Cathedral City\" \/>\n<meta name=\"robots\" content=\"index, follow, max-snippet:-1, max-image-preview:large, max-video-preview:-1\" \/>\n<link rel=\"canonical\" href=\"https:\/\/findfoodbank.org\/vi\/history\/\" \/>\n<meta property=\"og:locale\" content=\"vi_VN\" \/>\n<meta property=\"og:type\" content=\"article\" \/>\n<meta property=\"og:title\" content=\"History FIND Food Bank, Coachella Valley Food Distribution\" \/>\n<meta property=\"og:description\" content=\"Since its inception in 1983, FIND Food Bank has been a community-based organization run by and for the people. From our humble beginnings in the city of Cathedral City\" \/>\n<meta property=\"og:url\" content=\"https:\/\/findfoodbank.org\/vi\/history\/\" \/>\n<meta property=\"og:site_name\" content=\"FIND Food Bank\" \/>\n<meta property=\"article:modified_time\" content=\"2025-07-07T18:13:57+00:00\" \/>\n<meta property=\"og:image\" content=\"https:\/\/findfoodbank.org\/wp-content\/uploads\/2021\/12\/FIND-old-cart.jpeg\" \/>\n\t<meta property=\"og:image:width\" content=\"309\" \/>\n\t<meta property=\"og:image:height\" content=\"166\" \/>\n\t<meta property=\"og:image:type\" content=\"image\/jpeg\" \/>\n<meta name=\"twitter:card\" content=\"summary_large_image\" \/>\n<meta name=\"twitter:label1\" content=\"\u01af\u1edbc t\u00ednh th\u1eddi gian \u0111\u1ecdc\" \/>\n\t<meta name=\"twitter:data1\" content=\"5 ph\u00fat\" \/>\n<script type=\"application\/ld+json\" class=\"yoast-schema-graph\">{\"@context\":\"https:\\\/\\\/schema.org\",\"@graph\":[{\"@type\":\"WebPage\",\"@id\":\"https:\\\/\\\/findfoodbank.org\\\/history\\\/\",\"url\":\"https:\\\/\\\/findfoodbank.org\\\/history\\\/\",\"name\":\"History FIND Food Bank, Coachella Valley Food Distribution\",\"isPartOf\":{\"@id\":\"https:\\\/\\\/findfoodbank.org\\\/#website\"},\"primaryImageOfPage\":{\"@id\":\"https:\\\/\\\/findfoodbank.org\\\/history\\\/#primaryimage\"},\"image\":{\"@id\":\"https:\\\/\\\/findfoodbank.org\\\/history\\\/#primaryimage\"},\"thumbnailUrl\":\"https:\\\/\\\/findfoodbank.org\\\/wp-content\\\/uploads\\\/2021\\\/12\\\/FIND-old-cart.jpeg\",\"datePublished\":\"2021-12-21T21:05:28+00:00\",\"dateModified\":\"2025-07-07T18:13:57+00:00\",\"description\":\"Since its inception in 1983, FIND Food Bank has been a community-based organization run by and for the people. From our humble beginnings in the city of Cathedral City\",\"breadcrumb\":{\"@id\":\"https:\\\/\\\/findfoodbank.org\\\/history\\\/#breadcrumb\"},\"inLanguage\":\"vi\",\"potentialAction\":[{\"@type\":\"ReadAction\",\"target\":[\"https:\\\/\\\/findfoodbank.org\\\/history\\\/\"]}]},{\"@type\":\"ImageObject\",\"inLanguage\":\"vi\",\"@id\":\"https:\\\/\\\/findfoodbank.org\\\/history\\\/#primaryimage\",\"url\":\"https:\\\/\\\/findfoodbank.org\\\/wp-content\\\/uploads\\\/2021\\\/12\\\/FIND-old-cart.jpeg\",\"contentUrl\":\"https:\\\/\\\/findfoodbank.org\\\/wp-content\\\/uploads\\\/2021\\\/12\\\/FIND-old-cart.jpeg\",\"width\":309,\"height\":166},{\"@type\":\"BreadcrumbList\",\"@id\":\"https:\\\/\\\/findfoodbank.org\\\/history\\\/#breadcrumb\",\"itemListElement\":[{\"@type\":\"ListItem\",\"position\":1,\"name\":\"Home\",\"item\":\"https:\\\/\\\/findfoodbank.org\\\/\"},{\"@type\":\"ListItem\",\"position\":2,\"name\":\"History\"}]},{\"@type\":\"WebSite\",\"@id\":\"https:\\\/\\\/findfoodbank.org\\\/#website\",\"url\":\"https:\\\/\\\/findfoodbank.org\\\/\",\"name\":\"FIND Food Bank\",\"description\":\"The Desert's Regional Food Bank\",\"publisher\":{\"@id\":\"https:\\\/\\\/findfoodbank.org\\\/#organization\"},\"potentialAction\":[{\"@type\":\"SearchAction\",\"target\":{\"@type\":\"EntryPoint\",\"urlTemplate\":\"https:\\\/\\\/findfoodbank.org\\\/?s={search_term_string}\"},\"query-input\":{\"@type\":\"PropertyValueSpecification\",\"valueRequired\":true,\"valueName\":\"search_term_string\"}}],\"inLanguage\":\"vi\"},{\"@type\":\"Organization\",\"@id\":\"https:\\\/\\\/findfoodbank.org\\\/#organization\",\"name\":\"FIND Food Bank\",\"url\":\"https:\\\/\\\/findfoodbank.org\\\/\",\"logo\":{\"@type\":\"ImageObject\",\"inLanguage\":\"vi\",\"@id\":\"https:\\\/\\\/findfoodbank.org\\\/#\\\/schema\\\/logo\\\/image\\\/\",\"url\":\"https:\\\/\\\/findfoodbank.org\\\/wp-content\\\/uploads\\\/2025\\\/09\\\/FIND-logo25-horizontal_4c.png\",\"contentUrl\":\"https:\\\/\\\/findfoodbank.org\\\/wp-content\\\/uploads\\\/2025\\\/09\\\/FIND-logo25-horizontal_4c.png\",\"width\":1189,\"height\":373,\"caption\":\"FIND Food Bank\"},\"image\":{\"@id\":\"https:\\\/\\\/findfoodbank.org\\\/#\\\/schema\\\/logo\\\/image\\\/\"}}]}<\/script>\n<!-- \/ Yoast SEO plugin. -->","yoast_head_json":{"title":"History FIND Food Bank, Coachella Valley Food Distribution","description":"Since its inception in 1983, FIND Food Bank has been a community-based organization run by and for the people. From our humble beginnings in the city of Cathedral City","robots":{"index":"index","follow":"follow","max-snippet":"max-snippet:-1","max-image-preview":"max-image-preview:large","max-video-preview":"max-video-preview:-1"},"canonical":"https:\/\/findfoodbank.org\/vi\/history\/","og_locale":"vi_VN","og_type":"article","og_title":"History FIND Food Bank, Coachella Valley Food Distribution","og_description":"Since its inception in 1983, FIND Food Bank has been a community-based organization run by and for the people. From our humble beginnings in the city of Cathedral City","og_url":"https:\/\/findfoodbank.org\/vi\/history\/","og_site_name":"FIND Food Bank","article_modified_time":"2025-07-07T18:13:57+00:00","og_image":[{"width":309,"height":166,"url":"https:\/\/findfoodbank.org\/wp-content\/uploads\/2021\/12\/FIND-old-cart.jpeg","type":"image\/jpeg"}],"twitter_card":"summary_large_image","twitter_misc":{"\u01af\u1edbc t\u00ednh th\u1eddi gian \u0111\u1ecdc":"5 ph\u00fat"},"schema":{"@context":"https:\/\/schema.org","@graph":[{"@type":"WebPage","@id":"https:\/\/findfoodbank.org\/history\/","url":"https:\/\/findfoodbank.org\/history\/","name":"History FIND Food Bank, Coachella Valley Food Distribution","isPartOf":{"@id":"https:\/\/findfoodbank.org\/#website"},"primaryImageOfPage":{"@id":"https:\/\/findfoodbank.org\/history\/#primaryimage"},"image":{"@id":"https:\/\/findfoodbank.org\/history\/#primaryimage"},"thumbnailUrl":"https:\/\/findfoodbank.org\/wp-content\/uploads\/2021\/12\/FIND-old-cart.jpeg","datePublished":"2021-12-21T21:05:28+00:00","dateModified":"2025-07-07T18:13:57+00:00","description":"Since its inception in 1983, FIND Food Bank has been a community-based organization run by and for the people. From our humble beginnings in the city of Cathedral City","breadcrumb":{"@id":"https:\/\/findfoodbank.org\/history\/#breadcrumb"},"inLanguage":"vi","potentialAction":[{"@type":"ReadAction","target":["https:\/\/findfoodbank.org\/history\/"]}]},{"@type":"ImageObject","inLanguage":"vi","@id":"https:\/\/findfoodbank.org\/history\/#primaryimage","url":"https:\/\/findfoodbank.org\/wp-content\/uploads\/2021\/12\/FIND-old-cart.jpeg","contentUrl":"https:\/\/findfoodbank.org\/wp-content\/uploads\/2021\/12\/FIND-old-cart.jpeg","width":309,"height":166},{"@type":"BreadcrumbList","@id":"https:\/\/findfoodbank.org\/history\/#breadcrumb","itemListElement":[{"@type":"ListItem","position":1,"name":"Home","item":"https:\/\/findfoodbank.org\/"},{"@type":"ListItem","position":2,"name":"History"}]},{"@type":"WebSite","@id":"https:\/\/findfoodbank.org\/#website","url":"https:\/\/findfoodbank.org\/","name":"T\u00ccM Ng\u00e2n h\u00e0ng Th\u1ef1c ph\u1ea9m","description":"Ng\u00e2n h\u00e0ng l\u01b0\u01a1ng th\u1ef1c khu v\u1ef1c c\u1ee7a sa m\u1ea1c","publisher":{"@id":"https:\/\/findfoodbank.org\/#organization"},"potentialAction":[{"@type":"SearchAction","target":{"@type":"EntryPoint","urlTemplate":"https:\/\/findfoodbank.org\/?s={search_term_string}"},"query-input":{"@type":"PropertyValueSpecification","valueRequired":true,"valueName":"search_term_string"}}],"inLanguage":"vi"},{"@type":"Organization","@id":"https:\/\/findfoodbank.org\/#organization","name":"T\u00ccM Ng\u00e2n h\u00e0ng Th\u1ef1c ph\u1ea9m","url":"https:\/\/findfoodbank.org\/","logo":{"@type":"ImageObject","inLanguage":"vi","@id":"https:\/\/findfoodbank.org\/#\/schema\/logo\/image\/","url":"https:\/\/findfoodbank.org\/wp-content\/uploads\/2025\/09\/FIND-logo25-horizontal_4c.png","contentUrl":"https:\/\/findfoodbank.org\/wp-content\/uploads\/2025\/09\/FIND-logo25-horizontal_4c.png","width":1189,"height":373,"caption":"FIND Food Bank"},"image":{"@id":"https:\/\/findfoodbank.org\/#\/schema\/logo\/image\/"}}]}},"ticketed":false,"_links":{"self":[{"href":"https:\/\/findfoodbank.org\/vi\/wp-json\/wp\/v2\/pages\/4997","targetHints":{"allow":["GET"]}}],"collection":[{"href":"https:\/\/findfoodbank.org\/vi\/wp-json\/wp\/v2\/pages"}],"about":[{"href":"https:\/\/findfoodbank.org\/vi\/wp-json\/wp\/v2\/types\/page"}],"author":[{"embeddable":true,"href":"https:\/\/findfoodbank.org\/vi\/wp-json\/wp\/v2\/users\/15"}],"replies":[{"embeddable":true,"href":"https:\/\/findfoodbank.org\/vi\/wp-json\/wp\/v2\/comments?post=4997"}],"version-history":[{"count":15,"href":"https:\/\/findfoodbank.org\/vi\/wp-json\/wp\/v2\/pages\/4997\/revisions"}],"predecessor-version":[{"id":16292,"href":"https:\/\/findfoodbank.org\/vi\/wp-json\/wp\/v2\/pages\/4997\/revisions\/16292"}],"wp:featuredmedia":[{"embeddable":true,"href":"https:\/\/findfoodbank.org\/vi\/wp-json\/wp\/v2\/media\/5027"}],"wp:attachment":[{"href":"https:\/\/findfoodbank.org\/vi\/wp-json\/wp\/v2\/media?parent=4997"}],"curies":[{"name":"wp","href":"https:\/\/api.w.org\/{rel}","templated":true}]}}