{"id":4939,"date":"2021-12-21T10:17:21","date_gmt":"2021-12-21T18:17:21","guid":{"rendered":"https:\/\/findfoodbank.org\/?page_id=4939"},"modified":"2025-02-21T10:06:39","modified_gmt":"2025-02-21T18:06:39","slug":"join-the-find-family","status":"publish","type":"page","link":"https:\/\/findfoodbank.org\/vi\/join-the-find-family\/","title":{"rendered":"Gia nh\u1eadp \u0111\u1ed9i ng\u0169 c\u1ee7a ch\u00fang t\u00f4i"},"content":{"rendered":"<div class=\"gb-container gb-container-73984ef9 alignfull\">\n<div class=\"gb-container gb-container-e71fbf23\">\n<div class=\"gb-grid-wrapper gb-grid-wrapper-28d1ca94\">\n<div class=\"gb-grid-column gb-grid-column-4d3db1ea\"><div class=\"gb-container gb-container-4d3db1ea\">\n\n<figure class=\"gb-block-image gb-block-image-36c2e6ab\"><img loading=\"lazy\" decoding=\"async\" width=\"2560\" height=\"1920\" class=\"gb-image gb-image-36c2e6ab\" src=\"https:\/\/findfoodbank.org\/wp-content\/uploads\/2024\/02\/IMG_0236-scaled.jpg\" alt=\"Volunteers\" title=\"T\u00ecnh nguy\u1ec7n vi\u00ean\" srcset=\"https:\/\/findfoodbank.org\/wp-content\/uploads\/2024\/02\/IMG_0236-scaled.jpg 2560w, https:\/\/findfoodbank.org\/wp-content\/uploads\/2024\/02\/IMG_0236-300x225.jpg 300w, https:\/\/findfoodbank.org\/wp-content\/uploads\/2024\/02\/IMG_0236-1024x768.jpg 1024w, https:\/\/findfoodbank.org\/wp-content\/uploads\/2024\/02\/IMG_0236-768x576.jpg 768w, https:\/\/findfoodbank.org\/wp-content\/uploads\/2024\/02\/IMG_0236-50x38.jpg 50w, https:\/\/findfoodbank.org\/wp-content\/uploads\/2024\/02\/IMG_0236-1600x1200.jpg 1600w, https:\/\/findfoodbank.org\/wp-content\/uploads\/2024\/02\/IMG_0236-1536x1152.jpg 1536w, https:\/\/findfoodbank.org\/wp-content\/uploads\/2024\/02\/IMG_0236-2048x1536.jpg 2048w, https:\/\/findfoodbank.org\/wp-content\/uploads\/2024\/02\/IMG_0236-16x12.jpg 16w\" sizes=\"auto, (max-width: 2560px) 100vw, 2560px\" \/><\/figure>\n\n<\/div><\/div>\n\n<div class=\"gb-grid-column gb-grid-column-cd939f9b\"><div class=\"gb-container gb-container-cd939f9b\">\n\n<h5 class=\"gb-headline gb-headline-358f601e gb-headline-text\">Cam k\u1ebft t\u1ea1o ra s\u1ef1 kh\u00e1c bi\u1ec7t<\/h5>\n\n\n\n<p>FIND&#8217;s vision is to create a community where all people are free of food insecurity. Our team is committed to the equitable and efficient distribution of healthy food resources, advancing outreach efforts to ensure access to government food assistance and medical programs, rescuing safe and edible foods that would otherwise be wasted in landfills, building community awareness, and leading a community movement of nonprofits and organizations committed to ending hunger in our region.<\/p>\n\n\n\n<h5 class=\"gb-headline gb-headline-8af3d5d6 gb-headline-text\"><strong>FIND&#8217;s culture is positive, compassionate, and committed. Our employees put the community above self because they love to serve.&nbsp; Join our team and start making a difference!<\/strong><\/h5>\n\n<\/div><\/div>\n<\/div>\n<\/div>\n\n<div class=\"gb-container gb-container-e5e8a015\">\n<div class=\"gb-grid-wrapper gb-grid-wrapper-c2ed2035\">\n<div class=\"gb-grid-column gb-grid-column-41312f1e\"><div class=\"gb-container gb-container-41312f1e\">\n\n<figure class=\"gb-block-image gb-block-image-df979481\"><img loading=\"lazy\" decoding=\"async\" width=\"2560\" height=\"1707\" class=\"gb-image gb-image-df979481\" src=\"https:\/\/findfoodbank.org\/wp-content\/uploads\/2024\/09\/DSC_0078-scaled.jpg\" alt=\"\" title=\"DSC_0078\" srcset=\"https:\/\/findfoodbank.org\/wp-content\/uploads\/2024\/09\/DSC_0078-scaled.jpg 2560w, https:\/\/findfoodbank.org\/wp-content\/uploads\/2024\/09\/DSC_0078-300x200.jpg 300w, https:\/\/findfoodbank.org\/wp-content\/uploads\/2024\/09\/DSC_0078-1024x683.jpg 1024w, https:\/\/findfoodbank.org\/wp-content\/uploads\/2024\/09\/DSC_0078-768x512.jpg 768w, https:\/\/findfoodbank.org\/wp-content\/uploads\/2024\/09\/DSC_0078-50x33.jpg 50w, https:\/\/findfoodbank.org\/wp-content\/uploads\/2024\/09\/DSC_0078-1600x1067.jpg 1600w, https:\/\/findfoodbank.org\/wp-content\/uploads\/2024\/09\/DSC_0078-1536x1024.jpg 1536w, https:\/\/findfoodbank.org\/wp-content\/uploads\/2024\/09\/DSC_0078-2048x1365.jpg 2048w, https:\/\/findfoodbank.org\/wp-content\/uploads\/2024\/09\/DSC_0078-18x12.jpg 18w\" sizes=\"auto, (max-width: 2560px) 100vw, 2560px\" \/><\/figure>\n\n\n\n<figure class=\"gb-block-image gb-block-image-a7b2ea5a\"><img loading=\"lazy\" decoding=\"async\" width=\"2560\" height=\"1707\" class=\"gb-image gb-image-a7b2ea5a\" src=\"https:\/\/findfoodbank.org\/wp-content\/uploads\/2022\/05\/IMG_3873-scaled.jpg\" srcset=\"https:\/\/findfoodbank.org\/wp-content\/uploads\/2022\/05\/IMG_3873-scaled.jpg 2560w, https:\/\/findfoodbank.org\/wp-content\/uploads\/2022\/05\/IMG_3873-300x200.jpg 300w, https:\/\/findfoodbank.org\/wp-content\/uploads\/2022\/05\/IMG_3873-1024x683.jpg 1024w, https:\/\/findfoodbank.org\/wp-content\/uploads\/2022\/05\/IMG_3873-768x512.jpg 768w, https:\/\/findfoodbank.org\/wp-content\/uploads\/2022\/05\/IMG_3873-1536x1024.jpg 1536w, https:\/\/findfoodbank.org\/wp-content\/uploads\/2022\/05\/IMG_3873-2048x1365.jpg 2048w, https:\/\/findfoodbank.org\/wp-content\/uploads\/2022\/05\/IMG_3873-18x12.jpg 18w, https:\/\/findfoodbank.org\/wp-content\/uploads\/2022\/05\/IMG_3873-1080x720.jpg 1080w, https:\/\/findfoodbank.org\/wp-content\/uploads\/2022\/05\/IMG_3873-1280x854.jpg 1280w, https:\/\/findfoodbank.org\/wp-content\/uploads\/2022\/05\/IMG_3873-980x653.jpg 980w, https:\/\/findfoodbank.org\/wp-content\/uploads\/2022\/05\/IMG_3873-480x320.jpg 480w\" sizes=\"auto, (max-width: 2560px) 100vw, 2560px\" \/><\/figure>\n\n\n\n<figure class=\"gb-block-image gb-block-image-9f9965a3\"><img loading=\"lazy\" decoding=\"async\" width=\"2560\" height=\"1707\" class=\"gb-image gb-image-9f9965a3\" src=\"https:\/\/findfoodbank.org\/wp-content\/uploads\/2022\/05\/IMG_3856-scaled.jpg\" srcset=\"https:\/\/findfoodbank.org\/wp-content\/uploads\/2022\/05\/IMG_3856-scaled.jpg 2560w, https:\/\/findfoodbank.org\/wp-content\/uploads\/2022\/05\/IMG_3856-300x200.jpg 300w, https:\/\/findfoodbank.org\/wp-content\/uploads\/2022\/05\/IMG_3856-1024x683.jpg 1024w, https:\/\/findfoodbank.org\/wp-content\/uploads\/2022\/05\/IMG_3856-768x512.jpg 768w, https:\/\/findfoodbank.org\/wp-content\/uploads\/2022\/05\/IMG_3856-1536x1024.jpg 1536w, https:\/\/findfoodbank.org\/wp-content\/uploads\/2022\/05\/IMG_3856-2048x1365.jpg 2048w, https:\/\/findfoodbank.org\/wp-content\/uploads\/2022\/05\/IMG_3856-18x12.jpg 18w, https:\/\/findfoodbank.org\/wp-content\/uploads\/2022\/05\/IMG_3856-1080x720.jpg 1080w, https:\/\/findfoodbank.org\/wp-content\/uploads\/2022\/05\/IMG_3856-1280x854.jpg 1280w, https:\/\/findfoodbank.org\/wp-content\/uploads\/2022\/05\/IMG_3856-980x653.jpg 980w, https:\/\/findfoodbank.org\/wp-content\/uploads\/2022\/05\/IMG_3856-480x320.jpg 480w\" sizes=\"auto, (max-width: 2560px) 100vw, 2560px\" \/><\/figure>\n\n<\/div><\/div>\n\n<div class=\"gb-grid-column gb-grid-column-1f54224f\"><div class=\"gb-container gb-container-1f54224f\">\n\n<h5 class=\"gb-headline gb-headline-565eac1b gb-headline-text\"><a href=\"https:\/\/www.indeed.com\/cmp\/Find-Food-Bank-1\">V\u1ecb tr\u00ed m\u1edf<\/a><\/h5>\n\n\n\n<h5 class=\"gb-headline gb-headline-4821fd51 gb-headline-text\">S\u1ee9 m\u1ec7nh &amp; Gi\u00e1 tr\u1ecb<\/h5>\n\n\n\n<p>\u0110\u1ec3 t\u1ea1o ra m\u1ed9t c\u1ed9ng \u0111\u1ed3ng kh\u00f4ng c\u00f2n n\u1ea1n \u0111\u00f3i v\u00e0 m\u1ea5t an ninh l\u01b0\u01a1ng th\u1ef1c, c\u00e1c nh\u00e2n vi\u00ean c\u1ee7a FIND Food Bank \u0111\u01b0\u1ee3c h\u01b0\u1edbng d\u1eabn b\u1edfi c\u00e1c gi\u00e1 tr\u1ecb c\u1ed1t l\u00f5i c\u1ee7a FIND: <\/p>\n\n\n\n<p>K\u00ednh tr\u1ecdng<br>Integrity<br>S\u1ef1 h\u1ee3p t\u00e1c<br>D\u1ecbch v\u1ee5<br>Tr\u00e1ch nhi\u1ec7m gi\u1ea3i tr\u00ecnh<\/p>\n\n\n\n<h5 class=\"gb-headline gb-headline-46831ee7 gb-headline-text\">L\u1ee3i \u00edch<\/h5>\n\n\n\n<p>Nh\u00e2n vi\u00ean FIND to\u00e0n th\u1eddi gian \u0111\u01b0\u1ee3c h\u01b0\u1edfng g\u00f3i ph\u00fac l\u1ee3i c\u1ea1nh tranh.\n<\/p>\n\n\n\n<h5 class=\"gb-headline gb-headline-1dde2244 gb-headline-text\">C\u01a1 h\u1ed9i b\u00ecnh \u0111\u1eb3ng vi\u1ec7c l\u00e0m<\/h5>\n\n\n\n<p><em>FIND kh\u00f4ng ph\u00e2n bi\u1ec7t \u0111\u1ed1i x\u1eed b\u1ea5t h\u1ee3p ph\u00e1p d\u1ef1a tr\u00ean ch\u1ee7ng t\u1ed9c, m\u00e0u da, t\u00f4n gi\u00e1o, t\u00edn ng\u01b0\u1ee1ng t\u00f4n gi\u00e1o (bao g\u1ed3m c\u1ea3 trang ph\u1ee5c t\u00f4n gi\u00e1o v\u00e0 ch\u1ea3i chu\u1ed1t t\u00f4n gi\u00e1o), gi\u1edbi t\u00ednh (bao g\u1ed3m mang thai, mang thai \u0111\u01b0\u1ee3c nh\u1eadn th\u1ee9c, sinh con, cho con b\u00fa ho\u1eb7c c\u00e1c t\u00ecnh tr\u1ea1ng y t\u1ebf li\u00ean quan), gi\u1edbi t\u00ednh, b\u1ea3n d\u1ea1ng gi\u1edbi (bao g\u1ed3m nh\u1eadn d\u1ea1ng chuy\u1ec3n gi\u1edbi v\u00e0 chuy\u1ec3n \u0111\u1ed5i gi\u1edbi t\u00ednh), bi\u1ec3u hi\u1ec7n gi\u1edbi v\u00e0 \u0111\u1ecbnh ki\u1ebfn v\u1ec1 gi\u1edbi t\u00ednh, ngu\u1ed3n g\u1ed1c qu\u1ed1c gia, t\u1ed5 ti\u00ean, qu\u1ed1c t\u1ecbch, tu\u1ed5i t\u00e1c, khuy\u1ebft t\u1eadt v\u1ec1 th\u1ec3 ch\u1ea5t ho\u1eb7c tinh th\u1ea7n, t\u00ecnh tr\u1ea1ng ho\u1eb7c th\u00f4ng tin y t\u1ebf \u0111\u01b0\u1ee3c b\u1ea3o v\u1ec7 h\u1ee3p ph\u00e1p (bao g\u1ed3m th\u00f4ng tin di truy\u1ec1n), t\u00ecnh tr\u1ea1ng ch\u0103m s\u00f3c gia \u0111\u00ecnh ho\u1eb7c ngh\u1ec9 vi\u1ec7c y t\u1ebf, t\u00ecnh tr\u1ea1ng ng\u01b0\u1eddi ch\u0103m s\u00f3c trong qu\u00e2n \u0111\u1ed9i, qu\u00e2n \u0111\u1ed9i t\u00ecnh tr\u1ea1ng, t\u00ecnh tr\u1ea1ng c\u1ef1u chi\u1ebfn binh, t\u00ecnh tr\u1ea1ng h\u00f4n nh\u00e2n, t\u00ecnh tr\u1ea1ng b\u1ea1n \u0111\u1eddi, khuynh h\u01b0\u1edbng t\u00ecnh d\u1ee5c, t\u00ecnh tr\u1ea1ng l\u00e0 n\u1ea1n nh\u00e2n c\u1ee7a b\u1ea1o l\u1ef1c gia \u0111\u00ecnh, t\u1ea5n c\u00f4ng ho\u1eb7c r\u00ecnh r\u1eadp t\u00ecnh d\u1ee5c, ghi danh v\u00e0o m\u1ed9t ch\u01b0\u01a1ng tr\u00ecnh tr\u1ee3 gi\u00fap c\u00f4ng c\u1ed9ng, tham gia v\u00e0o c\u00e1c th\u00f4ng tin \u0111\u01b0\u1ee3c b\u1ea3o v\u1ec7 li\u00ean quan \u0111\u1ebfn ti\u1ec1n l\u01b0\u01a1ng c\u1ee7a nh\u00e2n vi\u00ean, y\u00eau c\u1ea7u m\u1ed9t ch\u1ed7 \u1edf h\u1ee3p l\u00fd tr\u00ean c\u01a1 s\u1edf khuy\u1ebft t\u1eadt ho\u1eb7c thi\u1ebfu ni\u1ec1m tin ho\u1eb7c th\u1ef1c h\u00e0nh t\u00f4n gi\u00e1o, ho\u1eb7c b\u1ea5t k\u1ef3 c\u01a1 s\u1edf n\u00e0o kh\u00e1c \u0111\u01b0\u1ee3c b\u1ea3o v\u1ec7 b\u1edfi lu\u1eadt \u0111\u1ecba ph\u01b0\u01a1ng, ti\u1ec3u bang ho\u1eb7c li\u00ean bang.<\/em><\/p>\n\n<\/div><\/div>\n<\/div>\n<\/div>\n<\/div>","protected":false},"excerpt":{"rendered":"","protected":false},"author":15,"featured_media":7246,"parent":0,"menu_order":0,"comment_status":"closed","ping_status":"closed","template":"","meta":{"_monsterinsights_skip_tracking":false,"_monsterinsights_sitenote_active":false,"_monsterinsights_sitenote_note":"","_monsterinsights_sitenote_category":0,"_price":"","_stock":"","_tribe_ticket_header":"","_tribe_default_ticket_provider":"","_tribe_ticket_capacity":"0","_ticket_start_date":"","_ticket_end_date":"","_tribe_ticket_show_description":"","_tribe_ticket_show_not_going":false,"_tribe_ticket_use_global_stock":"","_tribe_ticket_global_stock_level":"","_global_stock_mode":"","_global_stock_cap":"","_tribe_rsvp_for_event":"","_tribe_ticket_going_count":"","_tribe_ticket_not_going_count":"","_tribe_tickets_list":"[]","_tribe_ticket_has_attendee_info_fields":false,"footnotes":"","_tec_slr_enabled":"","_tec_slr_layout":""},"class_list":["post-4939","page","type-page","status-publish","has-post-thumbnail","resize-featured-image"],"yoast_head":"<!-- This site is optimized with the Yoast SEO plugin v27.5 - https:\/\/yoast.com\/product\/yoast-seo-wordpress\/ -->\n<title>Join Our Team FIND Food Bank, Become Part of the Team<\/title>\n<meta name=\"description\" content=\"FIND\u2019s vision is to create a community where people are free of food insecurity. Our team is committed to the equitable and efficient distribution...\" \/>\n<meta name=\"robots\" content=\"index, follow, max-snippet:-1, max-image-preview:large, max-video-preview:-1\" \/>\n<link rel=\"canonical\" href=\"https:\/\/findfoodbank.org\/vi\/join-the-find-family\/\" \/>\n<meta property=\"og:locale\" content=\"vi_VN\" \/>\n<meta property=\"og:type\" content=\"article\" \/>\n<meta property=\"og:title\" content=\"Join Our Team FIND Food Bank, Become Part of the Team\" \/>\n<meta property=\"og:description\" content=\"FIND\u2019s vision is to create a community where people are free of food insecurity. Our team is committed to the equitable and efficient distribution...\" \/>\n<meta property=\"og:url\" content=\"https:\/\/findfoodbank.org\/vi\/join-the-find-family\/\" \/>\n<meta property=\"og:site_name\" content=\"FIND Food Bank\" \/>\n<meta property=\"article:modified_time\" content=\"2025-02-21T18:06:39+00:00\" \/>\n<meta property=\"og:image\" content=\"https:\/\/findfoodbank.org\/wp-content\/uploads\/2022\/05\/IMG_3856-scaled.jpg\" \/>\n\t<meta property=\"og:image:width\" content=\"2560\" \/>\n\t<meta property=\"og:image:height\" content=\"1707\" \/>\n\t<meta property=\"og:image:type\" content=\"image\/jpeg\" \/>\n<meta name=\"twitter:card\" content=\"summary_large_image\" \/>\n<meta name=\"twitter:label1\" content=\"\u01af\u1edbc t\u00ednh th\u1eddi gian \u0111\u1ecdc\" \/>\n\t<meta name=\"twitter:data1\" content=\"3 ph\u00fat\" \/>\n<script type=\"application\/ld+json\" class=\"yoast-schema-graph\">{\"@context\":\"https:\\\/\\\/schema.org\",\"@graph\":[{\"@type\":\"WebPage\",\"@id\":\"https:\\\/\\\/findfoodbank.org\\\/join-the-find-family\\\/\",\"url\":\"https:\\\/\\\/findfoodbank.org\\\/join-the-find-family\\\/\",\"name\":\"Join Our Team FIND Food Bank, Become Part of the Team\",\"isPartOf\":{\"@id\":\"https:\\\/\\\/findfoodbank.org\\\/#website\"},\"primaryImageOfPage\":{\"@id\":\"https:\\\/\\\/findfoodbank.org\\\/join-the-find-family\\\/#primaryimage\"},\"image\":{\"@id\":\"https:\\\/\\\/findfoodbank.org\\\/join-the-find-family\\\/#primaryimage\"},\"thumbnailUrl\":\"https:\\\/\\\/findfoodbank.org\\\/wp-content\\\/uploads\\\/2022\\\/05\\\/IMG_3856-scaled.jpg\",\"datePublished\":\"2021-12-21T18:17:21+00:00\",\"dateModified\":\"2025-02-21T18:06:39+00:00\",\"description\":\"FIND\u2019s vision is to create a community where people are free of food insecurity. Our team is committed to the equitable and efficient distribution...\",\"breadcrumb\":{\"@id\":\"https:\\\/\\\/findfoodbank.org\\\/join-the-find-family\\\/#breadcrumb\"},\"inLanguage\":\"vi\",\"potentialAction\":[{\"@type\":\"ReadAction\",\"target\":[\"https:\\\/\\\/findfoodbank.org\\\/join-the-find-family\\\/\"]}]},{\"@type\":\"ImageObject\",\"inLanguage\":\"vi\",\"@id\":\"https:\\\/\\\/findfoodbank.org\\\/join-the-find-family\\\/#primaryimage\",\"url\":\"https:\\\/\\\/findfoodbank.org\\\/wp-content\\\/uploads\\\/2022\\\/05\\\/IMG_3856-scaled.jpg\",\"contentUrl\":\"https:\\\/\\\/findfoodbank.org\\\/wp-content\\\/uploads\\\/2022\\\/05\\\/IMG_3856-scaled.jpg\",\"width\":2560,\"height\":1707},{\"@type\":\"BreadcrumbList\",\"@id\":\"https:\\\/\\\/findfoodbank.org\\\/join-the-find-family\\\/#breadcrumb\",\"itemListElement\":[{\"@type\":\"ListItem\",\"position\":1,\"name\":\"Home\",\"item\":\"https:\\\/\\\/findfoodbank.org\\\/\"},{\"@type\":\"ListItem\",\"position\":2,\"name\":\"Join Our Team\"}]},{\"@type\":\"WebSite\",\"@id\":\"https:\\\/\\\/findfoodbank.org\\\/#website\",\"url\":\"https:\\\/\\\/findfoodbank.org\\\/\",\"name\":\"FIND Food Bank\",\"description\":\"The Desert's Regional Food Bank\",\"publisher\":{\"@id\":\"https:\\\/\\\/findfoodbank.org\\\/#organization\"},\"potentialAction\":[{\"@type\":\"SearchAction\",\"target\":{\"@type\":\"EntryPoint\",\"urlTemplate\":\"https:\\\/\\\/findfoodbank.org\\\/?s={search_term_string}\"},\"query-input\":{\"@type\":\"PropertyValueSpecification\",\"valueRequired\":true,\"valueName\":\"search_term_string\"}}],\"inLanguage\":\"vi\"},{\"@type\":\"Organization\",\"@id\":\"https:\\\/\\\/findfoodbank.org\\\/#organization\",\"name\":\"FIND Food Bank\",\"url\":\"https:\\\/\\\/findfoodbank.org\\\/\",\"logo\":{\"@type\":\"ImageObject\",\"inLanguage\":\"vi\",\"@id\":\"https:\\\/\\\/findfoodbank.org\\\/#\\\/schema\\\/logo\\\/image\\\/\",\"url\":\"https:\\\/\\\/findfoodbank.org\\\/wp-content\\\/uploads\\\/2025\\\/09\\\/FIND-logo25-horizontal_4c.png\",\"contentUrl\":\"https:\\\/\\\/findfoodbank.org\\\/wp-content\\\/uploads\\\/2025\\\/09\\\/FIND-logo25-horizontal_4c.png\",\"width\":1189,\"height\":373,\"caption\":\"FIND Food Bank\"},\"image\":{\"@id\":\"https:\\\/\\\/findfoodbank.org\\\/#\\\/schema\\\/logo\\\/image\\\/\"}}]}<\/script>\n<!-- \/ Yoast SEO plugin. -->","yoast_head_json":{"title":"Join Our Team FIND Food Bank, Become Part of the Team","description":"FIND\u2019s vision is to create a community where people are free of food insecurity. Our team is committed to the equitable and efficient distribution...","robots":{"index":"index","follow":"follow","max-snippet":"max-snippet:-1","max-image-preview":"max-image-preview:large","max-video-preview":"max-video-preview:-1"},"canonical":"https:\/\/findfoodbank.org\/vi\/join-the-find-family\/","og_locale":"vi_VN","og_type":"article","og_title":"Join Our Team FIND Food Bank, Become Part of the Team","og_description":"FIND\u2019s vision is to create a community where people are free of food insecurity. Our team is committed to the equitable and efficient distribution...","og_url":"https:\/\/findfoodbank.org\/vi\/join-the-find-family\/","og_site_name":"FIND Food Bank","article_modified_time":"2025-02-21T18:06:39+00:00","og_image":[{"width":2560,"height":1707,"url":"https:\/\/findfoodbank.org\/wp-content\/uploads\/2022\/05\/IMG_3856-scaled.jpg","type":"image\/jpeg"}],"twitter_card":"summary_large_image","twitter_misc":{"\u01af\u1edbc t\u00ednh th\u1eddi gian \u0111\u1ecdc":"3 ph\u00fat"},"schema":{"@context":"https:\/\/schema.org","@graph":[{"@type":"WebPage","@id":"https:\/\/findfoodbank.org\/join-the-find-family\/","url":"https:\/\/findfoodbank.org\/join-the-find-family\/","name":"Join Our Team FIND Food Bank, Become Part of the Team","isPartOf":{"@id":"https:\/\/findfoodbank.org\/#website"},"primaryImageOfPage":{"@id":"https:\/\/findfoodbank.org\/join-the-find-family\/#primaryimage"},"image":{"@id":"https:\/\/findfoodbank.org\/join-the-find-family\/#primaryimage"},"thumbnailUrl":"https:\/\/findfoodbank.org\/wp-content\/uploads\/2022\/05\/IMG_3856-scaled.jpg","datePublished":"2021-12-21T18:17:21+00:00","dateModified":"2025-02-21T18:06:39+00:00","description":"FIND\u2019s vision is to create a community where people are free of food insecurity. Our team is committed to the equitable and efficient distribution...","breadcrumb":{"@id":"https:\/\/findfoodbank.org\/join-the-find-family\/#breadcrumb"},"inLanguage":"vi","potentialAction":[{"@type":"ReadAction","target":["https:\/\/findfoodbank.org\/join-the-find-family\/"]}]},{"@type":"ImageObject","inLanguage":"vi","@id":"https:\/\/findfoodbank.org\/join-the-find-family\/#primaryimage","url":"https:\/\/findfoodbank.org\/wp-content\/uploads\/2022\/05\/IMG_3856-scaled.jpg","contentUrl":"https:\/\/findfoodbank.org\/wp-content\/uploads\/2022\/05\/IMG_3856-scaled.jpg","width":2560,"height":1707},{"@type":"BreadcrumbList","@id":"https:\/\/findfoodbank.org\/join-the-find-family\/#breadcrumb","itemListElement":[{"@type":"ListItem","position":1,"name":"Home","item":"https:\/\/findfoodbank.org\/"},{"@type":"ListItem","position":2,"name":"Join Our Team"}]},{"@type":"WebSite","@id":"https:\/\/findfoodbank.org\/#website","url":"https:\/\/findfoodbank.org\/","name":"T\u00ccM Ng\u00e2n h\u00e0ng Th\u1ef1c ph\u1ea9m","description":"Ng\u00e2n h\u00e0ng l\u01b0\u01a1ng th\u1ef1c khu v\u1ef1c c\u1ee7a sa m\u1ea1c","publisher":{"@id":"https:\/\/findfoodbank.org\/#organization"},"potentialAction":[{"@type":"SearchAction","target":{"@type":"EntryPoint","urlTemplate":"https:\/\/findfoodbank.org\/?s={search_term_string}"},"query-input":{"@type":"PropertyValueSpecification","valueRequired":true,"valueName":"search_term_string"}}],"inLanguage":"vi"},{"@type":"Organization","@id":"https:\/\/findfoodbank.org\/#organization","name":"T\u00ccM Ng\u00e2n h\u00e0ng Th\u1ef1c ph\u1ea9m","url":"https:\/\/findfoodbank.org\/","logo":{"@type":"ImageObject","inLanguage":"vi","@id":"https:\/\/findfoodbank.org\/#\/schema\/logo\/image\/","url":"https:\/\/findfoodbank.org\/wp-content\/uploads\/2025\/09\/FIND-logo25-horizontal_4c.png","contentUrl":"https:\/\/findfoodbank.org\/wp-content\/uploads\/2025\/09\/FIND-logo25-horizontal_4c.png","width":1189,"height":373,"caption":"FIND Food Bank"},"image":{"@id":"https:\/\/findfoodbank.org\/#\/schema\/logo\/image\/"}}]}},"ticketed":false,"_links":{"self":[{"href":"https:\/\/findfoodbank.org\/vi\/wp-json\/wp\/v2\/pages\/4939","targetHints":{"allow":["GET"]}}],"collection":[{"href":"https:\/\/findfoodbank.org\/vi\/wp-json\/wp\/v2\/pages"}],"about":[{"href":"https:\/\/findfoodbank.org\/vi\/wp-json\/wp\/v2\/types\/page"}],"author":[{"embeddable":true,"href":"https:\/\/findfoodbank.org\/vi\/wp-json\/wp\/v2\/users\/15"}],"replies":[{"embeddable":true,"href":"https:\/\/findfoodbank.org\/vi\/wp-json\/wp\/v2\/comments?post=4939"}],"version-history":[{"count":19,"href":"https:\/\/findfoodbank.org\/vi\/wp-json\/wp\/v2\/pages\/4939\/revisions"}],"predecessor-version":[{"id":15482,"href":"https:\/\/findfoodbank.org\/vi\/wp-json\/wp\/v2\/pages\/4939\/revisions\/15482"}],"wp:featuredmedia":[{"embeddable":true,"href":"https:\/\/findfoodbank.org\/vi\/wp-json\/wp\/v2\/media\/7246"}],"wp:attachment":[{"href":"https:\/\/findfoodbank.org\/vi\/wp-json\/wp\/v2\/media?parent=4939"}],"curies":[{"name":"wp","href":"https:\/\/api.w.org\/{rel}","templated":true}]}}