{"id":3668,"date":"2021-09-24T12:16:50","date_gmt":"2021-09-24T19:16:50","guid":{"rendered":"https:\/\/findfoodbank.org\/?page_id=3668"},"modified":"2025-02-20T16:14:58","modified_gmt":"2025-02-21T00:14:58","slug":"matchinggifts","status":"publish","type":"page","link":"https:\/\/findfoodbank.org\/vi\/matchinggifts\/","title":{"rendered":"Qu\u00e0 t\u1eb7ng ph\u00f9 h\u1ee3p"},"content":{"rendered":"<div class=\"gb-container gb-container-e19254c1 alignfull\">\n<div class=\"gb-container gb-container-bf156f95\">\n<div class=\"gb-grid-wrapper gb-grid-wrapper-bd600e2b\">\n<div class=\"gb-grid-column gb-grid-column-63a88856\"><div class=\"gb-container gb-container-63a88856\">\n<nav style=\"color: #324452;\" class=\"has-text-color  is-vertical wp-block-navigation is-layout-flex wp-container-core-navigation-is-layout-8cf370e7 wp-block-navigation-is-layout-flex\" aria-label=\"H\u1ed7 tr\u1ee3 t\u00e0i ch\u00ednh\"><ul style=\"color: #324452;\" class=\"wp-block-navigation__container has-text-color  is-vertical wp-block-navigation\"><li class=\"wp-block-navigation-item wp-block-navigation-link\"><a class=\"wp-block-navigation-item__content\"  href=\"https:\/\/findfoodbank.org\/vi\/get-involved\/financial-support\/annual-giving\/\"><span class=\"wp-block-navigation-item__label\">T\u1eb7ng h\u00e0ng n\u0103m<\/span><\/a><\/li><li class=\"wp-block-navigation-item wp-block-navigation-link\"><a class=\"wp-block-navigation-item__content\"  href=\"https:\/\/findfoodbank.org\/vi\/planned-estate-giving\/\"><span class=\"wp-block-navigation-item__label\">K\u1ebf ho\u1ea1ch &amp; Cho t\u1eb7ng B\u1ea5t \u0111\u1ed9ng s\u1ea3n<\/span><\/a><\/li><li class=\"wp-block-navigation-item wp-block-navigation-link\"><a class=\"wp-block-navigation-item__content\"  href=\"https:\/\/findfoodbank.org\/vi\/matchinggifts\/\"><span class=\"wp-block-navigation-item__label\">Qu\u00e0 t\u1eb7ng ph\u00f9 h\u1ee3p<\/span><\/a><\/li><li class=\"wp-block-navigation-item wp-block-navigation-link\"><a class=\"wp-block-navigation-item__content\"  href=\"https:\/\/findfoodbank.org\/vi\/stock-gifts\/\"><span class=\"wp-block-navigation-item__label\">Qu\u00e0 t\u1eb7ng c\u1ed5 phi\u1ebfu<\/span><\/a><\/li><li class=\"wp-block-navigation-item wp-block-navigation-link\"><a class=\"wp-block-navigation-item__content\"  href=\"https:\/\/findfoodbank.org\/vi\/get-involved\/financial-support\/donor-faqs\/\"><span class=\"wp-block-navigation-item__label\">C\u00e2u h\u1ecfi th\u01b0\u1eddng g\u1eb7p v\u1ec1 nh\u00e0 t\u00e0i tr\u1ee3<span>&#039;<\/span>NS<\/span><\/a><\/li><li class=\"wp-block-navigation-item wp-block-navigation-link\"><a class=\"wp-block-navigation-item__content\"  href=\"https:\/\/findfoodbank.org\/vi\/shoptogive\/\"><span class=\"wp-block-navigation-item__label\">Mua s\u1eafm \u0111\u1ec3 t\u1eb7ng<\/span><\/a><\/li><li class=\"wp-block-navigation-item wp-block-navigation-link\"><a class=\"wp-block-navigation-item__content\"  href=\"https:\/\/findfoodbank.org\/vi\/giving-society\/\"><span class=\"wp-block-navigation-item__label\">Cho x\u00e3 h\u1ed9i<\/span><\/a><\/li><\/ul><\/nav>\n<\/div><\/div>\n\n<div class=\"gb-grid-column gb-grid-column-6b27eed5\"><div class=\"gb-container gb-container-6b27eed5\">\n\n<h5 class=\"gb-headline gb-headline-e98526df gb-headline-text\">Qu\u00e0 t\u1eb7ng ph\u00f9 h\u1ee3p<\/h5>\n\n\n\n<p>Kho\u1ea3n \u0111\u00f3ng g\u00f3p c\u1ee7a b\u1ea1n c\u00f3 th\u1ec3 ti\u1ebfn xa h\u01a1n n\u1eefa \u0111\u1ec3 cung c\u1ea5p th\u1ef1c ph\u1ea9m l\u00e0nh m\u1ea1nh ngay h\u00f4m nay \u0111\u1ec3 ch\u1ea5m d\u1ee9t n\u1ea1n \u0111\u00f3i v\u00e0o ng\u00e0y mai v\u00e0 su\u1ed1t \u0111\u1eddi. \u0110\u1ec3 ch\u1ee7 nh\u00e2n c\u1ee7a b\u1ea1n ph\u00f9 h\u1ee3p v\u1edbi qu\u00e0 t\u1eb7ng c\u1ee7a b\u1ea1n l\u00e0 m\u1ed9t c\u00e1ch \u0111\u1ec3 b\u1ea1n v\u00e0 c\u00f4ng ty c\u1ee7a b\u1ea1n h\u1ed7 tr\u1ee3 nh\u1eefng ng\u01b0\u1eddi \u0111ang \u0111\u1ed1i m\u1eb7t v\u1edbi t\u00ecnh tr\u1ea1ng b\u1ea5t an v\u1ec1 th\u1ef1c ph\u1ea9m v\u00e0 t\u00e0i ch\u00ednh.<\/p>\n\n\n\n<p>Khi b\u1ea1n quy\u00ean g\u00f3p cho FIND Food Bank, kho\u1ea3n \u0111\u00f3ng g\u00f3p ph\u00f9 h\u1ee3p c\u1ee7a c\u00f4ng ty b\u1ea1n s\u1ebd gi\u00fap m\u00f3n qu\u00e0 \u0111i xa g\u1ea5p \u0111\u00f4i.<\/p>\n\n<\/div><\/div>\n<\/div>\n<\/div>\n\n<div class=\"gb-container gb-container-a802c20e\">\n<div class=\"gb-grid-wrapper gb-grid-wrapper-601ec569\">\n<div class=\"gb-grid-column gb-grid-column-1f529d3d\"><div class=\"gb-container gb-container-1f529d3d hover-grow\">\n\n<figure class=\"gb-block-image gb-block-image-f56335c4\"><img loading=\"lazy\" decoding=\"async\" width=\"185\" height=\"185\" class=\"gb-image gb-image-f56335c4\" src=\"https:\/\/findfoodbank.org\/wp-content\/uploads\/2021\/06\/give_annually.png\" alt=\"\" title=\"give_annually\" srcset=\"https:\/\/findfoodbank.org\/wp-content\/uploads\/2021\/06\/give_annually.png 185w, https:\/\/findfoodbank.org\/wp-content\/uploads\/2021\/06\/give_annually-150x150.png 150w\" sizes=\"auto, (max-width: 185px) 100vw, 185px\" \/><\/figure>\n\n\n\n<h4 class=\"gb-headline gb-headline-93390020 gb-headline-text\">T\u1eb7ng h\u00e0ng n\u0103m<\/h4>\n\n\n\n<a class=\"stretchlink\" href=\"https:\/\/findfoodbank.org\/vi\/get-involved\/financial-support\/annual-giving\/\"><\/a>\n\n<\/div><\/div>\n\n<div class=\"gb-grid-column gb-grid-column-cc1c5196\"><div class=\"gb-container gb-container-cc1c5196 hover-grow\">\n\n<figure class=\"gb-block-image gb-block-image-03cf0fa3\"><img loading=\"lazy\" decoding=\"async\" width=\"185\" height=\"185\" class=\"gb-image gb-image-03cf0fa3\" src=\"https:\/\/findfoodbank.org\/wp-content\/uploads\/2021\/08\/Planned-Estate-Giving.png\" alt=\"Planned &amp; Estate Giving\" title=\"Planned-Estate-Giving\" srcset=\"https:\/\/findfoodbank.org\/wp-content\/uploads\/2021\/08\/Planned-Estate-Giving.png 185w, https:\/\/findfoodbank.org\/wp-content\/uploads\/2021\/08\/Planned-Estate-Giving-150x150.png 150w, https:\/\/findfoodbank.org\/wp-content\/uploads\/2021\/08\/Planned-Estate-Giving-12x12.png 12w\" sizes=\"auto, (max-width: 185px) 100vw, 185px\" \/><\/figure>\n\n\n\n<h4 class=\"gb-headline gb-headline-7621dd6f gb-headline-text\">K\u1ebf ho\u1ea1ch &amp; Cho t\u1eb7ng B\u1ea5t \u0111\u1ed9ng s\u1ea3n<\/h4>\n\n\n\n<a class=\"stretchlink\" href=\"https:\/\/findfoodbank.org\/vi\/planned-estate-giving\/\"><\/a>\n\n<\/div><\/div>\n\n<div class=\"gb-grid-column gb-grid-column-f036a3b2\"><div class=\"gb-container gb-container-f036a3b2 hover-grow\">\n\n<figure class=\"gb-block-image gb-block-image-a6ffb1d8\"><img loading=\"lazy\" decoding=\"async\" width=\"185\" height=\"185\" class=\"gb-image gb-image-a6ffb1d8\" src=\"https:\/\/findfoodbank.org\/wp-content\/uploads\/2021\/06\/Donor_faq.png\" alt=\"\" title=\"Donor_faq\" srcset=\"https:\/\/findfoodbank.org\/wp-content\/uploads\/2021\/06\/Donor_faq.png 185w, https:\/\/findfoodbank.org\/wp-content\/uploads\/2021\/06\/Donor_faq-150x150.png 150w\" sizes=\"auto, (max-width: 185px) 100vw, 185px\" \/><\/figure>\n\n\n\n<h4 class=\"gb-headline gb-headline-09db664a gb-headline-text\">Donor FAQ&#8217;s<\/h4>\n\n\n\n<a class=\"stretchlink\" href=\"https:\/\/findfoodbank.org\/vi\/get-involved\/financial-support\/donor-faqs\/\"><\/a>\n\n<\/div><\/div>\n<\/div>\n<\/div>\n<\/div>","protected":false},"excerpt":{"rendered":"","protected":false},"author":15,"featured_media":12325,"parent":0,"menu_order":0,"comment_status":"closed","ping_status":"closed","template":"","meta":{"_monsterinsights_skip_tracking":false,"_monsterinsights_sitenote_active":false,"_monsterinsights_sitenote_note":"","_monsterinsights_sitenote_category":0,"_price":"","_stock":"","_tribe_ticket_header":"","_tribe_default_ticket_provider":"","_tribe_ticket_capacity":"0","_ticket_start_date":"","_ticket_end_date":"","_tribe_ticket_show_description":"","_tribe_ticket_show_not_going":false,"_tribe_ticket_use_global_stock":"","_tribe_ticket_global_stock_level":"","_global_stock_mode":"","_global_stock_cap":"","_tribe_rsvp_for_event":"","_tribe_ticket_going_count":"","_tribe_ticket_not_going_count":"","_tribe_tickets_list":"[]","_tribe_ticket_has_attendee_info_fields":false,"footnotes":"","_tec_slr_enabled":"","_tec_slr_layout":""},"class_list":["post-3668","page","type-page","status-publish","has-post-thumbnail","resize-featured-image"],"yoast_head":"<!-- This site is optimized with the Yoast SEO plugin v27.5 - https:\/\/yoast.com\/product\/yoast-seo-wordpress\/ -->\n<title>Matching Gifts for Food Donations, FIND Food Bank Drive<\/title>\n<meta name=\"description\" content=\"Your donation can go even further to provide healthy food today to end hunger tomorrow and for a lifetime. Having your employer match your gifts\" \/>\n<meta name=\"robots\" content=\"index, follow, max-snippet:-1, max-image-preview:large, max-video-preview:-1\" \/>\n<link rel=\"canonical\" href=\"https:\/\/findfoodbank.org\/vi\/matchinggifts\/\" \/>\n<meta property=\"og:locale\" content=\"vi_VN\" \/>\n<meta property=\"og:type\" content=\"article\" \/>\n<meta property=\"og:title\" content=\"Matching Gifts for Food Donations, FIND Food Bank Drive\" \/>\n<meta property=\"og:description\" content=\"Your donation can go even further to provide healthy food today to end hunger tomorrow and for a lifetime. Having your employer match your gifts\" \/>\n<meta property=\"og:url\" content=\"https:\/\/findfoodbank.org\/vi\/matchinggifts\/\" \/>\n<meta property=\"og:site_name\" content=\"FIND Food Bank\" \/>\n<meta property=\"article:modified_time\" content=\"2025-02-21T00:14:58+00:00\" \/>\n<meta property=\"og:image\" content=\"https:\/\/findfoodbank.org\/wp-content\/uploads\/2023\/10\/IMG_6245-scaled.jpg\" \/>\n\t<meta property=\"og:image:width\" content=\"1920\" \/>\n\t<meta property=\"og:image:height\" content=\"2560\" \/>\n\t<meta property=\"og:image:type\" content=\"image\/jpeg\" \/>\n<meta name=\"twitter:card\" content=\"summary_large_image\" \/>\n<meta name=\"twitter:label1\" content=\"\u01af\u1edbc t\u00ednh th\u1eddi gian \u0111\u1ecdc\" \/>\n\t<meta name=\"twitter:data1\" content=\"2 ph\u00fat\" \/>\n<script type=\"application\/ld+json\" class=\"yoast-schema-graph\">{\"@context\":\"https:\\\/\\\/schema.org\",\"@graph\":[{\"@type\":\"WebPage\",\"@id\":\"https:\\\/\\\/findfoodbank.org\\\/matchinggifts\\\/\",\"url\":\"https:\\\/\\\/findfoodbank.org\\\/matchinggifts\\\/\",\"name\":\"Matching Gifts for Food Donations, FIND Food Bank Drive\",\"isPartOf\":{\"@id\":\"https:\\\/\\\/findfoodbank.org\\\/#website\"},\"primaryImageOfPage\":{\"@id\":\"https:\\\/\\\/findfoodbank.org\\\/matchinggifts\\\/#primaryimage\"},\"image\":{\"@id\":\"https:\\\/\\\/findfoodbank.org\\\/matchinggifts\\\/#primaryimage\"},\"thumbnailUrl\":\"https:\\\/\\\/findfoodbank.org\\\/wp-content\\\/uploads\\\/2023\\\/10\\\/IMG_6245-scaled.jpg\",\"datePublished\":\"2021-09-24T19:16:50+00:00\",\"dateModified\":\"2025-02-21T00:14:58+00:00\",\"description\":\"Your donation can go even further to provide healthy food today to end hunger tomorrow and for a lifetime. Having your employer match your gifts\",\"breadcrumb\":{\"@id\":\"https:\\\/\\\/findfoodbank.org\\\/matchinggifts\\\/#breadcrumb\"},\"inLanguage\":\"vi\",\"potentialAction\":[{\"@type\":\"ReadAction\",\"target\":[\"https:\\\/\\\/findfoodbank.org\\\/matchinggifts\\\/\"]}]},{\"@type\":\"ImageObject\",\"inLanguage\":\"vi\",\"@id\":\"https:\\\/\\\/findfoodbank.org\\\/matchinggifts\\\/#primaryimage\",\"url\":\"https:\\\/\\\/findfoodbank.org\\\/wp-content\\\/uploads\\\/2023\\\/10\\\/IMG_6245-scaled.jpg\",\"contentUrl\":\"https:\\\/\\\/findfoodbank.org\\\/wp-content\\\/uploads\\\/2023\\\/10\\\/IMG_6245-scaled.jpg\",\"width\":1920,\"height\":2560},{\"@type\":\"BreadcrumbList\",\"@id\":\"https:\\\/\\\/findfoodbank.org\\\/matchinggifts\\\/#breadcrumb\",\"itemListElement\":[{\"@type\":\"ListItem\",\"position\":1,\"name\":\"Home\",\"item\":\"https:\\\/\\\/findfoodbank.org\\\/\"},{\"@type\":\"ListItem\",\"position\":2,\"name\":\"Matching Gifts\"}]},{\"@type\":\"WebSite\",\"@id\":\"https:\\\/\\\/findfoodbank.org\\\/#website\",\"url\":\"https:\\\/\\\/findfoodbank.org\\\/\",\"name\":\"FIND Food Bank\",\"description\":\"The Desert's Regional Food Bank\",\"publisher\":{\"@id\":\"https:\\\/\\\/findfoodbank.org\\\/#organization\"},\"potentialAction\":[{\"@type\":\"SearchAction\",\"target\":{\"@type\":\"EntryPoint\",\"urlTemplate\":\"https:\\\/\\\/findfoodbank.org\\\/?s={search_term_string}\"},\"query-input\":{\"@type\":\"PropertyValueSpecification\",\"valueRequired\":true,\"valueName\":\"search_term_string\"}}],\"inLanguage\":\"vi\"},{\"@type\":\"Organization\",\"@id\":\"https:\\\/\\\/findfoodbank.org\\\/#organization\",\"name\":\"FIND Food Bank\",\"url\":\"https:\\\/\\\/findfoodbank.org\\\/\",\"logo\":{\"@type\":\"ImageObject\",\"inLanguage\":\"vi\",\"@id\":\"https:\\\/\\\/findfoodbank.org\\\/#\\\/schema\\\/logo\\\/image\\\/\",\"url\":\"https:\\\/\\\/findfoodbank.org\\\/wp-content\\\/uploads\\\/2025\\\/09\\\/FIND-logo25-horizontal_4c.png\",\"contentUrl\":\"https:\\\/\\\/findfoodbank.org\\\/wp-content\\\/uploads\\\/2025\\\/09\\\/FIND-logo25-horizontal_4c.png\",\"width\":1189,\"height\":373,\"caption\":\"FIND Food Bank\"},\"image\":{\"@id\":\"https:\\\/\\\/findfoodbank.org\\\/#\\\/schema\\\/logo\\\/image\\\/\"}}]}<\/script>\n<!-- \/ Yoast SEO plugin. -->","yoast_head_json":{"title":"Matching Gifts for Food Donations, FIND Food Bank Drive","description":"Your donation can go even further to provide healthy food today to end hunger tomorrow and for a lifetime. Having your employer match your gifts","robots":{"index":"index","follow":"follow","max-snippet":"max-snippet:-1","max-image-preview":"max-image-preview:large","max-video-preview":"max-video-preview:-1"},"canonical":"https:\/\/findfoodbank.org\/vi\/matchinggifts\/","og_locale":"vi_VN","og_type":"article","og_title":"Matching Gifts for Food Donations, FIND Food Bank Drive","og_description":"Your donation can go even further to provide healthy food today to end hunger tomorrow and for a lifetime. Having your employer match your gifts","og_url":"https:\/\/findfoodbank.org\/vi\/matchinggifts\/","og_site_name":"FIND Food Bank","article_modified_time":"2025-02-21T00:14:58+00:00","og_image":[{"width":1920,"height":2560,"url":"https:\/\/findfoodbank.org\/wp-content\/uploads\/2023\/10\/IMG_6245-scaled.jpg","type":"image\/jpeg"}],"twitter_card":"summary_large_image","twitter_misc":{"\u01af\u1edbc t\u00ednh th\u1eddi gian \u0111\u1ecdc":"2 ph\u00fat"},"schema":{"@context":"https:\/\/schema.org","@graph":[{"@type":"WebPage","@id":"https:\/\/findfoodbank.org\/matchinggifts\/","url":"https:\/\/findfoodbank.org\/matchinggifts\/","name":"Matching Gifts for Food Donations, FIND Food Bank Drive","isPartOf":{"@id":"https:\/\/findfoodbank.org\/#website"},"primaryImageOfPage":{"@id":"https:\/\/findfoodbank.org\/matchinggifts\/#primaryimage"},"image":{"@id":"https:\/\/findfoodbank.org\/matchinggifts\/#primaryimage"},"thumbnailUrl":"https:\/\/findfoodbank.org\/wp-content\/uploads\/2023\/10\/IMG_6245-scaled.jpg","datePublished":"2021-09-24T19:16:50+00:00","dateModified":"2025-02-21T00:14:58+00:00","description":"Your donation can go even further to provide healthy food today to end hunger tomorrow and for a lifetime. Having your employer match your gifts","breadcrumb":{"@id":"https:\/\/findfoodbank.org\/matchinggifts\/#breadcrumb"},"inLanguage":"vi","potentialAction":[{"@type":"ReadAction","target":["https:\/\/findfoodbank.org\/matchinggifts\/"]}]},{"@type":"ImageObject","inLanguage":"vi","@id":"https:\/\/findfoodbank.org\/matchinggifts\/#primaryimage","url":"https:\/\/findfoodbank.org\/wp-content\/uploads\/2023\/10\/IMG_6245-scaled.jpg","contentUrl":"https:\/\/findfoodbank.org\/wp-content\/uploads\/2023\/10\/IMG_6245-scaled.jpg","width":1920,"height":2560},{"@type":"BreadcrumbList","@id":"https:\/\/findfoodbank.org\/matchinggifts\/#breadcrumb","itemListElement":[{"@type":"ListItem","position":1,"name":"Home","item":"https:\/\/findfoodbank.org\/"},{"@type":"ListItem","position":2,"name":"Matching Gifts"}]},{"@type":"WebSite","@id":"https:\/\/findfoodbank.org\/#website","url":"https:\/\/findfoodbank.org\/","name":"T\u00ccM Ng\u00e2n h\u00e0ng Th\u1ef1c ph\u1ea9m","description":"Ng\u00e2n h\u00e0ng l\u01b0\u01a1ng th\u1ef1c khu v\u1ef1c c\u1ee7a sa m\u1ea1c","publisher":{"@id":"https:\/\/findfoodbank.org\/#organization"},"potentialAction":[{"@type":"SearchAction","target":{"@type":"EntryPoint","urlTemplate":"https:\/\/findfoodbank.org\/?s={search_term_string}"},"query-input":{"@type":"PropertyValueSpecification","valueRequired":true,"valueName":"search_term_string"}}],"inLanguage":"vi"},{"@type":"Organization","@id":"https:\/\/findfoodbank.org\/#organization","name":"T\u00ccM Ng\u00e2n h\u00e0ng Th\u1ef1c ph\u1ea9m","url":"https:\/\/findfoodbank.org\/","logo":{"@type":"ImageObject","inLanguage":"vi","@id":"https:\/\/findfoodbank.org\/#\/schema\/logo\/image\/","url":"https:\/\/findfoodbank.org\/wp-content\/uploads\/2025\/09\/FIND-logo25-horizontal_4c.png","contentUrl":"https:\/\/findfoodbank.org\/wp-content\/uploads\/2025\/09\/FIND-logo25-horizontal_4c.png","width":1189,"height":373,"caption":"FIND Food Bank"},"image":{"@id":"https:\/\/findfoodbank.org\/#\/schema\/logo\/image\/"}}]}},"ticketed":false,"_links":{"self":[{"href":"https:\/\/findfoodbank.org\/vi\/wp-json\/wp\/v2\/pages\/3668","targetHints":{"allow":["GET"]}}],"collection":[{"href":"https:\/\/findfoodbank.org\/vi\/wp-json\/wp\/v2\/pages"}],"about":[{"href":"https:\/\/findfoodbank.org\/vi\/wp-json\/wp\/v2\/types\/page"}],"author":[{"embeddable":true,"href":"https:\/\/findfoodbank.org\/vi\/wp-json\/wp\/v2\/users\/15"}],"replies":[{"embeddable":true,"href":"https:\/\/findfoodbank.org\/vi\/wp-json\/wp\/v2\/comments?post=3668"}],"version-history":[{"count":9,"href":"https:\/\/findfoodbank.org\/vi\/wp-json\/wp\/v2\/pages\/3668\/revisions"}],"predecessor-version":[{"id":14477,"href":"https:\/\/findfoodbank.org\/vi\/wp-json\/wp\/v2\/pages\/3668\/revisions\/14477"}],"wp:featuredmedia":[{"embeddable":true,"href":"https:\/\/findfoodbank.org\/vi\/wp-json\/wp\/v2\/media\/12325"}],"wp:attachment":[{"href":"https:\/\/findfoodbank.org\/vi\/wp-json\/wp\/v2\/media?parent=3668"}],"curies":[{"name":"wp","href":"https:\/\/api.w.org\/{rel}","templated":true}]}}