{"id":3157,"date":"2021-08-30T15:46:52","date_gmt":"2021-08-30T22:46:52","guid":{"rendered":"https:\/\/findfoodbank.org\/?page_id=3157"},"modified":"2023-10-09T12:26:36","modified_gmt":"2023-10-09T19:26:36","slug":"shoptogive","status":"publish","type":"page","link":"https:\/\/findfoodbank.org\/vi\/shoptogive\/","title":{"rendered":"Mua s\u1eafm \u0111\u1ec3 t\u1eb7ng"},"content":{"rendered":"<div class=\"gb-container gb-container-21624a3b alignfull\">\n<div class=\"gb-container gb-container-3c6080ee\">\n<div class=\"gb-grid-wrapper gb-grid-wrapper-13c44818\">\n<div class=\"gb-grid-column gb-grid-column-af083896\"><div class=\"gb-container gb-container-af083896\">\n<nav style=\"color: #324452;\" class=\"has-text-color  is-vertical wp-block-navigation is-layout-flex wp-container-core-navigation-is-layout-8cf370e7 wp-block-navigation-is-layout-flex\" aria-label=\"H\u1ed7 tr\u1ee3 t\u00e0i ch\u00ednh\"><ul style=\"color: #324452;\" class=\"wp-block-navigation__container has-text-color  is-vertical wp-block-navigation\"><li class=\"wp-block-navigation-item wp-block-navigation-link\"><a class=\"wp-block-navigation-item__content\"  href=\"https:\/\/findfoodbank.org\/vi\/get-involved\/financial-support\/annual-giving\/\"><span class=\"wp-block-navigation-item__label\">T\u1eb7ng h\u00e0ng n\u0103m<\/span><\/a><\/li><li class=\"wp-block-navigation-item wp-block-navigation-link\"><a class=\"wp-block-navigation-item__content\"  href=\"https:\/\/findfoodbank.org\/vi\/planned-estate-giving\/\"><span class=\"wp-block-navigation-item__label\">K\u1ebf ho\u1ea1ch &amp; Cho t\u1eb7ng B\u1ea5t \u0111\u1ed9ng s\u1ea3n<\/span><\/a><\/li><li class=\"wp-block-navigation-item wp-block-navigation-link\"><a class=\"wp-block-navigation-item__content\"  href=\"https:\/\/findfoodbank.org\/vi\/matchinggifts\/\"><span class=\"wp-block-navigation-item__label\">Qu\u00e0 t\u1eb7ng ph\u00f9 h\u1ee3p<\/span><\/a><\/li><li class=\"wp-block-navigation-item wp-block-navigation-link\"><a class=\"wp-block-navigation-item__content\"  href=\"https:\/\/findfoodbank.org\/vi\/stock-gifts\/\"><span class=\"wp-block-navigation-item__label\">Qu\u00e0 t\u1eb7ng c\u1ed5 phi\u1ebfu<\/span><\/a><\/li><li class=\"wp-block-navigation-item wp-block-navigation-link\"><a class=\"wp-block-navigation-item__content\"  href=\"https:\/\/findfoodbank.org\/vi\/get-involved\/financial-support\/donor-faqs\/\"><span class=\"wp-block-navigation-item__label\">C\u00e2u h\u1ecfi th\u01b0\u1eddng g\u1eb7p v\u1ec1 nh\u00e0 t\u00e0i tr\u1ee3<span>&#039;<\/span>NS<\/span><\/a><\/li><li class=\"wp-block-navigation-item wp-block-navigation-link\"><a class=\"wp-block-navigation-item__content\"  href=\"https:\/\/findfoodbank.org\/vi\/shoptogive\/\"><span class=\"wp-block-navigation-item__label\">Mua s\u1eafm \u0111\u1ec3 t\u1eb7ng<\/span><\/a><\/li><li class=\"wp-block-navigation-item wp-block-navigation-link\"><a class=\"wp-block-navigation-item__content\"  href=\"https:\/\/findfoodbank.org\/vi\/giving-society\/\"><span class=\"wp-block-navigation-item__label\">Cho x\u00e3 h\u1ed9i<\/span><\/a><\/li><\/ul><\/nav>\n<\/div><\/div>\n\n<div class=\"gb-grid-column gb-grid-column-a48f3022\"><div class=\"gb-container gb-container-a48f3022\">\n\n<h5 class=\"gb-headline gb-headline-df77cfa5 gb-headline-text\">Mua s\u1eafm \u0111\u1ec3 t\u1eb7ng<\/h5>\n\n\n\n<p>Local partner vendors and national cause marketing partnerships with Feeding America help FIND do our work to end hunger locally. By shopping at some of your favorite stores, you can also do your part to support the community. <\/p>\n\n\n\n<p>Whether you sign up for a rewards program, donate a percentage of your purchase to the food bank, or round up at the register during a seasonal campaign, you are contributing to creating a community free of hunger. &nbsp;<\/p>\n\n<\/div><\/div>\n<\/div>\n<\/div>\n\n<div class=\"gb-container gb-container-7f78f8c5\">\n<div class=\"gb-container gb-container-\">\n<div class=\"gb-grid-wrapper gb-grid-wrapper-d444218c\">\n<div class=\"gb-grid-column gb-grid-column-eb95b740\"><div class=\"gb-container gb-container-eb95b740 hovergrow\">\n\n<figure class=\"gb-block-image gb-block-image-b86dd63e\"><img loading=\"lazy\" decoding=\"async\" width=\"194\" height=\"100\" class=\"gb-image gb-image-b86dd63e\" src=\"https:\/\/findfoodbank.org\/wp-content\/uploads\/2021\/08\/NourishingNeighbors_AlbCo2.png\" alt=\"\" title=\"NourishingNeighbors_AlbCo2\" srcset=\"https:\/\/findfoodbank.org\/wp-content\/uploads\/2021\/08\/NourishingNeighbors_AlbCo2.png 194w, https:\/\/findfoodbank.org\/wp-content\/uploads\/2021\/08\/NourishingNeighbors_AlbCo2-18x9.png 18w\" sizes=\"auto, (max-width: 194px) 100vw, 194px\" \/><\/figure>\n\n\n\n<h4 class=\"wp-block-heading has-text-align-center\"><strong>H\u00e0ng x\u00f3m nu\u00f4i d\u01b0\u1ee1ng<\/strong><\/h4>\n\n\n\n<p class=\"has-text-align-center\">Choose to round up at the register at your local Albertson\u2019s and Vons to support FIND\u2019s Kid\u2019s Feeding Programs!<\/p>\n\n\n\n<a href=\"http:\/\/national.albertsonscompaniesfoundation.org\/our-programs\/\" target=\"_blank\" class=\"stretchlink\" rel=\"noopener\"><\/a>\n\n<\/div><\/div>\n\n<div class=\"gb-grid-column gb-grid-column-a5ab9b46\"><div class=\"gb-container gb-container-a5ab9b46 hovergrow\">\n\n<figure class=\"gb-block-image gb-block-image-8d8c2aec\"><img loading=\"lazy\" decoding=\"async\" width=\"272\" height=\"179\" class=\"gb-image gb-image-8d8c2aec\" src=\"https:\/\/findfoodbank.org\/wp-content\/uploads\/2021\/08\/unnamed.jpg\" alt=\"\" title=\"unnamed\" srcset=\"https:\/\/findfoodbank.org\/wp-content\/uploads\/2021\/08\/unnamed.jpg 272w, https:\/\/findfoodbank.org\/wp-content\/uploads\/2021\/08\/unnamed-18x12.jpg 18w\" sizes=\"auto, (max-width: 272px) 100vw, 272px\" \/><\/figure>\n\n\n\n<h4 class=\"wp-block-heading has-text-align-center\"><strong>Ralph&#8217;s Rewards Club Card<\/strong><\/h4>\n\n\n\n<p>\u0110\u0103ng k\u00fd tr\u01b0\u1edbc th\u1ebb c\u00e2u l\u1ea1c b\u1ed9 c\u1ee7a b\u1ea1n \u0111\u1ec3 nh\u1eadn ti\u1ec1n quy\u00ean g\u00f3p cho FIND Food Bank.<\/p>\n\n\n\n<p>Sau khi b\u1ea1n \u0111\u0103ng k\u00fd, ho\u1eb7c n\u1ebfu b\u1ea1n \u0111\u00e3 c\u00f3 Th\u1ebb Ph\u1ea7n th\u01b0\u1edfng Ralph \u0111\u00e3 \u0111\u0103ng k\u00fd, h\u00e3y li\u00ean k\u1ebft th\u1ebb c\u1ee7a b\u1ea1n v\u1edbi T\u00ccM b\u1eb1ng c\u00e1ch nh\u1ea5p v\u00e0o:<\/p>\n\n\n\n<ul class=\"wp-block-list\">\n<li>Ph\u1ea7n th\u01b0\u1edfng c\u1ed9ng \u0111\u1ed3ng<\/li>\n\n\n\n<li>Ch\u1ec9nh s\u1eeda \u0110\u00f3ng g\u00f3p c\u1ee7a c\u1ed9ng \u0111\u1ed3ng c\u1ee7a t\u00f4i v\u00e0 l\u00e0m theo h\u01b0\u1edbng d\u1eabn<\/li>\n\n\n\n<li>Nh\u1edb nh\u1ea5p v\u00e0o v\u00f2ng tr\u00f2n b\u00ean tr\u00e1i t\u00ean t\u1ed5 ch\u1ee9c c\u1ee7a b\u1ea1n - T\u00ccM Ng\u00e2n h\u00e0ng Th\u1ef1c ph\u1ea9m<\/li>\n<\/ul>\n\n\n\n<a href=\"https:\/\/www.ralphs.com\/account\/create\/\" target=\"_blank\" class=\"stretchlink\" rel=\"noopener\"><\/a>\n\n<\/div><\/div>\n\n<div class=\"gb-grid-column gb-grid-column-dca52ead\"><div class=\"gb-container gb-container-dca52ead\">\n\n<figure class=\"gb-block-image gb-block-image-3b184882\"><img loading=\"lazy\" decoding=\"async\" width=\"300\" height=\"133\" class=\"gb-image gb-image-3b184882\" src=\"https:\/\/findfoodbank.org\/wp-content\/uploads\/2023\/10\/food-2.png\" alt=\"\" title=\"food-2\" srcset=\"https:\/\/findfoodbank.org\/wp-content\/uploads\/2023\/10\/food-2.png 300w, https:\/\/findfoodbank.org\/wp-content\/uploads\/2023\/10\/food-2-18x8.png 18w\" sizes=\"auto, (max-width: 300px) 100vw, 300px\" \/><\/figure>\n\n\n\n<p class=\"has-text-align-left\"><strong>             Food 4 Less Round Up<\/strong><\/p>\n\n\n\n<p class=\"has-text-align-left\">Choose to round up at checkout!<\/p>\n\n\n\n<p><\/p>\n\n<\/div><\/div>\n<\/div>\n<\/div>\n<\/div>\n<\/div>","protected":false},"excerpt":{"rendered":"","protected":false},"author":15,"featured_media":3159,"parent":0,"menu_order":0,"comment_status":"closed","ping_status":"closed","template":"","meta":{"_monsterinsights_skip_tracking":false,"_monsterinsights_sitenote_active":false,"_monsterinsights_sitenote_note":"","_monsterinsights_sitenote_category":0,"_price":"","_stock":"","_tribe_ticket_header":"","_tribe_default_ticket_provider":"","_tribe_ticket_capacity":"0","_ticket_start_date":"","_ticket_end_date":"","_tribe_ticket_show_description":"","_tribe_ticket_show_not_going":false,"_tribe_ticket_use_global_stock":"","_tribe_ticket_global_stock_level":"","_global_stock_mode":"","_global_stock_cap":"","_tribe_rsvp_for_event":"","_tribe_ticket_going_count":"","_tribe_ticket_not_going_count":"","_tribe_tickets_list":"[]","_tribe_ticket_has_attendee_info_fields":false,"footnotes":"","_tec_slr_enabled":"","_tec_slr_layout":""},"class_list":["post-3157","page","type-page","status-publish","has-post-thumbnail","resize-featured-image"],"yoast_head":"<!-- This site is optimized with the Yoast SEO plugin v27.3 - https:\/\/yoast.com\/product\/yoast-seo-wordpress\/ -->\n<title>Shop to Give, Food Drive Fundraiser Coachella Valley<\/title>\n<meta name=\"description\" content=\"Local partner vendors and national cause marketing partnerships with Feeding America help FIND do our work to end hunger locally.\" \/>\n<meta name=\"robots\" content=\"index, follow, max-snippet:-1, max-image-preview:large, max-video-preview:-1\" \/>\n<link rel=\"canonical\" href=\"https:\/\/findfoodbank.org\/vi\/shoptogive\/\" \/>\n<meta property=\"og:locale\" content=\"vi_VN\" \/>\n<meta property=\"og:type\" content=\"article\" \/>\n<meta property=\"og:title\" content=\"Shop to Give, Food Drive Fundraiser Coachella Valley\" \/>\n<meta property=\"og:description\" content=\"Local partner vendors and national cause marketing partnerships with Feeding America help FIND do our work to end hunger locally.\" \/>\n<meta property=\"og:url\" content=\"https:\/\/findfoodbank.org\/vi\/shoptogive\/\" \/>\n<meta property=\"og:site_name\" content=\"FIND Food Bank\" \/>\n<meta property=\"article:modified_time\" content=\"2023-10-09T19:26:36+00:00\" \/>\n<meta property=\"og:image\" content=\"https:\/\/findfoodbank.org\/wp-content\/uploads\/2021\/08\/DSC_1733-scaled.jpg\" \/>\n\t<meta property=\"og:image:width\" content=\"2560\" \/>\n\t<meta property=\"og:image:height\" content=\"1707\" \/>\n\t<meta property=\"og:image:type\" content=\"image\/jpeg\" \/>\n<meta name=\"twitter:card\" content=\"summary_large_image\" \/>\n<meta name=\"twitter:label1\" content=\"\u01af\u1edbc t\u00ednh th\u1eddi gian \u0111\u1ecdc\" \/>\n\t<meta name=\"twitter:data1\" content=\"2 ph\u00fat\" \/>\n<script type=\"application\/ld+json\" class=\"yoast-schema-graph\">{\"@context\":\"https:\\\/\\\/schema.org\",\"@graph\":[{\"@type\":\"WebPage\",\"@id\":\"https:\\\/\\\/findfoodbank.org\\\/shoptogive\\\/\",\"url\":\"https:\\\/\\\/findfoodbank.org\\\/shoptogive\\\/\",\"name\":\"Shop to Give, Food Drive Fundraiser Coachella Valley\",\"isPartOf\":{\"@id\":\"https:\\\/\\\/findfoodbank.org\\\/#website\"},\"primaryImageOfPage\":{\"@id\":\"https:\\\/\\\/findfoodbank.org\\\/shoptogive\\\/#primaryimage\"},\"image\":{\"@id\":\"https:\\\/\\\/findfoodbank.org\\\/shoptogive\\\/#primaryimage\"},\"thumbnailUrl\":\"https:\\\/\\\/findfoodbank.org\\\/wp-content\\\/uploads\\\/2021\\\/08\\\/DSC_1733-scaled.jpg\",\"datePublished\":\"2021-08-30T22:46:52+00:00\",\"dateModified\":\"2023-10-09T19:26:36+00:00\",\"description\":\"Local partner vendors and national cause marketing partnerships with Feeding America help FIND do our work to end hunger locally.\",\"breadcrumb\":{\"@id\":\"https:\\\/\\\/findfoodbank.org\\\/shoptogive\\\/#breadcrumb\"},\"inLanguage\":\"vi\",\"potentialAction\":[{\"@type\":\"ReadAction\",\"target\":[\"https:\\\/\\\/findfoodbank.org\\\/shoptogive\\\/\"]}]},{\"@type\":\"ImageObject\",\"inLanguage\":\"vi\",\"@id\":\"https:\\\/\\\/findfoodbank.org\\\/shoptogive\\\/#primaryimage\",\"url\":\"https:\\\/\\\/findfoodbank.org\\\/wp-content\\\/uploads\\\/2021\\\/08\\\/DSC_1733-scaled.jpg\",\"contentUrl\":\"https:\\\/\\\/findfoodbank.org\\\/wp-content\\\/uploads\\\/2021\\\/08\\\/DSC_1733-scaled.jpg\",\"width\":2560,\"height\":1707},{\"@type\":\"BreadcrumbList\",\"@id\":\"https:\\\/\\\/findfoodbank.org\\\/shoptogive\\\/#breadcrumb\",\"itemListElement\":[{\"@type\":\"ListItem\",\"position\":1,\"name\":\"Home\",\"item\":\"https:\\\/\\\/findfoodbank.org\\\/\"},{\"@type\":\"ListItem\",\"position\":2,\"name\":\"Shop to Give\"}]},{\"@type\":\"WebSite\",\"@id\":\"https:\\\/\\\/findfoodbank.org\\\/#website\",\"url\":\"https:\\\/\\\/findfoodbank.org\\\/\",\"name\":\"FIND Food Bank\",\"description\":\"The Desert's Regional Food Bank\",\"publisher\":{\"@id\":\"https:\\\/\\\/findfoodbank.org\\\/#organization\"},\"potentialAction\":[{\"@type\":\"SearchAction\",\"target\":{\"@type\":\"EntryPoint\",\"urlTemplate\":\"https:\\\/\\\/findfoodbank.org\\\/?s={search_term_string}\"},\"query-input\":{\"@type\":\"PropertyValueSpecification\",\"valueRequired\":true,\"valueName\":\"search_term_string\"}}],\"inLanguage\":\"vi\"},{\"@type\":\"Organization\",\"@id\":\"https:\\\/\\\/findfoodbank.org\\\/#organization\",\"name\":\"FIND Food Bank\",\"url\":\"https:\\\/\\\/findfoodbank.org\\\/\",\"logo\":{\"@type\":\"ImageObject\",\"inLanguage\":\"vi\",\"@id\":\"https:\\\/\\\/findfoodbank.org\\\/#\\\/schema\\\/logo\\\/image\\\/\",\"url\":\"https:\\\/\\\/findfoodbank.org\\\/wp-content\\\/uploads\\\/2025\\\/09\\\/FIND-logo25-horizontal_4c.png\",\"contentUrl\":\"https:\\\/\\\/findfoodbank.org\\\/wp-content\\\/uploads\\\/2025\\\/09\\\/FIND-logo25-horizontal_4c.png\",\"width\":1189,\"height\":373,\"caption\":\"FIND Food Bank\"},\"image\":{\"@id\":\"https:\\\/\\\/findfoodbank.org\\\/#\\\/schema\\\/logo\\\/image\\\/\"}}]}<\/script>\n<!-- \/ Yoast SEO plugin. -->","yoast_head_json":{"title":"Shop to Give, Food Drive Fundraiser Coachella Valley","description":"Local partner vendors and national cause marketing partnerships with Feeding America help FIND do our work to end hunger locally.","robots":{"index":"index","follow":"follow","max-snippet":"max-snippet:-1","max-image-preview":"max-image-preview:large","max-video-preview":"max-video-preview:-1"},"canonical":"https:\/\/findfoodbank.org\/vi\/shoptogive\/","og_locale":"vi_VN","og_type":"article","og_title":"Shop to Give, Food Drive Fundraiser Coachella Valley","og_description":"Local partner vendors and national cause marketing partnerships with Feeding America help FIND do our work to end hunger locally.","og_url":"https:\/\/findfoodbank.org\/vi\/shoptogive\/","og_site_name":"FIND Food Bank","article_modified_time":"2023-10-09T19:26:36+00:00","og_image":[{"width":2560,"height":1707,"url":"https:\/\/findfoodbank.org\/wp-content\/uploads\/2021\/08\/DSC_1733-scaled.jpg","type":"image\/jpeg"}],"twitter_card":"summary_large_image","twitter_misc":{"\u01af\u1edbc t\u00ednh th\u1eddi gian \u0111\u1ecdc":"2 ph\u00fat"},"schema":{"@context":"https:\/\/schema.org","@graph":[{"@type":"WebPage","@id":"https:\/\/findfoodbank.org\/shoptogive\/","url":"https:\/\/findfoodbank.org\/shoptogive\/","name":"Shop to Give, Food Drive Fundraiser Coachella Valley","isPartOf":{"@id":"https:\/\/findfoodbank.org\/#website"},"primaryImageOfPage":{"@id":"https:\/\/findfoodbank.org\/shoptogive\/#primaryimage"},"image":{"@id":"https:\/\/findfoodbank.org\/shoptogive\/#primaryimage"},"thumbnailUrl":"https:\/\/findfoodbank.org\/wp-content\/uploads\/2021\/08\/DSC_1733-scaled.jpg","datePublished":"2021-08-30T22:46:52+00:00","dateModified":"2023-10-09T19:26:36+00:00","description":"Local partner vendors and national cause marketing partnerships with Feeding America help FIND do our work to end hunger locally.","breadcrumb":{"@id":"https:\/\/findfoodbank.org\/shoptogive\/#breadcrumb"},"inLanguage":"vi","potentialAction":[{"@type":"ReadAction","target":["https:\/\/findfoodbank.org\/shoptogive\/"]}]},{"@type":"ImageObject","inLanguage":"vi","@id":"https:\/\/findfoodbank.org\/shoptogive\/#primaryimage","url":"https:\/\/findfoodbank.org\/wp-content\/uploads\/2021\/08\/DSC_1733-scaled.jpg","contentUrl":"https:\/\/findfoodbank.org\/wp-content\/uploads\/2021\/08\/DSC_1733-scaled.jpg","width":2560,"height":1707},{"@type":"BreadcrumbList","@id":"https:\/\/findfoodbank.org\/shoptogive\/#breadcrumb","itemListElement":[{"@type":"ListItem","position":1,"name":"Home","item":"https:\/\/findfoodbank.org\/"},{"@type":"ListItem","position":2,"name":"Shop to Give"}]},{"@type":"WebSite","@id":"https:\/\/findfoodbank.org\/#website","url":"https:\/\/findfoodbank.org\/","name":"T\u00ccM Ng\u00e2n h\u00e0ng Th\u1ef1c ph\u1ea9m","description":"Ng\u00e2n h\u00e0ng l\u01b0\u01a1ng th\u1ef1c khu v\u1ef1c c\u1ee7a sa m\u1ea1c","publisher":{"@id":"https:\/\/findfoodbank.org\/#organization"},"potentialAction":[{"@type":"SearchAction","target":{"@type":"EntryPoint","urlTemplate":"https:\/\/findfoodbank.org\/?s={search_term_string}"},"query-input":{"@type":"PropertyValueSpecification","valueRequired":true,"valueName":"search_term_string"}}],"inLanguage":"vi"},{"@type":"Organization","@id":"https:\/\/findfoodbank.org\/#organization","name":"T\u00ccM Ng\u00e2n h\u00e0ng Th\u1ef1c ph\u1ea9m","url":"https:\/\/findfoodbank.org\/","logo":{"@type":"ImageObject","inLanguage":"vi","@id":"https:\/\/findfoodbank.org\/#\/schema\/logo\/image\/","url":"https:\/\/findfoodbank.org\/wp-content\/uploads\/2025\/09\/FIND-logo25-horizontal_4c.png","contentUrl":"https:\/\/findfoodbank.org\/wp-content\/uploads\/2025\/09\/FIND-logo25-horizontal_4c.png","width":1189,"height":373,"caption":"FIND Food Bank"},"image":{"@id":"https:\/\/findfoodbank.org\/#\/schema\/logo\/image\/"}}]}},"ticketed":false,"_links":{"self":[{"href":"https:\/\/findfoodbank.org\/vi\/wp-json\/wp\/v2\/pages\/3157","targetHints":{"allow":["GET"]}}],"collection":[{"href":"https:\/\/findfoodbank.org\/vi\/wp-json\/wp\/v2\/pages"}],"about":[{"href":"https:\/\/findfoodbank.org\/vi\/wp-json\/wp\/v2\/types\/page"}],"author":[{"embeddable":true,"href":"https:\/\/findfoodbank.org\/vi\/wp-json\/wp\/v2\/users\/15"}],"replies":[{"embeddable":true,"href":"https:\/\/findfoodbank.org\/vi\/wp-json\/wp\/v2\/comments?post=3157"}],"version-history":[{"count":17,"href":"https:\/\/findfoodbank.org\/vi\/wp-json\/wp\/v2\/pages\/3157\/revisions"}],"predecessor-version":[{"id":12195,"href":"https:\/\/findfoodbank.org\/vi\/wp-json\/wp\/v2\/pages\/3157\/revisions\/12195"}],"wp:featuredmedia":[{"embeddable":true,"href":"https:\/\/findfoodbank.org\/vi\/wp-json\/wp\/v2\/media\/3159"}],"wp:attachment":[{"href":"https:\/\/findfoodbank.org\/vi\/wp-json\/wp\/v2\/media?parent=3157"}],"curies":[{"name":"wp","href":"https:\/\/api.w.org\/{rel}","templated":true}]}}