{"id":3,"date":"2021-01-12T17:02:26","date_gmt":"2021-01-12T17:02:26","guid":{"rendered":"http:\/\/findfoodbank.flywheelsites.com\/?page_id=3"},"modified":"2023-09-26T18:36:07","modified_gmt":"2023-09-27T01:36:07","slug":"privacy-policy","status":"publish","type":"page","link":"https:\/\/findfoodbank.org\/vi\/privacy-policy\/","title":{"rendered":"Ch\u00ednh s\u00e1ch b\u1ea3o m\u1eadt"},"content":{"rendered":"<h2 class=\"wp-block-heading\">Ch\u00ednh s\u00e1ch b\u1ea3o m\u1eadt<\/h2>\n\n\n\n<p>Last updated: Dec 14, 2022 5:09 AM<\/p>\n\n\n\n<p>We value your privacy very highly. Please read this Privacy Policy carefully before using the https:\/\/findfoodbank.org Website (the &#8220;Website&#8221;) operated by Food In Need of Distribution, Inc., a(n) Nonprofit formed in California, United States (&#8220;us,&#8221; &#8220;we,&#8221; &#8220;our&#8221;) as this Privacy Policy contains important information regarding your privacy and how we may use the information we collect about you.<\/p>\n\n\n\n<p>Your access to and use of the Website is conditional upon your acceptance of and compliance with this Privacy Policy. This Privacy Policy applies to everyone, including, but not limited to: visitors, users, and others, who wish to access or use the Website.<\/p>\n\n\n\n<p>By accessing or using the Website, you agree to be bound by this Privacy Policy. If you disagree with any part of the Privacy Policy, then you do not have our permission to access or use the Website.<\/p>\n\n\n\n<h2 class=\"wp-block-heading\">What information we collect, where we get this information, and how we use this information<\/h2>\n\n\n\n<p>We collect any and all information that you enter on this Website. We collect the following information about you:<\/p>\n\n\n<div class=\"gb-container gb-container-7a96a5a9 alignfull\">\n<div class=\"gb-container gb-container-ef07e38c\">\n<div class=\"gb-grid-wrapper gb-grid-wrapper-f74b44d2 smallheaders\">\n<div class=\"gb-grid-column gb-grid-column-aaf6a526\"><div class=\"gb-container gb-container-aaf6a526\">\n\n<h4 class=\"gb-headline gb-headline-233401d1 gb-headline-text\">Identifying information<br>T\u00ean<\/h4>\n\n\n\n<h5 class=\"wp-block-heading\">Specific piece of information<\/h5>\n\n\n\n<p>T\u00ean<\/p>\n\n\n\n<h5 class=\"wp-block-heading\">Where we get this information<\/h5>\n\n\n\n<ul class=\"wp-block-list\">\n<li>Information submitted by the consumer;<\/li>\n\n\n\n<li>Tracking pixels.<\/li>\n<\/ul>\n\n\n\n<h5 class=\"wp-block-heading\">How we use this information<\/h5>\n\n\n\n<ul class=\"wp-block-list\">\n<li>Analytics;<\/li>\n\n\n\n<li>Enforcing our Terms of Service;<\/li>\n\n\n\n<li>Marketing and advertising;<\/li>\n\n\n\n<li>Performing services;<\/li>\n\n\n\n<li>Providing customer service;<\/li>\n\n\n\n<li>Providing financing;<\/li>\n\n\n\n<li>Resolving disputes;<\/li>\n\n\n\n<li>Verifying customer information.<\/li>\n<\/ul>\n\n<\/div><\/div>\n\n<div class=\"gb-grid-column gb-grid-column-9d666487\"><div class=\"gb-container gb-container-9d666487\">\n\n<h4 class=\"gb-headline gb-headline-10519cd8 gb-headline-text\">Identifying information<br>Postal \/ Shipping address<\/h4>\n\n\n\n<h5 class=\"wp-block-heading\">Specific piece of information<\/h5>\n\n\n\n<p>Postal \/ Shipping address<\/p>\n\n\n\n<h5 class=\"wp-block-heading\">Where we get this information<\/h5>\n\n\n\n<ul class=\"wp-block-list\">\n<li>Information submitted by the consumer;<\/li>\n\n\n\n<li>Tracking pixels.<\/li>\n<\/ul>\n\n\n\n<h5 class=\"wp-block-heading\">How we use this information<\/h5>\n\n\n\n<ul class=\"wp-block-list\">\n<li>Analytics;<\/li>\n\n\n\n<li>Enforcing our Terms of Service;<\/li>\n\n\n\n<li>Marketing and advertising;<\/li>\n\n\n\n<li>Performing services;<\/li>\n\n\n\n<li>Providing customer service;<\/li>\n\n\n\n<li>Providing financing;<\/li>\n\n\n\n<li>Resolving disputes;<\/li>\n\n\n\n<li>Verifying customer information.<\/li>\n<\/ul>\n\n<\/div><\/div>\n\n<div class=\"gb-grid-column gb-grid-column-320c2a6c\"><div class=\"gb-container gb-container-320c2a6c\">\n\n<h4 class=\"gb-headline gb-headline-c5e2662e gb-headline-text\">Identifying information<br>Billing address<\/h4>\n\n\n\n<h5 class=\"wp-block-heading\">Specific piece of information<\/h5>\n\n\n\n<p>Billing address<\/p>\n\n\n\n<h5 class=\"wp-block-heading\">Where we get this information<\/h5>\n\n\n\n<ul class=\"wp-block-list\">\n<li>Information submitted by the consumer;<\/li>\n\n\n\n<li>Tracking pixels.<\/li>\n<\/ul>\n\n\n\n<h5 class=\"wp-block-heading\">How we use this information<\/h5>\n\n\n\n<ul class=\"wp-block-list\">\n<li>Analytics;<\/li>\n\n\n\n<li>Enforcing our Terms of Service;<\/li>\n\n\n\n<li>Marketing and advertising;<\/li>\n\n\n\n<li>Performing services;<\/li>\n\n\n\n<li>Providing customer service;<\/li>\n\n\n\n<li>Providing financing;<\/li>\n\n\n\n<li>Resolving disputes;<\/li>\n\n\n\n<li>Verifying customer information.<\/li>\n<\/ul>\n\n<\/div><\/div>\n\n<div class=\"gb-grid-column gb-grid-column-0f93b31e\"><div class=\"gb-container gb-container-0f93b31e\">\n\n<h4 class=\"gb-headline gb-headline-92f49e8d gb-headline-text\">Identifying information<br>Phone number<\/h4>\n\n\n\n<h5 class=\"wp-block-heading\">Specific piece of information<\/h5>\n\n\n\n<p>Phone number<\/p>\n\n\n\n<h5 class=\"wp-block-heading\">Where we get this information<\/h5>\n\n\n\n<ul class=\"wp-block-list\">\n<li>Information submitted by the consumer;<\/li>\n\n\n\n<li>Tracking pixels.<\/li>\n<\/ul>\n\n\n\n<h5 class=\"wp-block-heading\">How we use this information<\/h5>\n\n\n\n<ul class=\"wp-block-list\">\n<li>Analytics;<\/li>\n\n\n\n<li>Enforcing our Terms of Service;<\/li>\n\n\n\n<li>Marketing and advertising;<\/li>\n\n\n\n<li>Performing services;<\/li>\n\n\n\n<li>Providing customer service;<\/li>\n\n\n\n<li>Providing financing;<\/li>\n\n\n\n<li>Resolving disputes;<\/li>\n\n\n\n<li>Verifying customer information.<\/li>\n<\/ul>\n\n<\/div><\/div>\n\n<div class=\"gb-grid-column gb-grid-column-8a62c8e0\"><div class=\"gb-container gb-container-8a62c8e0\">\n\n<h4 class=\"gb-headline gb-headline-0d45b62c gb-headline-text\">Identifying information<br>IP address<\/h4>\n\n\n\n<h5 class=\"wp-block-heading\">Specific piece of information<\/h5>\n\n\n\n<p>IP address<\/p>\n\n\n\n<h5 class=\"wp-block-heading\">Where we get this information<\/h5>\n\n\n\n<ul class=\"wp-block-list\">\n<li>Information submitted by the consumer;<\/li>\n\n\n\n<li>Tracking pixels.<\/li>\n<\/ul>\n\n\n\n<h5 class=\"wp-block-heading\">How we use this information<\/h5>\n\n\n\n<ul class=\"wp-block-list\">\n<li>Analytics;<\/li>\n\n\n\n<li>Enforcing our Terms of Service;<\/li>\n\n\n\n<li>Marketing and advertising.<\/li>\n<\/ul>\n\n<\/div><\/div>\n\n<div class=\"gb-grid-column gb-grid-column-959bf9f0\"><div class=\"gb-container gb-container-959bf9f0\">\n\n<h4 class=\"gb-headline gb-headline-c0f95294 gb-headline-text\">Identifying information<br>Email Address<\/h4>\n\n\n\n<h5 class=\"wp-block-heading\">Specific piece of information<\/h5>\n\n\n\n<p>Email address<\/p>\n\n\n\n<h5 class=\"wp-block-heading\">Where we get this information<\/h5>\n\n\n\n<ul class=\"wp-block-list\">\n<li>Information submitted by the consumer;<\/li>\n\n\n\n<li>Tracking pixels.<\/li>\n<\/ul>\n\n\n\n<h5 class=\"wp-block-heading\">How we use this information<\/h5>\n\n\n\n<ul class=\"wp-block-list\">\n<li>Analytics;<\/li>\n\n\n\n<li>Enforcing our Terms of Service;<\/li>\n\n\n\n<li>Marketing and advertising;<\/li>\n\n\n\n<li>Performing services;<\/li>\n\n\n\n<li>Providing customer service;<\/li>\n\n\n\n<li>Providing financing;<\/li>\n\n\n\n<li>Resolving disputes;<\/li>\n\n\n\n<li>Verifying customer information.<\/li>\n<\/ul>\n\n<\/div><\/div>\n\n<div class=\"gb-grid-column gb-grid-column-6348ce43\"><div class=\"gb-container gb-container-6348ce43\">\n\n<h4 class=\"gb-headline gb-headline-b7e1368d gb-headline-text\">Identifying information<br>Device identifier<\/h4>\n\n\n\n<h5 class=\"wp-block-heading\">Specific piece of information<\/h5>\n\n\n\n<p>Device identifier<\/p>\n\n\n\n<h5 class=\"wp-block-heading\">Where we get this information<\/h5>\n\n\n\n<ul class=\"wp-block-list\">\n<li>Information submitted by the consumer;<\/li>\n\n\n\n<li>Tracking pixels.<\/li>\n<\/ul>\n\n\n\n<h5 class=\"wp-block-heading\">How we use this information<\/h5>\n\n\n\n<ul class=\"wp-block-list\">\n<li>Analytics;<\/li>\n\n\n\n<li>Enforcing our Terms of Service;<\/li>\n\n\n\n<li>Marketing and advertising.<\/li>\n<\/ul>\n\n<\/div><\/div>\n\n<div class=\"gb-grid-column gb-grid-column-8a584711\"><div class=\"gb-container gb-container-8a584711\">\n\n<h4 class=\"gb-headline gb-headline-e8124b09 gb-headline-text\">Identifying information<br>Criminal Record<\/h4>\n\n\n\n<h5 class=\"wp-block-heading\">Specific piece of information<\/h5>\n\n\n\n<p>Criminal Record<\/p>\n\n\n\n<h5 class=\"wp-block-heading\">Where we get this information<\/h5>\n\n\n\n<ul class=\"wp-block-list\">\n<li>Information submitted by the consumer.<\/li>\n<\/ul>\n\n\n\n<h5 class=\"wp-block-heading\">How we use this information<\/h5>\n\n\n\n<ul class=\"wp-block-list\">\n<li>Performing services;<\/li>\n\n\n\n<li>Qualifying volunteer eligibility.<\/li>\n<\/ul>\n\n<\/div><\/div>\n<\/div>\n<\/div>\n<\/div>\n\n\n<h2 class=\"wp-block-heading\">With whom we share your personal information<\/h2>\n\n\n\n<p>We do not share your personal information with any third parties.<\/p>\n\n\n\n<h2 class=\"wp-block-heading\">Sale of your information<\/h2>\n\n\n\n<p>We do not sell your personal information. Please see the &#8220;Your Rights&#8221; section below for more information about exercising your privacy rights regarding sales of your personal information.<\/p>\n\n\n\n<h2 class=\"wp-block-heading\">Cookies<\/h2>\n\n\n\n<p>A cookie is a small piece of data sent from a website and stored on your device by your browser. This Website collects cookies and may use cookies for reasons including, but not limited to:<\/p>\n\n\n\n<ul class=\"wp-block-list\">\n<li>Analyzing our Website traffic;<\/li>\n\n\n\n<li>Analyzing your interactions with advertisements;<\/li>\n\n\n\n<li>Identifying if you are signed in to the Website;<\/li>\n\n\n\n<li>Testing content on the Website;<\/li>\n\n\n\n<li>Storing information about your preferences;<\/li>\n\n\n\n<li>Recognizing when you return to the Website.<\/li>\n<\/ul>\n\n\n\n<p>Most web browsers automatically accept cookies. However, you can modify your browser settings to decline cookies, if you prefer. This setting may prevent you from taking full advantage of the Website.<\/p>\n\n\n\n<h2 class=\"wp-block-heading\">Children&#8217;s privacy<\/h2>\n\n\n\n<p>This Website is intended for use by a general audience and does not offer services to children. Should a child whom we know to be under 18 send personal information to us, we will use that information only to respond to that child to inform him or her that they cannot use this Website. We do not sell the personal information of minors under the age of 16.<\/p>\n\n\n\n<h2 class=\"wp-block-heading\">Analytics programs<\/h2>\n\n\n\n<p>This Website uses Google Analytics to collect information about you and your behaviors. If you would like to opt out of Google Analytics, please visit <a href=\"https:\/\/tools.google.com\/dlpage\/gaoptout\/\" target=\"_blank\" rel=\"noreferrer noopener\">https:\/\/tools.google.com\/dlpage\/gaoptout\/<\/a>.<\/p>\n\n\n\n<h2 class=\"wp-block-heading\">The rights of California residents<\/h2>\n\n\n\n<p>The residents of California have the following rights with regard to their personal information:<\/p>\n\n\n\n<ol class=\"wp-block-list\">\n<li>The right to access the personal information that we have collected about you;<\/li>\n\n\n\n<li>The right to know whether your personal information is sold or disclosed and to whom;<\/li>\n\n\n\n<li>The right to say no to the sale of your personal information;<\/li>\n\n\n\n<li>The right to request that we delete the personal information that we have collected about you;<\/li>\n\n\n\n<li>The right to equal service and price, even if you exercise your privacy rights.<\/li>\n<\/ol>\n\n\n\n<h2 class=\"wp-block-heading\">Exercising your rights<\/h2>\n\n\n\n<p>Residents of California may exercise the rights specified above by submitting a consumer request to:<\/p>\n\n\n\n<p>We will need to verify your identity prior to effectuating your request. To verify your identity, you will need to provide us with the following information with your request:<\/p>\n\n\n\n<ul class=\"wp-block-list\">\n<li>Name;<\/li>\n\n\n\n<li>Phone number;<\/li>\n\n\n\n<li>Email address.<\/li>\n<\/ul>\n\n\n\n<p>Please note that we may be unable to process your request if you do not provide us with the above information.<\/p>\n\n\n\n<p>You may also designate an authorized agent to exercise your rights on your behalf. You may designate an agent via any of the ways used to submit requests on your behalf. We will request the agent to verify that he or she has the authority to submit requests on your behalf. We will do so by asking the agent to submit the following information:<\/p>\n\n\n\n<ul class=\"wp-block-list\">\n<li>The requester&#8217;s valid government-issued ID.<\/li>\n<\/ul>\n\n\n\n<p>Please note that we may not be able to process your request if your designated agent and\/or you do not provide us with the above information.<\/p>\n\n\n\n<p>We will respond to most consumer requests within 45 days of receipt. However, some requests may take longer. We will notify you in writing if we need more time to respond (up to 90 days). Any disclosures that we make in response to your request will cover the 12 months prior to your request. We have the ability to deny your request(s) if certain exceptions in the law apply. If we do deny your request, we will provide you with the reasons for such denial. Normally, we do not charge a fee to process or respond to consumer requests. However, we may charge a fee if the request is excessive, repetitive or manifestly unfounded.<\/p>\n\n\n\n<h2 class=\"wp-block-heading\">Third-party websites<\/h2>\n\n\n\n<p>This Website may contain hyperlinks to websites operated by parties other than us. We provide such hyperlinks for your reference only. We do not control such websites and are not responsible for their contents or the privacy or other practices of such websites. It is up to you to read and fully understand their Privacy Policies. Our inclusion of hyperlinks to such websites does not imply any endorsement of the material on such websites or any association with their operators.<\/p>\n\n\n\n<h2 class=\"wp-block-heading\">Questions<\/h2>\n\n\n\n<p>If you have any questions about this Privacy Policy, please contact us at info@findfoodbank.org.<\/p>\n\n\n<div class=\"gb-container gb-container-f2bf9f46\">\n\n<a class=\"gb-button gb-button-c2a2e545\" href=\"https:\/\/findfoodbank.org\/vi\/donor-policy\/\"><span class=\"gb-icon\"><svg aria-hidden=\"true\" role=\"img\" height=\"1em\" width=\"1em\" viewbox=\"0 0 512 512\" xmlns=\"http:\/\/www.w3.org\/2000\/svg\"><path fill=\"currentColor\" d=\"M462.3 62.6C407.5 15.9 326 24.3 275.7 76.2L256 96.5l-19.7-20.3C186.1 24.3 104.5 15.9 49.7 62.6c-62.8 53.6-66.1 149.8-9.9 207.9l193.5 199.8c12.5 12.9 32.8 12.9 45.3 0l193.5-199.8c56.3-58.1 53-154.3-9.8-207.9z\"><\/path><\/svg><\/span><span class=\"gb-button-text\">Xem ch\u00ednh s\u00e1ch c\u1ee7a nh\u00e0 t\u00e0i tr\u1ee3<\/span><\/a>\n\n\n\n<a class=\"gb-button gb-button-f8daa149\" href=\"https:\/\/findfoodbank.org\/vi\/terms-of-service\/\"><span class=\"gb-icon\"><svg aria-hidden=\"true\" role=\"img\" height=\"1em\" width=\"1em\" viewbox=\"0 0 512 512\" xmlns=\"http:\/\/www.w3.org\/2000\/svg\"><path fill=\"currentColor\" d=\"M173.898 439.404l-166.4-166.4c-9.997-9.997-9.997-26.206 0-36.204l36.203-36.204c9.997-9.998 26.207-9.998 36.204 0L192 312.69 432.095 72.596c9.997-9.997 26.207-9.997 36.204 0l36.203 36.204c9.997 9.997 9.997 26.206 0 36.204l-294.4 294.401c-9.998 9.997-26.207 9.997-36.204-.001z\"><\/path><\/svg><\/span><span class=\"gb-button-text\">Xem \u0110i\u1ec1u kho\u1ea3n D\u1ecbch v\u1ee5<\/span><\/a>\n\n<\/div>","protected":false},"excerpt":{"rendered":"<p> &#8230; <a title=\"Ch\u00ednh s\u00e1ch b\u1ea3o m\u1eadt\" class=\"read-more\" href=\"https:\/\/findfoodbank.org\/vi\/privacy-policy\/\" aria-label=\"\u0110\u1ecdc th\u00eam v\u1ec1 Privacy Policy\">Read more<\/a><\/p>","protected":false},"author":15,"featured_media":0,"parent":0,"menu_order":0,"comment_status":"closed","ping_status":"open","template":"","meta":{"_monsterinsights_skip_tracking":false,"_monsterinsights_sitenote_active":false,"_monsterinsights_sitenote_note":"","_monsterinsights_sitenote_category":0,"_price":"","_stock":"","_tribe_ticket_header":"","_tribe_default_ticket_provider":"","_tribe_ticket_capacity":"0","_ticket_start_date":"","_ticket_end_date":"","_tribe_ticket_show_description":"","_tribe_ticket_show_not_going":false,"_tribe_ticket_use_global_stock":"","_tribe_ticket_global_stock_level":"","_global_stock_mode":"","_global_stock_cap":"","_tribe_rsvp_for_event":"","_tribe_ticket_going_count":"","_tribe_ticket_not_going_count":"","_tribe_tickets_list":"[]","_tribe_ticket_has_attendee_info_fields":false,"footnotes":"","_tec_slr_enabled":"","_tec_slr_layout":""},"class_list":["post-3","page","type-page","status-publish"],"yoast_head":"<!-- This site is optimized with the Yoast SEO plugin v27.3 - https:\/\/yoast.com\/product\/yoast-seo-wordpress\/ -->\n<title>Privacy Policy - FIND Food Bank<\/title>\n<meta name=\"robots\" content=\"index, follow, max-snippet:-1, max-image-preview:large, max-video-preview:-1\" \/>\n<link rel=\"canonical\" href=\"http:\/\/seodevsite.com\/foodbank\/privacy-policy\/\" \/>\n<meta property=\"og:locale\" content=\"vi_VN\" \/>\n<meta property=\"og:type\" content=\"article\" \/>\n<meta property=\"og:title\" content=\"Privacy Policy - FIND Food Bank\" \/>\n<meta property=\"og:description\" content=\"... Read more\" \/>\n<meta property=\"og:url\" content=\"http:\/\/seodevsite.com\/foodbank\/privacy-policy\/\" \/>\n<meta property=\"og:site_name\" content=\"FIND Food Bank\" \/>\n<meta property=\"article:modified_time\" content=\"2023-09-27T01:36:07+00:00\" \/>\n<meta name=\"twitter:card\" content=\"summary_large_image\" \/>\n<meta name=\"twitter:label1\" content=\"\u01af\u1edbc t\u00ednh th\u1eddi gian \u0111\u1ecdc\" \/>\n\t<meta name=\"twitter:data1\" content=\"6 ph\u00fat\" \/>\n<script type=\"application\/ld+json\" class=\"yoast-schema-graph\">{\"@context\":\"https:\\\/\\\/schema.org\",\"@graph\":[{\"@type\":\"WebPage\",\"@id\":\"http:\\\/\\\/seodevsite.com\\\/foodbank\\\/privacy-policy\\\/\",\"url\":\"http:\\\/\\\/seodevsite.com\\\/foodbank\\\/privacy-policy\\\/\",\"name\":\"Privacy Policy - FIND Food Bank\",\"isPartOf\":{\"@id\":\"https:\\\/\\\/findfoodbank.org\\\/#website\"},\"datePublished\":\"2021-01-12T17:02:26+00:00\",\"dateModified\":\"2023-09-27T01:36:07+00:00\",\"breadcrumb\":{\"@id\":\"http:\\\/\\\/seodevsite.com\\\/foodbank\\\/privacy-policy\\\/#breadcrumb\"},\"inLanguage\":\"vi\",\"potentialAction\":[{\"@type\":\"ReadAction\",\"target\":[\"http:\\\/\\\/seodevsite.com\\\/foodbank\\\/privacy-policy\\\/\"]}]},{\"@type\":\"BreadcrumbList\",\"@id\":\"http:\\\/\\\/seodevsite.com\\\/foodbank\\\/privacy-policy\\\/#breadcrumb\",\"itemListElement\":[{\"@type\":\"ListItem\",\"position\":1,\"name\":\"Home\",\"item\":\"https:\\\/\\\/findfoodbank.org\\\/\"},{\"@type\":\"ListItem\",\"position\":2,\"name\":\"Privacy Policy\"}]},{\"@type\":\"WebSite\",\"@id\":\"https:\\\/\\\/findfoodbank.org\\\/#website\",\"url\":\"https:\\\/\\\/findfoodbank.org\\\/\",\"name\":\"FIND Food Bank\",\"description\":\"The Desert's Regional Food Bank\",\"publisher\":{\"@id\":\"https:\\\/\\\/findfoodbank.org\\\/#organization\"},\"potentialAction\":[{\"@type\":\"SearchAction\",\"target\":{\"@type\":\"EntryPoint\",\"urlTemplate\":\"https:\\\/\\\/findfoodbank.org\\\/?s={search_term_string}\"},\"query-input\":{\"@type\":\"PropertyValueSpecification\",\"valueRequired\":true,\"valueName\":\"search_term_string\"}}],\"inLanguage\":\"vi\"},{\"@type\":\"Organization\",\"@id\":\"https:\\\/\\\/findfoodbank.org\\\/#organization\",\"name\":\"FIND Food Bank\",\"url\":\"https:\\\/\\\/findfoodbank.org\\\/\",\"logo\":{\"@type\":\"ImageObject\",\"inLanguage\":\"vi\",\"@id\":\"https:\\\/\\\/findfoodbank.org\\\/#\\\/schema\\\/logo\\\/image\\\/\",\"url\":\"https:\\\/\\\/findfoodbank.org\\\/wp-content\\\/uploads\\\/2025\\\/09\\\/FIND-logo25-horizontal_4c.png\",\"contentUrl\":\"https:\\\/\\\/findfoodbank.org\\\/wp-content\\\/uploads\\\/2025\\\/09\\\/FIND-logo25-horizontal_4c.png\",\"width\":1189,\"height\":373,\"caption\":\"FIND Food Bank\"},\"image\":{\"@id\":\"https:\\\/\\\/findfoodbank.org\\\/#\\\/schema\\\/logo\\\/image\\\/\"}}]}<\/script>\n<!-- \/ Yoast SEO plugin. -->","yoast_head_json":{"title":"Privacy Policy - FIND Food Bank","robots":{"index":"index","follow":"follow","max-snippet":"max-snippet:-1","max-image-preview":"max-image-preview:large","max-video-preview":"max-video-preview:-1"},"canonical":"http:\/\/seodevsite.com\/foodbank\/privacy-policy\/","og_locale":"vi_VN","og_type":"article","og_title":"Privacy Policy - FIND Food Bank","og_description":"... Read more","og_url":"http:\/\/seodevsite.com\/foodbank\/privacy-policy\/","og_site_name":"FIND Food Bank","article_modified_time":"2023-09-27T01:36:07+00:00","twitter_card":"summary_large_image","twitter_misc":{"\u01af\u1edbc t\u00ednh th\u1eddi gian \u0111\u1ecdc":"6 ph\u00fat"},"schema":{"@context":"https:\/\/schema.org","@graph":[{"@type":"WebPage","@id":"http:\/\/seodevsite.com\/foodbank\/privacy-policy\/","url":"http:\/\/seodevsite.com\/foodbank\/privacy-policy\/","name":"Privacy Policy - FIND Food Bank","isPartOf":{"@id":"https:\/\/findfoodbank.org\/#website"},"datePublished":"2021-01-12T17:02:26+00:00","dateModified":"2023-09-27T01:36:07+00:00","breadcrumb":{"@id":"http:\/\/seodevsite.com\/foodbank\/privacy-policy\/#breadcrumb"},"inLanguage":"vi","potentialAction":[{"@type":"ReadAction","target":["http:\/\/seodevsite.com\/foodbank\/privacy-policy\/"]}]},{"@type":"BreadcrumbList","@id":"http:\/\/seodevsite.com\/foodbank\/privacy-policy\/#breadcrumb","itemListElement":[{"@type":"ListItem","position":1,"name":"Home","item":"https:\/\/findfoodbank.org\/"},{"@type":"ListItem","position":2,"name":"Privacy Policy"}]},{"@type":"WebSite","@id":"https:\/\/findfoodbank.org\/#website","url":"https:\/\/findfoodbank.org\/","name":"T\u00ccM Ng\u00e2n h\u00e0ng Th\u1ef1c ph\u1ea9m","description":"Ng\u00e2n h\u00e0ng l\u01b0\u01a1ng th\u1ef1c khu v\u1ef1c c\u1ee7a sa m\u1ea1c","publisher":{"@id":"https:\/\/findfoodbank.org\/#organization"},"potentialAction":[{"@type":"SearchAction","target":{"@type":"EntryPoint","urlTemplate":"https:\/\/findfoodbank.org\/?s={search_term_string}"},"query-input":{"@type":"PropertyValueSpecification","valueRequired":true,"valueName":"search_term_string"}}],"inLanguage":"vi"},{"@type":"Organization","@id":"https:\/\/findfoodbank.org\/#organization","name":"T\u00ccM Ng\u00e2n h\u00e0ng Th\u1ef1c ph\u1ea9m","url":"https:\/\/findfoodbank.org\/","logo":{"@type":"ImageObject","inLanguage":"vi","@id":"https:\/\/findfoodbank.org\/#\/schema\/logo\/image\/","url":"https:\/\/findfoodbank.org\/wp-content\/uploads\/2025\/09\/FIND-logo25-horizontal_4c.png","contentUrl":"https:\/\/findfoodbank.org\/wp-content\/uploads\/2025\/09\/FIND-logo25-horizontal_4c.png","width":1189,"height":373,"caption":"FIND Food Bank"},"image":{"@id":"https:\/\/findfoodbank.org\/#\/schema\/logo\/image\/"}}]}},"ticketed":false,"_links":{"self":[{"href":"https:\/\/findfoodbank.org\/vi\/wp-json\/wp\/v2\/pages\/3","targetHints":{"allow":["GET"]}}],"collection":[{"href":"https:\/\/findfoodbank.org\/vi\/wp-json\/wp\/v2\/pages"}],"about":[{"href":"https:\/\/findfoodbank.org\/vi\/wp-json\/wp\/v2\/types\/page"}],"author":[{"embeddable":true,"href":"https:\/\/findfoodbank.org\/vi\/wp-json\/wp\/v2\/users\/15"}],"replies":[{"embeddable":true,"href":"https:\/\/findfoodbank.org\/vi\/wp-json\/wp\/v2\/comments?post=3"}],"version-history":[{"count":8,"href":"https:\/\/findfoodbank.org\/vi\/wp-json\/wp\/v2\/pages\/3\/revisions"}],"predecessor-version":[{"id":11960,"href":"https:\/\/findfoodbank.org\/vi\/wp-json\/wp\/v2\/pages\/3\/revisions\/11960"}],"wp:attachment":[{"href":"https:\/\/findfoodbank.org\/vi\/wp-json\/wp\/v2\/media?parent=3"}],"curies":[{"name":"wp","href":"https:\/\/api.w.org\/{rel}","templated":true}]}}