{"id":2954,"date":"2021-08-27T10:58:23","date_gmt":"2021-08-27T17:58:23","guid":{"rendered":"https:\/\/findfoodbank.org\/?page_id=2954"},"modified":"2026-03-27T08:20:56","modified_gmt":"2026-03-27T15:20:56","slug":"debbie-espinosa","status":"publish","type":"page","link":"https:\/\/findfoodbank.org\/vi\/debbie-espinosa\/","title":{"rendered":"Debbie Espinosa"},"content":{"rendered":"<div class=\"gb-container gb-container-763ace6f alignfull\">\n<div class=\"gb-container gb-container-4075627d\">\n<div class=\"gb-grid-wrapper gb-grid-wrapper-40d690d2\">\n<div class=\"gb-grid-column gb-grid-column-3b32b80d\"><div class=\"gb-container gb-container-3b32b80d\">\n\n<figure class=\"gb-block-image gb-block-image-c05f6e1a\"><img loading=\"lazy\" decoding=\"async\" width=\"1829\" height=\"2560\" class=\"gb-image gb-image-c05f6e1a\" src=\"https:\/\/findfoodbank.org\/wp-content\/uploads\/2026\/03\/Headshot-2-scaled.jpg\" alt=\"\" title=\"Headshot 2\" srcset=\"https:\/\/findfoodbank.org\/wp-content\/uploads\/2026\/03\/Headshot-2-scaled.jpg 1829w, https:\/\/findfoodbank.org\/wp-content\/uploads\/2026\/03\/Headshot-2-214x300.jpg 214w, https:\/\/findfoodbank.org\/wp-content\/uploads\/2026\/03\/Headshot-2-732x1024.jpg 732w, https:\/\/findfoodbank.org\/wp-content\/uploads\/2026\/03\/Headshot-2-768x1075.jpg 768w, https:\/\/findfoodbank.org\/wp-content\/uploads\/2026\/03\/Headshot-2-50x70.jpg 50w, https:\/\/findfoodbank.org\/wp-content\/uploads\/2026\/03\/Headshot-2-1600x2240.jpg 1600w, https:\/\/findfoodbank.org\/wp-content\/uploads\/2026\/03\/Headshot-2-1097x1536.jpg 1097w, https:\/\/findfoodbank.org\/wp-content\/uploads\/2026\/03\/Headshot-2-1463x2048.jpg 1463w, https:\/\/findfoodbank.org\/wp-content\/uploads\/2026\/03\/Headshot-2-9x12.jpg 9w\" sizes=\"auto, (max-width: 1829px) 100vw, 1829px\" \/><\/figure>\n\n<\/div><\/div>\n\n<div class=\"gb-grid-column gb-grid-column-325d799d\"><div class=\"gb-container gb-container-325d799d\">\n\n<h1 class=\"gb-headline gb-headline-2f68a856 gb-headline-text\">Debbie Espinosa, MPS, CNP<\/h1>\n\n\n\n<p>Ngu\u1ed3n g\u1ed1c v\u0103n h\u00f3a c\u1ee7a Debbie l\u00e0 c\u1ed1ng hi\u1ebfn cho gia \u0111\u00ecnh, c\u1ed9ng \u0111\u1ed3ng v\u00e0 ch\u0103m s\u00f3c nh\u1eefng ng\u01b0\u1eddi c\u1ea7n gi\u00fap \u0111\u1ee1 l\u00e0 c\u01a1 s\u1edf cho ni\u1ec1m \u0111am m\u00ea l\u00e0m vi\u1ec7c trong l\u0129nh v\u1ef1c Phi l\u1ee3i nhu\u1eadn c\u1ee7a c\u00f4. L\u00e0 con g\u00e1i c\u1ee7a m\u1ed9t gia \u0111\u00ecnh Philippines nh\u1eadp c\u01b0, c\u00f4 cho r\u1eb1ng n\u1ec1n t\u1ea3ng c\u1ee7a s\u1ee9c m\u1ea1nh n\u1ed9i t\u00e2m v\u00e0 t\u00ednh c\u00e1ch c\u1ee7a m\u00ecnh l\u00e0 nh\u1eefng b\u00e0i h\u1ecdc kinh nghi\u1ec7m t\u1eeb cu\u1ed9c h\u00e0nh tr\u00ecnh c\u1ee7a gia \u0111\u00ecnh c\u00f4 \u0111\u1ebfn M\u1ef9. D\u1ef1a tr\u00ean ni\u1ec1m tin c\u1ee7a h\u1ecd r\u1eb1ng Gi\u1ea5c m\u01a1 M\u1ef9 c\u00f3 th\u1ec3 \u0111\u1ea1t \u0111\u01b0\u1ee3c th\u00f4ng qua l\u00e0m vi\u1ec7c ch\u0103m ch\u1ec9, ki\u00ean tr\u00ec v\u00e0 quan t\u00e2m \u0111\u1ebfn ng\u01b0\u1eddi kh\u00e1c tr\u01b0\u1edbc b\u1ea3n th\u00e2n, v\u00e0o th\u00e1ng 2 n\u0103m 2018, Debbie \u0111\u00e3 tr\u1edf th\u00e0nh Ch\u1ee7 t\u1ecbch &amp; Gi\u00e1m \u0111\u1ed1c \u0111i\u1ec1u h\u00e0nh c\u1ee7a FIND Food Bank, Ng\u00e2n h\u00e0ng Th\u1ef1c ph\u1ea9m Khu v\u1ef1c c\u1ee7a Sa m\u1ea1c.<\/p>\n\n\n\n<p>With over 30 years as an experienced Non-profit professional, Debbie\u2019s both planned and serendipitous path has afforded her experiences at the regional, national, and international levels. These include Director of Programs for the Contra Costa and Solano area (overseeing a 16 county food bank in Northern, CA), the Compliance and Capacity Development Manager for 37 food banks in the Southwest Sector of the US at the National Office of Feeding America, Special Assistant to the CEO of Fair Trade USA and Branch Executive for the Oakland YMCA, and the Strategic Programs and Operations consultant for the Global Food Banking Network and Walmart Mexico y Centro America. There she supported the development of the first national food banking networks in Honduras, Nicaragua, and El Salvador. Recognized for her work in nonprofit management and hunger relief Debbie has keynoted and led workshops at 5 national conferences in these subjects. From 2015-2017 she served as the National President of the Association of Certified Non-Profit Professionals. In 2015, she was featured in the&nbsp;<a href=\"https:\/\/nam10.safelinks.protection.outlook.com\/?url=https%3A%2F%2Ffindfoodbank.org%2Fwp-content%2Fuploads%2F2021%2F12%2FBaylor-University-Business-Review.pdf&amp;data=05%7C02%7Cranderson%40findfoodbank.org%7Cf21651028f3b4cc9744908dd52c24390%7Ca570735d820c4ad98e781a753805c765%7C0%7C0%7C638757716520786954%7CUnknown%7CTWFpbGZsb3d8eyJFbXB0eU1hcGkiOnRydWUsIlYiOiIwLjAuMDAwMCIsIlAiOiJXaW4zMiIsIkFOIjoiTWFpbCIsIldUIjoyfQ%3D%3D%7C0%7C%7C%7C&amp;sdata=xZjIhF57y4%2FUit3K%2BvE5Lwb1Sp5gBilk7khLZ2IT1kU%3D&amp;reserved=0\" target=\"_blank\" rel=\"noreferrer noopener\"><strong>T\u1ea1p ch\u00ed Kinh doanh c\u1ee7a \u0110\u1ea1i h\u1ecdc Baylor&nbsp;<\/strong><\/a>for her \u201chard-core business acumen\u201d in cross-sector management of both Non-Profits and For-Profits. In 2017, she was a nominee for the Independent Sector\u2019s NexGen award and was presented with a national Non-Profit Leadership Award by the Nonprofit Leadership Alliance. In 2021, she was featured in multiple local, state, and&nbsp;<a href=\"https:\/\/nam10.safelinks.protection.outlook.com\/?url=https%3A%2F%2Ffindfoodbank.org%2Forganizational-survival-and-sustainability-what-it-takes-and-how-to-pivot-during-a-pandemic%2F&amp;data=05%7C02%7Cranderson%40findfoodbank.org%7Cf21651028f3b4cc9744908dd52c24390%7Ca570735d820c4ad98e781a753805c765%7C0%7C0%7C638757716520805180%7CUnknown%7CTWFpbGZsb3d8eyJFbXB0eU1hcGkiOnRydWUsIlYiOiIwLjAuMDAwMCIsIlAiOiJXaW4zMiIsIkFOIjoiTWFpbCIsIldUIjoyfQ%3D%3D%7C0%7C%7C%7C&amp;sdata=e2rEH3iEjkKpRfj%2BjRMzQPgaJ%2Bk%2FFUCIn87m%2Fqx2SlI%3D&amp;reserved=0\" target=\"_blank\" rel=\"noreferrer noopener\"><strong>b\u00e0i b\u00e1o qu\u1ed1c gia<\/strong><\/a>&nbsp;v\u00ec kh\u1ea3 n\u0103ng xoay v\u00f2ng T\u00ccM \u0111\u1ec3 ph\u1ee5c v\u1ee5 h\u01a1n 190.000 ng\u01b0\u1eddi kh\u00f4ng an to\u00e0n v\u1ec1 th\u1ef1c ph\u1ea9m (h\u01a1n m\u1ed9t&nbsp;<a href=\"https:\/\/nam10.safelinks.protection.outlook.com\/?url=https%3A%2F%2Ffindfoodbank.org%2Ffind-food-bank-sees-110-percent-increase-of-people-in-need-of-food-since-the-start-of-the%2F&amp;data=05%7C02%7Cranderson%40findfoodbank.org%7Cf21651028f3b4cc9744908dd52c24390%7Ca570735d820c4ad98e781a753805c765%7C0%7C0%7C638757716520817481%7CUnknown%7CTWFpbGZsb3d8eyJFbXB0eU1hcGkiOnRydWUsIlYiOiIwLjAuMDAwMCIsIlAiOiJXaW4zMiIsIkFOIjoiTWFpbCIsIldUIjoyfQ%3D%3D%7C0%7C%7C%7C&amp;sdata=dIudHS0EvW%2FvVd7Bk8fiL0ZLaXXPMuc21zA%2BoWQ%2Bc7c%3D&amp;reserved=0\" target=\"_blank\" rel=\"noreferrer noopener\"><strong>T\u0103ng 110% \u1edf ng\u01b0\u1eddi<\/strong><\/a>) within 6 weeks of the onset of the covid pandemic. In 2022, she was awarded the Mary T. Roche Award from the Woman\u2019s Leaders Forum of The Coachella Valley. In 2024, she was awarded the <a href=\"https:\/\/www.palmspringslife.com\/meet-the-2024-women-who-lead-honorees\/\">Women in Leadership Award for Non Profits<\/a> by Palm Springs Life Magazine.<\/p>\n\n\n\n<p>Debbie currently and has served in national positions in the Feeding America (FA) Network, the largest nonprofit in the United States.\u00a0She is a member and Past Chair of the FA National Advisory Council, which is one of the top decision making bodies for the network, focused on overall strategy and innovation of the 200 Feeding America Network food banks in the US. She has also served as a member of the\u00a0Feeding America Contract Task Force, the National Feeding America Strategic Framework Planning Council, whose work established the national 2030 Strategic Framework for the Feeding America network of food banks, and the Feeding America National Board of Directors. Additionally, she currently serves on the Non-Profit Leadership Alliance National Board, and the Emergency Food and Shelter Program (EFSP) Riverside County Board.<\/p>\n\n\n\n<p>Debbie l\u1edbn l\u00ean \u1edf Puyallup, WA, chuy\u1ec3n \u0111\u1ebfn California sau khi t\u1ed1t nghi\u1ec7p \u0111\u1ea1i h\u1ecdc. C\u00f4 t\u1ef1 h\u00e0o tuy\u00ean b\u1ed1 c\u1ea3 T\u00e2y B\u1eafc Th\u00e1i B\u00ecnh D\u01b0\u01a1ng v\u00e0 California l\u00e0 nh\u00e0 c\u1ee7a m\u00ecnh. Gi\u00e1o d\u1ee5c c\u1ee7a c\u00f4 bao g\u1ed3m Ch\u01b0\u01a1ng tr\u00ecnh T\u00fa t\u00e0i Qu\u1ed1c t\u1ebf, C\u1eed nh\u00e2n Ngh\u1ec7 thu\u1eadt t\u1eeb \u0110\u1ea1i h\u1ecdc Rockhurst v\u1edbi chuy\u00ean ng\u00e0nh k\u00e9p v\u1ec1 T\u00f4n gi\u00e1o v\u00e0 X\u00e3 h\u1ed9i h\u1ecdc so s\u00e1nh v\u1edbi chuy\u00ean ng\u00e0nh ph\u1ee5 v\u1ec1 D\u1ecbch v\u1ee5 con ng\u01b0\u1eddi, Th\u1ea1c s\u0129 Nghi\u00ean c\u1ee9u Chuy\u00ean nghi\u1ec7p v\u1ec1 Ph\u00e1t tri\u1ec3n Kinh t\u1ebf v\u00e0 C\u1ed9ng \u0111\u1ed3ng c\u1ee7a \u0110\u1ea1i h\u1ecdc Penn State, v\u00e0 \u0111\u01b0\u1ee3c ch\u1ee9ng nh\u1eadn Chuy\u00ean gia phi l\u1ee3i nhu\u1eadn (CNP).<\/p>\n\n\n\n<p>Most importantly, Debbie has two wonderful daughters, a college student and a recent college grad, and a one-eyed Shih Tzu named Pabu (\u201cPaw-boo\u201d).&nbsp; Because of her passion for feeding people combined with her love for the Arts and all things outdoors (gardening, golfing, hiking, skiing, basking in the sun), the beautiful Coachella Valley makes her feel like she\u2019s \u201cLiving the Dream\u201d every day. &nbsp;<\/p>\n\n<\/div><\/div>\n<\/div>\n<\/div>\n\n<div class=\"gb-container gb-container-e0deee8a\">\n<div class=\"gb-grid-wrapper gb-grid-wrapper-c6ac61c0\">\n<div class=\"gb-grid-column gb-grid-column-28487a6d\"><div class=\"gb-container gb-container-28487a6d\">\n\n<figure class=\"gb-block-image gb-block-image-5e2a082c\"><img loading=\"lazy\" decoding=\"async\" width=\"1451\" height=\"1413\" class=\"gb-image gb-image-5e2a082c\" src=\"https:\/\/findfoodbank.org\/wp-content\/uploads\/2021\/12\/Pabu-crop4.jpg\" srcset=\"https:\/\/findfoodbank.org\/wp-content\/uploads\/2021\/12\/Pabu-crop4.jpg 1451w, https:\/\/findfoodbank.org\/wp-content\/uploads\/2021\/12\/Pabu-crop4-300x292.jpg 300w, https:\/\/findfoodbank.org\/wp-content\/uploads\/2021\/12\/Pabu-crop4-1024x997.jpg 1024w, https:\/\/findfoodbank.org\/wp-content\/uploads\/2021\/12\/Pabu-crop4-768x748.jpg 768w, https:\/\/findfoodbank.org\/wp-content\/uploads\/2021\/12\/Pabu-crop4-12x12.jpg 12w, https:\/\/findfoodbank.org\/wp-content\/uploads\/2021\/12\/Pabu-crop4-1080x1052.jpg 1080w, https:\/\/findfoodbank.org\/wp-content\/uploads\/2021\/12\/Pabu-crop4-1280x1246.jpg 1280w, https:\/\/findfoodbank.org\/wp-content\/uploads\/2021\/12\/Pabu-crop4-980x954.jpg 980w, https:\/\/findfoodbank.org\/wp-content\/uploads\/2021\/12\/Pabu-crop4-480x467.jpg 480w\" sizes=\"auto, (max-width: 1451px) 100vw, 1451px\" \/><\/figure>\n\n<\/div><\/div>\n<\/div>\n<\/div>\n<\/div>","protected":false},"excerpt":{"rendered":"","protected":false},"author":15,"featured_media":0,"parent":0,"menu_order":0,"comment_status":"closed","ping_status":"closed","template":"","meta":{"_monsterinsights_skip_tracking":false,"_monsterinsights_sitenote_active":false,"_monsterinsights_sitenote_note":"","_monsterinsights_sitenote_category":0,"_price":"","_stock":"","_tribe_ticket_header":"","_tribe_default_ticket_provider":"","_tribe_ticket_capacity":"0","_ticket_start_date":"","_ticket_end_date":"","_tribe_ticket_show_description":"","_tribe_ticket_show_not_going":false,"_tribe_ticket_use_global_stock":"","_tribe_ticket_global_stock_level":"","_global_stock_mode":"","_global_stock_cap":"","_tribe_rsvp_for_event":"","_tribe_ticket_going_count":"","_tribe_ticket_not_going_count":"","_tribe_tickets_list":"[]","_tribe_ticket_has_attendee_info_fields":false,"footnotes":"","_tec_slr_enabled":"","_tec_slr_layout":""},"class_list":["post-2954","page","type-page","status-publish"],"yoast_head":"<!-- This site is optimized with the Yoast SEO plugin v27.3 - https:\/\/yoast.com\/product\/yoast-seo-wordpress\/ -->\n<title>Debbie Espinosa CEO FIND Food Bank<\/title>\n<meta name=\"description\" content=\"Debbie\u2019s cultural roots of dedication to family, community, and care for those in need have been the basis of her passion.\" \/>\n<meta name=\"robots\" content=\"index, follow, max-snippet:-1, max-image-preview:large, max-video-preview:-1\" \/>\n<link rel=\"canonical\" href=\"https:\/\/findfoodbank.org\/vi\/debbie-espinosa\/\" \/>\n<meta property=\"og:locale\" content=\"vi_VN\" \/>\n<meta property=\"og:type\" content=\"article\" \/>\n<meta property=\"og:title\" content=\"Debbie Espinosa CEO FIND Food Bank\" \/>\n<meta property=\"og:description\" content=\"Debbie\u2019s cultural roots of dedication to family, community, and care for those in need have been the basis of her passion.\" \/>\n<meta property=\"og:url\" content=\"https:\/\/findfoodbank.org\/vi\/debbie-espinosa\/\" \/>\n<meta property=\"og:site_name\" content=\"FIND Food Bank\" \/>\n<meta property=\"article:modified_time\" content=\"2026-03-27T15:20:56+00:00\" \/>\n<meta property=\"og:image\" content=\"https:\/\/findfoodbank.org\/wp-content\/uploads\/2026\/03\/Headshot-2-scaled.jpg\" \/>\n<meta name=\"twitter:card\" content=\"summary_large_image\" \/>\n<meta name=\"twitter:label1\" content=\"\u01af\u1edbc t\u00ednh th\u1eddi gian \u0111\u1ecdc\" \/>\n\t<meta name=\"twitter:data1\" content=\"4 ph\u00fat\" \/>\n<script type=\"application\/ld+json\" class=\"yoast-schema-graph\">{\"@context\":\"https:\\\/\\\/schema.org\",\"@graph\":[{\"@type\":\"WebPage\",\"@id\":\"https:\\\/\\\/findfoodbank.org\\\/debbie-espinosa\\\/\",\"url\":\"https:\\\/\\\/findfoodbank.org\\\/debbie-espinosa\\\/\",\"name\":\"Debbie Espinosa CEO FIND Food Bank\",\"isPartOf\":{\"@id\":\"https:\\\/\\\/findfoodbank.org\\\/#website\"},\"primaryImageOfPage\":{\"@id\":\"https:\\\/\\\/findfoodbank.org\\\/debbie-espinosa\\\/#primaryimage\"},\"image\":{\"@id\":\"https:\\\/\\\/findfoodbank.org\\\/debbie-espinosa\\\/#primaryimage\"},\"thumbnailUrl\":\"https:\\\/\\\/findfoodbank.org\\\/wp-content\\\/uploads\\\/2026\\\/03\\\/Headshot-2-scaled.jpg\",\"datePublished\":\"2021-08-27T17:58:23+00:00\",\"dateModified\":\"2026-03-27T15:20:56+00:00\",\"description\":\"Debbie\u2019s cultural roots of dedication to family, community, and care for those in need have been the basis of her passion.\",\"breadcrumb\":{\"@id\":\"https:\\\/\\\/findfoodbank.org\\\/debbie-espinosa\\\/#breadcrumb\"},\"inLanguage\":\"vi\",\"potentialAction\":[{\"@type\":\"ReadAction\",\"target\":[\"https:\\\/\\\/findfoodbank.org\\\/debbie-espinosa\\\/\"]}]},{\"@type\":\"ImageObject\",\"inLanguage\":\"vi\",\"@id\":\"https:\\\/\\\/findfoodbank.org\\\/debbie-espinosa\\\/#primaryimage\",\"url\":\"https:\\\/\\\/findfoodbank.org\\\/wp-content\\\/uploads\\\/2026\\\/03\\\/Headshot-2-scaled.jpg\",\"contentUrl\":\"https:\\\/\\\/findfoodbank.org\\\/wp-content\\\/uploads\\\/2026\\\/03\\\/Headshot-2-scaled.jpg\"},{\"@type\":\"BreadcrumbList\",\"@id\":\"https:\\\/\\\/findfoodbank.org\\\/debbie-espinosa\\\/#breadcrumb\",\"itemListElement\":[{\"@type\":\"ListItem\",\"position\":1,\"name\":\"Home\",\"item\":\"https:\\\/\\\/findfoodbank.org\\\/\"},{\"@type\":\"ListItem\",\"position\":2,\"name\":\"Debbie Espinosa\"}]},{\"@type\":\"WebSite\",\"@id\":\"https:\\\/\\\/findfoodbank.org\\\/#website\",\"url\":\"https:\\\/\\\/findfoodbank.org\\\/\",\"name\":\"FIND Food Bank\",\"description\":\"The Desert's Regional Food Bank\",\"publisher\":{\"@id\":\"https:\\\/\\\/findfoodbank.org\\\/#organization\"},\"potentialAction\":[{\"@type\":\"SearchAction\",\"target\":{\"@type\":\"EntryPoint\",\"urlTemplate\":\"https:\\\/\\\/findfoodbank.org\\\/?s={search_term_string}\"},\"query-input\":{\"@type\":\"PropertyValueSpecification\",\"valueRequired\":true,\"valueName\":\"search_term_string\"}}],\"inLanguage\":\"vi\"},{\"@type\":\"Organization\",\"@id\":\"https:\\\/\\\/findfoodbank.org\\\/#organization\",\"name\":\"FIND Food Bank\",\"url\":\"https:\\\/\\\/findfoodbank.org\\\/\",\"logo\":{\"@type\":\"ImageObject\",\"inLanguage\":\"vi\",\"@id\":\"https:\\\/\\\/findfoodbank.org\\\/#\\\/schema\\\/logo\\\/image\\\/\",\"url\":\"https:\\\/\\\/findfoodbank.org\\\/wp-content\\\/uploads\\\/2025\\\/09\\\/FIND-logo25-horizontal_4c.png\",\"contentUrl\":\"https:\\\/\\\/findfoodbank.org\\\/wp-content\\\/uploads\\\/2025\\\/09\\\/FIND-logo25-horizontal_4c.png\",\"width\":1189,\"height\":373,\"caption\":\"FIND Food Bank\"},\"image\":{\"@id\":\"https:\\\/\\\/findfoodbank.org\\\/#\\\/schema\\\/logo\\\/image\\\/\"}}]}<\/script>\n<!-- \/ Yoast SEO plugin. -->","yoast_head_json":{"title":"Debbie Espinosa CEO FIND Food Bank","description":"Debbie\u2019s cultural roots of dedication to family, community, and care for those in need have been the basis of her passion.","robots":{"index":"index","follow":"follow","max-snippet":"max-snippet:-1","max-image-preview":"max-image-preview:large","max-video-preview":"max-video-preview:-1"},"canonical":"https:\/\/findfoodbank.org\/vi\/debbie-espinosa\/","og_locale":"vi_VN","og_type":"article","og_title":"Debbie Espinosa CEO FIND Food Bank","og_description":"Debbie\u2019s cultural roots of dedication to family, community, and care for those in need have been the basis of her passion.","og_url":"https:\/\/findfoodbank.org\/vi\/debbie-espinosa\/","og_site_name":"FIND Food Bank","article_modified_time":"2026-03-27T15:20:56+00:00","og_image":[{"url":"https:\/\/findfoodbank.org\/wp-content\/uploads\/2026\/03\/Headshot-2-scaled.jpg","type":"","width":"","height":""}],"twitter_card":"summary_large_image","twitter_misc":{"\u01af\u1edbc t\u00ednh th\u1eddi gian \u0111\u1ecdc":"4 ph\u00fat"},"schema":{"@context":"https:\/\/schema.org","@graph":[{"@type":"WebPage","@id":"https:\/\/findfoodbank.org\/debbie-espinosa\/","url":"https:\/\/findfoodbank.org\/debbie-espinosa\/","name":"Debbie Espinosa CEO FIND Food Bank","isPartOf":{"@id":"https:\/\/findfoodbank.org\/#website"},"primaryImageOfPage":{"@id":"https:\/\/findfoodbank.org\/debbie-espinosa\/#primaryimage"},"image":{"@id":"https:\/\/findfoodbank.org\/debbie-espinosa\/#primaryimage"},"thumbnailUrl":"https:\/\/findfoodbank.org\/wp-content\/uploads\/2026\/03\/Headshot-2-scaled.jpg","datePublished":"2021-08-27T17:58:23+00:00","dateModified":"2026-03-27T15:20:56+00:00","description":"Debbie\u2019s cultural roots of dedication to family, community, and care for those in need have been the basis of her passion.","breadcrumb":{"@id":"https:\/\/findfoodbank.org\/debbie-espinosa\/#breadcrumb"},"inLanguage":"vi","potentialAction":[{"@type":"ReadAction","target":["https:\/\/findfoodbank.org\/debbie-espinosa\/"]}]},{"@type":"ImageObject","inLanguage":"vi","@id":"https:\/\/findfoodbank.org\/debbie-espinosa\/#primaryimage","url":"https:\/\/findfoodbank.org\/wp-content\/uploads\/2026\/03\/Headshot-2-scaled.jpg","contentUrl":"https:\/\/findfoodbank.org\/wp-content\/uploads\/2026\/03\/Headshot-2-scaled.jpg"},{"@type":"BreadcrumbList","@id":"https:\/\/findfoodbank.org\/debbie-espinosa\/#breadcrumb","itemListElement":[{"@type":"ListItem","position":1,"name":"Home","item":"https:\/\/findfoodbank.org\/"},{"@type":"ListItem","position":2,"name":"Debbie Espinosa"}]},{"@type":"WebSite","@id":"https:\/\/findfoodbank.org\/#website","url":"https:\/\/findfoodbank.org\/","name":"T\u00ccM Ng\u00e2n h\u00e0ng Th\u1ef1c ph\u1ea9m","description":"Ng\u00e2n h\u00e0ng l\u01b0\u01a1ng th\u1ef1c khu v\u1ef1c c\u1ee7a sa m\u1ea1c","publisher":{"@id":"https:\/\/findfoodbank.org\/#organization"},"potentialAction":[{"@type":"SearchAction","target":{"@type":"EntryPoint","urlTemplate":"https:\/\/findfoodbank.org\/?s={search_term_string}"},"query-input":{"@type":"PropertyValueSpecification","valueRequired":true,"valueName":"search_term_string"}}],"inLanguage":"vi"},{"@type":"Organization","@id":"https:\/\/findfoodbank.org\/#organization","name":"T\u00ccM Ng\u00e2n h\u00e0ng Th\u1ef1c ph\u1ea9m","url":"https:\/\/findfoodbank.org\/","logo":{"@type":"ImageObject","inLanguage":"vi","@id":"https:\/\/findfoodbank.org\/#\/schema\/logo\/image\/","url":"https:\/\/findfoodbank.org\/wp-content\/uploads\/2025\/09\/FIND-logo25-horizontal_4c.png","contentUrl":"https:\/\/findfoodbank.org\/wp-content\/uploads\/2025\/09\/FIND-logo25-horizontal_4c.png","width":1189,"height":373,"caption":"FIND Food Bank"},"image":{"@id":"https:\/\/findfoodbank.org\/#\/schema\/logo\/image\/"}}]}},"ticketed":false,"_links":{"self":[{"href":"https:\/\/findfoodbank.org\/vi\/wp-json\/wp\/v2\/pages\/2954","targetHints":{"allow":["GET"]}}],"collection":[{"href":"https:\/\/findfoodbank.org\/vi\/wp-json\/wp\/v2\/pages"}],"about":[{"href":"https:\/\/findfoodbank.org\/vi\/wp-json\/wp\/v2\/types\/page"}],"author":[{"embeddable":true,"href":"https:\/\/findfoodbank.org\/vi\/wp-json\/wp\/v2\/users\/15"}],"replies":[{"embeddable":true,"href":"https:\/\/findfoodbank.org\/vi\/wp-json\/wp\/v2\/comments?post=2954"}],"version-history":[{"count":31,"href":"https:\/\/findfoodbank.org\/vi\/wp-json\/wp\/v2\/pages\/2954\/revisions"}],"predecessor-version":[{"id":17777,"href":"https:\/\/findfoodbank.org\/vi\/wp-json\/wp\/v2\/pages\/2954\/revisions\/17777"}],"wp:attachment":[{"href":"https:\/\/findfoodbank.org\/vi\/wp-json\/wp\/v2\/media?parent=2954"}],"curies":[{"name":"wp","href":"https:\/\/api.w.org\/{rel}","templated":true}]}}