{"id":2913,"date":"2021-08-26T18:56:42","date_gmt":"2021-08-26T18:56:42","guid":{"rendered":"http:\/\/findfoodbank.flywheelsites.com\/?page_id=2913"},"modified":"2023-09-23T14:27:55","modified_gmt":"2023-09-23T21:27:55","slug":"donor-policy","status":"publish","type":"page","link":"https:\/\/findfoodbank.org\/vi\/donor-policy\/","title":{"rendered":"Ch\u00ednh s\u00e1ch nh\u00e0 t\u00e0i tr\u1ee3"},"content":{"rendered":"<h1 class=\"wp-block-heading\">Ch\u00ednh s\u00e1ch v\u1ec1 quy\u1ec1n ri\u00eang t\u01b0 v\u00e0 \u0111\u00f3ng g\u00f3p c\u1ee7a nh\u00e0 t\u00e0i tr\u1ee3<\/h1>\n\n\n\n<p>FIND Food Bank (Food In Need of Distribution, Inc.) is committed to respecting the privacy of our donors.&nbsp; We have developed this privacy policy to ensure our donors that donor information will not be shared with any third party.<\/p>\n\n\n\n<h2 class=\"wp-block-heading\">Nh\u1eadn th\u1ee9c<\/h2>\n\n\n\n<p>FIND Food Bank provides this Donor Privacy Policy to make you aware of our privacy policy, and to inform you of the way your information is used.&nbsp; We also provide you with the opportunity to remove your name from our mailing list, if you desire to do so.<\/p>\n\n\n\n<h2 class=\"wp-block-heading\">Th\u00f4ng tin \u0111\u01b0\u1ee3c thu th\u1eadp<\/h2>\n\n\n\n<p>D\u01b0\u1edbi \u0111\u00e2y l\u00e0 c\u00e1c lo\u1ea1i th\u00f4ng tin v\u1ec1 nh\u00e0 t\u00e0i tr\u1ee3 m\u00e0 ch\u00fang t\u00f4i thu th\u1eadp v\u00e0 duy tr\u00ec:<\/p>\n\n\n\n<p>Contact information:&nbsp; name, business name, complete address, phone number, email address;<\/p>\n\n\n\n<p>Th\u00f4ng tin thanh to\u00e1n: s\u1ed1 ti\u1ec1n \u0111\u00f3ng g\u00f3p, lo\u1ea1i th\u1ebb t\u00edn d\u1ee5ng, s\u1ed1 s\u00e9c v\u00e0 th\u00f4ng tin thanh to\u00e1n; Ch\u00fang t\u00f4i kh\u00f4ng l\u01b0u gi\u1eef th\u1ebb t\u00edn d\u1ee5ng trong h\u1ed3 s\u01a1, khi kho\u1ea3n \u0111\u00f3ng g\u00f3p \u0111\u01b0\u1ee3c x\u1eed l\u00fd th\u00f4ng qua c\u01a1 s\u1edf d\u1eef li\u1ec7u nh\u00e0 t\u00e0i tr\u1ee3 c\u1ee7a ch\u00fang t\u00f4i, qua trang web c\u1ee7a ch\u00fang t\u00f4i ho\u1eb7c PayPal, ch\u00fang t\u00f4i s\u1ebd kh\u00f4ng c\u00f2n quy\u1ec1n truy c\u1eadp v\u00e0o s\u1ed1 th\u1ebb t\u00edn d\u1ee5ng c\u1ee7a b\u1ea1n n\u1eefa.<\/p>\n\n\n\n<p>Th\u00f4ng tin v\u1ec1 c\u00e1ch b\u1ea1n quy\u00ean g\u00f3p: tr\u1ea3 l\u1eddi th\u01b0 tr\u1ef1c ti\u1ebfp, tr\u1ef1c tuy\u1ebfn, c\u00e2u l\u1ea1c b\u1ed9 quy\u00ean g\u00f3p h\u00e0ng th\u00e1ng, s\u1ef1 ki\u1ec7n t\u00ecnh nguy\u1ec7n, tham gia di\u1ec5n thuy\u1ebft, v.v.;<\/p>\n\n\n\n<p>Th\u00f4ng tin li\u00ean quan \u0111\u1ebfn c\u00e1ch b\u1ea1n nghe v\u1ec1 FIND Food Bank;<\/p>\n\n\n\n<p>Th\u00f4ng tin b\u1ea1n mu\u1ed1n chia s\u1ebb: c\u00e2u h\u1ecfi, nh\u1eadn x\u00e9t, \u0111\u1ec1 xu\u1ea5t; v\u00e0<\/p>\n\n\n\n<p>Y\u00eau c\u1ea7u c\u1ee7a b\u1ea1n \u0111\u1ec3 nh\u1eadn th\u00f4ng tin c\u1eadp nh\u1eadt \u0111\u1ecbnh k\u1ef3: v\u00ed d\u1ee5: cho nh\u1eefng c\u00e1 nh\u00e2n y\u00eau c\u1ea7u, ch\u00fang t\u00f4i s\u1ebd g\u1eedi th\u01b0 \u0111\u1ecbnh k\u1ef3 li\u00ean quan \u0111\u1ebfn c\u00e1c kh\u00e1ng ngh\u1ecb g\u00e2y qu\u1ef9 c\u1ee5 th\u1ec3, c\u00e1c l\u0129nh v\u1ef1c quan t\u00e2m v\u00e0 b\u1ea3n tin.<\/p>\n\n\n\n<h2 class=\"wp-block-heading\">Th\u00f4ng tin \u0111\u01b0\u1ee3c s\u1eed d\u1ee5ng nh\u01b0 th\u1ebf n\u00e0o<\/h2>\n\n\n\n<p>FIND Food Bank uses your information to understand your needs and provide you with better service.&nbsp; Specifically, we use your information to help you complete a transaction, communicate back to you, and update you on FIND happenings.&nbsp; Credit card numbers are used only for donation or payment processing and are not retained for other purposes.&nbsp; We use the comments you offer to provide you with information requested, and we take seriously each recommendation as to how we might improve communication.<\/p>\n\n\n\n<h2 class=\"wp-block-heading\">Kh\u00f4ng chia s\u1ebb th\u00f4ng tin c\u00e1 nh\u00e2n<\/h2>\n\n\n\n<p>FIND Food Bank will not sell, rent, or lease your personal information to other organizations.&nbsp; We assure you that the identity of all our donors will be kept confidential.&nbsp; Use of donor information will be limited to the internal purposes of FIND Food Bank and only to further our mission activities and purposes of FIND.<\/p>\n\n\n\n<h2 class=\"wp-block-heading\">Kho\u1ea3n \u0111\u00f3ng g\u00f3p c\u1ee7a t\u00f4i s\u1ebd \u0111i \u0111\u1ebfn \u0111\u00e2u v\u00e0 n\u00f3 gi\u00fap \u0111\u01b0\u1ee3c g\u00ec cho Fight Hunger?<\/h2>\n\n\n\n<p>$1 provides 4 meals to our neighbors experiencing hunger in the Coachella Valley and Hi-Desert. Your gift stays local to help those who facing food insecurity in our neighborhoods. Donations sent to FIND Food Bank are considered undesignated funds, meaning contributions will go to what is most needed within FIND Food Bank. If the donation contains specific instructions that the gift is intended for a specific program, FIND will designate the contribution to the appropriate fund per the donor\u2019s instructions. Unless specified otherwise, all direct mail, marketing, e-mail, and personal solicitations are for undesignated funds. Please visit our website at www.findfoodbank.org to view our most recent financial statements. We can assure you that your investment is effective and efficient in fighting hunger in the Coachella Valley.<\/p>\n\n\n\n<h2 class=\"wp-block-heading\">X\u00f3a t\u00ean c\u1ee7a b\u1ea1n kh\u1ecfi danh s\u00e1ch g\u1eedi th\u01b0 ho\u1eb7c email c\u1ee7a ch\u00fang t\u00f4i<\/h2>\n\n\n\n<p>It is our desire not to send unwanted mail or e-mails to our donors.&nbsp; Please contact us via phone, e-mail, or USPS mail if you wish to be removed from our mailing or e-mail list. Upon receipt and processing of your \u201copt out\u201d request, FIND Food Bank will make corrections within your donor file so you will no longer receive the communications you specifically requested.<\/p>\n\n\n\n<h2 class=\"wp-block-heading\">Li\u00ean h\u1ec7 v\u1edbi ch\u00fang t\u00f4i<\/h2>\n\n\n\n<p>N\u1ebfu b\u1ea1n c\u00f3 nh\u1eadn x\u00e9t ho\u1eb7c c\u00e2u h\u1ecfi v\u1ec1 ch\u00ednh s\u00e1ch b\u1ea3o m\u1eadt nh\u00e0 t\u00e0i tr\u1ee3 c\u1ee7a ch\u00fang t\u00f4i, vui l\u00f2ng g\u1eedi e-mail cho ch\u00fang t\u00f4i t\u1ea1i <a href=\"mailto:info@findfoodbank.org\">info@findfoodbank.org<\/a> ho\u1eb7c g\u1ecdi cho ch\u00fang t\u00f4i theo s\u1ed1 (760) 775-3663.<\/p>\n\n\n<div class=\"gb-container gb-container-ccfc101d\">\n\n<a class=\"gb-button gb-button-dab8691f\" href=\"https:\/\/findfoodbank.org\/vi\/privacy-policy\/\"><span class=\"gb-icon\"><svg aria-hidden=\"true\" role=\"img\" height=\"1em\" width=\"1em\" viewbox=\"0 0 512 512\" xmlns=\"http:\/\/www.w3.org\/2000\/svg\"><path fill=\"currentColor\" d=\"M173.898 439.404l-166.4-166.4c-9.997-9.997-9.997-26.206 0-36.204l36.203-36.204c9.997-9.998 26.207-9.998 36.204 0L192 312.69 432.095 72.596c9.997-9.997 26.207-9.997 36.204 0l36.203 36.204c9.997 9.997 9.997 26.206 0 36.204l-294.4 294.401c-9.998 9.997-26.207 9.997-36.204-.001z\"><\/path><\/svg><\/span><span class=\"gb-button-text\">Xem Ch\u00ednh s\u00e1ch B\u1ea3o m\u1eadt<\/span><\/a>\n\n\n\n<a class=\"gb-button gb-button-0c8e2395\" href=\"https:\/\/findfoodbank.org\/vi\/terms-of-service\/\"><span class=\"gb-icon\"><svg aria-hidden=\"true\" role=\"img\" height=\"1em\" width=\"1em\" viewbox=\"0 0 512 512\" xmlns=\"http:\/\/www.w3.org\/2000\/svg\"><path fill=\"currentColor\" d=\"M173.898 439.404l-166.4-166.4c-9.997-9.997-9.997-26.206 0-36.204l36.203-36.204c9.997-9.998 26.207-9.998 36.204 0L192 312.69 432.095 72.596c9.997-9.997 26.207-9.997 36.204 0l36.203 36.204c9.997 9.997 9.997 26.206 0 36.204l-294.4 294.401c-9.998 9.997-26.207 9.997-36.204-.001z\"><\/path><\/svg><\/span><span class=\"gb-button-text\">Xem \u0110i\u1ec1u kho\u1ea3n D\u1ecbch v\u1ee5<\/span><\/a>\n\n<\/div>","protected":false},"excerpt":{"rendered":"<p> &#8230; <a title=\"Ch\u00ednh s\u00e1ch nh\u00e0 t\u00e0i tr\u1ee3\" class=\"read-more\" href=\"https:\/\/findfoodbank.org\/vi\/donor-policy\/\" aria-label=\"\u0110\u1ecdc th\u00eam v\u1ec1 Donor Policy\">Read more<\/a><\/p>","protected":false},"author":15,"featured_media":0,"parent":0,"menu_order":0,"comment_status":"closed","ping_status":"closed","template":"","meta":{"_monsterinsights_skip_tracking":false,"_monsterinsights_sitenote_active":false,"_monsterinsights_sitenote_note":"","_monsterinsights_sitenote_category":0,"_price":"","_stock":"","_tribe_ticket_header":"","_tribe_default_ticket_provider":"","_tribe_ticket_capacity":"0","_ticket_start_date":"","_ticket_end_date":"","_tribe_ticket_show_description":"","_tribe_ticket_show_not_going":false,"_tribe_ticket_use_global_stock":"","_tribe_ticket_global_stock_level":"","_global_stock_mode":"","_global_stock_cap":"","_tribe_rsvp_for_event":"","_tribe_ticket_going_count":"","_tribe_ticket_not_going_count":"","_tribe_tickets_list":"[]","_tribe_ticket_has_attendee_info_fields":false,"footnotes":"","_tec_slr_enabled":"","_tec_slr_layout":""},"class_list":["post-2913","page","type-page","status-publish"],"yoast_head":"<!-- This site is optimized with the Yoast SEO plugin v27.6 - https:\/\/yoast.com\/product\/yoast-seo-wordpress\/ -->\n<title>Donor Policy FIND Food Bank, Donors for FIND Food Drive<\/title>\n<meta name=\"description\" content=\"FIND Food Bank (Food In Need of Distribution, Inc.) is committed to respecting the privacy of our donors.\" \/>\n<meta name=\"robots\" content=\"index, follow, max-snippet:-1, max-image-preview:large, max-video-preview:-1\" \/>\n<link rel=\"canonical\" href=\"http:\/\/seodevsite.com\/foodbank\/donor-policy\/\" \/>\n<meta property=\"og:locale\" content=\"vi_VN\" \/>\n<meta property=\"og:type\" content=\"article\" \/>\n<meta property=\"og:title\" content=\"Donor Policy FIND Food Bank, Donors for FIND Food Drive\" \/>\n<meta property=\"og:description\" content=\"FIND Food Bank (Food In Need of Distribution, Inc.) is committed to respecting the privacy of our donors.\" \/>\n<meta property=\"og:url\" content=\"http:\/\/seodevsite.com\/foodbank\/donor-policy\/\" \/>\n<meta property=\"og:site_name\" content=\"FIND Food Bank\" \/>\n<meta property=\"article:modified_time\" content=\"2023-09-23T21:27:55+00:00\" \/>\n<meta name=\"twitter:card\" content=\"summary_large_image\" \/>\n<meta name=\"twitter:label1\" content=\"\u01af\u1edbc t\u00ednh th\u1eddi gian \u0111\u1ecdc\" \/>\n\t<meta name=\"twitter:data1\" content=\"3 ph\u00fat\" \/>\n<script type=\"application\/ld+json\" class=\"yoast-schema-graph\">{\"@context\":\"https:\\\/\\\/schema.org\",\"@graph\":[{\"@type\":\"WebPage\",\"@id\":\"http:\\\/\\\/seodevsite.com\\\/foodbank\\\/donor-policy\\\/\",\"url\":\"http:\\\/\\\/seodevsite.com\\\/foodbank\\\/donor-policy\\\/\",\"name\":\"Donor Policy FIND Food Bank, Donors for FIND Food Drive\",\"isPartOf\":{\"@id\":\"https:\\\/\\\/findfoodbank.org\\\/#website\"},\"datePublished\":\"2021-08-26T18:56:42+00:00\",\"dateModified\":\"2023-09-23T21:27:55+00:00\",\"description\":\"FIND Food Bank (Food In Need of Distribution, Inc.) is committed to respecting the privacy of our donors.\",\"breadcrumb\":{\"@id\":\"http:\\\/\\\/seodevsite.com\\\/foodbank\\\/donor-policy\\\/#breadcrumb\"},\"inLanguage\":\"vi\",\"potentialAction\":[{\"@type\":\"ReadAction\",\"target\":[\"http:\\\/\\\/seodevsite.com\\\/foodbank\\\/donor-policy\\\/\"]}]},{\"@type\":\"BreadcrumbList\",\"@id\":\"http:\\\/\\\/seodevsite.com\\\/foodbank\\\/donor-policy\\\/#breadcrumb\",\"itemListElement\":[{\"@type\":\"ListItem\",\"position\":1,\"name\":\"Home\",\"item\":\"https:\\\/\\\/findfoodbank.org\\\/\"},{\"@type\":\"ListItem\",\"position\":2,\"name\":\"Donor Policy\"}]},{\"@type\":\"WebSite\",\"@id\":\"https:\\\/\\\/findfoodbank.org\\\/#website\",\"url\":\"https:\\\/\\\/findfoodbank.org\\\/\",\"name\":\"FIND Food Bank\",\"description\":\"The Desert's Regional Food Bank\",\"publisher\":{\"@id\":\"https:\\\/\\\/findfoodbank.org\\\/#organization\"},\"potentialAction\":[{\"@type\":\"SearchAction\",\"target\":{\"@type\":\"EntryPoint\",\"urlTemplate\":\"https:\\\/\\\/findfoodbank.org\\\/?s={search_term_string}\"},\"query-input\":{\"@type\":\"PropertyValueSpecification\",\"valueRequired\":true,\"valueName\":\"search_term_string\"}}],\"inLanguage\":\"vi\"},{\"@type\":\"Organization\",\"@id\":\"https:\\\/\\\/findfoodbank.org\\\/#organization\",\"name\":\"FIND Food Bank\",\"url\":\"https:\\\/\\\/findfoodbank.org\\\/\",\"logo\":{\"@type\":\"ImageObject\",\"inLanguage\":\"vi\",\"@id\":\"https:\\\/\\\/findfoodbank.org\\\/#\\\/schema\\\/logo\\\/image\\\/\",\"url\":\"https:\\\/\\\/findfoodbank.org\\\/wp-content\\\/uploads\\\/2025\\\/09\\\/FIND-logo25-horizontal_4c.png\",\"contentUrl\":\"https:\\\/\\\/findfoodbank.org\\\/wp-content\\\/uploads\\\/2025\\\/09\\\/FIND-logo25-horizontal_4c.png\",\"width\":1189,\"height\":373,\"caption\":\"FIND Food Bank\"},\"image\":{\"@id\":\"https:\\\/\\\/findfoodbank.org\\\/#\\\/schema\\\/logo\\\/image\\\/\"}}]}<\/script>\n<!-- \/ Yoast SEO plugin. -->","yoast_head_json":{"title":"Donor Policy FIND Food Bank, Donors for FIND Food Drive","description":"FIND Food Bank (Food In Need of Distribution, Inc.) is committed to respecting the privacy of our donors.","robots":{"index":"index","follow":"follow","max-snippet":"max-snippet:-1","max-image-preview":"max-image-preview:large","max-video-preview":"max-video-preview:-1"},"canonical":"http:\/\/seodevsite.com\/foodbank\/donor-policy\/","og_locale":"vi_VN","og_type":"article","og_title":"Donor Policy FIND Food Bank, Donors for FIND Food Drive","og_description":"FIND Food Bank (Food In Need of Distribution, Inc.) is committed to respecting the privacy of our donors.","og_url":"http:\/\/seodevsite.com\/foodbank\/donor-policy\/","og_site_name":"FIND Food Bank","article_modified_time":"2023-09-23T21:27:55+00:00","twitter_card":"summary_large_image","twitter_misc":{"\u01af\u1edbc t\u00ednh th\u1eddi gian \u0111\u1ecdc":"3 ph\u00fat"},"schema":{"@context":"https:\/\/schema.org","@graph":[{"@type":"WebPage","@id":"http:\/\/seodevsite.com\/foodbank\/donor-policy\/","url":"http:\/\/seodevsite.com\/foodbank\/donor-policy\/","name":"Donor Policy FIND Food Bank, Donors for FIND Food Drive","isPartOf":{"@id":"https:\/\/findfoodbank.org\/#website"},"datePublished":"2021-08-26T18:56:42+00:00","dateModified":"2023-09-23T21:27:55+00:00","description":"FIND Food Bank (Food In Need of Distribution, Inc.) is committed to respecting the privacy of our donors.","breadcrumb":{"@id":"http:\/\/seodevsite.com\/foodbank\/donor-policy\/#breadcrumb"},"inLanguage":"vi","potentialAction":[{"@type":"ReadAction","target":["http:\/\/seodevsite.com\/foodbank\/donor-policy\/"]}]},{"@type":"BreadcrumbList","@id":"http:\/\/seodevsite.com\/foodbank\/donor-policy\/#breadcrumb","itemListElement":[{"@type":"ListItem","position":1,"name":"Home","item":"https:\/\/findfoodbank.org\/"},{"@type":"ListItem","position":2,"name":"Donor Policy"}]},{"@type":"WebSite","@id":"https:\/\/findfoodbank.org\/#website","url":"https:\/\/findfoodbank.org\/","name":"T\u00ccM Ng\u00e2n h\u00e0ng Th\u1ef1c ph\u1ea9m","description":"Ng\u00e2n h\u00e0ng l\u01b0\u01a1ng th\u1ef1c khu v\u1ef1c c\u1ee7a sa m\u1ea1c","publisher":{"@id":"https:\/\/findfoodbank.org\/#organization"},"potentialAction":[{"@type":"SearchAction","target":{"@type":"EntryPoint","urlTemplate":"https:\/\/findfoodbank.org\/?s={search_term_string}"},"query-input":{"@type":"PropertyValueSpecification","valueRequired":true,"valueName":"search_term_string"}}],"inLanguage":"vi"},{"@type":"Organization","@id":"https:\/\/findfoodbank.org\/#organization","name":"T\u00ccM Ng\u00e2n h\u00e0ng Th\u1ef1c ph\u1ea9m","url":"https:\/\/findfoodbank.org\/","logo":{"@type":"ImageObject","inLanguage":"vi","@id":"https:\/\/findfoodbank.org\/#\/schema\/logo\/image\/","url":"https:\/\/findfoodbank.org\/wp-content\/uploads\/2025\/09\/FIND-logo25-horizontal_4c.png","contentUrl":"https:\/\/findfoodbank.org\/wp-content\/uploads\/2025\/09\/FIND-logo25-horizontal_4c.png","width":1189,"height":373,"caption":"FIND Food Bank"},"image":{"@id":"https:\/\/findfoodbank.org\/#\/schema\/logo\/image\/"}}]}},"ticketed":false,"_links":{"self":[{"href":"https:\/\/findfoodbank.org\/vi\/wp-json\/wp\/v2\/pages\/2913","targetHints":{"allow":["GET"]}}],"collection":[{"href":"https:\/\/findfoodbank.org\/vi\/wp-json\/wp\/v2\/pages"}],"about":[{"href":"https:\/\/findfoodbank.org\/vi\/wp-json\/wp\/v2\/types\/page"}],"author":[{"embeddable":true,"href":"https:\/\/findfoodbank.org\/vi\/wp-json\/wp\/v2\/users\/15"}],"replies":[{"embeddable":true,"href":"https:\/\/findfoodbank.org\/vi\/wp-json\/wp\/v2\/comments?post=2913"}],"version-history":[{"count":6,"href":"https:\/\/findfoodbank.org\/vi\/wp-json\/wp\/v2\/pages\/2913\/revisions"}],"predecessor-version":[{"id":11781,"href":"https:\/\/findfoodbank.org\/vi\/wp-json\/wp\/v2\/pages\/2913\/revisions\/11781"}],"wp:attachment":[{"href":"https:\/\/findfoodbank.org\/vi\/wp-json\/wp\/v2\/media?parent=2913"}],"curies":[{"name":"wp","href":"https:\/\/api.w.org\/{rel}","templated":true}]}}