{"id":2297,"date":"2021-07-29T21:28:28","date_gmt":"2021-07-29T21:28:28","guid":{"rendered":"http:\/\/findfoodbank.flywheelsites.com\/?page_id=2297"},"modified":"2025-07-07T10:18:44","modified_gmt":"2025-07-07T17:18:44","slug":"voluntourism","status":"publish","type":"page","link":"https:\/\/findfoodbank.org\/vi\/voluntourism\/","title":{"rendered":"Du l\u1ecbch t\u00ecnh nguy\u1ec7n"},"content":{"rendered":"<div class=\"gb-container gb-container-45c3dd86 alignfull\">\n<div class=\"gb-container gb-container-898d2522\">\n\n<h2 class=\"gb-headline gb-headline-915fdd95 gb-headline-text\">Ways you can help<\/h2>\n\n\n<div class=\"gb-grid-wrapper gb-grid-wrapper-dd69e86d\">\n<div class=\"gb-grid-column gb-grid-column-4901959f\"><div class=\"gb-container gb-container-4901959f\">\n\n<h4 class=\"gb-headline gb-headline-ab433752 gb-headline-text lightboxshadow\"><a href=\"https:\/\/findfoodbank.org\/vi\/get-involved\/volunteer\/\">T\u00ecnh nguy\u1ec7n vi\u00ean<\/a><\/h4>\n\n<\/div><\/div>\n\n<div class=\"gb-grid-column gb-grid-column-8f72a120\"><div class=\"gb-container gb-container-8f72a120\">\n\n<h4 class=\"gb-headline gb-headline-d62a3e0e gb-headline-text lightboxshadow\"><a href=\"https:\/\/findfoodbank.org\/vi\/volunteer-opportunities\/\">C\u01a1 h\u1ed9i t\u00ecnh nguy\u1ec7n<\/a><\/h4>\n\n<\/div><\/div>\n\n<div class=\"gb-grid-column gb-grid-column-0a648bd0\"><div class=\"gb-container gb-container-0a648bd0\">\n\n<h4 class=\"gb-headline gb-headline-db4641e5 gb-headline-text lightboxshadow\"><a href=\"https:\/\/findfoodbank.org\/vi\/get-involved\/corporate-support\/corporate-volunteerism\/\">T\u00ecnh nguy\u1ec7n vi\u00ean c\u1ee7a C\u00f4ng ty<\/a><\/h4>\n\n<\/div><\/div>\n\n<div class=\"gb-grid-column gb-grid-column-25067cc0\"><div class=\"gb-container gb-container-25067cc0\">\n\n<h4 class=\"gb-headline gb-headline-e50c3826 gb-headline-text lightboxshadow\"><a href=\"https:\/\/findfoodbank.org\/vi\/community-service-hours\/\">Community Service<\/a><\/h4>\n\n<\/div><\/div>\n\n<div class=\"gb-grid-column gb-grid-column-f9837088\"><div class=\"gb-container gb-container-f9837088\">\n\n<h4 class=\"gb-headline gb-headline-47fb97fe gb-headline-text lightboxshadow\"><a href=\"https:\/\/findfoodbank.org\/vi\/get-involved\/donate-foods\/\">Quy\u00ean g\u00f3p th\u1ef1c ph\u1ea9m<\/a><\/h4>\n\n<\/div><\/div>\n\n<div class=\"gb-grid-column gb-grid-column-3944464e\"><div class=\"gb-container gb-container-3944464e\">\n\n<h4 class=\"gb-headline gb-headline-ded28b18 gb-headline-text lightboxshadow\"><a href=\"https:\/\/findfoodbank.org\/vi\/fyac\/\">Youth Advisory Commission<\/a><\/h4>\n\n<\/div><\/div>\n<\/div>\n<\/div>\n\n<div class=\"gb-container gb-container-1591f9ec\">\n\n<h5 class=\"gb-headline gb-headline-3058a5b3 gb-headline-text\">Du l\u1ecbch t\u00ecnh nguy\u1ec7n<\/h5>\n\n\n\n<p><span>Sa m\u1ea1c l\u00e0 m\u1ed9t \u0111\u1ecba \u0111i\u1ec3m ngh\u1ec9 d\u01b0\u1ee1ng n\u1ed5i ti\u1ebfng th\u1ebf gi\u1edbi, c\u00f3 m\u1ed9t c\u00e1i g\u00ec \u0111\u00f3 d\u00e0nh cho nh\u1eefng ng\u01b0\u1eddi th\u00edch phi\u00eau l\u01b0u m\u1ea1o hi\u1ec3m c\u0169ng nh\u01b0 kh\u00e1ch du l\u1ecbch tho\u1ea3i m\u00e1i. Du kh\u00e1ch kh\u00f4ng c\u00f2n b\u1ecb gi\u1edbi h\u1ea1n trong vi\u1ec7c ch\u01a1i g\u00f4n ho\u1eb7c \u0111i b\u1ed9 \u0111\u01b0\u1eddng d\u00e0i; xu h\u01b0\u1edbng du l\u1ecbch m\u1edbi nh\u1ea5t khuy\u1ebfn kh\u00edch \u0111\u00f3ng g\u00f3p cho c\u00e1c c\u1ed9ng \u0111\u1ed3ng Sa m\u1ea1c \u0111\u1ecba ph\u01b0\u01a1ng c\u1ee7a ch\u00fang t\u00f4i.<\/span> <\/p>\n\n\n\n<p><span>Du l\u1ecbch t\u00ecnh nguy\u1ec7n hay c\u00f2n g\u1ecdi l\u00e0 Du l\u1ecbch t\u00ecnh nguy\u1ec7n \u0111ang gia t\u0103ng tr\u00ean kh\u1eafp th\u1ebf gi\u1edbi\u2026<\/span><\/p>\n\n<\/div>\n\n<div class=\"gb-container gb-container-f9b4b45f\">\n<div class=\"gb-grid-wrapper gb-grid-wrapper-cedcd410\">\n<div class=\"gb-grid-column gb-grid-column-c314c3d7\"><div class=\"gb-container gb-container-c314c3d7\">\n\n<figure class=\"gb-block-image gb-block-image-d5982671\"><img loading=\"lazy\" decoding=\"async\" width=\"1810\" height=\"1207\" class=\"gb-image gb-image-d5982671\" src=\"https:\/\/findfoodbank.org\/wp-content\/uploads\/2025\/07\/DSC_0128-scaled-e1751908626130.jpg\" alt=\"\" title=\"DSC_0128\" srcset=\"https:\/\/findfoodbank.org\/wp-content\/uploads\/2025\/07\/DSC_0128-scaled-e1751908626130.jpg 1810w, https:\/\/findfoodbank.org\/wp-content\/uploads\/2025\/07\/DSC_0128-scaled-e1751908626130-300x200.jpg 300w, https:\/\/findfoodbank.org\/wp-content\/uploads\/2025\/07\/DSC_0128-scaled-e1751908626130-1024x683.jpg 1024w, https:\/\/findfoodbank.org\/wp-content\/uploads\/2025\/07\/DSC_0128-scaled-e1751908626130-768x512.jpg 768w, https:\/\/findfoodbank.org\/wp-content\/uploads\/2025\/07\/DSC_0128-scaled-e1751908626130-50x33.jpg 50w, https:\/\/findfoodbank.org\/wp-content\/uploads\/2025\/07\/DSC_0128-scaled-e1751908626130-1600x1067.jpg 1600w, https:\/\/findfoodbank.org\/wp-content\/uploads\/2025\/07\/DSC_0128-scaled-e1751908626130-1536x1024.jpg 1536w, https:\/\/findfoodbank.org\/wp-content\/uploads\/2025\/07\/DSC_0128-scaled-e1751908626130-18x12.jpg 18w\" sizes=\"auto, (max-width: 1810px) 100vw, 1810px\" \/><\/figure>\n\n<\/div><\/div>\n\n<div class=\"gb-grid-column gb-grid-column-f9eadf8d\"><div class=\"gb-container gb-container-f9eadf8d\">\n\n<p><span>Du l\u1ecbch t\u00ecnh nguy\u1ec7n cho ph\u00e9p kh\u00e1ch du l\u1ecbch tr\u1ea3i nghi\u1ec7m m\u1ed9t n\u01a1i ngh\u1ec9 ng\u01a1i mang t\u00ednh bi\u1ec3u t\u01b0\u1ee3ng tr\u00ean Sa m\u1ea1c V\u00c0 tr\u1ea3 l\u1ea1i d\u1ecbch v\u1ee5 cho c\u1ed9ng \u0111\u1ed3ng c\u1ee7a ch\u00fang t\u00f4i, nh\u1eefng ng\u01b0\u1eddi t\u1ea1o ra \u0111i\u1ec1u k\u1ef3 di\u1ec7u \u0111\u00f3 quanh n\u0103m. Ho\u1ea1t \u0111\u1ed9ng t\u00ecnh nguy\u1ec7n k\u1ebft n\u1ed1i b\u1ea1n v\u1edbi c\u1ed9ng \u0111\u1ed3ng \u0111\u1ecba ph\u01b0\u01a1ng v\u00e0 c\u00f3 th\u1ec3 t\u1ea1o ra tr\u1ea3i nghi\u1ec7m k\u1ef3 ngh\u1ec9 \u0111\u00e1ng nh\u1edb h\u01a1n. N\u00f3 n\u00e2ng cao \u00fd th\u1ee9c c\u1ee7a b\u1ea1n v\u1ec1 m\u1ee5c \u0111\u00edch, t\u0103ng c\u01b0\u1eddng s\u1ee9c kh\u1ecfe c\u1ee7a b\u1ea1n v\u00e0 cung c\u1ea5p m\u1ed1i li\u00ean k\u1ebft cho c\u00e1c nh\u00f3m v\u00e0 gia \u0111\u00ecnh. D\u00e0nh m\u1ed9t bu\u1ed5i s\u00e1ng ho\u1eb7c bu\u1ed5i chi\u1ec1u \u0111\u1ec3 th\u01b0\u1edfng th\u1ee9c l\u1ea1i FIND Food Bank c\u1ea3m th\u1ea5y r\u1ea5t t\u1ed1t, v\u00e0 c\u1ea3m gi\u00e1c \u0111\u00f3 v\u1eabn c\u00f2n r\u1ea5t l\u00e2u sau khi k\u1ef3 ngh\u1ec9 vui v\u1ebb t\u00e0n l\u1ee5i.<\/span><\/p>\n\n\n\n<h5 class=\"gb-headline gb-headline-15d21e72 gb-headline-text\"><b>C\u01a1 h\u1ed9i du l\u1ecbch t\u00ecnh nguy\u1ec7n<\/b><\/h5>\n\n\n\n<p><span>Th\u0103m c\u1ee7a ch\u00fang t\u00f4i<strong><a href=\"https:\/\/findfoodbank.org\/vi\/volunteer-opportunities\/\" target=\"_blank\" rel=\"noopener\"> Trang c\u01a1 h\u1ed9i t\u00ecnh nguy\u1ec7n<\/a><\/strong>&nbsp;\u0111\u1ec3 t\u00ecm hi\u1ec3u th\u00eam v\u1ec1 vi\u1ec7c tr\u1ea3 l\u1ea1i trong kho c\u1ee7a ch\u00fang t\u00f4i ho\u1eb7c t\u1ea1i c\u00e1c \u0111\u1ecba \u0111i\u1ec3m ph\u00e2n ph\u1ed1i c\u1ee7a ch\u00fang t\u00f4i.<\/span><\/p>\n\n\n\n<h5 class=\"gb-headline gb-headline-f39e001d gb-headline-text\"><strong>\u0110\u1ed1i t\u00e1c ch\u01b0\u01a1ng tr\u00ecnh<\/strong><\/h5>\n\n\n\n<figure class=\"gb-block-image gb-block-image-c7692742\"><img loading=\"lazy\" decoding=\"async\" width=\"500\" height=\"273\" class=\"gb-image gb-image-c7692742\" src=\"https:\/\/findfoodbank.org\/wp-content\/uploads\/2021\/08\/MemMap_GPS_LOGO_CVB_Solid_V.png\" srcset=\"https:\/\/findfoodbank.org\/wp-content\/uploads\/2021\/08\/MemMap_GPS_LOGO_CVB_Solid_V.png 500w, https:\/\/findfoodbank.org\/wp-content\/uploads\/2021\/08\/MemMap_GPS_LOGO_CVB_Solid_V-300x164.png 300w, https:\/\/findfoodbank.org\/wp-content\/uploads\/2021\/08\/MemMap_GPS_LOGO_CVB_Solid_V-18x10.png 18w, https:\/\/findfoodbank.org\/wp-content\/uploads\/2021\/08\/MemMap_GPS_LOGO_CVB_Solid_V-480x262.png 480w\" sizes=\"auto, (max-width: 500px) 100vw, 500px\" \/><\/figure>\n\n<\/div><\/div>\n<\/div>\n<\/div>\n<\/div>\n\n<div class=\"gb-container gb-container-8e83f946 alignfull\">\n<div class=\"gb-grid-wrapper gb-grid-wrapper-75a3be18\">\n<div class=\"gb-grid-column gb-grid-column-24927fe7\"><div class=\"gb-container gb-container-24927fe7\">\n\n<p><a href=\"https:\/\/contact-us\/\" target=\"_blank\" rel=\"noopener\"><\/a><span>Li\u00ean h\u1ec7 v\u1edbi Ph\u00f2ng Ch\u01b0\u01a1ng tr\u00ecnh T\u00ecnh nguy\u1ec7n \u0111\u1ec3 \u0111\u0103ng k\u00fd gia \u0111\u00ecnh ho\u1eb7c nh\u00f3m c\u1ee7a b\u1ea1n cho m\u1ed9t s\u1ef1 ki\u1ec7n t\u00ecnh nguy\u1ec7n. <\/span><\/p>\n\n\n\n<a class=\"gb-button gb-button-53e39aff\" href=\"https:\/\/findfoodbank.org\/vi\/contact-us\/\"><span class=\"gb-icon\"><svg aria-hidden=\"true\" role=\"img\" height=\"1em\" width=\"1em\" viewbox=\"0 0 256 512\" xmlns=\"http:\/\/www.w3.org\/2000\/svg\"><path fill=\"currentColor\" d=\"M224.3 273l-136 136c-9.4 9.4-24.6 9.4-33.9 0l-22.6-22.6c-9.4-9.4-9.4-24.6 0-33.9l96.4-96.4-96.4-96.4c-9.4-9.4-9.4-24.6 0-33.9L54.3 103c9.4-9.4 24.6-9.4 33.9 0l136 136c9.5 9.4 9.5 24.6.1 34z\"><\/path><\/svg><\/span><span class=\"gb-button-text\">Li\u00ean h\u1ec7 ch\u00fang t\u00f4i<\/span><\/a>\n\n<\/div><\/div>\n\n<div class=\"gb-grid-column gb-grid-column-71793b60\"><div class=\"gb-container gb-container-71793b60\"><\/div><\/div>\n<\/div>\n<\/div>","protected":false},"excerpt":{"rendered":"<p> &#8230; <a title=\"Du l\u1ecbch t\u00ecnh nguy\u1ec7n\" class=\"read-more\" href=\"https:\/\/findfoodbank.org\/vi\/voluntourism\/\" aria-label=\"\u0110\u1ecdc th\u00eam v\u1ec1 Voluntourism\">Read more<\/a><\/p>","protected":false},"author":15,"featured_media":2726,"parent":0,"menu_order":0,"comment_status":"closed","ping_status":"closed","template":"","meta":{"_monsterinsights_skip_tracking":false,"_monsterinsights_sitenote_active":false,"_monsterinsights_sitenote_note":"","_monsterinsights_sitenote_category":0,"_price":"","_stock":"","_tribe_ticket_header":"","_tribe_default_ticket_provider":"","_tribe_ticket_capacity":"0","_ticket_start_date":"","_ticket_end_date":"","_tribe_ticket_show_description":"","_tribe_ticket_show_not_going":false,"_tribe_ticket_use_global_stock":"","_tribe_ticket_global_stock_level":"","_global_stock_mode":"","_global_stock_cap":"","_tribe_rsvp_for_event":"","_tribe_ticket_going_count":"","_tribe_ticket_not_going_count":"","_tribe_tickets_list":"[]","_tribe_ticket_has_attendee_info_fields":false,"footnotes":"","_tec_slr_enabled":"","_tec_slr_layout":""},"class_list":["post-2297","page","type-page","status-publish","has-post-thumbnail","resize-featured-image"],"yoast_head":"<!-- This site is optimized with the Yoast SEO plugin v27.3 - https:\/\/yoast.com\/product\/yoast-seo-wordpress\/ -->\n<title>Voluntourism FIND Food Bank, Food Drive Volunteers Coachella<\/title>\n<meta name=\"description\" content=\"Voluntourism allows travelers to experience an iconic Desert getaway AND return the service to our communities that create that magic year-round.\" \/>\n<meta name=\"robots\" content=\"index, follow, max-snippet:-1, max-image-preview:large, max-video-preview:-1\" \/>\n<link rel=\"canonical\" href=\"https:\/\/findfoodbank.org\/vi\/voluntourism\/\" \/>\n<meta property=\"og:locale\" content=\"vi_VN\" \/>\n<meta property=\"og:type\" content=\"article\" \/>\n<meta property=\"og:title\" content=\"Voluntourism FIND Food Bank, Food Drive Volunteers Coachella\" \/>\n<meta property=\"og:description\" content=\"Voluntourism allows travelers to experience an iconic Desert getaway AND return the service to our communities that create that magic year-round.\" \/>\n<meta property=\"og:url\" content=\"https:\/\/findfoodbank.org\/vi\/voluntourism\/\" \/>\n<meta property=\"og:site_name\" content=\"FIND Food Bank\" \/>\n<meta property=\"article:modified_time\" content=\"2025-07-07T17:18:44+00:00\" \/>\n<meta property=\"og:image\" content=\"https:\/\/findfoodbank.org\/wp-content\/uploads\/2021\/08\/pexels-jonathan-schmer-3272589-min-scaled.jpg\" \/>\n\t<meta property=\"og:image:width\" content=\"2560\" \/>\n\t<meta property=\"og:image:height\" content=\"1920\" \/>\n\t<meta property=\"og:image:type\" content=\"image\/jpeg\" \/>\n<meta name=\"twitter:card\" content=\"summary_large_image\" \/>\n<meta name=\"twitter:label1\" content=\"\u01af\u1edbc t\u00ednh th\u1eddi gian \u0111\u1ecdc\" \/>\n\t<meta name=\"twitter:data1\" content=\"2 ph\u00fat\" \/>\n<script type=\"application\/ld+json\" class=\"yoast-schema-graph\">{\"@context\":\"https:\\\/\\\/schema.org\",\"@graph\":[{\"@type\":\"WebPage\",\"@id\":\"https:\\\/\\\/findfoodbank.org\\\/voluntourism\\\/\",\"url\":\"https:\\\/\\\/findfoodbank.org\\\/voluntourism\\\/\",\"name\":\"Voluntourism FIND Food Bank, Food Drive Volunteers Coachella\",\"isPartOf\":{\"@id\":\"https:\\\/\\\/findfoodbank.org\\\/#website\"},\"primaryImageOfPage\":{\"@id\":\"https:\\\/\\\/findfoodbank.org\\\/voluntourism\\\/#primaryimage\"},\"image\":{\"@id\":\"https:\\\/\\\/findfoodbank.org\\\/voluntourism\\\/#primaryimage\"},\"thumbnailUrl\":\"https:\\\/\\\/findfoodbank.org\\\/wp-content\\\/uploads\\\/2021\\\/08\\\/pexels-jonathan-schmer-3272589-min-scaled.jpg\",\"datePublished\":\"2021-07-29T21:28:28+00:00\",\"dateModified\":\"2025-07-07T17:18:44+00:00\",\"description\":\"Voluntourism allows travelers to experience an iconic Desert getaway AND return the service to our communities that create that magic year-round.\",\"breadcrumb\":{\"@id\":\"https:\\\/\\\/findfoodbank.org\\\/voluntourism\\\/#breadcrumb\"},\"inLanguage\":\"vi\",\"potentialAction\":[{\"@type\":\"ReadAction\",\"target\":[\"https:\\\/\\\/findfoodbank.org\\\/voluntourism\\\/\"]}]},{\"@type\":\"ImageObject\",\"inLanguage\":\"vi\",\"@id\":\"https:\\\/\\\/findfoodbank.org\\\/voluntourism\\\/#primaryimage\",\"url\":\"https:\\\/\\\/findfoodbank.org\\\/wp-content\\\/uploads\\\/2021\\\/08\\\/pexels-jonathan-schmer-3272589-min-scaled.jpg\",\"contentUrl\":\"https:\\\/\\\/findfoodbank.org\\\/wp-content\\\/uploads\\\/2021\\\/08\\\/pexels-jonathan-schmer-3272589-min-scaled.jpg\",\"width\":2560,\"height\":1920},{\"@type\":\"BreadcrumbList\",\"@id\":\"https:\\\/\\\/findfoodbank.org\\\/voluntourism\\\/#breadcrumb\",\"itemListElement\":[{\"@type\":\"ListItem\",\"position\":1,\"name\":\"Home\",\"item\":\"https:\\\/\\\/findfoodbank.org\\\/\"},{\"@type\":\"ListItem\",\"position\":2,\"name\":\"Voluntourism\"}]},{\"@type\":\"WebSite\",\"@id\":\"https:\\\/\\\/findfoodbank.org\\\/#website\",\"url\":\"https:\\\/\\\/findfoodbank.org\\\/\",\"name\":\"FIND Food Bank\",\"description\":\"The Desert's Regional Food Bank\",\"publisher\":{\"@id\":\"https:\\\/\\\/findfoodbank.org\\\/#organization\"},\"potentialAction\":[{\"@type\":\"SearchAction\",\"target\":{\"@type\":\"EntryPoint\",\"urlTemplate\":\"https:\\\/\\\/findfoodbank.org\\\/?s={search_term_string}\"},\"query-input\":{\"@type\":\"PropertyValueSpecification\",\"valueRequired\":true,\"valueName\":\"search_term_string\"}}],\"inLanguage\":\"vi\"},{\"@type\":\"Organization\",\"@id\":\"https:\\\/\\\/findfoodbank.org\\\/#organization\",\"name\":\"FIND Food Bank\",\"url\":\"https:\\\/\\\/findfoodbank.org\\\/\",\"logo\":{\"@type\":\"ImageObject\",\"inLanguage\":\"vi\",\"@id\":\"https:\\\/\\\/findfoodbank.org\\\/#\\\/schema\\\/logo\\\/image\\\/\",\"url\":\"https:\\\/\\\/findfoodbank.org\\\/wp-content\\\/uploads\\\/2025\\\/09\\\/FIND-logo25-horizontal_4c.png\",\"contentUrl\":\"https:\\\/\\\/findfoodbank.org\\\/wp-content\\\/uploads\\\/2025\\\/09\\\/FIND-logo25-horizontal_4c.png\",\"width\":1189,\"height\":373,\"caption\":\"FIND Food Bank\"},\"image\":{\"@id\":\"https:\\\/\\\/findfoodbank.org\\\/#\\\/schema\\\/logo\\\/image\\\/\"}}]}<\/script>\n<!-- \/ Yoast SEO plugin. -->","yoast_head_json":{"title":"Voluntourism FIND Food Bank, Food Drive Volunteers Coachella","description":"Voluntourism allows travelers to experience an iconic Desert getaway AND return the service to our communities that create that magic year-round.","robots":{"index":"index","follow":"follow","max-snippet":"max-snippet:-1","max-image-preview":"max-image-preview:large","max-video-preview":"max-video-preview:-1"},"canonical":"https:\/\/findfoodbank.org\/vi\/voluntourism\/","og_locale":"vi_VN","og_type":"article","og_title":"Voluntourism FIND Food Bank, Food Drive Volunteers Coachella","og_description":"Voluntourism allows travelers to experience an iconic Desert getaway AND return the service to our communities that create that magic year-round.","og_url":"https:\/\/findfoodbank.org\/vi\/voluntourism\/","og_site_name":"FIND Food Bank","article_modified_time":"2025-07-07T17:18:44+00:00","og_image":[{"width":2560,"height":1920,"url":"https:\/\/findfoodbank.org\/wp-content\/uploads\/2021\/08\/pexels-jonathan-schmer-3272589-min-scaled.jpg","type":"image\/jpeg"}],"twitter_card":"summary_large_image","twitter_misc":{"\u01af\u1edbc t\u00ednh th\u1eddi gian \u0111\u1ecdc":"2 ph\u00fat"},"schema":{"@context":"https:\/\/schema.org","@graph":[{"@type":"WebPage","@id":"https:\/\/findfoodbank.org\/voluntourism\/","url":"https:\/\/findfoodbank.org\/voluntourism\/","name":"Voluntourism FIND Food Bank, Food Drive Volunteers Coachella","isPartOf":{"@id":"https:\/\/findfoodbank.org\/#website"},"primaryImageOfPage":{"@id":"https:\/\/findfoodbank.org\/voluntourism\/#primaryimage"},"image":{"@id":"https:\/\/findfoodbank.org\/voluntourism\/#primaryimage"},"thumbnailUrl":"https:\/\/findfoodbank.org\/wp-content\/uploads\/2021\/08\/pexels-jonathan-schmer-3272589-min-scaled.jpg","datePublished":"2021-07-29T21:28:28+00:00","dateModified":"2025-07-07T17:18:44+00:00","description":"Voluntourism allows travelers to experience an iconic Desert getaway AND return the service to our communities that create that magic year-round.","breadcrumb":{"@id":"https:\/\/findfoodbank.org\/voluntourism\/#breadcrumb"},"inLanguage":"vi","potentialAction":[{"@type":"ReadAction","target":["https:\/\/findfoodbank.org\/voluntourism\/"]}]},{"@type":"ImageObject","inLanguage":"vi","@id":"https:\/\/findfoodbank.org\/voluntourism\/#primaryimage","url":"https:\/\/findfoodbank.org\/wp-content\/uploads\/2021\/08\/pexels-jonathan-schmer-3272589-min-scaled.jpg","contentUrl":"https:\/\/findfoodbank.org\/wp-content\/uploads\/2021\/08\/pexels-jonathan-schmer-3272589-min-scaled.jpg","width":2560,"height":1920},{"@type":"BreadcrumbList","@id":"https:\/\/findfoodbank.org\/voluntourism\/#breadcrumb","itemListElement":[{"@type":"ListItem","position":1,"name":"Home","item":"https:\/\/findfoodbank.org\/"},{"@type":"ListItem","position":2,"name":"Voluntourism"}]},{"@type":"WebSite","@id":"https:\/\/findfoodbank.org\/#website","url":"https:\/\/findfoodbank.org\/","name":"T\u00ccM Ng\u00e2n h\u00e0ng Th\u1ef1c ph\u1ea9m","description":"Ng\u00e2n h\u00e0ng l\u01b0\u01a1ng th\u1ef1c khu v\u1ef1c c\u1ee7a sa m\u1ea1c","publisher":{"@id":"https:\/\/findfoodbank.org\/#organization"},"potentialAction":[{"@type":"SearchAction","target":{"@type":"EntryPoint","urlTemplate":"https:\/\/findfoodbank.org\/?s={search_term_string}"},"query-input":{"@type":"PropertyValueSpecification","valueRequired":true,"valueName":"search_term_string"}}],"inLanguage":"vi"},{"@type":"Organization","@id":"https:\/\/findfoodbank.org\/#organization","name":"T\u00ccM Ng\u00e2n h\u00e0ng Th\u1ef1c ph\u1ea9m","url":"https:\/\/findfoodbank.org\/","logo":{"@type":"ImageObject","inLanguage":"vi","@id":"https:\/\/findfoodbank.org\/#\/schema\/logo\/image\/","url":"https:\/\/findfoodbank.org\/wp-content\/uploads\/2025\/09\/FIND-logo25-horizontal_4c.png","contentUrl":"https:\/\/findfoodbank.org\/wp-content\/uploads\/2025\/09\/FIND-logo25-horizontal_4c.png","width":1189,"height":373,"caption":"FIND Food Bank"},"image":{"@id":"https:\/\/findfoodbank.org\/#\/schema\/logo\/image\/"}}]}},"ticketed":false,"_links":{"self":[{"href":"https:\/\/findfoodbank.org\/vi\/wp-json\/wp\/v2\/pages\/2297","targetHints":{"allow":["GET"]}}],"collection":[{"href":"https:\/\/findfoodbank.org\/vi\/wp-json\/wp\/v2\/pages"}],"about":[{"href":"https:\/\/findfoodbank.org\/vi\/wp-json\/wp\/v2\/types\/page"}],"author":[{"embeddable":true,"href":"https:\/\/findfoodbank.org\/vi\/wp-json\/wp\/v2\/users\/15"}],"replies":[{"embeddable":true,"href":"https:\/\/findfoodbank.org\/vi\/wp-json\/wp\/v2\/comments?post=2297"}],"version-history":[{"count":18,"href":"https:\/\/findfoodbank.org\/vi\/wp-json\/wp\/v2\/pages\/2297\/revisions"}],"predecessor-version":[{"id":16266,"href":"https:\/\/findfoodbank.org\/vi\/wp-json\/wp\/v2\/pages\/2297\/revisions\/16266"}],"wp:featuredmedia":[{"embeddable":true,"href":"https:\/\/findfoodbank.org\/vi\/wp-json\/wp\/v2\/media\/2726"}],"wp:attachment":[{"href":"https:\/\/findfoodbank.org\/vi\/wp-json\/wp\/v2\/media?parent=2297"}],"curies":[{"name":"wp","href":"https:\/\/api.w.org\/{rel}","templated":true}]}}