{"id":2294,"date":"2021-07-29T21:23:57","date_gmt":"2021-07-29T21:23:57","guid":{"rendered":"http:\/\/findfoodbank.flywheelsites.com\/?page_id=2294"},"modified":"2025-11-04T14:33:33","modified_gmt":"2025-11-04T22:33:33","slug":"volunteer-opportunities","status":"publish","type":"page","link":"https:\/\/findfoodbank.org\/vi\/volunteer-opportunities\/","title":{"rendered":"C\u01a1 h\u1ed9i t\u00ecnh nguy\u1ec7n"},"content":{"rendered":"<div class=\"gb-container gb-container-6cb53220 alignfull\">\n<div class=\"gb-container gb-container-898d2522\">\n\n<h2 class=\"gb-headline gb-headline-915fdd95 gb-headline-text\">Ways you can help<\/h2>\n\n\n<div class=\"gb-grid-wrapper gb-grid-wrapper-dd69e86d\">\n<div class=\"gb-grid-column gb-grid-column-4901959f\"><div class=\"gb-container gb-container-4901959f\">\n\n<h4 class=\"gb-headline gb-headline-ab433752 gb-headline-text lightboxshadow\"><a href=\"https:\/\/findfoodbank.org\/vi\/get-involved\/volunteer\/\">T\u00ecnh nguy\u1ec7n vi\u00ean<\/a><\/h4>\n\n<\/div><\/div>\n\n<div class=\"gb-grid-column gb-grid-column-0a648bd0\"><div class=\"gb-container gb-container-0a648bd0\">\n\n<h4 class=\"gb-headline gb-headline-db4641e5 gb-headline-text lightboxshadow\"><a href=\"https:\/\/findfoodbank.org\/vi\/get-involved\/corporate-support\/corporate-volunteerism\/\">T\u00ecnh nguy\u1ec7n vi\u00ean c\u1ee7a C\u00f4ng ty<\/a><\/h4>\n\n<\/div><\/div>\n\n<div class=\"gb-grid-column gb-grid-column-2c9d8798\"><div class=\"gb-container gb-container-2c9d8798\">\n\n<h4 class=\"gb-headline gb-headline-45678a3c gb-headline-text lightboxshadow\"><a href=\"https:\/\/findfoodbank.org\/vi\/voluntourism\/\">Du l\u1ecbch t\u00ecnh nguy\u1ec7n<\/a><\/h4>\n\n<\/div><\/div>\n\n<div class=\"gb-grid-column gb-grid-column-25067cc0\"><div class=\"gb-container gb-container-25067cc0\">\n\n<h4 class=\"gb-headline gb-headline-e50c3826 gb-headline-text lightboxshadow\"><a href=\"https:\/\/findfoodbank.org\/vi\/community-service-hours\/\">Community Service<\/a><\/h4>\n\n<\/div><\/div>\n\n<div class=\"gb-grid-column gb-grid-column-f9837088\"><div class=\"gb-container gb-container-f9837088\">\n\n<h4 class=\"gb-headline gb-headline-47fb97fe gb-headline-text lightboxshadow\"><a href=\"https:\/\/findfoodbank.org\/vi\/get-involved\/donate-foods\/\">Quy\u00ean g\u00f3p th\u1ef1c ph\u1ea9m<\/a><\/h4>\n\n<\/div><\/div>\n\n<div class=\"gb-grid-column gb-grid-column-3944464e\"><div class=\"gb-container gb-container-3944464e\">\n\n<h4 class=\"gb-headline gb-headline-ded28b18 gb-headline-text lightboxshadow\"><a href=\"https:\/\/findfoodbank.org\/vi\/fyac\/\">Youth Advisory Commission<\/a><\/h4>\n\n<\/div><\/div>\n<\/div>\n<\/div>\n\n<div class=\"gb-container gb-container-7fbe78ab\">\n\n<h5 class=\"gb-headline gb-headline-d1e3bd42 gb-headline-text\">S\u1ef1 ki\u1ec7n t\u00ecnh nguy\u1ec7n \u0111\u1eb7c bi\u1ec7t<\/h5>\n\n\n\n<p><span>C\u00e1c t\u00ecnh nguy\u1ec7n vi\u00ean c\u00f3 th\u1ec3 gi\u00fap \u0111\u1ee1 t\u1ea1i <\/span><strong>s\u1ef1 ki\u1ec7n t\u00ecnh nguy\u1ec7n th\u1ee9 b\u1ea3y \u0111\u1eb7c bi\u1ec7t <\/strong><span>ch\u1ec9 d\u00e0nh cho thanh ni\u00ean v\u00e0 thi\u1ebfu ni\u00ean! <\/span><strong>(14-17 tu\u1ed5i)<\/strong><\/p>\n\n\n\n<h5 class=\"gb-headline gb-headline-8b85fd3f gb-headline-text\">Trung t\u00e2m t\u00ecnh nguy\u1ec7n<\/h5>\n\n\n\n<h4 class=\"gb-headline gb-headline-2e9ba7f4 gb-headline-text\">T\u00ecnh nguy\u1ec7n vi\u00ean <strong><a href=\"https:\/\/findfoodbank.volunteerhub.com\/events\/index#_=_\" data-feathr-click-track=\"true\" style=\"color: #77828c; text-decoration: underline;\"><span style=\"color: #5f8947; text-decoration: underline;\">b\u1ea5m v\u00e0o \u0111\u00e2y<\/span><\/a><\/strong> \u0111\u1ec3 ki\u1ec3m tra l\u1ecbch cho c\u00e1c ca t\u00ecnh nguy\u1ec7n m\u1edf trong kho c\u1ee7a ch\u00fang t\u00f4i ho\u1eb7c tr\u00ean c\u00e1c trang web ph\u00e2n ph\u1ed1i <strong>(L\u1ee9a tu\u1ed5i<\/strong> <strong>18+)<\/strong><\/h4>\n\n<\/div>\n\n<div class=\"gb-container gb-container-5fb3cafa\">\n<div class=\"gb-grid-wrapper gb-grid-wrapper-0fc5ccfb\">\n<div class=\"gb-grid-column gb-grid-column-0214fb3a\"><div class=\"gb-container gb-container-0214fb3a\">\n\n<figure class=\"gb-block-image gb-block-image-8dbbf056\"><img loading=\"lazy\" decoding=\"async\" width=\"2560\" height=\"1553\" class=\"gb-image gb-image-8dbbf056\" src=\"https:\/\/findfoodbank.org\/wp-content\/uploads\/2024\/05\/Homebound-2-scaled.jpg\" alt=\"\" title=\"Homebound-2\" srcset=\"https:\/\/findfoodbank.org\/wp-content\/uploads\/2024\/05\/Homebound-2-scaled.jpg 2560w, https:\/\/findfoodbank.org\/wp-content\/uploads\/2024\/05\/Homebound-2-300x182.jpg 300w, https:\/\/findfoodbank.org\/wp-content\/uploads\/2024\/05\/Homebound-2-1024x621.jpg 1024w, https:\/\/findfoodbank.org\/wp-content\/uploads\/2024\/05\/Homebound-2-768x466.jpg 768w, https:\/\/findfoodbank.org\/wp-content\/uploads\/2024\/05\/Homebound-2-50x30.jpg 50w, https:\/\/findfoodbank.org\/wp-content\/uploads\/2024\/05\/Homebound-2-1600x971.jpg 1600w, https:\/\/findfoodbank.org\/wp-content\/uploads\/2024\/05\/Homebound-2-1536x932.jpg 1536w, https:\/\/findfoodbank.org\/wp-content\/uploads\/2024\/05\/Homebound-2-2048x1243.jpg 2048w, https:\/\/findfoodbank.org\/wp-content\/uploads\/2024\/05\/Homebound-2-18x12.jpg 18w\" sizes=\"auto, (max-width: 2560px) 100vw, 2560px\" \/><\/figure>\n\n<\/div><\/div>\n\n<div class=\"gb-grid-column gb-grid-column-d2bb5bb9\"><div class=\"gb-container gb-container-d2bb5bb9\">\n\n<h5 class=\"gb-headline gb-headline-838a3b29 gb-headline-text\"><strong>Tr\u00ecnh \u0111i\u1ec1u khi\u1ec3n giao h\u00e0ng trong n\u01b0\u1edbc <\/strong><strong>(18 tu\u1ed5i tr\u1edf l\u00ean)<\/strong><\/h5>\n\n\n\n<p><span>Homebound deliveries help feed our most vulnerable neighbors in need by volunteering for a contactless delivery shift. Donate your gas mileage and volunteer behind the wheel; drop off pre-packaged goods for our homebound or immunocompromised clients. This is also a great opportunity to bring excited hunger fighters under the age of 14 to experience service to our community<\/span><\/p>\n\n<\/div><\/div>\n\n<div class=\"gb-grid-column gb-grid-column-5e717bb8\"><div class=\"gb-container gb-container-5e717bb8\">\n\n<h5 class=\"gb-headline gb-headline-be9f0f22 gb-headline-text\"><strong>Ph\u00e2n lo\u1ea1i th\u1ef1c ph\u1ea9m trong Kho c\u1ee7a ch\u00fang t\u00f4i <\/strong><strong>(17 tu\u1ed5i tr\u1edf l\u00ean)<\/strong><\/h5>\n\n\n\n<p><span>Get a behind-the-scenes look at how donated food travels through our warehouse and delivered directly to&nbsp;over 150 distribution sites of community food pantries, homeless shelters, community mobile markets, and homebound residents most in need. You&#8217;ll inspect, sort, clean, box and prepare donations for distribution. We welcome volunteers over the age of 17 into our warehouse who are comfortable with walking, standing, bending, stooping, kneeling, lifting, and carrying items weighing in excess of 30 pounds. Please note that mask, gloves and comfortable close-toed shoes, must be worn at all times within our facility.&nbsp;<\/span><\/p>\n\n<\/div><\/div>\n\n<div class=\"gb-grid-column gb-grid-column-7f9aae4c\"><div class=\"gb-container gb-container-7f9aae4c\">\n\n<figure class=\"gb-block-image gb-block-image-fcdd5dc9\"><img loading=\"lazy\" decoding=\"async\" width=\"2560\" height=\"1920\" class=\"gb-image gb-image-fcdd5dc9\" src=\"https:\/\/findfoodbank.org\/wp-content\/uploads\/2025\/06\/IMG_0210-scaled.jpg\" alt=\"\" title=\"IMG_0210\" srcset=\"https:\/\/findfoodbank.org\/wp-content\/uploads\/2025\/06\/IMG_0210-scaled.jpg 2560w, https:\/\/findfoodbank.org\/wp-content\/uploads\/2025\/06\/IMG_0210-300x225.jpg 300w, https:\/\/findfoodbank.org\/wp-content\/uploads\/2025\/06\/IMG_0210-1024x768.jpg 1024w, https:\/\/findfoodbank.org\/wp-content\/uploads\/2025\/06\/IMG_0210-768x576.jpg 768w, https:\/\/findfoodbank.org\/wp-content\/uploads\/2025\/06\/IMG_0210-50x38.jpg 50w, https:\/\/findfoodbank.org\/wp-content\/uploads\/2025\/06\/IMG_0210-1600x1200.jpg 1600w, https:\/\/findfoodbank.org\/wp-content\/uploads\/2025\/06\/IMG_0210-1536x1152.jpg 1536w, https:\/\/findfoodbank.org\/wp-content\/uploads\/2025\/06\/IMG_0210-2048x1536.jpg 2048w, https:\/\/findfoodbank.org\/wp-content\/uploads\/2025\/06\/IMG_0210-16x12.jpg 16w\" sizes=\"auto, (max-width: 2560px) 100vw, 2560px\" \/><\/figure>\n\n<\/div><\/div>\n\n<div class=\"gb-grid-column gb-grid-column-9149ac38\"><div class=\"gb-container gb-container-9149ac38\"><\/div><\/div>\n\n<div class=\"gb-grid-column gb-grid-column-b31268db\"><div class=\"gb-container gb-container-b31268db\">\n\n<h5 class=\"gb-headline gb-headline-0b028396 gb-headline-text\"><strong>C\u01a1 h\u1ed9i t\u00ecnh nguy\u1ec7n cho thanh thi\u1ebfu ni\u00ean <\/strong><strong>(14-17 tu\u1ed5i)<\/strong><\/h5>\n\n\n\n<p><strong>Thanh thi\u1ebfu ni\u00ean (16-17 tu\u1ed5i)<\/strong>: T\u00ecnh nguy\u1ec7n vi\u00ean t\u1ea1i nh\u00e0 kho ho\u1eb7c c\u00e1c s\u1ef1 ki\u1ec7n ph\u00e2n ph\u1ed1i c\u1ee7a FIND. S\u1ef1 gi\u00e1m s\u00e1t c\u1ee7a ng\u01b0\u1eddi l\u1edbn l\u00e0 kh\u00f4ng b\u1eaft bu\u1ed9c nh\u01b0ng m\u1ed9t t\u00ecnh nguy\u1ec7n vi\u00ean ng\u01b0\u1eddi l\u1edbn v\u00e0 thanh thi\u1ebfu ni\u00ean ph\u1ea3i k\u00fd v\u00e0o b\u1ea3n ph\u00e1t h\u00e0nh t\u00ecnh nguy\u1ec7n vi\u00ean. Ng\u01b0\u1eddi l\u1edbn c\u00f3 tr\u00e1ch nhi\u1ec7m \u0111\u1ed1i v\u1edbi (c\u00e1c) thanh thi\u1ebfu ni\u00ean trong c\u00e1c ho\u1ea1t \u0111\u1ed9ng t\u00ecnh nguy\u1ec7n. <strong>Thanh thi\u1ebfu ni\u00ean (14 - 15 tu\u1ed5i)<\/strong>: Volunteer at warehouse events without creating a Volunteer Hub account. One adult chaperone must be present for every ten volunteers and sign a youth volunteer waiver. Call 760-542-2176 ext. 132 to reserve a Youth Volunteer Saturday spot.<\/p>\n\n\n\n<h5 class=\"gb-headline gb-headline-c3f2c105 gb-headline-text\"><strong>Ph\u00e2n ph\u1ed1i th\u1ef1c ph\u1ea9m cho c\u1ed9ng \u0111\u1ed3ng <\/strong><strong>18+<\/strong><\/h5>\n\n\n\n<p><span>K\u1ebft n\u1ed1i v\u1edbi c\u01b0 d\u00e2n t\u1eeb kh\u1eafp v\u00f9ng sa m\u1ea1c. B\u1ea1n s\u1ebd gi\u00fap ph\u00e2n ph\u00e1t th\u1ef1c ph\u1ea9m v\u00e0 cung c\u1ea5p d\u1ecbch v\u1ee5 vui v\u1ebb cho nh\u1eefng kh\u00e1ch h\u00e0ng \u0111ang x\u1ebfp h\u00e0ng ch\u1edd nh\u1eadn tr\u00e1i c\u00e2y t\u01b0\u01a1i, rau, s\u1eefa v\u00e0 protein m\u00e0 ch\u00fang t\u00f4i cung c\u1ea5p. Ch\u00fang t\u00f4i hoan ngh\u00eanh c\u00e1c t\u00ecnh nguy\u1ec7n vi\u00ean c\u1ea3m th\u1ea5y tho\u1ea3i m\u00e1i v\u1edbi vi\u1ec7c \u0111i, \u0111\u1ee9ng, c\u00fai, khom l\u01b0ng, qu\u1ef3, n\u00e2ng v\u00e0 mang c\u00e1c v\u1eadt n\u1eb7ng tr\u00ean 30 pound. Xin l\u01b0u \u00fd r\u1eb1ng g\u0103ng tay v\u00e0 gi\u00e0y \u00f4m s\u00e1t tho\u1ea3i m\u00e1i, PH\u1ea2I mang m\u1ecdi l\u00fac khi \u0111\u1ebfn \u0111\u1ecba \u0111i\u1ec3m ph\u00e2n ph\u1ed1i.<\/span><\/p>\n\n<\/div><\/div>\n<\/div>\n<\/div>\n<\/div>\n\n<div class=\"gb-container gb-container-34735e58 alignfull\">\n<div class=\"gb-grid-wrapper gb-grid-wrapper-4bfaaac1\">\n<div class=\"gb-grid-column gb-grid-column-60c5a69a\"><div class=\"gb-container gb-container-60c5a69a\">\n\n<p><span style=\"font-size: large;\">Questions? Contact the Volunteer Programs Department.<\/span><\/p>\n\n\n\n<p><strong>Primary Contact for Volunteer Coordination:<\/strong><br>Juan Perez<br><a href=\"mailto:jperez@findfoodbank.org\" target=\"_blank\" rel=\"noreferrer noopener\">jperez@findfoodbank.org<\/a><br>760-542-2176 ext. 132<\/p>\n\n\n\n<a class=\"gb-button gb-button-53e39aff\" href=\"tel:7607753663,115\"><span class=\"gb-icon\"><svg aria-hidden=\"true\" role=\"img\" height=\"1em\" width=\"1em\" viewbox=\"0 0 256 512\" xmlns=\"http:\/\/www.w3.org\/2000\/svg\"><path fill=\"currentColor\" d=\"M224.3 273l-136 136c-9.4 9.4-24.6 9.4-33.9 0l-22.6-22.6c-9.4-9.4-9.4-24.6 0-33.9l96.4-96.4-96.4-96.4c-9.4-9.4-9.4-24.6 0-33.9L54.3 103c9.4-9.4 24.6-9.4 33.9 0l136 136c9.5 9.4 9.5 24.6.1 34z\"><\/path><\/svg><\/span><span class=\"gb-button-text\">Li\u00ean h\u1ec7 ch\u00fang t\u00f4i<\/span><\/a>\n\n<\/div><\/div>\n\n<div class=\"gb-grid-column gb-grid-column-c52bb5de\"><div class=\"gb-container gb-container-c52bb5de\">\n\n<figure class=\"gb-block-image gb-block-image-7e63163e\"><img loading=\"lazy\" decoding=\"async\" width=\"1500\" height=\"1000\" class=\"gb-image gb-image-7e63163e\" src=\"https:\/\/findfoodbank.org\/wp-content\/uploads\/2025\/06\/Volunteer-with-cereal-smaller.jpg\" alt=\"\" title=\"Volunteer with cereal smaller\" srcset=\"https:\/\/findfoodbank.org\/wp-content\/uploads\/2025\/06\/Volunteer-with-cereal-smaller.jpg 1500w, https:\/\/findfoodbank.org\/wp-content\/uploads\/2025\/06\/Volunteer-with-cereal-smaller-300x200.jpg 300w, https:\/\/findfoodbank.org\/wp-content\/uploads\/2025\/06\/Volunteer-with-cereal-smaller-1024x683.jpg 1024w, https:\/\/findfoodbank.org\/wp-content\/uploads\/2025\/06\/Volunteer-with-cereal-smaller-768x512.jpg 768w, https:\/\/findfoodbank.org\/wp-content\/uploads\/2025\/06\/Volunteer-with-cereal-smaller-50x33.jpg 50w, https:\/\/findfoodbank.org\/wp-content\/uploads\/2025\/06\/Volunteer-with-cereal-smaller-18x12.jpg 18w\" sizes=\"auto, (max-width: 1500px) 100vw, 1500px\" \/><\/figure>\n\n<\/div><\/div>\n<\/div>\n<\/div>","protected":false},"excerpt":{"rendered":"<p> &#8230; <a title=\"C\u01a1 h\u1ed9i t\u00ecnh nguy\u1ec7n\" class=\"read-more\" href=\"https:\/\/findfoodbank.org\/vi\/volunteer-opportunities\/\" aria-label=\"\u0110\u1ecdc th\u00eam v\u1ec1 Volunteer Opportunities\">Read more<\/a><\/p>","protected":false},"author":15,"featured_media":12364,"parent":0,"menu_order":0,"comment_status":"closed","ping_status":"closed","template":"","meta":{"_monsterinsights_skip_tracking":false,"_monsterinsights_sitenote_active":false,"_monsterinsights_sitenote_note":"","_monsterinsights_sitenote_category":0,"_price":"","_stock":"","_tribe_ticket_header":"","_tribe_default_ticket_provider":"","_tribe_ticket_capacity":"0","_ticket_start_date":"","_ticket_end_date":"","_tribe_ticket_show_description":"","_tribe_ticket_show_not_going":false,"_tribe_ticket_use_global_stock":"","_tribe_ticket_global_stock_level":"","_global_stock_mode":"","_global_stock_cap":"","_tribe_rsvp_for_event":"","_tribe_ticket_going_count":"","_tribe_ticket_not_going_count":"","_tribe_tickets_list":"[]","_tribe_ticket_has_attendee_info_fields":false,"footnotes":"","_tec_slr_enabled":"","_tec_slr_layout":""},"class_list":["post-2294","page","type-page","status-publish","has-post-thumbnail","resize-featured-image"],"yoast_head":"<!-- This site is optimized with the Yoast SEO plugin v27.3 - https:\/\/yoast.com\/product\/yoast-seo-wordpress\/ -->\n<title>Volunteer Opportunities FIND Food Bank Coachella Valley<\/title>\n<meta name=\"description\" content=\"Connect with residents from across the desert region. You\u2019ll help distribute food and provide cheerful service to clients who wait in line to receive food.\" \/>\n<meta name=\"robots\" content=\"index, follow, max-snippet:-1, max-image-preview:large, max-video-preview:-1\" \/>\n<link rel=\"canonical\" href=\"https:\/\/findfoodbank.org\/vi\/volunteer-opportunities\/\" \/>\n<meta property=\"og:locale\" content=\"vi_VN\" \/>\n<meta property=\"og:type\" content=\"article\" \/>\n<meta property=\"og:title\" content=\"Volunteer Opportunities FIND Food Bank Coachella Valley\" \/>\n<meta property=\"og:description\" content=\"Connect with residents from across the desert region. You\u2019ll help distribute food and provide cheerful service to clients who wait in line to receive food.\" \/>\n<meta property=\"og:url\" content=\"https:\/\/findfoodbank.org\/vi\/volunteer-opportunities\/\" \/>\n<meta property=\"og:site_name\" content=\"FIND Food Bank\" \/>\n<meta property=\"article:modified_time\" content=\"2025-11-04T22:33:33+00:00\" \/>\n<meta property=\"og:image\" content=\"https:\/\/findfoodbank.org\/wp-content\/uploads\/2023\/10\/volunteer-3-1024x768.png\" \/>\n\t<meta property=\"og:image:width\" content=\"1024\" \/>\n\t<meta property=\"og:image:height\" content=\"768\" \/>\n\t<meta property=\"og:image:type\" content=\"image\/png\" \/>\n<meta name=\"twitter:card\" content=\"summary_large_image\" \/>\n<meta name=\"twitter:label1\" content=\"\u01af\u1edbc t\u00ednh th\u1eddi gian \u0111\u1ecdc\" \/>\n\t<meta name=\"twitter:data1\" content=\"3 ph\u00fat\" \/>\n<script type=\"application\/ld+json\" class=\"yoast-schema-graph\">{\"@context\":\"https:\\\/\\\/schema.org\",\"@graph\":[{\"@type\":\"WebPage\",\"@id\":\"https:\\\/\\\/findfoodbank.org\\\/volunteer-opportunities\\\/\",\"url\":\"https:\\\/\\\/findfoodbank.org\\\/volunteer-opportunities\\\/\",\"name\":\"Volunteer Opportunities FIND Food Bank Coachella Valley\",\"isPartOf\":{\"@id\":\"https:\\\/\\\/findfoodbank.org\\\/#website\"},\"primaryImageOfPage\":{\"@id\":\"https:\\\/\\\/findfoodbank.org\\\/volunteer-opportunities\\\/#primaryimage\"},\"image\":{\"@id\":\"https:\\\/\\\/findfoodbank.org\\\/volunteer-opportunities\\\/#primaryimage\"},\"thumbnailUrl\":\"https:\\\/\\\/findfoodbank.org\\\/wp-content\\\/uploads\\\/2023\\\/10\\\/volunteer-3.png\",\"datePublished\":\"2021-07-29T21:23:57+00:00\",\"dateModified\":\"2025-11-04T22:33:33+00:00\",\"description\":\"Connect with residents from across the desert region. You\u2019ll help distribute food and provide cheerful service to clients who wait in line to receive food.\",\"breadcrumb\":{\"@id\":\"https:\\\/\\\/findfoodbank.org\\\/volunteer-opportunities\\\/#breadcrumb\"},\"inLanguage\":\"vi\",\"potentialAction\":[{\"@type\":\"ReadAction\",\"target\":[\"https:\\\/\\\/findfoodbank.org\\\/volunteer-opportunities\\\/\"]}]},{\"@type\":\"ImageObject\",\"inLanguage\":\"vi\",\"@id\":\"https:\\\/\\\/findfoodbank.org\\\/volunteer-opportunities\\\/#primaryimage\",\"url\":\"https:\\\/\\\/findfoodbank.org\\\/wp-content\\\/uploads\\\/2023\\\/10\\\/volunteer-3.png\",\"contentUrl\":\"https:\\\/\\\/findfoodbank.org\\\/wp-content\\\/uploads\\\/2023\\\/10\\\/volunteer-3.png\",\"width\":2568,\"height\":1926,\"caption\":\"FIND Food Bank Volunteers\"},{\"@type\":\"BreadcrumbList\",\"@id\":\"https:\\\/\\\/findfoodbank.org\\\/volunteer-opportunities\\\/#breadcrumb\",\"itemListElement\":[{\"@type\":\"ListItem\",\"position\":1,\"name\":\"Home\",\"item\":\"https:\\\/\\\/findfoodbank.org\\\/\"},{\"@type\":\"ListItem\",\"position\":2,\"name\":\"Volunteer Opportunities\"}]},{\"@type\":\"WebSite\",\"@id\":\"https:\\\/\\\/findfoodbank.org\\\/#website\",\"url\":\"https:\\\/\\\/findfoodbank.org\\\/\",\"name\":\"FIND Food Bank\",\"description\":\"The Desert's Regional Food Bank\",\"publisher\":{\"@id\":\"https:\\\/\\\/findfoodbank.org\\\/#organization\"},\"potentialAction\":[{\"@type\":\"SearchAction\",\"target\":{\"@type\":\"EntryPoint\",\"urlTemplate\":\"https:\\\/\\\/findfoodbank.org\\\/?s={search_term_string}\"},\"query-input\":{\"@type\":\"PropertyValueSpecification\",\"valueRequired\":true,\"valueName\":\"search_term_string\"}}],\"inLanguage\":\"vi\"},{\"@type\":\"Organization\",\"@id\":\"https:\\\/\\\/findfoodbank.org\\\/#organization\",\"name\":\"FIND Food Bank\",\"url\":\"https:\\\/\\\/findfoodbank.org\\\/\",\"logo\":{\"@type\":\"ImageObject\",\"inLanguage\":\"vi\",\"@id\":\"https:\\\/\\\/findfoodbank.org\\\/#\\\/schema\\\/logo\\\/image\\\/\",\"url\":\"https:\\\/\\\/findfoodbank.org\\\/wp-content\\\/uploads\\\/2025\\\/09\\\/FIND-logo25-horizontal_4c.png\",\"contentUrl\":\"https:\\\/\\\/findfoodbank.org\\\/wp-content\\\/uploads\\\/2025\\\/09\\\/FIND-logo25-horizontal_4c.png\",\"width\":1189,\"height\":373,\"caption\":\"FIND Food Bank\"},\"image\":{\"@id\":\"https:\\\/\\\/findfoodbank.org\\\/#\\\/schema\\\/logo\\\/image\\\/\"}}]}<\/script>\n<!-- \/ Yoast SEO plugin. -->","yoast_head_json":{"title":"Volunteer Opportunities FIND Food Bank Coachella Valley","description":"Connect with residents from across the desert region. You\u2019ll help distribute food and provide cheerful service to clients who wait in line to receive food.","robots":{"index":"index","follow":"follow","max-snippet":"max-snippet:-1","max-image-preview":"max-image-preview:large","max-video-preview":"max-video-preview:-1"},"canonical":"https:\/\/findfoodbank.org\/vi\/volunteer-opportunities\/","og_locale":"vi_VN","og_type":"article","og_title":"Volunteer Opportunities FIND Food Bank Coachella Valley","og_description":"Connect with residents from across the desert region. You\u2019ll help distribute food and provide cheerful service to clients who wait in line to receive food.","og_url":"https:\/\/findfoodbank.org\/vi\/volunteer-opportunities\/","og_site_name":"FIND Food Bank","article_modified_time":"2025-11-04T22:33:33+00:00","og_image":[{"width":1024,"height":768,"url":"https:\/\/findfoodbank.org\/wp-content\/uploads\/2023\/10\/volunteer-3-1024x768.png","type":"image\/png"}],"twitter_card":"summary_large_image","twitter_misc":{"\u01af\u1edbc t\u00ednh th\u1eddi gian \u0111\u1ecdc":"3 ph\u00fat"},"schema":{"@context":"https:\/\/schema.org","@graph":[{"@type":"WebPage","@id":"https:\/\/findfoodbank.org\/volunteer-opportunities\/","url":"https:\/\/findfoodbank.org\/volunteer-opportunities\/","name":"Volunteer Opportunities FIND Food Bank Coachella Valley","isPartOf":{"@id":"https:\/\/findfoodbank.org\/#website"},"primaryImageOfPage":{"@id":"https:\/\/findfoodbank.org\/volunteer-opportunities\/#primaryimage"},"image":{"@id":"https:\/\/findfoodbank.org\/volunteer-opportunities\/#primaryimage"},"thumbnailUrl":"https:\/\/findfoodbank.org\/wp-content\/uploads\/2023\/10\/volunteer-3.png","datePublished":"2021-07-29T21:23:57+00:00","dateModified":"2025-11-04T22:33:33+00:00","description":"Connect with residents from across the desert region. You\u2019ll help distribute food and provide cheerful service to clients who wait in line to receive food.","breadcrumb":{"@id":"https:\/\/findfoodbank.org\/volunteer-opportunities\/#breadcrumb"},"inLanguage":"vi","potentialAction":[{"@type":"ReadAction","target":["https:\/\/findfoodbank.org\/volunteer-opportunities\/"]}]},{"@type":"ImageObject","inLanguage":"vi","@id":"https:\/\/findfoodbank.org\/volunteer-opportunities\/#primaryimage","url":"https:\/\/findfoodbank.org\/wp-content\/uploads\/2023\/10\/volunteer-3.png","contentUrl":"https:\/\/findfoodbank.org\/wp-content\/uploads\/2023\/10\/volunteer-3.png","width":2568,"height":1926,"caption":"FIND Food Bank Volunteers"},{"@type":"BreadcrumbList","@id":"https:\/\/findfoodbank.org\/volunteer-opportunities\/#breadcrumb","itemListElement":[{"@type":"ListItem","position":1,"name":"Home","item":"https:\/\/findfoodbank.org\/"},{"@type":"ListItem","position":2,"name":"Volunteer Opportunities"}]},{"@type":"WebSite","@id":"https:\/\/findfoodbank.org\/#website","url":"https:\/\/findfoodbank.org\/","name":"T\u00ccM Ng\u00e2n h\u00e0ng Th\u1ef1c ph\u1ea9m","description":"Ng\u00e2n h\u00e0ng l\u01b0\u01a1ng th\u1ef1c khu v\u1ef1c c\u1ee7a sa m\u1ea1c","publisher":{"@id":"https:\/\/findfoodbank.org\/#organization"},"potentialAction":[{"@type":"SearchAction","target":{"@type":"EntryPoint","urlTemplate":"https:\/\/findfoodbank.org\/?s={search_term_string}"},"query-input":{"@type":"PropertyValueSpecification","valueRequired":true,"valueName":"search_term_string"}}],"inLanguage":"vi"},{"@type":"Organization","@id":"https:\/\/findfoodbank.org\/#organization","name":"T\u00ccM Ng\u00e2n h\u00e0ng Th\u1ef1c ph\u1ea9m","url":"https:\/\/findfoodbank.org\/","logo":{"@type":"ImageObject","inLanguage":"vi","@id":"https:\/\/findfoodbank.org\/#\/schema\/logo\/image\/","url":"https:\/\/findfoodbank.org\/wp-content\/uploads\/2025\/09\/FIND-logo25-horizontal_4c.png","contentUrl":"https:\/\/findfoodbank.org\/wp-content\/uploads\/2025\/09\/FIND-logo25-horizontal_4c.png","width":1189,"height":373,"caption":"FIND Food Bank"},"image":{"@id":"https:\/\/findfoodbank.org\/#\/schema\/logo\/image\/"}}]}},"ticketed":false,"_links":{"self":[{"href":"https:\/\/findfoodbank.org\/vi\/wp-json\/wp\/v2\/pages\/2294","targetHints":{"allow":["GET"]}}],"collection":[{"href":"https:\/\/findfoodbank.org\/vi\/wp-json\/wp\/v2\/pages"}],"about":[{"href":"https:\/\/findfoodbank.org\/vi\/wp-json\/wp\/v2\/types\/page"}],"author":[{"embeddable":true,"href":"https:\/\/findfoodbank.org\/vi\/wp-json\/wp\/v2\/users\/15"}],"replies":[{"embeddable":true,"href":"https:\/\/findfoodbank.org\/vi\/wp-json\/wp\/v2\/comments?post=2294"}],"version-history":[{"count":29,"href":"https:\/\/findfoodbank.org\/vi\/wp-json\/wp\/v2\/pages\/2294\/revisions"}],"predecessor-version":[{"id":17023,"href":"https:\/\/findfoodbank.org\/vi\/wp-json\/wp\/v2\/pages\/2294\/revisions\/17023"}],"wp:featuredmedia":[{"embeddable":true,"href":"https:\/\/findfoodbank.org\/vi\/wp-json\/wp\/v2\/media\/12364"}],"wp:attachment":[{"href":"https:\/\/findfoodbank.org\/vi\/wp-json\/wp\/v2\/media?parent=2294"}],"curies":[{"name":"wp","href":"https:\/\/api.w.org\/{rel}","templated":true}]}}