{"id":2282,"date":"2021-07-29T21:05:13","date_gmt":"2021-07-29T21:05:13","guid":{"rendered":"http:\/\/findfoodbank.flywheelsites.com\/?page_id=2282"},"modified":"2024-09-20T11:40:54","modified_gmt":"2024-09-20T18:40:54","slug":"planned-estate-giving","status":"publish","type":"page","link":"https:\/\/findfoodbank.org\/vi\/planned-estate-giving\/","title":{"rendered":"K\u1ebf ho\u1ea1ch &amp; Cho t\u1eb7ng B\u1ea5t \u0111\u1ed9ng s\u1ea3n"},"content":{"rendered":"<div class=\"gb-container gb-container-4b6acb62 alignfull\">\n<div class=\"gb-container gb-container-8f265859\">\n<div class=\"gb-grid-wrapper gb-grid-wrapper-2348c1ac\">\n<div class=\"gb-grid-column gb-grid-column-8c5571b5\"><div class=\"gb-container gb-container-8c5571b5\">\n<nav style=\"color: #324452;\" class=\"has-text-color  is-vertical wp-block-navigation is-layout-flex wp-container-core-navigation-is-layout-8cf370e7 wp-block-navigation-is-layout-flex\" aria-label=\"H\u1ed7 tr\u1ee3 t\u00e0i ch\u00ednh\"><ul style=\"color: #324452;\" class=\"wp-block-navigation__container has-text-color  is-vertical wp-block-navigation\"><li class=\"wp-block-navigation-item wp-block-navigation-link\"><a class=\"wp-block-navigation-item__content\"  href=\"https:\/\/findfoodbank.org\/vi\/get-involved\/financial-support\/annual-giving\/\"><span class=\"wp-block-navigation-item__label\">T\u1eb7ng h\u00e0ng n\u0103m<\/span><\/a><\/li><li class=\"wp-block-navigation-item wp-block-navigation-link\"><a class=\"wp-block-navigation-item__content\"  href=\"https:\/\/findfoodbank.org\/vi\/planned-estate-giving\/\"><span class=\"wp-block-navigation-item__label\">K\u1ebf ho\u1ea1ch &amp; Cho t\u1eb7ng B\u1ea5t \u0111\u1ed9ng s\u1ea3n<\/span><\/a><\/li><li class=\"wp-block-navigation-item wp-block-navigation-link\"><a class=\"wp-block-navigation-item__content\"  href=\"https:\/\/findfoodbank.org\/vi\/matchinggifts\/\"><span class=\"wp-block-navigation-item__label\">Qu\u00e0 t\u1eb7ng ph\u00f9 h\u1ee3p<\/span><\/a><\/li><li class=\"wp-block-navigation-item wp-block-navigation-link\"><a class=\"wp-block-navigation-item__content\"  href=\"https:\/\/findfoodbank.org\/vi\/stock-gifts\/\"><span class=\"wp-block-navigation-item__label\">Qu\u00e0 t\u1eb7ng c\u1ed5 phi\u1ebfu<\/span><\/a><\/li><li class=\"wp-block-navigation-item wp-block-navigation-link\"><a class=\"wp-block-navigation-item__content\"  href=\"https:\/\/findfoodbank.org\/vi\/get-involved\/financial-support\/donor-faqs\/\"><span class=\"wp-block-navigation-item__label\">C\u00e2u h\u1ecfi th\u01b0\u1eddng g\u1eb7p v\u1ec1 nh\u00e0 t\u00e0i tr\u1ee3<span>&#039;<\/span>NS<\/span><\/a><\/li><li class=\"wp-block-navigation-item wp-block-navigation-link\"><a class=\"wp-block-navigation-item__content\"  href=\"https:\/\/findfoodbank.org\/vi\/shoptogive\/\"><span class=\"wp-block-navigation-item__label\">Mua s\u1eafm \u0111\u1ec3 t\u1eb7ng<\/span><\/a><\/li><li class=\"wp-block-navigation-item wp-block-navigation-link\"><a class=\"wp-block-navigation-item__content\"  href=\"https:\/\/findfoodbank.org\/vi\/giving-society\/\"><span class=\"wp-block-navigation-item__label\">Cho x\u00e3 h\u1ed9i<\/span><\/a><\/li><\/ul><\/nav>\n<\/div><\/div>\n\n<div class=\"gb-grid-column gb-grid-column-37fcd0e7\"><div class=\"gb-container gb-container-37fcd0e7\">\n\n<p>M\u1ed9t m\u00f3n qu\u00e0 \u0111\u1ec3 T\u00ccM Ng\u00e2n h\u00e0ng Th\u1ef1c ph\u1ea9m theo \u00fd mu\u1ed1n ho\u1eb7c s\u1ef1 tin t\u01b0\u1edfng c\u1ee7a b\u1ea1n s\u1ebd h\u1ed7 tr\u1ee3 li\u00ean t\u1ee5c cho s\u1ee9 m\u1ec7nh c\u1ee7a ch\u00fang t\u00f4i v\u00e0 s\u1ebd t\u1ea1o ra t\u00e1c \u0111\u1ed9ng l\u00e2u d\u00e0i trong cu\u1ed9c s\u1ed1ng c\u1ee7a c\u00e1c kh\u00e1ch h\u00e0ng t\u01b0\u01a1ng lai c\u1ee7a ch\u00fang t\u00f4i. <\/p>\n\n\n\n<p>Your bequest to support our mission needs to be considered thoughtfully.&nbsp;Many quality gift-planning techniques are available, and you can choose the type of gift that best suits your needs. For example, your bequest can be a stated dollar amount, or you can bequeath specific property to FIND Food Bank.&nbsp;Some of our friends prefer to give a certain percentage of the remainder of their estate: the amount which remains after paying all debts, costs, and other prior legacies. <\/p>\n\n\n\n<p>Cho d\u00f9 b\u1ea1n th\u00edch h\u00ecnh th\u1ee9c n\u00e0o, b\u1ea1n c\u00f3 th\u1ec3 h\u01b0\u1edbng d\u1eabn r\u1eb1ng y\u00eau c\u1ea7u c\u1ee7a b\u1ea1n \u0111\u01b0\u1ee3c s\u1eed d\u1ee5ng cho nh\u1eefng nhu c\u1ea7u l\u1edbn nh\u1ea5t c\u1ee7a ch\u00fang t\u00f4i ho\u1eb7c cho m\u1ed9t m\u1ee5c \u0111\u00edch c\u1ee5 th\u1ec3 m\u00e0 b\u1ea1n ch\u1ec9 \u0111\u1ecbnh. Ch\u00fang t\u00f4i s\u1ebd r\u1ea5t vui khi \u0111\u01b0\u1ee3c l\u00e0m vi\u1ec7c v\u1edbi b\u1ea1n trong vi\u1ec7c l\u00ean k\u1ebf ho\u1ea1ch t\u1eb7ng qu\u00e0, \u0111i\u1ec1u n\u00e0y s\u1ebd l\u00e0m h\u00e0i l\u00f2ng v\u00e0 hi\u1ec7u qu\u1ea3 trong vi\u1ec7c th\u1ef1c hi\u1ec7n mong mu\u1ed1n c\u1ee7a b\u1ea1n \u0111\u1ec3 t\u1ea1o \u0111i\u1ec1u ki\u1ec7n thu\u1eadn l\u1ee3i cho s\u1ee9 m\u1ec7nh c\u1ee7a ch\u00fang t\u00f4i.<\/p>\n\n\n\n<p>L\u00e0m m\u1ed9t m\u00f3n qu\u00e0 th\u1eadt d\u1ec5 d\u00e0ng v\u00e0 c\u00f3 t\u00e1c \u0111\u1ed9ng. Tham kh\u1ea3o \u00fd ki\u1ebfn v\u1edbi Lu\u1eadt s\u01b0 ho\u1eb7c Ng\u01b0\u1eddi l\u1eadp k\u1ebf ho\u1ea1ch b\u1ea5t \u0111\u1ed9ng s\u1ea3n c\u1ee7a b\u1ea1n \u0111\u1ec3 b\u1eaft \u0111\u1ea7u. Vui l\u00f2ng chuy\u1ec3n c\u00e2u h\u1ecfi c\u1ee7a b\u1ea1n \u0111\u1ebfn Ph\u00f2ng Ph\u00e1t tri\u1ec3n c\u1ee7a ch\u00fang t\u00f4i theo s\u1ed1 m\u00e1y l\u1ebb 760-775-3663. 125.<\/p>\n\n<\/div><\/div>\n<\/div>\n<\/div>\n<\/div>","protected":false},"excerpt":{"rendered":"","protected":false},"author":15,"featured_media":4010,"parent":0,"menu_order":0,"comment_status":"closed","ping_status":"closed","template":"","meta":{"_monsterinsights_skip_tracking":false,"_monsterinsights_sitenote_active":false,"_monsterinsights_sitenote_note":"","_monsterinsights_sitenote_category":0,"_price":"","_stock":"","_tribe_ticket_header":"","_tribe_default_ticket_provider":"","_tribe_ticket_capacity":"0","_ticket_start_date":"","_ticket_end_date":"","_tribe_ticket_show_description":"","_tribe_ticket_show_not_going":false,"_tribe_ticket_use_global_stock":"","_tribe_ticket_global_stock_level":"","_global_stock_mode":"","_global_stock_cap":"","_tribe_rsvp_for_event":"","_tribe_ticket_going_count":"","_tribe_ticket_not_going_count":"","_tribe_tickets_list":"[]","_tribe_ticket_has_attendee_info_fields":false,"footnotes":"","_tec_slr_enabled":"","_tec_slr_layout":""},"class_list":["post-2282","page","type-page","status-publish","has-post-thumbnail","resize-featured-image"],"yoast_head":"<!-- This site is optimized with the Yoast SEO plugin v27.3 - https:\/\/yoast.com\/product\/yoast-seo-wordpress\/ -->\n<title>Planned &amp; Estate Giving, FOOD Find Bank, Donations to FIND<\/title>\n<meta name=\"description\" content=\"A gift to FIND Food Bank in your will or trust will provide ongoing support for our mission and will make a long-lasting impact in the lives of our future clients.\" \/>\n<meta name=\"robots\" content=\"index, follow, max-snippet:-1, max-image-preview:large, max-video-preview:-1\" \/>\n<link rel=\"canonical\" href=\"https:\/\/findfoodbank.org\/vi\/planned-estate-giving\/\" \/>\n<meta property=\"og:locale\" content=\"vi_VN\" \/>\n<meta property=\"og:type\" content=\"article\" \/>\n<meta property=\"og:title\" content=\"Planned &amp; Estate Giving, FOOD Find Bank, Donations to FIND\" \/>\n<meta property=\"og:description\" content=\"A gift to FIND Food Bank in your will or trust will provide ongoing support for our mission and will make a long-lasting impact in the lives of our future clients.\" \/>\n<meta property=\"og:url\" content=\"https:\/\/findfoodbank.org\/vi\/planned-estate-giving\/\" \/>\n<meta property=\"og:site_name\" content=\"FIND Food Bank\" \/>\n<meta property=\"article:modified_time\" content=\"2024-09-20T18:40:54+00:00\" \/>\n<meta property=\"og:image\" content=\"https:\/\/findfoodbank.org\/wp-content\/uploads\/2021\/10\/PEBT-P1-11-e1634156920348.png\" \/>\n\t<meta property=\"og:image:width\" content=\"1080\" \/>\n\t<meta property=\"og:image:height\" content=\"723\" \/>\n\t<meta property=\"og:image:type\" content=\"image\/png\" \/>\n<meta name=\"twitter:card\" content=\"summary_large_image\" \/>\n<meta name=\"twitter:label1\" content=\"\u01af\u1edbc t\u00ednh th\u1eddi gian \u0111\u1ecdc\" \/>\n\t<meta name=\"twitter:data1\" content=\"2 ph\u00fat\" \/>\n<script type=\"application\/ld+json\" class=\"yoast-schema-graph\">{\"@context\":\"https:\\\/\\\/schema.org\",\"@graph\":[{\"@type\":\"WebPage\",\"@id\":\"https:\\\/\\\/findfoodbank.org\\\/planned-estate-giving\\\/\",\"url\":\"https:\\\/\\\/findfoodbank.org\\\/planned-estate-giving\\\/\",\"name\":\"Planned & Estate Giving, FOOD Find Bank, Donations to FIND\",\"isPartOf\":{\"@id\":\"https:\\\/\\\/findfoodbank.org\\\/#website\"},\"primaryImageOfPage\":{\"@id\":\"https:\\\/\\\/findfoodbank.org\\\/planned-estate-giving\\\/#primaryimage\"},\"image\":{\"@id\":\"https:\\\/\\\/findfoodbank.org\\\/planned-estate-giving\\\/#primaryimage\"},\"thumbnailUrl\":\"https:\\\/\\\/findfoodbank.org\\\/wp-content\\\/uploads\\\/2021\\\/10\\\/PEBT-P1-11-e1634156920348.png\",\"datePublished\":\"2021-07-29T21:05:13+00:00\",\"dateModified\":\"2024-09-20T18:40:54+00:00\",\"description\":\"A gift to FIND Food Bank in your will or trust will provide ongoing support for our mission and will make a long-lasting impact in the lives of our future clients.\",\"breadcrumb\":{\"@id\":\"https:\\\/\\\/findfoodbank.org\\\/planned-estate-giving\\\/#breadcrumb\"},\"inLanguage\":\"vi\",\"potentialAction\":[{\"@type\":\"ReadAction\",\"target\":[\"https:\\\/\\\/findfoodbank.org\\\/planned-estate-giving\\\/\"]}]},{\"@type\":\"ImageObject\",\"inLanguage\":\"vi\",\"@id\":\"https:\\\/\\\/findfoodbank.org\\\/planned-estate-giving\\\/#primaryimage\",\"url\":\"https:\\\/\\\/findfoodbank.org\\\/wp-content\\\/uploads\\\/2021\\\/10\\\/PEBT-P1-11-e1634156920348.png\",\"contentUrl\":\"https:\\\/\\\/findfoodbank.org\\\/wp-content\\\/uploads\\\/2021\\\/10\\\/PEBT-P1-11-e1634156920348.png\",\"width\":1080,\"height\":723},{\"@type\":\"BreadcrumbList\",\"@id\":\"https:\\\/\\\/findfoodbank.org\\\/planned-estate-giving\\\/#breadcrumb\",\"itemListElement\":[{\"@type\":\"ListItem\",\"position\":1,\"name\":\"Home\",\"item\":\"https:\\\/\\\/findfoodbank.org\\\/\"},{\"@type\":\"ListItem\",\"position\":2,\"name\":\"Planned &#038; Estate Giving\"}]},{\"@type\":\"WebSite\",\"@id\":\"https:\\\/\\\/findfoodbank.org\\\/#website\",\"url\":\"https:\\\/\\\/findfoodbank.org\\\/\",\"name\":\"FIND Food Bank\",\"description\":\"The Desert's Regional Food Bank\",\"publisher\":{\"@id\":\"https:\\\/\\\/findfoodbank.org\\\/#organization\"},\"potentialAction\":[{\"@type\":\"SearchAction\",\"target\":{\"@type\":\"EntryPoint\",\"urlTemplate\":\"https:\\\/\\\/findfoodbank.org\\\/?s={search_term_string}\"},\"query-input\":{\"@type\":\"PropertyValueSpecification\",\"valueRequired\":true,\"valueName\":\"search_term_string\"}}],\"inLanguage\":\"vi\"},{\"@type\":\"Organization\",\"@id\":\"https:\\\/\\\/findfoodbank.org\\\/#organization\",\"name\":\"FIND Food Bank\",\"url\":\"https:\\\/\\\/findfoodbank.org\\\/\",\"logo\":{\"@type\":\"ImageObject\",\"inLanguage\":\"vi\",\"@id\":\"https:\\\/\\\/findfoodbank.org\\\/#\\\/schema\\\/logo\\\/image\\\/\",\"url\":\"https:\\\/\\\/findfoodbank.org\\\/wp-content\\\/uploads\\\/2025\\\/09\\\/FIND-logo25-horizontal_4c.png\",\"contentUrl\":\"https:\\\/\\\/findfoodbank.org\\\/wp-content\\\/uploads\\\/2025\\\/09\\\/FIND-logo25-horizontal_4c.png\",\"width\":1189,\"height\":373,\"caption\":\"FIND Food Bank\"},\"image\":{\"@id\":\"https:\\\/\\\/findfoodbank.org\\\/#\\\/schema\\\/logo\\\/image\\\/\"}}]}<\/script>\n<!-- \/ Yoast SEO plugin. -->","yoast_head_json":{"title":"Planned & Estate Giving, FOOD Find Bank, Donations to FIND","description":"M\u1ed9t m\u00f3n qu\u00e0 \u0111\u1ec3 T\u00ccM Ng\u00e2n h\u00e0ng Th\u1ef1c ph\u1ea9m theo \u00fd mu\u1ed1n ho\u1eb7c s\u1ef1 tin t\u01b0\u1edfng c\u1ee7a b\u1ea1n s\u1ebd h\u1ed7 tr\u1ee3 li\u00ean t\u1ee5c cho s\u1ee9 m\u1ec7nh c\u1ee7a ch\u00fang t\u00f4i v\u00e0 s\u1ebd t\u1ea1o ra t\u00e1c \u0111\u1ed9ng l\u00e2u d\u00e0i trong cu\u1ed9c s\u1ed1ng c\u1ee7a c\u00e1c kh\u00e1ch h\u00e0ng t\u01b0\u01a1ng lai c\u1ee7a ch\u00fang t\u00f4i.","robots":{"index":"index","follow":"follow","max-snippet":"max-snippet:-1","max-image-preview":"max-image-preview:large","max-video-preview":"max-video-preview:-1"},"canonical":"https:\/\/findfoodbank.org\/vi\/planned-estate-giving\/","og_locale":"vi_VN","og_type":"article","og_title":"Planned & Estate Giving, FOOD Find Bank, Donations to FIND","og_description":"A gift to FIND Food Bank in your will or trust will provide ongoing support for our mission and will make a long-lasting impact in the lives of our future clients.","og_url":"https:\/\/findfoodbank.org\/vi\/planned-estate-giving\/","og_site_name":"FIND Food Bank","article_modified_time":"2024-09-20T18:40:54+00:00","og_image":[{"width":1080,"height":723,"url":"https:\/\/findfoodbank.org\/wp-content\/uploads\/2021\/10\/PEBT-P1-11-e1634156920348.png","type":"image\/png"}],"twitter_card":"summary_large_image","twitter_misc":{"\u01af\u1edbc t\u00ednh th\u1eddi gian \u0111\u1ecdc":"2 ph\u00fat"},"schema":{"@context":"https:\/\/schema.org","@graph":[{"@type":"WebPage","@id":"https:\/\/findfoodbank.org\/planned-estate-giving\/","url":"https:\/\/findfoodbank.org\/planned-estate-giving\/","name":"Planned & Estate Giving, FOOD Find Bank, Donations to FIND","isPartOf":{"@id":"https:\/\/findfoodbank.org\/#website"},"primaryImageOfPage":{"@id":"https:\/\/findfoodbank.org\/planned-estate-giving\/#primaryimage"},"image":{"@id":"https:\/\/findfoodbank.org\/planned-estate-giving\/#primaryimage"},"thumbnailUrl":"https:\/\/findfoodbank.org\/wp-content\/uploads\/2021\/10\/PEBT-P1-11-e1634156920348.png","datePublished":"2021-07-29T21:05:13+00:00","dateModified":"2024-09-20T18:40:54+00:00","description":"M\u1ed9t m\u00f3n qu\u00e0 \u0111\u1ec3 T\u00ccM Ng\u00e2n h\u00e0ng Th\u1ef1c ph\u1ea9m theo \u00fd mu\u1ed1n ho\u1eb7c s\u1ef1 tin t\u01b0\u1edfng c\u1ee7a b\u1ea1n s\u1ebd h\u1ed7 tr\u1ee3 li\u00ean t\u1ee5c cho s\u1ee9 m\u1ec7nh c\u1ee7a ch\u00fang t\u00f4i v\u00e0 s\u1ebd t\u1ea1o ra t\u00e1c \u0111\u1ed9ng l\u00e2u d\u00e0i trong cu\u1ed9c s\u1ed1ng c\u1ee7a c\u00e1c kh\u00e1ch h\u00e0ng t\u01b0\u01a1ng lai c\u1ee7a ch\u00fang t\u00f4i.","breadcrumb":{"@id":"https:\/\/findfoodbank.org\/planned-estate-giving\/#breadcrumb"},"inLanguage":"vi","potentialAction":[{"@type":"ReadAction","target":["https:\/\/findfoodbank.org\/planned-estate-giving\/"]}]},{"@type":"ImageObject","inLanguage":"vi","@id":"https:\/\/findfoodbank.org\/planned-estate-giving\/#primaryimage","url":"https:\/\/findfoodbank.org\/wp-content\/uploads\/2021\/10\/PEBT-P1-11-e1634156920348.png","contentUrl":"https:\/\/findfoodbank.org\/wp-content\/uploads\/2021\/10\/PEBT-P1-11-e1634156920348.png","width":1080,"height":723},{"@type":"BreadcrumbList","@id":"https:\/\/findfoodbank.org\/planned-estate-giving\/#breadcrumb","itemListElement":[{"@type":"ListItem","position":1,"name":"Home","item":"https:\/\/findfoodbank.org\/"},{"@type":"ListItem","position":2,"name":"Planned &#038; Estate Giving"}]},{"@type":"WebSite","@id":"https:\/\/findfoodbank.org\/#website","url":"https:\/\/findfoodbank.org\/","name":"T\u00ccM Ng\u00e2n h\u00e0ng Th\u1ef1c ph\u1ea9m","description":"Ng\u00e2n h\u00e0ng l\u01b0\u01a1ng th\u1ef1c khu v\u1ef1c c\u1ee7a sa m\u1ea1c","publisher":{"@id":"https:\/\/findfoodbank.org\/#organization"},"potentialAction":[{"@type":"SearchAction","target":{"@type":"EntryPoint","urlTemplate":"https:\/\/findfoodbank.org\/?s={search_term_string}"},"query-input":{"@type":"PropertyValueSpecification","valueRequired":true,"valueName":"search_term_string"}}],"inLanguage":"vi"},{"@type":"Organization","@id":"https:\/\/findfoodbank.org\/#organization","name":"T\u00ccM Ng\u00e2n h\u00e0ng Th\u1ef1c ph\u1ea9m","url":"https:\/\/findfoodbank.org\/","logo":{"@type":"ImageObject","inLanguage":"vi","@id":"https:\/\/findfoodbank.org\/#\/schema\/logo\/image\/","url":"https:\/\/findfoodbank.org\/wp-content\/uploads\/2025\/09\/FIND-logo25-horizontal_4c.png","contentUrl":"https:\/\/findfoodbank.org\/wp-content\/uploads\/2025\/09\/FIND-logo25-horizontal_4c.png","width":1189,"height":373,"caption":"FIND Food Bank"},"image":{"@id":"https:\/\/findfoodbank.org\/#\/schema\/logo\/image\/"}}]}},"ticketed":false,"_links":{"self":[{"href":"https:\/\/findfoodbank.org\/vi\/wp-json\/wp\/v2\/pages\/2282","targetHints":{"allow":["GET"]}}],"collection":[{"href":"https:\/\/findfoodbank.org\/vi\/wp-json\/wp\/v2\/pages"}],"about":[{"href":"https:\/\/findfoodbank.org\/vi\/wp-json\/wp\/v2\/types\/page"}],"author":[{"embeddable":true,"href":"https:\/\/findfoodbank.org\/vi\/wp-json\/wp\/v2\/users\/15"}],"replies":[{"embeddable":true,"href":"https:\/\/findfoodbank.org\/vi\/wp-json\/wp\/v2\/comments?post=2282"}],"version-history":[{"count":13,"href":"https:\/\/findfoodbank.org\/vi\/wp-json\/wp\/v2\/pages\/2282\/revisions"}],"predecessor-version":[{"id":14476,"href":"https:\/\/findfoodbank.org\/vi\/wp-json\/wp\/v2\/pages\/2282\/revisions\/14476"}],"wp:featuredmedia":[{"embeddable":true,"href":"https:\/\/findfoodbank.org\/vi\/wp-json\/wp\/v2\/media\/4010"}],"wp:attachment":[{"href":"https:\/\/findfoodbank.org\/vi\/wp-json\/wp\/v2\/media?parent=2282"}],"curies":[{"name":"wp","href":"https:\/\/api.w.org\/{rel}","templated":true}]}}