{"id":2181,"date":"2021-07-28T19:06:31","date_gmt":"2021-07-28T19:06:31","guid":{"rendered":"http:\/\/findfoodbank.flywheelsites.com\/?page_id=2181"},"modified":"2025-11-15T22:35:31","modified_gmt":"2025-11-16T06:35:31","slug":"donate","status":"publish","type":"page","link":"https:\/\/findfoodbank.org\/vi\/donate\/","title":{"rendered":"Quy\u00ean t\u1eb7ng"},"content":{"rendered":"<div class=\"gb-container gb-container-6961e102 alignfull\">\n<div class=\"gb-container gb-container-ec62733e\">\n\n<h1 class=\"wp-block-heading has-text-align-center has-accent-color has-text-color has-link-color has-large-font-size wp-elements-4bf7a53ad1e8340c1666e520fef376ae\">DONATE<\/h1>\n\n\n\n<h4 class=\"wp-block-heading has-text-align-center\"><strong>\u0110i\u1ec1n v\u00e0o bi\u1ec3u m\u1eabu d\u01b0\u1edbi \u0111\u00e2y \u0111\u1ec3 \u0111\u00f3ng g\u00f3p m\u1ed9t l\u1ea7n ho\u1eb7c \u0111\u1ecbnh k\u1ef3 cho FIND Food Bank.<\/strong><\/h4>\n\n\n\n<center><a href=\"#XRRBECSD\" style=\"display: none\"><\/a><\/center>\n\n\n\n<p>We accept all Major Credit Cards and ACH Giving by donating through PayPal <strong><a data-feathr-click-track=\"true\" href=\"https:\/\/www.paypal.com\/donate\/?cmd=_s-xclick&amp;hosted_button_id=3TL54S33EQWWL&amp;Z3JncnB0=\">\u1edf \u0111\u00e2y<\/a><\/strong>.<\/p>\n\n\n\n<p><span style=\"color: #993300;\"><strong><span style=\"font-style: italic; background: white;\">T\u1ea1o t\u00e1c \u0111\u1ed9ng ngay l\u1eadp t\u1ee9c trong c\u1ed9ng \u0111\u1ed3ng c\u1ee7a ch\u00fang t\u00f4i.<\/span><span style=\"background: white;\"> <\/span><\/strong><\/span>Th\u1ef1c ph\u1ea9m cho ph\u00e9p c\u00e1c gia \u0111\u00ecnh t\u1eadp trung v\u00e0o c\u00e1c \u01b0u ti\u00ean kh\u00e1c nh\u01b0 tr\u1ea3 ti\u1ec1n thu\u00ea nh\u00e0 v\u00e0 th\u1ebf ch\u1ea5p s\u1ebd gi\u00fap gi\u1ea3m thi\u1ec3u t\u00ecnh tr\u1ea1ng v\u00f4 gia c\u01b0, ch\u0103m s\u00f3c y t\u1ebf \u0111\u1ec3 gi\u1eef cho h\u1ecd kh\u1ecfe m\u1ea1nh v\u00e0 gi\u1ea3m c\u0103ng th\u1eb3ng \u0111\u1ec3 gi\u00fap c\u00e1c c\u00e1 nh\u00e2n ho\u1ea1t \u0111\u1ed9ng t\u1ed1t h\u01a1n \u1edf n\u01a1i l\u00e0m vi\u1ec7c v\u00e0 tr\u01b0\u1eddng h\u1ecdc. <span style=\"color: #993300;\"><strong><span style=\"background: white;\">Your gift is used efficiently and effectively to distribute food to 125,000 people throughout our Desert each month.<\/span><\/strong><\/span>  <\/p>\n\n\n\n<p>FIND Food Bank l\u00e0 m\u1ed9t t\u1ed5 ch\u1ee9c t\u1eeb thi\u1ec7n 501 (c) 3.<\/p>\n\n\n\n<p>ID Thu\u1ebf Li\u00ean bang c\u1ee7a FIND m\u1edbi l\u00e0 <strong>33-0006007<\/strong>.<\/p>\n\n\n\n<p>Xin vui l\u00f2ng b\u1ea5m v\u00e0o \u0111\u00e2y cho c\u1ee7a ch\u00fang t\u00f4i <a href=\"\/vi\/privacy-policy\/\" target=\"_blank\" rel=\"noopener\">Ch\u00ednh s\u00e1ch b\u1ea3o m\u1eadt<\/a> v\u00e0 <a href=\"\/vi\/donor-policy\/\" target=\"_blank\" rel=\"noopener\">ch\u00ednh s\u00e1ch b\u1ea3o m\u1eadt c\u1ee7a nh\u00e0 t\u00e0i tr\u1ee3.<\/a><\/p>\n\n\n\n<h5 class=\"gb-headline gb-headline-4033191a gb-headline-text\">C\u00e1c c\u00e1ch kh\u00e1c \u0111\u1ec3 t\u1eb7ng:<\/h5>\n\n\n<div class=\"gb-container gb-container-029da79d\">\n<div class=\"gb-grid-wrapper gb-grid-wrapper-4f41a3a4\">\n<div class=\"gb-grid-column gb-grid-column-3222998a\"><div class=\"gb-container gb-container-3222998a hover-grow\">\n\n<figure class=\"gb-block-image gb-block-image-ad160f5a\"><a href=\"https:\/\/findfoodbank.org\/vi\/get-involved\/financial-support\/\"><img loading=\"lazy\" decoding=\"async\" width=\"185\" height=\"185\" class=\"gb-image gb-image-ad160f5a\" src=\"https:\/\/findfoodbank.org\/wp-content\/uploads\/2021\/06\/Donate-now.png\" alt=\"\" title=\"Donate-now\" srcset=\"https:\/\/findfoodbank.org\/wp-content\/uploads\/2021\/06\/Donate-now.png 185w, https:\/\/findfoodbank.org\/wp-content\/uploads\/2021\/06\/Donate-now-150x150.png 150w\" sizes=\"auto, (max-width: 185px) 100vw, 185px\" \/><\/a><\/figure>\n\n\n\n<h4 class=\"gb-headline gb-headline-b24c98e8 gb-headline-text\"><strong><a href=\"https:\/\/findfoodbank.org\/vi\/get-involved\/financial-support\/\">Cho \u0111i thay th\u1ebf<\/a><\/strong><\/h4>\n\n\n\n<p class=\"has-text-align-center has-contrast-2-color has-text-color\">\u0110\u1ec3 t\u1eb7ng thay th\u1ebf, ch\u1eb3ng h\u1ea1n nh\u01b0 qu\u00e0 t\u1eb7ng c\u1ed5 phi\u1ebfu, qu\u00e0 t\u1eb7ng ph\u00f9 h\u1ee3p, v.v. <a href=\"https:\/\/findfoodbank.org\/vi\/get-involved\/financial-support\/\">vui l\u00f2ng truy c\u1eadp trang h\u1ed7 tr\u1ee3 t\u00e0i ch\u00ednh c\u1ee7a ch\u00fang t\u00f4i<\/a><\/p>\n\n<\/div><\/div>\n\n<div class=\"gb-grid-column gb-grid-column-1de86cbe\"><div class=\"gb-container gb-container-1de86cbe hover-grow\">\n\n<figure class=\"gb-block-image gb-block-image-674345bb\"><a href=\"https:\/\/findfoodbank.org\/vi\/get-involved\/financial-support\/annual-giving\/\"><img loading=\"lazy\" decoding=\"async\" width=\"195\" height=\"184\" class=\"gb-image gb-image-674345bb\" src=\"https:\/\/findfoodbank.org\/wp-content\/uploads\/2024\/03\/2024-Telethon-Social-Media-Posts2.png\" alt=\"\" title=\"2024-Telethon-Social-Media-Posts2\" srcset=\"https:\/\/findfoodbank.org\/wp-content\/uploads\/2024\/03\/2024-Telethon-Social-Media-Posts2.png 195w, https:\/\/findfoodbank.org\/wp-content\/uploads\/2024\/03\/2024-Telethon-Social-Media-Posts2-50x47.png 50w, https:\/\/findfoodbank.org\/wp-content\/uploads\/2024\/03\/2024-Telethon-Social-Media-Posts2-13x12.png 13w\" sizes=\"auto, (max-width: 195px) 100vw, 195px\" \/><\/a><\/figure>\n\n\n\n<h4 class=\"gb-headline gb-headline-060bbf85 gb-headline-text\"><strong><a href=\"https:\/\/findfoodbank.org\/vi\/get-involved\/financial-support\/annual-giving\/\">T\u1eb7ng h\u00e0ng n\u0103m<\/a><\/strong><\/h4>\n\n\n\n<p class=\"has-text-align-center has-contrast-2-color has-text-color\">\u0110\u1ed1i v\u1edbi vi\u1ec7c t\u1eb7ng h\u00e0ng n\u0103m, <a href=\"https:\/\/findfoodbank.org\/vi\/donate\/giving-society\/\">t\u00ecm hi\u1ec3u th\u00eam v\u1ec1 X\u00e3 h\u1ed9i Cho \u0111i c\u1ee7a ch\u00fang t\u00f4i<\/a><\/p>\n\n<\/div><\/div>\n\n<div class=\"gb-grid-column gb-grid-column-0ab7bddf\"><div class=\"gb-container gb-container-0ab7bddf hover-grow\">\n\n<figure class=\"gb-block-image gb-block-image-162b29eb\"><a href=\"https:\/\/findfoodbank.org\/vi\/get-involved\/food-donations\/\" target=\"_blank\" rel=\"noopener noreferrer\"><img loading=\"lazy\" decoding=\"async\" width=\"185\" height=\"185\" class=\"gb-image gb-image-162b29eb\" src=\"https:\/\/findfoodbank.org\/wp-content\/uploads\/2021\/06\/Donate-Foods.png\" alt=\"\" title=\"Donate-Foods\" srcset=\"https:\/\/findfoodbank.org\/wp-content\/uploads\/2021\/06\/Donate-Foods.png 185w, https:\/\/findfoodbank.org\/wp-content\/uploads\/2021\/06\/Donate-Foods-150x150.png 150w\" sizes=\"auto, (max-width: 185px) 100vw, 185px\" \/><\/a><\/figure>\n\n\n\n<h4 class=\"gb-headline gb-headline-6a12ebe9 gb-headline-text\"><a href=\"https:\/\/findfoodbank.org\/vi\/get-involved\/donate-foods\/\"><strong>Quy\u00ean g\u00f3p th\u1ef1c ph\u1ea9m<\/strong><\/a><\/h4>\n\n\n\n<p class=\"has-text-align-center has-contrast-2-color has-text-color\">Xem danh s\u00e1ch c\u00e1c m\u1eb7t h\u00e0ng \u0111\u01b0\u1ee3c ch\u1ea5p nh\u1eadn c\u1ee7a ch\u00fang t\u00f4i v\u00e0 t\u00ecm h\u01b0\u1edbng d\u1eabn \u0111\u1ec3 chuy\u1ec3n kho\u1ea3n \u0111\u00f3ng g\u00f3p th\u1ef1c ph\u1ea9m c\u1ee7a b\u1ea1n<\/p>\n\n<\/div><\/div>\n<\/div>\n<\/div>\n<\/div>\n<\/div>","protected":false},"excerpt":{"rendered":"<p> &#8230; <a title=\"Quy\u00ean t\u1eb7ng\" class=\"read-more\" href=\"https:\/\/findfoodbank.org\/vi\/donate\/\" aria-label=\"\u0110\u1ecdc th\u00eam v\u1ec1 Donate\">Read more<\/a><\/p>","protected":false},"author":15,"featured_media":9705,"parent":0,"menu_order":0,"comment_status":"closed","ping_status":"closed","template":"","meta":{"_monsterinsights_skip_tracking":false,"_monsterinsights_sitenote_active":false,"_monsterinsights_sitenote_note":"","_monsterinsights_sitenote_category":0,"_price":"","_stock":"","_tribe_ticket_header":"","_tribe_default_ticket_provider":"","_tribe_ticket_capacity":"0","_ticket_start_date":"","_ticket_end_date":"","_tribe_ticket_show_description":"","_tribe_ticket_show_not_going":false,"_tribe_ticket_use_global_stock":"","_tribe_ticket_global_stock_level":"","_global_stock_mode":"","_global_stock_cap":"","_tribe_rsvp_for_event":"","_tribe_ticket_going_count":"","_tribe_ticket_not_going_count":"","_tribe_tickets_list":"[]","_tribe_ticket_has_attendee_info_fields":false,"footnotes":"","_tec_slr_enabled":"","_tec_slr_layout":""},"class_list":["post-2181","page","type-page","status-publish","has-post-thumbnail","resize-featured-image"],"yoast_head":"<!-- This site is optimized with the Yoast SEO plugin v27.4 - https:\/\/yoast.com\/product\/yoast-seo-wordpress\/ -->\n<title>Donate to FIND Food Bank, How to Donate to Food Bank<\/title>\n<meta name=\"description\" content=\"Make an immediate impact in our community. Your gift is used efficiently and effectively to distribute food to 150,000 people.\" \/>\n<meta name=\"robots\" content=\"index, follow, max-snippet:-1, max-image-preview:large, max-video-preview:-1\" \/>\n<link rel=\"canonical\" href=\"https:\/\/findfoodbank.org\/vi\/donate\/\" \/>\n<meta property=\"og:locale\" content=\"vi_VN\" \/>\n<meta property=\"og:type\" content=\"article\" \/>\n<meta property=\"og:title\" content=\"Donate to FIND Food Bank, How to Donate to Food Bank\" \/>\n<meta property=\"og:description\" content=\"Make an immediate impact in our community. Your gift is used efficiently and effectively to distribute food to 150,000 people.\" \/>\n<meta property=\"og:url\" content=\"https:\/\/findfoodbank.org\/vi\/donate\/\" \/>\n<meta property=\"og:site_name\" content=\"FIND Food Bank\" \/>\n<meta property=\"article:modified_time\" content=\"2025-11-16T06:35:31+00:00\" \/>\n<meta property=\"og:image\" content=\"https:\/\/findfoodbank.org\/wp-content\/uploads\/2022\/11\/giving.jpg\" \/>\n\t<meta property=\"og:image:width\" content=\"1200\" \/>\n\t<meta property=\"og:image:height\" content=\"800\" \/>\n\t<meta property=\"og:image:type\" content=\"image\/jpeg\" \/>\n<meta name=\"twitter:card\" content=\"summary_large_image\" \/>\n<meta name=\"twitter:label1\" content=\"\u01af\u1edbc t\u00ednh th\u1eddi gian \u0111\u1ecdc\" \/>\n\t<meta name=\"twitter:data1\" content=\"2 ph\u00fat\" \/>\n<script type=\"application\/ld+json\" class=\"yoast-schema-graph\">{\"@context\":\"https:\\\/\\\/schema.org\",\"@graph\":[{\"@type\":\"WebPage\",\"@id\":\"https:\\\/\\\/findfoodbank.org\\\/donate\\\/\",\"url\":\"https:\\\/\\\/findfoodbank.org\\\/donate\\\/\",\"name\":\"Donate to FIND Food Bank, How to Donate to Food Bank\",\"isPartOf\":{\"@id\":\"https:\\\/\\\/findfoodbank.org\\\/#website\"},\"primaryImageOfPage\":{\"@id\":\"https:\\\/\\\/findfoodbank.org\\\/donate\\\/#primaryimage\"},\"image\":{\"@id\":\"https:\\\/\\\/findfoodbank.org\\\/donate\\\/#primaryimage\"},\"thumbnailUrl\":\"https:\\\/\\\/findfoodbank.org\\\/wp-content\\\/uploads\\\/2022\\\/11\\\/giving.jpg\",\"datePublished\":\"2021-07-28T19:06:31+00:00\",\"dateModified\":\"2025-11-16T06:35:31+00:00\",\"description\":\"Make an immediate impact in our community. Your gift is used efficiently and effectively to distribute food to 150,000 people.\",\"breadcrumb\":{\"@id\":\"https:\\\/\\\/findfoodbank.org\\\/donate\\\/#breadcrumb\"},\"inLanguage\":\"vi\",\"potentialAction\":[{\"@type\":\"ReadAction\",\"target\":[\"https:\\\/\\\/findfoodbank.org\\\/donate\\\/\"]}]},{\"@type\":\"ImageObject\",\"inLanguage\":\"vi\",\"@id\":\"https:\\\/\\\/findfoodbank.org\\\/donate\\\/#primaryimage\",\"url\":\"https:\\\/\\\/findfoodbank.org\\\/wp-content\\\/uploads\\\/2022\\\/11\\\/giving.jpg\",\"contentUrl\":\"https:\\\/\\\/findfoodbank.org\\\/wp-content\\\/uploads\\\/2022\\\/11\\\/giving.jpg\",\"width\":1200,\"height\":800,\"caption\":\"Giving\"},{\"@type\":\"BreadcrumbList\",\"@id\":\"https:\\\/\\\/findfoodbank.org\\\/donate\\\/#breadcrumb\",\"itemListElement\":[{\"@type\":\"ListItem\",\"position\":1,\"name\":\"Home\",\"item\":\"https:\\\/\\\/findfoodbank.org\\\/\"},{\"@type\":\"ListItem\",\"position\":2,\"name\":\"Donate\"}]},{\"@type\":\"WebSite\",\"@id\":\"https:\\\/\\\/findfoodbank.org\\\/#website\",\"url\":\"https:\\\/\\\/findfoodbank.org\\\/\",\"name\":\"FIND Food Bank\",\"description\":\"The Desert's Regional Food Bank\",\"publisher\":{\"@id\":\"https:\\\/\\\/findfoodbank.org\\\/#organization\"},\"potentialAction\":[{\"@type\":\"SearchAction\",\"target\":{\"@type\":\"EntryPoint\",\"urlTemplate\":\"https:\\\/\\\/findfoodbank.org\\\/?s={search_term_string}\"},\"query-input\":{\"@type\":\"PropertyValueSpecification\",\"valueRequired\":true,\"valueName\":\"search_term_string\"}}],\"inLanguage\":\"vi\"},{\"@type\":\"Organization\",\"@id\":\"https:\\\/\\\/findfoodbank.org\\\/#organization\",\"name\":\"FIND Food Bank\",\"url\":\"https:\\\/\\\/findfoodbank.org\\\/\",\"logo\":{\"@type\":\"ImageObject\",\"inLanguage\":\"vi\",\"@id\":\"https:\\\/\\\/findfoodbank.org\\\/#\\\/schema\\\/logo\\\/image\\\/\",\"url\":\"https:\\\/\\\/findfoodbank.org\\\/wp-content\\\/uploads\\\/2025\\\/09\\\/FIND-logo25-horizontal_4c.png\",\"contentUrl\":\"https:\\\/\\\/findfoodbank.org\\\/wp-content\\\/uploads\\\/2025\\\/09\\\/FIND-logo25-horizontal_4c.png\",\"width\":1189,\"height\":373,\"caption\":\"FIND Food Bank\"},\"image\":{\"@id\":\"https:\\\/\\\/findfoodbank.org\\\/#\\\/schema\\\/logo\\\/image\\\/\"}}]}<\/script>\n<!-- \/ Yoast SEO plugin. -->","yoast_head_json":{"title":"Donate to FIND Food Bank, How to Donate to Food Bank","description":"Make an immediate impact in our community. Your gift is used efficiently and effectively to distribute food to 150,000 people.","robots":{"index":"index","follow":"follow","max-snippet":"max-snippet:-1","max-image-preview":"max-image-preview:large","max-video-preview":"max-video-preview:-1"},"canonical":"https:\/\/findfoodbank.org\/vi\/donate\/","og_locale":"vi_VN","og_type":"article","og_title":"Donate to FIND Food Bank, How to Donate to Food Bank","og_description":"Make an immediate impact in our community. Your gift is used efficiently and effectively to distribute food to 150,000 people.","og_url":"https:\/\/findfoodbank.org\/vi\/donate\/","og_site_name":"FIND Food Bank","article_modified_time":"2025-11-16T06:35:31+00:00","og_image":[{"width":1200,"height":800,"url":"https:\/\/findfoodbank.org\/wp-content\/uploads\/2022\/11\/giving.jpg","type":"image\/jpeg"}],"twitter_card":"summary_large_image","twitter_misc":{"\u01af\u1edbc t\u00ednh th\u1eddi gian \u0111\u1ecdc":"2 ph\u00fat"},"schema":{"@context":"https:\/\/schema.org","@graph":[{"@type":"WebPage","@id":"https:\/\/findfoodbank.org\/donate\/","url":"https:\/\/findfoodbank.org\/donate\/","name":"Donate to FIND Food Bank, How to Donate to Food Bank","isPartOf":{"@id":"https:\/\/findfoodbank.org\/#website"},"primaryImageOfPage":{"@id":"https:\/\/findfoodbank.org\/donate\/#primaryimage"},"image":{"@id":"https:\/\/findfoodbank.org\/donate\/#primaryimage"},"thumbnailUrl":"https:\/\/findfoodbank.org\/wp-content\/uploads\/2022\/11\/giving.jpg","datePublished":"2021-07-28T19:06:31+00:00","dateModified":"2025-11-16T06:35:31+00:00","description":"Make an immediate impact in our community. Your gift is used efficiently and effectively to distribute food to 150,000 people.","breadcrumb":{"@id":"https:\/\/findfoodbank.org\/donate\/#breadcrumb"},"inLanguage":"vi","potentialAction":[{"@type":"ReadAction","target":["https:\/\/findfoodbank.org\/donate\/"]}]},{"@type":"ImageObject","inLanguage":"vi","@id":"https:\/\/findfoodbank.org\/donate\/#primaryimage","url":"https:\/\/findfoodbank.org\/wp-content\/uploads\/2022\/11\/giving.jpg","contentUrl":"https:\/\/findfoodbank.org\/wp-content\/uploads\/2022\/11\/giving.jpg","width":1200,"height":800,"caption":"Giving"},{"@type":"BreadcrumbList","@id":"https:\/\/findfoodbank.org\/donate\/#breadcrumb","itemListElement":[{"@type":"ListItem","position":1,"name":"Home","item":"https:\/\/findfoodbank.org\/"},{"@type":"ListItem","position":2,"name":"Donate"}]},{"@type":"WebSite","@id":"https:\/\/findfoodbank.org\/#website","url":"https:\/\/findfoodbank.org\/","name":"T\u00ccM Ng\u00e2n h\u00e0ng Th\u1ef1c ph\u1ea9m","description":"Ng\u00e2n h\u00e0ng l\u01b0\u01a1ng th\u1ef1c khu v\u1ef1c c\u1ee7a sa m\u1ea1c","publisher":{"@id":"https:\/\/findfoodbank.org\/#organization"},"potentialAction":[{"@type":"SearchAction","target":{"@type":"EntryPoint","urlTemplate":"https:\/\/findfoodbank.org\/?s={search_term_string}"},"query-input":{"@type":"PropertyValueSpecification","valueRequired":true,"valueName":"search_term_string"}}],"inLanguage":"vi"},{"@type":"Organization","@id":"https:\/\/findfoodbank.org\/#organization","name":"T\u00ccM Ng\u00e2n h\u00e0ng Th\u1ef1c ph\u1ea9m","url":"https:\/\/findfoodbank.org\/","logo":{"@type":"ImageObject","inLanguage":"vi","@id":"https:\/\/findfoodbank.org\/#\/schema\/logo\/image\/","url":"https:\/\/findfoodbank.org\/wp-content\/uploads\/2025\/09\/FIND-logo25-horizontal_4c.png","contentUrl":"https:\/\/findfoodbank.org\/wp-content\/uploads\/2025\/09\/FIND-logo25-horizontal_4c.png","width":1189,"height":373,"caption":"FIND Food Bank"},"image":{"@id":"https:\/\/findfoodbank.org\/#\/schema\/logo\/image\/"}}]}},"ticketed":false,"_links":{"self":[{"href":"https:\/\/findfoodbank.org\/vi\/wp-json\/wp\/v2\/pages\/2181","targetHints":{"allow":["GET"]}}],"collection":[{"href":"https:\/\/findfoodbank.org\/vi\/wp-json\/wp\/v2\/pages"}],"about":[{"href":"https:\/\/findfoodbank.org\/vi\/wp-json\/wp\/v2\/types\/page"}],"author":[{"embeddable":true,"href":"https:\/\/findfoodbank.org\/vi\/wp-json\/wp\/v2\/users\/15"}],"replies":[{"embeddable":true,"href":"https:\/\/findfoodbank.org\/vi\/wp-json\/wp\/v2\/comments?post=2181"}],"version-history":[{"count":43,"href":"https:\/\/findfoodbank.org\/vi\/wp-json\/wp\/v2\/pages\/2181\/revisions"}],"predecessor-version":[{"id":17154,"href":"https:\/\/findfoodbank.org\/vi\/wp-json\/wp\/v2\/pages\/2181\/revisions\/17154"}],"wp:featuredmedia":[{"embeddable":true,"href":"https:\/\/findfoodbank.org\/vi\/wp-json\/wp\/v2\/media\/9705"}],"wp:attachment":[{"href":"https:\/\/findfoodbank.org\/vi\/wp-json\/wp\/v2\/media?parent=2181"}],"curies":[{"name":"wp","href":"https:\/\/api.w.org\/{rel}","templated":true}]}}