{"id":1916,"date":"2021-06-28T17:22:18","date_gmt":"2021-06-28T17:22:18","guid":{"rendered":"http:\/\/findfoodbank.flywheelsites.com\/?page_id=1916"},"modified":"2025-11-04T14:29:47","modified_gmt":"2025-11-04T22:29:47","slug":"volunteer","status":"publish","type":"page","link":"https:\/\/findfoodbank.org\/vi\/get-involved\/volunteer\/","title":{"rendered":"T\u00ecnh nguy\u1ec7n vi\u00ean"},"content":{"rendered":"<div class=\"gb-container gb-container-898d2522\">\n\n<h2 class=\"gb-headline gb-headline-915fdd95 gb-headline-text\">Ways you can help<\/h2>\n\n\n<div class=\"gb-grid-wrapper gb-grid-wrapper-dd69e86d\">\n<div class=\"gb-grid-column gb-grid-column-8f72a120\"><div class=\"gb-container gb-container-8f72a120\">\n\n<h4 class=\"gb-headline gb-headline-d62a3e0e gb-headline-text lightboxshadow\"><a href=\"https:\/\/findfoodbank.org\/vi\/volunteer-opportunities\/\">C\u01a1 h\u1ed9i t\u00ecnh nguy\u1ec7n<\/a><\/h4>\n\n<\/div><\/div>\n\n<div class=\"gb-grid-column gb-grid-column-0a648bd0\"><div class=\"gb-container gb-container-0a648bd0\">\n\n<h4 class=\"gb-headline gb-headline-db4641e5 gb-headline-text lightboxshadow\"><a href=\"https:\/\/findfoodbank.org\/vi\/get-involved\/corporate-support\/corporate-volunteerism\/\">T\u00ecnh nguy\u1ec7n vi\u00ean c\u1ee7a C\u00f4ng ty<\/a><\/h4>\n\n<\/div><\/div>\n\n<div class=\"gb-grid-column gb-grid-column-2c9d8798\"><div class=\"gb-container gb-container-2c9d8798\">\n\n<h4 class=\"gb-headline gb-headline-45678a3c gb-headline-text lightboxshadow\"><a href=\"https:\/\/findfoodbank.org\/vi\/voluntourism\/\">Du l\u1ecbch t\u00ecnh nguy\u1ec7n<\/a><\/h4>\n\n<\/div><\/div>\n\n<div class=\"gb-grid-column gb-grid-column-25067cc0\"><div class=\"gb-container gb-container-25067cc0\">\n\n<h4 class=\"gb-headline gb-headline-e50c3826 gb-headline-text lightboxshadow\"><a href=\"https:\/\/findfoodbank.org\/vi\/community-service-hours\/\">Gi\u1edd ph\u1ee5c v\u1ee5 c\u1ed9ng \u0111\u1ed3ng<\/a><\/h4>\n\n<\/div><\/div>\n\n<div class=\"gb-grid-column gb-grid-column-f9837088\"><div class=\"gb-container gb-container-f9837088\">\n\n<h4 class=\"gb-headline gb-headline-47fb97fe gb-headline-text lightboxshadow\"><a href=\"https:\/\/findfoodbank.org\/vi\/get-involved\/donate-foods\/\">Quy\u00ean g\u00f3p th\u1ef1c ph\u1ea9m<\/a><\/h4>\n\n<\/div><\/div>\n\n<div class=\"gb-grid-column gb-grid-column-3944464e\"><div class=\"gb-container gb-container-3944464e\">\n\n<h4 class=\"gb-headline gb-headline-ded28b18 gb-headline-text lightboxshadow\"><a href=\"https:\/\/findfoodbank.org\/vi\/fyac\/\">Youth Advisory Commission<\/a><\/h4>\n\n<\/div><\/div>\n<\/div>\n<\/div>\n\n<div class=\"gb-container gb-container-da5c005e\">\n\n<a class=\"gb-button gb-button-3fb97d4a\" href=\"https:\/\/findfoodbank.volunteerhub.com\/events\/index#_=_\" target=\"_blank\" rel=\"noopener noreferrer\"><span class=\"gb-icon\"><svg aria-hidden=\"true\" role=\"img\" height=\"1em\" width=\"1em\" viewbox=\"0 0 256 512\" xmlns=\"http:\/\/www.w3.org\/2000\/svg\"><path fill=\"currentColor\" d=\"M224.3 273l-136 136c-9.4 9.4-24.6 9.4-33.9 0l-22.6-22.6c-9.4-9.4-9.4-24.6 0-33.9l96.4-96.4-96.4-96.4c-9.4-9.4-9.4-24.6 0-33.9L54.3 103c9.4-9.4 24.6-9.4 33.9 0l136 136c9.5 9.4 9.5 24.6.1 34z\"><\/path><\/svg><\/span><span class=\"gb-button-text\">SIGN UP TO VOLUNTEER<\/span><\/a>\n\n<\/div>\n\n<div class=\"gb-container gb-container-5e1cfe42 alignfull\">\n<div class=\"gb-grid-wrapper gb-grid-wrapper-63852908\">\n<div class=\"gb-grid-column gb-grid-column-6a89a3a5\"><div class=\"gb-container gb-container-6a89a3a5\">\n\n<h6 class=\"gb-headline gb-headline-550c19b3 gb-headline-text\">\u0110\u0103ng k\u00fd \u0111\u1ecbnh h\u01b0\u1edbng t\u00ecnh nguy\u1ec7n vi\u00ean ho\u1eb7c \u0111\u0103ng k\u00fd cho ca l\u00e0m vi\u1ec7c ti\u1ebfp theo c\u1ee7a b\u1ea1n<\/h6>\n\n\n\n<a class=\"gb-button gb-button-a8df641f\" href=\"https:\/\/findfoodbank.volunteerhub.com\/events\/index#_=_\" target=\"_blank\" rel=\"noopener noreferrer\"><span class=\"gb-icon\"><svg aria-hidden=\"true\" role=\"img\" height=\"1em\" width=\"1em\" viewbox=\"0 0 256 512\" xmlns=\"http:\/\/www.w3.org\/2000\/svg\"><path fill=\"currentColor\" d=\"M224.3 273l-136 136c-9.4 9.4-24.6 9.4-33.9 0l-22.6-22.6c-9.4-9.4-9.4-24.6 0-33.9l96.4-96.4-96.4-96.4c-9.4-9.4-9.4-24.6 0-33.9L54.3 103c9.4-9.4 24.6-9.4 33.9 0l136 136c9.5 9.4 9.5 24.6.1 34z\"><\/path><\/svg><\/span><span class=\"gb-button-text\">SIGN UP TO VOLUNTEER<\/span><\/a>\n\n\n\n<p>Volunteers play a crucial role in our work, especially as FIND&#8217;s services remain in high demand amid skyrocketing gas and grocery prices. Groups and individuals are welcome to join us at our warehouse, in our office providing administrative support, or out on-site distributing food throughout the desert region at our Community Mobile Markets.<\/p>\n\n<\/div><\/div>\n\n<div class=\"gb-grid-column gb-grid-column-cf017d85\"><div class=\"gb-container gb-container-cf017d85\"><\/div><\/div>\n<\/div>\n<\/div>\n\n<div class=\"gb-container gb-container-c36614a1 alignfull\">\n\n<h1 class=\"gb-headline gb-headline-f46ec219\"><span class=\"gb-icon\"><svg xml:space=\"preserve\" viewbox=\"0 0 52 52\" height=\"800px\" width=\"800px\" xmlns=\"http:\/\/www.w3.org\/2000\/svg\" fill=\"#000000\"> <g> \t<path d=\"M42,22.3c-2.8-1.1-3.2-2.2-3.2-3.3s0.8-2.2,1.8-3c1.7-1.4,2.6-3.5,2.6-5.8c0-4.4-2.9-8.2-8-8.2   c-4.7,0-7.5,3.2-7.9,7.1c0,0.4,0.2,0.7,0.5,0.9c3.8,2.4,6.1,6.6,6.1,11.7c0,3.8-1.5,7.2-4.2,9.6c-0.2,0.2-0.2,0.6,0,0.8   c0.7,0.5,2.3,1.2,3.3,1.7c0.3,0.1,0.5,0.2,0.8,0.2h12.1c2.3,0,4.1-1.9,4.1-4v-0.6C50,25.9,46.2,24,42,22.3z\"><\/path> \t<path d=\"M28.6,36.2c-3.4-1.4-3.9-2.6-3.9-3.9c0-1.3,1-2.6,2.1-3.6c2-1.7,3.1-4.1,3.1-6.9c0-5.2-3.4-9.7-9.6-9.7   c-6.1,0-9.6,4.5-9.6,9.7c0,2.8,1.1,5.2,3.1,6.9c1.1,1,2.1,2.3,2.1,3.6c0,1.3-0.5,2.6-4,3.9c-5,2-9.9,4.3-9.9,8.5V45v1   c0,2.2,1.8,4,4.1,4h27.7c2.3,0,4.2-1.8,4.2-4v-1v-0.4C38,40.5,33.6,38.2,28.6,36.2z\"><\/path> <\/g> <\/svg><\/span><span class=\"gb-headline-text\">T\u00e1c \u0111\u1ed9ng t\u00ecnh nguy\u1ec7n<\/span><\/h1>\n\n\n\n<p class=\"has-text-align-center\">\u2002In&nbsp;<strong>2024<\/strong>, over&nbsp;<strong>4,000<\/strong>&nbsp;volunteers donated their time to FIND Food Bank,&nbsp;totaling over&nbsp;<strong>21,000<\/strong>&nbsp;service hours \u2013 the equivalent of&nbsp;<strong>9&nbsp;full-time employees<\/strong>, and saving FIND Regional Food Bank Half a Million dollars in&nbsp;<strong><a href=\"https:\/\/independentsector.org\/resource\/vovt_state_2021\/\" target=\"_blank\" rel=\"noreferrer noopener\">chi ph\u00ed qu\u1ea3n l\u00fd<\/a><\/strong>&nbsp;with their&nbsp;efforts.<\/p>\n\n<\/div>\n\n<div class=\"gb-container gb-container-250bff1d alignfull\">\n<div class=\"gb-container gb-container-32ce2962\">\n<div class=\"gb-grid-wrapper gb-grid-wrapper-bf29c4c9\">\n<div class=\"gb-grid-column gb-grid-column-ffc56afc\"><div class=\"gb-container gb-container-ffc56afc\">\n\n<figure class=\"gb-block-image gb-block-image-3562de9f\"><img loading=\"lazy\" decoding=\"async\" width=\"2568\" height=\"1926\" class=\"gb-image gb-image-3562de9f\" src=\"https:\/\/findfoodbank.org\/wp-content\/uploads\/2023\/10\/volunteer-3.png\" alt=\"\" title=\"volunteer-3\" srcset=\"https:\/\/findfoodbank.org\/wp-content\/uploads\/2023\/10\/volunteer-3.png 2568w, https:\/\/findfoodbank.org\/wp-content\/uploads\/2023\/10\/volunteer-3-300x225.png 300w, https:\/\/findfoodbank.org\/wp-content\/uploads\/2023\/10\/volunteer-3-1024x768.png 1024w, https:\/\/findfoodbank.org\/wp-content\/uploads\/2023\/10\/volunteer-3-768x576.png 768w, https:\/\/findfoodbank.org\/wp-content\/uploads\/2023\/10\/volunteer-3-1600x1200.png 1600w, https:\/\/findfoodbank.org\/wp-content\/uploads\/2023\/10\/volunteer-3-1536x1152.png 1536w, https:\/\/findfoodbank.org\/wp-content\/uploads\/2023\/10\/volunteer-3-2048x1536.png 2048w, https:\/\/findfoodbank.org\/wp-content\/uploads\/2023\/10\/volunteer-3-16x12.png 16w\" sizes=\"auto, (max-width: 2568px) 100vw, 2568px\" \/><\/figure>\n\n<\/div><\/div>\n\n<div class=\"gb-grid-column gb-grid-column-91c1bd1d\"><div class=\"gb-container gb-container-91c1bd1d\">\n\n<h5 class=\"gb-headline gb-headline-c2c29024 gb-headline-text\">R\u1ea5t nhi\u1ec1u c\u00e1ch \u0111\u1ec3 \u0111\u01b0\u1ee3c tham gia!<\/h5>\n\n\n\n<p>We have opportunities for adults and youth ages 14-17 to get involved in the fight against hunger. Check out our volunteer opportunities to learn more.<\/p>\n\n\n\n<a class=\"gb-button gb-button-26168656\" href=\"https:\/\/findfoodbank.org\/vi\/volunteer-opportunities\/\" target=\"_blank\" rel=\"noopener noreferrer\"><span class=\"gb-icon\"><svg aria-hidden=\"true\" role=\"img\" height=\"1em\" width=\"1em\" viewbox=\"0 0 256 512\" xmlns=\"http:\/\/www.w3.org\/2000\/svg\"><path fill=\"currentColor\" d=\"M224.3 273l-136 136c-9.4 9.4-24.6 9.4-33.9 0l-22.6-22.6c-9.4-9.4-9.4-24.6 0-33.9l96.4-96.4-96.4-96.4c-9.4-9.4-9.4-24.6 0-33.9L54.3 103c9.4-9.4 24.6-9.4 33.9 0l136 136c9.5 9.4 9.5 24.6.1 34z\"><\/path><\/svg><\/span><span class=\"gb-button-text\">FIND VOLUNTEER OPPORTUNITIES<\/span><\/a>\n\n\n\n<p>N\u1ebfu b\u1ea1n quan t\u00e2m \u0111\u1ebfn ho\u1ea1t \u0111\u1ed9ng t\u00ecnh nguy\u1ec7n <a data-feathr-click-track=\"true\" href=\"https:\/\/findfoodbank.volunteerhub.com\/events\/index#_=_\" target=\"_blank\" rel=\"noopener\">truy c\u1eadp trang \u0111\u0103ng k\u00fd c\u1ee7a ch\u00fang t\u00f4i<\/a>, or contact our Volunteer Programs Department.<\/p>\n\n\n\n<p><strong>Primary Contact for Volunteer Coordination:<\/strong><br>Juan Perez<br><a href=\"mailto:jperez@findfoodbank.org\" target=\"_blank\" rel=\"noreferrer noopener\">jperez@findfoodbank.org<\/a><br>760-542-2176 ext. 132<\/p>\n\n<\/div><\/div>\n\n<div class=\"gb-grid-column gb-grid-column-6fc6412a\"><div class=\"gb-container gb-container-6fc6412a\">\n\n<figure class=\"gb-block-image gb-block-image-2afef084\"><img loading=\"lazy\" decoding=\"async\" width=\"2560\" height=\"1707\" class=\"gb-image gb-image-2afef084\" src=\"https:\/\/findfoodbank.org\/wp-content\/uploads\/2023\/10\/Volunteer-1-3.png\" alt=\"\" title=\"Volunteer-1-3\" srcset=\"https:\/\/findfoodbank.org\/wp-content\/uploads\/2023\/10\/Volunteer-1-3.png 2560w, https:\/\/findfoodbank.org\/wp-content\/uploads\/2023\/10\/Volunteer-1-3-300x200.png 300w, https:\/\/findfoodbank.org\/wp-content\/uploads\/2023\/10\/Volunteer-1-3-1024x683.png 1024w, https:\/\/findfoodbank.org\/wp-content\/uploads\/2023\/10\/Volunteer-1-3-768x512.png 768w, https:\/\/findfoodbank.org\/wp-content\/uploads\/2023\/10\/Volunteer-1-3-1600x1067.png 1600w\" sizes=\"auto, (max-width: 2560px) 100vw, 2560px\" \/><\/figure>\n\n<\/div><\/div>\n<\/div>\n<\/div>\n<\/div>","protected":false},"excerpt":{"rendered":"<p> &#8230; <a title=\"T\u00ecnh nguy\u1ec7n vi\u00ean\" class=\"read-more\" href=\"https:\/\/findfoodbank.org\/vi\/get-involved\/volunteer\/\" aria-label=\"\u0110\u1ecdc th\u00eam v\u1ec1 Volunteer\">Read more<\/a><\/p>","protected":false},"author":15,"featured_media":12350,"parent":1295,"menu_order":0,"comment_status":"closed","ping_status":"closed","template":"","meta":{"_monsterinsights_skip_tracking":false,"_monsterinsights_sitenote_active":false,"_monsterinsights_sitenote_note":"","_monsterinsights_sitenote_category":0,"_price":"","_stock":"","_tribe_ticket_header":"","_tribe_default_ticket_provider":"","_tribe_ticket_capacity":"0","_ticket_start_date":"","_ticket_end_date":"","_tribe_ticket_show_description":"","_tribe_ticket_show_not_going":false,"_tribe_ticket_use_global_stock":"","_tribe_ticket_global_stock_level":"","_global_stock_mode":"","_global_stock_cap":"","_tribe_rsvp_for_event":"","_tribe_ticket_going_count":"","_tribe_ticket_not_going_count":"","_tribe_tickets_list":"[]","_tribe_ticket_has_attendee_info_fields":false,"footnotes":"","_tec_slr_enabled":"","_tec_slr_layout":""},"class_list":["post-1916","page","type-page","status-publish","has-post-thumbnail","resize-featured-image"],"yoast_head":"<!-- This site is optimized with the Yoast SEO plugin v27.5 - https:\/\/yoast.com\/product\/yoast-seo-wordpress\/ -->\n<title>Volunteer FIND Food Bank, Volunteer in Food Distribution<\/title>\n<meta name=\"description\" content=\"According to the California Department of Public Health, masks are no longer required but there is a \u201cstrong recommendation that all persons,\" \/>\n<meta name=\"robots\" content=\"index, follow, max-snippet:-1, max-image-preview:large, max-video-preview:-1\" \/>\n<link rel=\"canonical\" href=\"https:\/\/findfoodbank.org\/vi\/get-involved\/volunteer\/\" \/>\n<meta property=\"og:locale\" content=\"vi_VN\" \/>\n<meta property=\"og:type\" content=\"article\" \/>\n<meta property=\"og:title\" content=\"Volunteer FIND Food Bank, Volunteer in Food Distribution\" \/>\n<meta property=\"og:description\" content=\"According to the California Department of Public Health, masks are no longer required but there is a \u201cstrong recommendation that all persons,\" \/>\n<meta property=\"og:url\" content=\"https:\/\/findfoodbank.org\/vi\/get-involved\/volunteer\/\" \/>\n<meta property=\"og:site_name\" content=\"FIND Food Bank\" \/>\n<meta property=\"article:modified_time\" content=\"2025-11-04T22:29:47+00:00\" \/>\n<meta property=\"og:image\" content=\"https:\/\/findfoodbank.org\/wp-content\/uploads\/2023\/10\/Volunteer-Page-5.png\" \/>\n\t<meta property=\"og:image:width\" content=\"1080\" \/>\n\t<meta property=\"og:image:height\" content=\"1080\" \/>\n\t<meta property=\"og:image:type\" content=\"image\/png\" \/>\n<meta name=\"twitter:card\" content=\"summary_large_image\" \/>\n<meta name=\"twitter:label1\" content=\"\u01af\u1edbc t\u00ednh th\u1eddi gian \u0111\u1ecdc\" \/>\n\t<meta name=\"twitter:data1\" content=\"2 ph\u00fat\" \/>\n<script type=\"application\/ld+json\" class=\"yoast-schema-graph\">{\"@context\":\"https:\\\/\\\/schema.org\",\"@graph\":[{\"@type\":\"WebPage\",\"@id\":\"https:\\\/\\\/findfoodbank.org\\\/get-involved\\\/volunteer\\\/\",\"url\":\"https:\\\/\\\/findfoodbank.org\\\/get-involved\\\/volunteer\\\/\",\"name\":\"Volunteer FIND Food Bank, Volunteer in Food Distribution\",\"isPartOf\":{\"@id\":\"https:\\\/\\\/findfoodbank.org\\\/#website\"},\"primaryImageOfPage\":{\"@id\":\"https:\\\/\\\/findfoodbank.org\\\/get-involved\\\/volunteer\\\/#primaryimage\"},\"image\":{\"@id\":\"https:\\\/\\\/findfoodbank.org\\\/get-involved\\\/volunteer\\\/#primaryimage\"},\"thumbnailUrl\":\"https:\\\/\\\/findfoodbank.org\\\/wp-content\\\/uploads\\\/2023\\\/10\\\/Volunteer-Page-5.png\",\"datePublished\":\"2021-06-28T17:22:18+00:00\",\"dateModified\":\"2025-11-04T22:29:47+00:00\",\"description\":\"According to the California Department of Public Health, masks are no longer required but there is a \u201cstrong recommendation that all persons,\",\"breadcrumb\":{\"@id\":\"https:\\\/\\\/findfoodbank.org\\\/get-involved\\\/volunteer\\\/#breadcrumb\"},\"inLanguage\":\"vi\",\"potentialAction\":[{\"@type\":\"ReadAction\",\"target\":[\"https:\\\/\\\/findfoodbank.org\\\/get-involved\\\/volunteer\\\/\"]}]},{\"@type\":\"ImageObject\",\"inLanguage\":\"vi\",\"@id\":\"https:\\\/\\\/findfoodbank.org\\\/get-involved\\\/volunteer\\\/#primaryimage\",\"url\":\"https:\\\/\\\/findfoodbank.org\\\/wp-content\\\/uploads\\\/2023\\\/10\\\/Volunteer-Page-5.png\",\"contentUrl\":\"https:\\\/\\\/findfoodbank.org\\\/wp-content\\\/uploads\\\/2023\\\/10\\\/Volunteer-Page-5.png\",\"width\":1080,\"height\":1080,\"caption\":\"FIND Food Bank Volunteers\"},{\"@type\":\"BreadcrumbList\",\"@id\":\"https:\\\/\\\/findfoodbank.org\\\/get-involved\\\/volunteer\\\/#breadcrumb\",\"itemListElement\":[{\"@type\":\"ListItem\",\"position\":1,\"name\":\"Home\",\"item\":\"https:\\\/\\\/findfoodbank.org\\\/\"},{\"@type\":\"ListItem\",\"position\":2,\"name\":\"Get Involved\",\"item\":\"https:\\\/\\\/findfoodbank.org\\\/get-involved\\\/\"},{\"@type\":\"ListItem\",\"position\":3,\"name\":\"Volunteer\"}]},{\"@type\":\"WebSite\",\"@id\":\"https:\\\/\\\/findfoodbank.org\\\/#website\",\"url\":\"https:\\\/\\\/findfoodbank.org\\\/\",\"name\":\"FIND Food Bank\",\"description\":\"The Desert's Regional Food Bank\",\"publisher\":{\"@id\":\"https:\\\/\\\/findfoodbank.org\\\/#organization\"},\"potentialAction\":[{\"@type\":\"SearchAction\",\"target\":{\"@type\":\"EntryPoint\",\"urlTemplate\":\"https:\\\/\\\/findfoodbank.org\\\/?s={search_term_string}\"},\"query-input\":{\"@type\":\"PropertyValueSpecification\",\"valueRequired\":true,\"valueName\":\"search_term_string\"}}],\"inLanguage\":\"vi\"},{\"@type\":\"Organization\",\"@id\":\"https:\\\/\\\/findfoodbank.org\\\/#organization\",\"name\":\"FIND Food Bank\",\"url\":\"https:\\\/\\\/findfoodbank.org\\\/\",\"logo\":{\"@type\":\"ImageObject\",\"inLanguage\":\"vi\",\"@id\":\"https:\\\/\\\/findfoodbank.org\\\/#\\\/schema\\\/logo\\\/image\\\/\",\"url\":\"https:\\\/\\\/findfoodbank.org\\\/wp-content\\\/uploads\\\/2025\\\/09\\\/FIND-logo25-horizontal_4c.png\",\"contentUrl\":\"https:\\\/\\\/findfoodbank.org\\\/wp-content\\\/uploads\\\/2025\\\/09\\\/FIND-logo25-horizontal_4c.png\",\"width\":1189,\"height\":373,\"caption\":\"FIND Food Bank\"},\"image\":{\"@id\":\"https:\\\/\\\/findfoodbank.org\\\/#\\\/schema\\\/logo\\\/image\\\/\"}}]}<\/script>\n<!-- \/ Yoast SEO plugin. -->","yoast_head_json":{"title":"Volunteer FIND Food Bank, Volunteer in Food Distribution","description":"According to the California Department of Public Health, masks are no longer required but there is a \u201cstrong recommendation that all persons,","robots":{"index":"index","follow":"follow","max-snippet":"max-snippet:-1","max-image-preview":"max-image-preview:large","max-video-preview":"max-video-preview:-1"},"canonical":"https:\/\/findfoodbank.org\/vi\/get-involved\/volunteer\/","og_locale":"vi_VN","og_type":"article","og_title":"Volunteer FIND Food Bank, Volunteer in Food Distribution","og_description":"According to the California Department of Public Health, masks are no longer required but there is a \u201cstrong recommendation that all persons,","og_url":"https:\/\/findfoodbank.org\/vi\/get-involved\/volunteer\/","og_site_name":"FIND Food Bank","article_modified_time":"2025-11-04T22:29:47+00:00","og_image":[{"width":1080,"height":1080,"url":"https:\/\/findfoodbank.org\/wp-content\/uploads\/2023\/10\/Volunteer-Page-5.png","type":"image\/png"}],"twitter_card":"summary_large_image","twitter_misc":{"\u01af\u1edbc t\u00ednh th\u1eddi gian \u0111\u1ecdc":"2 ph\u00fat"},"schema":{"@context":"https:\/\/schema.org","@graph":[{"@type":"WebPage","@id":"https:\/\/findfoodbank.org\/get-involved\/volunteer\/","url":"https:\/\/findfoodbank.org\/get-involved\/volunteer\/","name":"Volunteer FIND Food Bank, Volunteer in Food Distribution","isPartOf":{"@id":"https:\/\/findfoodbank.org\/#website"},"primaryImageOfPage":{"@id":"https:\/\/findfoodbank.org\/get-involved\/volunteer\/#primaryimage"},"image":{"@id":"https:\/\/findfoodbank.org\/get-involved\/volunteer\/#primaryimage"},"thumbnailUrl":"https:\/\/findfoodbank.org\/wp-content\/uploads\/2023\/10\/Volunteer-Page-5.png","datePublished":"2021-06-28T17:22:18+00:00","dateModified":"2025-11-04T22:29:47+00:00","description":"According to the California Department of Public Health, masks are no longer required but there is a \u201cstrong recommendation that all persons,","breadcrumb":{"@id":"https:\/\/findfoodbank.org\/get-involved\/volunteer\/#breadcrumb"},"inLanguage":"vi","potentialAction":[{"@type":"ReadAction","target":["https:\/\/findfoodbank.org\/get-involved\/volunteer\/"]}]},{"@type":"ImageObject","inLanguage":"vi","@id":"https:\/\/findfoodbank.org\/get-involved\/volunteer\/#primaryimage","url":"https:\/\/findfoodbank.org\/wp-content\/uploads\/2023\/10\/Volunteer-Page-5.png","contentUrl":"https:\/\/findfoodbank.org\/wp-content\/uploads\/2023\/10\/Volunteer-Page-5.png","width":1080,"height":1080,"caption":"FIND Food Bank Volunteers"},{"@type":"BreadcrumbList","@id":"https:\/\/findfoodbank.org\/get-involved\/volunteer\/#breadcrumb","itemListElement":[{"@type":"ListItem","position":1,"name":"Home","item":"https:\/\/findfoodbank.org\/"},{"@type":"ListItem","position":2,"name":"Get Involved","item":"https:\/\/findfoodbank.org\/get-involved\/"},{"@type":"ListItem","position":3,"name":"Volunteer"}]},{"@type":"WebSite","@id":"https:\/\/findfoodbank.org\/#website","url":"https:\/\/findfoodbank.org\/","name":"T\u00ccM Ng\u00e2n h\u00e0ng Th\u1ef1c ph\u1ea9m","description":"Ng\u00e2n h\u00e0ng l\u01b0\u01a1ng th\u1ef1c khu v\u1ef1c c\u1ee7a sa m\u1ea1c","publisher":{"@id":"https:\/\/findfoodbank.org\/#organization"},"potentialAction":[{"@type":"SearchAction","target":{"@type":"EntryPoint","urlTemplate":"https:\/\/findfoodbank.org\/?s={search_term_string}"},"query-input":{"@type":"PropertyValueSpecification","valueRequired":true,"valueName":"search_term_string"}}],"inLanguage":"vi"},{"@type":"Organization","@id":"https:\/\/findfoodbank.org\/#organization","name":"T\u00ccM Ng\u00e2n h\u00e0ng Th\u1ef1c ph\u1ea9m","url":"https:\/\/findfoodbank.org\/","logo":{"@type":"ImageObject","inLanguage":"vi","@id":"https:\/\/findfoodbank.org\/#\/schema\/logo\/image\/","url":"https:\/\/findfoodbank.org\/wp-content\/uploads\/2025\/09\/FIND-logo25-horizontal_4c.png","contentUrl":"https:\/\/findfoodbank.org\/wp-content\/uploads\/2025\/09\/FIND-logo25-horizontal_4c.png","width":1189,"height":373,"caption":"FIND Food Bank"},"image":{"@id":"https:\/\/findfoodbank.org\/#\/schema\/logo\/image\/"}}]}},"ticketed":false,"_links":{"self":[{"href":"https:\/\/findfoodbank.org\/vi\/wp-json\/wp\/v2\/pages\/1916","targetHints":{"allow":["GET"]}}],"collection":[{"href":"https:\/\/findfoodbank.org\/vi\/wp-json\/wp\/v2\/pages"}],"about":[{"href":"https:\/\/findfoodbank.org\/vi\/wp-json\/wp\/v2\/types\/page"}],"author":[{"embeddable":true,"href":"https:\/\/findfoodbank.org\/vi\/wp-json\/wp\/v2\/users\/15"}],"replies":[{"embeddable":true,"href":"https:\/\/findfoodbank.org\/vi\/wp-json\/wp\/v2\/comments?post=1916"}],"version-history":[{"count":40,"href":"https:\/\/findfoodbank.org\/vi\/wp-json\/wp\/v2\/pages\/1916\/revisions"}],"predecessor-version":[{"id":17019,"href":"https:\/\/findfoodbank.org\/vi\/wp-json\/wp\/v2\/pages\/1916\/revisions\/17019"}],"up":[{"embeddable":true,"href":"https:\/\/findfoodbank.org\/vi\/wp-json\/wp\/v2\/pages\/1295"}],"wp:featuredmedia":[{"embeddable":true,"href":"https:\/\/findfoodbank.org\/vi\/wp-json\/wp\/v2\/media\/12350"}],"wp:attachment":[{"href":"https:\/\/findfoodbank.org\/vi\/wp-json\/wp\/v2\/media?parent=1916"}],"curies":[{"name":"wp","href":"https:\/\/api.w.org\/{rel}","templated":true}]}}