{"id":1788,"date":"2021-06-23T23:01:16","date_gmt":"2021-06-23T23:01:16","guid":{"rendered":"http:\/\/findfoodbank.flywheelsites.com\/?page_id=1788"},"modified":"2023-09-26T19:12:28","modified_gmt":"2023-09-27T02:12:28","slug":"food-pantries-mobile-programs","status":"publish","type":"page","link":"https:\/\/findfoodbank.org\/vi\/programs-services\/food-pantries-mobile-programs\/","title":{"rendered":"Th\u1ef1c ph\u1ea9m v\u00e0 ch\u01b0\u01a1ng tr\u00ecnh di \u0111\u1ed9ng"},"content":{"rendered":"<div class=\"gb-container gb-container-784e78a6 alignfull\">\n<div class=\"gb-container gb-container-fc308c79\">\n<div class=\"gb-grid-wrapper gb-grid-wrapper-de841003\">\n<div class=\"gb-grid-column gb-grid-column-fc4f0b98\"><div class=\"gb-container gb-container-fc4f0b98\">\n\n<figure class=\"gb-block-image gb-block-image-cbdd9bef\"><img loading=\"lazy\" decoding=\"async\" width=\"600\" height=\"509\" class=\"gb-image gb-image-cbdd9bef\" src=\"https:\/\/findfoodbank.org\/wp-content\/uploads\/2021\/06\/Food_Pantries.jpg\" srcset=\"https:\/\/findfoodbank.org\/wp-content\/uploads\/2021\/06\/Food_Pantries.jpg 600w, https:\/\/findfoodbank.org\/wp-content\/uploads\/2021\/06\/Food_Pantries-300x255.jpg 300w, https:\/\/findfoodbank.org\/wp-content\/uploads\/2021\/06\/Food_Pantries-480x407.jpg 480w\" sizes=\"auto, (max-width: 600px) 100vw, 600px\" \/><\/figure>\n\n<\/div><\/div>\n\n<div class=\"gb-grid-column gb-grid-column-94d646ad\"><div class=\"gb-container gb-container-94d646ad\">\n\n<h5 class=\"gb-headline gb-headline-fca3d4a3 gb-headline-text\">Food Pantries &amp; Mobile Programs<\/h5>\n\n\n\n<p>T\u00ccM HI\u1ec2U Ph\u00e2n ph\u1ed1i Th\u1ecb tr\u01b0\u1eddng Di \u0111\u1ed9ng t\u1ea1i C\u1ed9ng \u0111\u1ed3ng c\u1ee7a Ng\u00e2n h\u00e0ng Th\u1ef1c ph\u1ea9m gi\u00fap ch\u00fang t\u00f4i ti\u1ebfp c\u1eadn \u201cNh\u1eefng Sa m\u1ea1c Th\u1ef1c ph\u1ea9m\u201d: nh\u1eefng c\u1ed9ng \u0111\u1ed3ng v\u00f9ng s\u00e2u v\u00f9ng xa, nh\u1eefng c\u1ed9ng \u0111\u1ed3ng kh\u00f4ng \u0111\u01b0\u1ee3c ph\u1ee5c v\u1ee5 \u0111\u1ea7y \u0111\u1ee7, thi\u1ebfu kh\u1ea3 n\u0103ng ti\u1ebfp c\u1eadn th\u01b0\u1eddng xuy\u00ean v\u1edbi th\u1ef1c ph\u1ea9m gi\u00e1 c\u1ea3 ph\u1ea3i ch\u0103ng. C\u00e1c Ch\u1ee3 Di \u0111\u1ed9ng C\u1ed9ng \u0111\u1ed3ng n\u00e0y c\u0169ng gi\u00fap \u0111\u1ea3m b\u1ea3o r\u1eb1ng t\u1ea5t c\u1ea3 nh\u1eefng ng\u01b0\u1eddi kh\u00f4ng an to\u00e0n v\u1ec1 th\u1ef1c ph\u1ea9m trong khu v\u1ef1c kinh doanh r\u1ed9ng 5.000 d\u1eb7m vu\u00f4ng c\u1ee7a ch\u00fang t\u00f4i \u0111\u1ec1u c\u00f3 quy\u1ec1n ti\u1ebfp c\u1eadn th\u1ef1c ph\u1ea9m m\u1ed9t c\u00e1ch c\u00f4ng b\u1eb1ng. <\/p>\n\n\n\n<p>Ch\u1ee3 Di \u0111\u1ed9ng c\u1ee7a FIND ph\u00e2n ph\u1ed1i th\u1ef1c ph\u1ea9m l\u00e0nh m\u1ea1nh mi\u1ec5n ph\u00ed, bao g\u1ed3m tr\u00e1i c\u00e2y t\u01b0\u01a1i v\u00e0 rau qu\u1ea3, \u0111\u1ec3 h\u1ed7 tr\u1ee3 vi\u1ec7c t\u1ea1o ra c\u00e1c b\u1eefa \u0103n l\u00e0nh m\u1ea1nh cho c\u00e1c c\u00e1 nh\u00e2n v\u00e0 gia \u0111\u00ecnh \u0111\u1ee7 \u0111i\u1ec1u ki\u1ec7n nh\u1eadn d\u1ecbch v\u1ee5. S\u1eed d\u1ee5ng ph\u1ea7n \u0103n \u0111\u01b0\u1ee3c \u0111\u1ec1 xu\u1ea5t c\u1ee7a USDA My Plate cho m\u1ed9t ch\u1ebf \u0111\u1ed9 \u0103n u\u1ed1ng c\u00e2n b\u1eb1ng g\u1ed3m tr\u00e1i c\u00e2y t\u01b0\u01a1i, rau, protein, s\u1eefa v\u00e0 ng\u0169 c\u1ed1c, Ch\u1ee3 di \u0111\u1ed9ng c\u1ed9ng \u0111\u1ed3ng mi\u1ec5n ph\u00ed c\u1ee7a ch\u00fang t\u00f4i cung c\u1ea5p nhi\u1ec1u l\u1ef1a ch\u1ecdn t\u1eeb m\u1ed7i danh m\u1ee5c n\u00e0y cho ph\u00e9p c\u00e1c gia \u0111\u00ecnh v\u00e0 c\u00e1 nh\u00e2n c\u00f3 th\u1ec3 t\u00f9y ch\u1ec9nh l\u1ef1a ch\u1ecdn c\u1ee7a h\u1ecd d\u1ef1a tr\u00ean nhu c\u1ea7u v\u0103n h\u00f3a, t\u00f4n gi\u00e1o v\u00e0 ch\u1ebf \u0111\u1ed9 \u0103n u\u1ed1ng c\u1ee7a h\u1ecd. <\/p>\n\n\n\n<p>Ph\u1ee5c v\u1ee5 nh\u1eefng nh\u00f3m d\u00e2n c\u01b0 d\u1ec5 b\u1ecb t\u1ed5n th\u01b0\u01a1ng nh\u1ea5t, kh\u00f4ng an to\u00e0n v\u1ec1 th\u1ef1c ph\u1ea9m c\u1ee7a ch\u00fang ta v\u1edbi ph\u1ea9m gi\u00e1, s\u1ef1 t\u00f4n tr\u1ecdng, s\u1ef1 hi\u1ec3u bi\u1ebft v\u00e0 l\u00f2ng tr\u1eafc \u1ea9n l\u00e0 c\u00e1ch FIND n\u00f3i r\u1eb1ng h\u1ecd quan t\u00e2m \u0111\u1ebfn t\u1ea5t c\u1ea3 m\u1ecdi ng\u01b0\u1eddi. <\/p>\n\n\n\n<p><a href=\"https:\/\/findfoodbank.org\/vi\/map\/\" target=\"_blank\" rel=\"noopener\">Nh\u1ea5p v\u00e0o \u0111\u00e2y \u0111\u1ec3 T\u00ccM \u0110\u1ecba \u0111i\u1ec3m, Ng\u00e0y v\u00e0 Th\u1eddi gian Ph\u00e2n ph\u1ed1i Th\u1ecb tr\u01b0\u1eddng Di \u0111\u1ed9ng.<\/a><\/p>\n\n<\/div><\/div>\n<\/div>\n<\/div>\n<\/div>\n\n<div class=\"gb-container gb-container-f01d1c79 alignfull\">\n<div class=\"gb-grid-wrapper gb-grid-wrapper-bd5291a0\">\n<div class=\"gb-grid-column gb-grid-column-9b9091ac\"><div class=\"gb-container gb-container-9b9091ac\">\n\n<h1 class=\"gb-headline gb-headline-2614a973 gb-headline-text\">\u0110\u1ed3 \u0103n th\u1ee9c \u0103n<\/h1>\n\n\n\n<h2 class=\"gb-headline gb-headline-1221e477 gb-headline-text\">Ph\u00e2n ph\u1ed1i H\u1ed7 tr\u1ee3 Th\u1ef1c ph\u1ea9m<\/h2>\n\n\n\n<p>C\u00f4ng vi\u1ec7c r\u1ea5t quan tr\u1ecdng l\u00e0 ph\u00e2n ph\u1ed1i h\u00e0ng ngh\u00ecn pound th\u1ef1c ph\u1ea9m \u0111\u01b0\u1ee3c th\u1ef1c hi\u1ec7n th\u00f4ng qua H\u1ec7 th\u1ed1ng ph\u00e2n ph\u1ed1i th\u1ecb tr\u01b0\u1eddng di \u0111\u1ed9ng c\u1ed9ng \u0111\u1ed3ng mi\u1ec5n ph\u00ed c\u1ee7a FIND Food Bank v\u00e0 m\u1ea1ng l\u01b0\u1edbi h\u01a1n 80 \u0111\u1ed1i t\u00e1c d\u1ef1a v\u00e0o c\u1ed9ng \u0111\u1ed3ng (FIND Food Bank Agency Network) c\u00f3 c\u00e1c t\u1ed5 ch\u1ee9c c\u00f3 c\u00e1c ch\u01b0\u01a1ng tr\u00ecnh \u0111\u1ed9c \u0111\u00e1o cho nh\u1eefng ng\u01b0\u1eddi h\u1ecd ph\u1ee5c v\u1ee5 (ng\u01b0\u1eddi v\u00f4 gia c\u01b0 nh\u00e0 t\u1ea1m tr\u00fa, b\u1ebfp \u0103n cho c\u1ed9ng \u0111\u1ed3ng v\u00e0 kho th\u1ef1c ph\u1ea9m). C\u00e1c ch\u01b0\u01a1ng tr\u00ecnh n\u00e0y ho\u1ea1t \u0111\u1ed9ng \u0111\u1ec3 chuy\u1ec3n c\u00e1c m\u1eb7t h\u00e0ng th\u1ef1c ph\u1ea9m mi\u1ec5n ph\u00ed d\u1ec5 h\u1ecfng v\u00e0 kh\u00f4ng d\u1ec5 h\u01b0 h\u1ecfng m\u1ed9t c\u00e1ch nhanh ch\u00f3ng \u0111\u1ebfn c\u00e1c gia \u0111\u00ecnh v\u00e0 c\u00e1 nh\u00e2n \u0111\u1ee7 \u0111i\u1ec1u ki\u1ec7n m\u1ed9t c\u00e1ch c\u00f4ng b\u1eb1ng tr\u00ean kh\u1eafp Sa m\u1ea1c c\u1ee7a ch\u00fang ta. T\u1ea1i nhi\u1ec1u \u0111\u1ecba \u0111i\u1ec3m, c\u00e1c d\u1ecbch v\u1ee5 h\u1ed7 tr\u1ee3 b\u1ed5 sung c\u0169ng \u0111\u01b0\u1ee3c cung c\u1ea5p.<\/p>\n\n\n\n<p>Ng\u00e2n h\u00e0ng th\u1ef1c ph\u1ea9m FIND cung c\u1ea5p <strong>75-100%<\/strong> ngu\u1ed3n cung c\u1ea5p th\u1ef1c ph\u1ea9m c\u1ee7a c\u00e1c c\u01a1 quan n\u00e0y, cho ph\u00e9p c\u00e1c t\u1ed5 ch\u1ee9c \u0111\u00f3 ph\u1ee5c v\u1ee5 kh\u00e1ch h\u00e0ng c\u1ee7a h\u1ecd t\u1ed1t h\u01a1n. H\u1ecd c\u1ea7n quan t\u00e2m \u0111\u1ebfn kh\u00e1ch h\u00e0ng c\u1ee7a m\u00ecnh tr\u01b0\u1edbc, trong khi ch\u00fang t\u00f4i lo th\u1ee9c \u0103n.<\/p>\n\n<\/div><\/div>\n\n<div class=\"gb-grid-column gb-grid-column-7be1c05b\"><div class=\"gb-container gb-container-7be1c05b\"><\/div><\/div>\n<\/div>\n<\/div>","protected":false},"excerpt":{"rendered":"","protected":false},"author":15,"featured_media":1817,"parent":1167,"menu_order":0,"comment_status":"closed","ping_status":"closed","template":"","meta":{"_monsterinsights_skip_tracking":false,"_monsterinsights_sitenote_active":false,"_monsterinsights_sitenote_note":"","_monsterinsights_sitenote_category":0,"_price":"","_stock":"","_tribe_ticket_header":"","_tribe_default_ticket_provider":"","_tribe_ticket_capacity":"0","_ticket_start_date":"","_ticket_end_date":"","_tribe_ticket_show_description":"","_tribe_ticket_show_not_going":false,"_tribe_ticket_use_global_stock":"","_tribe_ticket_global_stock_level":"","_global_stock_mode":"","_global_stock_cap":"","_tribe_rsvp_for_event":"","_tribe_ticket_going_count":"","_tribe_ticket_not_going_count":"","_tribe_tickets_list":"[]","_tribe_ticket_has_attendee_info_fields":false,"footnotes":"","_tec_slr_enabled":"","_tec_slr_layout":""},"class_list":["post-1788","page","type-page","status-publish","has-post-thumbnail","resize-featured-image"],"yoast_head":"<!-- This site is optimized with the Yoast SEO plugin v27.3 - https:\/\/yoast.com\/product\/yoast-seo-wordpress\/ -->\n<title>Food Pantries &amp; Mobile Programs, FIND Food Bank Pantries<\/title>\n<meta name=\"description\" content=\"FIND Food Bank\u2019s Community Mobile Market Distributions help us reach \u201cFood Deserts\u201d: remote, underserved communities that lack regular access to affordable food.\" \/>\n<meta name=\"robots\" content=\"index, follow, max-snippet:-1, max-image-preview:large, max-video-preview:-1\" \/>\n<link rel=\"canonical\" href=\"https:\/\/findfoodbank.org\/vi\/programs-services\/food-pantries-mobile-programs\/\" \/>\n<meta property=\"og:locale\" content=\"vi_VN\" \/>\n<meta property=\"og:type\" content=\"article\" \/>\n<meta property=\"og:title\" content=\"Food Pantries &amp; Mobile Programs, FIND Food Bank Pantries\" \/>\n<meta property=\"og:description\" content=\"FIND Food Bank\u2019s Community Mobile Market Distributions help us reach \u201cFood Deserts\u201d: remote, underserved communities that lack regular access to affordable food.\" \/>\n<meta property=\"og:url\" content=\"https:\/\/findfoodbank.org\/vi\/programs-services\/food-pantries-mobile-programs\/\" \/>\n<meta property=\"og:site_name\" content=\"FIND Food Bank\" \/>\n<meta property=\"article:modified_time\" content=\"2023-09-27T02:12:28+00:00\" \/>\n<meta property=\"og:image\" content=\"http:\/\/seodevsite.com\/foodbank\/wp-content\/uploads\/2021\/06\/Hero_Food_Pantries_Mobile_Programs.jpg\" \/>\n\t<meta property=\"og:image:width\" content=\"1600\" \/>\n\t<meta property=\"og:image:height\" content=\"447\" \/>\n\t<meta property=\"og:image:type\" content=\"image\/jpeg\" \/>\n<meta name=\"twitter:card\" content=\"summary_large_image\" \/>\n<meta name=\"twitter:label1\" content=\"\u01af\u1edbc t\u00ednh th\u1eddi gian \u0111\u1ecdc\" \/>\n\t<meta name=\"twitter:data1\" content=\"2 ph\u00fat\" \/>\n<script type=\"application\/ld+json\" class=\"yoast-schema-graph\">{\"@context\":\"https:\\\/\\\/schema.org\",\"@graph\":[{\"@type\":\"WebPage\",\"@id\":\"https:\\\/\\\/findfoodbank.org\\\/programs-services\\\/food-pantries-mobile-programs\\\/\",\"url\":\"https:\\\/\\\/findfoodbank.org\\\/programs-services\\\/food-pantries-mobile-programs\\\/\",\"name\":\"Food Pantries & Mobile Programs, FIND Food Bank Pantries\",\"isPartOf\":{\"@id\":\"https:\\\/\\\/findfoodbank.org\\\/#website\"},\"primaryImageOfPage\":{\"@id\":\"https:\\\/\\\/findfoodbank.org\\\/programs-services\\\/food-pantries-mobile-programs\\\/#primaryimage\"},\"image\":{\"@id\":\"https:\\\/\\\/findfoodbank.org\\\/programs-services\\\/food-pantries-mobile-programs\\\/#primaryimage\"},\"thumbnailUrl\":\"https:\\\/\\\/findfoodbank.org\\\/wp-content\\\/uploads\\\/2021\\\/06\\\/Hero_Food_Pantries_Mobile_Programs.jpg\",\"datePublished\":\"2021-06-23T23:01:16+00:00\",\"dateModified\":\"2023-09-27T02:12:28+00:00\",\"description\":\"FIND Food Bank\u2019s Community Mobile Market Distributions help us reach \u201cFood Deserts\u201d: remote, underserved communities that lack regular access to affordable food.\",\"breadcrumb\":{\"@id\":\"https:\\\/\\\/findfoodbank.org\\\/programs-services\\\/food-pantries-mobile-programs\\\/#breadcrumb\"},\"inLanguage\":\"vi\",\"potentialAction\":[{\"@type\":\"ReadAction\",\"target\":[\"https:\\\/\\\/findfoodbank.org\\\/programs-services\\\/food-pantries-mobile-programs\\\/\"]}]},{\"@type\":\"ImageObject\",\"inLanguage\":\"vi\",\"@id\":\"https:\\\/\\\/findfoodbank.org\\\/programs-services\\\/food-pantries-mobile-programs\\\/#primaryimage\",\"url\":\"https:\\\/\\\/findfoodbank.org\\\/wp-content\\\/uploads\\\/2021\\\/06\\\/Hero_Food_Pantries_Mobile_Programs.jpg\",\"contentUrl\":\"https:\\\/\\\/findfoodbank.org\\\/wp-content\\\/uploads\\\/2021\\\/06\\\/Hero_Food_Pantries_Mobile_Programs.jpg\",\"width\":1600,\"height\":447,\"caption\":\"Food Pantries & Mobile Programs\"},{\"@type\":\"BreadcrumbList\",\"@id\":\"https:\\\/\\\/findfoodbank.org\\\/programs-services\\\/food-pantries-mobile-programs\\\/#breadcrumb\",\"itemListElement\":[{\"@type\":\"ListItem\",\"position\":1,\"name\":\"Home\",\"item\":\"https:\\\/\\\/findfoodbank.org\\\/\"},{\"@type\":\"ListItem\",\"position\":2,\"name\":\"Programs &#038; Services\",\"item\":\"https:\\\/\\\/findfoodbank.org\\\/programs-services\\\/\"},{\"@type\":\"ListItem\",\"position\":3,\"name\":\"Food Pantries &#038; Mobile Programs\"}]},{\"@type\":\"WebSite\",\"@id\":\"https:\\\/\\\/findfoodbank.org\\\/#website\",\"url\":\"https:\\\/\\\/findfoodbank.org\\\/\",\"name\":\"FIND Food Bank\",\"description\":\"The Desert's Regional Food Bank\",\"publisher\":{\"@id\":\"https:\\\/\\\/findfoodbank.org\\\/#organization\"},\"potentialAction\":[{\"@type\":\"SearchAction\",\"target\":{\"@type\":\"EntryPoint\",\"urlTemplate\":\"https:\\\/\\\/findfoodbank.org\\\/?s={search_term_string}\"},\"query-input\":{\"@type\":\"PropertyValueSpecification\",\"valueRequired\":true,\"valueName\":\"search_term_string\"}}],\"inLanguage\":\"vi\"},{\"@type\":\"Organization\",\"@id\":\"https:\\\/\\\/findfoodbank.org\\\/#organization\",\"name\":\"FIND Food Bank\",\"url\":\"https:\\\/\\\/findfoodbank.org\\\/\",\"logo\":{\"@type\":\"ImageObject\",\"inLanguage\":\"vi\",\"@id\":\"https:\\\/\\\/findfoodbank.org\\\/#\\\/schema\\\/logo\\\/image\\\/\",\"url\":\"https:\\\/\\\/findfoodbank.org\\\/wp-content\\\/uploads\\\/2025\\\/09\\\/FIND-logo25-horizontal_4c.png\",\"contentUrl\":\"https:\\\/\\\/findfoodbank.org\\\/wp-content\\\/uploads\\\/2025\\\/09\\\/FIND-logo25-horizontal_4c.png\",\"width\":1189,\"height\":373,\"caption\":\"FIND Food Bank\"},\"image\":{\"@id\":\"https:\\\/\\\/findfoodbank.org\\\/#\\\/schema\\\/logo\\\/image\\\/\"}}]}<\/script>\n<!-- \/ Yoast SEO plugin. -->","yoast_head_json":{"title":"Food Pantries & Mobile Programs, FIND Food Bank Pantries","description":"FIND Food Bank\u2019s Community Mobile Market Distributions help us reach \u201cFood Deserts\u201d: remote, underserved communities that lack regular access to affordable food.","robots":{"index":"index","follow":"follow","max-snippet":"max-snippet:-1","max-image-preview":"max-image-preview:large","max-video-preview":"max-video-preview:-1"},"canonical":"https:\/\/findfoodbank.org\/vi\/programs-services\/food-pantries-mobile-programs\/","og_locale":"vi_VN","og_type":"article","og_title":"Food Pantries & Mobile Programs, FIND Food Bank Pantries","og_description":"FIND Food Bank\u2019s Community Mobile Market Distributions help us reach \u201cFood Deserts\u201d: remote, underserved communities that lack regular access to affordable food.","og_url":"https:\/\/findfoodbank.org\/vi\/programs-services\/food-pantries-mobile-programs\/","og_site_name":"FIND Food Bank","article_modified_time":"2023-09-27T02:12:28+00:00","og_image":[{"width":1600,"height":447,"url":"http:\/\/seodevsite.com\/foodbank\/wp-content\/uploads\/2021\/06\/Hero_Food_Pantries_Mobile_Programs.jpg","type":"image\/jpeg"}],"twitter_card":"summary_large_image","twitter_misc":{"\u01af\u1edbc t\u00ednh th\u1eddi gian \u0111\u1ecdc":"2 ph\u00fat"},"schema":{"@context":"https:\/\/schema.org","@graph":[{"@type":"WebPage","@id":"https:\/\/findfoodbank.org\/programs-services\/food-pantries-mobile-programs\/","url":"https:\/\/findfoodbank.org\/programs-services\/food-pantries-mobile-programs\/","name":"Food Pantries & Mobile Programs, FIND Food Bank Pantries","isPartOf":{"@id":"https:\/\/findfoodbank.org\/#website"},"primaryImageOfPage":{"@id":"https:\/\/findfoodbank.org\/programs-services\/food-pantries-mobile-programs\/#primaryimage"},"image":{"@id":"https:\/\/findfoodbank.org\/programs-services\/food-pantries-mobile-programs\/#primaryimage"},"thumbnailUrl":"https:\/\/findfoodbank.org\/wp-content\/uploads\/2021\/06\/Hero_Food_Pantries_Mobile_Programs.jpg","datePublished":"2021-06-23T23:01:16+00:00","dateModified":"2023-09-27T02:12:28+00:00","description":"FIND Food Bank\u2019s Community Mobile Market Distributions help us reach \u201cFood Deserts\u201d: remote, underserved communities that lack regular access to affordable food.","breadcrumb":{"@id":"https:\/\/findfoodbank.org\/programs-services\/food-pantries-mobile-programs\/#breadcrumb"},"inLanguage":"vi","potentialAction":[{"@type":"ReadAction","target":["https:\/\/findfoodbank.org\/programs-services\/food-pantries-mobile-programs\/"]}]},{"@type":"ImageObject","inLanguage":"vi","@id":"https:\/\/findfoodbank.org\/programs-services\/food-pantries-mobile-programs\/#primaryimage","url":"https:\/\/findfoodbank.org\/wp-content\/uploads\/2021\/06\/Hero_Food_Pantries_Mobile_Programs.jpg","contentUrl":"https:\/\/findfoodbank.org\/wp-content\/uploads\/2021\/06\/Hero_Food_Pantries_Mobile_Programs.jpg","width":1600,"height":447,"caption":"Food Pantries & Mobile Programs"},{"@type":"BreadcrumbList","@id":"https:\/\/findfoodbank.org\/programs-services\/food-pantries-mobile-programs\/#breadcrumb","itemListElement":[{"@type":"ListItem","position":1,"name":"Home","item":"https:\/\/findfoodbank.org\/"},{"@type":"ListItem","position":2,"name":"Programs &#038; Services","item":"https:\/\/findfoodbank.org\/programs-services\/"},{"@type":"ListItem","position":3,"name":"Food Pantries &#038; Mobile Programs"}]},{"@type":"WebSite","@id":"https:\/\/findfoodbank.org\/#website","url":"https:\/\/findfoodbank.org\/","name":"T\u00ccM Ng\u00e2n h\u00e0ng Th\u1ef1c ph\u1ea9m","description":"Ng\u00e2n h\u00e0ng l\u01b0\u01a1ng th\u1ef1c khu v\u1ef1c c\u1ee7a sa m\u1ea1c","publisher":{"@id":"https:\/\/findfoodbank.org\/#organization"},"potentialAction":[{"@type":"SearchAction","target":{"@type":"EntryPoint","urlTemplate":"https:\/\/findfoodbank.org\/?s={search_term_string}"},"query-input":{"@type":"PropertyValueSpecification","valueRequired":true,"valueName":"search_term_string"}}],"inLanguage":"vi"},{"@type":"Organization","@id":"https:\/\/findfoodbank.org\/#organization","name":"T\u00ccM Ng\u00e2n h\u00e0ng Th\u1ef1c ph\u1ea9m","url":"https:\/\/findfoodbank.org\/","logo":{"@type":"ImageObject","inLanguage":"vi","@id":"https:\/\/findfoodbank.org\/#\/schema\/logo\/image\/","url":"https:\/\/findfoodbank.org\/wp-content\/uploads\/2025\/09\/FIND-logo25-horizontal_4c.png","contentUrl":"https:\/\/findfoodbank.org\/wp-content\/uploads\/2025\/09\/FIND-logo25-horizontal_4c.png","width":1189,"height":373,"caption":"FIND Food Bank"},"image":{"@id":"https:\/\/findfoodbank.org\/#\/schema\/logo\/image\/"}}]}},"ticketed":false,"_links":{"self":[{"href":"https:\/\/findfoodbank.org\/vi\/wp-json\/wp\/v2\/pages\/1788","targetHints":{"allow":["GET"]}}],"collection":[{"href":"https:\/\/findfoodbank.org\/vi\/wp-json\/wp\/v2\/pages"}],"about":[{"href":"https:\/\/findfoodbank.org\/vi\/wp-json\/wp\/v2\/types\/page"}],"author":[{"embeddable":true,"href":"https:\/\/findfoodbank.org\/vi\/wp-json\/wp\/v2\/users\/15"}],"replies":[{"embeddable":true,"href":"https:\/\/findfoodbank.org\/vi\/wp-json\/wp\/v2\/comments?post=1788"}],"version-history":[{"count":11,"href":"https:\/\/findfoodbank.org\/vi\/wp-json\/wp\/v2\/pages\/1788\/revisions"}],"predecessor-version":[{"id":11982,"href":"https:\/\/findfoodbank.org\/vi\/wp-json\/wp\/v2\/pages\/1788\/revisions\/11982"}],"up":[{"embeddable":true,"href":"https:\/\/findfoodbank.org\/vi\/wp-json\/wp\/v2\/pages\/1167"}],"wp:featuredmedia":[{"embeddable":true,"href":"https:\/\/findfoodbank.org\/vi\/wp-json\/wp\/v2\/media\/1817"}],"wp:attachment":[{"href":"https:\/\/findfoodbank.org\/vi\/wp-json\/wp\/v2\/media?parent=1788"}],"curies":[{"name":"wp","href":"https:\/\/api.w.org\/{rel}","templated":true}]}}