{"id":1769,"date":"2021-06-23T22:39:50","date_gmt":"2021-06-23T22:39:50","guid":{"rendered":"http:\/\/findfoodbank.flywheelsites.com\/?page_id=1769"},"modified":"2026-01-06T16:28:38","modified_gmt":"2026-01-07T00:28:38","slug":"annual-reports-financials","status":"publish","type":"page","link":"https:\/\/findfoodbank.org\/vi\/about-us\/annual-reports-financials\/","title":{"rendered":"B\u00e1o c\u00e1o h\u00e0ng n\u0103m &amp; T\u00e0i ch\u00ednh"},"content":{"rendered":"<div class=\"gb-container gb-container-f9a5d004 alignfull\">\n<div class=\"gb-container gb-container-6586a353\">\n<div class=\"gb-grid-wrapper gb-grid-wrapper-e1268a19\">\n<div class=\"gb-grid-column gb-grid-column-3625ec92\"><div class=\"gb-container gb-container-3625ec92\">\n<nav style=\"color: #324452;\" class=\"has-text-color  is-vertical wp-block-navigation is-layout-flex wp-container-core-navigation-is-layout-8cf370e7 wp-block-navigation-is-layout-flex\" aria-label=\"About Us\"><ul style=\"color: #324452;\" class=\"wp-block-navigation__container has-text-color  is-vertical wp-block-navigation\"><li class=\"wp-block-navigation-item wp-block-navigation-link\"><a class=\"wp-block-navigation-item__content\"  href=\"https:\/\/findfoodbank.org\/vi\/about-us\/\"><span class=\"wp-block-navigation-item__label\">V\u1ec1 ch\u00fang t\u00f4i<\/span><\/a><\/li><li class=\"wp-block-navigation-item wp-block-navigation-link\"><a class=\"wp-block-navigation-item__content\"  href=\"https:\/\/findfoodbank.org\/vi\/what-we-do\/\"><span class=\"wp-block-navigation-item__label\">Ch\u00fang ta l\u00e0m g\u00ec<\/span><\/a><\/li><li class=\"wp-block-navigation-item wp-block-navigation-link\"><a class=\"wp-block-navigation-item__content\"  href=\"https:\/\/findfoodbank.org\/vi\/mission-vision\/\"><span class=\"wp-block-navigation-item__label\">Mission, Vision, Values<\/span><\/a><\/li><li class=\"wp-block-navigation-item wp-block-navigation-link\"><a class=\"wp-block-navigation-item__content\"  href=\"https:\/\/findfoodbank.org\/vi\/?page_id=13389\"><span class=\"wp-block-navigation-item__label\">Expansion<\/span><\/a><\/li><li class=\"wp-block-navigation-item wp-block-navigation-link\"><a class=\"wp-block-navigation-item__content\"  href=\"https:\/\/findfoodbank.org\/vi\/our-team\/\"><span class=\"wp-block-navigation-item__label\">\u0110\u1ed9i c\u1ee7a ch\u00fang t\u00f4i<\/span><\/a><\/li><li class=\"wp-block-navigation-item wp-block-navigation-link\"><a class=\"wp-block-navigation-item__content\"  href=\"https:\/\/findfoodbank.org\/vi\/locations\/\"><span class=\"wp-block-navigation-item__label\">Events<\/span><\/a><\/li><li class=\"wp-block-navigation-item wp-block-navigation-link\"><a class=\"wp-block-navigation-item__content\"  href=\"https:\/\/findfoodbank.org\/vi\/about-us\/hunger-in-our-community\/\"><span class=\"wp-block-navigation-item__label\">\u0110\u00f3i trong c\u1ed9ng \u0111\u1ed3ng c\u1ee7a ch\u00fang t\u00f4i<\/span><\/a><\/li><li class=\"wp-block-navigation-item wp-block-navigation-link\"><a class=\"wp-block-navigation-item__content\"  href=\"https:\/\/findfoodbank.org\/vi\/find-in-the-news\/\"><span class=\"wp-block-navigation-item__label\">FIND in the News<\/span><\/a><\/li><li class=\"wp-block-navigation-item wp-block-navigation-link\"><a class=\"wp-block-navigation-item__content\"  href=\"https:\/\/findfoodbank.org\/vi\/about-us\/annual-reports-financials\/\"><span class=\"wp-block-navigation-item__label\">B\u00e1o c\u00e1o h\u00e0ng n\u0103m &amp; T\u00e0i ch\u00ednh<\/span><\/a><\/li><li class=\"wp-block-navigation-item wp-block-navigation-link\"><a class=\"wp-block-navigation-item__content\"  href=\"https:\/\/findfoodbank.org\/vi\/annual-report-2021-22\/\"><span class=\"wp-block-navigation-item__label\">Annual Report 2022-23<\/span><\/a><\/li><li class=\"wp-block-navigation-item wp-block-navigation-link\"><a class=\"wp-block-navigation-item__content\"  href=\"https:\/\/findfoodbank.org\/vi\/history\/\"><span class=\"wp-block-navigation-item__label\">M\u00f4n l\u1ecbch s\u1eed<\/span><\/a><\/li><li class=\"wp-block-navigation-item wp-block-navigation-link\"><a class=\"wp-block-navigation-item__content\"  href=\"https:\/\/findfoodbank.org\/vi\/newsletter\/\"><span class=\"wp-block-navigation-item__label\">B\u1ea3n tin<\/span><\/a><\/li><\/ul><\/nav>\n<\/div><\/div>\n\n<div class=\"gb-grid-column gb-grid-column-c703dd42\"><div class=\"gb-container gb-container-c703dd42\">\n\n<h5 class=\"gb-headline gb-headline-95176519 gb-headline-text\">B\u00e1o c\u00e1o th\u01b0\u1eddng ni\u00ean<\/h5>\n\n\n\n<h2 class=\"gb-headline gb-headline-5e6ac861 gb-headline-text\">T\u00e1c \u0111\u1ed9ng b\u1edfi c\u00e1c con s\u1ed1<\/h2>\n\n\n\n<p>Ch\u00fang t\u00f4i \u0111\u00e1nh gi\u00e1 cao m\u1ed7i gi\u1edd, c\u00f3 th\u1ec3 v\u00e0 \u0111\u1ed3ng \u0111\u00f4 la \u0111\u01b0\u1ee3c quy\u00ean g\u00f3p \u0111\u1ec3 gi\u00fap \u0111\u1ea1t \u0111\u01b0\u1ee3c s\u1ee9 m\u1ec7nh cung c\u1ea5p th\u1ef1c ph\u1ea9m cho nh\u1eefng ng\u01b0\u1eddi \u0111\u00f3i trong c\u1ed9ng \u0111\u1ed3ng c\u1ee7a ch\u00fang t\u00f4i. M\u00f3n qu\u00e0 c\u1ee7a b\u1ea1n lu\u00f4n \u0111\u01b0\u1ee3c s\u1eed d\u1ee5ng m\u1ed9t c\u00e1ch hi\u1ec7u qu\u1ea3. C\u00e1c b\u00e1o c\u00e1o t\u00e0i ch\u00ednh \u0111\u00e3 \u0111\u01b0\u1ee3c ki\u1ec3m to\u00e1n g\u1ea7n \u0111\u00e2y nh\u1ea5t c\u1ee7a ch\u00fang t\u00f4i cho th\u1ea5y r\u1eb1ng 97,6% c\u1ee7a m\u1ed7i kho\u1ea3n \u0111\u00f3ng g\u00f3p s\u1ebd \u0111\u01b0\u1ee3c chuy\u1ec3n tr\u1ef1c ti\u1ebfp \u0111\u1ebfn c\u00e1c ch\u01b0\u01a1ng tr\u00ecnh c\u1ee7a Ng\u00e2n h\u00e0ng Th\u1ef1c ph\u1ea9m T\u00ccM KI\u1ebeM.<\/p>\n\n\n\n<h2 class=\"wp-block-heading\">T\u00ccM B\u00e1o c\u00e1o T\u00e0i ch\u00ednh<\/h2>\n\n\n\n<h4 class=\"wp-block-heading\"><strong>B\u00e1o c\u00e1o t\u00e0i ch\u00ednh<\/strong><\/h4>\n\n\n\n<ul class=\"wp-block-list\">\n<li><a href=\"https:\/\/findfoodbank.org\/wp-content\/uploads\/2025\/12\/FY-23-24-Financial-Statement.pdf\" target=\"_blank\" rel=\"noreferrer noopener\"><strong>FY23\/24 Financial Statements<\/strong><\/a><\/li>\n\n\n\n<li><strong><a href=\"https:\/\/findfoodbank.org\/wp-content\/uploads\/2024\/07\/2022-2023-FIND-Audited-Financial-Statement-full-report.pdf\" target=\"_blank\" rel=\"noreferrer noopener\">FY22\/23 Financial Statements<\/a><\/strong><\/li>\n\n\n\n<li><a href=\"https:\/\/findfoodbank.org\/wp-content\/uploads\/2023\/10\/2021-2022-FIND-Audited-Financial-Statement-full-report.pdf\" target=\"_blank\" rel=\"noreferrer noopener\"><strong>FY21\/22 Financial Statements<\/strong><\/a><\/li>\n\n\n\n<li><a href=\"https:\/\/findfoodbank.org\/wp-content\/uploads\/2023\/10\/2020-2021-FIND-Audited-Financial-Statement.pdf\"><strong>FY20\/21 Financial Statemen<\/strong><\/a><a href=\"https:\/\/findfoodbank.org\/wp-content\/uploads\/2023\/10\/2020-2021-FIND-Audited-Financial-Statement.pdf\" target=\"_blank\" rel=\"noreferrer noopener\"><strong>ts<\/strong><\/a><\/li>\n\n\n\n<li><strong><a data-feathr-click-track=\"true\" href=\"https:\/\/findfoodbank.org\/wp-content\/uploads\/2021\/08\/FY2021-Financial-Statements-FIND-Food-Bank.pdf\" rel=\"attachment wp-att-2935\">FY19\/20 Financial Statements<\/a><span style=\"font-family: ETmodules; color: #cb4c45;\"><\/span> <\/strong><\/li>\n\n\n\n<li><a data-feathr-click-track=\"true\" href=\"https:\/\/findfoodbank.org\/wp-content\/uploads\/2021\/09\/FY1819-Financial-Statements.pdf\" rel=\"attachment wp-att-3497\"><strong>FY18\/19 Financial Statements<\/strong><\/a><\/li>\n<\/ul>\n\n\n\n<hr class=\"wp-block-separator has-alpha-channel-opacity\"\/>\n\n\n\n<h4 class=\"wp-block-heading\"><strong>Form 990 &#8211; Public Disclosure<\/strong><\/h4>\n\n\n\n<ul class=\"wp-block-list\">\n<li><a href=\"https:\/\/findfoodbank.org\/wp-content\/uploads\/2025\/12\/FY-23-24-990s.pdf\" target=\"_blank\" rel=\"noreferrer noopener\"><strong>FY23\/24 990&#8217;s<\/strong><\/a><\/li>\n\n\n\n<li><strong><a href=\"https:\/\/findfoodbank.org\/wp-content\/uploads\/2024\/07\/FIND-2022-Form-990-Public-Disclosure-Copy.pdf\" target=\"_blank\" rel=\"noreferrer noopener\">FY22\/23 990&#8217;s<\/a><\/strong><\/li>\n\n\n\n<li><a href=\"https:\/\/findfoodbank.org\/wp-content\/uploads\/2023\/10\/2021-2022-Form-990-Public-Disclosure-Version.pdf\" target=\"_blank\" rel=\"noreferrer noopener\"><strong>FY21\/22 990\u2019s<\/strong><\/a><\/li>\n\n\n\n<li><a href=\"https:\/\/findfoodbank.org\/wp-content\/uploads\/2023\/10\/2020-2021-IRS-Form-990-Public-Disclosure-version.pdf\" target=\"_blank\" rel=\"noreferrer noopener\"><strong>FY20\/21 990\u2019s<\/strong><\/a><\/li>\n\n\n\n<li><a data-feathr-click-track=\"true\" href=\"https:\/\/findfoodbank.org\/wp-content\/uploads\/2021\/09\/FY1920-990s.pdf\" rel=\"attachment wp-att-3499\"><strong>FY19\/20 990\u2019s<\/strong><\/a><\/li>\n\n\n\n<li><strong><a data-feathr-click-track=\"true\" href=\"https:\/\/findfoodbank.org\/wp-content\/uploads\/2021\/09\/FY1819-990s.pdf\" rel=\"attachment wp-att-3500\">FY18\/19 990\u2019s<\/a> <\/strong><\/li>\n\n\n\n<li><a href=\"https:\/\/findfoodbank.org\/wp-content\/uploads\/2022\/05\/FY1718-990s.pdf\" rel=\"attachment wp-att-7047\"><strong>FY17\/18 990&#8217;s<\/strong><\/a><\/li>\n<\/ul>\n\n\n\n<hr class=\"wp-block-separator has-alpha-channel-opacity\"\/>\n\n\n\n<h4 class=\"wp-block-heading\"><strong>T\u00ccM c\u00e1c b\u00e1o c\u00e1o h\u00e0ng n\u0103m<\/strong><\/h4>\n\n\n\n<ul class=\"wp-block-list\">\n<li><strong><a href=\"https:\/\/findfoodbank.org\/vi\/annual-report-2022-2023\/\">2023 Annual Report<\/a><\/strong><\/li>\n\n\n\n<li><a href=\"https:\/\/findfoodbank.org\/vi\/annual-report-2021-22\/\"><strong>2022 Annual Report<\/strong><\/a><\/li>\n\n\n\n<li><a href=\"https:\/\/findfoodbank.org\/vi\/annualreport2020-21\/\"><strong>2021 Annual Report<\/strong><\/a><\/li>\n\n\n\n<li><a href=\"https:\/\/findfoodbank.org\/wp-content\/uploads\/2021\/11\/2020-Annual-Report.pdf\" target=\"_blank\" rel=\"noreferrer noopener\"><strong>B\u00e1o c\u00e1o th\u01b0\u1eddng ni\u00ean n\u0103m 2020<\/strong><\/a><\/li>\n<\/ul>\n\n\n\n<hr class=\"wp-block-separator has-alpha-channel-opacity\"\/>\n\n<\/div><\/div>\n<\/div>\n<\/div>\n<\/div>","protected":false},"excerpt":{"rendered":"","protected":false},"author":15,"featured_media":13117,"parent":1301,"menu_order":0,"comment_status":"closed","ping_status":"closed","template":"","meta":{"_monsterinsights_skip_tracking":false,"_monsterinsights_sitenote_active":false,"_monsterinsights_sitenote_note":"","_monsterinsights_sitenote_category":0,"_price":"","_stock":"","_tribe_ticket_header":"","_tribe_default_ticket_provider":"","_tribe_ticket_capacity":"0","_ticket_start_date":"","_ticket_end_date":"","_tribe_ticket_show_description":"","_tribe_ticket_show_not_going":false,"_tribe_ticket_use_global_stock":"","_tribe_ticket_global_stock_level":"","_global_stock_mode":"","_global_stock_cap":"","_tribe_rsvp_for_event":"","_tribe_ticket_going_count":"","_tribe_ticket_not_going_count":"","_tribe_tickets_list":"[]","_tribe_ticket_has_attendee_info_fields":false,"footnotes":"","_tec_slr_enabled":"","_tec_slr_layout":""},"class_list":["post-1769","page","type-page","status-publish","has-post-thumbnail","resize-featured-image"],"yoast_head":"<!-- This site is optimized with the Yoast SEO plugin v27.3 - https:\/\/yoast.com\/product\/yoast-seo-wordpress\/ -->\n<title>Annual Reports &amp; Financials FIND Food Bank Coachella Valley<\/title>\n<meta name=\"description\" content=\"We appreciate every hour, can, and dollar donated to help achieve our mission of providing food for hungry people in our community.\" \/>\n<meta name=\"robots\" content=\"index, follow, max-snippet:-1, max-image-preview:large, max-video-preview:-1\" \/>\n<link rel=\"canonical\" href=\"https:\/\/findfoodbank.org\/vi\/about-us\/annual-reports-financials\/\" \/>\n<meta property=\"og:locale\" content=\"vi_VN\" \/>\n<meta property=\"og:type\" content=\"article\" \/>\n<meta property=\"og:title\" content=\"Annual Reports &amp; Financials FIND Food Bank Coachella Valley\" \/>\n<meta property=\"og:description\" content=\"We appreciate every hour, can, and dollar donated to help achieve our mission of providing food for hungry people in our community.\" \/>\n<meta property=\"og:url\" content=\"https:\/\/findfoodbank.org\/vi\/about-us\/annual-reports-financials\/\" \/>\n<meta property=\"og:site_name\" content=\"FIND Food Bank\" \/>\n<meta property=\"article:modified_time\" content=\"2026-01-07T00:28:38+00:00\" \/>\n<meta property=\"og:image\" content=\"https:\/\/findfoodbank.org\/wp-content\/uploads\/2024\/02\/DSC00227-scaled.jpg\" \/>\n\t<meta property=\"og:image:width\" content=\"2560\" \/>\n\t<meta property=\"og:image:height\" content=\"1707\" \/>\n\t<meta property=\"og:image:type\" content=\"image\/jpeg\" \/>\n<meta name=\"twitter:card\" content=\"summary_large_image\" \/>\n<meta name=\"twitter:label1\" content=\"\u01af\u1edbc t\u00ednh th\u1eddi gian \u0111\u1ecdc\" \/>\n\t<meta name=\"twitter:data1\" content=\"1 ph\u00fat\" \/>\n<script type=\"application\/ld+json\" class=\"yoast-schema-graph\">{\"@context\":\"https:\\\/\\\/schema.org\",\"@graph\":[{\"@type\":\"WebPage\",\"@id\":\"https:\\\/\\\/findfoodbank.org\\\/about-us\\\/annual-reports-financials\\\/\",\"url\":\"https:\\\/\\\/findfoodbank.org\\\/about-us\\\/annual-reports-financials\\\/\",\"name\":\"Annual Reports & Financials FIND Food Bank Coachella Valley\",\"isPartOf\":{\"@id\":\"https:\\\/\\\/findfoodbank.org\\\/#website\"},\"primaryImageOfPage\":{\"@id\":\"https:\\\/\\\/findfoodbank.org\\\/about-us\\\/annual-reports-financials\\\/#primaryimage\"},\"image\":{\"@id\":\"https:\\\/\\\/findfoodbank.org\\\/about-us\\\/annual-reports-financials\\\/#primaryimage\"},\"thumbnailUrl\":\"https:\\\/\\\/findfoodbank.org\\\/wp-content\\\/uploads\\\/2024\\\/02\\\/DSC00227-scaled.jpg\",\"datePublished\":\"2021-06-23T22:39:50+00:00\",\"dateModified\":\"2026-01-07T00:28:38+00:00\",\"description\":\"We appreciate every hour, can, and dollar donated to help achieve our mission of providing food for hungry people in our community.\",\"breadcrumb\":{\"@id\":\"https:\\\/\\\/findfoodbank.org\\\/about-us\\\/annual-reports-financials\\\/#breadcrumb\"},\"inLanguage\":\"vi\",\"potentialAction\":[{\"@type\":\"ReadAction\",\"target\":[\"https:\\\/\\\/findfoodbank.org\\\/about-us\\\/annual-reports-financials\\\/\"]}]},{\"@type\":\"ImageObject\",\"inLanguage\":\"vi\",\"@id\":\"https:\\\/\\\/findfoodbank.org\\\/about-us\\\/annual-reports-financials\\\/#primaryimage\",\"url\":\"https:\\\/\\\/findfoodbank.org\\\/wp-content\\\/uploads\\\/2024\\\/02\\\/DSC00227-scaled.jpg\",\"contentUrl\":\"https:\\\/\\\/findfoodbank.org\\\/wp-content\\\/uploads\\\/2024\\\/02\\\/DSC00227-scaled.jpg\",\"width\":2560,\"height\":1707,\"caption\":\"Volunteers\"},{\"@type\":\"BreadcrumbList\",\"@id\":\"https:\\\/\\\/findfoodbank.org\\\/about-us\\\/annual-reports-financials\\\/#breadcrumb\",\"itemListElement\":[{\"@type\":\"ListItem\",\"position\":1,\"name\":\"Home\",\"item\":\"https:\\\/\\\/findfoodbank.org\\\/\"},{\"@type\":\"ListItem\",\"position\":2,\"name\":\"About Us\",\"item\":\"https:\\\/\\\/findfoodbank.org\\\/about-us\\\/\"},{\"@type\":\"ListItem\",\"position\":3,\"name\":\"Annual Reports &#038; Financials\"}]},{\"@type\":\"WebSite\",\"@id\":\"https:\\\/\\\/findfoodbank.org\\\/#website\",\"url\":\"https:\\\/\\\/findfoodbank.org\\\/\",\"name\":\"FIND Food Bank\",\"description\":\"The Desert's Regional Food Bank\",\"publisher\":{\"@id\":\"https:\\\/\\\/findfoodbank.org\\\/#organization\"},\"potentialAction\":[{\"@type\":\"SearchAction\",\"target\":{\"@type\":\"EntryPoint\",\"urlTemplate\":\"https:\\\/\\\/findfoodbank.org\\\/?s={search_term_string}\"},\"query-input\":{\"@type\":\"PropertyValueSpecification\",\"valueRequired\":true,\"valueName\":\"search_term_string\"}}],\"inLanguage\":\"vi\"},{\"@type\":\"Organization\",\"@id\":\"https:\\\/\\\/findfoodbank.org\\\/#organization\",\"name\":\"FIND Food Bank\",\"url\":\"https:\\\/\\\/findfoodbank.org\\\/\",\"logo\":{\"@type\":\"ImageObject\",\"inLanguage\":\"vi\",\"@id\":\"https:\\\/\\\/findfoodbank.org\\\/#\\\/schema\\\/logo\\\/image\\\/\",\"url\":\"https:\\\/\\\/findfoodbank.org\\\/wp-content\\\/uploads\\\/2025\\\/09\\\/FIND-logo25-horizontal_4c.png\",\"contentUrl\":\"https:\\\/\\\/findfoodbank.org\\\/wp-content\\\/uploads\\\/2025\\\/09\\\/FIND-logo25-horizontal_4c.png\",\"width\":1189,\"height\":373,\"caption\":\"FIND Food Bank\"},\"image\":{\"@id\":\"https:\\\/\\\/findfoodbank.org\\\/#\\\/schema\\\/logo\\\/image\\\/\"}}]}<\/script>\n<!-- \/ Yoast SEO plugin. -->","yoast_head_json":{"title":"Annual Reports & Financials FIND Food Bank Coachella Valley","description":"We appreciate every hour, can, and dollar donated to help achieve our mission of providing food for hungry people in our community.","robots":{"index":"index","follow":"follow","max-snippet":"max-snippet:-1","max-image-preview":"max-image-preview:large","max-video-preview":"max-video-preview:-1"},"canonical":"https:\/\/findfoodbank.org\/vi\/about-us\/annual-reports-financials\/","og_locale":"vi_VN","og_type":"article","og_title":"Annual Reports & Financials FIND Food Bank Coachella Valley","og_description":"We appreciate every hour, can, and dollar donated to help achieve our mission of providing food for hungry people in our community.","og_url":"https:\/\/findfoodbank.org\/vi\/about-us\/annual-reports-financials\/","og_site_name":"FIND Food Bank","article_modified_time":"2026-01-07T00:28:38+00:00","og_image":[{"width":2560,"height":1707,"url":"https:\/\/findfoodbank.org\/wp-content\/uploads\/2024\/02\/DSC00227-scaled.jpg","type":"image\/jpeg"}],"twitter_card":"summary_large_image","twitter_misc":{"\u01af\u1edbc t\u00ednh th\u1eddi gian \u0111\u1ecdc":"1 ph\u00fat"},"schema":{"@context":"https:\/\/schema.org","@graph":[{"@type":"WebPage","@id":"https:\/\/findfoodbank.org\/about-us\/annual-reports-financials\/","url":"https:\/\/findfoodbank.org\/about-us\/annual-reports-financials\/","name":"Annual Reports & Financials FIND Food Bank Coachella Valley","isPartOf":{"@id":"https:\/\/findfoodbank.org\/#website"},"primaryImageOfPage":{"@id":"https:\/\/findfoodbank.org\/about-us\/annual-reports-financials\/#primaryimage"},"image":{"@id":"https:\/\/findfoodbank.org\/about-us\/annual-reports-financials\/#primaryimage"},"thumbnailUrl":"https:\/\/findfoodbank.org\/wp-content\/uploads\/2024\/02\/DSC00227-scaled.jpg","datePublished":"2021-06-23T22:39:50+00:00","dateModified":"2026-01-07T00:28:38+00:00","description":"We appreciate every hour, can, and dollar donated to help achieve our mission of providing food for hungry people in our community.","breadcrumb":{"@id":"https:\/\/findfoodbank.org\/about-us\/annual-reports-financials\/#breadcrumb"},"inLanguage":"vi","potentialAction":[{"@type":"ReadAction","target":["https:\/\/findfoodbank.org\/about-us\/annual-reports-financials\/"]}]},{"@type":"ImageObject","inLanguage":"vi","@id":"https:\/\/findfoodbank.org\/about-us\/annual-reports-financials\/#primaryimage","url":"https:\/\/findfoodbank.org\/wp-content\/uploads\/2024\/02\/DSC00227-scaled.jpg","contentUrl":"https:\/\/findfoodbank.org\/wp-content\/uploads\/2024\/02\/DSC00227-scaled.jpg","width":2560,"height":1707,"caption":"Volunteers"},{"@type":"BreadcrumbList","@id":"https:\/\/findfoodbank.org\/about-us\/annual-reports-financials\/#breadcrumb","itemListElement":[{"@type":"ListItem","position":1,"name":"Home","item":"https:\/\/findfoodbank.org\/"},{"@type":"ListItem","position":2,"name":"About Us","item":"https:\/\/findfoodbank.org\/about-us\/"},{"@type":"ListItem","position":3,"name":"Annual Reports &#038; Financials"}]},{"@type":"WebSite","@id":"https:\/\/findfoodbank.org\/#website","url":"https:\/\/findfoodbank.org\/","name":"T\u00ccM Ng\u00e2n h\u00e0ng Th\u1ef1c ph\u1ea9m","description":"Ng\u00e2n h\u00e0ng l\u01b0\u01a1ng th\u1ef1c khu v\u1ef1c c\u1ee7a sa m\u1ea1c","publisher":{"@id":"https:\/\/findfoodbank.org\/#organization"},"potentialAction":[{"@type":"SearchAction","target":{"@type":"EntryPoint","urlTemplate":"https:\/\/findfoodbank.org\/?s={search_term_string}"},"query-input":{"@type":"PropertyValueSpecification","valueRequired":true,"valueName":"search_term_string"}}],"inLanguage":"vi"},{"@type":"Organization","@id":"https:\/\/findfoodbank.org\/#organization","name":"T\u00ccM Ng\u00e2n h\u00e0ng Th\u1ef1c ph\u1ea9m","url":"https:\/\/findfoodbank.org\/","logo":{"@type":"ImageObject","inLanguage":"vi","@id":"https:\/\/findfoodbank.org\/#\/schema\/logo\/image\/","url":"https:\/\/findfoodbank.org\/wp-content\/uploads\/2025\/09\/FIND-logo25-horizontal_4c.png","contentUrl":"https:\/\/findfoodbank.org\/wp-content\/uploads\/2025\/09\/FIND-logo25-horizontal_4c.png","width":1189,"height":373,"caption":"FIND Food Bank"},"image":{"@id":"https:\/\/findfoodbank.org\/#\/schema\/logo\/image\/"}}]}},"ticketed":false,"_links":{"self":[{"href":"https:\/\/findfoodbank.org\/vi\/wp-json\/wp\/v2\/pages\/1769","targetHints":{"allow":["GET"]}}],"collection":[{"href":"https:\/\/findfoodbank.org\/vi\/wp-json\/wp\/v2\/pages"}],"about":[{"href":"https:\/\/findfoodbank.org\/vi\/wp-json\/wp\/v2\/types\/page"}],"author":[{"embeddable":true,"href":"https:\/\/findfoodbank.org\/vi\/wp-json\/wp\/v2\/users\/15"}],"replies":[{"embeddable":true,"href":"https:\/\/findfoodbank.org\/vi\/wp-json\/wp\/v2\/comments?post=1769"}],"version-history":[{"count":38,"href":"https:\/\/findfoodbank.org\/vi\/wp-json\/wp\/v2\/pages\/1769\/revisions"}],"predecessor-version":[{"id":17768,"href":"https:\/\/findfoodbank.org\/vi\/wp-json\/wp\/v2\/pages\/1769\/revisions\/17768"}],"up":[{"embeddable":true,"href":"https:\/\/findfoodbank.org\/vi\/wp-json\/wp\/v2\/pages\/1301"}],"wp:featuredmedia":[{"embeddable":true,"href":"https:\/\/findfoodbank.org\/vi\/wp-json\/wp\/v2\/media\/13117"}],"wp:attachment":[{"href":"https:\/\/findfoodbank.org\/vi\/wp-json\/wp\/v2\/media?parent=1769"}],"curies":[{"name":"wp","href":"https:\/\/api.w.org\/{rel}","templated":true}]}}