{"id":1717,"date":"2021-06-17T23:44:24","date_gmt":"2021-06-17T23:44:24","guid":{"rendered":"http:\/\/findfoodbank.flywheelsites.com\/?page_id=1717"},"modified":"2024-09-20T11:57:07","modified_gmt":"2024-09-20T18:57:07","slug":"employee-engagement","status":"publish","type":"page","link":"https:\/\/findfoodbank.org\/vi\/get-involved\/corporate-support\/employee-engagement\/","title":{"rendered":"S\u1ef1 tham gia c\u1ee7a ng\u01b0\u1eddi lao \u0111\u1ed9ng"},"content":{"rendered":"<div class=\"gb-container gb-container-808c909e alignfull\">\n<div class=\"gb-container gb-container-528aa905\">\n<div class=\"gb-grid-wrapper gb-grid-wrapper-a8d05cf5\">\n<div class=\"gb-grid-column gb-grid-column-f2624395\"><div class=\"gb-container gb-container-f2624395\">\n<nav style=\"color: #324452;\" class=\"has-text-color  is-vertical wp-block-navigation is-layout-flex wp-container-core-navigation-is-layout-8cf370e7 wp-block-navigation-is-layout-flex\" aria-label=\"H\u1ed7 tr\u1ee3 doanh nghi\u1ec7p\"><ul style=\"color: #324452;\" class=\"wp-block-navigation__container has-text-color  is-vertical wp-block-navigation\"><li class=\"wp-block-navigation-item wp-block-navigation-link\"><a class=\"wp-block-navigation-item__content\"  href=\"https:\/\/findfoodbank.org\/vi\/get-involved\/food-donations\/\"><span class=\"wp-block-navigation-item__label\">Quy\u00ean g\u00f3p th\u1ef1c ph\u1ea9m<\/span><\/a><\/li><li class=\"wp-block-navigation-item wp-block-navigation-link\"><a class=\"wp-block-navigation-item__content\"  href=\"https:\/\/findfoodbank.org\/vi\/virtual-food-drive\/\"><span class=\"wp-block-navigation-item__label\">Virtual Food Drive<\/span><\/a><\/li><li class=\"wp-block-navigation-item wp-block-navigation-link\"><a class=\"wp-block-navigation-item__content\"  href=\"https:\/\/findfoodbank.org\/vi\/get-involved\/financial-support\/\"><span class=\"wp-block-navigation-item__label\">H\u1ed7 tr\u1ee3 t\u00e0i ch\u00ednh<\/span><\/a><\/li><li class=\"wp-block-navigation-item wp-block-navigation-link\"><a class=\"wp-block-navigation-item__content\"  href=\"https:\/\/findfoodbank.org\/vi\/get-involved\/corporate-support\/food-industry-donations\/\"><span class=\"wp-block-navigation-item__label\">C\u00e1c kho\u1ea3n quy\u00ean g\u00f3p cho ng\u00e0nh c\u00f4ng nghi\u1ec7p th\u1ef1c ph\u1ea9m<\/span><\/a><\/li><li class=\"wp-block-navigation-item wp-block-navigation-link\"><a class=\"wp-block-navigation-item__content\"  href=\"https:\/\/findfoodbank.org\/vi\/get-involved\/corporate-support\/corporate-financial-support\/\"><span class=\"wp-block-navigation-item__label\">H\u1ed7 tr\u1ee3 t\u00e0i ch\u00ednh doanh nghi\u1ec7p<\/span><\/a><\/li><li class=\"wp-block-navigation-item wp-block-navigation-link\"><a class=\"wp-block-navigation-item__content\"  href=\"https:\/\/findfoodbank.org\/vi\/get-involved\/corporate-support\/corporate-recognition\/\"><span class=\"wp-block-navigation-item__label\">C\u00f4ng nh\u1eadn doanh nghi\u1ec7p<\/span><\/a><\/li><li class=\"wp-block-navigation-item wp-block-navigation-link\"><a class=\"wp-block-navigation-item__content\"  href=\"https:\/\/findfoodbank.org\/vi\/get-involved\/corporate-support\/cause-marketing-partnerships\/\"><span class=\"wp-block-navigation-item__label\">Nguy\u00ean nh\u00e2n quan h\u1ec7 \u0111\u1ed1i t\u00e1c ti\u1ebfp th\u1ecb<\/span><\/a><\/li><li class=\"wp-block-navigation-item wp-block-navigation-link\"><a class=\"wp-block-navigation-item__content\"  href=\"https:\/\/findfoodbank.org\/vi\/get-involved\/corporate-support\/employee-engagement\/\"><span class=\"wp-block-navigation-item__label\">S\u1ef1 tham gia c\u1ee7a ng\u01b0\u1eddi lao \u0111\u1ed9ng<\/span><\/a><\/li><li class=\"wp-block-navigation-item wp-block-navigation-link\"><a class=\"wp-block-navigation-item__content\"  href=\"https:\/\/findfoodbank.org\/vi\/shoptogive\/\"><span class=\"wp-block-navigation-item__label\">Mua s\u1eafm \u0111\u1ec3 t\u1eb7ng<\/span><\/a><\/li><li class=\"wp-block-navigation-item wp-block-navigation-link\"><a class=\"wp-block-navigation-item__content\"  href=\"https:\/\/findfoodbank.org\/vi\/donor-policy\/\"><span class=\"wp-block-navigation-item__label\">Ch\u00ednh s\u00e1ch nh\u00e0 t\u00e0i tr\u1ee3<\/span><\/a><\/li><\/ul><\/nav>\n<\/div><\/div>\n\n<div class=\"gb-grid-column gb-grid-column-b1d93f7d\"><div class=\"gb-container gb-container-b1d93f7d\">\n\n<h5 class=\"gb-headline gb-headline-d538dea7 gb-headline-text\">S\u1ef1 tham gia c\u1ee7a ng\u01b0\u1eddi lao \u0111\u1ed9ng<\/h5>\n\n\n\n<p>FIND Food Bank cung c\u1ea5p nhi\u1ec1u c\u01a1 h\u1ed9i kh\u00e1c nhau cho nh\u00f3m c\u00f4ng ty c\u1ee7a b\u1ea1n \u0111\u1ec3 h\u00e0nh \u0111\u1ed9ng ch\u1ed1ng l\u1ea1i n\u1ea1n \u0111\u00f3i v\u00e0 h\u00ecnh th\u00e0nh m\u1ed1i quan h\u1ec7 b\u1ec1n ch\u1eb7t h\u01a1n trong qu\u00e1 tr\u00ecnh n\u00e0y. C\u00e1c ho\u1ea1t \u0111\u1ed9ng n\u00e0y c\u00f3 th\u1ec3 di\u1ec5n ra t\u1ea1i c\u01a1 s\u1edf c\u1ee7a ch\u00fang t\u00f4i, t\u1ea1i v\u0103n ph\u00f2ng ho\u1eb7c t\u1ea1i c\u00e1c s\u1ef1 ki\u1ec7n c\u1ee7a ch\u00fang t\u00f4i.<\/p>\n\n<\/div><\/div>\n<\/div>\n<\/div>\n\n<div class=\"gb-container gb-container-4f035e7d\">\n<div class=\"gb-grid-wrapper gb-grid-wrapper-ecef6dbe\">\n<div class=\"gb-grid-column gb-grid-column-834367cd\"><div class=\"gb-container gb-container-834367cd\">\n\n<figure class=\"gb-block-image gb-block-image-a968ec41\"><img loading=\"lazy\" decoding=\"async\" width=\"2560\" height=\"1920\" class=\"gb-image gb-image-a968ec41\" src=\"https:\/\/findfoodbank.org\/wp-content\/uploads\/2024\/05\/IMG_1495-scaled.jpg\" alt=\"\" title=\"IMG_1495\" srcset=\"https:\/\/findfoodbank.org\/wp-content\/uploads\/2024\/05\/IMG_1495-scaled.jpg 2560w, https:\/\/findfoodbank.org\/wp-content\/uploads\/2024\/05\/IMG_1495-300x225.jpg 300w, https:\/\/findfoodbank.org\/wp-content\/uploads\/2024\/05\/IMG_1495-1024x768.jpg 1024w, https:\/\/findfoodbank.org\/wp-content\/uploads\/2024\/05\/IMG_1495-768x576.jpg 768w, https:\/\/findfoodbank.org\/wp-content\/uploads\/2024\/05\/IMG_1495-50x38.jpg 50w, https:\/\/findfoodbank.org\/wp-content\/uploads\/2024\/05\/IMG_1495-1600x1200.jpg 1600w, https:\/\/findfoodbank.org\/wp-content\/uploads\/2024\/05\/IMG_1495-1536x1152.jpg 1536w, https:\/\/findfoodbank.org\/wp-content\/uploads\/2024\/05\/IMG_1495-2048x1536.jpg 2048w, https:\/\/findfoodbank.org\/wp-content\/uploads\/2024\/05\/IMG_1495-16x12.jpg 16w\" sizes=\"auto, (max-width: 2560px) 100vw, 2560px\" \/><\/figure>\n\n<\/div><\/div>\n\n<div class=\"gb-grid-column gb-grid-column-d5adafde\"><div class=\"gb-container gb-container-d5adafde\">\n\n<h5 class=\"gb-headline gb-headline-542aa23b gb-headline-text\">T\u00ecnh nguy\u1ec7n vi\u00ean<\/h5>\n\n\n\n<p>C\u00e1c c\u00e1 nh\u00e2n v\u00e0 nh\u00f3m t\u00ecnh nguy\u1ec7n h\u00e0ng n\u0103m cung c\u1ea5p c\u00e1c b\u1eefa \u0103n dinh d\u01b0\u1ee1ng \u0111\u1ec3 gi\u00fap h\u00e0ng x\u00f3m c\u1ee7a h\u1ecd \u0111\u00e1p \u1ee9ng c\u00e1c nhu c\u1ea7u c\u01a1 b\u1ea3n c\u1ee7a h\u1ecd. Ch\u00fang t\u00f4i c\u00f3 c\u01a1 h\u1ed9i \u0111\u1ec3 ph\u00f9 h\u1ee3p v\u1edbi m\u1ecdi l\u1ecbch tr\u00ecnh, bao g\u1ed3m c\u1ea3 c\u00e1c l\u1ef1a ch\u1ecdn ban ng\u00e0y, bu\u1ed5i t\u1ed1i v\u00e0 cu\u1ed1i tu\u1ea7n. Ch\u00fang bao g\u1ed3m c\u00e1c bu\u1ed5i ph\u00e2n lo\u1ea1i t\u1ea1i c\u01a1 s\u1edf c\u1ee7a ch\u00fang t\u00f4i, c\u00e1c c\u01a1 h\u1ed9i ph\u00e2n ph\u1ed1i v\u00e0 c\u00e1c s\u1ef1 ki\u1ec7n \u0111\u1eb7c bi\u1ec7t trong c\u1ed9ng \u0111\u1ed3ng. T\u00ecm hi\u1ec3u th\u00eam v\u1ec1 c\u00e1c c\u01a1 h\u1ed9i t\u00ecnh nguy\u1ec7n c\u1ee7a ch\u00fang t\u00f4i.<\/p>\n\n\n\n<a class=\"gb-button gb-button-c0f5ee48 gb-button-text\" href=\"https:\/\/findfoodbank.org\/vi\/volunteer-opportunities\/\">C\u01a1 h\u1ed9i t\u00ecnh nguy\u1ec7n<\/a>\n\n<\/div><\/div>\n\n<div class=\"gb-grid-column gb-grid-column-1630579f\"><div class=\"gb-container gb-container-1630579f\">\n\n<h5 class=\"gb-headline gb-headline-23288d79 gb-headline-text\">Food Drives &amp; FIND Food Bins<\/h5>\n\n\n\n<p>H\u00e3y h\u00e0nh \u0111\u1ed9ng \u0111\u1ec3 h\u1ed7 tr\u1ee3 c\u1ed9ng \u0111\u1ed3ng c\u1ee7a ch\u00fang t\u00f4i b\u1eb1ng c\u00e1ch y\u00eau c\u1ea7u FIND th\u00f9ng \u0111\u1ef1ng th\u1ef1c ph\u1ea9m \u0111\u1ec3 gi\u1eef t\u1ea1i n\u01a1i l\u00e0m vi\u1ec7c, kh\u00f4ng gian c\u1ed9ng \u0111\u1ed3ng, s\u1ef1 ki\u1ec7n, v.v. B\u1ea1n c\u00f3 th\u1ec3 ki\u1ec3m tra m\u1ed9t th\u00f9ng trong th\u1eddi gian d\u00e0i \u0111\u1ec3 t\u1ed5 ch\u1ee9c m\u1ed9t \u0111\u1ee3t th\u1ef1c ph\u1ea9m to\u00e0n c\u00f4ng ty ho\u1eb7c khuy\u1ebfn kh\u00edch \u0111\u00f3ng g\u00f3p t\u1eeb nh\u1eefng kh\u00e1ch h\u00e0ng quen trong n\u0103m- v\u00f2ng. Sau khi (c\u00e1c) th\u00f9ng c\u1ee7a b\u1ea1n \u0111\u1ea7y, h\u00e3y g\u1ecdi <strong><a href=\"tel:+7607753663\">760-775-3663<\/a> ext. 117<\/strong> to schedule a pick-up. Our warehouse team will collect the bins, bring the food to sort in our warehouse, and return them upon request. Host a company-wide food drive to bring your team together in the fight to end hunger together. Visit our Donate Foods page for details on how to get started.<\/p>\n\n\n\n<a class=\"gb-button gb-button-3cc63f77 gb-button-text\" href=\"https:\/\/findfoodbank.org\/vi\/get-involved\/donate-foods\/\">Quy\u00ean g\u00f3p th\u1ef1c ph\u1ea9m<\/a>\n\n<\/div><\/div>\n\n<div class=\"gb-grid-column gb-grid-column-68381792\"><div class=\"gb-container gb-container-68381792\">\n\n<figure class=\"gb-block-image gb-block-image-c530cc3e\"><img loading=\"lazy\" decoding=\"async\" width=\"600\" height=\"482\" class=\"gb-image gb-image-c530cc3e\" src=\"https:\/\/findfoodbank.org\/wp-content\/uploads\/2021\/06\/Employee_Engagement_food_bins.jpg\" srcset=\"https:\/\/findfoodbank.org\/wp-content\/uploads\/2021\/06\/Employee_Engagement_food_bins.jpg 600w, https:\/\/findfoodbank.org\/wp-content\/uploads\/2021\/06\/Employee_Engagement_food_bins-300x241.jpg 300w, https:\/\/findfoodbank.org\/wp-content\/uploads\/2021\/06\/Employee_Engagement_food_bins-480x386.jpg 480w\" sizes=\"auto, (max-width: 600px) 100vw, 600px\" \/><\/figure>\n\n<\/div><\/div>\n\n<div class=\"gb-grid-column gb-grid-column-c5839b51\"><div class=\"gb-container gb-container-c5839b51\">\n\n<figure class=\"gb-block-image gb-block-image-58055185\"><img loading=\"lazy\" decoding=\"async\" width=\"600\" height=\"398\" class=\"gb-image gb-image-58055185\" src=\"https:\/\/findfoodbank.org\/wp-content\/uploads\/2021\/06\/Employee_Engagement_events.jpg\" srcset=\"https:\/\/findfoodbank.org\/wp-content\/uploads\/2021\/06\/Employee_Engagement_events.jpg 600w, https:\/\/findfoodbank.org\/wp-content\/uploads\/2021\/06\/Employee_Engagement_events-300x199.jpg 300w, https:\/\/findfoodbank.org\/wp-content\/uploads\/2021\/06\/Employee_Engagement_events-480x318.jpg 480w\" sizes=\"auto, (max-width: 600px) 100vw, 600px\" \/><\/figure>\n\n<\/div><\/div>\n\n<div class=\"gb-grid-column gb-grid-column-e03df031\"><div class=\"gb-container gb-container-e03df031\">\n\n<h5 class=\"gb-headline gb-headline-301b6ce9 gb-headline-text\">S\u1ef1 ki\u1ec7n t\u00f9y ch\u1ec9nh<\/h5>\n\n\n\n<p>C\u00e1c nh\u00f3m c\u00f4ng ty \u0111\u01b0\u1ee3c khuy\u1ebfn kh\u00edch tham gia v\u1edbi FIND v\u00e0 c\u00e1c c\u1ed9ng \u0111\u1ed3ng m\u00e0 ch\u00fang t\u00f4i ph\u1ee5c v\u1ee5 theo nhi\u1ec1u c\u00e1ch kh\u00e1c nhau. Nh\u00f3m c\u1ee7a b\u1ea1n c\u00f3 th\u1ec3 s\u1eed d\u1ee5ng c\u01a1 s\u1edf v\u1eadt ch\u1ea5t c\u1ee7a ch\u00fang t\u00f4i cho c\u00e1c kh\u00f3a tu, h\u1ecdp h\u1ed9i \u0111\u1ed3ng qu\u1ea3n tr\u1ecb v\u00e0 c\u00e1c ho\u1ea1t \u0111\u1ed9ng x\u00e2y d\u1ef1ng nh\u00f3m. C\u00e1c c\u00f4ng ty th\u01b0\u1eddng \u0111\u00f3ng g\u00f3p cho T\u00ccM trong s\u1ef1 ki\u1ec7n t\u00f9y ch\u1ec9nh c\u1ee7a h\u1ecd \u0111\u1ec3 gi\u00fap b\u00f9 \u0111\u1eafp chi ph\u00ed ho\u1ea1t \u0111\u1ed9ng c\u1ee7a ch\u00fang t\u00f4i.<\/p>\n\n<\/div><\/div>\n<\/div>\n<\/div>\n<\/div>","protected":false},"excerpt":{"rendered":"","protected":false},"author":15,"featured_media":13704,"parent":1408,"menu_order":0,"comment_status":"closed","ping_status":"closed","template":"","meta":{"_monsterinsights_skip_tracking":false,"_monsterinsights_sitenote_active":false,"_monsterinsights_sitenote_note":"","_monsterinsights_sitenote_category":0,"_price":"","_stock":"","_tribe_ticket_header":"","_tribe_default_ticket_provider":"","_tribe_ticket_capacity":"0","_ticket_start_date":"","_ticket_end_date":"","_tribe_ticket_show_description":"","_tribe_ticket_show_not_going":false,"_tribe_ticket_use_global_stock":"","_tribe_ticket_global_stock_level":"","_global_stock_mode":"","_global_stock_cap":"","_tribe_rsvp_for_event":"","_tribe_ticket_going_count":"","_tribe_ticket_not_going_count":"","_tribe_tickets_list":"[]","_tribe_ticket_has_attendee_info_fields":false,"footnotes":"","_tec_slr_enabled":"","_tec_slr_layout":""},"class_list":["post-1717","page","type-page","status-publish","has-post-thumbnail","resize-featured-image"],"yoast_head":"<!-- This site is optimized with the Yoast SEO plugin v27.3 - https:\/\/yoast.com\/product\/yoast-seo-wordpress\/ -->\n<title>Employee Engagement FIND Food Bank, Help For Hunger<\/title>\n<meta name=\"description\" content=\"FIND Food Bank offers a variety of opportunities for your corporate group to take action against hunger and form a stronger bond,\" \/>\n<meta name=\"robots\" content=\"index, follow, max-snippet:-1, max-image-preview:large, max-video-preview:-1\" \/>\n<link rel=\"canonical\" href=\"https:\/\/findfoodbank.org\/vi\/get-involved\/corporate-support\/employee-engagement\/\" \/>\n<meta property=\"og:locale\" content=\"vi_VN\" \/>\n<meta property=\"og:type\" content=\"article\" \/>\n<meta property=\"og:title\" content=\"Employee Engagement FIND Food Bank, Help For Hunger\" \/>\n<meta property=\"og:description\" content=\"FIND Food Bank offers a variety of opportunities for your corporate group to take action against hunger and form a stronger bond,\" \/>\n<meta property=\"og:url\" content=\"https:\/\/findfoodbank.org\/vi\/get-involved\/corporate-support\/employee-engagement\/\" \/>\n<meta property=\"og:site_name\" content=\"FIND Food Bank\" \/>\n<meta property=\"article:modified_time\" content=\"2024-09-20T18:57:07+00:00\" \/>\n<meta property=\"og:image\" content=\"https:\/\/findfoodbank.org\/wp-content\/uploads\/2024\/05\/IMG_9255-scaled.jpg\" \/>\n\t<meta property=\"og:image:width\" content=\"2560\" \/>\n\t<meta property=\"og:image:height\" content=\"1754\" \/>\n\t<meta property=\"og:image:type\" content=\"image\/jpeg\" \/>\n<meta name=\"twitter:card\" content=\"summary_large_image\" \/>\n<meta name=\"twitter:label1\" content=\"\u01af\u1edbc t\u00ednh th\u1eddi gian \u0111\u1ecdc\" \/>\n\t<meta name=\"twitter:data1\" content=\"2 ph\u00fat\" \/>\n<script type=\"application\/ld+json\" class=\"yoast-schema-graph\">{\"@context\":\"https:\\\/\\\/schema.org\",\"@graph\":[{\"@type\":\"WebPage\",\"@id\":\"https:\\\/\\\/findfoodbank.org\\\/get-involved\\\/corporate-support\\\/employee-engagement\\\/\",\"url\":\"https:\\\/\\\/findfoodbank.org\\\/get-involved\\\/corporate-support\\\/employee-engagement\\\/\",\"name\":\"Employee Engagement FIND Food Bank, Help For Hunger\",\"isPartOf\":{\"@id\":\"https:\\\/\\\/findfoodbank.org\\\/#website\"},\"primaryImageOfPage\":{\"@id\":\"https:\\\/\\\/findfoodbank.org\\\/get-involved\\\/corporate-support\\\/employee-engagement\\\/#primaryimage\"},\"image\":{\"@id\":\"https:\\\/\\\/findfoodbank.org\\\/get-involved\\\/corporate-support\\\/employee-engagement\\\/#primaryimage\"},\"thumbnailUrl\":\"https:\\\/\\\/findfoodbank.org\\\/wp-content\\\/uploads\\\/2024\\\/05\\\/IMG_9255-scaled.jpg\",\"datePublished\":\"2021-06-17T23:44:24+00:00\",\"dateModified\":\"2024-09-20T18:57:07+00:00\",\"description\":\"FIND Food Bank offers a variety of opportunities for your corporate group to take action against hunger and form a stronger bond,\",\"breadcrumb\":{\"@id\":\"https:\\\/\\\/findfoodbank.org\\\/get-involved\\\/corporate-support\\\/employee-engagement\\\/#breadcrumb\"},\"inLanguage\":\"vi\",\"potentialAction\":[{\"@type\":\"ReadAction\",\"target\":[\"https:\\\/\\\/findfoodbank.org\\\/get-involved\\\/corporate-support\\\/employee-engagement\\\/\"]}]},{\"@type\":\"ImageObject\",\"inLanguage\":\"vi\",\"@id\":\"https:\\\/\\\/findfoodbank.org\\\/get-involved\\\/corporate-support\\\/employee-engagement\\\/#primaryimage\",\"url\":\"https:\\\/\\\/findfoodbank.org\\\/wp-content\\\/uploads\\\/2024\\\/05\\\/IMG_9255-scaled.jpg\",\"contentUrl\":\"https:\\\/\\\/findfoodbank.org\\\/wp-content\\\/uploads\\\/2024\\\/05\\\/IMG_9255-scaled.jpg\",\"width\":2560,\"height\":1754},{\"@type\":\"BreadcrumbList\",\"@id\":\"https:\\\/\\\/findfoodbank.org\\\/get-involved\\\/corporate-support\\\/employee-engagement\\\/#breadcrumb\",\"itemListElement\":[{\"@type\":\"ListItem\",\"position\":1,\"name\":\"Home\",\"item\":\"https:\\\/\\\/findfoodbank.org\\\/\"},{\"@type\":\"ListItem\",\"position\":2,\"name\":\"Get Involved\",\"item\":\"https:\\\/\\\/findfoodbank.org\\\/get-involved\\\/\"},{\"@type\":\"ListItem\",\"position\":3,\"name\":\"Corporate Support\",\"item\":\"https:\\\/\\\/findfoodbank.org\\\/get-involved\\\/corporate-support\\\/\"},{\"@type\":\"ListItem\",\"position\":4,\"name\":\"Employee Engagement\"}]},{\"@type\":\"WebSite\",\"@id\":\"https:\\\/\\\/findfoodbank.org\\\/#website\",\"url\":\"https:\\\/\\\/findfoodbank.org\\\/\",\"name\":\"FIND Food Bank\",\"description\":\"The Desert's Regional Food Bank\",\"publisher\":{\"@id\":\"https:\\\/\\\/findfoodbank.org\\\/#organization\"},\"potentialAction\":[{\"@type\":\"SearchAction\",\"target\":{\"@type\":\"EntryPoint\",\"urlTemplate\":\"https:\\\/\\\/findfoodbank.org\\\/?s={search_term_string}\"},\"query-input\":{\"@type\":\"PropertyValueSpecification\",\"valueRequired\":true,\"valueName\":\"search_term_string\"}}],\"inLanguage\":\"vi\"},{\"@type\":\"Organization\",\"@id\":\"https:\\\/\\\/findfoodbank.org\\\/#organization\",\"name\":\"FIND Food Bank\",\"url\":\"https:\\\/\\\/findfoodbank.org\\\/\",\"logo\":{\"@type\":\"ImageObject\",\"inLanguage\":\"vi\",\"@id\":\"https:\\\/\\\/findfoodbank.org\\\/#\\\/schema\\\/logo\\\/image\\\/\",\"url\":\"https:\\\/\\\/findfoodbank.org\\\/wp-content\\\/uploads\\\/2025\\\/09\\\/FIND-logo25-horizontal_4c.png\",\"contentUrl\":\"https:\\\/\\\/findfoodbank.org\\\/wp-content\\\/uploads\\\/2025\\\/09\\\/FIND-logo25-horizontal_4c.png\",\"width\":1189,\"height\":373,\"caption\":\"FIND Food Bank\"},\"image\":{\"@id\":\"https:\\\/\\\/findfoodbank.org\\\/#\\\/schema\\\/logo\\\/image\\\/\"}}]}<\/script>\n<!-- \/ Yoast SEO plugin. -->","yoast_head_json":{"title":"Employee Engagement FIND Food Bank, Help For Hunger","description":"FIND Food Bank offers a variety of opportunities for your corporate group to take action against hunger and form a stronger bond,","robots":{"index":"index","follow":"follow","max-snippet":"max-snippet:-1","max-image-preview":"max-image-preview:large","max-video-preview":"max-video-preview:-1"},"canonical":"https:\/\/findfoodbank.org\/vi\/get-involved\/corporate-support\/employee-engagement\/","og_locale":"vi_VN","og_type":"article","og_title":"Employee Engagement FIND Food Bank, Help For Hunger","og_description":"FIND Food Bank offers a variety of opportunities for your corporate group to take action against hunger and form a stronger bond,","og_url":"https:\/\/findfoodbank.org\/vi\/get-involved\/corporate-support\/employee-engagement\/","og_site_name":"FIND Food Bank","article_modified_time":"2024-09-20T18:57:07+00:00","og_image":[{"width":2560,"height":1754,"url":"https:\/\/findfoodbank.org\/wp-content\/uploads\/2024\/05\/IMG_9255-scaled.jpg","type":"image\/jpeg"}],"twitter_card":"summary_large_image","twitter_misc":{"\u01af\u1edbc t\u00ednh th\u1eddi gian \u0111\u1ecdc":"2 ph\u00fat"},"schema":{"@context":"https:\/\/schema.org","@graph":[{"@type":"WebPage","@id":"https:\/\/findfoodbank.org\/get-involved\/corporate-support\/employee-engagement\/","url":"https:\/\/findfoodbank.org\/get-involved\/corporate-support\/employee-engagement\/","name":"Employee Engagement FIND Food Bank, Help For Hunger","isPartOf":{"@id":"https:\/\/findfoodbank.org\/#website"},"primaryImageOfPage":{"@id":"https:\/\/findfoodbank.org\/get-involved\/corporate-support\/employee-engagement\/#primaryimage"},"image":{"@id":"https:\/\/findfoodbank.org\/get-involved\/corporate-support\/employee-engagement\/#primaryimage"},"thumbnailUrl":"https:\/\/findfoodbank.org\/wp-content\/uploads\/2024\/05\/IMG_9255-scaled.jpg","datePublished":"2021-06-17T23:44:24+00:00","dateModified":"2024-09-20T18:57:07+00:00","description":"FIND Food Bank offers a variety of opportunities for your corporate group to take action against hunger and form a stronger bond,","breadcrumb":{"@id":"https:\/\/findfoodbank.org\/get-involved\/corporate-support\/employee-engagement\/#breadcrumb"},"inLanguage":"vi","potentialAction":[{"@type":"ReadAction","target":["https:\/\/findfoodbank.org\/get-involved\/corporate-support\/employee-engagement\/"]}]},{"@type":"ImageObject","inLanguage":"vi","@id":"https:\/\/findfoodbank.org\/get-involved\/corporate-support\/employee-engagement\/#primaryimage","url":"https:\/\/findfoodbank.org\/wp-content\/uploads\/2024\/05\/IMG_9255-scaled.jpg","contentUrl":"https:\/\/findfoodbank.org\/wp-content\/uploads\/2024\/05\/IMG_9255-scaled.jpg","width":2560,"height":1754},{"@type":"BreadcrumbList","@id":"https:\/\/findfoodbank.org\/get-involved\/corporate-support\/employee-engagement\/#breadcrumb","itemListElement":[{"@type":"ListItem","position":1,"name":"Home","item":"https:\/\/findfoodbank.org\/"},{"@type":"ListItem","position":2,"name":"Get Involved","item":"https:\/\/findfoodbank.org\/get-involved\/"},{"@type":"ListItem","position":3,"name":"Corporate Support","item":"https:\/\/findfoodbank.org\/get-involved\/corporate-support\/"},{"@type":"ListItem","position":4,"name":"Employee Engagement"}]},{"@type":"WebSite","@id":"https:\/\/findfoodbank.org\/#website","url":"https:\/\/findfoodbank.org\/","name":"T\u00ccM Ng\u00e2n h\u00e0ng Th\u1ef1c ph\u1ea9m","description":"Ng\u00e2n h\u00e0ng l\u01b0\u01a1ng th\u1ef1c khu v\u1ef1c c\u1ee7a sa m\u1ea1c","publisher":{"@id":"https:\/\/findfoodbank.org\/#organization"},"potentialAction":[{"@type":"SearchAction","target":{"@type":"EntryPoint","urlTemplate":"https:\/\/findfoodbank.org\/?s={search_term_string}"},"query-input":{"@type":"PropertyValueSpecification","valueRequired":true,"valueName":"search_term_string"}}],"inLanguage":"vi"},{"@type":"Organization","@id":"https:\/\/findfoodbank.org\/#organization","name":"T\u00ccM Ng\u00e2n h\u00e0ng Th\u1ef1c ph\u1ea9m","url":"https:\/\/findfoodbank.org\/","logo":{"@type":"ImageObject","inLanguage":"vi","@id":"https:\/\/findfoodbank.org\/#\/schema\/logo\/image\/","url":"https:\/\/findfoodbank.org\/wp-content\/uploads\/2025\/09\/FIND-logo25-horizontal_4c.png","contentUrl":"https:\/\/findfoodbank.org\/wp-content\/uploads\/2025\/09\/FIND-logo25-horizontal_4c.png","width":1189,"height":373,"caption":"FIND Food Bank"},"image":{"@id":"https:\/\/findfoodbank.org\/#\/schema\/logo\/image\/"}}]}},"ticketed":false,"_links":{"self":[{"href":"https:\/\/findfoodbank.org\/vi\/wp-json\/wp\/v2\/pages\/1717","targetHints":{"allow":["GET"]}}],"collection":[{"href":"https:\/\/findfoodbank.org\/vi\/wp-json\/wp\/v2\/pages"}],"about":[{"href":"https:\/\/findfoodbank.org\/vi\/wp-json\/wp\/v2\/types\/page"}],"author":[{"embeddable":true,"href":"https:\/\/findfoodbank.org\/vi\/wp-json\/wp\/v2\/users\/15"}],"replies":[{"embeddable":true,"href":"https:\/\/findfoodbank.org\/vi\/wp-json\/wp\/v2\/comments?post=1717"}],"version-history":[{"count":14,"href":"https:\/\/findfoodbank.org\/vi\/wp-json\/wp\/v2\/pages\/1717\/revisions"}],"predecessor-version":[{"id":14487,"href":"https:\/\/findfoodbank.org\/vi\/wp-json\/wp\/v2\/pages\/1717\/revisions\/14487"}],"up":[{"embeddable":true,"href":"https:\/\/findfoodbank.org\/vi\/wp-json\/wp\/v2\/pages\/1408"}],"wp:featuredmedia":[{"embeddable":true,"href":"https:\/\/findfoodbank.org\/vi\/wp-json\/wp\/v2\/media\/13704"}],"wp:attachment":[{"href":"https:\/\/findfoodbank.org\/vi\/wp-json\/wp\/v2\/media?parent=1717"}],"curies":[{"name":"wp","href":"https:\/\/api.w.org\/{rel}","templated":true}]}}