{"id":1618,"date":"2021-06-17T03:27:14","date_gmt":"2021-06-17T03:27:14","guid":{"rendered":"http:\/\/findfoodbank.flywheelsites.com\/?page_id=1618"},"modified":"2025-07-09T11:41:01","modified_gmt":"2025-07-09T18:41:01","slug":"corporate-recognition","status":"publish","type":"page","link":"https:\/\/findfoodbank.org\/vi\/get-involved\/corporate-support\/corporate-recognition\/","title":{"rendered":"C\u00f4ng nh\u1eadn doanh nghi\u1ec7p"},"content":{"rendered":"<div class=\"gb-container gb-container-3c078a11 alignfull\">\n<div class=\"gb-container gb-container-dd54d82d\">\n<div class=\"gb-grid-wrapper gb-grid-wrapper-21af335f\">\n<div class=\"gb-grid-column gb-grid-column-474516bc\"><div class=\"gb-container gb-container-474516bc\">\n<nav style=\"color: #324452;\" class=\"has-text-color  is-vertical wp-block-navigation is-layout-flex wp-container-core-navigation-is-layout-8cf370e7 wp-block-navigation-is-layout-flex\" aria-label=\"H\u1ed7 tr\u1ee3 doanh nghi\u1ec7p\"><ul style=\"color: #324452;\" class=\"wp-block-navigation__container has-text-color  is-vertical wp-block-navigation\"><li class=\"wp-block-navigation-item wp-block-navigation-link\"><a class=\"wp-block-navigation-item__content\"  href=\"https:\/\/findfoodbank.org\/vi\/get-involved\/food-donations\/\"><span class=\"wp-block-navigation-item__label\">Quy\u00ean g\u00f3p th\u1ef1c ph\u1ea9m<\/span><\/a><\/li><li class=\"wp-block-navigation-item wp-block-navigation-link\"><a class=\"wp-block-navigation-item__content\"  href=\"https:\/\/findfoodbank.org\/vi\/virtual-food-drive\/\"><span class=\"wp-block-navigation-item__label\">Virtual Food Drive<\/span><\/a><\/li><li class=\"wp-block-navigation-item wp-block-navigation-link\"><a class=\"wp-block-navigation-item__content\"  href=\"https:\/\/findfoodbank.org\/vi\/get-involved\/financial-support\/\"><span class=\"wp-block-navigation-item__label\">H\u1ed7 tr\u1ee3 t\u00e0i ch\u00ednh<\/span><\/a><\/li><li class=\"wp-block-navigation-item wp-block-navigation-link\"><a class=\"wp-block-navigation-item__content\"  href=\"https:\/\/findfoodbank.org\/vi\/get-involved\/corporate-support\/food-industry-donations\/\"><span class=\"wp-block-navigation-item__label\">C\u00e1c kho\u1ea3n quy\u00ean g\u00f3p cho ng\u00e0nh c\u00f4ng nghi\u1ec7p th\u1ef1c ph\u1ea9m<\/span><\/a><\/li><li class=\"wp-block-navigation-item wp-block-navigation-link\"><a class=\"wp-block-navigation-item__content\"  href=\"https:\/\/findfoodbank.org\/vi\/get-involved\/corporate-support\/corporate-financial-support\/\"><span class=\"wp-block-navigation-item__label\">H\u1ed7 tr\u1ee3 t\u00e0i ch\u00ednh doanh nghi\u1ec7p<\/span><\/a><\/li><li class=\"wp-block-navigation-item wp-block-navigation-link\"><a class=\"wp-block-navigation-item__content\"  href=\"https:\/\/findfoodbank.org\/vi\/get-involved\/corporate-support\/corporate-recognition\/\"><span class=\"wp-block-navigation-item__label\">C\u00f4ng nh\u1eadn doanh nghi\u1ec7p<\/span><\/a><\/li><li class=\"wp-block-navigation-item wp-block-navigation-link\"><a class=\"wp-block-navigation-item__content\"  href=\"https:\/\/findfoodbank.org\/vi\/get-involved\/corporate-support\/cause-marketing-partnerships\/\"><span class=\"wp-block-navigation-item__label\">Nguy\u00ean nh\u00e2n quan h\u1ec7 \u0111\u1ed1i t\u00e1c ti\u1ebfp th\u1ecb<\/span><\/a><\/li><li class=\"wp-block-navigation-item wp-block-navigation-link\"><a class=\"wp-block-navigation-item__content\"  href=\"https:\/\/findfoodbank.org\/vi\/get-involved\/corporate-support\/employee-engagement\/\"><span class=\"wp-block-navigation-item__label\">S\u1ef1 tham gia c\u1ee7a ng\u01b0\u1eddi lao \u0111\u1ed9ng<\/span><\/a><\/li><li class=\"wp-block-navigation-item wp-block-navigation-link\"><a class=\"wp-block-navigation-item__content\"  href=\"https:\/\/findfoodbank.org\/vi\/shoptogive\/\"><span class=\"wp-block-navigation-item__label\">Mua s\u1eafm \u0111\u1ec3 t\u1eb7ng<\/span><\/a><\/li><li class=\"wp-block-navigation-item wp-block-navigation-link\"><a class=\"wp-block-navigation-item__content\"  href=\"https:\/\/findfoodbank.org\/vi\/donor-policy\/\"><span class=\"wp-block-navigation-item__label\">Ch\u00ednh s\u00e1ch nh\u00e0 t\u00e0i tr\u1ee3<\/span><\/a><\/li><\/ul><\/nav>\n<\/div><\/div>\n\n<div class=\"gb-grid-column gb-grid-column-d9f8d1e7\"><div class=\"gb-container gb-container-d9f8d1e7\">\n\n<h5 class=\"gb-headline gb-headline-784ce73a gb-headline-text\">C\u00f4ng nh\u1eadn doanh nghi\u1ec7p<\/h5>\n\n\n\n<p>C\u00e1c \u0111\u1ed1i t\u00e1c c\u00f4ng ty c\u1ee7a ch\u00fang t\u00f4i \u0111\u00f3ng vai tr\u00f2 thi\u1ebft y\u1ebfu trong s\u1ee9 m\u1ec7nh ch\u1ea5m d\u1ee9t n\u1ea1n \u0111\u00f3i \u1edf v\u00f9ng sa m\u1ea1c. Th\u00f4ng qua c\u00e1c ho\u1ea1t \u0111\u1ed9ng quy\u00ean g\u00f3p, tr\u1ee3 c\u1ea5p th\u1ef1c ph\u1ea9m v\u00e0 h\u1ed7 tr\u1ee3 t\u00e0i ch\u00ednh, quy\u00ean g\u00f3p b\u1eb1ng hi\u1ec7n v\u1eadt, ho\u1ea1t \u0111\u1ed9ng t\u00ecnh nguy\u1ec7n, t\u00e0i tr\u1ee3 s\u1ef1 ki\u1ec7n v\u00e0 qu\u00e0 t\u1eb7ng ph\u00f9 h\u1ee3p, c\u00e1c \u0111\u1ed1i t\u00e1c c\u1ee7a ch\u00fang t\u00f4i cung c\u1ea5p h\u1ed7 tr\u1ee3 quan tr\u1ecdng cho c\u00e1c ch\u01b0\u01a1ng tr\u00ecnh th\u1ef1c ph\u1ea9m c\u1ee7a FIND.<\/p>\n\n\n\n<figure class=\"gb-block-image gb-block-image-10a6e0f0\"><img loading=\"lazy\" decoding=\"async\" width=\"2560\" height=\"1707\" class=\"gb-image gb-image-10a6e0f0\" src=\"https:\/\/findfoodbank.org\/wp-content\/uploads\/2025\/07\/DSC_0033-scaled.jpg\" alt=\"\" title=\"DSC_0033\" srcset=\"https:\/\/findfoodbank.org\/wp-content\/uploads\/2025\/07\/DSC_0033-scaled.jpg 2560w, https:\/\/findfoodbank.org\/wp-content\/uploads\/2025\/07\/DSC_0033-300x200.jpg 300w, https:\/\/findfoodbank.org\/wp-content\/uploads\/2025\/07\/DSC_0033-1024x683.jpg 1024w, https:\/\/findfoodbank.org\/wp-content\/uploads\/2025\/07\/DSC_0033-768x512.jpg 768w, https:\/\/findfoodbank.org\/wp-content\/uploads\/2025\/07\/DSC_0033-50x33.jpg 50w, https:\/\/findfoodbank.org\/wp-content\/uploads\/2025\/07\/DSC_0033-1600x1067.jpg 1600w, https:\/\/findfoodbank.org\/wp-content\/uploads\/2025\/07\/DSC_0033-1536x1024.jpg 1536w, https:\/\/findfoodbank.org\/wp-content\/uploads\/2025\/07\/DSC_0033-2048x1365.jpg 2048w, https:\/\/findfoodbank.org\/wp-content\/uploads\/2025\/07\/DSC_0033-18x12.jpg 18w\" sizes=\"auto, (max-width: 2560px) 100vw, 2560px\" \/><\/figure>\n\n<\/div><\/div>\n<\/div>\n<\/div>\n<\/div>\n\n<div class=\"gb-container gb-container-4485c0fb\">\n\n<h1 class=\"gb-headline gb-headline-f0d2a004 gb-headline-text\">Our Corporate Sponsors &amp; Volunteers Include&#8230;<\/h1>\n\n\n<div class=\"gb-container gb-container-899aea07\">\n<div class=\"gb-grid-wrapper gb-grid-wrapper-acd12b8a\">\n<div class=\"gb-grid-column gb-grid-column-198f262d\"><div class=\"gb-container gb-container-198f262d\">\n\n<figure class=\"gb-block-image gb-block-image-86d5306a\"><img loading=\"lazy\" decoding=\"async\" width=\"300\" height=\"300\" class=\"gb-image gb-image-86d5306a\" src=\"https:\/\/findfoodbank.org\/wp-content\/uploads\/2021\/06\/arrowhead_logo.jpg\" srcset=\"https:\/\/findfoodbank.org\/wp-content\/uploads\/2021\/06\/arrowhead_logo.jpg 300w, https:\/\/findfoodbank.org\/wp-content\/uploads\/2021\/06\/arrowhead_logo-150x150.jpg 150w\" sizes=\"auto, (max-width: 300px) 100vw, 300px\" \/><\/figure>\n\n<\/div><\/div>\n\n<div class=\"gb-grid-column gb-grid-column-e9db96b3\"><div class=\"gb-container gb-container-e9db96b3\">\n\n<figure class=\"gb-block-image gb-block-image-bd76a0c4\"><img loading=\"lazy\" decoding=\"async\" width=\"300\" height=\"300\" class=\"gb-image gb-image-bd76a0c4\" src=\"https:\/\/findfoodbank.org\/wp-content\/uploads\/2021\/06\/dutch_bros_logo.jpg\" srcset=\"https:\/\/findfoodbank.org\/wp-content\/uploads\/2021\/06\/dutch_bros_logo.jpg 300w, https:\/\/findfoodbank.org\/wp-content\/uploads\/2021\/06\/dutch_bros_logo-150x150.jpg 150w\" sizes=\"auto, (max-width: 300px) 100vw, 300px\" \/><\/figure>\n\n<\/div><\/div>\n\n<div class=\"gb-grid-column gb-grid-column-0869be68\"><div class=\"gb-container gb-container-0869be68\">\n\n<figure class=\"gb-block-image gb-block-image-76acd502\"><img loading=\"lazy\" decoding=\"async\" width=\"300\" height=\"300\" class=\"gb-image gb-image-76acd502\" src=\"https:\/\/findfoodbank.org\/wp-content\/uploads\/2021\/06\/jns_next_logo.jpg\" srcset=\"https:\/\/findfoodbank.org\/wp-content\/uploads\/2021\/06\/jns_next_logo.jpg 300w, https:\/\/findfoodbank.org\/wp-content\/uploads\/2021\/06\/jns_next_logo-150x150.jpg 150w\" sizes=\"auto, (max-width: 300px) 100vw, 300px\" \/><\/figure>\n\n<\/div><\/div>\n\n<div class=\"gb-grid-column gb-grid-column-4f4eab08\"><div class=\"gb-container gb-container-4f4eab08\">\n\n<figure class=\"gb-block-image gb-block-image-9b7b0da0\"><img loading=\"lazy\" decoding=\"async\" width=\"300\" height=\"300\" class=\"gb-image gb-image-9b7b0da0\" src=\"https:\/\/findfoodbank.org\/wp-content\/uploads\/2021\/06\/jw_marriott_logo.jpg\" srcset=\"https:\/\/findfoodbank.org\/wp-content\/uploads\/2021\/06\/jw_marriott_logo.jpg 300w, https:\/\/findfoodbank.org\/wp-content\/uploads\/2021\/06\/jw_marriott_logo-150x150.jpg 150w\" sizes=\"auto, (max-width: 300px) 100vw, 300px\" \/><\/figure>\n\n<\/div><\/div>\n\n<div class=\"gb-grid-column gb-grid-column-1483647e\"><div class=\"gb-container gb-container-1483647e\">\n\n<figure class=\"gb-block-image gb-block-image-a640fcb7\"><img loading=\"lazy\" decoding=\"async\" width=\"300\" height=\"300\" class=\"gb-image gb-image-a640fcb7\" src=\"https:\/\/findfoodbank.org\/wp-content\/uploads\/2021\/06\/keller_williams_logo.jpg\" srcset=\"https:\/\/findfoodbank.org\/wp-content\/uploads\/2021\/06\/keller_williams_logo.jpg 300w, https:\/\/findfoodbank.org\/wp-content\/uploads\/2021\/06\/keller_williams_logo-150x150.jpg 150w\" sizes=\"auto, (max-width: 300px) 100vw, 300px\" \/><\/figure>\n\n<\/div><\/div>\n\n<div class=\"gb-grid-column gb-grid-column-3fcdd7da\"><div class=\"gb-container gb-container-3fcdd7da\">\n\n<figure class=\"gb-block-image gb-block-image-c78b5754\"><img loading=\"lazy\" decoding=\"async\" width=\"300\" height=\"300\" class=\"gb-image gb-image-c78b5754\" src=\"https:\/\/findfoodbank.org\/wp-content\/uploads\/2021\/06\/renaissance_logo.jpg\" srcset=\"https:\/\/findfoodbank.org\/wp-content\/uploads\/2021\/06\/renaissance_logo.jpg 300w, https:\/\/findfoodbank.org\/wp-content\/uploads\/2021\/06\/renaissance_logo-150x150.jpg 150w\" sizes=\"auto, (max-width: 300px) 100vw, 300px\" \/><\/figure>\n\n<\/div><\/div>\n\n<div class=\"gb-grid-column gb-grid-column-960fb85e\"><div class=\"gb-container gb-container-960fb85e\">\n\n<figure class=\"gb-block-image gb-block-image-7555cdfe\"><img loading=\"lazy\" decoding=\"async\" width=\"300\" height=\"300\" class=\"gb-image gb-image-7555cdfe\" src=\"https:\/\/findfoodbank.org\/wp-content\/uploads\/2021\/06\/sunline_logo.jpg\" srcset=\"https:\/\/findfoodbank.org\/wp-content\/uploads\/2021\/06\/sunline_logo.jpg 300w, https:\/\/findfoodbank.org\/wp-content\/uploads\/2021\/06\/sunline_logo-150x150.jpg 150w\" sizes=\"auto, (max-width: 300px) 100vw, 300px\" \/><\/figure>\n\n<\/div><\/div>\n\n<div class=\"gb-grid-column gb-grid-column-f5d1e191\"><div class=\"gb-container gb-container-f5d1e191\">\n\n<figure class=\"gb-block-image gb-block-image-115a3529\"><img loading=\"lazy\" decoding=\"async\" width=\"300\" height=\"300\" class=\"gb-image gb-image-115a3529\" src=\"https:\/\/findfoodbank.org\/wp-content\/uploads\/2021\/06\/target_logo.jpg\" srcset=\"https:\/\/findfoodbank.org\/wp-content\/uploads\/2021\/06\/target_logo.jpg 300w, https:\/\/findfoodbank.org\/wp-content\/uploads\/2021\/06\/target_logo-150x150.jpg 150w\" sizes=\"auto, (max-width: 300px) 100vw, 300px\" \/><\/figure>\n\n<\/div><\/div>\n<\/div>\n<\/div>\n<\/div>","protected":false},"excerpt":{"rendered":"<p> &#8230; <a title=\"C\u00f4ng nh\u1eadn doanh nghi\u1ec7p\" class=\"read-more\" href=\"https:\/\/findfoodbank.org\/vi\/get-involved\/corporate-support\/corporate-recognition\/\" aria-label=\"\u0110\u1ecdc th\u00eam v\u1ec1 Corporate Recognition\">Read more<\/a><\/p>","protected":false},"author":15,"featured_media":16274,"parent":1408,"menu_order":0,"comment_status":"closed","ping_status":"closed","template":"","meta":{"_monsterinsights_skip_tracking":false,"_monsterinsights_sitenote_active":false,"_monsterinsights_sitenote_note":"","_monsterinsights_sitenote_category":0,"_price":"","_stock":"","_tribe_ticket_header":"","_tribe_default_ticket_provider":"","_tribe_ticket_capacity":"0","_ticket_start_date":"","_ticket_end_date":"","_tribe_ticket_show_description":"","_tribe_ticket_show_not_going":false,"_tribe_ticket_use_global_stock":"","_tribe_ticket_global_stock_level":"","_global_stock_mode":"","_global_stock_cap":"","_tribe_rsvp_for_event":"","_tribe_ticket_going_count":"","_tribe_ticket_not_going_count":"","_tribe_tickets_list":"[]","_tribe_ticket_has_attendee_info_fields":false,"footnotes":"","_tec_slr_enabled":"","_tec_slr_layout":""},"class_list":["post-1618","page","type-page","status-publish","has-post-thumbnail","resize-featured-image"],"yoast_head":"<!-- This site is optimized with the Yoast SEO plugin v27.5 - https:\/\/yoast.com\/product\/yoast-seo-wordpress\/ -->\n<title>Corporate Recognition FIND Food Bank, Corporate Donations<\/title>\n<meta name=\"description\" content=\"Our corporate partners are essential to our mission of ending hunger in the desert region. Through food donations, grants and financial support, in-kind..\" \/>\n<meta name=\"robots\" content=\"index, follow, max-snippet:-1, max-image-preview:large, max-video-preview:-1\" \/>\n<link rel=\"canonical\" href=\"https:\/\/findfoodbank.org\/vi\/get-involved\/corporate-support\/corporate-recognition\/\" \/>\n<meta property=\"og:locale\" content=\"vi_VN\" \/>\n<meta property=\"og:type\" content=\"article\" \/>\n<meta property=\"og:title\" content=\"Corporate Recognition FIND Food Bank, Corporate Donations\" \/>\n<meta property=\"og:description\" content=\"Our corporate partners are essential to our mission of ending hunger in the desert region. Through food donations, grants and financial support, in-kind..\" \/>\n<meta property=\"og:url\" content=\"https:\/\/findfoodbank.org\/vi\/get-involved\/corporate-support\/corporate-recognition\/\" \/>\n<meta property=\"og:site_name\" content=\"FIND Food Bank\" \/>\n<meta property=\"article:modified_time\" content=\"2025-07-09T18:41:01+00:00\" \/>\n<meta property=\"og:image\" content=\"https:\/\/findfoodbank.org\/wp-content\/uploads\/2025\/07\/DSC_0275-scaled.jpg\" \/>\n\t<meta property=\"og:image:width\" content=\"2560\" \/>\n\t<meta property=\"og:image:height\" content=\"1707\" \/>\n\t<meta property=\"og:image:type\" content=\"image\/jpeg\" \/>\n<meta name=\"twitter:card\" content=\"summary_large_image\" \/>\n<meta name=\"twitter:label1\" content=\"\u01af\u1edbc t\u00ednh th\u1eddi gian \u0111\u1ecdc\" \/>\n\t<meta name=\"twitter:data1\" content=\"3 ph\u00fat\" \/>\n<script type=\"application\/ld+json\" class=\"yoast-schema-graph\">{\"@context\":\"https:\\\/\\\/schema.org\",\"@graph\":[{\"@type\":\"WebPage\",\"@id\":\"https:\\\/\\\/findfoodbank.org\\\/get-involved\\\/corporate-support\\\/corporate-recognition\\\/\",\"url\":\"https:\\\/\\\/findfoodbank.org\\\/get-involved\\\/corporate-support\\\/corporate-recognition\\\/\",\"name\":\"Corporate Recognition FIND Food Bank, Corporate Donations\",\"isPartOf\":{\"@id\":\"https:\\\/\\\/findfoodbank.org\\\/#website\"},\"primaryImageOfPage\":{\"@id\":\"https:\\\/\\\/findfoodbank.org\\\/get-involved\\\/corporate-support\\\/corporate-recognition\\\/#primaryimage\"},\"image\":{\"@id\":\"https:\\\/\\\/findfoodbank.org\\\/get-involved\\\/corporate-support\\\/corporate-recognition\\\/#primaryimage\"},\"thumbnailUrl\":\"https:\\\/\\\/findfoodbank.org\\\/wp-content\\\/uploads\\\/2025\\\/07\\\/DSC_0275-scaled.jpg\",\"datePublished\":\"2021-06-17T03:27:14+00:00\",\"dateModified\":\"2025-07-09T18:41:01+00:00\",\"description\":\"Our corporate partners are essential to our mission of ending hunger in the desert region. Through food donations, grants and financial support, in-kind..\",\"breadcrumb\":{\"@id\":\"https:\\\/\\\/findfoodbank.org\\\/get-involved\\\/corporate-support\\\/corporate-recognition\\\/#breadcrumb\"},\"inLanguage\":\"vi\",\"potentialAction\":[{\"@type\":\"ReadAction\",\"target\":[\"https:\\\/\\\/findfoodbank.org\\\/get-involved\\\/corporate-support\\\/corporate-recognition\\\/\"]}]},{\"@type\":\"ImageObject\",\"inLanguage\":\"vi\",\"@id\":\"https:\\\/\\\/findfoodbank.org\\\/get-involved\\\/corporate-support\\\/corporate-recognition\\\/#primaryimage\",\"url\":\"https:\\\/\\\/findfoodbank.org\\\/wp-content\\\/uploads\\\/2025\\\/07\\\/DSC_0275-scaled.jpg\",\"contentUrl\":\"https:\\\/\\\/findfoodbank.org\\\/wp-content\\\/uploads\\\/2025\\\/07\\\/DSC_0275-scaled.jpg\",\"width\":2560,\"height\":1707,\"caption\":\"Corporate Recognition US Bank\"},{\"@type\":\"BreadcrumbList\",\"@id\":\"https:\\\/\\\/findfoodbank.org\\\/get-involved\\\/corporate-support\\\/corporate-recognition\\\/#breadcrumb\",\"itemListElement\":[{\"@type\":\"ListItem\",\"position\":1,\"name\":\"Home\",\"item\":\"https:\\\/\\\/findfoodbank.org\\\/\"},{\"@type\":\"ListItem\",\"position\":2,\"name\":\"Get Involved\",\"item\":\"https:\\\/\\\/findfoodbank.org\\\/get-involved\\\/\"},{\"@type\":\"ListItem\",\"position\":3,\"name\":\"Corporate Support\",\"item\":\"https:\\\/\\\/findfoodbank.org\\\/get-involved\\\/corporate-support\\\/\"},{\"@type\":\"ListItem\",\"position\":4,\"name\":\"Corporate Recognition\"}]},{\"@type\":\"WebSite\",\"@id\":\"https:\\\/\\\/findfoodbank.org\\\/#website\",\"url\":\"https:\\\/\\\/findfoodbank.org\\\/\",\"name\":\"FIND Food Bank\",\"description\":\"The Desert's Regional Food Bank\",\"publisher\":{\"@id\":\"https:\\\/\\\/findfoodbank.org\\\/#organization\"},\"potentialAction\":[{\"@type\":\"SearchAction\",\"target\":{\"@type\":\"EntryPoint\",\"urlTemplate\":\"https:\\\/\\\/findfoodbank.org\\\/?s={search_term_string}\"},\"query-input\":{\"@type\":\"PropertyValueSpecification\",\"valueRequired\":true,\"valueName\":\"search_term_string\"}}],\"inLanguage\":\"vi\"},{\"@type\":\"Organization\",\"@id\":\"https:\\\/\\\/findfoodbank.org\\\/#organization\",\"name\":\"FIND Food Bank\",\"url\":\"https:\\\/\\\/findfoodbank.org\\\/\",\"logo\":{\"@type\":\"ImageObject\",\"inLanguage\":\"vi\",\"@id\":\"https:\\\/\\\/findfoodbank.org\\\/#\\\/schema\\\/logo\\\/image\\\/\",\"url\":\"https:\\\/\\\/findfoodbank.org\\\/wp-content\\\/uploads\\\/2025\\\/09\\\/FIND-logo25-horizontal_4c.png\",\"contentUrl\":\"https:\\\/\\\/findfoodbank.org\\\/wp-content\\\/uploads\\\/2025\\\/09\\\/FIND-logo25-horizontal_4c.png\",\"width\":1189,\"height\":373,\"caption\":\"FIND Food Bank\"},\"image\":{\"@id\":\"https:\\\/\\\/findfoodbank.org\\\/#\\\/schema\\\/logo\\\/image\\\/\"}}]}<\/script>\n<!-- \/ Yoast SEO plugin. -->","yoast_head_json":{"title":"Corporate Recognition FIND Food Bank, Corporate Donations","description":"Our corporate partners are essential to our mission of ending hunger in the desert region. Through food donations, grants and financial support, in-kind..","robots":{"index":"index","follow":"follow","max-snippet":"max-snippet:-1","max-image-preview":"max-image-preview:large","max-video-preview":"max-video-preview:-1"},"canonical":"https:\/\/findfoodbank.org\/vi\/get-involved\/corporate-support\/corporate-recognition\/","og_locale":"vi_VN","og_type":"article","og_title":"Corporate Recognition FIND Food Bank, Corporate Donations","og_description":"Our corporate partners are essential to our mission of ending hunger in the desert region. Through food donations, grants and financial support, in-kind..","og_url":"https:\/\/findfoodbank.org\/vi\/get-involved\/corporate-support\/corporate-recognition\/","og_site_name":"FIND Food Bank","article_modified_time":"2025-07-09T18:41:01+00:00","og_image":[{"width":2560,"height":1707,"url":"https:\/\/findfoodbank.org\/wp-content\/uploads\/2025\/07\/DSC_0275-scaled.jpg","type":"image\/jpeg"}],"twitter_card":"summary_large_image","twitter_misc":{"\u01af\u1edbc t\u00ednh th\u1eddi gian \u0111\u1ecdc":"3 ph\u00fat"},"schema":{"@context":"https:\/\/schema.org","@graph":[{"@type":"WebPage","@id":"https:\/\/findfoodbank.org\/get-involved\/corporate-support\/corporate-recognition\/","url":"https:\/\/findfoodbank.org\/get-involved\/corporate-support\/corporate-recognition\/","name":"Corporate Recognition FIND Food Bank, Corporate Donations","isPartOf":{"@id":"https:\/\/findfoodbank.org\/#website"},"primaryImageOfPage":{"@id":"https:\/\/findfoodbank.org\/get-involved\/corporate-support\/corporate-recognition\/#primaryimage"},"image":{"@id":"https:\/\/findfoodbank.org\/get-involved\/corporate-support\/corporate-recognition\/#primaryimage"},"thumbnailUrl":"https:\/\/findfoodbank.org\/wp-content\/uploads\/2025\/07\/DSC_0275-scaled.jpg","datePublished":"2021-06-17T03:27:14+00:00","dateModified":"2025-07-09T18:41:01+00:00","description":"Our corporate partners are essential to our mission of ending hunger in the desert region. Through food donations, grants and financial support, in-kind..","breadcrumb":{"@id":"https:\/\/findfoodbank.org\/get-involved\/corporate-support\/corporate-recognition\/#breadcrumb"},"inLanguage":"vi","potentialAction":[{"@type":"ReadAction","target":["https:\/\/findfoodbank.org\/get-involved\/corporate-support\/corporate-recognition\/"]}]},{"@type":"ImageObject","inLanguage":"vi","@id":"https:\/\/findfoodbank.org\/get-involved\/corporate-support\/corporate-recognition\/#primaryimage","url":"https:\/\/findfoodbank.org\/wp-content\/uploads\/2025\/07\/DSC_0275-scaled.jpg","contentUrl":"https:\/\/findfoodbank.org\/wp-content\/uploads\/2025\/07\/DSC_0275-scaled.jpg","width":2560,"height":1707,"caption":"Corporate Recognition US Bank"},{"@type":"BreadcrumbList","@id":"https:\/\/findfoodbank.org\/get-involved\/corporate-support\/corporate-recognition\/#breadcrumb","itemListElement":[{"@type":"ListItem","position":1,"name":"Home","item":"https:\/\/findfoodbank.org\/"},{"@type":"ListItem","position":2,"name":"Get Involved","item":"https:\/\/findfoodbank.org\/get-involved\/"},{"@type":"ListItem","position":3,"name":"Corporate Support","item":"https:\/\/findfoodbank.org\/get-involved\/corporate-support\/"},{"@type":"ListItem","position":4,"name":"Corporate Recognition"}]},{"@type":"WebSite","@id":"https:\/\/findfoodbank.org\/#website","url":"https:\/\/findfoodbank.org\/","name":"T\u00ccM Ng\u00e2n h\u00e0ng Th\u1ef1c ph\u1ea9m","description":"Ng\u00e2n h\u00e0ng l\u01b0\u01a1ng th\u1ef1c khu v\u1ef1c c\u1ee7a sa m\u1ea1c","publisher":{"@id":"https:\/\/findfoodbank.org\/#organization"},"potentialAction":[{"@type":"SearchAction","target":{"@type":"EntryPoint","urlTemplate":"https:\/\/findfoodbank.org\/?s={search_term_string}"},"query-input":{"@type":"PropertyValueSpecification","valueRequired":true,"valueName":"search_term_string"}}],"inLanguage":"vi"},{"@type":"Organization","@id":"https:\/\/findfoodbank.org\/#organization","name":"T\u00ccM Ng\u00e2n h\u00e0ng Th\u1ef1c ph\u1ea9m","url":"https:\/\/findfoodbank.org\/","logo":{"@type":"ImageObject","inLanguage":"vi","@id":"https:\/\/findfoodbank.org\/#\/schema\/logo\/image\/","url":"https:\/\/findfoodbank.org\/wp-content\/uploads\/2025\/09\/FIND-logo25-horizontal_4c.png","contentUrl":"https:\/\/findfoodbank.org\/wp-content\/uploads\/2025\/09\/FIND-logo25-horizontal_4c.png","width":1189,"height":373,"caption":"FIND Food Bank"},"image":{"@id":"https:\/\/findfoodbank.org\/#\/schema\/logo\/image\/"}}]}},"ticketed":false,"_links":{"self":[{"href":"https:\/\/findfoodbank.org\/vi\/wp-json\/wp\/v2\/pages\/1618","targetHints":{"allow":["GET"]}}],"collection":[{"href":"https:\/\/findfoodbank.org\/vi\/wp-json\/wp\/v2\/pages"}],"about":[{"href":"https:\/\/findfoodbank.org\/vi\/wp-json\/wp\/v2\/types\/page"}],"author":[{"embeddable":true,"href":"https:\/\/findfoodbank.org\/vi\/wp-json\/wp\/v2\/users\/15"}],"replies":[{"embeddable":true,"href":"https:\/\/findfoodbank.org\/vi\/wp-json\/wp\/v2\/comments?post=1618"}],"version-history":[{"count":14,"href":"https:\/\/findfoodbank.org\/vi\/wp-json\/wp\/v2\/pages\/1618\/revisions"}],"predecessor-version":[{"id":16363,"href":"https:\/\/findfoodbank.org\/vi\/wp-json\/wp\/v2\/pages\/1618\/revisions\/16363"}],"up":[{"embeddable":true,"href":"https:\/\/findfoodbank.org\/vi\/wp-json\/wp\/v2\/pages\/1408"}],"wp:featuredmedia":[{"embeddable":true,"href":"https:\/\/findfoodbank.org\/vi\/wp-json\/wp\/v2\/media\/16274"}],"wp:attachment":[{"href":"https:\/\/findfoodbank.org\/vi\/wp-json\/wp\/v2\/media?parent=1618"}],"curies":[{"name":"wp","href":"https:\/\/api.w.org\/{rel}","templated":true}]}}