{"id":1613,"date":"2021-06-17T00:15:17","date_gmt":"2021-06-17T00:15:17","guid":{"rendered":"http:\/\/findfoodbank.flywheelsites.com\/?page_id=1613"},"modified":"2024-09-20T11:52:04","modified_gmt":"2024-09-20T18:52:04","slug":"food-industry-donations","status":"publish","type":"page","link":"https:\/\/findfoodbank.org\/vi\/get-involved\/corporate-support\/food-industry-donations\/","title":{"rendered":"C\u00e1c kho\u1ea3n quy\u00ean g\u00f3p cho ng\u00e0nh c\u00f4ng nghi\u1ec7p th\u1ef1c ph\u1ea9m"},"content":{"rendered":"<div class=\"gb-container gb-container-9fe7b9a5 alignfull\">\n<div class=\"gb-container gb-container-30899964\">\n<div class=\"gb-grid-wrapper gb-grid-wrapper-ca00698d\">\n<div class=\"gb-grid-column gb-grid-column-33c33fc4\"><div class=\"gb-container gb-container-33c33fc4\">\n<nav style=\"color: #324452;\" class=\"has-text-color  is-vertical wp-block-navigation is-layout-flex wp-container-core-navigation-is-layout-8cf370e7 wp-block-navigation-is-layout-flex\" aria-label=\"H\u1ed7 tr\u1ee3 doanh nghi\u1ec7p\"><ul style=\"color: #324452;\" class=\"wp-block-navigation__container has-text-color  is-vertical wp-block-navigation\"><li class=\"wp-block-navigation-item wp-block-navigation-link\"><a class=\"wp-block-navigation-item__content\"  href=\"https:\/\/findfoodbank.org\/vi\/get-involved\/food-donations\/\"><span class=\"wp-block-navigation-item__label\">Quy\u00ean g\u00f3p th\u1ef1c ph\u1ea9m<\/span><\/a><\/li><li class=\"wp-block-navigation-item wp-block-navigation-link\"><a class=\"wp-block-navigation-item__content\"  href=\"https:\/\/findfoodbank.org\/vi\/virtual-food-drive\/\"><span class=\"wp-block-navigation-item__label\">Virtual Food Drive<\/span><\/a><\/li><li class=\"wp-block-navigation-item wp-block-navigation-link\"><a class=\"wp-block-navigation-item__content\"  href=\"https:\/\/findfoodbank.org\/vi\/get-involved\/financial-support\/\"><span class=\"wp-block-navigation-item__label\">H\u1ed7 tr\u1ee3 t\u00e0i ch\u00ednh<\/span><\/a><\/li><li class=\"wp-block-navigation-item wp-block-navigation-link\"><a class=\"wp-block-navigation-item__content\"  href=\"https:\/\/findfoodbank.org\/vi\/get-involved\/corporate-support\/food-industry-donations\/\"><span class=\"wp-block-navigation-item__label\">C\u00e1c kho\u1ea3n quy\u00ean g\u00f3p cho ng\u00e0nh c\u00f4ng nghi\u1ec7p th\u1ef1c ph\u1ea9m<\/span><\/a><\/li><li class=\"wp-block-navigation-item wp-block-navigation-link\"><a class=\"wp-block-navigation-item__content\"  href=\"https:\/\/findfoodbank.org\/vi\/get-involved\/corporate-support\/corporate-financial-support\/\"><span class=\"wp-block-navigation-item__label\">H\u1ed7 tr\u1ee3 t\u00e0i ch\u00ednh doanh nghi\u1ec7p<\/span><\/a><\/li><li class=\"wp-block-navigation-item wp-block-navigation-link\"><a class=\"wp-block-navigation-item__content\"  href=\"https:\/\/findfoodbank.org\/vi\/get-involved\/corporate-support\/corporate-recognition\/\"><span class=\"wp-block-navigation-item__label\">C\u00f4ng nh\u1eadn doanh nghi\u1ec7p<\/span><\/a><\/li><li class=\"wp-block-navigation-item wp-block-navigation-link\"><a class=\"wp-block-navigation-item__content\"  href=\"https:\/\/findfoodbank.org\/vi\/get-involved\/corporate-support\/cause-marketing-partnerships\/\"><span class=\"wp-block-navigation-item__label\">Nguy\u00ean nh\u00e2n quan h\u1ec7 \u0111\u1ed1i t\u00e1c ti\u1ebfp th\u1ecb<\/span><\/a><\/li><li class=\"wp-block-navigation-item wp-block-navigation-link\"><a class=\"wp-block-navigation-item__content\"  href=\"https:\/\/findfoodbank.org\/vi\/get-involved\/corporate-support\/employee-engagement\/\"><span class=\"wp-block-navigation-item__label\">S\u1ef1 tham gia c\u1ee7a ng\u01b0\u1eddi lao \u0111\u1ed9ng<\/span><\/a><\/li><li class=\"wp-block-navigation-item wp-block-navigation-link\"><a class=\"wp-block-navigation-item__content\"  href=\"https:\/\/findfoodbank.org\/vi\/shoptogive\/\"><span class=\"wp-block-navigation-item__label\">Mua s\u1eafm \u0111\u1ec3 t\u1eb7ng<\/span><\/a><\/li><li class=\"wp-block-navigation-item wp-block-navigation-link\"><a class=\"wp-block-navigation-item__content\"  href=\"https:\/\/findfoodbank.org\/vi\/donor-policy\/\"><span class=\"wp-block-navigation-item__label\">Ch\u00ednh s\u00e1ch nh\u00e0 t\u00e0i tr\u1ee3<\/span><\/a><\/li><\/ul><\/nav>\n<\/div><\/div>\n\n<div class=\"gb-grid-column gb-grid-column-3e621183\"><div class=\"gb-container gb-container-3e621183\">\n\n<h5 class=\"gb-headline gb-headline-c4d3e96c gb-headline-text\">C\u00e1c kho\u1ea3n quy\u00ean g\u00f3p cho ng\u00e0nh c\u00f4ng nghi\u1ec7p th\u1ef1c ph\u1ea9m<\/h5>\n\n\n\n<p>Food companies of all types and sizes make an impact in our community by donating their products to FIND Food Bank. Donations of items can be due to surplus production, discontinuation, imperfect or underweight packaging, quality control and approaching expiration dates. Your donation also benefits your business through tax deductions, cost savings in warehousing and disposal charges for food that might otherwise be wasted.\nCall <a href=\"tel:7607753663\"><strong>760-775-3663<\/strong><\/a> ho\u1eb7c g\u1eedi cho ch\u00fang t\u00f4i m\u1ed9t tin nh\u1eafn - <a href=\"mailto:info@findfoodbank.org\">info@findfoodbank.org<\/a><\/p>\n\n<\/div><\/div>\n<\/div>\n<\/div>\n<\/div>\n\n<div class=\"gb-container gb-container-68828546\">\n\n<h1 class=\"gb-headline gb-headline-0ae8262b gb-headline-text\">C\u00e1c nh\u00e0 t\u00e0i tr\u1ee3 th\u1ef1c ph\u1ea9m l\u1edbn<\/h1>\n\n\n<div class=\"gb-grid-wrapper gb-grid-wrapper-df630218\">\n<div class=\"gb-grid-column gb-grid-column-b373ba38\"><div class=\"gb-container gb-container-b373ba38 lightboxshadow\">\n\n<figure class=\"gb-block-image gb-block-image-44df33c5\"><img loading=\"lazy\" decoding=\"async\" width=\"300\" height=\"300\" class=\"gb-image gb-image-44df33c5\" src=\"https:\/\/findfoodbank.org\/wp-content\/uploads\/2021\/06\/aldi_logo.jpg\" srcset=\"https:\/\/findfoodbank.org\/wp-content\/uploads\/2021\/06\/aldi_logo.jpg 300w, https:\/\/findfoodbank.org\/wp-content\/uploads\/2021\/06\/aldi_logo-150x150.jpg 150w\" sizes=\"auto, (max-width: 300px) 100vw, 300px\" \/><\/figure>\n\n<\/div><\/div>\n\n<div class=\"gb-grid-column gb-grid-column-a9aa7f03\"><div class=\"gb-container gb-container-a9aa7f03 lightboxshadow\">\n\n<figure class=\"gb-block-image gb-block-image-c00b0835\"><img loading=\"lazy\" decoding=\"async\" width=\"300\" height=\"300\" class=\"gb-image gb-image-c00b0835\" src=\"https:\/\/findfoodbank.org\/wp-content\/uploads\/2021\/06\/arrowhead_logo.jpg\" srcset=\"https:\/\/findfoodbank.org\/wp-content\/uploads\/2021\/06\/arrowhead_logo.jpg 300w, https:\/\/findfoodbank.org\/wp-content\/uploads\/2021\/06\/arrowhead_logo-150x150.jpg 150w\" sizes=\"auto, (max-width: 300px) 100vw, 300px\" \/><\/figure>\n\n<\/div><\/div>\n\n<div class=\"gb-grid-column gb-grid-column-da3ba3a4\"><div class=\"gb-container gb-container-da3ba3a4 lightboxshadow\">\n\n<figure class=\"gb-block-image gb-block-image-e85695ae\"><img loading=\"lazy\" decoding=\"async\" width=\"300\" height=\"300\" class=\"gb-image gb-image-e85695ae\" src=\"https:\/\/findfoodbank.org\/wp-content\/uploads\/2021\/06\/big_lots_logo.jpg\" srcset=\"https:\/\/findfoodbank.org\/wp-content\/uploads\/2021\/06\/big_lots_logo.jpg 300w, https:\/\/findfoodbank.org\/wp-content\/uploads\/2021\/06\/big_lots_logo-150x150.jpg 150w\" sizes=\"auto, (max-width: 300px) 100vw, 300px\" \/><\/figure>\n\n<\/div><\/div>\n\n<div class=\"gb-grid-column gb-grid-column-dee040fe\"><div class=\"gb-container gb-container-dee040fe lightboxshadow\">\n\n<figure class=\"gb-block-image gb-block-image-a912cdce\"><img loading=\"lazy\" decoding=\"async\" width=\"300\" height=\"300\" class=\"gb-image gb-image-a912cdce\" src=\"https:\/\/findfoodbank.org\/wp-content\/uploads\/2021\/06\/bimbo_logo.jpg\" srcset=\"https:\/\/findfoodbank.org\/wp-content\/uploads\/2021\/06\/bimbo_logo.jpg 300w, https:\/\/findfoodbank.org\/wp-content\/uploads\/2021\/06\/bimbo_logo-150x150.jpg 150w\" sizes=\"auto, (max-width: 300px) 100vw, 300px\" \/><\/figure>\n\n<\/div><\/div>\n\n<div class=\"gb-grid-column gb-grid-column-a4e29b69\"><div class=\"gb-container gb-container-a4e29b69 lightboxshadow\">\n\n<figure class=\"gb-block-image gb-block-image-c5324fa1\"><img loading=\"lazy\" decoding=\"async\" width=\"300\" height=\"300\" class=\"gb-image gb-image-c5324fa1\" src=\"https:\/\/findfoodbank.org\/wp-content\/uploads\/2021\/06\/costco_logo.jpg\" srcset=\"https:\/\/findfoodbank.org\/wp-content\/uploads\/2021\/06\/costco_logo.jpg 300w, https:\/\/findfoodbank.org\/wp-content\/uploads\/2021\/06\/costco_logo-150x150.jpg 150w\" sizes=\"auto, (max-width: 300px) 100vw, 300px\" \/><\/figure>\n\n<\/div><\/div>\n\n<div class=\"gb-grid-column gb-grid-column-098fd1c1\"><div class=\"gb-container gb-container-098fd1c1 lightboxshadow\">\n\n<figure class=\"gb-block-image gb-block-image-a3ef2392\"><img loading=\"lazy\" decoding=\"async\" width=\"300\" height=\"300\" class=\"gb-image gb-image-a3ef2392\" src=\"https:\/\/findfoodbank.org\/wp-content\/uploads\/2021\/06\/food4less_logo.jpg\" srcset=\"https:\/\/findfoodbank.org\/wp-content\/uploads\/2021\/06\/food4less_logo.jpg 300w, https:\/\/findfoodbank.org\/wp-content\/uploads\/2021\/06\/food4less_logo-150x150.jpg 150w\" sizes=\"auto, (max-width: 300px) 100vw, 300px\" \/><\/figure>\n\n<\/div><\/div>\n\n<div class=\"gb-grid-column gb-grid-column-03f71a22\"><div class=\"gb-container gb-container-03f71a22 lightboxshadow\">\n\n<figure class=\"gb-block-image gb-block-image-2d7ee292\"><img loading=\"lazy\" decoding=\"async\" width=\"300\" height=\"300\" class=\"gb-image gb-image-2d7ee292\" src=\"https:\/\/findfoodbank.org\/wp-content\/uploads\/2021\/06\/kroger_logo.jpg\" srcset=\"https:\/\/findfoodbank.org\/wp-content\/uploads\/2021\/06\/kroger_logo.jpg 300w, https:\/\/findfoodbank.org\/wp-content\/uploads\/2021\/06\/kroger_logo-150x150.jpg 150w\" sizes=\"auto, (max-width: 300px) 100vw, 300px\" \/><\/figure>\n\n<\/div><\/div>\n\n<div class=\"gb-grid-column gb-grid-column-094a9137\"><div class=\"gb-container gb-container-094a9137 lightboxshadow\">\n\n<figure class=\"gb-block-image gb-block-image-6b684b4c\"><img loading=\"lazy\" decoding=\"async\" width=\"300\" height=\"300\" class=\"gb-image gb-image-6b684b4c\" src=\"https:\/\/findfoodbank.org\/wp-content\/uploads\/2021\/06\/ralphs_logo.jpg\" srcset=\"https:\/\/findfoodbank.org\/wp-content\/uploads\/2021\/06\/ralphs_logo.jpg 300w, https:\/\/findfoodbank.org\/wp-content\/uploads\/2021\/06\/ralphs_logo-150x150.jpg 150w\" sizes=\"auto, (max-width: 300px) 100vw, 300px\" \/><\/figure>\n\n<\/div><\/div>\n\n<div class=\"gb-grid-column gb-grid-column-d4c802d8\"><div class=\"gb-container gb-container-d4c802d8 lightboxshadow\">\n\n<figure class=\"gb-block-image gb-block-image-30138b3d\"><img loading=\"lazy\" decoding=\"async\" width=\"300\" height=\"300\" class=\"gb-image gb-image-30138b3d\" src=\"https:\/\/findfoodbank.org\/wp-content\/uploads\/2021\/06\/smart_final_logo.jpg\" srcset=\"https:\/\/findfoodbank.org\/wp-content\/uploads\/2021\/06\/smart_final_logo.jpg 300w, https:\/\/findfoodbank.org\/wp-content\/uploads\/2021\/06\/smart_final_logo-150x150.jpg 150w\" sizes=\"auto, (max-width: 300px) 100vw, 300px\" \/><\/figure>\n\n<\/div><\/div>\n\n<div class=\"gb-grid-column gb-grid-column-e3b5c028\"><div class=\"gb-container gb-container-e3b5c028 lightboxshadow\">\n\n<figure class=\"gb-block-image gb-block-image-ff2f2324\"><img loading=\"lazy\" decoding=\"async\" width=\"300\" height=\"300\" class=\"gb-image gb-image-ff2f2324\" src=\"https:\/\/findfoodbank.org\/wp-content\/uploads\/2021\/06\/sams_club_logo.jpg\" srcset=\"https:\/\/findfoodbank.org\/wp-content\/uploads\/2021\/06\/sams_club_logo.jpg 300w, https:\/\/findfoodbank.org\/wp-content\/uploads\/2021\/06\/sams_club_logo-150x150.jpg 150w\" sizes=\"auto, (max-width: 300px) 100vw, 300px\" \/><\/figure>\n\n<\/div><\/div>\n\n<div class=\"gb-grid-column gb-grid-column-ffb5523c\"><div class=\"gb-container gb-container-ffb5523c lightboxshadow\">\n\n<figure class=\"gb-block-image gb-block-image-294463e5\"><img loading=\"lazy\" decoding=\"async\" width=\"300\" height=\"300\" class=\"gb-image gb-image-294463e5\" src=\"https:\/\/findfoodbank.org\/wp-content\/uploads\/2021\/06\/sprouts_logo.jpg\" srcset=\"https:\/\/findfoodbank.org\/wp-content\/uploads\/2021\/06\/sprouts_logo.jpg 300w, https:\/\/findfoodbank.org\/wp-content\/uploads\/2021\/06\/sprouts_logo-150x150.jpg 150w\" sizes=\"auto, (max-width: 300px) 100vw, 300px\" \/><\/figure>\n\n<\/div><\/div>\n\n<div class=\"gb-grid-column gb-grid-column-79ff3976\"><div class=\"gb-container gb-container-79ff3976 lightboxshadow\">\n\n<figure class=\"gb-block-image gb-block-image-81bc2947\"><img loading=\"lazy\" decoding=\"async\" width=\"300\" height=\"300\" class=\"gb-image gb-image-81bc2947\" src=\"https:\/\/findfoodbank.org\/wp-content\/uploads\/2021\/06\/target_logo.jpg\" srcset=\"https:\/\/findfoodbank.org\/wp-content\/uploads\/2021\/06\/target_logo.jpg 300w, https:\/\/findfoodbank.org\/wp-content\/uploads\/2021\/06\/target_logo-150x150.jpg 150w\" sizes=\"auto, (max-width: 300px) 100vw, 300px\" \/><\/figure>\n\n<\/div><\/div>\n\n<div class=\"gb-grid-column gb-grid-column-0528c7f8\"><div class=\"gb-container gb-container-0528c7f8 lightboxshadow\">\n\n<figure class=\"gb-block-image gb-block-image-fe4660b6\"><img loading=\"lazy\" decoding=\"async\" width=\"300\" height=\"300\" class=\"gb-image gb-image-fe4660b6\" src=\"https:\/\/findfoodbank.org\/wp-content\/uploads\/2021\/06\/tyson_logo.jpg\" srcset=\"https:\/\/findfoodbank.org\/wp-content\/uploads\/2021\/06\/tyson_logo.jpg 300w, https:\/\/findfoodbank.org\/wp-content\/uploads\/2021\/06\/tyson_logo-150x150.jpg 150w\" sizes=\"auto, (max-width: 300px) 100vw, 300px\" \/><\/figure>\n\n<\/div><\/div>\n\n<div class=\"gb-grid-column gb-grid-column-e587f629\"><div class=\"gb-container gb-container-e587f629 lightboxshadow\">\n\n<figure class=\"gb-block-image gb-block-image-41f1f69d\"><img loading=\"lazy\" decoding=\"async\" width=\"300\" height=\"300\" class=\"gb-image gb-image-41f1f69d\" src=\"https:\/\/findfoodbank.org\/wp-content\/uploads\/2021\/06\/walmart_logo.jpg\" srcset=\"https:\/\/findfoodbank.org\/wp-content\/uploads\/2021\/06\/walmart_logo.jpg 300w, https:\/\/findfoodbank.org\/wp-content\/uploads\/2021\/06\/walmart_logo-150x150.jpg 150w\" sizes=\"auto, (max-width: 300px) 100vw, 300px\" \/><\/figure>\n\n<\/div><\/div>\n\n<div class=\"gb-grid-column gb-grid-column-c173d64f\"><div class=\"gb-container gb-container-c173d64f lightboxshadow\">\n\n<figure class=\"gb-block-image gb-block-image-c9d3a8f5\"><img loading=\"lazy\" decoding=\"async\" width=\"300\" height=\"300\" class=\"gb-image gb-image-c9d3a8f5\" src=\"https:\/\/findfoodbank.org\/wp-content\/uploads\/2021\/06\/winco_foods_logo.jpg\" srcset=\"https:\/\/findfoodbank.org\/wp-content\/uploads\/2021\/06\/winco_foods_logo.jpg 300w, https:\/\/findfoodbank.org\/wp-content\/uploads\/2021\/06\/winco_foods_logo-150x150.jpg 150w\" sizes=\"auto, (max-width: 300px) 100vw, 300px\" \/><\/figure>\n\n<\/div><\/div>\n<\/div>\n<\/div>\n\n\n<h2 class=\"gb-headline gb-headline-530d5d04 gb-headline-text wp-embed-aspect-16-9 wp-has-aspect-ratio\"><\/h2>","protected":false},"excerpt":{"rendered":"<p> &#8230; <a title=\"C\u00e1c kho\u1ea3n quy\u00ean g\u00f3p cho ng\u00e0nh c\u00f4ng nghi\u1ec7p th\u1ef1c ph\u1ea9m\" class=\"read-more\" href=\"https:\/\/findfoodbank.org\/vi\/get-involved\/corporate-support\/food-industry-donations\/\" aria-label=\"\u0110\u1ecdc th\u00eam v\u1ec1 Food Industry Donations\">Read more<\/a><\/p>","protected":false},"author":15,"featured_media":13715,"parent":1408,"menu_order":0,"comment_status":"closed","ping_status":"closed","template":"","meta":{"_monsterinsights_skip_tracking":false,"_monsterinsights_sitenote_active":false,"_monsterinsights_sitenote_note":"","_monsterinsights_sitenote_category":0,"_price":"","_stock":"","_tribe_ticket_header":"","_tribe_default_ticket_provider":"","_tribe_ticket_capacity":"0","_ticket_start_date":"","_ticket_end_date":"","_tribe_ticket_show_description":"","_tribe_ticket_show_not_going":false,"_tribe_ticket_use_global_stock":"","_tribe_ticket_global_stock_level":"","_global_stock_mode":"","_global_stock_cap":"","_tribe_rsvp_for_event":"","_tribe_ticket_going_count":"","_tribe_ticket_not_going_count":"","_tribe_tickets_list":"[]","_tribe_ticket_has_attendee_info_fields":false,"footnotes":"","_tec_slr_enabled":"","_tec_slr_layout":""},"class_list":["post-1613","page","type-page","status-publish","has-post-thumbnail","resize-featured-image"],"yoast_head":"<!-- This site is optimized with the Yoast SEO plugin v27.3 - https:\/\/yoast.com\/product\/yoast-seo-wordpress\/ -->\n<title>Food Industry Donations, FIND Food Bank Fundraisers<\/title>\n<meta name=\"description\" content=\"Food companies of all types and sizes make an impact in our community by donating their products to FIND Food Bank.\" \/>\n<meta name=\"robots\" content=\"index, follow, max-snippet:-1, max-image-preview:large, max-video-preview:-1\" \/>\n<link rel=\"canonical\" href=\"https:\/\/findfoodbank.org\/vi\/get-involved\/corporate-support\/food-industry-donations\/\" \/>\n<meta property=\"og:locale\" content=\"vi_VN\" \/>\n<meta property=\"og:type\" content=\"article\" \/>\n<meta property=\"og:title\" content=\"Food Industry Donations, FIND Food Bank Fundraisers\" \/>\n<meta property=\"og:description\" content=\"Food companies of all types and sizes make an impact in our community by donating their products to FIND Food Bank.\" \/>\n<meta property=\"og:url\" content=\"https:\/\/findfoodbank.org\/vi\/get-involved\/corporate-support\/food-industry-donations\/\" \/>\n<meta property=\"og:site_name\" content=\"FIND Food Bank\" \/>\n<meta property=\"article:modified_time\" content=\"2024-09-20T18:52:04+00:00\" \/>\n<meta property=\"og:image\" content=\"https:\/\/findfoodbank.org\/wp-content\/uploads\/2024\/05\/DSC_0065-scaled.jpg\" \/>\n\t<meta property=\"og:image:width\" content=\"2560\" \/>\n\t<meta property=\"og:image:height\" content=\"1707\" \/>\n\t<meta property=\"og:image:type\" content=\"image\/jpeg\" \/>\n<meta name=\"twitter:card\" content=\"summary_large_image\" \/>\n<meta name=\"twitter:label1\" content=\"\u01af\u1edbc t\u00ednh th\u1eddi gian \u0111\u1ecdc\" \/>\n\t<meta name=\"twitter:data1\" content=\"4 ph\u00fat\" \/>\n<script type=\"application\/ld+json\" class=\"yoast-schema-graph\">{\"@context\":\"https:\\\/\\\/schema.org\",\"@graph\":[{\"@type\":\"WebPage\",\"@id\":\"https:\\\/\\\/findfoodbank.org\\\/get-involved\\\/corporate-support\\\/food-industry-donations\\\/\",\"url\":\"https:\\\/\\\/findfoodbank.org\\\/get-involved\\\/corporate-support\\\/food-industry-donations\\\/\",\"name\":\"Food Industry Donations, FIND Food Bank Fundraisers\",\"isPartOf\":{\"@id\":\"https:\\\/\\\/findfoodbank.org\\\/#website\"},\"primaryImageOfPage\":{\"@id\":\"https:\\\/\\\/findfoodbank.org\\\/get-involved\\\/corporate-support\\\/food-industry-donations\\\/#primaryimage\"},\"image\":{\"@id\":\"https:\\\/\\\/findfoodbank.org\\\/get-involved\\\/corporate-support\\\/food-industry-donations\\\/#primaryimage\"},\"thumbnailUrl\":\"https:\\\/\\\/findfoodbank.org\\\/wp-content\\\/uploads\\\/2024\\\/05\\\/DSC_0065-scaled.jpg\",\"datePublished\":\"2021-06-17T00:15:17+00:00\",\"dateModified\":\"2024-09-20T18:52:04+00:00\",\"description\":\"Food companies of all types and sizes make an impact in our community by donating their products to FIND Food Bank.\",\"breadcrumb\":{\"@id\":\"https:\\\/\\\/findfoodbank.org\\\/get-involved\\\/corporate-support\\\/food-industry-donations\\\/#breadcrumb\"},\"inLanguage\":\"vi\",\"potentialAction\":[{\"@type\":\"ReadAction\",\"target\":[\"https:\\\/\\\/findfoodbank.org\\\/get-involved\\\/corporate-support\\\/food-industry-donations\\\/\"]}]},{\"@type\":\"ImageObject\",\"inLanguage\":\"vi\",\"@id\":\"https:\\\/\\\/findfoodbank.org\\\/get-involved\\\/corporate-support\\\/food-industry-donations\\\/#primaryimage\",\"url\":\"https:\\\/\\\/findfoodbank.org\\\/wp-content\\\/uploads\\\/2024\\\/05\\\/DSC_0065-scaled.jpg\",\"contentUrl\":\"https:\\\/\\\/findfoodbank.org\\\/wp-content\\\/uploads\\\/2024\\\/05\\\/DSC_0065-scaled.jpg\",\"width\":2560,\"height\":1707},{\"@type\":\"BreadcrumbList\",\"@id\":\"https:\\\/\\\/findfoodbank.org\\\/get-involved\\\/corporate-support\\\/food-industry-donations\\\/#breadcrumb\",\"itemListElement\":[{\"@type\":\"ListItem\",\"position\":1,\"name\":\"Home\",\"item\":\"https:\\\/\\\/findfoodbank.org\\\/\"},{\"@type\":\"ListItem\",\"position\":2,\"name\":\"Get Involved\",\"item\":\"https:\\\/\\\/findfoodbank.org\\\/get-involved\\\/\"},{\"@type\":\"ListItem\",\"position\":3,\"name\":\"Corporate Support\",\"item\":\"https:\\\/\\\/findfoodbank.org\\\/get-involved\\\/corporate-support\\\/\"},{\"@type\":\"ListItem\",\"position\":4,\"name\":\"Food Industry Donations\"}]},{\"@type\":\"WebSite\",\"@id\":\"https:\\\/\\\/findfoodbank.org\\\/#website\",\"url\":\"https:\\\/\\\/findfoodbank.org\\\/\",\"name\":\"FIND Food Bank\",\"description\":\"The Desert's Regional Food Bank\",\"publisher\":{\"@id\":\"https:\\\/\\\/findfoodbank.org\\\/#organization\"},\"potentialAction\":[{\"@type\":\"SearchAction\",\"target\":{\"@type\":\"EntryPoint\",\"urlTemplate\":\"https:\\\/\\\/findfoodbank.org\\\/?s={search_term_string}\"},\"query-input\":{\"@type\":\"PropertyValueSpecification\",\"valueRequired\":true,\"valueName\":\"search_term_string\"}}],\"inLanguage\":\"vi\"},{\"@type\":\"Organization\",\"@id\":\"https:\\\/\\\/findfoodbank.org\\\/#organization\",\"name\":\"FIND Food Bank\",\"url\":\"https:\\\/\\\/findfoodbank.org\\\/\",\"logo\":{\"@type\":\"ImageObject\",\"inLanguage\":\"vi\",\"@id\":\"https:\\\/\\\/findfoodbank.org\\\/#\\\/schema\\\/logo\\\/image\\\/\",\"url\":\"https:\\\/\\\/findfoodbank.org\\\/wp-content\\\/uploads\\\/2025\\\/09\\\/FIND-logo25-horizontal_4c.png\",\"contentUrl\":\"https:\\\/\\\/findfoodbank.org\\\/wp-content\\\/uploads\\\/2025\\\/09\\\/FIND-logo25-horizontal_4c.png\",\"width\":1189,\"height\":373,\"caption\":\"FIND Food Bank\"},\"image\":{\"@id\":\"https:\\\/\\\/findfoodbank.org\\\/#\\\/schema\\\/logo\\\/image\\\/\"}}]}<\/script>\n<!-- \/ Yoast SEO plugin. -->","yoast_head_json":{"title":"Food Industry Donations, FIND Food Bank Fundraisers","description":"Food companies of all types and sizes make an impact in our community by donating their products to FIND Food Bank.","robots":{"index":"index","follow":"follow","max-snippet":"max-snippet:-1","max-image-preview":"max-image-preview:large","max-video-preview":"max-video-preview:-1"},"canonical":"https:\/\/findfoodbank.org\/vi\/get-involved\/corporate-support\/food-industry-donations\/","og_locale":"vi_VN","og_type":"article","og_title":"Food Industry Donations, FIND Food Bank Fundraisers","og_description":"Food companies of all types and sizes make an impact in our community by donating their products to FIND Food Bank.","og_url":"https:\/\/findfoodbank.org\/vi\/get-involved\/corporate-support\/food-industry-donations\/","og_site_name":"FIND Food Bank","article_modified_time":"2024-09-20T18:52:04+00:00","og_image":[{"width":2560,"height":1707,"url":"https:\/\/findfoodbank.org\/wp-content\/uploads\/2024\/05\/DSC_0065-scaled.jpg","type":"image\/jpeg"}],"twitter_card":"summary_large_image","twitter_misc":{"\u01af\u1edbc t\u00ednh th\u1eddi gian \u0111\u1ecdc":"4 ph\u00fat"},"schema":{"@context":"https:\/\/schema.org","@graph":[{"@type":"WebPage","@id":"https:\/\/findfoodbank.org\/get-involved\/corporate-support\/food-industry-donations\/","url":"https:\/\/findfoodbank.org\/get-involved\/corporate-support\/food-industry-donations\/","name":"Food Industry Donations, FIND Food Bank Fundraisers","isPartOf":{"@id":"https:\/\/findfoodbank.org\/#website"},"primaryImageOfPage":{"@id":"https:\/\/findfoodbank.org\/get-involved\/corporate-support\/food-industry-donations\/#primaryimage"},"image":{"@id":"https:\/\/findfoodbank.org\/get-involved\/corporate-support\/food-industry-donations\/#primaryimage"},"thumbnailUrl":"https:\/\/findfoodbank.org\/wp-content\/uploads\/2024\/05\/DSC_0065-scaled.jpg","datePublished":"2021-06-17T00:15:17+00:00","dateModified":"2024-09-20T18:52:04+00:00","description":"Food companies of all types and sizes make an impact in our community by donating their products to FIND Food Bank.","breadcrumb":{"@id":"https:\/\/findfoodbank.org\/get-involved\/corporate-support\/food-industry-donations\/#breadcrumb"},"inLanguage":"vi","potentialAction":[{"@type":"ReadAction","target":["https:\/\/findfoodbank.org\/get-involved\/corporate-support\/food-industry-donations\/"]}]},{"@type":"ImageObject","inLanguage":"vi","@id":"https:\/\/findfoodbank.org\/get-involved\/corporate-support\/food-industry-donations\/#primaryimage","url":"https:\/\/findfoodbank.org\/wp-content\/uploads\/2024\/05\/DSC_0065-scaled.jpg","contentUrl":"https:\/\/findfoodbank.org\/wp-content\/uploads\/2024\/05\/DSC_0065-scaled.jpg","width":2560,"height":1707},{"@type":"BreadcrumbList","@id":"https:\/\/findfoodbank.org\/get-involved\/corporate-support\/food-industry-donations\/#breadcrumb","itemListElement":[{"@type":"ListItem","position":1,"name":"Home","item":"https:\/\/findfoodbank.org\/"},{"@type":"ListItem","position":2,"name":"Get Involved","item":"https:\/\/findfoodbank.org\/get-involved\/"},{"@type":"ListItem","position":3,"name":"Corporate Support","item":"https:\/\/findfoodbank.org\/get-involved\/corporate-support\/"},{"@type":"ListItem","position":4,"name":"Food Industry Donations"}]},{"@type":"WebSite","@id":"https:\/\/findfoodbank.org\/#website","url":"https:\/\/findfoodbank.org\/","name":"T\u00ccM Ng\u00e2n h\u00e0ng Th\u1ef1c ph\u1ea9m","description":"Ng\u00e2n h\u00e0ng l\u01b0\u01a1ng th\u1ef1c khu v\u1ef1c c\u1ee7a sa m\u1ea1c","publisher":{"@id":"https:\/\/findfoodbank.org\/#organization"},"potentialAction":[{"@type":"SearchAction","target":{"@type":"EntryPoint","urlTemplate":"https:\/\/findfoodbank.org\/?s={search_term_string}"},"query-input":{"@type":"PropertyValueSpecification","valueRequired":true,"valueName":"search_term_string"}}],"inLanguage":"vi"},{"@type":"Organization","@id":"https:\/\/findfoodbank.org\/#organization","name":"T\u00ccM Ng\u00e2n h\u00e0ng Th\u1ef1c ph\u1ea9m","url":"https:\/\/findfoodbank.org\/","logo":{"@type":"ImageObject","inLanguage":"vi","@id":"https:\/\/findfoodbank.org\/#\/schema\/logo\/image\/","url":"https:\/\/findfoodbank.org\/wp-content\/uploads\/2025\/09\/FIND-logo25-horizontal_4c.png","contentUrl":"https:\/\/findfoodbank.org\/wp-content\/uploads\/2025\/09\/FIND-logo25-horizontal_4c.png","width":1189,"height":373,"caption":"FIND Food Bank"},"image":{"@id":"https:\/\/findfoodbank.org\/#\/schema\/logo\/image\/"}}]}},"ticketed":false,"_links":{"self":[{"href":"https:\/\/findfoodbank.org\/vi\/wp-json\/wp\/v2\/pages\/1613","targetHints":{"allow":["GET"]}}],"collection":[{"href":"https:\/\/findfoodbank.org\/vi\/wp-json\/wp\/v2\/pages"}],"about":[{"href":"https:\/\/findfoodbank.org\/vi\/wp-json\/wp\/v2\/types\/page"}],"author":[{"embeddable":true,"href":"https:\/\/findfoodbank.org\/vi\/wp-json\/wp\/v2\/users\/15"}],"replies":[{"embeddable":true,"href":"https:\/\/findfoodbank.org\/vi\/wp-json\/wp\/v2\/comments?post=1613"}],"version-history":[{"count":15,"href":"https:\/\/findfoodbank.org\/vi\/wp-json\/wp\/v2\/pages\/1613\/revisions"}],"predecessor-version":[{"id":14482,"href":"https:\/\/findfoodbank.org\/vi\/wp-json\/wp\/v2\/pages\/1613\/revisions\/14482"}],"up":[{"embeddable":true,"href":"https:\/\/findfoodbank.org\/vi\/wp-json\/wp\/v2\/pages\/1408"}],"wp:featuredmedia":[{"embeddable":true,"href":"https:\/\/findfoodbank.org\/vi\/wp-json\/wp\/v2\/media\/13715"}],"wp:attachment":[{"href":"https:\/\/findfoodbank.org\/vi\/wp-json\/wp\/v2\/media?parent=1613"}],"curies":[{"name":"wp","href":"https:\/\/api.w.org\/{rel}","templated":true}]}}