{"id":1466,"date":"2021-06-05T20:49:15","date_gmt":"2021-06-05T20:49:15","guid":{"rendered":"http:\/\/findfoodbank.flywheelsites.com\/?page_id=1466"},"modified":"2025-12-30T14:12:36","modified_gmt":"2025-12-30T22:12:36","slug":"nutrition","status":"publish","type":"page","link":"https:\/\/findfoodbank.org\/vi\/programs-services\/nutrition\/","title":{"rendered":"Dinh d\u01b0\u1ee1ng"},"content":{"rendered":"<div class=\"gb-container gb-container-2a2a482c alignfull\">\n<div class=\"gb-container gb-container-1d41165f\">\n<div class=\"gb-grid-wrapper gb-grid-wrapper-5ef8ce6c\">\n<div class=\"gb-grid-column gb-grid-column-19108800\"><div class=\"gb-container gb-container-19108800\">\n<nav class=\"is-responsive  is-vertical wp-block-navigation is-layout-flex wp-container-core-navigation-is-layout-8cf370e7 wp-block-navigation-is-layout-flex\" aria-label=\"Programs &amp; Services\" \n\t\t data-wp-interactive=\"core\/navigation\" data-wp-context='{\"overlayOpenedBy\":{\"click\":false,\"hover\":false,\"focus\":false},\"type\":\"overlay\",\"roleAttribute\":\"\",\"ariaLabel\":\"Menu\"}'><button aria-haspopup=\"dialog\" aria-label=\"M\u1edf menu\" class=\"wp-block-navigation__responsive-container-open\" \n\t\t\t\tdata-wp-on--click=\"actions.openMenuOnClick\"\n\t\t\t\tdata-wp-on--keydown=\"actions.handleMenuKeydown\"\n\t\t\t><svg width=\"24\" height=\"24\" xmlns=\"http:\/\/www.w3.org\/2000\/svg\" viewbox=\"0 0 24 24\" aria-hidden=\"true\" focusable=\"false\"><path d=\"M4 7.5h16v1.5H4z\"><\/path><path d=\"M4 15h16v1.5H4z\"><\/path><\/svg><\/button>\n\t\t\t\t<div class=\"wp-block-navigation__responsive-container\"  id=\"modal-1\" \n\t\t\t\tdata-wp-class--has-modal-open=\"state.isMenuOpen\"\n\t\t\t\tdata-wp-class--is-menu-open=\"state.isMenuOpen\"\n\t\t\t\tdata-wp-watch=\"callbacks.initMenu\"\n\t\t\t\tdata-wp-on--keydown=\"actions.handleMenuKeydown\"\n\t\t\t\tdata-wp-on--focusout=\"actions.handleMenuFocusout\"\n\t\t\t\ttabindex=\"-1\"\n\t\t\t>\n\t\t\t\t\t<div class=\"wp-block-navigation__responsive-close\" tabindex=\"-1\">\n\t\t\t\t\t\t<div class=\"wp-block-navigation__responsive-dialog\" \n\t\t\t\tdata-wp-bind--aria-modal=\"state.ariaModal\"\n\t\t\t\tdata-wp-bind--aria-label=\"state.ariaLabel\"\n\t\t\t\tdata-wp-bind--role=\"state.roleAttribute\"\n\t\t\t>\n\t\t\t\t\t\t\t<button aria-label=\"\u0110\u00f3ng menu\" class=\"wp-block-navigation__responsive-container-close\" \n\t\t\t\tdata-wp-on--click=\"actions.closeMenuOnClick\"\n\t\t\t><svg xmlns=\"http:\/\/www.w3.org\/2000\/svg\" viewbox=\"0 0 24 24\" width=\"24\" height=\"24\" aria-hidden=\"true\" focusable=\"false\"><path d=\"m13.06 12 6.47-6.47-1.06-1.06L12 10.94 5.53 4.47 4.47 5.53 10.94 12l-6.47 6.47 1.06 1.06L12 13.06l6.47 6.47 1.06-1.06L13.06 12Z\"><\/path><\/svg><\/button>\n\t\t\t\t\t\t\t<div class=\"wp-block-navigation__responsive-container-content\" \n\t\t\t\tdata-wp-watch=\"callbacks.focusFirstElement\"\n\t\t\t id=\"modal-1-content\">\n\t\t\t\t\t\t\t\t<ul class=\"wp-block-navigation__container is-responsive  is-vertical wp-block-navigation\"><li class=\"wp-block-navigation-item wp-block-navigation-link\"><a class=\"wp-block-navigation-item__content\"  href=\"https:\/\/findfoodbank.org\/vi\/programs-services\/community-agencies-mobile-markets\/\"><span class=\"wp-block-navigation-item__label\">\u0110\u1ea1i l\u00fd &amp; Th\u1ecb tr\u01b0\u1eddng Di \u0111\u1ed9ng<\/span><\/a><\/li><li class=\"wp-block-navigation-item wp-block-navigation-link\"><a class=\"wp-block-navigation-item__content\"  href=\"https:\/\/findfoodbank.org\/vi\/csfp\/\"><span class=\"wp-block-navigation-item__label\">Ch\u01b0\u01a1ng tr\u00ecnh Nu\u00f4i d\u01b0\u1ee1ng Ng\u01b0\u1eddi cao tu\u1ed5i<\/span><\/a><\/li><li class=\"wp-block-navigation-item wp-block-navigation-link\"><a class=\"wp-block-navigation-item__content\"  href=\"https:\/\/findfoodbank.org\/vi\/outreach-services\/\"><span class=\"wp-block-navigation-item__label\">D\u1ecbch v\u1ee5 Outreach<\/span><\/a><\/li><li class=\"wp-block-navigation-item wp-block-navigation-link\"><a class=\"wp-block-navigation-item__content\"  href=\"https:\/\/findfoodbank.org\/vi\/programs-services\/childrens-school-based-programs\/\"><span class=\"wp-block-navigation-item__label\">Children &amp; School-Based Programs<\/span><\/a><\/li><li class=\"wp-block-navigation-item wp-block-navigation-link\"><a class=\"wp-block-navigation-item__content\"  href=\"https:\/\/findfoodbank.org\/vi\/programs-services\/childrens-school-based-programs\/summer\/\"><span class=\"wp-block-navigation-item__label\">Kids Summer Market<\/span><\/a><\/li><li class=\"wp-block-navigation-item wp-block-navigation-link\"><a class=\"wp-block-navigation-item__content\"  href=\"https:\/\/findfoodbank.org\/vi\/opportunity-bank-activity-fee-scholarship\/\"><span class=\"wp-block-navigation-item__label\">Opportunity Bank <\/span><\/a><\/li><li class=\"wp-block-navigation-item wp-block-navigation-link\"><a class=\"wp-block-navigation-item__content\"  href=\"https:\/\/findfoodbank.org\/vi\/fyac\/\"><span class=\"wp-block-navigation-item__label\">FYAC<\/span><\/a><\/li><li class=\"wp-block-navigation-item wp-block-navigation-link\"><a class=\"wp-block-navigation-item__content\"  href=\"https:\/\/findfoodbank.org\/vi\/disaster-relief\/\"><span class=\"wp-block-navigation-item__label\">Disaster Relief<\/span><\/a><\/li><li class=\"wp-block-navigation-item wp-block-navigation-link\"><a class=\"wp-block-navigation-item__content\"  href=\"https:\/\/findfoodbank.org\/vi\/foodrescue\/\"><span class=\"wp-block-navigation-item__label\">Food Rescue <\/span><\/a><\/li><li class=\"wp-block-navigation-item wp-block-navigation-link\"><a class=\"wp-block-navigation-item__content\"  href=\"https:\/\/findfoodbank.org\/vi\/programs-services\/nutrition\/\"><span class=\"wp-block-navigation-item__label\">Dinh d\u01b0\u1ee1ng<\/span><\/a><\/li><li class=\"wp-block-navigation-item wp-block-navigation-link\"><a class=\"wp-block-navigation-item__content\"  href=\"https:\/\/findfoodbank.org\/vi\/programs-services\/calfresh\/\"><span class=\"wp-block-navigation-item__label\">Calfresh Benefits<\/span><\/a><\/li><li class=\"wp-block-navigation-item wp-block-navigation-link\"><a class=\"wp-block-navigation-item__content\"  href=\"https:\/\/findfoodbank.org\/vi\/programs-services\/community-health-workers\/\"><span class=\"wp-block-navigation-item__label\">Nh\u00e2n vi\u00ean Y t\u1ebf C\u1ed9ng \u0111\u1ed3ng<\/span><\/a><\/li><\/ul>\n\t\t\t\t\t\t\t<\/div>\n\t\t\t\t\t\t<\/div>\n\t\t\t\t\t<\/div>\n\t\t\t\t<\/div><\/nav>\n<\/div><\/div>\n\n<div class=\"gb-grid-column gb-grid-column-03a7f796\"><div class=\"gb-container gb-container-03a7f796\">\n\n<h4 class=\"gb-headline gb-headline-f9c754d6 gb-headline-text\">FIND Food Bank\u2019s food distributions are<\/h4>\n\n\n\n<h1 class=\"gb-headline gb-headline-e5007a98 gb-headline-text\"><strong>40-50% Fresh Produce<\/strong><\/h1>\n\n\n\n<p>Duy tr\u00ec m\u1ed9t l\u1ed1i s\u1ed1ng l\u00e0nh m\u1ea1nh b\u1eaft \u0111\u1ea7u v\u1edbi m\u1ed9t \u0111\u0129a \u0111\u1ea7y m\u00e0u s\u1eafc v\u00e0 m\u1ed9t s\u1ed1 b\u00e0i t\u1eadp th\u1ec3 d\u1ee5c! Ch\u00ednh s\u00e1ch dinh d\u01b0\u1ee1ng c\u1ee7a FIND t\u1eadp trung v\u00e0o n\u0103m nh\u00f3m th\u1ef1c ph\u1ea9m ch\u00ednh trong vi\u1ec7c mua v\u00e0 ph\u00e2n ph\u1ed1i th\u1ef1c ph\u1ea9m cho m\u1ea1ng l\u01b0\u1edbi c\u1ee7a ch\u00fang t\u00f4i. Vi\u1ec7c ph\u00e2n ph\u1ed1i c\u00f4ng b\u1eb1ng tr\u00e1i c\u00e2y t\u01b0\u01a1i, rau, protein, s\u1eefa v\u00e0 ng\u0169 c\u1ed1c nguy\u00ean h\u1ea1t c\u1ee7a ch\u00fang t\u00f4i ph\u00f9 h\u1ee3p v\u1edbi c\u00e1c khuy\u1ebfn ngh\u1ecb c\u1ee7a USDA MyPlate v\u1ec1 m\u1ed9t ch\u1ebf \u0111\u1ed9 \u0103n u\u1ed1ng \u0111\u1ea7y \u0111\u1ee7 dinh d\u01b0\u1ee1ng.<\/p>\n\n\n\n<p><a href=\"https:\/\/hungerandhealth.feedingamerica.org\/healthy-recipes\/\" target=\"_blank\" rel=\"noreferrer noopener\">Nu\u00f4i d\u01b0\u1ee1ng ng\u01b0\u1eddi M\u1ef9 \u0110\u00f3i + S\u1ee9c kh\u1ecfe: C\u00f4ng th\u1ee9c n\u1ea5u \u0103n l\u00e0nh m\u1ea1nh<\/a><\/p>\n\n<\/div><\/div>\n<\/div>\n<\/div>\n\n<div class=\"gb-container gb-container-5d695e4a\">\n\n<h5 class=\"gb-headline gb-headline-4f441e3a gb-headline-text\">Fighting Diabetes in Adults Facing Hunger<\/h5>\n\n\n<div class=\"gb-grid-wrapper gb-grid-wrapper-3dcf3e18\">\n<div class=\"gb-grid-column gb-grid-column-7635541c\"><div class=\"gb-container gb-container-7635541c\">\n\n<figure class=\"wp-block-embed is-type-video is-provider-youtube wp-block-embed-youtube wp-embed-aspect-16-9 wp-has-aspect-ratio\"><div class=\"wp-block-embed__wrapper\">\n<iframe loading=\"lazy\" title=\"Guerillmina cocinaron los huevos rancheros\" width=\"1200\" height=\"675\" src=\"https:\/\/www.youtube.com\/embed\/iZnpD_Zy7hw?feature=oembed\" frameborder=\"0\" allow=\"accelerometer; autoplay; clipboard-write; encrypted-media; gyroscope; picture-in-picture; web-share\" referrerpolicy=\"strict-origin-when-cross-origin\" allowfullscreen><\/iframe>\n<\/div><\/figure>\n\n<\/div><\/div>\n\n<div class=\"gb-grid-column gb-grid-column-c8cc7261\"><div class=\"gb-container gb-container-c8cc7261\">\n\n<figure class=\"wp-block-embed is-type-video is-provider-youtube wp-block-embed-youtube wp-embed-aspect-16-9 wp-has-aspect-ratio\"><div class=\"wp-block-embed__wrapper\">\n<iframe loading=\"lazy\" title=\"Mina y Cesar demoraci\u00f3n de cocina\" width=\"1200\" height=\"675\" src=\"https:\/\/www.youtube.com\/embed\/tUFZpYbohQs?feature=oembed\" frameborder=\"0\" allow=\"accelerometer; autoplay; clipboard-write; encrypted-media; gyroscope; picture-in-picture; web-share\" referrerpolicy=\"strict-origin-when-cross-origin\" allowfullscreen><\/iframe>\n<\/div><\/figure>\n\n<\/div><\/div>\n<\/div>\n\n\n<h2 class=\"gb-headline gb-headline-76be3d9f gb-headline-text\">Watch more Ancestral Recipe videos on <strong><a href=\"https:\/\/www.youtube.com\/user\/FINDFoodBank\/videos?view=0&amp;sort=dd&amp;shelf_id=0\" target=\"_blank\" rel=\"noreferrer noopener\">FIND\u2019s YouTube Channel<\/a><\/strong><\/h2>\n\n<\/div>\n\n<div class=\"gb-container gb-container-a68cf7f4\">\n\n<p class=\"has-text-align-left\">The Patient-Centered Outcomes Research Institute (PCORI) grant funded a partnership between the patient communities in the eastern Coachella Valley, the University of California Riverside, FIND Food Bank, and the University of California Los Angeles. Utilizing the food items FIND distributes to the community and USDA\u2019s MyPlate, the recipes are tailored to ensure ingredients are available and affordable to the patient community in the eastern Coachella Valley. Community members contributed their own family recipes and chose the theme \u201cAncestral Recipes: From My Grandma\u2019s Kitchen to Yours.\u201d<\/p>\n\n\n\n<h5 class=\"gb-headline gb-headline-7e1eb401 gb-headline-text\">Ancestral Recipes CookbookS<\/h5>\n\n\n<div class=\"gb-container gb-container-15d71124\">\n\n<a class=\"gb-button gb-button-7a78c840 gb-button-text hardshadow\" href=\"https:\/\/findfoodbank.org\/wp-content\/uploads\/2021\/09\/English-Ancestral-Recipe-Cookbook.pdf\" target=\"_blank\" rel=\"noopener noreferrer\">S\u00e1ch n\u1ea5u \u0103n c\u00f4ng th\u1ee9c t\u1ed5 ti\u00ean c\u1ee7a ng\u01b0\u1eddi Anh<\/a>\n\n\n\n<a class=\"gb-button gb-button-da80b0f8 gb-button-text hardshadow\" href=\"https:\/\/findfoodbank.org\/wp-content\/uploads\/2022\/06\/Recetas-Ancestrales-en-Espanola.pdf\" target=\"_blank\" rel=\"noopener noreferrer\">Recetas Ancestrales en Espa\u00f1ola<\/a>\n\n\n\n<a class=\"gb-button gb-button-627e9671 gb-button-text hardshadow\" href=\"https:\/\/findfoodbank.org\/wp-content\/uploads\/2022\/06\/Recetas-Ancestrales-Pure%CC%81pecha.pdf\" target=\"_blank\" rel=\"noopener noreferrer\">Recetas Ancestrales Pure\u0301pecha<\/a>\n\n<\/div>\n\n\n<h1 class=\"gb-headline gb-headline-723e7160 gb-headline-text\"><strong>Ti\u00eau \u0111i\u1ec3m v\u1ec1 s\u1ee9c kh\u1ecfe v\u00e0 dinh d\u01b0\u1ee1ng tr\u1ebb em<\/strong><\/h1>\n\n\n\n<p><strong>Childhood food insecurity caused by inadequate access to healthy food has increased the prevalence of chronic health conditions.<\/strong><\/p>\n\n\n\n<p><strong>Children who don\u2019t have enough to eat are more likely to face poverty as an adult, developmental issues, mental health problems, and chronic diseases such as diabetes, obesity, and heart conditions.<\/strong><\/p>\n\n\n\n<a class=\"gb-button gb-button-2ac0d3b2\" href=\"https:\/\/hungerandhealth.feedingamerica.org\/wp-content\/uploads\/2021\/09\/FA_HealthEQ_Closer-Look_AHG_final_updated-stats.10132021.pdf\" target=\"_blank\" rel=\"noopener noreferrer\"><span class=\"gb-icon\"><svg aria-hidden=\"true\" role=\"img\" height=\"1em\" width=\"1em\" viewbox=\"0 0 256 512\" xmlns=\"http:\/\/www.w3.org\/2000\/svg\"><path fill=\"currentColor\" d=\"M224.3 273l-136 136c-9.4 9.4-24.6 9.4-33.9 0l-22.6-22.6c-9.4-9.4-9.4-24.6 0-33.9l96.4-96.4-96.4-96.4c-9.4-9.4-9.4-24.6 0-33.9L54.3 103c9.4-9.4 24.6-9.4 33.9 0l136 136c9.5 9.4 9.5 24.6.1 34z\"><\/path><\/svg><\/span><span class=\"gb-button-text\">Learn more<\/span><\/a>\n\n\n<div class=\"gb-container gb-container-98d9ff02\">\n\n<h1 class=\"wp-block-heading has-text-align-center has-base-3-color has-text-color\">C\u00e1i \u0111\u00f3i l\u00e0m \u1ea3nh h\u01b0\u1edfng \u0111\u1ebfn s\u1ee9c kh\u1ecfe c\u1ee7a ch\u00fang ta<\/h1>\n\n\n\n<p>For example, for food-insecure adults&nbsp;living with diabetes, the choice between food and controlling the disease can even lead to complications like kidney disease, eye disease, and nerve damage.<\/p>\n\n\n\n<ul class=\"wp-block-list\">\n<li>Th\u1ef1c ph\u1ea9m kh\u00f4ng an to\u00e0n c\u00f3 th\u1ec3 d\u1eabn \u0111\u1ebfn b\u1ec7nh ti\u1ec3u \u0111\u01b0\u1eddng lo\u1ea1i 2, huy\u1ebft \u00e1p cao, b\u1ec7nh tim v\u00e0 b\u00e9o ph\u00ec.<\/li>\n\n\n\n<li><strong>58%<\/strong> trong s\u1ed1 c\u00e1c h\u1ed9 gia \u0111\u00ecnh \u0111\u01b0\u1ee3c ph\u1ee5c v\u1ee5 b\u1edfi m\u1ea1ng l\u01b0\u1edbi Feeding America qu\u1ed1c gia c\u00f3 m\u1ed9t th\u00e0nh vi\u00ean b\u1ecb huy\u1ebft \u00e1p cao v\u00e0 <strong>h\u01a1n m\u1ed9t ph\u1ea7n ba <\/strong>c\u00f3 m\u1ed9t th\u00e0nh vi\u00ean b\u1ecb b\u1ec7nh ti\u1ec3u \u0111\u01b0\u1eddng.<\/li>\n\n\n\n<li>Tr\u1ebb em c\u00f3 nguy c\u01a1 b\u1ecb \u0111\u00f3i th\u01b0\u1eddng c\u00f3 s\u1ee9c kh\u1ecfe k\u00e9m v\u00e0 g\u1eb7p kh\u00f3 kh\u0103n trong tr\u01b0\u1eddng h\u1ecdc.<\/li>\n<\/ul>\n\n<\/div>\n<\/div>\n<\/div>","protected":false},"excerpt":{"rendered":"<p> &#8230; <a title=\"Dinh d\u01b0\u1ee1ng\" class=\"read-more\" href=\"https:\/\/findfoodbank.org\/vi\/programs-services\/nutrition\/\" aria-label=\"\u0110\u1ecdc th\u00eam v\u1ec1 Nutrition\">Read more<\/a><\/p>","protected":false},"author":15,"featured_media":2101,"parent":1167,"menu_order":0,"comment_status":"closed","ping_status":"closed","template":"","meta":{"_monsterinsights_skip_tracking":false,"_monsterinsights_sitenote_active":false,"_monsterinsights_sitenote_note":"","_monsterinsights_sitenote_category":0,"_price":"","_stock":"","_tribe_ticket_header":"","_tribe_default_ticket_provider":"","_tribe_ticket_capacity":"0","_ticket_start_date":"","_ticket_end_date":"","_tribe_ticket_show_description":"","_tribe_ticket_show_not_going":false,"_tribe_ticket_use_global_stock":"","_tribe_ticket_global_stock_level":"","_global_stock_mode":"","_global_stock_cap":"","_tribe_rsvp_for_event":"","_tribe_ticket_going_count":"","_tribe_ticket_not_going_count":"","_tribe_tickets_list":"[]","_tribe_ticket_has_attendee_info_fields":false,"footnotes":"","_tec_slr_enabled":"","_tec_slr_layout":""},"class_list":["post-1466","page","type-page","status-publish","has-post-thumbnail","resize-featured-image"],"yoast_head":"<!-- This site is optimized with the Yoast SEO plugin v27.3 - https:\/\/yoast.com\/product\/yoast-seo-wordpress\/ -->\n<title>Nutrition Food Distribution, FIND Food Bank, Food Drive<\/title>\n<meta name=\"description\" content=\"FIND Food Bank\u2019s food distributions are 40-50% Fresh Produce. Maintaining a healthy lifestyle starts with a colorful plate and some exercise!\" \/>\n<meta name=\"robots\" content=\"index, follow, max-snippet:-1, max-image-preview:large, max-video-preview:-1\" \/>\n<link rel=\"canonical\" href=\"https:\/\/findfoodbank.org\/vi\/programs-services\/nutrition\/\" \/>\n<meta property=\"og:locale\" content=\"vi_VN\" \/>\n<meta property=\"og:type\" content=\"article\" \/>\n<meta property=\"og:title\" content=\"Nutrition Food Distribution, FIND Food Bank, Food Drive\" \/>\n<meta property=\"og:description\" content=\"FIND Food Bank\u2019s food distributions are 40-50% Fresh Produce. Maintaining a healthy lifestyle starts with a colorful plate and some exercise!\" \/>\n<meta property=\"og:url\" content=\"https:\/\/findfoodbank.org\/vi\/programs-services\/nutrition\/\" \/>\n<meta property=\"og:site_name\" content=\"FIND Food Bank\" \/>\n<meta property=\"article:modified_time\" content=\"2025-12-30T22:12:36+00:00\" \/>\n<meta property=\"og:image\" content=\"https:\/\/findfoodbank.org\/wp-content\/uploads\/2021\/06\/Hero_DHCD.jpg\" \/>\n\t<meta property=\"og:image:width\" content=\"1600\" \/>\n\t<meta property=\"og:image:height\" content=\"447\" \/>\n\t<meta property=\"og:image:type\" content=\"image\/jpeg\" \/>\n<meta name=\"twitter:card\" content=\"summary_large_image\" \/>\n<meta name=\"twitter:label1\" content=\"\u01af\u1edbc t\u00ednh th\u1eddi gian \u0111\u1ecdc\" \/>\n\t<meta name=\"twitter:data1\" content=\"2 ph\u00fat\" \/>\n<script type=\"application\/ld+json\" class=\"yoast-schema-graph\">{\"@context\":\"https:\\\/\\\/schema.org\",\"@graph\":[{\"@type\":\"WebPage\",\"@id\":\"https:\\\/\\\/findfoodbank.org\\\/programs-services\\\/nutrition\\\/\",\"url\":\"https:\\\/\\\/findfoodbank.org\\\/programs-services\\\/nutrition\\\/\",\"name\":\"Nutrition Food Distribution, FIND Food Bank, Food Drive\",\"isPartOf\":{\"@id\":\"https:\\\/\\\/findfoodbank.org\\\/#website\"},\"primaryImageOfPage\":{\"@id\":\"https:\\\/\\\/findfoodbank.org\\\/programs-services\\\/nutrition\\\/#primaryimage\"},\"image\":{\"@id\":\"https:\\\/\\\/findfoodbank.org\\\/programs-services\\\/nutrition\\\/#primaryimage\"},\"thumbnailUrl\":\"https:\\\/\\\/findfoodbank.org\\\/wp-content\\\/uploads\\\/2021\\\/06\\\/Hero_DHCD.jpg\",\"datePublished\":\"2021-06-05T20:49:15+00:00\",\"dateModified\":\"2025-12-30T22:12:36+00:00\",\"description\":\"FIND Food Bank\u2019s food distributions are 40-50% Fresh Produce. Maintaining a healthy lifestyle starts with a colorful plate and some exercise!\",\"breadcrumb\":{\"@id\":\"https:\\\/\\\/findfoodbank.org\\\/programs-services\\\/nutrition\\\/#breadcrumb\"},\"inLanguage\":\"vi\",\"potentialAction\":[{\"@type\":\"ReadAction\",\"target\":[\"https:\\\/\\\/findfoodbank.org\\\/programs-services\\\/nutrition\\\/\"]}]},{\"@type\":\"ImageObject\",\"inLanguage\":\"vi\",\"@id\":\"https:\\\/\\\/findfoodbank.org\\\/programs-services\\\/nutrition\\\/#primaryimage\",\"url\":\"https:\\\/\\\/findfoodbank.org\\\/wp-content\\\/uploads\\\/2021\\\/06\\\/Hero_DHCD.jpg\",\"contentUrl\":\"https:\\\/\\\/findfoodbank.org\\\/wp-content\\\/uploads\\\/2021\\\/06\\\/Hero_DHCD.jpg\",\"width\":1600,\"height\":447,\"caption\":\"DHCD\"},{\"@type\":\"BreadcrumbList\",\"@id\":\"https:\\\/\\\/findfoodbank.org\\\/programs-services\\\/nutrition\\\/#breadcrumb\",\"itemListElement\":[{\"@type\":\"ListItem\",\"position\":1,\"name\":\"Home\",\"item\":\"https:\\\/\\\/findfoodbank.org\\\/\"},{\"@type\":\"ListItem\",\"position\":2,\"name\":\"Programs &#038; Services\",\"item\":\"https:\\\/\\\/findfoodbank.org\\\/programs-services\\\/\"},{\"@type\":\"ListItem\",\"position\":3,\"name\":\"Nutrition\"}]},{\"@type\":\"WebSite\",\"@id\":\"https:\\\/\\\/findfoodbank.org\\\/#website\",\"url\":\"https:\\\/\\\/findfoodbank.org\\\/\",\"name\":\"FIND Food Bank\",\"description\":\"The Desert's Regional Food Bank\",\"publisher\":{\"@id\":\"https:\\\/\\\/findfoodbank.org\\\/#organization\"},\"potentialAction\":[{\"@type\":\"SearchAction\",\"target\":{\"@type\":\"EntryPoint\",\"urlTemplate\":\"https:\\\/\\\/findfoodbank.org\\\/?s={search_term_string}\"},\"query-input\":{\"@type\":\"PropertyValueSpecification\",\"valueRequired\":true,\"valueName\":\"search_term_string\"}}],\"inLanguage\":\"vi\"},{\"@type\":\"Organization\",\"@id\":\"https:\\\/\\\/findfoodbank.org\\\/#organization\",\"name\":\"FIND Food Bank\",\"url\":\"https:\\\/\\\/findfoodbank.org\\\/\",\"logo\":{\"@type\":\"ImageObject\",\"inLanguage\":\"vi\",\"@id\":\"https:\\\/\\\/findfoodbank.org\\\/#\\\/schema\\\/logo\\\/image\\\/\",\"url\":\"https:\\\/\\\/findfoodbank.org\\\/wp-content\\\/uploads\\\/2025\\\/09\\\/FIND-logo25-horizontal_4c.png\",\"contentUrl\":\"https:\\\/\\\/findfoodbank.org\\\/wp-content\\\/uploads\\\/2025\\\/09\\\/FIND-logo25-horizontal_4c.png\",\"width\":1189,\"height\":373,\"caption\":\"FIND Food Bank\"},\"image\":{\"@id\":\"https:\\\/\\\/findfoodbank.org\\\/#\\\/schema\\\/logo\\\/image\\\/\"}}]}<\/script>\n<!-- \/ Yoast SEO plugin. -->","yoast_head_json":{"title":"Nutrition Food Distribution, FIND Food Bank, Food Drive","description":"FIND Food Bank\u2019s food distributions are 40-50% Fresh Produce. Maintaining a healthy lifestyle starts with a colorful plate and some exercise!","robots":{"index":"index","follow":"follow","max-snippet":"max-snippet:-1","max-image-preview":"max-image-preview:large","max-video-preview":"max-video-preview:-1"},"canonical":"https:\/\/findfoodbank.org\/vi\/programs-services\/nutrition\/","og_locale":"vi_VN","og_type":"article","og_title":"Nutrition Food Distribution, FIND Food Bank, Food Drive","og_description":"FIND Food Bank\u2019s food distributions are 40-50% Fresh Produce. Maintaining a healthy lifestyle starts with a colorful plate and some exercise!","og_url":"https:\/\/findfoodbank.org\/vi\/programs-services\/nutrition\/","og_site_name":"FIND Food Bank","article_modified_time":"2025-12-30T22:12:36+00:00","og_image":[{"width":1600,"height":447,"url":"https:\/\/findfoodbank.org\/wp-content\/uploads\/2021\/06\/Hero_DHCD.jpg","type":"image\/jpeg"}],"twitter_card":"summary_large_image","twitter_misc":{"\u01af\u1edbc t\u00ednh th\u1eddi gian \u0111\u1ecdc":"2 ph\u00fat"},"schema":{"@context":"https:\/\/schema.org","@graph":[{"@type":"WebPage","@id":"https:\/\/findfoodbank.org\/programs-services\/nutrition\/","url":"https:\/\/findfoodbank.org\/programs-services\/nutrition\/","name":"Nutrition Food Distribution, FIND Food Bank, Food Drive","isPartOf":{"@id":"https:\/\/findfoodbank.org\/#website"},"primaryImageOfPage":{"@id":"https:\/\/findfoodbank.org\/programs-services\/nutrition\/#primaryimage"},"image":{"@id":"https:\/\/findfoodbank.org\/programs-services\/nutrition\/#primaryimage"},"thumbnailUrl":"https:\/\/findfoodbank.org\/wp-content\/uploads\/2021\/06\/Hero_DHCD.jpg","datePublished":"2021-06-05T20:49:15+00:00","dateModified":"2025-12-30T22:12:36+00:00","description":"FIND Food Bank\u2019s food distributions are 40-50% Fresh Produce. Maintaining a healthy lifestyle starts with a colorful plate and some exercise!","breadcrumb":{"@id":"https:\/\/findfoodbank.org\/programs-services\/nutrition\/#breadcrumb"},"inLanguage":"vi","potentialAction":[{"@type":"ReadAction","target":["https:\/\/findfoodbank.org\/programs-services\/nutrition\/"]}]},{"@type":"ImageObject","inLanguage":"vi","@id":"https:\/\/findfoodbank.org\/programs-services\/nutrition\/#primaryimage","url":"https:\/\/findfoodbank.org\/wp-content\/uploads\/2021\/06\/Hero_DHCD.jpg","contentUrl":"https:\/\/findfoodbank.org\/wp-content\/uploads\/2021\/06\/Hero_DHCD.jpg","width":1600,"height":447,"caption":"DHCD"},{"@type":"BreadcrumbList","@id":"https:\/\/findfoodbank.org\/programs-services\/nutrition\/#breadcrumb","itemListElement":[{"@type":"ListItem","position":1,"name":"Home","item":"https:\/\/findfoodbank.org\/"},{"@type":"ListItem","position":2,"name":"Programs &#038; Services","item":"https:\/\/findfoodbank.org\/programs-services\/"},{"@type":"ListItem","position":3,"name":"Nutrition"}]},{"@type":"WebSite","@id":"https:\/\/findfoodbank.org\/#website","url":"https:\/\/findfoodbank.org\/","name":"T\u00ccM Ng\u00e2n h\u00e0ng Th\u1ef1c ph\u1ea9m","description":"Ng\u00e2n h\u00e0ng l\u01b0\u01a1ng th\u1ef1c khu v\u1ef1c c\u1ee7a sa m\u1ea1c","publisher":{"@id":"https:\/\/findfoodbank.org\/#organization"},"potentialAction":[{"@type":"SearchAction","target":{"@type":"EntryPoint","urlTemplate":"https:\/\/findfoodbank.org\/?s={search_term_string}"},"query-input":{"@type":"PropertyValueSpecification","valueRequired":true,"valueName":"search_term_string"}}],"inLanguage":"vi"},{"@type":"Organization","@id":"https:\/\/findfoodbank.org\/#organization","name":"T\u00ccM Ng\u00e2n h\u00e0ng Th\u1ef1c ph\u1ea9m","url":"https:\/\/findfoodbank.org\/","logo":{"@type":"ImageObject","inLanguage":"vi","@id":"https:\/\/findfoodbank.org\/#\/schema\/logo\/image\/","url":"https:\/\/findfoodbank.org\/wp-content\/uploads\/2025\/09\/FIND-logo25-horizontal_4c.png","contentUrl":"https:\/\/findfoodbank.org\/wp-content\/uploads\/2025\/09\/FIND-logo25-horizontal_4c.png","width":1189,"height":373,"caption":"FIND Food Bank"},"image":{"@id":"https:\/\/findfoodbank.org\/#\/schema\/logo\/image\/"}}]}},"ticketed":false,"_links":{"self":[{"href":"https:\/\/findfoodbank.org\/vi\/wp-json\/wp\/v2\/pages\/1466","targetHints":{"allow":["GET"]}}],"collection":[{"href":"https:\/\/findfoodbank.org\/vi\/wp-json\/wp\/v2\/pages"}],"about":[{"href":"https:\/\/findfoodbank.org\/vi\/wp-json\/wp\/v2\/types\/page"}],"author":[{"embeddable":true,"href":"https:\/\/findfoodbank.org\/vi\/wp-json\/wp\/v2\/users\/15"}],"replies":[{"embeddable":true,"href":"https:\/\/findfoodbank.org\/vi\/wp-json\/wp\/v2\/comments?post=1466"}],"version-history":[{"count":15,"href":"https:\/\/findfoodbank.org\/vi\/wp-json\/wp\/v2\/pages\/1466\/revisions"}],"predecessor-version":[{"id":17407,"href":"https:\/\/findfoodbank.org\/vi\/wp-json\/wp\/v2\/pages\/1466\/revisions\/17407"}],"up":[{"embeddable":true,"href":"https:\/\/findfoodbank.org\/vi\/wp-json\/wp\/v2\/pages\/1167"}],"wp:featuredmedia":[{"embeddable":true,"href":"https:\/\/findfoodbank.org\/vi\/wp-json\/wp\/v2\/media\/2101"}],"wp:attachment":[{"href":"https:\/\/findfoodbank.org\/vi\/wp-json\/wp\/v2\/media?parent=1466"}],"curies":[{"name":"wp","href":"https:\/\/api.w.org\/{rel}","templated":true}]}}