{"id":1459,"date":"2021-06-05T20:34:01","date_gmt":"2021-06-05T20:34:01","guid":{"rendered":"http:\/\/findfoodbank.flywheelsites.com\/?page_id=1459"},"modified":"2023-09-26T19:33:29","modified_gmt":"2023-09-27T02:33:29","slug":"older-adult-programs","status":"publish","type":"page","link":"https:\/\/findfoodbank.org\/vi\/programs-services\/older-adult-programs\/","title":{"rendered":"Ch\u01b0\u01a1ng tr\u00ecnh d\u00e0nh cho ng\u01b0\u1eddi l\u1edbn tu\u1ed5i"},"content":{"rendered":"<div class=\"gb-container gb-container-56d5ded6 alignfull\">\n<div class=\"gb-container gb-container-4c6e852d\">\n<div class=\"gb-grid-wrapper gb-grid-wrapper-2180ed38\">\n<div class=\"gb-grid-column gb-grid-column-2ada1519\"><div class=\"gb-container gb-container-2ada1519\">\n<nav style=\"color: #324452;\" class=\"has-text-color  is-vertical wp-block-navigation is-layout-flex wp-container-core-navigation-is-layout-8cf370e7 wp-block-navigation-is-layout-flex\" aria-label=\"Programs &amp; Services\"><ul style=\"color: #324452;\" class=\"wp-block-navigation__container has-text-color  is-vertical wp-block-navigation\"><li class=\"wp-block-navigation-item wp-block-navigation-link\"><a class=\"wp-block-navigation-item__content\"  href=\"https:\/\/findfoodbank.org\/vi\/programs-services\/community-agencies-mobile-markets\/\"><span class=\"wp-block-navigation-item__label\">\u0110\u1ea1i l\u00fd &amp; Th\u1ecb tr\u01b0\u1eddng Di \u0111\u1ed9ng<\/span><\/a><\/li><li class=\"wp-block-navigation-item wp-block-navigation-link\"><a class=\"wp-block-navigation-item__content\"  href=\"https:\/\/findfoodbank.org\/vi\/csfp\/\"><span class=\"wp-block-navigation-item__label\">Ch\u01b0\u01a1ng tr\u00ecnh Nu\u00f4i d\u01b0\u1ee1ng Ng\u01b0\u1eddi cao tu\u1ed5i<\/span><\/a><\/li><li class=\"wp-block-navigation-item wp-block-navigation-link\"><a class=\"wp-block-navigation-item__content\"  href=\"https:\/\/findfoodbank.org\/vi\/outreach-services\/\"><span class=\"wp-block-navigation-item__label\">D\u1ecbch v\u1ee5 Outreach<\/span><\/a><\/li><li class=\"wp-block-navigation-item wp-block-navigation-link\"><a class=\"wp-block-navigation-item__content\"  href=\"https:\/\/findfoodbank.org\/vi\/programs-services\/childrens-school-based-programs\/\"><span class=\"wp-block-navigation-item__label\">Children &amp; School-Based Programs<\/span><\/a><\/li><li class=\"wp-block-navigation-item wp-block-navigation-link\"><a class=\"wp-block-navigation-item__content\"  href=\"https:\/\/findfoodbank.org\/vi\/programs-services\/childrens-school-based-programs\/summer\/\"><span class=\"wp-block-navigation-item__label\">Kids Summer Market<\/span><\/a><\/li><li class=\"wp-block-navigation-item wp-block-navigation-link\"><a class=\"wp-block-navigation-item__content\"  href=\"https:\/\/findfoodbank.org\/vi\/opportunity-bank-activity-fee-scholarship\/\"><span class=\"wp-block-navigation-item__label\">Opportunity Bank <\/span><\/a><\/li><li class=\"wp-block-navigation-item wp-block-navigation-link\"><a class=\"wp-block-navigation-item__content\"  href=\"https:\/\/findfoodbank.org\/vi\/fyac\/\"><span class=\"wp-block-navigation-item__label\">FYAC<\/span><\/a><\/li><li class=\"wp-block-navigation-item wp-block-navigation-link\"><a class=\"wp-block-navigation-item__content\"  href=\"https:\/\/findfoodbank.org\/vi\/disaster-relief\/\"><span class=\"wp-block-navigation-item__label\">Disaster Relief<\/span><\/a><\/li><li class=\"wp-block-navigation-item wp-block-navigation-link\"><a class=\"wp-block-navigation-item__content\"  href=\"https:\/\/findfoodbank.org\/vi\/foodrescue\/\"><span class=\"wp-block-navigation-item__label\">Food Rescue <\/span><\/a><\/li><li class=\"wp-block-navigation-item wp-block-navigation-link\"><a class=\"wp-block-navigation-item__content\"  href=\"https:\/\/findfoodbank.org\/vi\/programs-services\/nutrition\/\"><span class=\"wp-block-navigation-item__label\">Dinh d\u01b0\u1ee1ng<\/span><\/a><\/li><li class=\"wp-block-navigation-item wp-block-navigation-link\"><a class=\"wp-block-navigation-item__content\"  href=\"https:\/\/findfoodbank.org\/vi\/programs-services\/calfresh\/\"><span class=\"wp-block-navigation-item__label\">Calfresh Benefits<\/span><\/a><\/li><li class=\"wp-block-navigation-item wp-block-navigation-link\"><a class=\"wp-block-navigation-item__content\"  href=\"https:\/\/findfoodbank.org\/vi\/programs-services\/community-health-workers\/\"><span class=\"wp-block-navigation-item__label\">Nh\u00e2n vi\u00ean Y t\u1ebf C\u1ed9ng \u0111\u1ed3ng<\/span><\/a><\/li><\/ul><\/nav>\n<\/div><\/div>\n\n<div class=\"gb-grid-column gb-grid-column-dcbe71b4\"><div class=\"gb-container gb-container-dcbe71b4\">\n\n<h5 class=\"gb-headline gb-headline-f8265117 gb-headline-text\">Ch\u01b0\u01a1ng tr\u00ecnh d\u00e0nh cho ng\u01b0\u1eddi l\u1edbn tu\u1ed5i<\/h5>\n\n\n\n<figure class=\"gb-block-image gb-block-image-ce3c66c5\"><img loading=\"lazy\" decoding=\"async\" width=\"300\" height=\"256\" class=\"gb-image gb-image-ce3c66c5\" src=\"https:\/\/findfoodbank.org\/wp-content\/uploads\/2021\/06\/Older_Adult_Programs_FIND-300x256.jpg\" srcset=\"https:\/\/findfoodbank.org\/wp-content\/uploads\/2021\/06\/Older_Adult_Programs_FIND-300x256.jpg 300w, https:\/\/findfoodbank.org\/wp-content\/uploads\/2021\/06\/Older_Adult_Programs_FIND-480x409.jpg 480w, https:\/\/findfoodbank.org\/wp-content\/uploads\/2021\/06\/Older_Adult_Programs_FIND.jpg 600w\" sizes=\"auto, (max-width: 300px) 100vw, 300px\" \/><\/figure>\n\n\n\n<p>Ng\u01b0\u1eddi l\u1edbn tu\u1ed5i th\u01b0\u1eddng s\u1ed1ng b\u1eb1ng thu nh\u1eadp c\u1ed1 \u0111\u1ecbnh v\u00e0 c\u00f3 nguy c\u01a1 m\u1ea5t an to\u00e0n v\u1ec7 sinh th\u1ef1c ph\u1ea9m. Tr\u00ean th\u1ef1c t\u1ebf, <strong>23%<\/strong> nh\u1eefng ng\u01b0\u1eddi m\u00e0 ch\u00fang t\u00f4i ph\u1ee5c v\u1ee5 tr\u00ean 65 tu\u1ed5i. FIND cung c\u1ea5p h\u1ed7 tr\u1ee3 c\u00f3 m\u1ee5c ti\u00eau \u0111\u1ec3 ti\u1ebfp c\u1eadn nh\u00f3m d\u00e2n s\u1ed1 d\u1ec5 b\u1ecb t\u1ed5n th\u01b0\u01a1ng n\u00e0y. <\/p>\n\n\n\n<p>FIND t\u1ed5 ch\u1ee9c m\u1ed9t bu\u1ed5i ph\u00e2n ph\u1ed1i \u0111i b\u1ed9 ch\u1ec9 d\u00e0nh cho ng\u01b0\u1eddi cao tu\u1ed5i c\u00e1ch tu\u1ea7n m\u1ed9t l\u1ea7n t\u1ea1i <strong><a data-feathr-click-track=\"true\" href=\"https:\/\/findfoodbank.org\/vi\/map\/?_categories=la-quinta\" target=\"_blank\" rel=\"noopener\">Khu gi\u1ea3i tr\u00ed sa m\u1ea1c La Quinta.<\/a><\/strong> <\/p>\n\n\n\n<p>C\u1ea7n tr\u1ee3 gi\u00fap \u0111\u1ec3 ti\u1ebfp c\u1eadn th\u1ef1c ph\u1ea9m g\u1ea7n b\u1ea1n? <a data-feathr-click-track=\"true\" href=\"\/vi\/map\/\">B\u1ea5m v\u00e0o \u0111\u00e2y \u0111\u1ec3 t\u00ecm m\u1ed9t ch\u01b0\u01a1ng tr\u00ecnh th\u1ef1c ph\u1ea9m.<\/a><\/p>\n\n\n\n<h5 class=\"gb-headline gb-headline-08760338 gb-headline-text\">Commodity Supplement Food Program<\/h5>\n\n\n\n<p><span>CSFP ho\u1ea1t \u0111\u1ed9ng \u0111\u1ec3 c\u1ea3i thi\u1ec7n s\u1ee9c kh\u1ecfe c\u1ee7a c\u00e1c c\u00e1 nh\u00e2n \u00edt nh\u1ea5t 60 tu\u1ed5i b\u1eb1ng c\u00e1ch b\u1ed5 sung v\u00e0o ch\u1ebf \u0111\u1ed9 \u0103n u\u1ed1ng c\u1ee7a h\u1ecd c\u00e1c lo\u1ea1i th\u1ef1c ph\u1ea9m gi\u00e0u dinh d\u01b0\u1ee1ng c\u1ee7a USDA. CSFP l\u00e0 ch\u01b0\u01a1ng tr\u00ecnh th\u1ef1c ph\u1ea9m b\u1ed5 sung do B\u1ed9 N\u00f4ng nghi\u1ec7p Hoa K\u1ef3 (USDA) t\u00e0i tr\u1ee3 do B\u1ed9 D\u1ecbch v\u1ee5 X\u00e3 h\u1ed9i California (CDSS) qu\u1ea3n l\u00fd. Ch\u01b0\u01a1ng tr\u00ecnh cung c\u1ea5p h\u00e0ng h\u00f3a USDA cho m\u1ed9t m\u1ea1ng l\u01b0\u1edbi m\u01b0\u1eddi ng\u00e2n h\u00e0ng th\u1ef1c ph\u1ea9m, bao g\u1ed3m c\u1ea3 ng\u00e2n h\u00e0ng th\u1ef1c ph\u1ea9m FIND, \u0111\u1ec3 c\u1ea3i thi\u1ec7n s\u1ee9c kh\u1ecfe c\u1ee7a ng\u01b0\u1eddi cao ni\u00ean \u1edf California b\u1eb1ng c\u00e1ch cung c\u1ea5p th\u1ef1c ph\u1ea9m b\u1ed5 d\u01b0\u1ee1ng cho h\u1ecd.<\/span><\/p>\n\n\n\n<h5 class=\"gb-headline gb-headline-409768e2 gb-headline-text\">Qu\u1ea3n l\u00fd h\u1ed3 s\u01a1 CalFresh<\/h5>\n\n\n\n<p>Do you need extra help buying groceries? Older adults are one of the largest groups who qualify for CalFresh but don&#8217;t claim the benefits they are entitled to. It is often due to misconceptions about the application process and benefits received. Learn more about how CalFresh can help you purchase healthy foods! Call 760-775-3663 to make an appointment with FIND&#8217;s CalFresh Case Management Team. They can work through your application to make sure you receive the <strong><em>l\u1ee3i \u00edch t\u1ed1i \u0111a<\/em><\/strong>.<\/p>\n\n\n\n<a class=\"gb-button gb-button-5cbc722e\" href=\"https:\/\/findfoodbank.org\/vi\/csfp\/\"><span class=\"gb-icon\"><svg aria-hidden=\"true\" role=\"img\" height=\"1em\" width=\"1em\" viewbox=\"0 0 256 512\" xmlns=\"http:\/\/www.w3.org\/2000\/svg\"><path fill=\"currentColor\" d=\"M224.3 273l-136 136c-9.4 9.4-24.6 9.4-33.9 0l-22.6-22.6c-9.4-9.4-9.4-24.6 0-33.9l96.4-96.4-96.4-96.4c-9.4-9.4-9.4-24.6 0-33.9L54.3 103c9.4-9.4 24.6-9.4 33.9 0l136 136c9.5 9.4 9.5 24.6.1 34z\"><\/path><\/svg><\/span><span class=\"gb-button-text\">T\u00ecm hi\u1ec3u th\u00eam<\/span><\/a>\n\n\n\n<h5 class=\"gb-headline gb-headline-bd6b4d86 gb-headline-text\">C\u00e2u h\u1ecfi th\u01b0\u1eddng g\u1eb7p<\/h5>\n\n\n\n<p><strong>\u201cT\u00f4i ch\u1ec9 \u0111\u1ee7 \u0111i\u1ec1u ki\u1ec7n nh\u1eadn c\u00e1c ph\u00fac l\u1ee3i t\u1ed1i thi\u1ec3u v\u00ec an sinh x\u00e3 h\u1ed9i c\u1ee7a t\u00f4i.\u201d<\/strong><\/p>\n\n\n\n<p>Li\u1ec7t k\u00ea chi ph\u00ed y t\u1ebf h\u00e0ng th\u00e1ng c\u1ee7a b\u1ea1n c\u00f3 th\u1ec3 t\u0103ng s\u1ed1 ti\u1ec1n b\u1ea1n nh\u1eadn \u0111\u01b0\u1ee3c v\u00e0 t\u1ed1i \u0111a h\u00f3a l\u1ee3i \u00edch c\u1ee7a b\u1ea1n.<\/p>\n\n\n\n<hr class=\"wp-block-separator has-alpha-channel-opacity\"\/>\n\n\n\n<p><strong>\u201cI don\u2019t want to take resources from someone who needs them.\u201d<\/strong><\/p>\n\n\n\n<p>SNAP l\u00e0 m\u1ed9t ch\u01b0\u01a1ng tr\u00ecnh quy\u1ec1n l\u1ee3i. B\u1ea5t k\u1ef3 ai h\u1ed9i \u0111\u1ee7 \u0111i\u1ec1u ki\u1ec7n nh\u1eadn CalFresh s\u1ebd nh\u1eadn \u0111\u01b0\u1ee3c quy\u1ec1n l\u1ee3i.<\/p>\n\n\n\n<hr class=\"wp-block-separator has-alpha-channel-opacity\"\/>\n\n\n\n<p><strong>\u201cThe application takes too much time, and the minimum benefits aren\u2019t worth the effort.\u201d<\/strong><\/p>\n\n\n\n<p>Khi b\u1ea1n \u0111\u1ee7 \u0111i\u1ec1u ki\u1ec7n nh\u1eadn CalFresh, b\u1ea1n s\u1ebd t\u1ef1 \u0111\u1ed9ng \u0111\u1ee7 \u0111i\u1ec1u ki\u1ec7n nh\u1eadn c\u00e1c ch\u01b0\u01a1ng tr\u00ecnh ti\u1ebft ki\u1ec7m v\u00e0 ph\u00fac l\u1ee3i kh\u00e1c \u0111\u1ec3 k\u00e9o d\u00e0i ng\u00e2n s\u00e1ch h\u00e0ng th\u00e1ng c\u1ee7a m\u00ecnh.<\/p>\n\n\n\n<p>Nh\u00e2n vi\u00ean Y t\u1ebf C\u1ed9ng \u0111\u1ed3ng c\u1ee7a FIND c\u00f3 th\u1ec3 gi\u00fap b\u1ea1n \u0111\u0103ng k\u00fd \u0111\u1ec3 ti\u1ebft ki\u1ec7m t\u1edbi 20% cho h\u00f3a \u0111\u01a1n x\u0103ng h\u00e0ng th\u00e1ng c\u1ee7a b\u1ea1n:<\/p>\n\n\n\n<p><strong><a href=\"https:\/\/www.socalgas.com\/save-money-and-energy\/assistance-programs\/california-alternate-rates-for-energy?__cf_chl_jschl_tk__=bd781a0fb4176d1666e10f32254d864e040679b2-1626106406-0-AQ6S9mRkstpkoAJ4s4jJjAmr-1nnzHdjQJDBNuXQiLx0iKEsq55mcb8AHQYXAAPOdojIInaVmV5kDgihD1vaF05zPQcQiraqdw6uHkTDG1LaB-i7kACJbHSqOxCsLAPQF0BPp_gIliNw6N7fwcNOOxvISNDJ815SOFqR6Gew_bYXZsiXCg1ENJ-RVGvs0Wpo6Z-IRqIOWZ3UhlNw5IqrJMSiigNI_Td_uIPkmRwN39aNhjXgO9MhhXJzU8GXelOinJW-ivUTuoqGsSbaHN9Qm7K3uiMhM1sRkqDxs7PcWplgIl8YXgGK3ka4wf3nx-dnGNGje365FDD5es_8q8oeDzgeQWV1mVVSWr4_uhM6nAjMYUnMrVhgdlDITEQYl3WP4lsZ3ccztNxpwaMUZ31xA0efeWVonx7KAKSqSktD0FaHXfjzri1wZIW2sgSO0qTLt_K09KZlTEjg6m6w-XQ-2ir3wI0JW2wZPMwZ6F3r-JzsNs18sBd5XtVOnTUus425JQ\" target=\"_blank\" rel=\"noreferrer noopener\"><em>Ch\u01b0\u01a1ng tr\u00ecnh T\u1ef7 gi\u00e1 Thay th\u1ebf cho N\u0103ng l\u01b0\u1ee3ng (CARE) c\u1ee7a California<\/em><\/a><\/strong><\/p>\n\n\n\n<p><strong><a href=\"https:\/\/www.acf.hhs.gov\/ocs\/low-income-home-energy-assistance-program-liheap\" target=\"_blank\" rel=\"noreferrer noopener\"><em>LIHEAP (Ch\u01b0\u01a1ng tr\u00ecnh H\u1ed7 tr\u1ee3 N\u0103ng l\u01b0\u1ee3ng cho Gia \u0111\u00ecnh Thu nh\u1eadp Th\u1ea5p)<\/em><\/a><\/strong><\/p>\n\n\n\n<hr class=\"wp-block-separator has-alpha-channel-opacity\"\/>\n\n\n\n<p><strong>\u201cT\u00f4i kh\u00f4ng th\u1ec3 \u0111\u1ebfn v\u0103n ph\u00f2ng CalFresh \u0111\u1ec3 ph\u1ecfng v\u1ea5n.\u201d<\/strong><\/p>\n\n\n\n<p>N\u1ebfu b\u1ea1n kh\u00f4ng th\u1ec3 \u0111\u1ebfn v\u0103n ph\u00f2ng CalFresh, b\u1ea1n c\u00f3 th\u1ec3 y\u00eau c\u1ea7u m\u1ed9t cu\u1ed9c ph\u1ecfng v\u1ea5n qua \u0111i\u1ec7n tho\u1ea1i. B\u1ea1n c\u0169ng c\u00f3 th\u1ec3 nh\u1edd ng\u01b0\u1eddi th\u00e2n, m\u1ee5c s\u01b0, h\u00e0ng x\u00f3m, v.v., tham d\u1ef1 cu\u1ed9c ph\u1ecfng v\u1ea5n v\u1edbi t\u01b0 c\u00e1ch l\u00e0 ng\u01b0\u1eddi \u0111\u1ea1i di\u1ec7n \u0111\u01b0\u1ee3c \u1ee7y quy\u1ec1n.<\/p>\n\n\n\n<p><strong>\u201cT\u00f4i kh\u00f4ng mu\u1ed1n \u0111\u1ebfn v\u0103n ph\u00f2ng CalFresh v\u00e0i th\u00e1ng m\u1ed9t l\u1ea7n \u0111\u1ec3 ti\u1ebfp t\u1ee5c nh\u1eadn tr\u1ee3 c\u1ea5p.\u201d<\/strong><\/p>\n\n\n\n<p>C\u00e1c h\u1ed9 gia \u0111\u00ecnh trong \u0111\u00f3 t\u1ea5t c\u1ea3 c\u00e1c th\u00e0nh vi\u00ean tr\u01b0\u1edfng th\u00e0nh l\u00e0 ng\u01b0\u1eddi cao tu\u1ed5i ch\u1ec9 c\u00f3 th\u1ec3 ph\u1ea3i x\u00e1c nh\u1eadn l\u1ea1i 24 th\u00e1ng m\u1ed9t l\u1ea7n v\u00e0 c\u00e1c qu\u1eadn ph\u1ea3i cung c\u1ea5p t\u00f9y ch\u1ecdn t\u1eeb b\u1ecf cu\u1ed9c ph\u1ecfng v\u1ea5n tr\u1ef1c ti\u1ebfp n\u1ebfu t\u1ea5t c\u1ea3 c\u00e1c th\u00e0nh vi\u00ean trong gia \u0111\u00ecnh t\u1eeb 60 tu\u1ed5i tr\u1edf l\u00ean ho\u1eb7c b\u1ecb khuy\u1ebft t\u1eadt.<\/p>\n\n\n\n<hr class=\"wp-block-separator has-alpha-channel-opacity\"\/>\n\n\n\n<p><strong>\u201cT\u00f4i ngh\u0129 ng\u01b0\u1eddi l\u1edbn tu\u1ed5i ch\u1ec9 c\u00f3 th\u1ec3 nh\u1eadn \u0111\u01b0\u1ee3c $3,250 t\u00e0i nguy\u00ean.\u201d<\/strong><\/p>\n\n\n\n<p>Trong h\u1ea7u h\u1ebft c\u00e1c tr\u01b0\u1eddng h\u1ee3p, kh\u00f4ng c\u00f3 gi\u1edbi h\u1ea1n t\u00e0i nguy\u00ean cho CalFresh. B\u1ea1n c\u00f3 th\u1ec3 \u0111\u1ee7 \u0111i\u1ec1u ki\u1ec7n ngay c\u1ea3 khi b\u1ea1n c\u00f3 ti\u1ec1n trong t\u00e0i kho\u1ea3n ti\u1ebft ki\u1ec7m v\u00e0 h\u01b0u tr\u00ed.<\/p>\n\n\n\n<hr class=\"wp-block-separator has-alpha-channel-opacity\"\/>\n\n\n\n<p><a href=\"https:\/\/www.cdss.ca.gov\/calfreshoutreach\/res\/Toolkit\/Appendices-OlderAdult\/OlderAdultsAppendix_A_MythsandFactsAboutCalFreshforOlderAdults.pdf\" target=\"_blank\" rel=\"noreferrer noopener\"><strong>T\u00ecm hi\u1ec3u th\u00eam v\u1ec1 nh\u1eefng huy\u1ec1n tho\u1ea1i v\u00e0 s\u1ef1 th\u1eadt V\u1ec1 CalFresh cho Ng\u01b0\u1eddi l\u1edbn tu\u1ed5i (t\u1eeb 60 tu\u1ed5i tr\u1edf l\u00ean)<\/strong><\/a><\/p>\n\n<\/div><\/div>\n<\/div>\n<\/div>\n<\/div>","protected":false},"excerpt":{"rendered":"","protected":false},"author":15,"featured_media":2102,"parent":1167,"menu_order":0,"comment_status":"closed","ping_status":"closed","template":"","meta":{"_monsterinsights_skip_tracking":false,"_monsterinsights_sitenote_active":false,"_monsterinsights_sitenote_note":"","_monsterinsights_sitenote_category":0,"_price":"","_stock":"","_tribe_ticket_header":"","_tribe_default_ticket_provider":"","_tribe_ticket_capacity":"0","_ticket_start_date":"","_ticket_end_date":"","_tribe_ticket_show_description":"","_tribe_ticket_show_not_going":false,"_tribe_ticket_use_global_stock":"","_tribe_ticket_global_stock_level":"","_global_stock_mode":"","_global_stock_cap":"","_tribe_rsvp_for_event":"","_tribe_ticket_going_count":"","_tribe_ticket_not_going_count":"","_tribe_tickets_list":"[]","_tribe_ticket_has_attendee_info_fields":false,"footnotes":"","_tec_slr_enabled":"","_tec_slr_layout":""},"class_list":["post-1459","page","type-page","status-publish","has-post-thumbnail","resize-featured-image"],"yoast_head":"<!-- This site is optimized with the Yoast SEO plugin v27.5 - https:\/\/yoast.com\/product\/yoast-seo-wordpress\/ -->\n<title>Older Adult Programs, FIND Food Bank Senior Food Distribution<\/title>\n<meta name=\"description\" content=\"Older adults often live on fixed incomes and are at risk of food insecurity. In fact, 23% of the people we serve are over 65.\" \/>\n<meta name=\"robots\" content=\"index, follow, max-snippet:-1, max-image-preview:large, max-video-preview:-1\" \/>\n<link rel=\"canonical\" href=\"https:\/\/findfoodbank.org\/vi\/programs-services\/older-adult-programs\/\" \/>\n<meta property=\"og:locale\" content=\"vi_VN\" \/>\n<meta property=\"og:type\" content=\"article\" \/>\n<meta property=\"og:title\" content=\"Older Adult Programs, FIND Food Bank Senior Food Distribution\" \/>\n<meta property=\"og:description\" content=\"Older adults often live on fixed incomes and are at risk of food insecurity. In fact, 23% of the people we serve are over 65.\" \/>\n<meta property=\"og:url\" content=\"https:\/\/findfoodbank.org\/vi\/programs-services\/older-adult-programs\/\" \/>\n<meta property=\"og:site_name\" content=\"FIND Food Bank\" \/>\n<meta property=\"article:modified_time\" content=\"2023-09-27T02:33:29+00:00\" \/>\n<meta property=\"og:image\" content=\"http:\/\/seodevsite.com\/foodbank\/wp-content\/uploads\/2021\/06\/Hero_Older_adult.jpg\" \/>\n\t<meta property=\"og:image:width\" content=\"1600\" \/>\n\t<meta property=\"og:image:height\" content=\"447\" \/>\n\t<meta property=\"og:image:type\" content=\"image\/jpeg\" \/>\n<meta name=\"twitter:card\" content=\"summary_large_image\" \/>\n<meta name=\"twitter:label1\" content=\"\u01af\u1edbc t\u00ednh th\u1eddi gian \u0111\u1ecdc\" \/>\n\t<meta name=\"twitter:data1\" content=\"3 ph\u00fat\" \/>\n<script type=\"application\/ld+json\" class=\"yoast-schema-graph\">{\"@context\":\"https:\\\/\\\/schema.org\",\"@graph\":[{\"@type\":\"WebPage\",\"@id\":\"https:\\\/\\\/findfoodbank.org\\\/programs-services\\\/older-adult-programs\\\/\",\"url\":\"https:\\\/\\\/findfoodbank.org\\\/programs-services\\\/older-adult-programs\\\/\",\"name\":\"Older Adult Programs, FIND Food Bank Senior Food Distribution\",\"isPartOf\":{\"@id\":\"https:\\\/\\\/findfoodbank.org\\\/#website\"},\"primaryImageOfPage\":{\"@id\":\"https:\\\/\\\/findfoodbank.org\\\/programs-services\\\/older-adult-programs\\\/#primaryimage\"},\"image\":{\"@id\":\"https:\\\/\\\/findfoodbank.org\\\/programs-services\\\/older-adult-programs\\\/#primaryimage\"},\"thumbnailUrl\":\"https:\\\/\\\/findfoodbank.org\\\/wp-content\\\/uploads\\\/2021\\\/06\\\/Hero_Older_adult.jpg\",\"datePublished\":\"2021-06-05T20:34:01+00:00\",\"dateModified\":\"2023-09-27T02:33:29+00:00\",\"description\":\"Older adults often live on fixed incomes and are at risk of food insecurity. In fact, 23% of the people we serve are over 65.\",\"breadcrumb\":{\"@id\":\"https:\\\/\\\/findfoodbank.org\\\/programs-services\\\/older-adult-programs\\\/#breadcrumb\"},\"inLanguage\":\"vi\",\"potentialAction\":[{\"@type\":\"ReadAction\",\"target\":[\"https:\\\/\\\/findfoodbank.org\\\/programs-services\\\/older-adult-programs\\\/\"]}]},{\"@type\":\"ImageObject\",\"inLanguage\":\"vi\",\"@id\":\"https:\\\/\\\/findfoodbank.org\\\/programs-services\\\/older-adult-programs\\\/#primaryimage\",\"url\":\"https:\\\/\\\/findfoodbank.org\\\/wp-content\\\/uploads\\\/2021\\\/06\\\/Hero_Older_adult.jpg\",\"contentUrl\":\"https:\\\/\\\/findfoodbank.org\\\/wp-content\\\/uploads\\\/2021\\\/06\\\/Hero_Older_adult.jpg\",\"width\":1600,\"height\":447,\"caption\":\"Older Adult Programs\"},{\"@type\":\"BreadcrumbList\",\"@id\":\"https:\\\/\\\/findfoodbank.org\\\/programs-services\\\/older-adult-programs\\\/#breadcrumb\",\"itemListElement\":[{\"@type\":\"ListItem\",\"position\":1,\"name\":\"Home\",\"item\":\"https:\\\/\\\/findfoodbank.org\\\/\"},{\"@type\":\"ListItem\",\"position\":2,\"name\":\"Programs &#038; Services\",\"item\":\"https:\\\/\\\/findfoodbank.org\\\/programs-services\\\/\"},{\"@type\":\"ListItem\",\"position\":3,\"name\":\"Older Adult Programs\"}]},{\"@type\":\"WebSite\",\"@id\":\"https:\\\/\\\/findfoodbank.org\\\/#website\",\"url\":\"https:\\\/\\\/findfoodbank.org\\\/\",\"name\":\"FIND Food Bank\",\"description\":\"The Desert's Regional Food Bank\",\"publisher\":{\"@id\":\"https:\\\/\\\/findfoodbank.org\\\/#organization\"},\"potentialAction\":[{\"@type\":\"SearchAction\",\"target\":{\"@type\":\"EntryPoint\",\"urlTemplate\":\"https:\\\/\\\/findfoodbank.org\\\/?s={search_term_string}\"},\"query-input\":{\"@type\":\"PropertyValueSpecification\",\"valueRequired\":true,\"valueName\":\"search_term_string\"}}],\"inLanguage\":\"vi\"},{\"@type\":\"Organization\",\"@id\":\"https:\\\/\\\/findfoodbank.org\\\/#organization\",\"name\":\"FIND Food Bank\",\"url\":\"https:\\\/\\\/findfoodbank.org\\\/\",\"logo\":{\"@type\":\"ImageObject\",\"inLanguage\":\"vi\",\"@id\":\"https:\\\/\\\/findfoodbank.org\\\/#\\\/schema\\\/logo\\\/image\\\/\",\"url\":\"https:\\\/\\\/findfoodbank.org\\\/wp-content\\\/uploads\\\/2025\\\/09\\\/FIND-logo25-horizontal_4c.png\",\"contentUrl\":\"https:\\\/\\\/findfoodbank.org\\\/wp-content\\\/uploads\\\/2025\\\/09\\\/FIND-logo25-horizontal_4c.png\",\"width\":1189,\"height\":373,\"caption\":\"FIND Food Bank\"},\"image\":{\"@id\":\"https:\\\/\\\/findfoodbank.org\\\/#\\\/schema\\\/logo\\\/image\\\/\"}}]}<\/script>\n<!-- \/ Yoast SEO plugin. -->","yoast_head_json":{"title":"Older Adult Programs, FIND Food Bank Senior Food Distribution","description":"Older adults often live on fixed incomes and are at risk of food insecurity. In fact, 23% of the people we serve are over 65.","robots":{"index":"index","follow":"follow","max-snippet":"max-snippet:-1","max-image-preview":"max-image-preview:large","max-video-preview":"max-video-preview:-1"},"canonical":"https:\/\/findfoodbank.org\/vi\/programs-services\/older-adult-programs\/","og_locale":"vi_VN","og_type":"article","og_title":"Older Adult Programs, FIND Food Bank Senior Food Distribution","og_description":"Older adults often live on fixed incomes and are at risk of food insecurity. In fact, 23% of the people we serve are over 65.","og_url":"https:\/\/findfoodbank.org\/vi\/programs-services\/older-adult-programs\/","og_site_name":"FIND Food Bank","article_modified_time":"2023-09-27T02:33:29+00:00","og_image":[{"width":1600,"height":447,"url":"http:\/\/seodevsite.com\/foodbank\/wp-content\/uploads\/2021\/06\/Hero_Older_adult.jpg","type":"image\/jpeg"}],"twitter_card":"summary_large_image","twitter_misc":{"\u01af\u1edbc t\u00ednh th\u1eddi gian \u0111\u1ecdc":"3 ph\u00fat"},"schema":{"@context":"https:\/\/schema.org","@graph":[{"@type":"WebPage","@id":"https:\/\/findfoodbank.org\/programs-services\/older-adult-programs\/","url":"https:\/\/findfoodbank.org\/programs-services\/older-adult-programs\/","name":"Older Adult Programs, FIND Food Bank Senior Food Distribution","isPartOf":{"@id":"https:\/\/findfoodbank.org\/#website"},"primaryImageOfPage":{"@id":"https:\/\/findfoodbank.org\/programs-services\/older-adult-programs\/#primaryimage"},"image":{"@id":"https:\/\/findfoodbank.org\/programs-services\/older-adult-programs\/#primaryimage"},"thumbnailUrl":"https:\/\/findfoodbank.org\/wp-content\/uploads\/2021\/06\/Hero_Older_adult.jpg","datePublished":"2021-06-05T20:34:01+00:00","dateModified":"2023-09-27T02:33:29+00:00","description":"Older adults often live on fixed incomes and are at risk of food insecurity. In fact, 23% of the people we serve are over 65.","breadcrumb":{"@id":"https:\/\/findfoodbank.org\/programs-services\/older-adult-programs\/#breadcrumb"},"inLanguage":"vi","potentialAction":[{"@type":"ReadAction","target":["https:\/\/findfoodbank.org\/programs-services\/older-adult-programs\/"]}]},{"@type":"ImageObject","inLanguage":"vi","@id":"https:\/\/findfoodbank.org\/programs-services\/older-adult-programs\/#primaryimage","url":"https:\/\/findfoodbank.org\/wp-content\/uploads\/2021\/06\/Hero_Older_adult.jpg","contentUrl":"https:\/\/findfoodbank.org\/wp-content\/uploads\/2021\/06\/Hero_Older_adult.jpg","width":1600,"height":447,"caption":"Older Adult Programs"},{"@type":"BreadcrumbList","@id":"https:\/\/findfoodbank.org\/programs-services\/older-adult-programs\/#breadcrumb","itemListElement":[{"@type":"ListItem","position":1,"name":"Home","item":"https:\/\/findfoodbank.org\/"},{"@type":"ListItem","position":2,"name":"Programs &#038; Services","item":"https:\/\/findfoodbank.org\/programs-services\/"},{"@type":"ListItem","position":3,"name":"Older Adult Programs"}]},{"@type":"WebSite","@id":"https:\/\/findfoodbank.org\/#website","url":"https:\/\/findfoodbank.org\/","name":"T\u00ccM Ng\u00e2n h\u00e0ng Th\u1ef1c ph\u1ea9m","description":"Ng\u00e2n h\u00e0ng l\u01b0\u01a1ng th\u1ef1c khu v\u1ef1c c\u1ee7a sa m\u1ea1c","publisher":{"@id":"https:\/\/findfoodbank.org\/#organization"},"potentialAction":[{"@type":"SearchAction","target":{"@type":"EntryPoint","urlTemplate":"https:\/\/findfoodbank.org\/?s={search_term_string}"},"query-input":{"@type":"PropertyValueSpecification","valueRequired":true,"valueName":"search_term_string"}}],"inLanguage":"vi"},{"@type":"Organization","@id":"https:\/\/findfoodbank.org\/#organization","name":"T\u00ccM Ng\u00e2n h\u00e0ng Th\u1ef1c ph\u1ea9m","url":"https:\/\/findfoodbank.org\/","logo":{"@type":"ImageObject","inLanguage":"vi","@id":"https:\/\/findfoodbank.org\/#\/schema\/logo\/image\/","url":"https:\/\/findfoodbank.org\/wp-content\/uploads\/2025\/09\/FIND-logo25-horizontal_4c.png","contentUrl":"https:\/\/findfoodbank.org\/wp-content\/uploads\/2025\/09\/FIND-logo25-horizontal_4c.png","width":1189,"height":373,"caption":"FIND Food Bank"},"image":{"@id":"https:\/\/findfoodbank.org\/#\/schema\/logo\/image\/"}}]}},"ticketed":false,"_links":{"self":[{"href":"https:\/\/findfoodbank.org\/vi\/wp-json\/wp\/v2\/pages\/1459","targetHints":{"allow":["GET"]}}],"collection":[{"href":"https:\/\/findfoodbank.org\/vi\/wp-json\/wp\/v2\/pages"}],"about":[{"href":"https:\/\/findfoodbank.org\/vi\/wp-json\/wp\/v2\/types\/page"}],"author":[{"embeddable":true,"href":"https:\/\/findfoodbank.org\/vi\/wp-json\/wp\/v2\/users\/15"}],"replies":[{"embeddable":true,"href":"https:\/\/findfoodbank.org\/vi\/wp-json\/wp\/v2\/comments?post=1459"}],"version-history":[{"count":14,"href":"https:\/\/findfoodbank.org\/vi\/wp-json\/wp\/v2\/pages\/1459\/revisions"}],"predecessor-version":[{"id":11993,"href":"https:\/\/findfoodbank.org\/vi\/wp-json\/wp\/v2\/pages\/1459\/revisions\/11993"}],"up":[{"embeddable":true,"href":"https:\/\/findfoodbank.org\/vi\/wp-json\/wp\/v2\/pages\/1167"}],"wp:featuredmedia":[{"embeddable":true,"href":"https:\/\/findfoodbank.org\/vi\/wp-json\/wp\/v2\/media\/2102"}],"wp:attachment":[{"href":"https:\/\/findfoodbank.org\/vi\/wp-json\/wp\/v2\/media?parent=1459"}],"curies":[{"name":"wp","href":"https:\/\/api.w.org\/{rel}","templated":true}]}}