{"id":1445,"date":"2021-06-05T19:07:22","date_gmt":"2021-06-05T19:07:22","guid":{"rendered":"http:\/\/findfoodbank.flywheelsites.com\/?page_id=1445"},"modified":"2026-04-13T16:07:36","modified_gmt":"2026-04-13T23:07:36","slug":"community-health-workers","status":"publish","type":"page","link":"https:\/\/findfoodbank.org\/vi\/programs-services\/community-health-workers\/","title":{"rendered":"Nh\u00e2n vi\u00ean Y t\u1ebf C\u1ed9ng \u0111\u1ed3ng"},"content":{"rendered":"<div class=\"gb-container gb-container-1b0d5d1e alignfull\">\n<div class=\"gb-container gb-container-74146cbe\">\n<div class=\"gb-grid-wrapper gb-grid-wrapper-b272e6a6\">\n<div class=\"gb-grid-column gb-grid-column-67005d2d\"><div class=\"gb-container gb-container-67005d2d\">\n<nav style=\"color: #324452;\" class=\"has-text-color  is-vertical wp-block-navigation is-layout-flex wp-container-core-navigation-is-layout-8cf370e7 wp-block-navigation-is-layout-flex\" aria-label=\"Programs &amp; Services\"><ul style=\"color: #324452;\" class=\"wp-block-navigation__container has-text-color  is-vertical wp-block-navigation\"><li class=\"wp-block-navigation-item wp-block-navigation-link\"><a class=\"wp-block-navigation-item__content\"  href=\"https:\/\/findfoodbank.org\/vi\/programs-services\/community-agencies-mobile-markets\/\"><span class=\"wp-block-navigation-item__label\">\u0110\u1ea1i l\u00fd &amp; Th\u1ecb tr\u01b0\u1eddng Di \u0111\u1ed9ng<\/span><\/a><\/li><li class=\"wp-block-navigation-item wp-block-navigation-link\"><a class=\"wp-block-navigation-item__content\"  href=\"https:\/\/findfoodbank.org\/vi\/csfp\/\"><span class=\"wp-block-navigation-item__label\">Ch\u01b0\u01a1ng tr\u00ecnh Nu\u00f4i d\u01b0\u1ee1ng Ng\u01b0\u1eddi cao tu\u1ed5i<\/span><\/a><\/li><li class=\"wp-block-navigation-item wp-block-navigation-link\"><a class=\"wp-block-navigation-item__content\"  href=\"https:\/\/findfoodbank.org\/vi\/outreach-services\/\"><span class=\"wp-block-navigation-item__label\">D\u1ecbch v\u1ee5 Outreach<\/span><\/a><\/li><li class=\"wp-block-navigation-item wp-block-navigation-link\"><a class=\"wp-block-navigation-item__content\"  href=\"https:\/\/findfoodbank.org\/vi\/programs-services\/childrens-school-based-programs\/\"><span class=\"wp-block-navigation-item__label\">Children &amp; School-Based Programs<\/span><\/a><\/li><li class=\"wp-block-navigation-item wp-block-navigation-link\"><a class=\"wp-block-navigation-item__content\"  href=\"https:\/\/findfoodbank.org\/vi\/programs-services\/childrens-school-based-programs\/summer\/\"><span class=\"wp-block-navigation-item__label\">Kids Summer Market<\/span><\/a><\/li><li class=\"wp-block-navigation-item wp-block-navigation-link\"><a class=\"wp-block-navigation-item__content\"  href=\"https:\/\/findfoodbank.org\/vi\/opportunity-bank-activity-fee-scholarship\/\"><span class=\"wp-block-navigation-item__label\">Opportunity Bank <\/span><\/a><\/li><li class=\"wp-block-navigation-item wp-block-navigation-link\"><a class=\"wp-block-navigation-item__content\"  href=\"https:\/\/findfoodbank.org\/vi\/fyac\/\"><span class=\"wp-block-navigation-item__label\">FYAC<\/span><\/a><\/li><li class=\"wp-block-navigation-item wp-block-navigation-link\"><a class=\"wp-block-navigation-item__content\"  href=\"https:\/\/findfoodbank.org\/vi\/disaster-relief\/\"><span class=\"wp-block-navigation-item__label\">Disaster Relief<\/span><\/a><\/li><li class=\"wp-block-navigation-item wp-block-navigation-link\"><a class=\"wp-block-navigation-item__content\"  href=\"https:\/\/findfoodbank.org\/vi\/foodrescue\/\"><span class=\"wp-block-navigation-item__label\">Food Rescue <\/span><\/a><\/li><li class=\"wp-block-navigation-item wp-block-navigation-link\"><a class=\"wp-block-navigation-item__content\"  href=\"https:\/\/findfoodbank.org\/vi\/programs-services\/nutrition\/\"><span class=\"wp-block-navigation-item__label\">Dinh d\u01b0\u1ee1ng<\/span><\/a><\/li><li class=\"wp-block-navigation-item wp-block-navigation-link\"><a class=\"wp-block-navigation-item__content\"  href=\"https:\/\/findfoodbank.org\/vi\/programs-services\/calfresh\/\"><span class=\"wp-block-navigation-item__label\">Calfresh Benefits<\/span><\/a><\/li><li class=\"wp-block-navigation-item wp-block-navigation-link\"><a class=\"wp-block-navigation-item__content\"  href=\"https:\/\/findfoodbank.org\/vi\/programs-services\/community-health-workers\/\"><span class=\"wp-block-navigation-item__label\">Nh\u00e2n vi\u00ean Y t\u1ebf C\u1ed9ng \u0111\u1ed3ng<\/span><\/a><\/li><\/ul><\/nav>\n<\/div><\/div>\n\n<div class=\"gb-grid-column gb-grid-column-06c5dce7\"><div class=\"gb-container gb-container-06c5dce7\">\n\n<h5 class=\"gb-headline gb-headline-77bc9e02 gb-headline-text\">Nh\u00e2n vi\u00ean Y t\u1ebf C\u1ed9ng \u0111\u1ed3ng L\u00e0 Ai?<\/h5>\n\n\n\n<p>Community Health Workers (CHW), or Promotores de Salud, are trained staff members who work to improve public health and access to life-saving services. Our team includes trusted community members who understand the makeup of surrounding cities and can help residents navigate various community-based services, state and national benefits programs, and financial and healthcare resources. They are experts in navigating complex systems of care and listen to client stories and concerns to determine the best route for assistance. When you come in for a consultation, a FIND CHW will walk you step-by-step through benefits applications, financial resource programs, and other opportunities to improve health and well-being.<\/p>\n\n\n\n<p>Xin g\u1ecdi <strong><mark style=\"background-color:rgba(0, 0, 0, 0)\" class=\"has-inline-color has-accent-color\">760.835.5234<\/mark> <\/strong>to schedule an appointment and determine what documents you need to access financial assistance and other community and state-funded resources. Our highly trained team will walk you through what benefits you qualify for and help you apply!<\/p>\n\n<\/div><\/div>\n<\/div>\n<\/div>\n\n<div class=\"gb-container gb-container-3f976f81\">\n<div class=\"gb-grid-wrapper gb-grid-wrapper-9d8e8c6b\">\n<div class=\"gb-grid-column gb-grid-column-e3d67af9\"><div class=\"gb-container gb-container-e3d67af9\">\n\n<figure class=\"gb-block-image gb-block-image-3dbbd4ed\"><img loading=\"lazy\" decoding=\"async\" width=\"2056\" height=\"1511\" class=\"gb-image gb-image-3dbbd4ed\" src=\"https:\/\/findfoodbank.org\/wp-content\/uploads\/2023\/10\/Brenda-2-1.jpg\" alt=\"\" title=\"Brenda-2-1\" srcset=\"https:\/\/findfoodbank.org\/wp-content\/uploads\/2023\/10\/Brenda-2-1.jpg 2056w, https:\/\/findfoodbank.org\/wp-content\/uploads\/2023\/10\/Brenda-2-1-300x220.jpg 300w, https:\/\/findfoodbank.org\/wp-content\/uploads\/2023\/10\/Brenda-2-1-1024x753.jpg 1024w, https:\/\/findfoodbank.org\/wp-content\/uploads\/2023\/10\/Brenda-2-1-768x564.jpg 768w, https:\/\/findfoodbank.org\/wp-content\/uploads\/2023\/10\/Brenda-2-1-1600x1176.jpg 1600w, https:\/\/findfoodbank.org\/wp-content\/uploads\/2023\/10\/Brenda-2-1-1536x1129.jpg 1536w, https:\/\/findfoodbank.org\/wp-content\/uploads\/2023\/10\/Brenda-2-1-2048x1505.jpg 2048w, https:\/\/findfoodbank.org\/wp-content\/uploads\/2023\/10\/Brenda-2-1-16x12.jpg 16w\" sizes=\"auto, (max-width: 2056px) 100vw, 2056px\" \/><\/figure>\n\n<\/div><\/div>\n\n<div class=\"gb-grid-column gb-grid-column-f98593b9\"><div class=\"gb-container gb-container-f98593b9\">\n\n<h2 class=\"gb-headline gb-headline-84c694aa gb-headline-text\">Meet Our Community Health Workers<\/h2>\n\n\n\n<p>FIND&#8217;s Community Health Workers provide outreach to communities impacted by disaster or resource disparities. They help clients fill out benefits applications, provide referrals to local resources like rent relief, and give tailored support for families and individuals who experience a disaster, emergency, trauma, health, or employment issues.<\/p>\n\n\n\n<a class=\"gb-button gb-button-3fb97d4a\" href=\"https:\/\/findfoodbank.org\/vi\/benefits-referral\/\" target=\"_blank\" rel=\"noopener noreferrer\"><span class=\"gb-icon\"><svg aria-hidden=\"true\" role=\"img\" height=\"1em\" width=\"1em\" viewbox=\"0 0 256 512\" xmlns=\"http:\/\/www.w3.org\/2000\/svg\"><path fill=\"currentColor\" d=\"M224.3 273l-136 136c-9.4 9.4-24.6 9.4-33.9 0l-22.6-22.6c-9.4-9.4-9.4-24.6 0-33.9l96.4-96.4-96.4-96.4c-9.4-9.4-9.4-24.6 0-33.9L54.3 103c9.4-9.4 24.6-9.4 33.9 0l136 136c9.5 9.4 9.5 24.6.1 34z\"><\/path><\/svg><\/span><span class=\"gb-button-text\">APPLY FOR APPLICATION ASSISTANCE<\/span><\/a>\n\n<\/div><\/div>\n<\/div>\n<\/div>\n\n<div class=\"gb-container gb-container-03b6df1f\">\n\n<p>FIND Food Bank t\u00f4n tr\u1ecdng quy\u1ec1n ri\u00eang t\u01b0 c\u1ee7a kh\u00e1ch h\u00e0ng. Ch\u00fang t\u00f4i ch\u1ec9 chia s\u1ebb th\u00f4ng tin b\u1ea1n cung c\u1ea5p v\u1edbi B\u1ed9 D\u1ecbch v\u1ee5 Nh\u00e2n sinh California \u0111\u1ec3 gi\u00fap x\u1eed l\u00fd c\u00e1c quy\u1ec1n l\u1ee3i c\u1ee7a b\u1ea1n. Ch\u00fang t\u00f4i kh\u00f4ng bao gi\u1edd chia s\u1ebb th\u00f4ng tin v\u1edbi b\u1ea5t k\u1ef3 c\u01a1 quan nh\u1eadp c\u01b0 ho\u1eb7c th\u1ef1c thi ph\u00e1p lu\u1eadt n\u00e0o. <\/p>\n\n\n\n<h5 class=\"gb-headline gb-headline-61e6e2e0 gb-headline-text\">Ch\u01b0\u01a1ng tr\u00ecnh &amp; Quy\u1ec1n l\u1ee3i Bao g\u1ed3m:<\/h5>\n\n\n\n<ul class=\"wp-block-list\">\n<li>CalFresh<\/li>\n\n\n\n<li>Supplemental Nutrition Assistance Program (SNAP) (formerly food stamps)<\/li>\n\n\n\n<li>Utility Assistance<\/li>\n\n\n\n<li>Unemployment and Disability Insurance<\/li>\n\n\n\n<li>Family Paid-Leave<\/li>\n\n\n\n<li>SSI<\/li>\n\n\n\n<li>Education Grants<\/li>\n<\/ul>\n\n<\/div>\n<\/div>\n\n<div class=\"gb-container gb-container-5e1cfe42 alignfull\">\n<div class=\"gb-grid-wrapper gb-grid-wrapper-63852908\">\n<div class=\"gb-grid-column gb-grid-column-6a89a3a5\"><div class=\"gb-container gb-container-6a89a3a5\">\n\n<h2 class=\"gb-headline gb-headline-550c19b3 gb-headline-text\">Li\u00ean l\u1ea1c v\u1edbi ch\u00fang t\u00f4i \u0111\u1ec3 c\u00f3 m\u1ed9t cu\u1ed9c h\u1eb9n<\/h2>\n\n\n\n<p>Benefits Referral \u2013 SNAP, MediCal, Utility Assistance, Unemployment, Senior Specific Services.<\/p>\n\n\n\n<p>B\u1eb1ng c\u00e1ch \u0111i\u1ec1n v\u00e0o bi\u1ec3u m\u1eabu n\u00e0y, b\u1ea1n cho ph\u00e9p Nh\u00e2n vi\u00ean Y t\u1ebf C\u1ed9ng \u0111\u1ed3ng c\u1ee7a FIND li\u00ean h\u1ec7 v\u1edbi b\u1ea1n qua \u0111i\u1ec7n tho\u1ea1i v\u1ec1 vi\u1ec7c h\u1ed7 tr\u1ee3 c\u00e1c ch\u01b0\u01a1ng tr\u00ecnh ph\u00fac l\u1ee3i v\u00e0 dinh d\u01b0\u1ee1ng c\u1ee7a ch\u00ednh ph\u1ee7.<\/p>\n\n\n\n<a class=\"gb-button gb-button-a8df641f\" href=\"https:\/\/findfoodbank.org\/vi\/benefits-referral\/\" target=\"_blank\" rel=\"noopener noreferrer\"><span class=\"gb-icon\"><svg aria-hidden=\"true\" role=\"img\" height=\"1em\" width=\"1em\" viewbox=\"0 0 256 512\" xmlns=\"http:\/\/www.w3.org\/2000\/svg\"><path fill=\"currentColor\" d=\"M224.3 273l-136 136c-9.4 9.4-24.6 9.4-33.9 0l-22.6-22.6c-9.4-9.4-9.4-24.6 0-33.9l96.4-96.4-96.4-96.4c-9.4-9.4-9.4-24.6 0-33.9L54.3 103c9.4-9.4 24.6-9.4 33.9 0l136 136c9.5 9.4 9.5 24.6.1 34z\"><\/path><\/svg><\/span><span class=\"gb-button-text\">APPLY NOW<\/span><\/a>\n\n\n\n<p>FIND Food Bank respects our client\u2019s privacy. We only share the information you give us with the California Department of Human Services to help process your benefits. We never share information with outside agencies.<\/p>\n\n<\/div><\/div>\n\n<div class=\"gb-grid-column gb-grid-column-cf017d85\"><div class=\"gb-container gb-container-cf017d85\"><\/div><\/div>\n<\/div>\n<\/div>","protected":false},"excerpt":{"rendered":"<p> &#8230; <a title=\"Nh\u00e2n vi\u00ean Y t\u1ebf C\u1ed9ng \u0111\u1ed3ng\" class=\"read-more\" href=\"https:\/\/findfoodbank.org\/vi\/programs-services\/community-health-workers\/\" aria-label=\"\u0110\u1ecdc th\u00eam v\u1ec1 Community Health Workers\">Read more<\/a><\/p>","protected":false},"author":15,"featured_media":9095,"parent":1167,"menu_order":0,"comment_status":"closed","ping_status":"closed","template":"","meta":{"_monsterinsights_skip_tracking":false,"_monsterinsights_sitenote_active":false,"_monsterinsights_sitenote_note":"","_monsterinsights_sitenote_category":0,"_price":"","_stock":"","_tribe_ticket_header":"","_tribe_default_ticket_provider":"","_tribe_ticket_capacity":"0","_ticket_start_date":"","_ticket_end_date":"","_tribe_ticket_show_description":"","_tribe_ticket_show_not_going":false,"_tribe_ticket_use_global_stock":"","_tribe_ticket_global_stock_level":"","_global_stock_mode":"","_global_stock_cap":"","_tribe_rsvp_for_event":"","_tribe_ticket_going_count":"","_tribe_ticket_not_going_count":"","_tribe_tickets_list":"[]","_tribe_ticket_has_attendee_info_fields":false,"footnotes":"","_tec_slr_enabled":"","_tec_slr_layout":""},"class_list":["post-1445","page","type-page","status-publish","has-post-thumbnail","resize-featured-image"],"yoast_head":"<!-- This site is optimized with the Yoast SEO plugin v27.4 - https:\/\/yoast.com\/product\/yoast-seo-wordpress\/ -->\n<title>Community Health Workers, Food Distribution, FIND Food Bank<\/title>\n<meta name=\"description\" content=\"Community Health Workers (CHW), or Promotores de Salud, are trained staff members who work to improve public health and access to life-saving services.\" \/>\n<meta name=\"robots\" content=\"index, follow, max-snippet:-1, max-image-preview:large, max-video-preview:-1\" \/>\n<link rel=\"canonical\" href=\"https:\/\/findfoodbank.org\/vi\/programs-services\/community-health-workers\/\" \/>\n<meta property=\"og:locale\" content=\"vi_VN\" \/>\n<meta property=\"og:type\" content=\"article\" \/>\n<meta property=\"og:title\" content=\"Community Health Workers, Food Distribution, FIND Food Bank\" \/>\n<meta property=\"og:description\" content=\"Community Health Workers (CHW), or Promotores de Salud, are trained staff members who work to improve public health and access to life-saving services.\" \/>\n<meta property=\"og:url\" content=\"https:\/\/findfoodbank.org\/vi\/programs-services\/community-health-workers\/\" \/>\n<meta property=\"og:site_name\" content=\"FIND Food Bank\" \/>\n<meta property=\"article:modified_time\" content=\"2026-04-13T23:07:36+00:00\" \/>\n<meta property=\"og:image\" content=\"https:\/\/findfoodbank.org\/wp-content\/uploads\/2022\/10\/Ana-Cardenas-Market-Thank-You-scaled-e1776121581438.jpg\" \/>\n\t<meta property=\"og:image:width\" content=\"2560\" \/>\n\t<meta property=\"og:image:height\" content=\"1092\" \/>\n\t<meta property=\"og:image:type\" content=\"image\/jpeg\" \/>\n<meta name=\"twitter:card\" content=\"summary_large_image\" \/>\n<meta name=\"twitter:label1\" content=\"\u01af\u1edbc t\u00ednh th\u1eddi gian \u0111\u1ecdc\" \/>\n\t<meta name=\"twitter:data1\" content=\"2 ph\u00fat\" \/>\n<script type=\"application\/ld+json\" class=\"yoast-schema-graph\">{\"@context\":\"https:\\\/\\\/schema.org\",\"@graph\":[{\"@type\":\"WebPage\",\"@id\":\"https:\\\/\\\/findfoodbank.org\\\/programs-services\\\/community-health-workers\\\/\",\"url\":\"https:\\\/\\\/findfoodbank.org\\\/programs-services\\\/community-health-workers\\\/\",\"name\":\"Community Health Workers, Food Distribution, FIND Food Bank\",\"isPartOf\":{\"@id\":\"https:\\\/\\\/findfoodbank.org\\\/#website\"},\"primaryImageOfPage\":{\"@id\":\"https:\\\/\\\/findfoodbank.org\\\/programs-services\\\/community-health-workers\\\/#primaryimage\"},\"image\":{\"@id\":\"https:\\\/\\\/findfoodbank.org\\\/programs-services\\\/community-health-workers\\\/#primaryimage\"},\"thumbnailUrl\":\"https:\\\/\\\/findfoodbank.org\\\/wp-content\\\/uploads\\\/2022\\\/10\\\/Ana-Cardenas-Market-Thank-You-scaled-e1776121581438.jpg\",\"datePublished\":\"2021-06-05T19:07:22+00:00\",\"dateModified\":\"2026-04-13T23:07:36+00:00\",\"description\":\"Community Health Workers (CHW), or Promotores de Salud, are trained staff members who work to improve public health and access to life-saving services.\",\"breadcrumb\":{\"@id\":\"https:\\\/\\\/findfoodbank.org\\\/programs-services\\\/community-health-workers\\\/#breadcrumb\"},\"inLanguage\":\"vi\",\"potentialAction\":[{\"@type\":\"ReadAction\",\"target\":[\"https:\\\/\\\/findfoodbank.org\\\/programs-services\\\/community-health-workers\\\/\"]}]},{\"@type\":\"ImageObject\",\"inLanguage\":\"vi\",\"@id\":\"https:\\\/\\\/findfoodbank.org\\\/programs-services\\\/community-health-workers\\\/#primaryimage\",\"url\":\"https:\\\/\\\/findfoodbank.org\\\/wp-content\\\/uploads\\\/2022\\\/10\\\/Ana-Cardenas-Market-Thank-You-scaled-e1776121581438.jpg\",\"contentUrl\":\"https:\\\/\\\/findfoodbank.org\\\/wp-content\\\/uploads\\\/2022\\\/10\\\/Ana-Cardenas-Market-Thank-You-scaled-e1776121581438.jpg\",\"width\":2560,\"height\":1092,\"caption\":\"Ana Cardenas Market Thank You\"},{\"@type\":\"BreadcrumbList\",\"@id\":\"https:\\\/\\\/findfoodbank.org\\\/programs-services\\\/community-health-workers\\\/#breadcrumb\",\"itemListElement\":[{\"@type\":\"ListItem\",\"position\":1,\"name\":\"Home\",\"item\":\"https:\\\/\\\/findfoodbank.org\\\/\"},{\"@type\":\"ListItem\",\"position\":2,\"name\":\"Programs &#038; Services\",\"item\":\"https:\\\/\\\/findfoodbank.org\\\/programs-services\\\/\"},{\"@type\":\"ListItem\",\"position\":3,\"name\":\"Community Health Workers\"}]},{\"@type\":\"WebSite\",\"@id\":\"https:\\\/\\\/findfoodbank.org\\\/#website\",\"url\":\"https:\\\/\\\/findfoodbank.org\\\/\",\"name\":\"FIND Food Bank\",\"description\":\"The Desert's Regional Food Bank\",\"publisher\":{\"@id\":\"https:\\\/\\\/findfoodbank.org\\\/#organization\"},\"potentialAction\":[{\"@type\":\"SearchAction\",\"target\":{\"@type\":\"EntryPoint\",\"urlTemplate\":\"https:\\\/\\\/findfoodbank.org\\\/?s={search_term_string}\"},\"query-input\":{\"@type\":\"PropertyValueSpecification\",\"valueRequired\":true,\"valueName\":\"search_term_string\"}}],\"inLanguage\":\"vi\"},{\"@type\":\"Organization\",\"@id\":\"https:\\\/\\\/findfoodbank.org\\\/#organization\",\"name\":\"FIND Food Bank\",\"url\":\"https:\\\/\\\/findfoodbank.org\\\/\",\"logo\":{\"@type\":\"ImageObject\",\"inLanguage\":\"vi\",\"@id\":\"https:\\\/\\\/findfoodbank.org\\\/#\\\/schema\\\/logo\\\/image\\\/\",\"url\":\"https:\\\/\\\/findfoodbank.org\\\/wp-content\\\/uploads\\\/2025\\\/09\\\/FIND-logo25-horizontal_4c.png\",\"contentUrl\":\"https:\\\/\\\/findfoodbank.org\\\/wp-content\\\/uploads\\\/2025\\\/09\\\/FIND-logo25-horizontal_4c.png\",\"width\":1189,\"height\":373,\"caption\":\"FIND Food Bank\"},\"image\":{\"@id\":\"https:\\\/\\\/findfoodbank.org\\\/#\\\/schema\\\/logo\\\/image\\\/\"}}]}<\/script>\n<!-- \/ Yoast SEO plugin. -->","yoast_head_json":{"title":"Community Health Workers, Food Distribution, FIND Food Bank","description":"Community Health Workers (CHW), or Promotores de Salud, are trained staff members who work to improve public health and access to life-saving services.","robots":{"index":"index","follow":"follow","max-snippet":"max-snippet:-1","max-image-preview":"max-image-preview:large","max-video-preview":"max-video-preview:-1"},"canonical":"https:\/\/findfoodbank.org\/vi\/programs-services\/community-health-workers\/","og_locale":"vi_VN","og_type":"article","og_title":"Community Health Workers, Food Distribution, FIND Food Bank","og_description":"Community Health Workers (CHW), or Promotores de Salud, are trained staff members who work to improve public health and access to life-saving services.","og_url":"https:\/\/findfoodbank.org\/vi\/programs-services\/community-health-workers\/","og_site_name":"FIND Food Bank","article_modified_time":"2026-04-13T23:07:36+00:00","og_image":[{"width":2560,"height":1092,"url":"https:\/\/findfoodbank.org\/wp-content\/uploads\/2022\/10\/Ana-Cardenas-Market-Thank-You-scaled-e1776121581438.jpg","type":"image\/jpeg"}],"twitter_card":"summary_large_image","twitter_misc":{"\u01af\u1edbc t\u00ednh th\u1eddi gian \u0111\u1ecdc":"2 ph\u00fat"},"schema":{"@context":"https:\/\/schema.org","@graph":[{"@type":"WebPage","@id":"https:\/\/findfoodbank.org\/programs-services\/community-health-workers\/","url":"https:\/\/findfoodbank.org\/programs-services\/community-health-workers\/","name":"Community Health Workers, Food Distribution, FIND Food Bank","isPartOf":{"@id":"https:\/\/findfoodbank.org\/#website"},"primaryImageOfPage":{"@id":"https:\/\/findfoodbank.org\/programs-services\/community-health-workers\/#primaryimage"},"image":{"@id":"https:\/\/findfoodbank.org\/programs-services\/community-health-workers\/#primaryimage"},"thumbnailUrl":"https:\/\/findfoodbank.org\/wp-content\/uploads\/2022\/10\/Ana-Cardenas-Market-Thank-You-scaled-e1776121581438.jpg","datePublished":"2021-06-05T19:07:22+00:00","dateModified":"2026-04-13T23:07:36+00:00","description":"Community Health Workers (CHW), or Promotores de Salud, are trained staff members who work to improve public health and access to life-saving services.","breadcrumb":{"@id":"https:\/\/findfoodbank.org\/programs-services\/community-health-workers\/#breadcrumb"},"inLanguage":"vi","potentialAction":[{"@type":"ReadAction","target":["https:\/\/findfoodbank.org\/programs-services\/community-health-workers\/"]}]},{"@type":"ImageObject","inLanguage":"vi","@id":"https:\/\/findfoodbank.org\/programs-services\/community-health-workers\/#primaryimage","url":"https:\/\/findfoodbank.org\/wp-content\/uploads\/2022\/10\/Ana-Cardenas-Market-Thank-You-scaled-e1776121581438.jpg","contentUrl":"https:\/\/findfoodbank.org\/wp-content\/uploads\/2022\/10\/Ana-Cardenas-Market-Thank-You-scaled-e1776121581438.jpg","width":2560,"height":1092,"caption":"Ana Cardenas Market Thank You"},{"@type":"BreadcrumbList","@id":"https:\/\/findfoodbank.org\/programs-services\/community-health-workers\/#breadcrumb","itemListElement":[{"@type":"ListItem","position":1,"name":"Home","item":"https:\/\/findfoodbank.org\/"},{"@type":"ListItem","position":2,"name":"Programs &#038; Services","item":"https:\/\/findfoodbank.org\/programs-services\/"},{"@type":"ListItem","position":3,"name":"Community Health Workers"}]},{"@type":"WebSite","@id":"https:\/\/findfoodbank.org\/#website","url":"https:\/\/findfoodbank.org\/","name":"T\u00ccM Ng\u00e2n h\u00e0ng Th\u1ef1c ph\u1ea9m","description":"Ng\u00e2n h\u00e0ng l\u01b0\u01a1ng th\u1ef1c khu v\u1ef1c c\u1ee7a sa m\u1ea1c","publisher":{"@id":"https:\/\/findfoodbank.org\/#organization"},"potentialAction":[{"@type":"SearchAction","target":{"@type":"EntryPoint","urlTemplate":"https:\/\/findfoodbank.org\/?s={search_term_string}"},"query-input":{"@type":"PropertyValueSpecification","valueRequired":true,"valueName":"search_term_string"}}],"inLanguage":"vi"},{"@type":"Organization","@id":"https:\/\/findfoodbank.org\/#organization","name":"T\u00ccM Ng\u00e2n h\u00e0ng Th\u1ef1c ph\u1ea9m","url":"https:\/\/findfoodbank.org\/","logo":{"@type":"ImageObject","inLanguage":"vi","@id":"https:\/\/findfoodbank.org\/#\/schema\/logo\/image\/","url":"https:\/\/findfoodbank.org\/wp-content\/uploads\/2025\/09\/FIND-logo25-horizontal_4c.png","contentUrl":"https:\/\/findfoodbank.org\/wp-content\/uploads\/2025\/09\/FIND-logo25-horizontal_4c.png","width":1189,"height":373,"caption":"FIND Food Bank"},"image":{"@id":"https:\/\/findfoodbank.org\/#\/schema\/logo\/image\/"}}]}},"ticketed":false,"_links":{"self":[{"href":"https:\/\/findfoodbank.org\/vi\/wp-json\/wp\/v2\/pages\/1445","targetHints":{"allow":["GET"]}}],"collection":[{"href":"https:\/\/findfoodbank.org\/vi\/wp-json\/wp\/v2\/pages"}],"about":[{"href":"https:\/\/findfoodbank.org\/vi\/wp-json\/wp\/v2\/types\/page"}],"author":[{"embeddable":true,"href":"https:\/\/findfoodbank.org\/vi\/wp-json\/wp\/v2\/users\/15"}],"replies":[{"embeddable":true,"href":"https:\/\/findfoodbank.org\/vi\/wp-json\/wp\/v2\/comments?post=1445"}],"version-history":[{"count":23,"href":"https:\/\/findfoodbank.org\/vi\/wp-json\/wp\/v2\/pages\/1445\/revisions"}],"predecessor-version":[{"id":16815,"href":"https:\/\/findfoodbank.org\/vi\/wp-json\/wp\/v2\/pages\/1445\/revisions\/16815"}],"up":[{"embeddable":true,"href":"https:\/\/findfoodbank.org\/vi\/wp-json\/wp\/v2\/pages\/1167"}],"wp:featuredmedia":[{"embeddable":true,"href":"https:\/\/findfoodbank.org\/vi\/wp-json\/wp\/v2\/media\/9095"}],"wp:attachment":[{"href":"https:\/\/findfoodbank.org\/vi\/wp-json\/wp\/v2\/media?parent=1445"}],"curies":[{"name":"wp","href":"https:\/\/api.w.org\/{rel}","templated":true}]}}