{"id":1413,"date":"2021-06-03T04:47:40","date_gmt":"2021-06-03T04:47:40","guid":{"rendered":"http:\/\/findfoodbank.flywheelsites.com\/?page_id=1413"},"modified":"2025-11-04T14:41:40","modified_gmt":"2025-11-04T22:41:40","slug":"corporate-volunteerism","status":"publish","type":"page","link":"https:\/\/findfoodbank.org\/vi\/get-involved\/corporate-support\/corporate-volunteerism\/","title":{"rendered":"Ho\u1ea1t \u0111\u1ed9ng t\u00ecnh nguy\u1ec7n c\u1ee7a doanh nghi\u1ec7p"},"content":{"rendered":"<div class=\"gb-container gb-container-37238965 alignfull\">\n<div class=\"gb-container gb-container-898d2522\">\n\n<h2 class=\"gb-headline gb-headline-915fdd95 gb-headline-text\">Ways you can help<\/h2>\n\n\n<div class=\"gb-grid-wrapper gb-grid-wrapper-dd69e86d\">\n<div class=\"gb-grid-column gb-grid-column-4901959f\"><div class=\"gb-container gb-container-4901959f\">\n\n<h4 class=\"gb-headline gb-headline-ab433752 gb-headline-text lightboxshadow\"><a href=\"https:\/\/findfoodbank.org\/vi\/get-involved\/volunteer\/\">T\u00ecnh nguy\u1ec7n vi\u00ean<\/a><\/h4>\n\n<\/div><\/div>\n\n<div class=\"gb-grid-column gb-grid-column-8f72a120\"><div class=\"gb-container gb-container-8f72a120\">\n\n<h4 class=\"gb-headline gb-headline-d62a3e0e gb-headline-text lightboxshadow\"><a href=\"https:\/\/findfoodbank.org\/vi\/volunteer-opportunities\/\">C\u01a1 h\u1ed9i t\u00ecnh nguy\u1ec7n<\/a><\/h4>\n\n<\/div><\/div>\n\n<div class=\"gb-grid-column gb-grid-column-2c9d8798\"><div class=\"gb-container gb-container-2c9d8798\">\n\n<h4 class=\"gb-headline gb-headline-45678a3c gb-headline-text lightboxshadow\"><a href=\"https:\/\/findfoodbank.org\/vi\/voluntourism\/\">Du l\u1ecbch t\u00ecnh nguy\u1ec7n<\/a><\/h4>\n\n<\/div><\/div>\n\n<div class=\"gb-grid-column gb-grid-column-25067cc0\"><div class=\"gb-container gb-container-25067cc0\">\n\n<h4 class=\"gb-headline gb-headline-e50c3826 gb-headline-text lightboxshadow\"><a href=\"https:\/\/findfoodbank.org\/vi\/community-service-hours\/\">Community Service<\/a><\/h4>\n\n<\/div><\/div>\n\n<div class=\"gb-grid-column gb-grid-column-f9837088\"><div class=\"gb-container gb-container-f9837088\">\n\n<h4 class=\"gb-headline gb-headline-47fb97fe gb-headline-text lightboxshadow\"><a href=\"https:\/\/findfoodbank.org\/vi\/get-involved\/donate-foods\/\">Quy\u00ean g\u00f3p th\u1ef1c ph\u1ea9m<\/a><\/h4>\n\n<\/div><\/div>\n\n<div class=\"gb-grid-column gb-grid-column-3944464e\"><div class=\"gb-container gb-container-3944464e\">\n\n<h4 class=\"gb-headline gb-headline-ded28b18 gb-headline-text lightboxshadow\"><a href=\"https:\/\/findfoodbank.org\/vi\/fyac\/\">Youth Advisory Commission<\/a><\/h4>\n\n<\/div><\/div>\n<\/div>\n<\/div>\n\n<div class=\"gb-container gb-container-62e9c531\">\n\n<h5 class=\"gb-headline gb-headline-c16c678d gb-headline-text\">t\u00ecnh nguy\u1ec7n c\u1ee7a c\u00f4ng ty<\/h5>\n\n\n\n<p>What better way to build comradery and team spirit than through the act of volunteerism. Encourage collaboration through compassion and give back to the community as a team. All it takes is a few hours to work towards ending hunger in our community.<\/p>\n\n\n\n<p>We have opportunities to fit every schedule, including daytime, evening, and weekend options, with sorting sessions at our warehouse, distribution opportunities, and special events in the community. View our <strong><a data-feathr-click-track=\"true\" href=\"https:\/\/findfoodbank.volunteerhub.com\/events\/index?format=1&amp;filter={}#_=_\">volunteer calendar<\/a><\/strong> for available upcoming opportunities.<\/p>\n\n\n\n<p>Contact our Volunteer Programs Manager by calling 760-542-2176 ext. 132, or <a data-feathr-click-track=\"true\" href=\"\/vi\/contact-us\/\">g\u1eedi y\u00eau c\u1ea7u qua <strong>e-mail<\/strong><\/a>.<\/p>\n\n<\/div>\n\n<div class=\"gb-container gb-container-2eb63d3f\">\n<div id=\"gutenslider-d95fr4v34\" class=\"wp-block-eedee-block-gutenslider gs-frontend content-change alignnone arrow-style-1 arrow-position-sides arrow-mb-none arrows-lg arrows-md arrows-sm dot-style-1 dots-lg dots-md dots-sm dot-position-bottom is-position-center-center mb-none wrap-auto-height\" data-parallax-direction=\"down\" data-parallax-amount=\"1.3\" data-lg-transition=\"lg-slide\" data-hash=\"\" ><div class=\"eedee-swiper-outer\" style=\"--gutenslider-min-height: 50vh;--gutenslider-arrow-size: 30px;--gutenslider-dot-size: 25px;--gutenslider-arrow-color: #ffffff;--gutenslider-dot-color: #ffffff;--gutenslider-padding-y-mobile: 40px;--gutenslider-padding-x-mobile: 40px;--gutenslider-padding-y-tablet: 40px;--gutenslider-padding-x-tablet: 40px;--gutenslider-padding-y-desktop: 40px;--gutenslider-padding-x-desktop: 40px;--gutenslider-bg-image: url();--gutenslider-min-height-md: 50vh;--gutenslider-min-height-sm: 50vh;--gutenslider-padding-x: 40px;--gutenslider-padding-x-md: 40px;--gutenslider-padding-x-sm: 20px;--gutenslider-padding-y: 40px;--gutenslider-padding-y-md: 40px;--gutenslider-padding-y-sm: 20px;--gutenslider-arrow-size-md: 30px;--gutenslider-arrow-size-sm: 30px;--gutenslider-dot-size-md: 25px;--gutenslider-dot-size-sm: 25px;--gutenslider-arrow-bg-color: transparent;--gutenslider-arrow-hover-color: #eeeeee;--gutenslider-arrow-bg-hover-color: transparent;--gutenslider-arrow-x-offset: 10px;--gutenslider-arrow-x-offset-md: 10px;--gutenslider-arrow-x-offset-sm: 10px;--gutenslider-arrow-y-offset: 0px;--gutenslider-arrow-y-offset-md: 0px;--gutenslider-arrow-y-offset-sm: 0px;--gutenslider-arrow-x-spacing: 0px;--gutenslider-dot-y-offset: 10px;--gutenslider-dot-y-offset-md: 10px;--gutenslider-dot-y-offset-sm: 10px;--gutenslider-margin-x: 0px;--gutenslider-margin-x-md: 0px;--gutenslider-margin-x-sm: 0px;--gutenslider-margin-y: 0px;--gutenslider-margin-y-md: 0px;--gutenslider-margin-y-sm: 0px;--gutenslider-divider-top: 60px;--gutenslider-divider-bottom: 60px;--gutenslider-lightgallery-bg: #ffffff;--gutenslider-lightgallery-font: #000000;--gs-first-pos: 50% 50%;--gs-gap-vertical: var( --wp--style--gallery-gap-default, var( --gallery-block--gutter-size, var( --wp--style--block-gap, 0.5em ) ) );--gs-gap-horizontal: var( --wp--style--gallery-gap-default, var( --gallery-block--gutter-size, var( --wp--style--block-gap, 0.5em ) ) );\"><div class=\"gutenslider-divider-top\" style=\"color:#fff;\"><\/div><div class=\"swiper\" data-settings='{\"autoplay\":false,\"speed\":700,\"direction\":\"horizontal\",\"autoHeight\":\"\",\"loop\":true,\"centeredSlides\":true,\"spaceBetween\":0,\"slidesPerView\":1,\"slidesPerGroup\":1,\"effect\":\"slide\",\"coverflowEffect\":{\"rotate\":30,\"slideShadows\":false,\"depth\":100,\"stretch\":50,\"modifier\":1},\"fadeEffect\":{\"crossFade\":true},\"zoom\":\"\",\"navigation\":{\"nextEl\":\"#gutenslider-d95fr4v34 .eedee-gutenslider-next\",\"prevEl\":\"#gutenslider-d95fr4v34 .eedee-gutenslider-prev\"},\"pagination\":{\"type\":\"bullets\",\"clickable\":true,\"dynamicBullets\":false,\"el\":\"#gutenslider-d95fr4v34 .eedee-gutenslider-pagination\"},\"pauseOnHover\":\"1\",\"watchSlidesProgress\":true,\"watchSlidesVisibility\":true,\"settingsMd\":{\"autoHeight\":\"\",\"slidesPerView\":1,\"slidesPerGroup\":1,\"spaceBetween\":0,\"loop\":true},\"settingsLg\":{\"autoHeight\":\"\",\"slidesPerView\":1,\"slidesPerGroup\":1,\"spaceBetween\":0,\"loop\":true},\"hasLg\":false,\"hasLgCounter\":true,\"isFullScreen\":false,\"arrowsFollowMouse\":false,\"lgTitle\":\"none\",\"lgCaption\":\"none\",\"lgThumbnails\":true,\"lgZoomEnabled\":false,\"keyboard\":{\"keyboard\":{\"enabled\":true,\"onlyInViewport\":true}},\"hashNavigation\":false,\"dividers\":false}'><div class=\"swiper-wrapper\">\n<div class=\"swiper-slide wp-block-eedee-block-gutenslide is-position-center-center ed-bg-image\" style=\"--ed-vw:300;--ed-vh:200;\" data-hash=\"\"><div class=\"eedee-background-div bg-image\"><img loading=\"lazy\" width=\"1024\" height=\"683\" class=\"wp-image-13681\" src=\"https:\/\/findfoodbank.org\/wp-content\/uploads\/2024\/05\/DSC_0087-1024x683.jpg\" alt=\"\" decoding=\"async\" style=\"object-fit: cover; object-position: 50% 50%;\"  data-caption=\"FPSA Team\" data-title=\"DSC_0087\" srcset=\"https:\/\/findfoodbank.org\/wp-content\/uploads\/2024\/05\/DSC_0087-1024x683.jpg 1024w, https:\/\/findfoodbank.org\/wp-content\/uploads\/2024\/05\/DSC_0087-300x200.jpg 300w, https:\/\/findfoodbank.org\/wp-content\/uploads\/2024\/05\/DSC_0087-768x512.jpg 768w, https:\/\/findfoodbank.org\/wp-content\/uploads\/2024\/05\/DSC_0087-50x33.jpg 50w\" sizes=\"auto, (max-width: 1024px) 100vw, 1024px\" \/><div class=\"eedee-background-div__overlay\" style=\"opacity:1;\"><\/div><\/div><div class=\"slide-content\">\n\n<p class=\"has-text-align-center gutenslider-content-initial has-larger-font-size\"><\/p>\n\n<\/div><\/div>\n\n<div class=\"swiper-slide wp-block-eedee-block-gutenslide is-position-center-center ed-bg-image\" style=\"--ed-vw:300;--ed-vh:200;\" data-hash=\"\"><div class=\"eedee-background-div bg-image\"><img loading=\"lazy\" width=\"1024\" height=\"683\" class=\"wp-image-13686\" src=\"https:\/\/findfoodbank.org\/wp-content\/uploads\/2024\/05\/DSC_0331-1024x683.jpg\" alt=\"\" decoding=\"async\" style=\"object-fit: cover; object-position: 50% 50%;\"  data-caption=\"American Express\" data-title=\"DSC_0331\" srcset=\"https:\/\/findfoodbank.org\/wp-content\/uploads\/2024\/05\/DSC_0331-1024x683.jpg 1024w, https:\/\/findfoodbank.org\/wp-content\/uploads\/2024\/05\/DSC_0331-300x200.jpg 300w, https:\/\/findfoodbank.org\/wp-content\/uploads\/2024\/05\/DSC_0331-768x512.jpg 768w, https:\/\/findfoodbank.org\/wp-content\/uploads\/2024\/05\/DSC_0331-50x33.jpg 50w\" sizes=\"auto, (max-width: 1024px) 100vw, 1024px\" \/><div class=\"eedee-background-div__overlay\" style=\"opacity:1;\"><\/div><\/div><div class=\"slide-content\">\n\n<p class=\"has-text-align-center gutenslider-content-initial has-larger-font-size\"><\/p>\n\n<\/div><\/div>\n\n<div class=\"swiper-slide wp-block-eedee-block-gutenslide is-position-center-center ed-bg-image\" style=\"--ed-vw:300;--ed-vh:225;\" data-hash=\"\"><div class=\"eedee-background-div bg-image\"><img loading=\"lazy\" width=\"1024\" height=\"768\" class=\"wp-image-13687\" src=\"https:\/\/findfoodbank.org\/wp-content\/uploads\/2024\/05\/IMG_0886-1024x768.jpg\" alt=\"\" decoding=\"async\" style=\"object-fit: cover; object-position: 50% 50%;\"  data-caption=\"Bank of America Team\" data-title=\"IMG_0886\" srcset=\"https:\/\/findfoodbank.org\/wp-content\/uploads\/2024\/05\/IMG_0886-1024x768.jpg 1024w, https:\/\/findfoodbank.org\/wp-content\/uploads\/2024\/05\/IMG_0886-300x225.jpg 300w, https:\/\/findfoodbank.org\/wp-content\/uploads\/2024\/05\/IMG_0886-768x576.jpg 768w, https:\/\/findfoodbank.org\/wp-content\/uploads\/2024\/05\/IMG_0886-50x38.jpg 50w, https:\/\/findfoodbank.org\/wp-content\/uploads\/2024\/05\/IMG_0886-1600x1200.jpg 1600w, https:\/\/findfoodbank.org\/wp-content\/uploads\/2024\/05\/IMG_0886-1536x1152.jpg 1536w, https:\/\/findfoodbank.org\/wp-content\/uploads\/2024\/05\/IMG_0886-2048x1536.jpg 2048w, https:\/\/findfoodbank.org\/wp-content\/uploads\/2024\/05\/IMG_0886-16x12.jpg 16w\" sizes=\"auto, (max-width: 1024px) 100vw, 1024px\" \/><div class=\"eedee-background-div__overlay\" style=\"opacity:1;\"><\/div><\/div><div class=\"slide-content\">\n\n<p class=\"has-text-align-center gutenslider-content-initial has-larger-font-size\"><\/p>\n\n<\/div><\/div>\n\n<div class=\"swiper-slide wp-block-eedee-block-gutenslide is-position-center-center ed-bg-image\" style=\"--ed-vw:300;--ed-vh:234;\" data-hash=\"\"><div class=\"eedee-background-div bg-image\"><img loading=\"lazy\" width=\"1024\" height=\"800\" class=\"wp-image-13688\" src=\"https:\/\/findfoodbank.org\/wp-content\/uploads\/2024\/05\/IMG_3505-1024x800.jpg\" alt=\"\" decoding=\"async\" style=\"object-fit: cover; object-position: 50% 50%;\"  data-caption=\"The Rennaissance Esmeralda Indian Wells\" data-title=\"IMG_3505\" srcset=\"https:\/\/findfoodbank.org\/wp-content\/uploads\/2024\/05\/IMG_3505-1024x800.jpg 1024w, https:\/\/findfoodbank.org\/wp-content\/uploads\/2024\/05\/IMG_3505-300x234.jpg 300w, https:\/\/findfoodbank.org\/wp-content\/uploads\/2024\/05\/IMG_3505-768x600.jpg 768w, https:\/\/findfoodbank.org\/wp-content\/uploads\/2024\/05\/IMG_3505-50x39.jpg 50w, https:\/\/findfoodbank.org\/wp-content\/uploads\/2024\/05\/IMG_3505-1600x1250.jpg 1600w, https:\/\/findfoodbank.org\/wp-content\/uploads\/2024\/05\/IMG_3505-1536x1200.jpg 1536w, https:\/\/findfoodbank.org\/wp-content\/uploads\/2024\/05\/IMG_3505-2048x1600.jpg 2048w, https:\/\/findfoodbank.org\/wp-content\/uploads\/2024\/05\/IMG_3505-15x12.jpg 15w\" sizes=\"auto, (max-width: 1024px) 100vw, 1024px\" \/><div class=\"eedee-background-div__overlay\" style=\"opacity:1;\"><\/div><\/div><div class=\"slide-content\">\n\n<p class=\"has-text-align-center gutenslider-content-initial has-larger-font-size\"><\/p>\n\n<\/div><\/div>\n\n<div class=\"swiper-slide wp-block-eedee-block-gutenslide is-position-center-center ed-bg-image\" style=\"--ed-vw:300;--ed-vh:200;\" data-hash=\"\"><div class=\"eedee-background-div bg-image\"><img loading=\"lazy\" width=\"1024\" height=\"683\" class=\"wp-image-13691\" src=\"https:\/\/findfoodbank.org\/wp-content\/uploads\/2024\/05\/DSC_0046-1024x683.jpg\" alt=\"\" decoding=\"async\" style=\"object-fit: cover; object-position: 50% 50%;\"  data-caption=\"FPSA\" data-title=\"DSC_0046\" srcset=\"https:\/\/findfoodbank.org\/wp-content\/uploads\/2024\/05\/DSC_0046-1024x683.jpg 1024w, https:\/\/findfoodbank.org\/wp-content\/uploads\/2024\/05\/DSC_0046-300x200.jpg 300w, https:\/\/findfoodbank.org\/wp-content\/uploads\/2024\/05\/DSC_0046-768x512.jpg 768w, https:\/\/findfoodbank.org\/wp-content\/uploads\/2024\/05\/DSC_0046-50x33.jpg 50w\" sizes=\"auto, (max-width: 1024px) 100vw, 1024px\" \/><div class=\"eedee-background-div__overlay\" style=\"opacity:1;\"><\/div><\/div><div class=\"slide-content\">\n\n<p class=\"has-text-align-center gutenslider-content-initial has-larger-font-size\"><\/p>\n\n<\/div><\/div>\n<\/div><\/div><button class=\"eedee-gutenslider-nav eedee-gutenslider-prev\"><svg xmlns=\"http:\/\/www.w3.org\/2000\/svg\" viewbox=\"0 0 24 24\" width=\"24\" height=\"24\"><circle class=\"bg\" cx=\"13\" cy=\"12\" r=\"11\" \/><path fill=\"none\" d=\"M0 0h24v24H0z\"\/><path class=\"arrow\" d=\"M10.828 12l4.95 4.95-1.414 1.414L8 12l6.364-6.364 1.414 1.414z\"\/><\/svg><\/button><button class=\"eedee-gutenslider-nav eedee-gutenslider-next\"><svg xmlns=\"http:\/\/www.w3.org\/2000\/svg\" viewbox=\"0 0 24 24\" width=\"24\" height=\"24\"><circle class=\"bg\" cx=\"11\" cy=\"12\" r=\"11\" \/><path fill=\"none\" d=\"M0 0h24v24H0z\"\/><path class=\"arrow\" d=\"M13.172 12l-4.95-4.95 1.414-1.414L16 12l-6.364 6.364-1.414-1.414z\"\/><\/svg><\/button><div class=\"eedee-gutenslider-pagination\"><\/div><div class=\"gutenslider-divider-bottom\" style=\"color:#fff;\"><\/div><\/div><\/div>\n<\/div>\n<\/div>","protected":false},"excerpt":{"rendered":"<p> &#8230; <a title=\"Ho\u1ea1t \u0111\u1ed9ng t\u00ecnh nguy\u1ec7n c\u1ee7a doanh nghi\u1ec7p\" class=\"read-more\" href=\"https:\/\/findfoodbank.org\/vi\/get-involved\/corporate-support\/corporate-volunteerism\/\" aria-label=\"\u0110\u1ecdc th\u00eam v\u1ec1 Corporate Volunteerism\">Read more<\/a><\/p>","protected":false},"author":15,"featured_media":16270,"parent":1408,"menu_order":0,"comment_status":"closed","ping_status":"closed","template":"","meta":{"_monsterinsights_skip_tracking":false,"_monsterinsights_sitenote_active":false,"_monsterinsights_sitenote_note":"","_monsterinsights_sitenote_category":0,"_price":"","_stock":"","_tribe_ticket_header":"","_tribe_default_ticket_provider":"","_tribe_ticket_capacity":"0","_ticket_start_date":"","_ticket_end_date":"","_tribe_ticket_show_description":"","_tribe_ticket_show_not_going":false,"_tribe_ticket_use_global_stock":"","_tribe_ticket_global_stock_level":"","_global_stock_mode":"","_global_stock_cap":"","_tribe_rsvp_for_event":"","_tribe_ticket_going_count":"","_tribe_ticket_not_going_count":"","_tribe_tickets_list":"[]","_tribe_ticket_has_attendee_info_fields":false,"footnotes":"","_tec_slr_enabled":"","_tec_slr_layout":""},"class_list":["post-1413","page","type-page","status-publish","has-post-thumbnail","resize-featured-image"],"yoast_head":"<!-- This site is optimized with the Yoast SEO plugin v27.3 - https:\/\/yoast.com\/product\/yoast-seo-wordpress\/ -->\n<title>Corporate Volunteerism FIND Food Bank Coachella Valley<\/title>\n<meta name=\"description\" content=\"What better way to build comradery and team spirit than through the act of volunteerism. Encourage collaboration through compassion and give back .\" \/>\n<meta name=\"robots\" content=\"index, follow, max-snippet:-1, max-image-preview:large, max-video-preview:-1\" \/>\n<link rel=\"canonical\" href=\"https:\/\/findfoodbank.org\/vi\/get-involved\/corporate-support\/corporate-volunteerism\/\" \/>\n<meta property=\"og:locale\" content=\"vi_VN\" \/>\n<meta property=\"og:type\" content=\"article\" \/>\n<meta property=\"og:title\" content=\"Corporate Volunteerism FIND Food Bank Coachella Valley\" \/>\n<meta property=\"og:description\" content=\"What better way to build comradery and team spirit than through the act of volunteerism. Encourage collaboration through compassion and give back .\" \/>\n<meta property=\"og:url\" content=\"https:\/\/findfoodbank.org\/vi\/get-involved\/corporate-support\/corporate-volunteerism\/\" \/>\n<meta property=\"og:site_name\" content=\"FIND Food Bank\" \/>\n<meta property=\"article:modified_time\" content=\"2025-11-04T22:41:40+00:00\" \/>\n<meta property=\"og:image\" content=\"https:\/\/findfoodbank.org\/wp-content\/uploads\/2025\/07\/DSC_0053-scaled.jpg\" \/>\n\t<meta property=\"og:image:width\" content=\"2560\" \/>\n\t<meta property=\"og:image:height\" content=\"1707\" \/>\n\t<meta property=\"og:image:type\" content=\"image\/jpeg\" \/>\n<meta name=\"twitter:card\" content=\"summary_large_image\" \/>\n<meta name=\"twitter:label1\" content=\"\u01af\u1edbc t\u00ednh th\u1eddi gian \u0111\u1ecdc\" \/>\n\t<meta name=\"twitter:data1\" content=\"1 ph\u00fat\" \/>\n<script type=\"application\/ld+json\" class=\"yoast-schema-graph\">{\"@context\":\"https:\\\/\\\/schema.org\",\"@graph\":[{\"@type\":\"WebPage\",\"@id\":\"https:\\\/\\\/findfoodbank.org\\\/get-involved\\\/corporate-support\\\/corporate-volunteerism\\\/\",\"url\":\"https:\\\/\\\/findfoodbank.org\\\/get-involved\\\/corporate-support\\\/corporate-volunteerism\\\/\",\"name\":\"Corporate Volunteerism FIND Food Bank Coachella Valley\",\"isPartOf\":{\"@id\":\"https:\\\/\\\/findfoodbank.org\\\/#website\"},\"primaryImageOfPage\":{\"@id\":\"https:\\\/\\\/findfoodbank.org\\\/get-involved\\\/corporate-support\\\/corporate-volunteerism\\\/#primaryimage\"},\"image\":{\"@id\":\"https:\\\/\\\/findfoodbank.org\\\/get-involved\\\/corporate-support\\\/corporate-volunteerism\\\/#primaryimage\"},\"thumbnailUrl\":\"https:\\\/\\\/findfoodbank.org\\\/wp-content\\\/uploads\\\/2025\\\/07\\\/DSC_0053-scaled.jpg\",\"datePublished\":\"2021-06-03T04:47:40+00:00\",\"dateModified\":\"2025-11-04T22:41:40+00:00\",\"description\":\"What better way to build comradery and team spirit than through the act of volunteerism. Encourage collaboration through compassion and give back .\",\"breadcrumb\":{\"@id\":\"https:\\\/\\\/findfoodbank.org\\\/get-involved\\\/corporate-support\\\/corporate-volunteerism\\\/#breadcrumb\"},\"inLanguage\":\"vi\",\"potentialAction\":[{\"@type\":\"ReadAction\",\"target\":[\"https:\\\/\\\/findfoodbank.org\\\/get-involved\\\/corporate-support\\\/corporate-volunteerism\\\/\"]}]},{\"@type\":\"ImageObject\",\"inLanguage\":\"vi\",\"@id\":\"https:\\\/\\\/findfoodbank.org\\\/get-involved\\\/corporate-support\\\/corporate-volunteerism\\\/#primaryimage\",\"url\":\"https:\\\/\\\/findfoodbank.org\\\/wp-content\\\/uploads\\\/2025\\\/07\\\/DSC_0053-scaled.jpg\",\"contentUrl\":\"https:\\\/\\\/findfoodbank.org\\\/wp-content\\\/uploads\\\/2025\\\/07\\\/DSC_0053-scaled.jpg\",\"width\":2560,\"height\":1707,\"caption\":\"Corporate Volunteerism Amazon\"},{\"@type\":\"BreadcrumbList\",\"@id\":\"https:\\\/\\\/findfoodbank.org\\\/get-involved\\\/corporate-support\\\/corporate-volunteerism\\\/#breadcrumb\",\"itemListElement\":[{\"@type\":\"ListItem\",\"position\":1,\"name\":\"Home\",\"item\":\"https:\\\/\\\/findfoodbank.org\\\/\"},{\"@type\":\"ListItem\",\"position\":2,\"name\":\"Get Involved\",\"item\":\"https:\\\/\\\/findfoodbank.org\\\/get-involved\\\/\"},{\"@type\":\"ListItem\",\"position\":3,\"name\":\"Corporate Support\",\"item\":\"https:\\\/\\\/findfoodbank.org\\\/get-involved\\\/corporate-support\\\/\"},{\"@type\":\"ListItem\",\"position\":4,\"name\":\"Corporate Volunteerism\"}]},{\"@type\":\"WebSite\",\"@id\":\"https:\\\/\\\/findfoodbank.org\\\/#website\",\"url\":\"https:\\\/\\\/findfoodbank.org\\\/\",\"name\":\"FIND Food Bank\",\"description\":\"The Desert's Regional Food Bank\",\"publisher\":{\"@id\":\"https:\\\/\\\/findfoodbank.org\\\/#organization\"},\"potentialAction\":[{\"@type\":\"SearchAction\",\"target\":{\"@type\":\"EntryPoint\",\"urlTemplate\":\"https:\\\/\\\/findfoodbank.org\\\/?s={search_term_string}\"},\"query-input\":{\"@type\":\"PropertyValueSpecification\",\"valueRequired\":true,\"valueName\":\"search_term_string\"}}],\"inLanguage\":\"vi\"},{\"@type\":\"Organization\",\"@id\":\"https:\\\/\\\/findfoodbank.org\\\/#organization\",\"name\":\"FIND Food Bank\",\"url\":\"https:\\\/\\\/findfoodbank.org\\\/\",\"logo\":{\"@type\":\"ImageObject\",\"inLanguage\":\"vi\",\"@id\":\"https:\\\/\\\/findfoodbank.org\\\/#\\\/schema\\\/logo\\\/image\\\/\",\"url\":\"https:\\\/\\\/findfoodbank.org\\\/wp-content\\\/uploads\\\/2025\\\/09\\\/FIND-logo25-horizontal_4c.png\",\"contentUrl\":\"https:\\\/\\\/findfoodbank.org\\\/wp-content\\\/uploads\\\/2025\\\/09\\\/FIND-logo25-horizontal_4c.png\",\"width\":1189,\"height\":373,\"caption\":\"FIND Food Bank\"},\"image\":{\"@id\":\"https:\\\/\\\/findfoodbank.org\\\/#\\\/schema\\\/logo\\\/image\\\/\"}}]}<\/script>\n<!-- \/ Yoast SEO plugin. -->","yoast_head_json":{"title":"Corporate Volunteerism FIND Food Bank Coachella Valley","description":"What better way to build comradery and team spirit than through the act of volunteerism. Encourage collaboration through compassion and give back .","robots":{"index":"index","follow":"follow","max-snippet":"max-snippet:-1","max-image-preview":"max-image-preview:large","max-video-preview":"max-video-preview:-1"},"canonical":"https:\/\/findfoodbank.org\/vi\/get-involved\/corporate-support\/corporate-volunteerism\/","og_locale":"vi_VN","og_type":"article","og_title":"Corporate Volunteerism FIND Food Bank Coachella Valley","og_description":"What better way to build comradery and team spirit than through the act of volunteerism. Encourage collaboration through compassion and give back .","og_url":"https:\/\/findfoodbank.org\/vi\/get-involved\/corporate-support\/corporate-volunteerism\/","og_site_name":"FIND Food Bank","article_modified_time":"2025-11-04T22:41:40+00:00","og_image":[{"width":2560,"height":1707,"url":"https:\/\/findfoodbank.org\/wp-content\/uploads\/2025\/07\/DSC_0053-scaled.jpg","type":"image\/jpeg"}],"twitter_card":"summary_large_image","twitter_misc":{"\u01af\u1edbc t\u00ednh th\u1eddi gian \u0111\u1ecdc":"1 ph\u00fat"},"schema":{"@context":"https:\/\/schema.org","@graph":[{"@type":"WebPage","@id":"https:\/\/findfoodbank.org\/get-involved\/corporate-support\/corporate-volunteerism\/","url":"https:\/\/findfoodbank.org\/get-involved\/corporate-support\/corporate-volunteerism\/","name":"Corporate Volunteerism FIND Food Bank Coachella Valley","isPartOf":{"@id":"https:\/\/findfoodbank.org\/#website"},"primaryImageOfPage":{"@id":"https:\/\/findfoodbank.org\/get-involved\/corporate-support\/corporate-volunteerism\/#primaryimage"},"image":{"@id":"https:\/\/findfoodbank.org\/get-involved\/corporate-support\/corporate-volunteerism\/#primaryimage"},"thumbnailUrl":"https:\/\/findfoodbank.org\/wp-content\/uploads\/2025\/07\/DSC_0053-scaled.jpg","datePublished":"2021-06-03T04:47:40+00:00","dateModified":"2025-11-04T22:41:40+00:00","description":"What better way to build comradery and team spirit than through the act of volunteerism. Encourage collaboration through compassion and give back .","breadcrumb":{"@id":"https:\/\/findfoodbank.org\/get-involved\/corporate-support\/corporate-volunteerism\/#breadcrumb"},"inLanguage":"vi","potentialAction":[{"@type":"ReadAction","target":["https:\/\/findfoodbank.org\/get-involved\/corporate-support\/corporate-volunteerism\/"]}]},{"@type":"ImageObject","inLanguage":"vi","@id":"https:\/\/findfoodbank.org\/get-involved\/corporate-support\/corporate-volunteerism\/#primaryimage","url":"https:\/\/findfoodbank.org\/wp-content\/uploads\/2025\/07\/DSC_0053-scaled.jpg","contentUrl":"https:\/\/findfoodbank.org\/wp-content\/uploads\/2025\/07\/DSC_0053-scaled.jpg","width":2560,"height":1707,"caption":"Corporate Volunteerism Amazon"},{"@type":"BreadcrumbList","@id":"https:\/\/findfoodbank.org\/get-involved\/corporate-support\/corporate-volunteerism\/#breadcrumb","itemListElement":[{"@type":"ListItem","position":1,"name":"Home","item":"https:\/\/findfoodbank.org\/"},{"@type":"ListItem","position":2,"name":"Get Involved","item":"https:\/\/findfoodbank.org\/get-involved\/"},{"@type":"ListItem","position":3,"name":"Corporate Support","item":"https:\/\/findfoodbank.org\/get-involved\/corporate-support\/"},{"@type":"ListItem","position":4,"name":"Corporate Volunteerism"}]},{"@type":"WebSite","@id":"https:\/\/findfoodbank.org\/#website","url":"https:\/\/findfoodbank.org\/","name":"T\u00ccM Ng\u00e2n h\u00e0ng Th\u1ef1c ph\u1ea9m","description":"Ng\u00e2n h\u00e0ng l\u01b0\u01a1ng th\u1ef1c khu v\u1ef1c c\u1ee7a sa m\u1ea1c","publisher":{"@id":"https:\/\/findfoodbank.org\/#organization"},"potentialAction":[{"@type":"SearchAction","target":{"@type":"EntryPoint","urlTemplate":"https:\/\/findfoodbank.org\/?s={search_term_string}"},"query-input":{"@type":"PropertyValueSpecification","valueRequired":true,"valueName":"search_term_string"}}],"inLanguage":"vi"},{"@type":"Organization","@id":"https:\/\/findfoodbank.org\/#organization","name":"T\u00ccM Ng\u00e2n h\u00e0ng Th\u1ef1c ph\u1ea9m","url":"https:\/\/findfoodbank.org\/","logo":{"@type":"ImageObject","inLanguage":"vi","@id":"https:\/\/findfoodbank.org\/#\/schema\/logo\/image\/","url":"https:\/\/findfoodbank.org\/wp-content\/uploads\/2025\/09\/FIND-logo25-horizontal_4c.png","contentUrl":"https:\/\/findfoodbank.org\/wp-content\/uploads\/2025\/09\/FIND-logo25-horizontal_4c.png","width":1189,"height":373,"caption":"FIND Food Bank"},"image":{"@id":"https:\/\/findfoodbank.org\/#\/schema\/logo\/image\/"}}]}},"ticketed":false,"_links":{"self":[{"href":"https:\/\/findfoodbank.org\/vi\/wp-json\/wp\/v2\/pages\/1413","targetHints":{"allow":["GET"]}}],"collection":[{"href":"https:\/\/findfoodbank.org\/vi\/wp-json\/wp\/v2\/pages"}],"about":[{"href":"https:\/\/findfoodbank.org\/vi\/wp-json\/wp\/v2\/types\/page"}],"author":[{"embeddable":true,"href":"https:\/\/findfoodbank.org\/vi\/wp-json\/wp\/v2\/users\/15"}],"replies":[{"embeddable":true,"href":"https:\/\/findfoodbank.org\/vi\/wp-json\/wp\/v2\/comments?post=1413"}],"version-history":[{"count":22,"href":"https:\/\/findfoodbank.org\/vi\/wp-json\/wp\/v2\/pages\/1413\/revisions"}],"predecessor-version":[{"id":17025,"href":"https:\/\/findfoodbank.org\/vi\/wp-json\/wp\/v2\/pages\/1413\/revisions\/17025"}],"up":[{"embeddable":true,"href":"https:\/\/findfoodbank.org\/vi\/wp-json\/wp\/v2\/pages\/1408"}],"wp:featuredmedia":[{"embeddable":true,"href":"https:\/\/findfoodbank.org\/vi\/wp-json\/wp\/v2\/media\/16270"}],"wp:attachment":[{"href":"https:\/\/findfoodbank.org\/vi\/wp-json\/wp\/v2\/media?parent=1413"}],"curies":[{"name":"wp","href":"https:\/\/api.w.org\/{rel}","templated":true}]}}