{"id":1408,"date":"2021-06-03T04:39:10","date_gmt":"2021-06-03T04:39:10","guid":{"rendered":"http:\/\/findfoodbank.flywheelsites.com\/?page_id=1408"},"modified":"2024-05-01T13:24:41","modified_gmt":"2024-05-01T20:24:41","slug":"corporate-support","status":"publish","type":"page","link":"https:\/\/findfoodbank.org\/vi\/get-involved\/corporate-support\/","title":{"rendered":"H\u1ed7 tr\u1ee3 doanh nghi\u1ec7p"},"content":{"rendered":"<div class=\"gb-container gb-container-f7e56fc1 alignfull\">\n<div class=\"gb-container gb-container-33c2f5b9\">\n<div class=\"gb-grid-wrapper gb-grid-wrapper-9552aae2\">\n<div class=\"gb-grid-column gb-grid-column-fcef292f\"><div class=\"gb-container gb-container-fcef292f\">\n<nav style=\"color: #324452;\" class=\"has-text-color  is-vertical wp-block-navigation is-layout-flex wp-container-core-navigation-is-layout-8cf370e7 wp-block-navigation-is-layout-flex\" aria-label=\"H\u1ed7 tr\u1ee3 doanh nghi\u1ec7p\"><ul style=\"color: #324452;\" class=\"wp-block-navigation__container has-text-color  is-vertical wp-block-navigation\"><li class=\"wp-block-navigation-item wp-block-navigation-link\"><a class=\"wp-block-navigation-item__content\"  href=\"https:\/\/findfoodbank.org\/vi\/get-involved\/food-donations\/\"><span class=\"wp-block-navigation-item__label\">Quy\u00ean g\u00f3p th\u1ef1c ph\u1ea9m<\/span><\/a><\/li><li class=\"wp-block-navigation-item wp-block-navigation-link\"><a class=\"wp-block-navigation-item__content\"  href=\"https:\/\/findfoodbank.org\/vi\/virtual-food-drive\/\"><span class=\"wp-block-navigation-item__label\">Virtual Food Drive<\/span><\/a><\/li><li class=\"wp-block-navigation-item wp-block-navigation-link\"><a class=\"wp-block-navigation-item__content\"  href=\"https:\/\/findfoodbank.org\/vi\/get-involved\/financial-support\/\"><span class=\"wp-block-navigation-item__label\">H\u1ed7 tr\u1ee3 t\u00e0i ch\u00ednh<\/span><\/a><\/li><li class=\"wp-block-navigation-item wp-block-navigation-link\"><a class=\"wp-block-navigation-item__content\"  href=\"https:\/\/findfoodbank.org\/vi\/get-involved\/corporate-support\/food-industry-donations\/\"><span class=\"wp-block-navigation-item__label\">C\u00e1c kho\u1ea3n quy\u00ean g\u00f3p cho ng\u00e0nh c\u00f4ng nghi\u1ec7p th\u1ef1c ph\u1ea9m<\/span><\/a><\/li><li class=\"wp-block-navigation-item wp-block-navigation-link\"><a class=\"wp-block-navigation-item__content\"  href=\"https:\/\/findfoodbank.org\/vi\/get-involved\/corporate-support\/corporate-financial-support\/\"><span class=\"wp-block-navigation-item__label\">H\u1ed7 tr\u1ee3 t\u00e0i ch\u00ednh doanh nghi\u1ec7p<\/span><\/a><\/li><li class=\"wp-block-navigation-item wp-block-navigation-link\"><a class=\"wp-block-navigation-item__content\"  href=\"https:\/\/findfoodbank.org\/vi\/get-involved\/corporate-support\/corporate-recognition\/\"><span class=\"wp-block-navigation-item__label\">C\u00f4ng nh\u1eadn doanh nghi\u1ec7p<\/span><\/a><\/li><li class=\"wp-block-navigation-item wp-block-navigation-link\"><a class=\"wp-block-navigation-item__content\"  href=\"https:\/\/findfoodbank.org\/vi\/get-involved\/corporate-support\/cause-marketing-partnerships\/\"><span class=\"wp-block-navigation-item__label\">Nguy\u00ean nh\u00e2n quan h\u1ec7 \u0111\u1ed1i t\u00e1c ti\u1ebfp th\u1ecb<\/span><\/a><\/li><li class=\"wp-block-navigation-item wp-block-navigation-link\"><a class=\"wp-block-navigation-item__content\"  href=\"https:\/\/findfoodbank.org\/vi\/get-involved\/corporate-support\/employee-engagement\/\"><span class=\"wp-block-navigation-item__label\">S\u1ef1 tham gia c\u1ee7a ng\u01b0\u1eddi lao \u0111\u1ed9ng<\/span><\/a><\/li><li class=\"wp-block-navigation-item wp-block-navigation-link\"><a class=\"wp-block-navigation-item__content\"  href=\"https:\/\/findfoodbank.org\/vi\/shoptogive\/\"><span class=\"wp-block-navigation-item__label\">Mua s\u1eafm \u0111\u1ec3 t\u1eb7ng<\/span><\/a><\/li><li class=\"wp-block-navigation-item wp-block-navigation-link\"><a class=\"wp-block-navigation-item__content\"  href=\"https:\/\/findfoodbank.org\/vi\/donor-policy\/\"><span class=\"wp-block-navigation-item__label\">Ch\u00ednh s\u00e1ch nh\u00e0 t\u00e0i tr\u1ee3<\/span><\/a><\/li><\/ul><\/nav>\n<\/div><\/div>\n\n<div class=\"gb-grid-column gb-grid-column-7ec329c4\"><div class=\"gb-container gb-container-7ec329c4\">\n\n<h5 class=\"gb-headline gb-headline-acce8e3d gb-headline-text\">h\u1ed7 tr\u1ee3 doanh nghi\u1ec7p<\/h5>\n\n\n\n<p>Cung c\u1ea5p qu\u1ef9, t\u00ecnh nguy\u1ec7n, quy\u00ean g\u00f3p th\u1ef1c ph\u1ea9m v\u00e0 n\u00e2ng cao nh\u1eadn th\u1ee9c. L\u00e0 m\u1ed9t c\u00f4ng ty h\u1ed7 tr\u1ee3 cho Ng\u00e2n h\u00e0ng Th\u1ef1c ph\u1ea9m FIND, b\u1ea1n s\u1ebd th\u1ec3 hi\u1ec7n cam k\u1ebft c\u1ee7a m\u00ecnh trong vi\u1ec7c ch\u1ea5m d\u1ee9t n\u1ea1n \u0111\u00f3i v\u00e0 b\u1ea3o tr\u1ee3 m\u1ed9t c\u1ed9ng \u0111\u1ed3ng t\u01b0\u01a1i s\u00e1ng h\u01a1n, kh\u1ecfe m\u1ea1nh h\u01a1n. C\u00e1c doanh nghi\u1ec7p t\u1eeb m\u1ecdi l\u0129nh v\u1ef1c ch\u1ecdn FIND Food Bank l\u00e0m \u0111\u1ed1i t\u00e1c t\u1eeb thi\u1ec7n v\u00ec ch\u00fang t\u00f4i t\u1ea1o ra t\u00e1c \u0111\u1ed9ng t\u1ee9c th\u00ec v\u00e0 l\u00e2u d\u00e0i \u0111\u1ebfn n\u1ea1n \u0111\u00f3i v\u00e0 ph\u00fac l\u1ee3i c\u1ee7a c\u1ed9ng \u0111\u1ed3ng. Ch\u00fang t\u00f4i s\u1eed d\u1ee5ng \u0111\u00f3ng g\u00f3p c\u1ee7a b\u1ea1n m\u1ed9t c\u00e1ch hi\u1ec7u qu\u1ea3: <strong style=\"color: #cb4c45;\">97.6%<\/strong> c\u1ee7a m\u1ed7i \u0111\u00f4 la \u0111\u00f3ng g\u00f3p \u0111\u01b0\u1ee3c chuy\u1ec3n tr\u1ef1c ti\u1ebfp v\u00e0o c\u00e1c ch\u01b0\u01a1ng tr\u00ecnh c\u1ee9u tr\u1ee3 n\u1ea1n \u0111\u00f3i c\u1ee7a ch\u00fang t\u00f4i.<\/p>\n\n<\/div><\/div>\n<\/div>\n<\/div>\n<\/div>","protected":false},"excerpt":{"rendered":"","protected":false},"author":15,"featured_media":13679,"parent":1295,"menu_order":0,"comment_status":"closed","ping_status":"closed","template":"","meta":{"_monsterinsights_skip_tracking":false,"_monsterinsights_sitenote_active":false,"_monsterinsights_sitenote_note":"","_monsterinsights_sitenote_category":0,"_price":"","_stock":"","_tribe_ticket_header":"","_tribe_default_ticket_provider":"","_tribe_ticket_capacity":"0","_ticket_start_date":"","_ticket_end_date":"","_tribe_ticket_show_description":"","_tribe_ticket_show_not_going":false,"_tribe_ticket_use_global_stock":"","_tribe_ticket_global_stock_level":"","_global_stock_mode":"","_global_stock_cap":"","_tribe_rsvp_for_event":"","_tribe_ticket_going_count":"","_tribe_ticket_not_going_count":"","_tribe_tickets_list":"[]","_tribe_ticket_has_attendee_info_fields":false,"footnotes":"","_tec_slr_enabled":"","_tec_slr_layout":""},"class_list":["post-1408","page","type-page","status-publish","has-post-thumbnail","resize-featured-image"],"yoast_head":"<!-- This site is optimized with the Yoast SEO plugin v27.3 - https:\/\/yoast.com\/product\/yoast-seo-wordpress\/ -->\n<title>Corporate Support FIND Food Bank, Corporate Donations<\/title>\n<meta name=\"description\" content=\"Give funds, volunteer, donate food, and raise awareness. As a corporate supporter of FIND Food Bank, you\u2019ll demonstrate your commitment to ending hunger\" \/>\n<meta name=\"robots\" content=\"index, follow, max-snippet:-1, max-image-preview:large, max-video-preview:-1\" \/>\n<link rel=\"canonical\" href=\"https:\/\/findfoodbank.org\/vi\/get-involved\/corporate-support\/\" \/>\n<meta property=\"og:locale\" content=\"vi_VN\" \/>\n<meta property=\"og:type\" content=\"article\" \/>\n<meta property=\"og:title\" content=\"Corporate Support FIND Food Bank, Corporate Donations\" \/>\n<meta property=\"og:description\" content=\"Give funds, volunteer, donate food, and raise awareness. As a corporate supporter of FIND Food Bank, you\u2019ll demonstrate your commitment to ending hunger\" \/>\n<meta property=\"og:url\" content=\"https:\/\/findfoodbank.org\/vi\/get-involved\/corporate-support\/\" \/>\n<meta property=\"og:site_name\" content=\"FIND Food Bank\" \/>\n<meta property=\"article:modified_time\" content=\"2024-05-01T20:24:41+00:00\" \/>\n<meta property=\"og:image\" content=\"https:\/\/findfoodbank.org\/wp-content\/uploads\/2024\/05\/DSC_0390-scaled.jpg\" \/>\n\t<meta property=\"og:image:width\" content=\"2560\" \/>\n\t<meta property=\"og:image:height\" content=\"1707\" \/>\n\t<meta property=\"og:image:type\" content=\"image\/jpeg\" \/>\n<meta name=\"twitter:card\" content=\"summary_large_image\" \/>\n<meta name=\"twitter:label1\" content=\"\u01af\u1edbc t\u00ednh th\u1eddi gian \u0111\u1ecdc\" \/>\n\t<meta name=\"twitter:data1\" content=\"1 ph\u00fat\" \/>\n<script type=\"application\/ld+json\" class=\"yoast-schema-graph\">{\"@context\":\"https:\\\/\\\/schema.org\",\"@graph\":[{\"@type\":\"WebPage\",\"@id\":\"https:\\\/\\\/findfoodbank.org\\\/get-involved\\\/corporate-support\\\/\",\"url\":\"https:\\\/\\\/findfoodbank.org\\\/get-involved\\\/corporate-support\\\/\",\"name\":\"Corporate Support FIND Food Bank, Corporate Donations\",\"isPartOf\":{\"@id\":\"https:\\\/\\\/findfoodbank.org\\\/#website\"},\"primaryImageOfPage\":{\"@id\":\"https:\\\/\\\/findfoodbank.org\\\/get-involved\\\/corporate-support\\\/#primaryimage\"},\"image\":{\"@id\":\"https:\\\/\\\/findfoodbank.org\\\/get-involved\\\/corporate-support\\\/#primaryimage\"},\"thumbnailUrl\":\"https:\\\/\\\/findfoodbank.org\\\/wp-content\\\/uploads\\\/2024\\\/05\\\/DSC_0390-scaled.jpg\",\"datePublished\":\"2021-06-03T04:39:10+00:00\",\"dateModified\":\"2024-05-01T20:24:41+00:00\",\"description\":\"Give funds, volunteer, donate food, and raise awareness. As a corporate supporter of FIND Food Bank, you\u2019ll demonstrate your commitment to ending hunger\",\"breadcrumb\":{\"@id\":\"https:\\\/\\\/findfoodbank.org\\\/get-involved\\\/corporate-support\\\/#breadcrumb\"},\"inLanguage\":\"vi\",\"potentialAction\":[{\"@type\":\"ReadAction\",\"target\":[\"https:\\\/\\\/findfoodbank.org\\\/get-involved\\\/corporate-support\\\/\"]}]},{\"@type\":\"ImageObject\",\"inLanguage\":\"vi\",\"@id\":\"https:\\\/\\\/findfoodbank.org\\\/get-involved\\\/corporate-support\\\/#primaryimage\",\"url\":\"https:\\\/\\\/findfoodbank.org\\\/wp-content\\\/uploads\\\/2024\\\/05\\\/DSC_0390-scaled.jpg\",\"contentUrl\":\"https:\\\/\\\/findfoodbank.org\\\/wp-content\\\/uploads\\\/2024\\\/05\\\/DSC_0390-scaled.jpg\",\"width\":2560,\"height\":1707,\"caption\":\"Volunteers\"},{\"@type\":\"BreadcrumbList\",\"@id\":\"https:\\\/\\\/findfoodbank.org\\\/get-involved\\\/corporate-support\\\/#breadcrumb\",\"itemListElement\":[{\"@type\":\"ListItem\",\"position\":1,\"name\":\"Home\",\"item\":\"https:\\\/\\\/findfoodbank.org\\\/\"},{\"@type\":\"ListItem\",\"position\":2,\"name\":\"Get Involved\",\"item\":\"https:\\\/\\\/findfoodbank.org\\\/get-involved\\\/\"},{\"@type\":\"ListItem\",\"position\":3,\"name\":\"Corporate Support\"}]},{\"@type\":\"WebSite\",\"@id\":\"https:\\\/\\\/findfoodbank.org\\\/#website\",\"url\":\"https:\\\/\\\/findfoodbank.org\\\/\",\"name\":\"FIND Food Bank\",\"description\":\"The Desert's Regional Food Bank\",\"publisher\":{\"@id\":\"https:\\\/\\\/findfoodbank.org\\\/#organization\"},\"potentialAction\":[{\"@type\":\"SearchAction\",\"target\":{\"@type\":\"EntryPoint\",\"urlTemplate\":\"https:\\\/\\\/findfoodbank.org\\\/?s={search_term_string}\"},\"query-input\":{\"@type\":\"PropertyValueSpecification\",\"valueRequired\":true,\"valueName\":\"search_term_string\"}}],\"inLanguage\":\"vi\"},{\"@type\":\"Organization\",\"@id\":\"https:\\\/\\\/findfoodbank.org\\\/#organization\",\"name\":\"FIND Food Bank\",\"url\":\"https:\\\/\\\/findfoodbank.org\\\/\",\"logo\":{\"@type\":\"ImageObject\",\"inLanguage\":\"vi\",\"@id\":\"https:\\\/\\\/findfoodbank.org\\\/#\\\/schema\\\/logo\\\/image\\\/\",\"url\":\"https:\\\/\\\/findfoodbank.org\\\/wp-content\\\/uploads\\\/2025\\\/09\\\/FIND-logo25-horizontal_4c.png\",\"contentUrl\":\"https:\\\/\\\/findfoodbank.org\\\/wp-content\\\/uploads\\\/2025\\\/09\\\/FIND-logo25-horizontal_4c.png\",\"width\":1189,\"height\":373,\"caption\":\"FIND Food Bank\"},\"image\":{\"@id\":\"https:\\\/\\\/findfoodbank.org\\\/#\\\/schema\\\/logo\\\/image\\\/\"}}]}<\/script>\n<!-- \/ Yoast SEO plugin. -->","yoast_head_json":{"title":"Corporate Support FIND Food Bank, Corporate Donations","description":"Give funds, volunteer, donate food, and raise awareness. As a corporate supporter of FIND Food Bank, you\u2019ll demonstrate your commitment to ending hunger","robots":{"index":"index","follow":"follow","max-snippet":"max-snippet:-1","max-image-preview":"max-image-preview:large","max-video-preview":"max-video-preview:-1"},"canonical":"https:\/\/findfoodbank.org\/vi\/get-involved\/corporate-support\/","og_locale":"vi_VN","og_type":"article","og_title":"Corporate Support FIND Food Bank, Corporate Donations","og_description":"Give funds, volunteer, donate food, and raise awareness. As a corporate supporter of FIND Food Bank, you\u2019ll demonstrate your commitment to ending hunger","og_url":"https:\/\/findfoodbank.org\/vi\/get-involved\/corporate-support\/","og_site_name":"FIND Food Bank","article_modified_time":"2024-05-01T20:24:41+00:00","og_image":[{"width":2560,"height":1707,"url":"https:\/\/findfoodbank.org\/wp-content\/uploads\/2024\/05\/DSC_0390-scaled.jpg","type":"image\/jpeg"}],"twitter_card":"summary_large_image","twitter_misc":{"\u01af\u1edbc t\u00ednh th\u1eddi gian \u0111\u1ecdc":"1 ph\u00fat"},"schema":{"@context":"https:\/\/schema.org","@graph":[{"@type":"WebPage","@id":"https:\/\/findfoodbank.org\/get-involved\/corporate-support\/","url":"https:\/\/findfoodbank.org\/get-involved\/corporate-support\/","name":"Corporate Support FIND Food Bank, Corporate Donations","isPartOf":{"@id":"https:\/\/findfoodbank.org\/#website"},"primaryImageOfPage":{"@id":"https:\/\/findfoodbank.org\/get-involved\/corporate-support\/#primaryimage"},"image":{"@id":"https:\/\/findfoodbank.org\/get-involved\/corporate-support\/#primaryimage"},"thumbnailUrl":"https:\/\/findfoodbank.org\/wp-content\/uploads\/2024\/05\/DSC_0390-scaled.jpg","datePublished":"2021-06-03T04:39:10+00:00","dateModified":"2024-05-01T20:24:41+00:00","description":"Give funds, volunteer, donate food, and raise awareness. As a corporate supporter of FIND Food Bank, you\u2019ll demonstrate your commitment to ending hunger","breadcrumb":{"@id":"https:\/\/findfoodbank.org\/get-involved\/corporate-support\/#breadcrumb"},"inLanguage":"vi","potentialAction":[{"@type":"ReadAction","target":["https:\/\/findfoodbank.org\/get-involved\/corporate-support\/"]}]},{"@type":"ImageObject","inLanguage":"vi","@id":"https:\/\/findfoodbank.org\/get-involved\/corporate-support\/#primaryimage","url":"https:\/\/findfoodbank.org\/wp-content\/uploads\/2024\/05\/DSC_0390-scaled.jpg","contentUrl":"https:\/\/findfoodbank.org\/wp-content\/uploads\/2024\/05\/DSC_0390-scaled.jpg","width":2560,"height":1707,"caption":"Volunteers"},{"@type":"BreadcrumbList","@id":"https:\/\/findfoodbank.org\/get-involved\/corporate-support\/#breadcrumb","itemListElement":[{"@type":"ListItem","position":1,"name":"Home","item":"https:\/\/findfoodbank.org\/"},{"@type":"ListItem","position":2,"name":"Get Involved","item":"https:\/\/findfoodbank.org\/get-involved\/"},{"@type":"ListItem","position":3,"name":"Corporate Support"}]},{"@type":"WebSite","@id":"https:\/\/findfoodbank.org\/#website","url":"https:\/\/findfoodbank.org\/","name":"T\u00ccM Ng\u00e2n h\u00e0ng Th\u1ef1c ph\u1ea9m","description":"Ng\u00e2n h\u00e0ng l\u01b0\u01a1ng th\u1ef1c khu v\u1ef1c c\u1ee7a sa m\u1ea1c","publisher":{"@id":"https:\/\/findfoodbank.org\/#organization"},"potentialAction":[{"@type":"SearchAction","target":{"@type":"EntryPoint","urlTemplate":"https:\/\/findfoodbank.org\/?s={search_term_string}"},"query-input":{"@type":"PropertyValueSpecification","valueRequired":true,"valueName":"search_term_string"}}],"inLanguage":"vi"},{"@type":"Organization","@id":"https:\/\/findfoodbank.org\/#organization","name":"T\u00ccM Ng\u00e2n h\u00e0ng Th\u1ef1c ph\u1ea9m","url":"https:\/\/findfoodbank.org\/","logo":{"@type":"ImageObject","inLanguage":"vi","@id":"https:\/\/findfoodbank.org\/#\/schema\/logo\/image\/","url":"https:\/\/findfoodbank.org\/wp-content\/uploads\/2025\/09\/FIND-logo25-horizontal_4c.png","contentUrl":"https:\/\/findfoodbank.org\/wp-content\/uploads\/2025\/09\/FIND-logo25-horizontal_4c.png","width":1189,"height":373,"caption":"FIND Food Bank"},"image":{"@id":"https:\/\/findfoodbank.org\/#\/schema\/logo\/image\/"}}]}},"ticketed":false,"_links":{"self":[{"href":"https:\/\/findfoodbank.org\/vi\/wp-json\/wp\/v2\/pages\/1408","targetHints":{"allow":["GET"]}}],"collection":[{"href":"https:\/\/findfoodbank.org\/vi\/wp-json\/wp\/v2\/pages"}],"about":[{"href":"https:\/\/findfoodbank.org\/vi\/wp-json\/wp\/v2\/types\/page"}],"author":[{"embeddable":true,"href":"https:\/\/findfoodbank.org\/vi\/wp-json\/wp\/v2\/users\/15"}],"replies":[{"embeddable":true,"href":"https:\/\/findfoodbank.org\/vi\/wp-json\/wp\/v2\/comments?post=1408"}],"version-history":[{"count":13,"href":"https:\/\/findfoodbank.org\/vi\/wp-json\/wp\/v2\/pages\/1408\/revisions"}],"predecessor-version":[{"id":13680,"href":"https:\/\/findfoodbank.org\/vi\/wp-json\/wp\/v2\/pages\/1408\/revisions\/13680"}],"up":[{"embeddable":true,"href":"https:\/\/findfoodbank.org\/vi\/wp-json\/wp\/v2\/pages\/1295"}],"wp:featuredmedia":[{"embeddable":true,"href":"https:\/\/findfoodbank.org\/vi\/wp-json\/wp\/v2\/media\/13679"}],"wp:attachment":[{"href":"https:\/\/findfoodbank.org\/vi\/wp-json\/wp\/v2\/media?parent=1408"}],"curies":[{"name":"wp","href":"https:\/\/api.w.org\/{rel}","templated":true}]}}