{"id":8223,"date":"2022-08-15T12:22:06","date_gmt":"2022-08-15T19:22:06","guid":{"rendered":"https:\/\/findfoodbank.org\/?page_id=8223"},"modified":"2025-04-30T09:17:08","modified_gmt":"2025-04-30T16:17:08","slug":"outreach-services","status":"publish","type":"page","link":"https:\/\/findfoodbank.org\/es\/outreach-services\/","title":{"rendered":"Servicios de extensi\u00f3n"},"content":{"rendered":"<div class=\"gb-container gb-container-28faf69b alignfull\">\n<div class=\"gb-container gb-container-3f0dd009\">\n<div class=\"gb-grid-wrapper gb-grid-wrapper-13c3365b\">\n<div class=\"gb-grid-column gb-grid-column-d5f1138a\"><div class=\"gb-container gb-container-d5f1138a\">\n<nav style=\"color: #324452;\" class=\"has-text-color  is-vertical wp-block-navigation is-layout-flex wp-container-core-navigation-is-layout-8cf370e7 wp-block-navigation-is-layout-flex\" aria-label=\"Programs &amp; Services\"><ul style=\"color: #324452;\" class=\"wp-block-navigation__container has-text-color  is-vertical wp-block-navigation\"><li class=\"wp-block-navigation-item wp-block-navigation-link\"><a class=\"wp-block-navigation-item__content\"  href=\"https:\/\/findfoodbank.org\/es\/programs-services\/community-agencies-mobile-markets\/\"><span class=\"wp-block-navigation-item__label\">Agencias y mercados m\u00f3viles<\/span><\/a><\/li><li class=\"wp-block-navigation-item wp-block-navigation-link\"><a class=\"wp-block-navigation-item__content\"  href=\"https:\/\/findfoodbank.org\/es\/csfp\/\"><span class=\"wp-block-navigation-item__label\">Programa de alimentaci\u00f3n para personas mayores<\/span><\/a><\/li><li class=\"wp-block-navigation-item wp-block-navigation-link\"><a class=\"wp-block-navigation-item__content\"  href=\"https:\/\/findfoodbank.org\/es\/outreach-services\/\"><span class=\"wp-block-navigation-item__label\">Servicios de extensi\u00f3n<\/span><\/a><\/li><li class=\"wp-block-navigation-item wp-block-navigation-link\"><a class=\"wp-block-navigation-item__content\"  href=\"https:\/\/findfoodbank.org\/es\/programs-services\/childrens-school-based-programs\/\"><span class=\"wp-block-navigation-item__label\">Children &amp; School-Based Programs<\/span><\/a><\/li><li class=\"wp-block-navigation-item wp-block-navigation-link\"><a class=\"wp-block-navigation-item__content\"  href=\"https:\/\/findfoodbank.org\/es\/programs-services\/childrens-school-based-programs\/summer\/\"><span class=\"wp-block-navigation-item__label\">Kids Summer Market<\/span><\/a><\/li><li class=\"wp-block-navigation-item wp-block-navigation-link\"><a class=\"wp-block-navigation-item__content\"  href=\"https:\/\/findfoodbank.org\/es\/opportunity-bank-activity-fee-scholarship\/\"><span class=\"wp-block-navigation-item__label\">Opportunity Bank <\/span><\/a><\/li><li class=\"wp-block-navigation-item wp-block-navigation-link\"><a class=\"wp-block-navigation-item__content\"  href=\"https:\/\/findfoodbank.org\/es\/fyac\/\"><span class=\"wp-block-navigation-item__label\">FYAC<\/span><\/a><\/li><li class=\"wp-block-navigation-item wp-block-navigation-link\"><a class=\"wp-block-navigation-item__content\"  href=\"https:\/\/findfoodbank.org\/es\/disaster-relief\/\"><span class=\"wp-block-navigation-item__label\">Disaster Relief<\/span><\/a><\/li><li class=\"wp-block-navigation-item wp-block-navigation-link\"><a class=\"wp-block-navigation-item__content\"  href=\"https:\/\/findfoodbank.org\/es\/foodrescue\/\"><span class=\"wp-block-navigation-item__label\">Food Rescue <\/span><\/a><\/li><li class=\"wp-block-navigation-item wp-block-navigation-link\"><a class=\"wp-block-navigation-item__content\"  href=\"https:\/\/findfoodbank.org\/es\/programs-services\/nutrition\/\"><span class=\"wp-block-navigation-item__label\">Nutrici\u00f3n<\/span><\/a><\/li><li class=\"wp-block-navigation-item wp-block-navigation-link\"><a class=\"wp-block-navigation-item__content\"  href=\"https:\/\/findfoodbank.org\/es\/programs-services\/calfresh\/\"><span class=\"wp-block-navigation-item__label\">Calfresh Benefits<\/span><\/a><\/li><li class=\"wp-block-navigation-item wp-block-navigation-link\"><a class=\"wp-block-navigation-item__content\"  href=\"https:\/\/findfoodbank.org\/es\/programs-services\/community-health-workers\/\"><span class=\"wp-block-navigation-item__label\">Trabajadores de salud comunitarios<\/span><\/a><\/li><\/ul><\/nav>\n<\/div><\/div>\n\n<div class=\"gb-grid-column gb-grid-column-6db025f2\"><div class=\"gb-container gb-container-6db025f2\">\n\n<h5 class=\"gb-headline gb-headline-67292e09 gb-headline-text\">Servicios de extensi\u00f3n<\/h5>\n\n\n\n<p>FIND Food Bank ofrece una variedad de servicios de programas para los residentes con inseguridad alimentaria de los condados del este de Riverside y del sur de San Bernardino.<\/p>\n\n\n\n<p>To reach our goal to end hunger today, tomorrow, and for a lifetime, our outreach services team provides additional client support. They work one-on-one with clients to help them apply for food benefits, utility assistance, unemployment, SSI and other financial resources that give people the tools for self-sufficiency.<\/p>\n\n\n\n<p>Por favor llama&nbsp;<a href=\"tel:7607753663\"><strong>760-775-3663<\/strong><\/a>&nbsp;para programar una cita y determinar qu\u00e9 documentos necesitar\u00e1 para acceder a la asistencia financiera y otros recursos financiados por la comunidad y el estado. \u00a1Nuestro equipo altamente capacitado lo guiar\u00e1 a trav\u00e9s de los beneficios para los que califica y lo ayudar\u00e1 a solicitarlo!<\/p>\n\n<\/div><\/div>\n<\/div>\n<\/div>\n\n<div class=\"gb-container gb-container-25e13d12\">\n<div class=\"gb-grid-wrapper gb-grid-wrapper-6b719bcd\">\n<div class=\"gb-grid-column gb-grid-column-bc812358\"><div class=\"gb-container gb-container-bc812358\">\n<div class=\"gb-grid-wrapper gb-grid-wrapper-24806841\">\n<div class=\"gb-grid-column gb-grid-column-228c1435\"><div class=\"gb-container gb-container-228c1435\">\n\n<figure class=\"gb-block-image gb-block-image-b1c52a58\"><img loading=\"lazy\" decoding=\"async\" width=\"500\" height=\"500\" class=\"gb-image gb-image-b1c52a58\" src=\"https:\/\/findfoodbank.org\/wp-content\/uploads\/2022\/01\/WEBSITE-Blurb-Logos-5.png\" alt=\"\" title=\"WEBSITE Blurb Logos (5)\" srcset=\"https:\/\/findfoodbank.org\/wp-content\/uploads\/2022\/01\/WEBSITE-Blurb-Logos-5.png 500w, https:\/\/findfoodbank.org\/wp-content\/uploads\/2022\/01\/WEBSITE-Blurb-Logos-5-300x300.png 300w, https:\/\/findfoodbank.org\/wp-content\/uploads\/2022\/01\/WEBSITE-Blurb-Logos-5-150x150.png 150w, https:\/\/findfoodbank.org\/wp-content\/uploads\/2022\/01\/WEBSITE-Blurb-Logos-5-12x12.png 12w, https:\/\/findfoodbank.org\/wp-content\/uploads\/2022\/01\/WEBSITE-Blurb-Logos-5-480x480.png 480w\" sizes=\"auto, (max-width: 500px) 100vw, 500px\" \/><\/figure>\n\n<\/div><\/div>\n\n<div class=\"gb-grid-column gb-grid-column-50a3f97a\"><div class=\"gb-container gb-container-50a3f97a\">\n\n<h1 class=\"gb-headline gb-headline-0a7599e0 gb-headline-text\">Recursos para los beneficiarios de CalFresh<\/h1>\n\n\n\n<p class=\"gb-headline gb-headline-924f4728 gb-headline-text\">Aprenda c\u00f3mo CalFresh puede complementar su presupuesto de comestibles para ayudarlo a comprar alimentos m\u00e1s saludables.<\/p>\n\n\n\n<a class=\"stretchlink\" href=\"https:\/\/findfoodbank.org\/es\/programs-services\/calfresh\/\"><\/a>\n\n<\/div><\/div>\n<\/div>\n<\/div><\/div>\n\n<div class=\"gb-grid-column gb-grid-column-6c760885\"><div class=\"gb-container gb-container-6c760885\">\n<div class=\"gb-grid-wrapper gb-grid-wrapper-d48b721a\">\n<div class=\"gb-grid-column gb-grid-column-f6124af2\"><div class=\"gb-container gb-container-f6124af2\">\n\n<figure class=\"gb-block-image gb-block-image-9663eb6d\"><img loading=\"lazy\" decoding=\"async\" width=\"500\" height=\"500\" class=\"gb-image gb-image-9663eb6d\" src=\"https:\/\/findfoodbank.org\/wp-content\/uploads\/2022\/01\/WEBSITE-Blurb-Logos-4.png\" alt=\"\" title=\"WEBSITE Blurb Logos (4)\" srcset=\"https:\/\/findfoodbank.org\/wp-content\/uploads\/2022\/01\/WEBSITE-Blurb-Logos-4.png 500w, https:\/\/findfoodbank.org\/wp-content\/uploads\/2022\/01\/WEBSITE-Blurb-Logos-4-300x300.png 300w, https:\/\/findfoodbank.org\/wp-content\/uploads\/2022\/01\/WEBSITE-Blurb-Logos-4-150x150.png 150w, https:\/\/findfoodbank.org\/wp-content\/uploads\/2022\/01\/WEBSITE-Blurb-Logos-4-12x12.png 12w, https:\/\/findfoodbank.org\/wp-content\/uploads\/2022\/01\/WEBSITE-Blurb-Logos-4-480x480.png 480w\" sizes=\"auto, (max-width: 500px) 100vw, 500px\" \/><\/figure>\n\n<\/div><\/div>\n\n<div class=\"gb-grid-column gb-grid-column-57bdf4b6\"><div class=\"gb-container gb-container-57bdf4b6\">\n\n<h1 class=\"gb-headline gb-headline-9d97579f gb-headline-text\">Community Health Worker Program<\/h1>\n\n\n\n<p class=\"gb-headline gb-headline-28dfef04 gb-headline-text\">Receive one-on-one application assistance for food, utilities, rent, healthcare and other programs from FIND&#8217;s outreach team.<\/p>\n\n\n\n<a class=\"stretchlink\" href=\"https:\/\/findfoodbank.org\/es\/programs-services\/community-health-workers\/\"><\/a>\n\n<\/div><\/div>\n<\/div>\n<\/div><\/div>\n<\/div>\n<\/div>\n\n<div class=\"gb-container gb-container-dce57cd5\">\n<div class=\"gb-grid-wrapper gb-grid-wrapper-ca95816b\">\n<div class=\"gb-grid-column gb-grid-column-51c2a3fb\"><div class=\"gb-container gb-container-51c2a3fb\">\n\n<h1 class=\"gb-headline gb-headline-518d6d00 gb-headline-text\">Cont\u00e1ctenos<\/h1>\n\n\n\n<p class=\"gb-headline gb-headline-95e7ca06 gb-headline-text\">Book an appointment with a&nbsp;<strong>ENCUENTRE Asociado de Alcance de CalFresh.<\/strong>&nbsp;Our trained professionals can help you apply&nbsp;to receive up to $251 a month per household member on an EBT Card.<\/p>\n\n\n\n<a class=\"stretchlink\" href=\"https:\/\/findfoodbank.org\/es\/benefits-referral\/\"><\/a>\n\n<\/div><\/div>\n\n<div class=\"gb-grid-column gb-grid-column-d294a295\"><div class=\"gb-container gb-container-d294a295\">\n\n<h1 class=\"gb-headline gb-headline-a5dbb479 gb-headline-text\">Aplica ya<\/h1>\n\n\n\n<p class=\"gb-headline gb-headline-fd00f401 gb-headline-text\"><strong>Aplica ya<\/strong>&nbsp;Si se siente c\u00f3modo navegando por la aplicaci\u00f3n CalFresh y enviando sus documentos en l\u00ednea.<\/p>\n\n\n\n<a class=\"stretchlink\" href=\"https:\/\/www.getcalfresh.org\/?source=findfb\" target=\"_blank\" rel=\"noopener\"><\/a>\n\n<\/div><\/div>\n\n<div class=\"gb-grid-column gb-grid-column-690d5ac2\"><div class=\"gb-container gb-container-690d5ac2\">\n\n<h1 class=\"gb-headline gb-headline-bf04354d gb-headline-text\">\u00bfNecesitas ayuda?<\/h1>\n\n\n\n<p class=\"gb-headline gb-headline-737f85c0 gb-headline-text\"><strong>Contacto<\/strong> our team of <strong>Community Health Workers (CHW)<\/strong>, for personalized help navigating benefit applications and financial assistance programs.<\/p>\n\n\n\n<a class=\"stretchlink\" href=\"https:\/\/findfoodbank.org\/es\/programs-services\/community-health-workers\/\"><\/a>\n\n<\/div><\/div>\n<\/div>\n<\/div>\n<\/div>","protected":false},"excerpt":{"rendered":"","protected":false},"author":15,"featured_media":13061,"parent":0,"menu_order":0,"comment_status":"closed","ping_status":"closed","template":"","meta":{"_monsterinsights_skip_tracking":false,"_monsterinsights_sitenote_active":false,"_monsterinsights_sitenote_note":"","_monsterinsights_sitenote_category":0,"_price":"","_stock":"","_tribe_ticket_header":"","_tribe_default_ticket_provider":"","_tribe_ticket_capacity":"0","_ticket_start_date":"","_ticket_end_date":"","_tribe_ticket_show_description":"","_tribe_ticket_show_not_going":false,"_tribe_ticket_use_global_stock":"","_tribe_ticket_global_stock_level":"","_global_stock_mode":"","_global_stock_cap":"","_tribe_rsvp_for_event":"","_tribe_ticket_going_count":"","_tribe_ticket_not_going_count":"","_tribe_tickets_list":"[]","_tribe_ticket_has_attendee_info_fields":false,"footnotes":"","_tec_slr_enabled":"","_tec_slr_layout":""},"class_list":["post-8223","page","type-page","status-publish","has-post-thumbnail","resize-featured-image"],"yoast_head":"<!-- This site is optimized with the Yoast SEO plugin v27.3 - https:\/\/yoast.com\/product\/yoast-seo-wordpress\/ -->\n<title>Outreach Services FIND Food Bank, Outreach Food Distribution<\/title>\n<meta name=\"description\" content=\"FIND Food Bank offers a variety of program services for food-insecure residents of eastern Riverside and southern San Bernardino Counties.\" \/>\n<meta name=\"robots\" content=\"index, follow, max-snippet:-1, max-image-preview:large, max-video-preview:-1\" \/>\n<link rel=\"canonical\" href=\"https:\/\/findfoodbank.org\/es\/outreach-services\/\" \/>\n<meta property=\"og:locale\" content=\"es_MX\" \/>\n<meta property=\"og:type\" content=\"article\" \/>\n<meta property=\"og:title\" content=\"Outreach Services FIND Food Bank, Outreach Food Distribution\" \/>\n<meta property=\"og:description\" content=\"FIND Food Bank offers a variety of program services for food-insecure residents of eastern Riverside and southern San Bernardino Counties.\" \/>\n<meta property=\"og:url\" content=\"https:\/\/findfoodbank.org\/es\/outreach-services\/\" \/>\n<meta property=\"og:site_name\" content=\"FIND Food Bank\" \/>\n<meta property=\"article:modified_time\" content=\"2025-04-30T16:17:08+00:00\" \/>\n<meta property=\"og:image\" content=\"https:\/\/findfoodbank.org\/wp-content\/uploads\/2024\/02\/IMG_0236-scaled.jpg\" \/>\n\t<meta property=\"og:image:width\" content=\"2560\" \/>\n\t<meta property=\"og:image:height\" content=\"1920\" \/>\n\t<meta property=\"og:image:type\" content=\"image\/jpeg\" \/>\n<meta name=\"twitter:card\" content=\"summary_large_image\" \/>\n<meta name=\"twitter:label1\" content=\"Tiempo de lectura\" \/>\n\t<meta name=\"twitter:data1\" content=\"2 minutos\" \/>\n<script type=\"application\/ld+json\" class=\"yoast-schema-graph\">{\"@context\":\"https:\\\/\\\/schema.org\",\"@graph\":[{\"@type\":\"WebPage\",\"@id\":\"https:\\\/\\\/findfoodbank.org\\\/outreach-services\\\/\",\"url\":\"https:\\\/\\\/findfoodbank.org\\\/outreach-services\\\/\",\"name\":\"Outreach Services FIND Food Bank, Outreach Food Distribution\",\"isPartOf\":{\"@id\":\"https:\\\/\\\/findfoodbank.org\\\/#website\"},\"primaryImageOfPage\":{\"@id\":\"https:\\\/\\\/findfoodbank.org\\\/outreach-services\\\/#primaryimage\"},\"image\":{\"@id\":\"https:\\\/\\\/findfoodbank.org\\\/outreach-services\\\/#primaryimage\"},\"thumbnailUrl\":\"https:\\\/\\\/findfoodbank.org\\\/wp-content\\\/uploads\\\/2024\\\/02\\\/IMG_0236-scaled.jpg\",\"datePublished\":\"2022-08-15T19:22:06+00:00\",\"dateModified\":\"2025-04-30T16:17:08+00:00\",\"description\":\"FIND Food Bank offers a variety of program services for food-insecure residents of eastern Riverside and southern San Bernardino Counties.\",\"breadcrumb\":{\"@id\":\"https:\\\/\\\/findfoodbank.org\\\/outreach-services\\\/#breadcrumb\"},\"inLanguage\":\"es\",\"potentialAction\":[{\"@type\":\"ReadAction\",\"target\":[\"https:\\\/\\\/findfoodbank.org\\\/outreach-services\\\/\"]}]},{\"@type\":\"ImageObject\",\"inLanguage\":\"es\",\"@id\":\"https:\\\/\\\/findfoodbank.org\\\/outreach-services\\\/#primaryimage\",\"url\":\"https:\\\/\\\/findfoodbank.org\\\/wp-content\\\/uploads\\\/2024\\\/02\\\/IMG_0236-scaled.jpg\",\"contentUrl\":\"https:\\\/\\\/findfoodbank.org\\\/wp-content\\\/uploads\\\/2024\\\/02\\\/IMG_0236-scaled.jpg\",\"width\":2560,\"height\":1920,\"caption\":\"Volunteers\"},{\"@type\":\"BreadcrumbList\",\"@id\":\"https:\\\/\\\/findfoodbank.org\\\/outreach-services\\\/#breadcrumb\",\"itemListElement\":[{\"@type\":\"ListItem\",\"position\":1,\"name\":\"Home\",\"item\":\"https:\\\/\\\/findfoodbank.org\\\/\"},{\"@type\":\"ListItem\",\"position\":2,\"name\":\"Outreach Services\"}]},{\"@type\":\"WebSite\",\"@id\":\"https:\\\/\\\/findfoodbank.org\\\/#website\",\"url\":\"https:\\\/\\\/findfoodbank.org\\\/\",\"name\":\"FIND Food Bank\",\"description\":\"The Desert's Regional Food Bank\",\"publisher\":{\"@id\":\"https:\\\/\\\/findfoodbank.org\\\/#organization\"},\"potentialAction\":[{\"@type\":\"SearchAction\",\"target\":{\"@type\":\"EntryPoint\",\"urlTemplate\":\"https:\\\/\\\/findfoodbank.org\\\/?s={search_term_string}\"},\"query-input\":{\"@type\":\"PropertyValueSpecification\",\"valueRequired\":true,\"valueName\":\"search_term_string\"}}],\"inLanguage\":\"es\"},{\"@type\":\"Organization\",\"@id\":\"https:\\\/\\\/findfoodbank.org\\\/#organization\",\"name\":\"FIND Food Bank\",\"url\":\"https:\\\/\\\/findfoodbank.org\\\/\",\"logo\":{\"@type\":\"ImageObject\",\"inLanguage\":\"es\",\"@id\":\"https:\\\/\\\/findfoodbank.org\\\/#\\\/schema\\\/logo\\\/image\\\/\",\"url\":\"https:\\\/\\\/findfoodbank.org\\\/wp-content\\\/uploads\\\/2025\\\/09\\\/FIND-logo25-horizontal_4c.png\",\"contentUrl\":\"https:\\\/\\\/findfoodbank.org\\\/wp-content\\\/uploads\\\/2025\\\/09\\\/FIND-logo25-horizontal_4c.png\",\"width\":1189,\"height\":373,\"caption\":\"FIND Food Bank\"},\"image\":{\"@id\":\"https:\\\/\\\/findfoodbank.org\\\/#\\\/schema\\\/logo\\\/image\\\/\"}}]}<\/script>\n<!-- \/ Yoast SEO plugin. -->","yoast_head_json":{"title":"Outreach Services FIND Food Bank, Outreach Food Distribution","description":"FIND Food Bank ofrece una variedad de servicios de programas para los residentes con inseguridad alimentaria de los condados del este de Riverside y del sur de San Bernardino.","robots":{"index":"index","follow":"follow","max-snippet":"max-snippet:-1","max-image-preview":"max-image-preview:large","max-video-preview":"max-video-preview:-1"},"canonical":"https:\/\/findfoodbank.org\/es\/outreach-services\/","og_locale":"es_MX","og_type":"article","og_title":"Outreach Services FIND Food Bank, Outreach Food Distribution","og_description":"FIND Food Bank offers a variety of program services for food-insecure residents of eastern Riverside and southern San Bernardino Counties.","og_url":"https:\/\/findfoodbank.org\/es\/outreach-services\/","og_site_name":"FIND Food Bank","article_modified_time":"2025-04-30T16:17:08+00:00","og_image":[{"width":2560,"height":1920,"url":"https:\/\/findfoodbank.org\/wp-content\/uploads\/2024\/02\/IMG_0236-scaled.jpg","type":"image\/jpeg"}],"twitter_card":"summary_large_image","twitter_misc":{"Tiempo de lectura":"2 minutos"},"schema":{"@context":"https:\/\/schema.org","@graph":[{"@type":"WebPage","@id":"https:\/\/findfoodbank.org\/outreach-services\/","url":"https:\/\/findfoodbank.org\/outreach-services\/","name":"Outreach Services FIND Food Bank, Outreach Food Distribution","isPartOf":{"@id":"https:\/\/findfoodbank.org\/#website"},"primaryImageOfPage":{"@id":"https:\/\/findfoodbank.org\/outreach-services\/#primaryimage"},"image":{"@id":"https:\/\/findfoodbank.org\/outreach-services\/#primaryimage"},"thumbnailUrl":"https:\/\/findfoodbank.org\/wp-content\/uploads\/2024\/02\/IMG_0236-scaled.jpg","datePublished":"2022-08-15T19:22:06+00:00","dateModified":"2025-04-30T16:17:08+00:00","description":"FIND Food Bank ofrece una variedad de servicios de programas para los residentes con inseguridad alimentaria de los condados del este de Riverside y del sur de San Bernardino.","breadcrumb":{"@id":"https:\/\/findfoodbank.org\/outreach-services\/#breadcrumb"},"inLanguage":"es","potentialAction":[{"@type":"ReadAction","target":["https:\/\/findfoodbank.org\/outreach-services\/"]}]},{"@type":"ImageObject","inLanguage":"es","@id":"https:\/\/findfoodbank.org\/outreach-services\/#primaryimage","url":"https:\/\/findfoodbank.org\/wp-content\/uploads\/2024\/02\/IMG_0236-scaled.jpg","contentUrl":"https:\/\/findfoodbank.org\/wp-content\/uploads\/2024\/02\/IMG_0236-scaled.jpg","width":2560,"height":1920,"caption":"Volunteers"},{"@type":"BreadcrumbList","@id":"https:\/\/findfoodbank.org\/outreach-services\/#breadcrumb","itemListElement":[{"@type":"ListItem","position":1,"name":"Home","item":"https:\/\/findfoodbank.org\/"},{"@type":"ListItem","position":2,"name":"Outreach Services"}]},{"@type":"WebSite","@id":"https:\/\/findfoodbank.org\/#website","url":"https:\/\/findfoodbank.org\/","name":"ENCONTRAR Banco de Alimentos","description":"El banco regional de alimentos del desierto","publisher":{"@id":"https:\/\/findfoodbank.org\/#organization"},"potentialAction":[{"@type":"SearchAction","target":{"@type":"EntryPoint","urlTemplate":"https:\/\/findfoodbank.org\/?s={search_term_string}"},"query-input":{"@type":"PropertyValueSpecification","valueRequired":true,"valueName":"search_term_string"}}],"inLanguage":"es"},{"@type":"Organization","@id":"https:\/\/findfoodbank.org\/#organization","name":"ENCONTRAR Banco de Alimentos","url":"https:\/\/findfoodbank.org\/","logo":{"@type":"ImageObject","inLanguage":"es","@id":"https:\/\/findfoodbank.org\/#\/schema\/logo\/image\/","url":"https:\/\/findfoodbank.org\/wp-content\/uploads\/2025\/09\/FIND-logo25-horizontal_4c.png","contentUrl":"https:\/\/findfoodbank.org\/wp-content\/uploads\/2025\/09\/FIND-logo25-horizontal_4c.png","width":1189,"height":373,"caption":"FIND Food Bank"},"image":{"@id":"https:\/\/findfoodbank.org\/#\/schema\/logo\/image\/"}}]}},"ticketed":false,"_links":{"self":[{"href":"https:\/\/findfoodbank.org\/es\/wp-json\/wp\/v2\/pages\/8223","targetHints":{"allow":["GET"]}}],"collection":[{"href":"https:\/\/findfoodbank.org\/es\/wp-json\/wp\/v2\/pages"}],"about":[{"href":"https:\/\/findfoodbank.org\/es\/wp-json\/wp\/v2\/types\/page"}],"author":[{"embeddable":true,"href":"https:\/\/findfoodbank.org\/es\/wp-json\/wp\/v2\/users\/15"}],"replies":[{"embeddable":true,"href":"https:\/\/findfoodbank.org\/es\/wp-json\/wp\/v2\/comments?post=8223"}],"version-history":[{"count":15,"href":"https:\/\/findfoodbank.org\/es\/wp-json\/wp\/v2\/pages\/8223\/revisions"}],"predecessor-version":[{"id":15823,"href":"https:\/\/findfoodbank.org\/es\/wp-json\/wp\/v2\/pages\/8223\/revisions\/15823"}],"wp:featuredmedia":[{"embeddable":true,"href":"https:\/\/findfoodbank.org\/es\/wp-json\/wp\/v2\/media\/13061"}],"wp:attachment":[{"href":"https:\/\/findfoodbank.org\/es\/wp-json\/wp\/v2\/media?parent=8223"}],"curies":[{"name":"wp","href":"https:\/\/api.w.org\/{rel}","templated":true}]}}