{"id":5762,"date":"2022-01-19T14:24:06","date_gmt":"2022-01-19T22:24:06","guid":{"rendered":"https:\/\/findfoodbank.org\/?page_id=5762"},"modified":"2023-09-22T15:18:26","modified_gmt":"2023-09-22T22:18:26","slug":"usda-tefap-csfp","status":"publish","type":"page","link":"https:\/\/findfoodbank.org\/es\/usda-tefap-csfp\/","title":{"rendered":"USDA: TEFAP y CSFP"},"content":{"rendered":"<div class=\"gb-container gb-container-96bde1cb alignfull\">\n<div class=\"gb-container gb-container-b4a1a45c\">\n<div class=\"gb-grid-wrapper gb-grid-wrapper-570ec520\">\n<div class=\"gb-grid-column gb-grid-column-6c8ad63a\"><div class=\"gb-container gb-container-6c8ad63a\">\n<nav style=\"color: #324452;\" class=\"has-text-color  is-vertical wp-block-navigation is-layout-flex wp-container-core-navigation-is-layout-8cf370e7 wp-block-navigation-is-layout-flex\" aria-label=\"Programs &amp; Services\"><ul style=\"color: #324452;\" class=\"wp-block-navigation__container has-text-color  is-vertical wp-block-navigation\"><li class=\"wp-block-navigation-item wp-block-navigation-link\"><a class=\"wp-block-navigation-item__content\"  href=\"https:\/\/findfoodbank.org\/es\/programs-services\/community-agencies-mobile-markets\/\"><span class=\"wp-block-navigation-item__label\">Agencias y mercados m\u00f3viles<\/span><\/a><\/li><li class=\"wp-block-navigation-item wp-block-navigation-link\"><a class=\"wp-block-navigation-item__content\"  href=\"https:\/\/findfoodbank.org\/es\/csfp\/\"><span class=\"wp-block-navigation-item__label\">Programa de alimentaci\u00f3n para personas mayores<\/span><\/a><\/li><li class=\"wp-block-navigation-item wp-block-navigation-link\"><a class=\"wp-block-navigation-item__content\"  href=\"https:\/\/findfoodbank.org\/es\/outreach-services\/\"><span class=\"wp-block-navigation-item__label\">Servicios de extensi\u00f3n<\/span><\/a><\/li><li class=\"wp-block-navigation-item wp-block-navigation-link\"><a class=\"wp-block-navigation-item__content\"  href=\"https:\/\/findfoodbank.org\/es\/programs-services\/childrens-school-based-programs\/\"><span class=\"wp-block-navigation-item__label\">Children &amp; School-Based Programs<\/span><\/a><\/li><li class=\"wp-block-navigation-item wp-block-navigation-link\"><a class=\"wp-block-navigation-item__content\"  href=\"https:\/\/findfoodbank.org\/es\/programs-services\/childrens-school-based-programs\/summer\/\"><span class=\"wp-block-navigation-item__label\">Kids Summer Market<\/span><\/a><\/li><li class=\"wp-block-navigation-item wp-block-navigation-link\"><a class=\"wp-block-navigation-item__content\"  href=\"https:\/\/findfoodbank.org\/es\/opportunity-bank-activity-fee-scholarship\/\"><span class=\"wp-block-navigation-item__label\">Opportunity Bank <\/span><\/a><\/li><li class=\"wp-block-navigation-item wp-block-navigation-link\"><a class=\"wp-block-navigation-item__content\"  href=\"https:\/\/findfoodbank.org\/es\/fyac\/\"><span class=\"wp-block-navigation-item__label\">FYAC<\/span><\/a><\/li><li class=\"wp-block-navigation-item wp-block-navigation-link\"><a class=\"wp-block-navigation-item__content\"  href=\"https:\/\/findfoodbank.org\/es\/disaster-relief\/\"><span class=\"wp-block-navigation-item__label\">Disaster Relief<\/span><\/a><\/li><li class=\"wp-block-navigation-item wp-block-navigation-link\"><a class=\"wp-block-navigation-item__content\"  href=\"https:\/\/findfoodbank.org\/es\/foodrescue\/\"><span class=\"wp-block-navigation-item__label\">Food Rescue <\/span><\/a><\/li><li class=\"wp-block-navigation-item wp-block-navigation-link\"><a class=\"wp-block-navigation-item__content\"  href=\"https:\/\/findfoodbank.org\/es\/programs-services\/nutrition\/\"><span class=\"wp-block-navigation-item__label\">Nutrici\u00f3n<\/span><\/a><\/li><li class=\"wp-block-navigation-item wp-block-navigation-link\"><a class=\"wp-block-navigation-item__content\"  href=\"https:\/\/findfoodbank.org\/es\/programs-services\/calfresh\/\"><span class=\"wp-block-navigation-item__label\">Calfresh Benefits<\/span><\/a><\/li><li class=\"wp-block-navigation-item wp-block-navigation-link\"><a class=\"wp-block-navigation-item__content\"  href=\"https:\/\/findfoodbank.org\/es\/programs-services\/community-health-workers\/\"><span class=\"wp-block-navigation-item__label\">Trabajadores de salud comunitarios<\/span><\/a><\/li><\/ul><\/nav>\n<\/div><\/div>\n\n<div class=\"gb-grid-column gb-grid-column-c1ccc2b6\"><div class=\"gb-container gb-container-c1ccc2b6\">\n\n<h5 class=\"gb-headline gb-headline-5c6116d2 gb-headline-text\">Defensor de TEFAP<\/h5>\n\n\n\n<p>The desert region is especially vulnerable to food insecurity amid skyrocketing gas and grocery store prices and the increasing cost of living in California. FIND Food Bank relies on TEFAP to meet the heightened need for emergency food assistance during the prolonged economic and health crisis.<\/p>\n\n\n\n<p>En 2020-21, las asignaciones de TEFAP de California para FIND Food Bank fueron 2.29% de las asignaciones totales, m\u00e1s que la regi\u00f3n metropolitana densamente poblada de San Francisco y Marin en 2.10%. El \u00e1rea de servicio de FIND en el este del condado de Riverside requiere m\u00e1s asistencia alimentaria y ayuda que los condados de San Francisco y Marin combinados. Si bien m\u00e1s familias contin\u00faan recurriendo a FIND debido al impacto de la inflaci\u00f3n, la escasez de la cadena de suministro y el subempleo en la econom\u00eda del desierto, necesitamos una fuente de alimentos de emergencia s\u00f3lida para garantizar que nadie pase hambre.<\/p>\n\n\n\n<a class=\"gb-button gb-button-3fb97d4a\" href=\"https:\/\/secure.feedingamerica.org\/site\/Advocacy?cmd=display&amp;page=UserAction&amp;id=587&amp;s_src=foodbank&amp;s_subsrc=foodbank\" target=\"_blank\" rel=\"noopener noreferrer\"><span class=\"gb-icon\"><svg aria-hidden=\"true\" role=\"img\" height=\"1em\" width=\"1em\" viewbox=\"0 0 256 512\" xmlns=\"http:\/\/www.w3.org\/2000\/svg\"><path fill=\"currentColor\" d=\"M224.3 273l-136 136c-9.4 9.4-24.6 9.4-33.9 0l-22.6-22.6c-9.4-9.4-9.4-24.6 0-33.9l96.4-96.4-96.4-96.4c-9.4-9.4-9.4-24.6 0-33.9L54.3 103c9.4-9.4 24.6-9.4 33.9 0l136 136c9.5 9.4 9.5 24.6.1 34z\"><\/path><\/svg><\/span><span class=\"gb-button-text\">TELL CONGRESS: STRENGTHEN TEFAP<\/span><\/a>\n\n\n\n<h5 class=\"gb-headline gb-headline-d2173901 gb-headline-text\">Contratista del USDA para el este del condado de Riverside<\/h5>\n\n\n\n<p>FIND Food Bank es el distribuidor por contrato del USDA para el este del condado de Riverside y trabaja para fortalecer<span>\u00a0la red de seguridad nutricional al proporcionar alimentos del USDA y otra asistencia nutricional a personas, familias y personas mayores de bajos ingresos.<\/span><\/p>\n\n\n\n<p>FIND selecciona subcontratistas de agencias para distribuir productos del USDA, incluidos TEFAP y CSFP, a sus respectivas comunidades.<\/p>\n\n\n\n<h5 class=\"gb-headline gb-headline-64684850 gb-headline-text\">El Programa de Asistencia Alimentaria de Emergencia (TEFAP)<\/h5>\n\n\n\n<p>El Programa de Asistencia Alimentaria de Emergencia (TEFAP) es un programa federal que sirve alimentos nutritivos del USDA a hogares de bajos ingresos que tambi\u00e9n ayuda a apoyar la agricultura estadounidense.<\/p>\n\n\n\n<p><h6><span style=\"color: #5f8947; font-size: large;\"><a data-feathr-click-track=\"true\" style=\"color: #5f8947;\" href=\"https:\/\/findfoodbank.org\/wp-content\/uploads\/2022\/01\/Download-TEFAP-Income-Guidelines-2021.pdf\" rel=\"attachment wp-att-5888\">Descargar Gu\u00eda de Ingresos TEFAP 2021<\/a><\/span><\/h6> <span style=\"color: #5f8947; font-size: large;\"><\/span> <span style=\"color: #77828c; font-size: large;\"><strong>Consulte nuestra lista de subcontratistas de agencias para encontrar un sitio de distribuci\u00f3n de alimentos cerca de usted:<\/strong><\/span><\/p>\n\n\n\n<a class=\"gb-button gb-button-3e03836c\" href=\"https:\/\/findfoodbank.org\/es\/the-emergency-food-assistance-program\/\" target=\"_blank\" rel=\"noopener noreferrer\"><span class=\"gb-icon\"><svg aria-hidden=\"true\" role=\"img\" height=\"1em\" width=\"1em\" viewbox=\"0 0 256 512\" xmlns=\"http:\/\/www.w3.org\/2000\/svg\"><path fill=\"currentColor\" d=\"M224.3 273l-136 136c-9.4 9.4-24.6 9.4-33.9 0l-22.6-22.6c-9.4-9.4-9.4-24.6 0-33.9l96.4-96.4-96.4-96.4c-9.4-9.4-9.4-24.6 0-33.9L54.3 103c9.4-9.4 24.6-9.4 33.9 0l136 136c9.5 9.4 9.5 24.6.1 34z\"><\/path><\/svg><\/span><span class=\"gb-button-text\">TEFAP SUBCONTRACTORS<\/span><\/a>\n\n<\/div><\/div>\n\n<div class=\"gb-grid-column gb-grid-column-dcd85d01\"><div class=\"gb-container gb-container-dcd85d01\">\n\n<figure class=\"gb-block-image gb-block-image-c900f9f9\"><img loading=\"lazy\" decoding=\"async\" width=\"1920\" height=\"2560\" class=\"gb-image gb-image-c900f9f9\" src=\"https:\/\/findfoodbank.org\/wp-content\/uploads\/2022\/01\/P1011425-scaled.jpg\" srcset=\"https:\/\/findfoodbank.org\/wp-content\/uploads\/2022\/01\/P1011425-scaled.jpg 1920w, https:\/\/findfoodbank.org\/wp-content\/uploads\/2022\/01\/P1011425-225x300.jpg 225w, https:\/\/findfoodbank.org\/wp-content\/uploads\/2022\/01\/P1011425-768x1024.jpg 768w, https:\/\/findfoodbank.org\/wp-content\/uploads\/2022\/01\/P1011425-1152x1536.jpg 1152w, https:\/\/findfoodbank.org\/wp-content\/uploads\/2022\/01\/P1011425-1536x2048.jpg 1536w, https:\/\/findfoodbank.org\/wp-content\/uploads\/2022\/01\/P1011425-9x12.jpg 9w, https:\/\/findfoodbank.org\/wp-content\/uploads\/2022\/01\/P1011425-1080x1440.jpg 1080w, https:\/\/findfoodbank.org\/wp-content\/uploads\/2022\/01\/P1011425-1280x1707.jpg 1280w, https:\/\/findfoodbank.org\/wp-content\/uploads\/2022\/01\/P1011425-980x1307.jpg 980w, https:\/\/findfoodbank.org\/wp-content\/uploads\/2022\/01\/P1011425-480x640.jpg 480w\" sizes=\"auto, (max-width: 1920px) 100vw, 1920px\" \/><\/figure>\n\n<\/div><\/div>\n<\/div>\n<\/div>\n\n<div class=\"gb-container gb-container-0062da5c\">\n<div class=\"gb-grid-wrapper gb-grid-wrapper-b80a22b8\">\n<div class=\"gb-grid-column gb-grid-column-0575fd34\"><div class=\"gb-container gb-container-0575fd34\">\n\n<figure class=\"gb-block-image gb-block-image-53d3ce3d\"><img loading=\"lazy\" decoding=\"async\" width=\"1707\" height=\"2560\" class=\"gb-image gb-image-53d3ce3d\" src=\"https:\/\/findfoodbank.org\/wp-content\/uploads\/2022\/01\/IMG_0900-scaled.jpg\" srcset=\"https:\/\/findfoodbank.org\/wp-content\/uploads\/2022\/01\/IMG_0900-scaled.jpg 1707w, https:\/\/findfoodbank.org\/wp-content\/uploads\/2022\/01\/IMG_0900-200x300.jpg 200w, https:\/\/findfoodbank.org\/wp-content\/uploads\/2022\/01\/IMG_0900-683x1024.jpg 683w, https:\/\/findfoodbank.org\/wp-content\/uploads\/2022\/01\/IMG_0900-768x1152.jpg 768w, https:\/\/findfoodbank.org\/wp-content\/uploads\/2022\/01\/IMG_0900-1024x1536.jpg 1024w, https:\/\/findfoodbank.org\/wp-content\/uploads\/2022\/01\/IMG_0900-1365x2048.jpg 1365w, https:\/\/findfoodbank.org\/wp-content\/uploads\/2022\/01\/IMG_0900-8x12.jpg 8w, https:\/\/findfoodbank.org\/wp-content\/uploads\/2022\/01\/IMG_0900-1080x1620.jpg 1080w, https:\/\/findfoodbank.org\/wp-content\/uploads\/2022\/01\/IMG_0900-1280x1920.jpg 1280w, https:\/\/findfoodbank.org\/wp-content\/uploads\/2022\/01\/IMG_0900-980x1470.jpg 980w, https:\/\/findfoodbank.org\/wp-content\/uploads\/2022\/01\/IMG_0900-480x720.jpg 480w\" sizes=\"auto, (max-width: 1707px) 100vw, 1707px\" \/><\/figure>\n\n<\/div><\/div>\n\n<div class=\"gb-grid-column gb-grid-column-d7d189d3\"><div class=\"gb-container gb-container-d7d189d3\">\n\n<p>Programa de alimentos complementarios de productos b\u00e1sicos<\/p>\n\n\n\n<p>The CSFP works to improve the health of individuals at least 60 years of age by supplementing their diets with nutritious USDA commodity foods. CSFP is a United States Department of Agriculture (USDA) funded supplemental food program administered by the California Department of Social Services (CDSS). The program provides USDA commodities to a network of ten food banks, including FIND Food Bank, to improve the health of seniors in California by providing them nutritious foods. FIND subcontracts agencies, like senior centers, affordable senior living apartments and churches, to serve as the program site to distribute food packages to CSFP participants. <strong><em>Para obtener una lista de los sitios del programa, las calificaciones y la solicitud<\/em><\/strong><\/p>\n\n\n\n<a class=\"gb-button gb-button-73360ab8\" href=\"https:\/\/findfoodbank.org\/es\/csfp\/\" target=\"_blank\" rel=\"noopener noreferrer\"><span class=\"gb-icon\"><svg aria-hidden=\"true\" role=\"img\" height=\"1em\" width=\"1em\" viewbox=\"0 0 256 512\" xmlns=\"http:\/\/www.w3.org\/2000\/svg\"><path fill=\"currentColor\" d=\"M224.3 273l-136 136c-9.4 9.4-24.6 9.4-33.9 0l-22.6-22.6c-9.4-9.4-9.4-24.6 0-33.9l96.4-96.4-96.4-96.4c-9.4-9.4-9.4-24.6 0-33.9L54.3 103c9.4-9.4 24.6-9.4 33.9 0l136 136c9.5 9.4 9.5 24.6.1 34z\"><\/path><\/svg><\/span><span class=\"gb-button-text\">CSFP APPLICATION<\/span><\/a>\n\n\n\n<p>Como comunidad de jubilados, la regi\u00f3n des\u00e9rtica del Valle de Coachella representa otro grupo demogr\u00e1fico inusual que no concuerda con las estad\u00edsticas del condado de Riverside. En marcado contraste con el estado de California con 19,21 TP1T de personas mayores y el condado de Riverside con 21,51 TP1T de personas mayores, la regi\u00f3n des\u00e9rtica del Valle de Coachella tiene 29,31 TP1T de personas mayores (HARC).<\/p>\n\n<\/div><\/div>\n<\/div>\n<\/div>\n<\/div>\n\n<div class=\"gb-container gb-container-901de4c1 alignfull\">\n<div class=\"gb-container gb-container-2f966b71\">\n\n<h2 class=\"wp-block-heading has-text-align-center\">Nondiscrimination Statement<\/h2>\n\n\n\n<p>In accordance with federal civil rights law and U.S. Department of Agriculture (USDA) civil rights regulations and policies, this institution is prohibited from discriminating on the basis of race, color, national origin, sex (including gender identity and sexual orientation), disability, age, or reprisal or retaliation for prior civil rights activity.<\/p>\n\n\n\n<p>Program information may be made available in languages other than English. Persons with disabilities who require alternative means of communication to obtain program information (e.g., Braille, large print, audiotape, American Sign Language), should contact the responsible state or local agency that administers the program or USDA\u2019s TARGET Center at (202) 720-2600 (voice and TTY) or contact USDA through the Federal Relay Service at (800) 877-8339.<\/p>\n\n\n\n<p>To file a program discrimination complaint, a Complainant should complete a Form AD-3027, USDA Program Discrimination Complaint Form which can be obtained online at:&nbsp;<a href=\"https:\/\/www.usda.gov\/sites\/default\/files\/documents\/USDA-OASCR%20P-Complaint-Form-0508-0002-508-11-28-17Fax2Mail.pdf\">https:\/\/www.usda.gov\/sites\/default\/files\/documents\/USDA-OASCR%20P-Complaint-Form-0508-0002-508-11-28-17Fax2Mail.pdf<\/a>, from any USDA office, by calling (866) 632-9992, or by writing a letter addressed to USDA. The letter must contain the complainant\u2019s name, address, telephone number, and a written description of the alleged discriminatory action in sufficient detail to inform the Assistant Secretary for Civil Rights (ASCR) about the nature and date of an alleged civil rights violation. The completed AD-3027 form or letter must be submitted to USDA by:<\/p>\n\n\n<div class=\"gb-container gb-container-0ea9522a\">\n\n<ol class=\"wp-block-list\">\n<li><strong>Mail:<\/strong><br>U.S. Department of Agriculture<br>Office of the Assistant Secretary for Civil Rights<br>1400 Independence Avenue, SW<br>Washington, D.C. 20250-9410; or<\/li>\n\n\n\n<li><strong>Fax:<\/strong><br>(833) 256-1665 or (202) 690-7442; or<\/li>\n\n\n\n<li><strong>Correo electr\u00f3nico:<\/strong><br><a href=\"http:\/\/mailto:program.intake@usda.gov\/\"><strong>program.intake@usda.gov<\/strong><\/a><\/li>\n<\/ol>\n\n<\/div>\n\n\n<p class=\"has-text-align-center\"><strong>This institution is an equal opportunity provider.<\/strong><\/p>\n\n<\/div>\n<\/div>","protected":false},"excerpt":{"rendered":"<p> &#8230; <a title=\"USDA: TEFAP &#038; CSFP\" class=\"read-more\" href=\"https:\/\/findfoodbank.org\/es\/usda-tefap-csfp\/\" aria-label=\"Leer m\u00e1s sobre USDA: TEFAP &#038; CSFP\">Read more<\/a><\/p>","protected":false},"author":15,"featured_media":5774,"parent":0,"menu_order":0,"comment_status":"closed","ping_status":"closed","template":"","meta":{"_monsterinsights_skip_tracking":false,"_monsterinsights_sitenote_active":false,"_monsterinsights_sitenote_note":"","_monsterinsights_sitenote_category":0,"_price":"","_stock":"","_tribe_ticket_header":"","_tribe_default_ticket_provider":"","_tribe_ticket_capacity":"0","_ticket_start_date":"","_ticket_end_date":"","_tribe_ticket_show_description":"","_tribe_ticket_show_not_going":false,"_tribe_ticket_use_global_stock":"","_tribe_ticket_global_stock_level":"","_global_stock_mode":"","_global_stock_cap":"","_tribe_rsvp_for_event":"","_tribe_ticket_going_count":"","_tribe_ticket_not_going_count":"","_tribe_tickets_list":"[]","_tribe_ticket_has_attendee_info_fields":false,"footnotes":"","_tec_slr_enabled":"","_tec_slr_layout":""},"class_list":["post-5762","page","type-page","status-publish","has-post-thumbnail","resize-featured-image"],"yoast_head":"<!-- This site is optimized with the Yoast SEO plugin v27.3 - https:\/\/yoast.com\/product\/yoast-seo-wordpress\/ -->\n<title>USDA: TEFAP &amp; CSFP, FIND Food Bank<\/title>\n<meta name=\"description\" content=\"ADVOCATE FOR TEFAPThe desert region is especially vulnerable to food insecurity amid skyrocketing gas and grocery store prices and the increasing cost,,,\" \/>\n<meta name=\"robots\" content=\"index, follow, max-snippet:-1, max-image-preview:large, max-video-preview:-1\" \/>\n<link rel=\"canonical\" href=\"http:\/\/seodevsite.com\/foodbank\/usda-tefap-csfp\/\" \/>\n<meta property=\"og:locale\" content=\"es_MX\" \/>\n<meta property=\"og:type\" content=\"article\" \/>\n<meta property=\"og:title\" content=\"USDA: TEFAP &amp; CSFP, FIND Food Bank\" \/>\n<meta property=\"og:description\" content=\"ADVOCATE FOR TEFAPThe desert region is especially vulnerable to food insecurity amid skyrocketing gas and grocery store prices and the increasing cost,,,\" \/>\n<meta property=\"og:url\" content=\"http:\/\/seodevsite.com\/foodbank\/usda-tefap-csfp\/\" \/>\n<meta property=\"og:site_name\" content=\"FIND Food Bank\" \/>\n<meta property=\"article:modified_time\" content=\"2023-09-22T22:18:26+00:00\" \/>\n<meta property=\"og:image\" content=\"http:\/\/seodevsite.com\/foodbank\/wp-content\/uploads\/2022\/01\/IMG_4067-scaled.jpg\" \/>\n\t<meta property=\"og:image:width\" content=\"2560\" \/>\n\t<meta property=\"og:image:height\" content=\"1920\" \/>\n\t<meta property=\"og:image:type\" content=\"image\/jpeg\" \/>\n<meta name=\"twitter:card\" content=\"summary_large_image\" \/>\n<meta name=\"twitter:label1\" content=\"Tiempo de lectura\" \/>\n\t<meta name=\"twitter:data1\" content=\"4 minutos\" \/>\n<script type=\"application\/ld+json\" class=\"yoast-schema-graph\">{\"@context\":\"https:\\\/\\\/schema.org\",\"@graph\":[{\"@type\":\"WebPage\",\"@id\":\"http:\\\/\\\/seodevsite.com\\\/foodbank\\\/usda-tefap-csfp\\\/\",\"url\":\"http:\\\/\\\/seodevsite.com\\\/foodbank\\\/usda-tefap-csfp\\\/\",\"name\":\"USDA: TEFAP & CSFP, FIND Food Bank\",\"isPartOf\":{\"@id\":\"https:\\\/\\\/findfoodbank.org\\\/#website\"},\"primaryImageOfPage\":{\"@id\":\"http:\\\/\\\/seodevsite.com\\\/foodbank\\\/usda-tefap-csfp\\\/#primaryimage\"},\"image\":{\"@id\":\"http:\\\/\\\/seodevsite.com\\\/foodbank\\\/usda-tefap-csfp\\\/#primaryimage\"},\"thumbnailUrl\":\"https:\\\/\\\/findfoodbank.org\\\/wp-content\\\/uploads\\\/2022\\\/01\\\/IMG_4067-scaled.jpg\",\"datePublished\":\"2022-01-19T22:24:06+00:00\",\"dateModified\":\"2023-09-22T22:18:26+00:00\",\"description\":\"ADVOCATE FOR TEFAPThe desert region is especially vulnerable to food insecurity amid skyrocketing gas and grocery store prices and the increasing cost,,,\",\"breadcrumb\":{\"@id\":\"http:\\\/\\\/seodevsite.com\\\/foodbank\\\/usda-tefap-csfp\\\/#breadcrumb\"},\"inLanguage\":\"es\",\"potentialAction\":[{\"@type\":\"ReadAction\",\"target\":[\"http:\\\/\\\/seodevsite.com\\\/foodbank\\\/usda-tefap-csfp\\\/\"]}]},{\"@type\":\"ImageObject\",\"inLanguage\":\"es\",\"@id\":\"http:\\\/\\\/seodevsite.com\\\/foodbank\\\/usda-tefap-csfp\\\/#primaryimage\",\"url\":\"https:\\\/\\\/findfoodbank.org\\\/wp-content\\\/uploads\\\/2022\\\/01\\\/IMG_4067-scaled.jpg\",\"contentUrl\":\"https:\\\/\\\/findfoodbank.org\\\/wp-content\\\/uploads\\\/2022\\\/01\\\/IMG_4067-scaled.jpg\",\"width\":2560,\"height\":1920},{\"@type\":\"BreadcrumbList\",\"@id\":\"http:\\\/\\\/seodevsite.com\\\/foodbank\\\/usda-tefap-csfp\\\/#breadcrumb\",\"itemListElement\":[{\"@type\":\"ListItem\",\"position\":1,\"name\":\"Home\",\"item\":\"https:\\\/\\\/findfoodbank.org\\\/\"},{\"@type\":\"ListItem\",\"position\":2,\"name\":\"USDA: TEFAP &#038; CSFP\"}]},{\"@type\":\"WebSite\",\"@id\":\"https:\\\/\\\/findfoodbank.org\\\/#website\",\"url\":\"https:\\\/\\\/findfoodbank.org\\\/\",\"name\":\"FIND Food Bank\",\"description\":\"The Desert's Regional Food Bank\",\"publisher\":{\"@id\":\"https:\\\/\\\/findfoodbank.org\\\/#organization\"},\"potentialAction\":[{\"@type\":\"SearchAction\",\"target\":{\"@type\":\"EntryPoint\",\"urlTemplate\":\"https:\\\/\\\/findfoodbank.org\\\/?s={search_term_string}\"},\"query-input\":{\"@type\":\"PropertyValueSpecification\",\"valueRequired\":true,\"valueName\":\"search_term_string\"}}],\"inLanguage\":\"es\"},{\"@type\":\"Organization\",\"@id\":\"https:\\\/\\\/findfoodbank.org\\\/#organization\",\"name\":\"FIND Food Bank\",\"url\":\"https:\\\/\\\/findfoodbank.org\\\/\",\"logo\":{\"@type\":\"ImageObject\",\"inLanguage\":\"es\",\"@id\":\"https:\\\/\\\/findfoodbank.org\\\/#\\\/schema\\\/logo\\\/image\\\/\",\"url\":\"https:\\\/\\\/findfoodbank.org\\\/wp-content\\\/uploads\\\/2025\\\/09\\\/FIND-logo25-horizontal_4c.png\",\"contentUrl\":\"https:\\\/\\\/findfoodbank.org\\\/wp-content\\\/uploads\\\/2025\\\/09\\\/FIND-logo25-horizontal_4c.png\",\"width\":1189,\"height\":373,\"caption\":\"FIND Food Bank\"},\"image\":{\"@id\":\"https:\\\/\\\/findfoodbank.org\\\/#\\\/schema\\\/logo\\\/image\\\/\"}}]}<\/script>\n<!-- \/ Yoast SEO plugin. -->","yoast_head_json":{"title":"USDA: TEFAP & CSFP, FIND Food Bank","description":"ADVOCATE FOR TEFAPThe desert region is especially vulnerable to food insecurity amid skyrocketing gas and grocery store prices and the increasing cost,,,","robots":{"index":"index","follow":"follow","max-snippet":"max-snippet:-1","max-image-preview":"max-image-preview:large","max-video-preview":"max-video-preview:-1"},"canonical":"http:\/\/seodevsite.com\/foodbank\/usda-tefap-csfp\/","og_locale":"es_MX","og_type":"article","og_title":"USDA: TEFAP & CSFP, FIND Food Bank","og_description":"ADVOCATE FOR TEFAPThe desert region is especially vulnerable to food insecurity amid skyrocketing gas and grocery store prices and the increasing cost,,,","og_url":"http:\/\/seodevsite.com\/foodbank\/usda-tefap-csfp\/","og_site_name":"FIND Food Bank","article_modified_time":"2023-09-22T22:18:26+00:00","og_image":[{"width":2560,"height":1920,"url":"http:\/\/seodevsite.com\/foodbank\/wp-content\/uploads\/2022\/01\/IMG_4067-scaled.jpg","type":"image\/jpeg"}],"twitter_card":"summary_large_image","twitter_misc":{"Tiempo de lectura":"4 minutos"},"schema":{"@context":"https:\/\/schema.org","@graph":[{"@type":"WebPage","@id":"http:\/\/seodevsite.com\/foodbank\/usda-tefap-csfp\/","url":"http:\/\/seodevsite.com\/foodbank\/usda-tefap-csfp\/","name":"USDA: TEFAP & CSFP, FIND Food Bank","isPartOf":{"@id":"https:\/\/findfoodbank.org\/#website"},"primaryImageOfPage":{"@id":"http:\/\/seodevsite.com\/foodbank\/usda-tefap-csfp\/#primaryimage"},"image":{"@id":"http:\/\/seodevsite.com\/foodbank\/usda-tefap-csfp\/#primaryimage"},"thumbnailUrl":"https:\/\/findfoodbank.org\/wp-content\/uploads\/2022\/01\/IMG_4067-scaled.jpg","datePublished":"2022-01-19T22:24:06+00:00","dateModified":"2023-09-22T22:18:26+00:00","description":"ADVOCATE FOR TEFAPThe desert region is especially vulnerable to food insecurity amid skyrocketing gas and grocery store prices and the increasing cost,,,","breadcrumb":{"@id":"http:\/\/seodevsite.com\/foodbank\/usda-tefap-csfp\/#breadcrumb"},"inLanguage":"es","potentialAction":[{"@type":"ReadAction","target":["http:\/\/seodevsite.com\/foodbank\/usda-tefap-csfp\/"]}]},{"@type":"ImageObject","inLanguage":"es","@id":"http:\/\/seodevsite.com\/foodbank\/usda-tefap-csfp\/#primaryimage","url":"https:\/\/findfoodbank.org\/wp-content\/uploads\/2022\/01\/IMG_4067-scaled.jpg","contentUrl":"https:\/\/findfoodbank.org\/wp-content\/uploads\/2022\/01\/IMG_4067-scaled.jpg","width":2560,"height":1920},{"@type":"BreadcrumbList","@id":"http:\/\/seodevsite.com\/foodbank\/usda-tefap-csfp\/#breadcrumb","itemListElement":[{"@type":"ListItem","position":1,"name":"Home","item":"https:\/\/findfoodbank.org\/"},{"@type":"ListItem","position":2,"name":"USDA: TEFAP &#038; CSFP"}]},{"@type":"WebSite","@id":"https:\/\/findfoodbank.org\/#website","url":"https:\/\/findfoodbank.org\/","name":"ENCONTRAR Banco de Alimentos","description":"El banco regional de alimentos del desierto","publisher":{"@id":"https:\/\/findfoodbank.org\/#organization"},"potentialAction":[{"@type":"SearchAction","target":{"@type":"EntryPoint","urlTemplate":"https:\/\/findfoodbank.org\/?s={search_term_string}"},"query-input":{"@type":"PropertyValueSpecification","valueRequired":true,"valueName":"search_term_string"}}],"inLanguage":"es"},{"@type":"Organization","@id":"https:\/\/findfoodbank.org\/#organization","name":"ENCONTRAR Banco de Alimentos","url":"https:\/\/findfoodbank.org\/","logo":{"@type":"ImageObject","inLanguage":"es","@id":"https:\/\/findfoodbank.org\/#\/schema\/logo\/image\/","url":"https:\/\/findfoodbank.org\/wp-content\/uploads\/2025\/09\/FIND-logo25-horizontal_4c.png","contentUrl":"https:\/\/findfoodbank.org\/wp-content\/uploads\/2025\/09\/FIND-logo25-horizontal_4c.png","width":1189,"height":373,"caption":"FIND Food Bank"},"image":{"@id":"https:\/\/findfoodbank.org\/#\/schema\/logo\/image\/"}}]}},"ticketed":false,"_links":{"self":[{"href":"https:\/\/findfoodbank.org\/es\/wp-json\/wp\/v2\/pages\/5762","targetHints":{"allow":["GET"]}}],"collection":[{"href":"https:\/\/findfoodbank.org\/es\/wp-json\/wp\/v2\/pages"}],"about":[{"href":"https:\/\/findfoodbank.org\/es\/wp-json\/wp\/v2\/types\/page"}],"author":[{"embeddable":true,"href":"https:\/\/findfoodbank.org\/es\/wp-json\/wp\/v2\/users\/15"}],"replies":[{"embeddable":true,"href":"https:\/\/findfoodbank.org\/es\/wp-json\/wp\/v2\/comments?post=5762"}],"version-history":[{"count":12,"href":"https:\/\/findfoodbank.org\/es\/wp-json\/wp\/v2\/pages\/5762\/revisions"}],"predecessor-version":[{"id":11676,"href":"https:\/\/findfoodbank.org\/es\/wp-json\/wp\/v2\/pages\/5762\/revisions\/11676"}],"wp:featuredmedia":[{"embeddable":true,"href":"https:\/\/findfoodbank.org\/es\/wp-json\/wp\/v2\/media\/5774"}],"wp:attachment":[{"href":"https:\/\/findfoodbank.org\/es\/wp-json\/wp\/v2\/media?parent=5762"}],"curies":[{"name":"wp","href":"https:\/\/api.w.org\/{rel}","templated":true}]}}