{"id":4997,"date":"2021-12-21T13:05:28","date_gmt":"2021-12-21T21:05:28","guid":{"rendered":"https:\/\/findfoodbank.org\/?page_id=4997"},"modified":"2025-07-07T11:13:57","modified_gmt":"2025-07-07T18:13:57","slug":"history","status":"publish","type":"page","link":"https:\/\/findfoodbank.org\/es\/history\/","title":{"rendered":"Historia"},"content":{"rendered":"<h1 class=\"wp-block-heading has-text-align-center\">ENCONTRAR<\/h1>\n\n\n\n<h1 class=\"wp-block-heading has-text-align-center\">Alimentos que necesitan distribuci\u00f3n<\/h1>\n\n\n\n<p>Since its inception in 1983, FIND Food Bank has been a community-based organization run by and for the people. From our humble beginnings in the city of Cathedral City to now serving 10,000-square-miles of eastern Riverside and southern San Bernardino counties our mission has not changed \u2013 Let\u2019s end hunger in the desert region.<\/p>\n\n\n<div class=\"gb-grid-wrapper gb-grid-wrapper-a36ae131\">\n<div class=\"gb-grid-column gb-grid-column-7a53349a\"><div class=\"gb-container gb-container-7a53349a\">\n\n<figure class=\"gb-block-image gb-block-image-5a946cd8\"><img loading=\"lazy\" decoding=\"async\" width=\"668\" height=\"704\" class=\"gb-image gb-image-5a946cd8\" src=\"https:\/\/findfoodbank.org\/wp-content\/uploads\/2021\/12\/wayne-robinson.png\" alt=\"\" title=\"Wayne Robinson\" srcset=\"https:\/\/findfoodbank.org\/wp-content\/uploads\/2021\/12\/wayne-robinson.png 668w, https:\/\/findfoodbank.org\/wp-content\/uploads\/2021\/12\/wayne-robinson-285x300.png 285w, https:\/\/findfoodbank.org\/wp-content\/uploads\/2021\/12\/wayne-robinson-11x12.png 11w, https:\/\/findfoodbank.org\/wp-content\/uploads\/2021\/12\/wayne-robinson-480x506.png 480w\" sizes=\"auto, (max-width: 668px) 100vw, 668px\" \/><\/figure>\n\n\n\n<figure class=\"gb-block-image gb-block-image-072d720e\"><img loading=\"lazy\" decoding=\"async\" width=\"2560\" height=\"1707\" class=\"gb-image gb-image-072d720e\" src=\"https:\/\/findfoodbank.org\/wp-content\/uploads\/2021\/12\/Robinson-Family-Volunteer-1-scaled.jpg\" alt=\"\" title=\"Voluntario de la familia Robinson\" srcset=\"https:\/\/findfoodbank.org\/wp-content\/uploads\/2021\/12\/Robinson-Family-Volunteer-1-scaled.jpg 2560w, https:\/\/findfoodbank.org\/wp-content\/uploads\/2021\/12\/Robinson-Family-Volunteer-1-300x200.jpg 300w, https:\/\/findfoodbank.org\/wp-content\/uploads\/2021\/12\/Robinson-Family-Volunteer-1-1024x683.jpg 1024w, https:\/\/findfoodbank.org\/wp-content\/uploads\/2021\/12\/Robinson-Family-Volunteer-1-768x512.jpg 768w, https:\/\/findfoodbank.org\/wp-content\/uploads\/2021\/12\/Robinson-Family-Volunteer-1-1536x1024.jpg 1536w, https:\/\/findfoodbank.org\/wp-content\/uploads\/2021\/12\/Robinson-Family-Volunteer-1-2048x1365.jpg 2048w, https:\/\/findfoodbank.org\/wp-content\/uploads\/2021\/12\/Robinson-Family-Volunteer-1-18x12.jpg 18w, https:\/\/findfoodbank.org\/wp-content\/uploads\/2021\/12\/Robinson-Family-Volunteer-1-1080x720.jpg 1080w, https:\/\/findfoodbank.org\/wp-content\/uploads\/2021\/12\/Robinson-Family-Volunteer-1-1280x854.jpg 1280w, https:\/\/findfoodbank.org\/wp-content\/uploads\/2021\/12\/Robinson-Family-Volunteer-1-980x653.jpg 980w, https:\/\/findfoodbank.org\/wp-content\/uploads\/2021\/12\/Robinson-Family-Volunteer-1-480x320.jpg 480w\" sizes=\"auto, (max-width: 2560px) 100vw, 2560px\" \/><\/figure>\n\n<\/div><\/div>\n\n<div class=\"gb-grid-column gb-grid-column-3943fe92\"><div class=\"gb-container gb-container-3943fe92\">\n\n<h5 class=\"wp-block-heading\">1983<\/h5>\n\n\n\n<h2 class=\"wp-block-heading\">Wayne Robinson funda ENCONTRAR&nbsp;<\/h2>\n\n\n\n<p>El Sr. Wayne Robinson vio la necesidad de alimentos en todo el Valle de Coachella y comenz\u00f3 a entregar pan a las personas sin hogar en todo su vecindario. Recogi\u00f3 alimentos de las tiendas de comestibles que iban a tirar y los entreg\u00f3 en su Pinto azul a las personas necesitadas. Se corri\u00f3 la voz y el Sr. Robinson comenz\u00f3 a solicitar la ayuda de organizaciones religiosas y voluntarios para expandir sus operaciones con el fin de alimentar a las familias y las personas que trabajan para llegar a fin de mes.<\/p>\n\n\n\n<h5 class=\"wp-block-heading\">Hoy dia<\/h5>\n\n\n\n<h2 class=\"wp-block-heading\">La familia Robinson<\/h2>\n\n\n\n<p>Three generations of the Robinson family return to FIND\u2019s warehouse each year to celebrate Mr. Robinson\u2019s birthday and carry on his tradition of volunteerism. Becky Robinson (pictured left) his youngest daughter was one of FIND\u2019s first volunteers. His grandson remembers packing up bread in the blue Pinto when he was 14, and now it\u2019s his 37th year volunteering to help FIND feed those in need.&nbsp;<\/p>\n\n<\/div><\/div>\n<\/div>\n\n\n<h5 class=\"wp-block-heading\">1991<\/h5>\n\n\n\n<h2 class=\"wp-block-heading\">FIND\u2019s First Agency Partners<\/h2>\n\n\n\n<p><strong>Templo del Sina\u00ed en Palm Desert<\/strong><\/p>\n\n\n\n<p>Durante los \u00faltimos 30 a\u00f1os, un grupo de voluntarios dedicados ha empaquetado alimentos preseleccionados del almac\u00e9n de FIND para distribuirlos entre los adultos mayores y las personas mayores confinados en sus hogares en Palm Desert, Desert Hot Springs, Cathedral City, Indian Wells, Palm Springs y La Quinta. \u00a1Los voluntarios de Temple Sinai sirvieron aproximadamente a 800 personas cada mes!<\/p>\n\n\n\n<p>Los directores de programa Gail y Saul Jacobs se jubilaron recientemente y recordaron sus 28 a\u00f1os de servicio en un&nbsp;<strong><a href=\"https:\/\/findfoodbank.org\/es\/temple-sinai-volunteers\/\">entrevista en video con FIND<\/a>.<\/strong><\/p>\n\n\n\n<p><strong>Iglesia cat\u00f3lica de Santa Teresa en Palm Springs<\/strong><\/p>\n\n\n\n<p>Una de las agencias miembros originales de FIND, St. Theresa&#039;s contin\u00faa alimentando a su comunidad local todos los lunes por la ma\u00f1ana.<\/p>\n\n\n\n<p><strong>Despensa de alimentos de emergencia Blythe<\/strong><\/p>\n\n\n\n<p>Con las puertas abiertas cinco d\u00edas a la semana, los propietarios de la despensa Lloyd y Pat Hollingsworth har\u00edan el viaje de 3 horas hasta el almac\u00e9n de FIND en Indio para recoger toda la comida que necesitan. Hoy, los camiones refrigerados de FIND viajan hasta la frontera de Arizona para entregar alimentos saludables.<\/p>\n\n\n\n<h5 class=\"wp-block-heading\">2009<\/h5>\n\n\n\n<h2 class=\"wp-block-heading\">ENCONTRAR Se muda a Indio<\/h2>\n\n\n\n<p>Despu\u00e9s de que el almac\u00e9n de FIND en Cathedral City se incendiara en un tr\u00e1gico incendio, el nuevo almac\u00e9n y las oficinas administrativas se dise\u00f1aron espec\u00edficamente para ser un banco de alimentos regional. Ahora FIND Food Bank opera desde un almac\u00e9n de 40,000 pies cuadrados con dos congeladores industriales y el congelador bajo cero m\u00e1s grande del Valle de Coachella.<\/p>\n\n\n\n<h5 class=\"wp-block-heading\">2014<\/h5>\n\n\n\n<figure class=\"gb-block-image gb-block-image-fd62b2cf\"><img loading=\"lazy\" decoding=\"async\" width=\"300\" height=\"219\" class=\"gb-image gb-image-fd62b2cf\" src=\"https:\/\/findfoodbank.org\/wp-content\/uploads\/2021\/12\/IMG_0934-300x219.jpg\" alt=\"\" title=\"IMG_0934\" srcset=\"https:\/\/findfoodbank.org\/wp-content\/uploads\/2021\/12\/IMG_0934-300x219.jpg 300w, https:\/\/findfoodbank.org\/wp-content\/uploads\/2021\/12\/IMG_0934-1024x749.jpg 1024w, https:\/\/findfoodbank.org\/wp-content\/uploads\/2021\/12\/IMG_0934-768x562.jpg 768w, https:\/\/findfoodbank.org\/wp-content\/uploads\/2021\/12\/IMG_0934-1536x1123.jpg 1536w, https:\/\/findfoodbank.org\/wp-content\/uploads\/2021\/12\/IMG_0934-2048x1498.jpg 2048w, https:\/\/findfoodbank.org\/wp-content\/uploads\/2021\/12\/IMG_0934-16x12.jpg 16w, https:\/\/findfoodbank.org\/wp-content\/uploads\/2021\/12\/IMG_0934-1080x790.jpg 1080w, https:\/\/findfoodbank.org\/wp-content\/uploads\/2021\/12\/IMG_0934-1280x936.jpg 1280w, https:\/\/findfoodbank.org\/wp-content\/uploads\/2021\/12\/IMG_0934-980x717.jpg 980w, https:\/\/findfoodbank.org\/wp-content\/uploads\/2021\/12\/IMG_0934-480x351.jpg 480w\" sizes=\"auto, (max-width: 300px) 100vw, 300px\" \/><\/figure>\n\n\n\n<h2 class=\"wp-block-heading\">FIND\u2019s Kids Summer Club Kicks-Off<\/h2>\n\n\n\n<p>Recognizing that 4 out of 5 children in the public school system in the valley qualify for free and reduced-price meals, FIND launched our Kids Summer Club to provide fresh produce for kids and healthy groceries to take home to the family. The Farmer\u2019s Market-style distribution allowed kids to pick their fruits and vegetables while learning about nutrition to set them up to make healthy choices for a lifetime.<\/p>\n\n\n\n<h5 class=\"wp-block-heading\">2015<\/h5>\n\n\n\n<h2 class=\"wp-block-heading\">La fundaci\u00f3n de FIND&#039;s Giving Society<\/h2>\n\n\n\n<p>FIND&#039;s Giving Society reconoce el compromiso y el apoyo de los inversores m\u00e1s generosos y con mentalidad comunitaria de FIND Food Bank. Los miembros hacen una donaci\u00f3n anual m\u00ednima de $1,000 o m\u00e1s cada a\u00f1o durante cinco a\u00f1os para garantizar la sostenibilidad de los programas de FIND en la comunidad.<\/p>\n\n\n\n<h5 class=\"wp-block-heading\">2019<\/h5>\n\n\n\n<figure class=\"gb-block-image gb-block-image-f91339f9\"><img loading=\"lazy\" decoding=\"async\" width=\"300\" height=\"225\" class=\"gb-image gb-image-f91339f9\" src=\"https:\/\/findfoodbank.org\/wp-content\/uploads\/2021\/12\/IMG_2085-300x225.jpg\" alt=\"\" title=\"IMG_2085\" srcset=\"https:\/\/findfoodbank.org\/wp-content\/uploads\/2021\/12\/IMG_2085-300x225.jpg 300w, https:\/\/findfoodbank.org\/wp-content\/uploads\/2021\/12\/IMG_2085-1024x768.jpg 1024w, https:\/\/findfoodbank.org\/wp-content\/uploads\/2021\/12\/IMG_2085-768x576.jpg 768w, https:\/\/findfoodbank.org\/wp-content\/uploads\/2021\/12\/IMG_2085-1536x1152.jpg 1536w, https:\/\/findfoodbank.org\/wp-content\/uploads\/2021\/12\/IMG_2085-2048x1536.jpg 2048w, https:\/\/findfoodbank.org\/wp-content\/uploads\/2021\/12\/IMG_2085-16x12.jpg 16w, https:\/\/findfoodbank.org\/wp-content\/uploads\/2021\/12\/IMG_2085-510x382.jpg 510w, https:\/\/findfoodbank.org\/wp-content\/uploads\/2021\/12\/IMG_2085-1080x810.jpg 1080w, https:\/\/findfoodbank.org\/wp-content\/uploads\/2021\/12\/IMG_2085-1280x960.jpg 1280w, https:\/\/findfoodbank.org\/wp-content\/uploads\/2021\/12\/IMG_2085-980x735.jpg 980w, https:\/\/findfoodbank.org\/wp-content\/uploads\/2021\/12\/IMG_2085-480x360.jpg 480w\" sizes=\"auto, (max-width: 300px) 100vw, 300px\" \/><\/figure>\n\n\n\n<h2 class=\"wp-block-heading\">Se abre el mercado m\u00f3vil de Anza<\/h2>\n\n\n\n<p>During the Anza Mountain Fires of 2019, FIND delivered emergency assistance to residents who lost power, water, and for some, their homes. Realizing that people faced food insecurity year-round, FIND opened a mobile market that serves Anza residents once every month. Instead of driving long distances, sometimes to Temecula, to access quality groceries, families can instead rely on FIND\u2019s trucks to deliver grocery staples to last a couple of weeks.&nbsp;<\/p>\n\n\n\n<h5 class=\"wp-block-heading\">2021<\/h5>\n\n\n\n<h2 class=\"wp-block-heading\">FIND Food Bank abre una nueva sucursal en Hi-Desert<\/h2>\n\n\n\n<p>FIND se expandi\u00f3 a Hi-Desert para ayudar a las despensas de alimentos y los comedores de beneficencia de la Cuenca Morongo que operan en &#039;desiertos alimentarios&#039;, lo que significa que tuvieron que viajar largas distancias para recoger alimentos saludables para los clientes locales. El centro de distribuci\u00f3n almacena alimentos saludables en el campus del Distrito de Salud de Morongo Basin en Yucca Valley y atiende a nueve de las agencias miembros de FIND.<\/p>\n\n\n\n<h1 class=\"wp-block-heading\">Hoy dia<\/h1>\n\n\n\n<p>FIND Food Bank provides over 28 million pounds of food each year to 120,000 people on average each month through a robust network of 155 distribution sites, including old and new community agency partners and FIND\u2019s mobile markets. FIND is the largest hunger-relief organization utilizing 15 commercial vehicles to reach over 10,000-square-miles of the desert region to rescue and redistribute healthy food to anyone in need.<\/p>","protected":false},"excerpt":{"rendered":"<p> &#8230; <a title=\"Historia\" class=\"read-more\" href=\"https:\/\/findfoodbank.org\/es\/history\/\" aria-label=\"Leer m\u00e1s sobre History\">Read more<\/a><\/p>","protected":false},"author":15,"featured_media":5027,"parent":0,"menu_order":0,"comment_status":"closed","ping_status":"closed","template":"","meta":{"_monsterinsights_skip_tracking":false,"_monsterinsights_sitenote_active":false,"_monsterinsights_sitenote_note":"","_monsterinsights_sitenote_category":0,"_price":"","_stock":"","_tribe_ticket_header":"","_tribe_default_ticket_provider":"","_tribe_ticket_capacity":"0","_ticket_start_date":"","_ticket_end_date":"","_tribe_ticket_show_description":"","_tribe_ticket_show_not_going":false,"_tribe_ticket_use_global_stock":"","_tribe_ticket_global_stock_level":"","_global_stock_mode":"","_global_stock_cap":"","_tribe_rsvp_for_event":"","_tribe_ticket_going_count":"","_tribe_ticket_not_going_count":"","_tribe_tickets_list":"[]","_tribe_ticket_has_attendee_info_fields":false,"footnotes":"","_tec_slr_enabled":"","_tec_slr_layout":""},"class_list":["post-4997","page","type-page","status-publish","has-post-thumbnail","resize-featured-image"],"yoast_head":"<!-- This site is optimized with the Yoast SEO plugin v27.4 - https:\/\/yoast.com\/product\/yoast-seo-wordpress\/ -->\n<title>History FIND Food Bank, Coachella Valley Food Distribution<\/title>\n<meta name=\"description\" content=\"Since its inception in 1983, FIND Food Bank has been a community-based organization run by and for the people. From our humble beginnings in the city of Cathedral City\" \/>\n<meta name=\"robots\" content=\"index, follow, max-snippet:-1, max-image-preview:large, max-video-preview:-1\" \/>\n<link rel=\"canonical\" href=\"https:\/\/findfoodbank.org\/es\/history\/\" \/>\n<meta property=\"og:locale\" content=\"es_MX\" \/>\n<meta property=\"og:type\" content=\"article\" \/>\n<meta property=\"og:title\" content=\"History FIND Food Bank, Coachella Valley Food Distribution\" \/>\n<meta property=\"og:description\" content=\"Since its inception in 1983, FIND Food Bank has been a community-based organization run by and for the people. From our humble beginnings in the city of Cathedral City\" \/>\n<meta property=\"og:url\" content=\"https:\/\/findfoodbank.org\/es\/history\/\" \/>\n<meta property=\"og:site_name\" content=\"FIND Food Bank\" \/>\n<meta property=\"article:modified_time\" content=\"2025-07-07T18:13:57+00:00\" \/>\n<meta property=\"og:image\" content=\"https:\/\/findfoodbank.org\/wp-content\/uploads\/2021\/12\/FIND-old-cart.jpeg\" \/>\n\t<meta property=\"og:image:width\" content=\"309\" \/>\n\t<meta property=\"og:image:height\" content=\"166\" \/>\n\t<meta property=\"og:image:type\" content=\"image\/jpeg\" \/>\n<meta name=\"twitter:card\" content=\"summary_large_image\" \/>\n<meta name=\"twitter:label1\" content=\"Tiempo de lectura\" \/>\n\t<meta name=\"twitter:data1\" content=\"5 minutos\" \/>\n<script type=\"application\/ld+json\" class=\"yoast-schema-graph\">{\"@context\":\"https:\\\/\\\/schema.org\",\"@graph\":[{\"@type\":\"WebPage\",\"@id\":\"https:\\\/\\\/findfoodbank.org\\\/history\\\/\",\"url\":\"https:\\\/\\\/findfoodbank.org\\\/history\\\/\",\"name\":\"History FIND Food Bank, Coachella Valley Food Distribution\",\"isPartOf\":{\"@id\":\"https:\\\/\\\/findfoodbank.org\\\/#website\"},\"primaryImageOfPage\":{\"@id\":\"https:\\\/\\\/findfoodbank.org\\\/history\\\/#primaryimage\"},\"image\":{\"@id\":\"https:\\\/\\\/findfoodbank.org\\\/history\\\/#primaryimage\"},\"thumbnailUrl\":\"https:\\\/\\\/findfoodbank.org\\\/wp-content\\\/uploads\\\/2021\\\/12\\\/FIND-old-cart.jpeg\",\"datePublished\":\"2021-12-21T21:05:28+00:00\",\"dateModified\":\"2025-07-07T18:13:57+00:00\",\"description\":\"Since its inception in 1983, FIND Food Bank has been a community-based organization run by and for the people. From our humble beginnings in the city of Cathedral City\",\"breadcrumb\":{\"@id\":\"https:\\\/\\\/findfoodbank.org\\\/history\\\/#breadcrumb\"},\"inLanguage\":\"es\",\"potentialAction\":[{\"@type\":\"ReadAction\",\"target\":[\"https:\\\/\\\/findfoodbank.org\\\/history\\\/\"]}]},{\"@type\":\"ImageObject\",\"inLanguage\":\"es\",\"@id\":\"https:\\\/\\\/findfoodbank.org\\\/history\\\/#primaryimage\",\"url\":\"https:\\\/\\\/findfoodbank.org\\\/wp-content\\\/uploads\\\/2021\\\/12\\\/FIND-old-cart.jpeg\",\"contentUrl\":\"https:\\\/\\\/findfoodbank.org\\\/wp-content\\\/uploads\\\/2021\\\/12\\\/FIND-old-cart.jpeg\",\"width\":309,\"height\":166},{\"@type\":\"BreadcrumbList\",\"@id\":\"https:\\\/\\\/findfoodbank.org\\\/history\\\/#breadcrumb\",\"itemListElement\":[{\"@type\":\"ListItem\",\"position\":1,\"name\":\"Home\",\"item\":\"https:\\\/\\\/findfoodbank.org\\\/\"},{\"@type\":\"ListItem\",\"position\":2,\"name\":\"History\"}]},{\"@type\":\"WebSite\",\"@id\":\"https:\\\/\\\/findfoodbank.org\\\/#website\",\"url\":\"https:\\\/\\\/findfoodbank.org\\\/\",\"name\":\"FIND Food Bank\",\"description\":\"The Desert's Regional Food Bank\",\"publisher\":{\"@id\":\"https:\\\/\\\/findfoodbank.org\\\/#organization\"},\"potentialAction\":[{\"@type\":\"SearchAction\",\"target\":{\"@type\":\"EntryPoint\",\"urlTemplate\":\"https:\\\/\\\/findfoodbank.org\\\/?s={search_term_string}\"},\"query-input\":{\"@type\":\"PropertyValueSpecification\",\"valueRequired\":true,\"valueName\":\"search_term_string\"}}],\"inLanguage\":\"es\"},{\"@type\":\"Organization\",\"@id\":\"https:\\\/\\\/findfoodbank.org\\\/#organization\",\"name\":\"FIND Food Bank\",\"url\":\"https:\\\/\\\/findfoodbank.org\\\/\",\"logo\":{\"@type\":\"ImageObject\",\"inLanguage\":\"es\",\"@id\":\"https:\\\/\\\/findfoodbank.org\\\/#\\\/schema\\\/logo\\\/image\\\/\",\"url\":\"https:\\\/\\\/findfoodbank.org\\\/wp-content\\\/uploads\\\/2025\\\/09\\\/FIND-logo25-horizontal_4c.png\",\"contentUrl\":\"https:\\\/\\\/findfoodbank.org\\\/wp-content\\\/uploads\\\/2025\\\/09\\\/FIND-logo25-horizontal_4c.png\",\"width\":1189,\"height\":373,\"caption\":\"FIND Food Bank\"},\"image\":{\"@id\":\"https:\\\/\\\/findfoodbank.org\\\/#\\\/schema\\\/logo\\\/image\\\/\"}}]}<\/script>\n<!-- \/ Yoast SEO plugin. -->","yoast_head_json":{"title":"History FIND Food Bank, Coachella Valley Food Distribution","description":"Since its inception in 1983, FIND Food Bank has been a community-based organization run by and for the people. From our humble beginnings in the city of Cathedral City","robots":{"index":"index","follow":"follow","max-snippet":"max-snippet:-1","max-image-preview":"max-image-preview:large","max-video-preview":"max-video-preview:-1"},"canonical":"https:\/\/findfoodbank.org\/es\/history\/","og_locale":"es_MX","og_type":"article","og_title":"History FIND Food Bank, Coachella Valley Food Distribution","og_description":"Since its inception in 1983, FIND Food Bank has been a community-based organization run by and for the people. From our humble beginnings in the city of Cathedral City","og_url":"https:\/\/findfoodbank.org\/es\/history\/","og_site_name":"FIND Food Bank","article_modified_time":"2025-07-07T18:13:57+00:00","og_image":[{"width":309,"height":166,"url":"https:\/\/findfoodbank.org\/wp-content\/uploads\/2021\/12\/FIND-old-cart.jpeg","type":"image\/jpeg"}],"twitter_card":"summary_large_image","twitter_misc":{"Tiempo de lectura":"5 minutos"},"schema":{"@context":"https:\/\/schema.org","@graph":[{"@type":"WebPage","@id":"https:\/\/findfoodbank.org\/history\/","url":"https:\/\/findfoodbank.org\/history\/","name":"History FIND Food Bank, Coachella Valley Food Distribution","isPartOf":{"@id":"https:\/\/findfoodbank.org\/#website"},"primaryImageOfPage":{"@id":"https:\/\/findfoodbank.org\/history\/#primaryimage"},"image":{"@id":"https:\/\/findfoodbank.org\/history\/#primaryimage"},"thumbnailUrl":"https:\/\/findfoodbank.org\/wp-content\/uploads\/2021\/12\/FIND-old-cart.jpeg","datePublished":"2021-12-21T21:05:28+00:00","dateModified":"2025-07-07T18:13:57+00:00","description":"Since its inception in 1983, FIND Food Bank has been a community-based organization run by and for the people. From our humble beginnings in the city of Cathedral City","breadcrumb":{"@id":"https:\/\/findfoodbank.org\/history\/#breadcrumb"},"inLanguage":"es","potentialAction":[{"@type":"ReadAction","target":["https:\/\/findfoodbank.org\/history\/"]}]},{"@type":"ImageObject","inLanguage":"es","@id":"https:\/\/findfoodbank.org\/history\/#primaryimage","url":"https:\/\/findfoodbank.org\/wp-content\/uploads\/2021\/12\/FIND-old-cart.jpeg","contentUrl":"https:\/\/findfoodbank.org\/wp-content\/uploads\/2021\/12\/FIND-old-cart.jpeg","width":309,"height":166},{"@type":"BreadcrumbList","@id":"https:\/\/findfoodbank.org\/history\/#breadcrumb","itemListElement":[{"@type":"ListItem","position":1,"name":"Home","item":"https:\/\/findfoodbank.org\/"},{"@type":"ListItem","position":2,"name":"History"}]},{"@type":"WebSite","@id":"https:\/\/findfoodbank.org\/#website","url":"https:\/\/findfoodbank.org\/","name":"ENCONTRAR Banco de Alimentos","description":"El banco regional de alimentos del desierto","publisher":{"@id":"https:\/\/findfoodbank.org\/#organization"},"potentialAction":[{"@type":"SearchAction","target":{"@type":"EntryPoint","urlTemplate":"https:\/\/findfoodbank.org\/?s={search_term_string}"},"query-input":{"@type":"PropertyValueSpecification","valueRequired":true,"valueName":"search_term_string"}}],"inLanguage":"es"},{"@type":"Organization","@id":"https:\/\/findfoodbank.org\/#organization","name":"ENCONTRAR Banco de Alimentos","url":"https:\/\/findfoodbank.org\/","logo":{"@type":"ImageObject","inLanguage":"es","@id":"https:\/\/findfoodbank.org\/#\/schema\/logo\/image\/","url":"https:\/\/findfoodbank.org\/wp-content\/uploads\/2025\/09\/FIND-logo25-horizontal_4c.png","contentUrl":"https:\/\/findfoodbank.org\/wp-content\/uploads\/2025\/09\/FIND-logo25-horizontal_4c.png","width":1189,"height":373,"caption":"FIND Food Bank"},"image":{"@id":"https:\/\/findfoodbank.org\/#\/schema\/logo\/image\/"}}]}},"ticketed":false,"_links":{"self":[{"href":"https:\/\/findfoodbank.org\/es\/wp-json\/wp\/v2\/pages\/4997","targetHints":{"allow":["GET"]}}],"collection":[{"href":"https:\/\/findfoodbank.org\/es\/wp-json\/wp\/v2\/pages"}],"about":[{"href":"https:\/\/findfoodbank.org\/es\/wp-json\/wp\/v2\/types\/page"}],"author":[{"embeddable":true,"href":"https:\/\/findfoodbank.org\/es\/wp-json\/wp\/v2\/users\/15"}],"replies":[{"embeddable":true,"href":"https:\/\/findfoodbank.org\/es\/wp-json\/wp\/v2\/comments?post=4997"}],"version-history":[{"count":15,"href":"https:\/\/findfoodbank.org\/es\/wp-json\/wp\/v2\/pages\/4997\/revisions"}],"predecessor-version":[{"id":16292,"href":"https:\/\/findfoodbank.org\/es\/wp-json\/wp\/v2\/pages\/4997\/revisions\/16292"}],"wp:featuredmedia":[{"embeddable":true,"href":"https:\/\/findfoodbank.org\/es\/wp-json\/wp\/v2\/media\/5027"}],"wp:attachment":[{"href":"https:\/\/findfoodbank.org\/es\/wp-json\/wp\/v2\/media?parent=4997"}],"curies":[{"name":"wp","href":"https:\/\/api.w.org\/{rel}","templated":true}]}}