{"id":4939,"date":"2021-12-21T10:17:21","date_gmt":"2021-12-21T18:17:21","guid":{"rendered":"https:\/\/findfoodbank.org\/?page_id=4939"},"modified":"2025-02-21T10:06:39","modified_gmt":"2025-02-21T18:06:39","slug":"join-the-find-family","status":"publish","type":"page","link":"https:\/\/findfoodbank.org\/es\/join-the-find-family\/","title":{"rendered":"Unete a nuestro equipo"},"content":{"rendered":"<div class=\"gb-container gb-container-73984ef9 alignfull\">\n<div class=\"gb-container gb-container-e71fbf23\">\n<div class=\"gb-grid-wrapper gb-grid-wrapper-28d1ca94\">\n<div class=\"gb-grid-column gb-grid-column-4d3db1ea\"><div class=\"gb-container gb-container-4d3db1ea\">\n\n<figure class=\"gb-block-image gb-block-image-36c2e6ab\"><img loading=\"lazy\" decoding=\"async\" width=\"2560\" height=\"1920\" class=\"gb-image gb-image-36c2e6ab\" src=\"https:\/\/findfoodbank.org\/wp-content\/uploads\/2024\/02\/IMG_0236-scaled.jpg\" alt=\"Volunteers\" title=\"Voluntarios\" srcset=\"https:\/\/findfoodbank.org\/wp-content\/uploads\/2024\/02\/IMG_0236-scaled.jpg 2560w, https:\/\/findfoodbank.org\/wp-content\/uploads\/2024\/02\/IMG_0236-300x225.jpg 300w, https:\/\/findfoodbank.org\/wp-content\/uploads\/2024\/02\/IMG_0236-1024x768.jpg 1024w, https:\/\/findfoodbank.org\/wp-content\/uploads\/2024\/02\/IMG_0236-768x576.jpg 768w, https:\/\/findfoodbank.org\/wp-content\/uploads\/2024\/02\/IMG_0236-50x38.jpg 50w, https:\/\/findfoodbank.org\/wp-content\/uploads\/2024\/02\/IMG_0236-1600x1200.jpg 1600w, https:\/\/findfoodbank.org\/wp-content\/uploads\/2024\/02\/IMG_0236-1536x1152.jpg 1536w, https:\/\/findfoodbank.org\/wp-content\/uploads\/2024\/02\/IMG_0236-2048x1536.jpg 2048w, https:\/\/findfoodbank.org\/wp-content\/uploads\/2024\/02\/IMG_0236-16x12.jpg 16w\" sizes=\"auto, (max-width: 2560px) 100vw, 2560px\" \/><\/figure>\n\n<\/div><\/div>\n\n<div class=\"gb-grid-column gb-grid-column-cd939f9b\"><div class=\"gb-container gb-container-cd939f9b\">\n\n<h5 class=\"gb-headline gb-headline-358f601e gb-headline-text\">Comprometerse a marcar la diferencia<\/h5>\n\n\n\n<p>FIND&#8217;s vision is to create a community where all people are free of food insecurity. Our team is committed to the equitable and efficient distribution of healthy food resources, advancing outreach efforts to ensure access to government food assistance and medical programs, rescuing safe and edible foods that would otherwise be wasted in landfills, building community awareness, and leading a community movement of nonprofits and organizations committed to ending hunger in our region.<\/p>\n\n\n\n<h5 class=\"gb-headline gb-headline-8af3d5d6 gb-headline-text\"><strong>FIND&#8217;s culture is positive, compassionate, and committed. Our employees put the community above self because they love to serve.&nbsp; Join our team and start making a difference!<\/strong><\/h5>\n\n<\/div><\/div>\n<\/div>\n<\/div>\n\n<div class=\"gb-container gb-container-e5e8a015\">\n<div class=\"gb-grid-wrapper gb-grid-wrapper-c2ed2035\">\n<div class=\"gb-grid-column gb-grid-column-41312f1e\"><div class=\"gb-container gb-container-41312f1e\">\n\n<figure class=\"gb-block-image gb-block-image-df979481\"><img loading=\"lazy\" decoding=\"async\" width=\"2560\" height=\"1707\" class=\"gb-image gb-image-df979481\" src=\"https:\/\/findfoodbank.org\/wp-content\/uploads\/2024\/09\/DSC_0078-scaled.jpg\" alt=\"\" title=\"DSC_0078\" srcset=\"https:\/\/findfoodbank.org\/wp-content\/uploads\/2024\/09\/DSC_0078-scaled.jpg 2560w, https:\/\/findfoodbank.org\/wp-content\/uploads\/2024\/09\/DSC_0078-300x200.jpg 300w, https:\/\/findfoodbank.org\/wp-content\/uploads\/2024\/09\/DSC_0078-1024x683.jpg 1024w, https:\/\/findfoodbank.org\/wp-content\/uploads\/2024\/09\/DSC_0078-768x512.jpg 768w, https:\/\/findfoodbank.org\/wp-content\/uploads\/2024\/09\/DSC_0078-50x33.jpg 50w, https:\/\/findfoodbank.org\/wp-content\/uploads\/2024\/09\/DSC_0078-1600x1067.jpg 1600w, https:\/\/findfoodbank.org\/wp-content\/uploads\/2024\/09\/DSC_0078-1536x1024.jpg 1536w, https:\/\/findfoodbank.org\/wp-content\/uploads\/2024\/09\/DSC_0078-2048x1365.jpg 2048w, https:\/\/findfoodbank.org\/wp-content\/uploads\/2024\/09\/DSC_0078-18x12.jpg 18w\" sizes=\"auto, (max-width: 2560px) 100vw, 2560px\" \/><\/figure>\n\n\n\n<figure class=\"gb-block-image gb-block-image-a7b2ea5a\"><img loading=\"lazy\" decoding=\"async\" width=\"2560\" height=\"1707\" class=\"gb-image gb-image-a7b2ea5a\" src=\"https:\/\/findfoodbank.org\/wp-content\/uploads\/2022\/05\/IMG_3873-scaled.jpg\" srcset=\"https:\/\/findfoodbank.org\/wp-content\/uploads\/2022\/05\/IMG_3873-scaled.jpg 2560w, https:\/\/findfoodbank.org\/wp-content\/uploads\/2022\/05\/IMG_3873-300x200.jpg 300w, https:\/\/findfoodbank.org\/wp-content\/uploads\/2022\/05\/IMG_3873-1024x683.jpg 1024w, https:\/\/findfoodbank.org\/wp-content\/uploads\/2022\/05\/IMG_3873-768x512.jpg 768w, https:\/\/findfoodbank.org\/wp-content\/uploads\/2022\/05\/IMG_3873-1536x1024.jpg 1536w, https:\/\/findfoodbank.org\/wp-content\/uploads\/2022\/05\/IMG_3873-2048x1365.jpg 2048w, https:\/\/findfoodbank.org\/wp-content\/uploads\/2022\/05\/IMG_3873-18x12.jpg 18w, https:\/\/findfoodbank.org\/wp-content\/uploads\/2022\/05\/IMG_3873-1080x720.jpg 1080w, https:\/\/findfoodbank.org\/wp-content\/uploads\/2022\/05\/IMG_3873-1280x854.jpg 1280w, https:\/\/findfoodbank.org\/wp-content\/uploads\/2022\/05\/IMG_3873-980x653.jpg 980w, https:\/\/findfoodbank.org\/wp-content\/uploads\/2022\/05\/IMG_3873-480x320.jpg 480w\" sizes=\"auto, (max-width: 2560px) 100vw, 2560px\" \/><\/figure>\n\n\n\n<figure class=\"gb-block-image gb-block-image-9f9965a3\"><img loading=\"lazy\" decoding=\"async\" width=\"2560\" height=\"1707\" class=\"gb-image gb-image-9f9965a3\" src=\"https:\/\/findfoodbank.org\/wp-content\/uploads\/2022\/05\/IMG_3856-scaled.jpg\" srcset=\"https:\/\/findfoodbank.org\/wp-content\/uploads\/2022\/05\/IMG_3856-scaled.jpg 2560w, https:\/\/findfoodbank.org\/wp-content\/uploads\/2022\/05\/IMG_3856-300x200.jpg 300w, https:\/\/findfoodbank.org\/wp-content\/uploads\/2022\/05\/IMG_3856-1024x683.jpg 1024w, https:\/\/findfoodbank.org\/wp-content\/uploads\/2022\/05\/IMG_3856-768x512.jpg 768w, https:\/\/findfoodbank.org\/wp-content\/uploads\/2022\/05\/IMG_3856-1536x1024.jpg 1536w, https:\/\/findfoodbank.org\/wp-content\/uploads\/2022\/05\/IMG_3856-2048x1365.jpg 2048w, https:\/\/findfoodbank.org\/wp-content\/uploads\/2022\/05\/IMG_3856-18x12.jpg 18w, https:\/\/findfoodbank.org\/wp-content\/uploads\/2022\/05\/IMG_3856-1080x720.jpg 1080w, https:\/\/findfoodbank.org\/wp-content\/uploads\/2022\/05\/IMG_3856-1280x854.jpg 1280w, https:\/\/findfoodbank.org\/wp-content\/uploads\/2022\/05\/IMG_3856-980x653.jpg 980w, https:\/\/findfoodbank.org\/wp-content\/uploads\/2022\/05\/IMG_3856-480x320.jpg 480w\" sizes=\"auto, (max-width: 2560px) 100vw, 2560px\" \/><\/figure>\n\n<\/div><\/div>\n\n<div class=\"gb-grid-column gb-grid-column-1f54224f\"><div class=\"gb-container gb-container-1f54224f\">\n\n<h5 class=\"gb-headline gb-headline-565eac1b gb-headline-text\"><a href=\"https:\/\/www.indeed.com\/cmp\/Find-Food-Bank-1\">Posiciones abiertas<\/a><\/h5>\n\n\n\n<h5 class=\"gb-headline gb-headline-4821fd51 gb-headline-text\">Misi\u00f3n y valores<\/h5>\n\n\n\n<p>Para crear una comunidad libre de hambre e inseguridad alimentaria, el personal de FIND Food Bank se gu\u00eda por los valores fundamentales de FIND: <\/p>\n\n\n\n<p>El respeto<br>Integrity<br>Colaboraci\u00f3n<br>Servicio<br>Responsabilidad<\/p>\n\n\n\n<h5 class=\"gb-headline gb-headline-46831ee7 gb-headline-text\">Beneficios<\/h5>\n\n\n\n<p>El personal de FIND a tiempo completo disfruta de un paquete de beneficios competitivo.\n<\/p>\n\n\n\n<h5 class=\"gb-headline gb-headline-1dde2244 gb-headline-text\">Empleo con igualdad de oportunidades<\/h5>\n\n\n\n<p><em>FIND no discrimina ilegalmente por motivos de raza, color, religi\u00f3n, credo religioso (incluida la vestimenta religiosa y el arreglo religioso), sexo (incluido el embarazo, embarazo percibido, parto, lactancia o afecciones m\u00e9dicas relacionadas), g\u00e9nero, identidad de g\u00e9nero (incluido identidad transg\u00e9nero y transici\u00f3n), expresi\u00f3n de g\u00e9nero y estereotipos sexuales, origen nacional, ascendencia, ciudadan\u00eda, edad, discapacidad f\u00edsica o mental, afecci\u00f3n o informaci\u00f3n m\u00e9dica protegida legalmente (incluida la informaci\u00f3n gen\u00e9tica), estado de licencia m\u00e9dica o de atenci\u00f3n familiar, estado de cuidador militar, militar estado, estado de veterano, estado civil, estado de pareja de hecho, orientaci\u00f3n sexual, estado de v\u00edctima de violencia dom\u00e9stica, agresi\u00f3n sexual o acecho, inscripci\u00f3n en un programa de asistencia p\u00fablica, participaci\u00f3n en comunicaciones protegidas con respecto a los salarios de los empleados, solicitud de ajustes razonables sobre la base de discapacidad o creencia o pr\u00e1ctica religiosa aut\u00e9ntica, o cualquier otra base protegida por leyes locales, estatales o federales.<\/em><\/p>\n\n<\/div><\/div>\n<\/div>\n<\/div>\n<\/div>","protected":false},"excerpt":{"rendered":"","protected":false},"author":15,"featured_media":7246,"parent":0,"menu_order":0,"comment_status":"closed","ping_status":"closed","template":"","meta":{"_monsterinsights_skip_tracking":false,"_monsterinsights_sitenote_active":false,"_monsterinsights_sitenote_note":"","_monsterinsights_sitenote_category":0,"_price":"","_stock":"","_tribe_ticket_header":"","_tribe_default_ticket_provider":"","_tribe_ticket_capacity":"0","_ticket_start_date":"","_ticket_end_date":"","_tribe_ticket_show_description":"","_tribe_ticket_show_not_going":false,"_tribe_ticket_use_global_stock":"","_tribe_ticket_global_stock_level":"","_global_stock_mode":"","_global_stock_cap":"","_tribe_rsvp_for_event":"","_tribe_ticket_going_count":"","_tribe_ticket_not_going_count":"","_tribe_tickets_list":"[]","_tribe_ticket_has_attendee_info_fields":false,"footnotes":"","_tec_slr_enabled":"","_tec_slr_layout":""},"class_list":["post-4939","page","type-page","status-publish","has-post-thumbnail","resize-featured-image"],"yoast_head":"<!-- This site is optimized with the Yoast SEO plugin v27.3 - https:\/\/yoast.com\/product\/yoast-seo-wordpress\/ -->\n<title>Join Our Team FIND Food Bank, Become Part of the Team<\/title>\n<meta name=\"description\" content=\"FIND\u2019s vision is to create a community where people are free of food insecurity. Our team is committed to the equitable and efficient distribution...\" \/>\n<meta name=\"robots\" content=\"index, follow, max-snippet:-1, max-image-preview:large, max-video-preview:-1\" \/>\n<link rel=\"canonical\" href=\"https:\/\/findfoodbank.org\/es\/join-the-find-family\/\" \/>\n<meta property=\"og:locale\" content=\"es_MX\" \/>\n<meta property=\"og:type\" content=\"article\" \/>\n<meta property=\"og:title\" content=\"Join Our Team FIND Food Bank, Become Part of the Team\" \/>\n<meta property=\"og:description\" content=\"FIND\u2019s vision is to create a community where people are free of food insecurity. Our team is committed to the equitable and efficient distribution...\" \/>\n<meta property=\"og:url\" content=\"https:\/\/findfoodbank.org\/es\/join-the-find-family\/\" \/>\n<meta property=\"og:site_name\" content=\"FIND Food Bank\" \/>\n<meta property=\"article:modified_time\" content=\"2025-02-21T18:06:39+00:00\" \/>\n<meta property=\"og:image\" content=\"https:\/\/findfoodbank.org\/wp-content\/uploads\/2022\/05\/IMG_3856-scaled.jpg\" \/>\n\t<meta property=\"og:image:width\" content=\"2560\" \/>\n\t<meta property=\"og:image:height\" content=\"1707\" \/>\n\t<meta property=\"og:image:type\" content=\"image\/jpeg\" \/>\n<meta name=\"twitter:card\" content=\"summary_large_image\" \/>\n<meta name=\"twitter:label1\" content=\"Tiempo de lectura\" \/>\n\t<meta name=\"twitter:data1\" content=\"3 minutos\" \/>\n<script type=\"application\/ld+json\" class=\"yoast-schema-graph\">{\"@context\":\"https:\\\/\\\/schema.org\",\"@graph\":[{\"@type\":\"WebPage\",\"@id\":\"https:\\\/\\\/findfoodbank.org\\\/join-the-find-family\\\/\",\"url\":\"https:\\\/\\\/findfoodbank.org\\\/join-the-find-family\\\/\",\"name\":\"Join Our Team FIND Food Bank, Become Part of the Team\",\"isPartOf\":{\"@id\":\"https:\\\/\\\/findfoodbank.org\\\/#website\"},\"primaryImageOfPage\":{\"@id\":\"https:\\\/\\\/findfoodbank.org\\\/join-the-find-family\\\/#primaryimage\"},\"image\":{\"@id\":\"https:\\\/\\\/findfoodbank.org\\\/join-the-find-family\\\/#primaryimage\"},\"thumbnailUrl\":\"https:\\\/\\\/findfoodbank.org\\\/wp-content\\\/uploads\\\/2022\\\/05\\\/IMG_3856-scaled.jpg\",\"datePublished\":\"2021-12-21T18:17:21+00:00\",\"dateModified\":\"2025-02-21T18:06:39+00:00\",\"description\":\"FIND\u2019s vision is to create a community where people are free of food insecurity. Our team is committed to the equitable and efficient distribution...\",\"breadcrumb\":{\"@id\":\"https:\\\/\\\/findfoodbank.org\\\/join-the-find-family\\\/#breadcrumb\"},\"inLanguage\":\"es\",\"potentialAction\":[{\"@type\":\"ReadAction\",\"target\":[\"https:\\\/\\\/findfoodbank.org\\\/join-the-find-family\\\/\"]}]},{\"@type\":\"ImageObject\",\"inLanguage\":\"es\",\"@id\":\"https:\\\/\\\/findfoodbank.org\\\/join-the-find-family\\\/#primaryimage\",\"url\":\"https:\\\/\\\/findfoodbank.org\\\/wp-content\\\/uploads\\\/2022\\\/05\\\/IMG_3856-scaled.jpg\",\"contentUrl\":\"https:\\\/\\\/findfoodbank.org\\\/wp-content\\\/uploads\\\/2022\\\/05\\\/IMG_3856-scaled.jpg\",\"width\":2560,\"height\":1707},{\"@type\":\"BreadcrumbList\",\"@id\":\"https:\\\/\\\/findfoodbank.org\\\/join-the-find-family\\\/#breadcrumb\",\"itemListElement\":[{\"@type\":\"ListItem\",\"position\":1,\"name\":\"Home\",\"item\":\"https:\\\/\\\/findfoodbank.org\\\/\"},{\"@type\":\"ListItem\",\"position\":2,\"name\":\"Join Our Team\"}]},{\"@type\":\"WebSite\",\"@id\":\"https:\\\/\\\/findfoodbank.org\\\/#website\",\"url\":\"https:\\\/\\\/findfoodbank.org\\\/\",\"name\":\"FIND Food Bank\",\"description\":\"The Desert's Regional Food Bank\",\"publisher\":{\"@id\":\"https:\\\/\\\/findfoodbank.org\\\/#organization\"},\"potentialAction\":[{\"@type\":\"SearchAction\",\"target\":{\"@type\":\"EntryPoint\",\"urlTemplate\":\"https:\\\/\\\/findfoodbank.org\\\/?s={search_term_string}\"},\"query-input\":{\"@type\":\"PropertyValueSpecification\",\"valueRequired\":true,\"valueName\":\"search_term_string\"}}],\"inLanguage\":\"es\"},{\"@type\":\"Organization\",\"@id\":\"https:\\\/\\\/findfoodbank.org\\\/#organization\",\"name\":\"FIND Food Bank\",\"url\":\"https:\\\/\\\/findfoodbank.org\\\/\",\"logo\":{\"@type\":\"ImageObject\",\"inLanguage\":\"es\",\"@id\":\"https:\\\/\\\/findfoodbank.org\\\/#\\\/schema\\\/logo\\\/image\\\/\",\"url\":\"https:\\\/\\\/findfoodbank.org\\\/wp-content\\\/uploads\\\/2025\\\/09\\\/FIND-logo25-horizontal_4c.png\",\"contentUrl\":\"https:\\\/\\\/findfoodbank.org\\\/wp-content\\\/uploads\\\/2025\\\/09\\\/FIND-logo25-horizontal_4c.png\",\"width\":1189,\"height\":373,\"caption\":\"FIND Food Bank\"},\"image\":{\"@id\":\"https:\\\/\\\/findfoodbank.org\\\/#\\\/schema\\\/logo\\\/image\\\/\"}}]}<\/script>\n<!-- \/ Yoast SEO plugin. -->","yoast_head_json":{"title":"Join Our Team FIND Food Bank, Become Part of the Team","description":"FIND\u2019s vision is to create a community where people are free of food insecurity. Our team is committed to the equitable and efficient distribution...","robots":{"index":"index","follow":"follow","max-snippet":"max-snippet:-1","max-image-preview":"max-image-preview:large","max-video-preview":"max-video-preview:-1"},"canonical":"https:\/\/findfoodbank.org\/es\/join-the-find-family\/","og_locale":"es_MX","og_type":"article","og_title":"Join Our Team FIND Food Bank, Become Part of the Team","og_description":"FIND\u2019s vision is to create a community where people are free of food insecurity. Our team is committed to the equitable and efficient distribution...","og_url":"https:\/\/findfoodbank.org\/es\/join-the-find-family\/","og_site_name":"FIND Food Bank","article_modified_time":"2025-02-21T18:06:39+00:00","og_image":[{"width":2560,"height":1707,"url":"https:\/\/findfoodbank.org\/wp-content\/uploads\/2022\/05\/IMG_3856-scaled.jpg","type":"image\/jpeg"}],"twitter_card":"summary_large_image","twitter_misc":{"Tiempo de lectura":"3 minutos"},"schema":{"@context":"https:\/\/schema.org","@graph":[{"@type":"WebPage","@id":"https:\/\/findfoodbank.org\/join-the-find-family\/","url":"https:\/\/findfoodbank.org\/join-the-find-family\/","name":"Join Our Team FIND Food Bank, Become Part of the Team","isPartOf":{"@id":"https:\/\/findfoodbank.org\/#website"},"primaryImageOfPage":{"@id":"https:\/\/findfoodbank.org\/join-the-find-family\/#primaryimage"},"image":{"@id":"https:\/\/findfoodbank.org\/join-the-find-family\/#primaryimage"},"thumbnailUrl":"https:\/\/findfoodbank.org\/wp-content\/uploads\/2022\/05\/IMG_3856-scaled.jpg","datePublished":"2021-12-21T18:17:21+00:00","dateModified":"2025-02-21T18:06:39+00:00","description":"FIND\u2019s vision is to create a community where people are free of food insecurity. Our team is committed to the equitable and efficient distribution...","breadcrumb":{"@id":"https:\/\/findfoodbank.org\/join-the-find-family\/#breadcrumb"},"inLanguage":"es","potentialAction":[{"@type":"ReadAction","target":["https:\/\/findfoodbank.org\/join-the-find-family\/"]}]},{"@type":"ImageObject","inLanguage":"es","@id":"https:\/\/findfoodbank.org\/join-the-find-family\/#primaryimage","url":"https:\/\/findfoodbank.org\/wp-content\/uploads\/2022\/05\/IMG_3856-scaled.jpg","contentUrl":"https:\/\/findfoodbank.org\/wp-content\/uploads\/2022\/05\/IMG_3856-scaled.jpg","width":2560,"height":1707},{"@type":"BreadcrumbList","@id":"https:\/\/findfoodbank.org\/join-the-find-family\/#breadcrumb","itemListElement":[{"@type":"ListItem","position":1,"name":"Home","item":"https:\/\/findfoodbank.org\/"},{"@type":"ListItem","position":2,"name":"Join Our Team"}]},{"@type":"WebSite","@id":"https:\/\/findfoodbank.org\/#website","url":"https:\/\/findfoodbank.org\/","name":"ENCONTRAR Banco de Alimentos","description":"El banco regional de alimentos del desierto","publisher":{"@id":"https:\/\/findfoodbank.org\/#organization"},"potentialAction":[{"@type":"SearchAction","target":{"@type":"EntryPoint","urlTemplate":"https:\/\/findfoodbank.org\/?s={search_term_string}"},"query-input":{"@type":"PropertyValueSpecification","valueRequired":true,"valueName":"search_term_string"}}],"inLanguage":"es"},{"@type":"Organization","@id":"https:\/\/findfoodbank.org\/#organization","name":"ENCONTRAR Banco de Alimentos","url":"https:\/\/findfoodbank.org\/","logo":{"@type":"ImageObject","inLanguage":"es","@id":"https:\/\/findfoodbank.org\/#\/schema\/logo\/image\/","url":"https:\/\/findfoodbank.org\/wp-content\/uploads\/2025\/09\/FIND-logo25-horizontal_4c.png","contentUrl":"https:\/\/findfoodbank.org\/wp-content\/uploads\/2025\/09\/FIND-logo25-horizontal_4c.png","width":1189,"height":373,"caption":"FIND Food Bank"},"image":{"@id":"https:\/\/findfoodbank.org\/#\/schema\/logo\/image\/"}}]}},"ticketed":false,"_links":{"self":[{"href":"https:\/\/findfoodbank.org\/es\/wp-json\/wp\/v2\/pages\/4939","targetHints":{"allow":["GET"]}}],"collection":[{"href":"https:\/\/findfoodbank.org\/es\/wp-json\/wp\/v2\/pages"}],"about":[{"href":"https:\/\/findfoodbank.org\/es\/wp-json\/wp\/v2\/types\/page"}],"author":[{"embeddable":true,"href":"https:\/\/findfoodbank.org\/es\/wp-json\/wp\/v2\/users\/15"}],"replies":[{"embeddable":true,"href":"https:\/\/findfoodbank.org\/es\/wp-json\/wp\/v2\/comments?post=4939"}],"version-history":[{"count":19,"href":"https:\/\/findfoodbank.org\/es\/wp-json\/wp\/v2\/pages\/4939\/revisions"}],"predecessor-version":[{"id":15482,"href":"https:\/\/findfoodbank.org\/es\/wp-json\/wp\/v2\/pages\/4939\/revisions\/15482"}],"wp:featuredmedia":[{"embeddable":true,"href":"https:\/\/findfoodbank.org\/es\/wp-json\/wp\/v2\/media\/7246"}],"wp:attachment":[{"href":"https:\/\/findfoodbank.org\/es\/wp-json\/wp\/v2\/media?parent=4939"}],"curies":[{"name":"wp","href":"https:\/\/api.w.org\/{rel}","templated":true}]}}