{"id":4197,"date":"2021-10-28T16:16:12","date_gmt":"2021-10-28T23:16:12","guid":{"rendered":"https:\/\/findfoodbank.org\/?page_id=4197"},"modified":"2025-06-11T09:16:50","modified_gmt":"2025-06-11T16:16:50","slug":"giving-society","status":"publish","type":"page","link":"https:\/\/findfoodbank.org\/es\/giving-society\/","title":{"rendered":"Dando sociedad"},"content":{"rendered":"<div class=\"gb-container gb-container-4c2d7748 alignfull\">\n<div class=\"gb-container gb-container-8f0e1b8c\">\n<div class=\"gb-grid-wrapper gb-grid-wrapper-f3708895\">\n<div class=\"gb-grid-column gb-grid-column-58fa3539\"><div class=\"gb-container gb-container-58fa3539\">\n<nav style=\"color: #324452;\" class=\"has-text-color  is-vertical wp-block-navigation is-layout-flex wp-container-core-navigation-is-layout-8cf370e7 wp-block-navigation-is-layout-flex\" aria-label=\"Involucrarse\"><ul style=\"color: #324452;\" class=\"wp-block-navigation__container has-text-color  is-vertical wp-block-navigation\"><li class=\"wp-block-navigation-item wp-block-navigation-link\"><a class=\"wp-block-navigation-item__content\"  href=\"https:\/\/findfoodbank.org\/es\/get-involved\/donate-foods\/\"><span class=\"wp-block-navigation-item__label\">Donaciones anuales<\/span><\/a><\/li><li class=\"wp-block-navigation-item wp-block-navigation-link\"><a class=\"wp-block-navigation-item__content\"  href=\"https:\/\/findfoodbank.org\/es\/planned-estate-giving\/\"><span class=\"wp-block-navigation-item__label\">Donaciones planificadas y patrimoniales<\/span><\/a><\/li><li class=\"wp-block-navigation-item wp-block-navigation-link\"><a class=\"wp-block-navigation-item__content\"  href=\"https:\/\/findfoodbank.org\/es\/matchinggifts\/\"><span class=\"wp-block-navigation-item__label\">Regalos a juego<\/span><\/a><\/li><li class=\"wp-block-navigation-item wp-block-navigation-link\"><a class=\"wp-block-navigation-item__content\"  href=\"https:\/\/findfoodbank.org\/es\/stock-gifts\/\"><span class=\"wp-block-navigation-item__label\">Regalos en stock<\/span><\/a><\/li><li class=\"wp-block-navigation-item wp-block-navigation-link\"><a class=\"wp-block-navigation-item__content\"  href=\"https:\/\/findfoodbank.org\/es\/get-involved\/financial-support\/donor-faqs\/\"><span class=\"wp-block-navigation-item__label\">Preguntas frecuentes de donantes<span>&#039;<\/span>s<\/span><\/a><\/li><li class=\"wp-block-navigation-item wp-block-navigation-link\"><a class=\"wp-block-navigation-item__content\"  href=\"https:\/\/findfoodbank.org\/es\/shoptogive\/\"><span class=\"wp-block-navigation-item__label\">Comprar para regalar<\/span><\/a><\/li><li class=\"wp-block-navigation-item wp-block-navigation-link\"><a class=\"wp-block-navigation-item__content\"  href=\"https:\/\/findfoodbank.org\/es\/giving-society\/\"><span class=\"wp-block-navigation-item__label\">Dando sociedad<\/span><\/a><\/li><\/ul><\/nav>\n<\/div><\/div>\n\n<div class=\"gb-grid-column gb-grid-column-eb1acc5b\"><div class=\"gb-container gb-container-eb1acc5b\">\n\n<h5 class=\"gb-headline gb-headline-2e77110f gb-headline-text\">Una comunidad de dar<\/h5>\n\n\n\n<h1 class=\"gb-headline gb-headline-cb864119 gb-headline-text\">Haga un mayor impacto<\/h1>\n\n\n\n<p>As the Desert\u2019s Regional Food Bank, and one of the 200 Feeding America Food Banks in the US, we face the challenge of raising sufficient funds to supply those experiencing food insecurity with the nutrient-rich food to meet their basic needs. In 2024, FIND distributed over 28 million pounds of food &#8211; a value of $43 million. Not only does the food ensure our clients have access to essential nutrition, it allows them to redirect their limited income towards rent and mortgage payments to prevent homelessness, medical care to stay healthy, and lower stress to help them perform better at school and work.<\/p>\n\n\n\n<p>Giving Society Members&#8217; commitment to FIND helps us supply nearly 100 local agency partners with 75% to 100% of their food supply. In addition, we operate our own 30 Community Mobile Markets in \u2018food deserts\u2019 across our region. Every major soup kitchen, homeless shelter, religious organization, and food pantry in our desert region relies on FIND\u2019s equitable distribution of fresh fruits, vegetables, protein, and dairy that we source from all across California and the United States. In total, FIND has over 155 distribution sites over a 10,000 square mile service area.<\/p>\n\n\n\n<p>Los miembros de Giving Society invierten a trav\u00e9s de FIND en nuestras comunidades para ayudar a nuestros clientes a romper el ciclo de la pobreza y lograr una estabilidad a largo plazo.<\/p>\n\n\n<div class=\"gb-container gb-container-bc0b991d\">\n\n<h2 class=\"gb-headline gb-headline-b694bf60 gb-headline-text\">Dar niveles de membres\u00eda a la sociedad<\/h2>\n\n\n\n<p><strong>Nivel de diamante:<\/strong> $20,000 + por a\u00f1o durante 5 a\u00f1os<\/p>\n\n\n\n<p><strong>Nivel platino:<\/strong> $10,000-$19,999 por a\u00f1o durante 5 a\u00f1os<\/p>\n\n\n\n<p><strong>Nivel oro:<\/strong> $5,000 -$9,999 por a\u00f1o durante 5 a\u00f1os<\/p>\n\n\n\n<p><strong>Nivel de plata:<\/strong> $1,000 \u2013 $4,999 per year for 5 years<\/p>\n\n<\/div>\n\n\n<p>FIND&#039;s Giving Society reconoce el compromiso y el apoyo de los inversores m\u00e1s generosos y con mentalidad comunitaria de FIND Food Bank. Los miembros hacen una donaci\u00f3n anual m\u00ednima de $1,000 o m\u00e1s cada a\u00f1o durante cinco a\u00f1os. Los pagos de la promesa se pueden realizar anualmente, trimestralmente o mensualmente. Los miembros tambi\u00e9n pueden designar su contribuci\u00f3n de los fondos designados por donantes. <\/p>\n\n\n\n<p>This sustained funding ensures that FIND has consistent and regular resources to solidify our core business functions for our region. As the State of California and the County\u2019s recognized disaster response emergency food bank, FIND is the hub for all state and federal food deployment in our service area. The support of Giving Society Members ensures FIND Food Bank, the Desert\u2019s Regional Food Bank, will remain strong through normal times and pandemics, always being prepared for the future.<\/p>\n\n\n\n<p class=\"has-large-font-size\">Para obtener m\u00e1s informaci\u00f3n o convertirse en miembro, <strong>comun\u00edquese con el Equipo de Desarrollo y Relaciones Comunitarias al 760-775-3663 ext. 125<\/strong><\/p>\n\n<\/div><\/div>\n<\/div>\n<\/div>\n<\/div>","protected":false},"excerpt":{"rendered":"","protected":false},"author":15,"featured_media":4214,"parent":0,"menu_order":0,"comment_status":"closed","ping_status":"closed","template":"","meta":{"_monsterinsights_skip_tracking":false,"_monsterinsights_sitenote_active":false,"_monsterinsights_sitenote_note":"","_monsterinsights_sitenote_category":0,"_price":"","_stock":"","_tribe_ticket_header":"","_tribe_default_ticket_provider":"","_tribe_ticket_capacity":"0","_ticket_start_date":"","_ticket_end_date":"","_tribe_ticket_show_description":"","_tribe_ticket_show_not_going":false,"_tribe_ticket_use_global_stock":"","_tribe_ticket_global_stock_level":"","_global_stock_mode":"","_global_stock_cap":"","_tribe_rsvp_for_event":"","_tribe_ticket_going_count":"","_tribe_ticket_not_going_count":"","_tribe_tickets_list":"[]","_tribe_ticket_has_attendee_info_fields":false,"footnotes":"","_tec_slr_enabled":"","_tec_slr_layout":""},"class_list":["post-4197","page","type-page","status-publish","has-post-thumbnail","resize-featured-image"],"yoast_head":"<!-- This site is optimized with the Yoast SEO plugin v27.4 - https:\/\/yoast.com\/product\/yoast-seo-wordpress\/ -->\n<title>Giving Society FIND Food Bank, Food Giving Society Coachella<\/title>\n<meta name=\"description\" content=\"As the Desert\u2019s Regional Food Bank, and one of the 200 Feeding America Food Banks in the US, we face the challenge of raising sufficient funds.\" \/>\n<meta name=\"robots\" content=\"index, follow, max-snippet:-1, max-image-preview:large, max-video-preview:-1\" \/>\n<link rel=\"canonical\" href=\"https:\/\/findfoodbank.org\/es\/giving-society\/\" \/>\n<meta property=\"og:locale\" content=\"es_MX\" \/>\n<meta property=\"og:type\" content=\"article\" \/>\n<meta property=\"og:title\" content=\"Giving Society FIND Food Bank, Food Giving Society Coachella\" \/>\n<meta property=\"og:description\" content=\"As the Desert\u2019s Regional Food Bank, and one of the 200 Feeding America Food Banks in the US, we face the challenge of raising sufficient funds.\" \/>\n<meta property=\"og:url\" content=\"https:\/\/findfoodbank.org\/es\/giving-society\/\" \/>\n<meta property=\"og:site_name\" content=\"FIND Food Bank\" \/>\n<meta property=\"article:modified_time\" content=\"2025-06-11T16:16:50+00:00\" \/>\n<meta property=\"og:image\" content=\"https:\/\/findfoodbank.org\/wp-content\/uploads\/2021\/10\/IMG_1113-scaled.jpg\" \/>\n\t<meta property=\"og:image:width\" content=\"2560\" \/>\n\t<meta property=\"og:image:height\" content=\"1920\" \/>\n\t<meta property=\"og:image:type\" content=\"image\/jpeg\" \/>\n<meta name=\"twitter:card\" content=\"summary_large_image\" \/>\n<meta name=\"twitter:label1\" content=\"Tiempo de lectura\" \/>\n\t<meta name=\"twitter:data1\" content=\"2 minutos\" \/>\n<script type=\"application\/ld+json\" class=\"yoast-schema-graph\">{\"@context\":\"https:\\\/\\\/schema.org\",\"@graph\":[{\"@type\":\"WebPage\",\"@id\":\"https:\\\/\\\/findfoodbank.org\\\/giving-society\\\/\",\"url\":\"https:\\\/\\\/findfoodbank.org\\\/giving-society\\\/\",\"name\":\"Giving Society FIND Food Bank, Food Giving Society Coachella\",\"isPartOf\":{\"@id\":\"https:\\\/\\\/findfoodbank.org\\\/#website\"},\"primaryImageOfPage\":{\"@id\":\"https:\\\/\\\/findfoodbank.org\\\/giving-society\\\/#primaryimage\"},\"image\":{\"@id\":\"https:\\\/\\\/findfoodbank.org\\\/giving-society\\\/#primaryimage\"},\"thumbnailUrl\":\"https:\\\/\\\/findfoodbank.org\\\/wp-content\\\/uploads\\\/2021\\\/10\\\/IMG_1113-scaled.jpg\",\"datePublished\":\"2021-10-28T23:16:12+00:00\",\"dateModified\":\"2025-06-11T16:16:50+00:00\",\"description\":\"As the Desert\u2019s Regional Food Bank, and one of the 200 Feeding America Food Banks in the US, we face the challenge of raising sufficient funds.\",\"breadcrumb\":{\"@id\":\"https:\\\/\\\/findfoodbank.org\\\/giving-society\\\/#breadcrumb\"},\"inLanguage\":\"es\",\"potentialAction\":[{\"@type\":\"ReadAction\",\"target\":[\"https:\\\/\\\/findfoodbank.org\\\/giving-society\\\/\"]}]},{\"@type\":\"ImageObject\",\"inLanguage\":\"es\",\"@id\":\"https:\\\/\\\/findfoodbank.org\\\/giving-society\\\/#primaryimage\",\"url\":\"https:\\\/\\\/findfoodbank.org\\\/wp-content\\\/uploads\\\/2021\\\/10\\\/IMG_1113-scaled.jpg\",\"contentUrl\":\"https:\\\/\\\/findfoodbank.org\\\/wp-content\\\/uploads\\\/2021\\\/10\\\/IMG_1113-scaled.jpg\",\"width\":2560,\"height\":1920},{\"@type\":\"BreadcrumbList\",\"@id\":\"https:\\\/\\\/findfoodbank.org\\\/giving-society\\\/#breadcrumb\",\"itemListElement\":[{\"@type\":\"ListItem\",\"position\":1,\"name\":\"Home\",\"item\":\"https:\\\/\\\/findfoodbank.org\\\/\"},{\"@type\":\"ListItem\",\"position\":2,\"name\":\"Giving Society\"}]},{\"@type\":\"WebSite\",\"@id\":\"https:\\\/\\\/findfoodbank.org\\\/#website\",\"url\":\"https:\\\/\\\/findfoodbank.org\\\/\",\"name\":\"FIND Food Bank\",\"description\":\"The Desert's Regional Food Bank\",\"publisher\":{\"@id\":\"https:\\\/\\\/findfoodbank.org\\\/#organization\"},\"potentialAction\":[{\"@type\":\"SearchAction\",\"target\":{\"@type\":\"EntryPoint\",\"urlTemplate\":\"https:\\\/\\\/findfoodbank.org\\\/?s={search_term_string}\"},\"query-input\":{\"@type\":\"PropertyValueSpecification\",\"valueRequired\":true,\"valueName\":\"search_term_string\"}}],\"inLanguage\":\"es\"},{\"@type\":\"Organization\",\"@id\":\"https:\\\/\\\/findfoodbank.org\\\/#organization\",\"name\":\"FIND Food Bank\",\"url\":\"https:\\\/\\\/findfoodbank.org\\\/\",\"logo\":{\"@type\":\"ImageObject\",\"inLanguage\":\"es\",\"@id\":\"https:\\\/\\\/findfoodbank.org\\\/#\\\/schema\\\/logo\\\/image\\\/\",\"url\":\"https:\\\/\\\/findfoodbank.org\\\/wp-content\\\/uploads\\\/2025\\\/09\\\/FIND-logo25-horizontal_4c.png\",\"contentUrl\":\"https:\\\/\\\/findfoodbank.org\\\/wp-content\\\/uploads\\\/2025\\\/09\\\/FIND-logo25-horizontal_4c.png\",\"width\":1189,\"height\":373,\"caption\":\"FIND Food Bank\"},\"image\":{\"@id\":\"https:\\\/\\\/findfoodbank.org\\\/#\\\/schema\\\/logo\\\/image\\\/\"}}]}<\/script>\n<!-- \/ Yoast SEO plugin. -->","yoast_head_json":{"title":"Giving Society FIND Food Bank, Food Giving Society Coachella","description":"As the Desert\u2019s Regional Food Bank, and one of the 200 Feeding America Food Banks in the US, we face the challenge of raising sufficient funds.","robots":{"index":"index","follow":"follow","max-snippet":"max-snippet:-1","max-image-preview":"max-image-preview:large","max-video-preview":"max-video-preview:-1"},"canonical":"https:\/\/findfoodbank.org\/es\/giving-society\/","og_locale":"es_MX","og_type":"article","og_title":"Giving Society FIND Food Bank, Food Giving Society Coachella","og_description":"As the Desert\u2019s Regional Food Bank, and one of the 200 Feeding America Food Banks in the US, we face the challenge of raising sufficient funds.","og_url":"https:\/\/findfoodbank.org\/es\/giving-society\/","og_site_name":"FIND Food Bank","article_modified_time":"2025-06-11T16:16:50+00:00","og_image":[{"width":2560,"height":1920,"url":"https:\/\/findfoodbank.org\/wp-content\/uploads\/2021\/10\/IMG_1113-scaled.jpg","type":"image\/jpeg"}],"twitter_card":"summary_large_image","twitter_misc":{"Tiempo de lectura":"2 minutos"},"schema":{"@context":"https:\/\/schema.org","@graph":[{"@type":"WebPage","@id":"https:\/\/findfoodbank.org\/giving-society\/","url":"https:\/\/findfoodbank.org\/giving-society\/","name":"Giving Society FIND Food Bank, Food Giving Society Coachella","isPartOf":{"@id":"https:\/\/findfoodbank.org\/#website"},"primaryImageOfPage":{"@id":"https:\/\/findfoodbank.org\/giving-society\/#primaryimage"},"image":{"@id":"https:\/\/findfoodbank.org\/giving-society\/#primaryimage"},"thumbnailUrl":"https:\/\/findfoodbank.org\/wp-content\/uploads\/2021\/10\/IMG_1113-scaled.jpg","datePublished":"2021-10-28T23:16:12+00:00","dateModified":"2025-06-11T16:16:50+00:00","description":"As the Desert\u2019s Regional Food Bank, and one of the 200 Feeding America Food Banks in the US, we face the challenge of raising sufficient funds.","breadcrumb":{"@id":"https:\/\/findfoodbank.org\/giving-society\/#breadcrumb"},"inLanguage":"es","potentialAction":[{"@type":"ReadAction","target":["https:\/\/findfoodbank.org\/giving-society\/"]}]},{"@type":"ImageObject","inLanguage":"es","@id":"https:\/\/findfoodbank.org\/giving-society\/#primaryimage","url":"https:\/\/findfoodbank.org\/wp-content\/uploads\/2021\/10\/IMG_1113-scaled.jpg","contentUrl":"https:\/\/findfoodbank.org\/wp-content\/uploads\/2021\/10\/IMG_1113-scaled.jpg","width":2560,"height":1920},{"@type":"BreadcrumbList","@id":"https:\/\/findfoodbank.org\/giving-society\/#breadcrumb","itemListElement":[{"@type":"ListItem","position":1,"name":"Home","item":"https:\/\/findfoodbank.org\/"},{"@type":"ListItem","position":2,"name":"Giving Society"}]},{"@type":"WebSite","@id":"https:\/\/findfoodbank.org\/#website","url":"https:\/\/findfoodbank.org\/","name":"ENCONTRAR Banco de Alimentos","description":"El banco regional de alimentos del desierto","publisher":{"@id":"https:\/\/findfoodbank.org\/#organization"},"potentialAction":[{"@type":"SearchAction","target":{"@type":"EntryPoint","urlTemplate":"https:\/\/findfoodbank.org\/?s={search_term_string}"},"query-input":{"@type":"PropertyValueSpecification","valueRequired":true,"valueName":"search_term_string"}}],"inLanguage":"es"},{"@type":"Organization","@id":"https:\/\/findfoodbank.org\/#organization","name":"ENCONTRAR Banco de Alimentos","url":"https:\/\/findfoodbank.org\/","logo":{"@type":"ImageObject","inLanguage":"es","@id":"https:\/\/findfoodbank.org\/#\/schema\/logo\/image\/","url":"https:\/\/findfoodbank.org\/wp-content\/uploads\/2025\/09\/FIND-logo25-horizontal_4c.png","contentUrl":"https:\/\/findfoodbank.org\/wp-content\/uploads\/2025\/09\/FIND-logo25-horizontal_4c.png","width":1189,"height":373,"caption":"FIND Food Bank"},"image":{"@id":"https:\/\/findfoodbank.org\/#\/schema\/logo\/image\/"}}]}},"ticketed":false,"_links":{"self":[{"href":"https:\/\/findfoodbank.org\/es\/wp-json\/wp\/v2\/pages\/4197","targetHints":{"allow":["GET"]}}],"collection":[{"href":"https:\/\/findfoodbank.org\/es\/wp-json\/wp\/v2\/pages"}],"about":[{"href":"https:\/\/findfoodbank.org\/es\/wp-json\/wp\/v2\/types\/page"}],"author":[{"embeddable":true,"href":"https:\/\/findfoodbank.org\/es\/wp-json\/wp\/v2\/users\/15"}],"replies":[{"embeddable":true,"href":"https:\/\/findfoodbank.org\/es\/wp-json\/wp\/v2\/comments?post=4197"}],"version-history":[{"count":16,"href":"https:\/\/findfoodbank.org\/es\/wp-json\/wp\/v2\/pages\/4197\/revisions"}],"predecessor-version":[{"id":16081,"href":"https:\/\/findfoodbank.org\/es\/wp-json\/wp\/v2\/pages\/4197\/revisions\/16081"}],"wp:featuredmedia":[{"embeddable":true,"href":"https:\/\/findfoodbank.org\/es\/wp-json\/wp\/v2\/media\/4214"}],"wp:attachment":[{"href":"https:\/\/findfoodbank.org\/es\/wp-json\/wp\/v2\/media?parent=4197"}],"curies":[{"name":"wp","href":"https:\/\/api.w.org\/{rel}","templated":true}]}}