{"id":4037,"date":"2021-11-19T14:09:24","date_gmt":"2021-11-19T22:09:24","guid":{"rendered":"https:\/\/findfoodbank.org\/?page_id=4037"},"modified":"2026-03-25T14:03:07","modified_gmt":"2026-03-25T21:03:07","slug":"fyac","status":"publish","type":"page","link":"https:\/\/findfoodbank.org\/es\/fyac\/","title":{"rendered":"FIND Youth Advisory Commission"},"content":{"rendered":"<div class=\"gb-container gb-container-28faf69b alignfull\">\n<div class=\"gb-container gb-container-898d2522\">\n\n<h2 class=\"gb-headline gb-headline-915fdd95 gb-headline-text\">Ways you can help<\/h2>\n\n\n<div class=\"gb-grid-wrapper gb-grid-wrapper-dd69e86d\">\n<div class=\"gb-grid-column gb-grid-column-4901959f\"><div class=\"gb-container gb-container-4901959f\">\n\n<h4 class=\"gb-headline gb-headline-ab433752 gb-headline-text lightboxshadow\"><a href=\"https:\/\/findfoodbank.org\/es\/get-involved\/volunteer\/\">Voluntario<\/a><\/h4>\n\n<\/div><\/div>\n\n<div class=\"gb-grid-column gb-grid-column-8f72a120\"><div class=\"gb-container gb-container-8f72a120\">\n\n<h4 class=\"gb-headline gb-headline-d62a3e0e gb-headline-text lightboxshadow\"><a href=\"https:\/\/findfoodbank.org\/es\/volunteer-opportunities\/\">Oportunidades para voluntarios<\/a><\/h4>\n\n<\/div><\/div>\n\n<div class=\"gb-grid-column gb-grid-column-0a648bd0\"><div class=\"gb-container gb-container-0a648bd0\">\n\n<h4 class=\"gb-headline gb-headline-db4641e5 gb-headline-text lightboxshadow\"><a href=\"https:\/\/findfoodbank.org\/es\/get-involved\/corporate-support\/corporate-volunteerism\/\">Voluntarios corporativos<\/a><\/h4>\n\n<\/div><\/div>\n\n<div class=\"gb-grid-column gb-grid-column-2c9d8798\"><div class=\"gb-container gb-container-2c9d8798\">\n\n<h4 class=\"gb-headline gb-headline-45678a3c gb-headline-text lightboxshadow\"><a href=\"https:\/\/findfoodbank.org\/es\/voluntourism\/\">Volunturismo<\/a><\/h4>\n\n<\/div><\/div>\n\n<div class=\"gb-grid-column gb-grid-column-25067cc0\"><div class=\"gb-container gb-container-25067cc0\">\n\n<h4 class=\"gb-headline gb-headline-e50c3826 gb-headline-text lightboxshadow\"><a href=\"https:\/\/findfoodbank.org\/es\/community-service-hours\/\">Community Service<\/a><\/h4>\n\n<\/div><\/div>\n\n<div class=\"gb-grid-column gb-grid-column-f9837088\"><div class=\"gb-container gb-container-f9837088\">\n\n<h4 class=\"gb-headline gb-headline-47fb97fe gb-headline-text lightboxshadow\"><a href=\"https:\/\/findfoodbank.org\/es\/get-involved\/donate-foods\/\">Donar Alimentos<\/a><\/h4>\n\n<\/div><\/div>\n<\/div>\n<\/div>\n\n<div class=\"gb-container gb-container-3f0dd009\">\n\n<h1 class=\"gb-headline gb-headline-67292e09 gb-headline-text\">FIND Youth Advisory Commission<\/h1>\n\n\n\n<p>The FIND Youth Advisory Commission (FYAC) was created by youth, for youth. Young people in the Coachella Valley saw a need for change and took action. FYAC educates the next generation on the realities and stigmas associated with systemic hunger while elevating the skills of youth community leaders.<\/p>\n\n\n\n<p>Commission members are selected based on their willingness to go above and beyond to speak out and serve their community, their passion for youth advocacy, and their school district representation to ensure that student voices from across the Coachella Valley and Hi-Desert region are reflected in the commission.<\/p>\n\n\n\n<p class=\"has-text-align-center\"><strong>FYAC is leading the change of tomorrow by discussing solutions and taking action to address issues facing our community today.<\/strong><\/p>\n\n\n\n<h2 class=\"gb-headline gb-headline-422dca14 gb-headline-text\">Program Outline<\/h2>\n\n\n\n<p>FYAC is a year-long program made up of 7 Youth Ambassador seats. Members participate in monthly engagements throughout the program year, including meetings, Youth Saturday volunteering opportunities, and occasional evening\/weekend FIND fundraising and special events.<\/p>\n\n\n\n<p>Youth Ambassadors work collaboratively on a youth-led initiative to inform FIND leadership and the organization on youth insecurity in the Coachella Valley, the root causes of hunger, and strategies to combat food insecurity. Their work culminates in a presentation to FIND&#8217;s Board and leadership.<\/p>\n\n<\/div>\n\n<div class=\"gb-container gb-container-2595c67c\">\n<div class=\"gb-grid-wrapper gb-grid-wrapper-9f0f1c1b\">\n<div class=\"gb-grid-column gb-grid-column-900f0adc\"><div class=\"gb-container gb-container-900f0adc\">\n\n<h2 class=\"wp-block-heading has-global-color-9-color has-text-color\">Eligibility Requirements<\/h2>\n\n\n\n<ul class=\"wp-block-list\">\n<li>High school student in FIND\u2019s service area (Coachella Valley and Hi-Desert region)<\/li>\n\n\n\n<li>Demonstrates leadership qualities through community involvement<\/li>\n\n\n\n<li>Demonstrates interest in youth advocacy and year-long project planning<\/li>\n\n\n\n<li>Self-driven and passionate about making a year-long commitment<\/li>\n<\/ul>\n\n<\/div><\/div>\n\n<div class=\"gb-grid-column gb-grid-column-bacbe9df\"><div class=\"gb-container gb-container-bacbe9df\">\n\n<h2 class=\"wp-block-heading has-global-color-9-color has-text-color\">Program Requirements<\/h2>\n\n\n\n<ul class=\"wp-block-list\">\n<li>Attend monthly FYAC engagements (meetings and Youth Saturday events)<\/li>\n\n\n\n<li>Participate in occasional fundraising and special events<\/li>\n\n\n\n<li>Write 1 newsletter blog post for FIND Food Bank<\/li>\n\n\n\n<li>Show active participation at council meetings<\/li>\n\n\n\n<li>Uphold FIND\u2019s mission and values through one\u2019s social media platforms<\/li>\n\n\n\n<li>Present youth-led initiative project to FIND Board and leadership<\/li>\n\n\n\n<li>Work under FIND staff mentorship and support throughout the program year<\/li>\n<\/ul>\n\n<\/div><\/div>\n\n<div class=\"gb-grid-column gb-grid-column-7c48cc12\"><div class=\"gb-container gb-container-7c48cc12\">\n\n<h2 class=\"wp-block-heading has-global-color-9-color has-text-color\">Program          Benefits<\/h2>\n\n\n\n<ul class=\"wp-block-list\">\n<li><strong>Earn a $1,000 Scholarship!<\/strong><\/li>\n\n\n\n<li>Gain Leadership and Teamwork Skills<\/li>\n\n\n\n<li>Discuss real world problems with like-minded peers<\/li>\n\n\n\n<li>Represent your High School as a student leader<\/li>\n<\/ul>\n\n<\/div><\/div>\n<\/div>\n<\/div>\n\n<div class=\"gb-container gb-container-f741b4f4\">\n\n<div class=\"wp-block-buttons is-content-justification-center is-layout-flex wp-container-core-buttons-is-layout-16018d1d wp-block-buttons-is-layout-flex\">\n<div class=\"wp-block-button\"><a class=\"wp-block-button__link has-text-align-center wp-element-button\" href=\"https:\/\/forms.office.com\/r\/29BZCZujv7\" target=\"_blank\" rel=\"noreferrer noopener\">Click Here to Apply!<\/a><\/div>\n<\/div>\n\n\n\n<div style=\"height:42px\" aria-hidden=\"true\" class=\"wp-block-spacer\"><\/div>\n\n\n\n<p class=\"has-text-align-center\">Cohort 5 (2026\u20132027) applications open April 30, 2026 and close June 1, 2026. Interviews will follow, with the new cohort and program year beginning in August and running through June.<\/p>\n\n\n\n<p class=\"has-text-align-center\"><strong>For additional information contact: Alejandra Alarcon, Ending Hunger for a Lifetime Programs Manager at <mark style=\"background-color:rgba(0, 0, 0, 0)\" class=\"has-inline-color has-global-color-10-color\">aalarcon@findfoodbank.org<\/mark><\/strong><\/p>\n\n\n\n<hr class=\"wp-block-separator has-alpha-channel-opacity\"\/>\n\n\n\n<h1 class=\"wp-block-heading has-text-align-center\">In the meantime\u2026 We invite our youth to come volunteer at FIND!<\/h1>\n\n\n\n<h4 class=\"gb-headline gb-headline-4ebd6de9 gb-headline-text\">Solo se necesita una persona para marcar la diferencia. Involucra a tus amigos para combatir el hambre a nivel local.<\/h4>\n\n\n<div class=\"wp-block-image\">\n<figure class=\"aligncenter size-large is-resized\"><img loading=\"lazy\" decoding=\"async\" width=\"1024\" height=\"808\" src=\"https:\/\/findfoodbank.org\/wp-content\/uploads\/2025\/04\/IMG_6629-scaled-e1744841876518-1024x808.jpeg\" alt=\"\" class=\"wp-image-15754\" style=\"width:700px;height:undefinedpx\" title=\"IMG_2887\" srcset=\"https:\/\/findfoodbank.org\/wp-content\/uploads\/2025\/04\/IMG_6629-scaled-e1744841876518-1024x808.jpeg 1024w, https:\/\/findfoodbank.org\/wp-content\/uploads\/2025\/04\/IMG_6629-scaled-e1744841876518-300x237.jpeg 300w, https:\/\/findfoodbank.org\/wp-content\/uploads\/2025\/04\/IMG_6629-scaled-e1744841876518-768x606.jpeg 768w, https:\/\/findfoodbank.org\/wp-content\/uploads\/2025\/04\/IMG_6629-scaled-e1744841876518-50x39.jpeg 50w, https:\/\/findfoodbank.org\/wp-content\/uploads\/2025\/04\/IMG_6629-scaled-e1744841876518-1536x1212.jpeg 1536w, https:\/\/findfoodbank.org\/wp-content\/uploads\/2025\/04\/IMG_6629-scaled-e1744841876518-15x12.jpeg 15w, https:\/\/findfoodbank.org\/wp-content\/uploads\/2025\/04\/IMG_6629-scaled-e1744841876518.jpeg 1553w\" sizes=\"auto, (max-width: 1024px) 100vw, 1024px\" \/><\/figure>\n<\/div>\n\n<div class=\"gb-container gb-container-d31c1993\">\n\n<h1 class=\"gb-headline gb-headline-b5a7f5af gb-headline-text\">Reg\u00edstrese para un d\u00eda de voluntariado juvenil<\/h1>\n\n\n\n<p class=\"has-text-align-center\">Traiga a su organizaci\u00f3n, equipo o clase para una sesi\u00f3n de empaque en nuestro almac\u00e9n un s\u00e1bado de cada mes.<\/p>\n\n\n<div class=\"gb-container gb-container-09dc32e7\">\n\n<a class=\"gb-button gb-button-3f4a442c\" href=\"https:\/\/findfoodbank.volunteerhub.com\/events\/index#_=_\" target=\"_blank\" rel=\"noopener noreferrer\"><span class=\"gb-icon\"><svg aria-hidden=\"true\" role=\"img\" height=\"1em\" width=\"1em\" viewbox=\"0 0 256 512\" xmlns=\"http:\/\/www.w3.org\/2000\/svg\"><path fill=\"currentColor\" d=\"M224.3 273l-136 136c-9.4 9.4-24.6 9.4-33.9 0l-22.6-22.6c-9.4-9.4-9.4-24.6 0-33.9l96.4-96.4-96.4-96.4c-9.4-9.4-9.4-24.6 0-33.9L54.3 103c9.4-9.4 24.6-9.4 33.9 0l136 136c9.5 9.4 9.5 24.6.1 34z\"><\/path><\/svg><\/span><span class=\"gb-button-text\">Inscribirse<\/span><\/a>\n\n<\/div>\n<\/div>\n\n<div class=\"gb-grid-wrapper gb-grid-wrapper-db4a1384\">\n<div class=\"gb-grid-column gb-grid-column-f389f6da\"><div class=\"gb-container gb-container-f389f6da growhover\">\n\n<figure class=\"gb-block-image gb-block-image-036545c0\"><img loading=\"lazy\" decoding=\"async\" width=\"500\" height=\"500\" class=\"gb-image gb-image-036545c0\" src=\"https:\/\/findfoodbank.org\/wp-content\/uploads\/2021\/11\/1.png\" alt=\"\" title=\"1\" srcset=\"https:\/\/findfoodbank.org\/wp-content\/uploads\/2021\/11\/1.png 500w, https:\/\/findfoodbank.org\/wp-content\/uploads\/2021\/11\/1-300x300.png 300w, https:\/\/findfoodbank.org\/wp-content\/uploads\/2021\/11\/1-150x150.png 150w, https:\/\/findfoodbank.org\/wp-content\/uploads\/2021\/11\/1-12x12.png 12w, https:\/\/findfoodbank.org\/wp-content\/uploads\/2021\/11\/1-480x480.png 480w\" sizes=\"auto, (max-width: 500px) 100vw, 500px\" \/><\/figure>\n\n\n\n<h4 class=\"wp-block-heading\"><strong>Hambre en el Valle<\/strong><\/h4>\n\n\n\n<p><strong>82.6% of students<\/strong> across the Coachella Valley\u2019s three school districts qualify for free and reduced price lunch.<\/p>\n\n\n\n<a href=\"https:\/\/findfoodbank.org\/es\/donate\/\" class=\"stretchlink\"><\/a>\n\n<\/div><\/div>\n\n<div class=\"gb-grid-column gb-grid-column-27a4f9e0\"><div class=\"gb-container gb-container-27a4f9e0 growhover\">\n\n<figure class=\"gb-block-image gb-block-image-fc28ab23\"><img loading=\"lazy\" decoding=\"async\" width=\"500\" height=\"500\" class=\"gb-image gb-image-fc28ab23\" src=\"https:\/\/findfoodbank.org\/wp-content\/uploads\/2021\/11\/2.png\" alt=\"\" title=\"2\" srcset=\"https:\/\/findfoodbank.org\/wp-content\/uploads\/2021\/11\/2.png 500w, https:\/\/findfoodbank.org\/wp-content\/uploads\/2021\/11\/2-300x300.png 300w, https:\/\/findfoodbank.org\/wp-content\/uploads\/2021\/11\/2-150x150.png 150w, https:\/\/findfoodbank.org\/wp-content\/uploads\/2021\/11\/2-12x12.png 12w, https:\/\/findfoodbank.org\/wp-content\/uploads\/2021\/11\/2-480x480.png 480w\" sizes=\"auto, (max-width: 500px) 100vw, 500px\" \/><\/figure>\n\n\n\n<h4 class=\"wp-block-heading\"><strong>Hambre en el condado<\/strong><\/h4>\n\n\n\n<p><strong>17.1% de ni\u00f1os<\/strong> 0-18 en el condado de Riverside experimentan inseguridad alimentaria.<\/p>\n\n\n\n<a href=\"https:\/\/findfoodbank.org\/es\/get-involved\/volunteer\/\" class=\"stretchlink\"><\/a>\n\n<\/div><\/div>\n\n<div class=\"gb-grid-column gb-grid-column-412d438d\"><div class=\"gb-container gb-container-412d438d growhover\">\n\n<figure class=\"gb-block-image gb-block-image-c5245a97\"><img loading=\"lazy\" decoding=\"async\" width=\"500\" height=\"500\" class=\"gb-image gb-image-c5245a97\" src=\"https:\/\/findfoodbank.org\/wp-content\/uploads\/2021\/11\/3.png\" alt=\"\" title=\"3\" srcset=\"https:\/\/findfoodbank.org\/wp-content\/uploads\/2021\/11\/3.png 500w, https:\/\/findfoodbank.org\/wp-content\/uploads\/2021\/11\/3-300x300.png 300w, https:\/\/findfoodbank.org\/wp-content\/uploads\/2021\/11\/3-150x150.png 150w, https:\/\/findfoodbank.org\/wp-content\/uploads\/2021\/11\/3-12x12.png 12w, https:\/\/findfoodbank.org\/wp-content\/uploads\/2021\/11\/3-480x480.png 480w\" sizes=\"auto, (max-width: 500px) 100vw, 500px\" \/><\/figure>\n\n\n\n<h4 class=\"wp-block-heading\"><strong>Hambre en todo el estado<\/strong><\/h4>\n\n\n\n<p><strong>1,6 millones de ni\u00f1os<\/strong> don\u2019t know where their next meal is coming from.<\/p>\n\n\n\n<a href=\"https:\/\/findfoodbank.org\/es\/about-us\/hunger-in-our-community\/\" class=\"stretchlink\"><\/a>\n\n<\/div><\/div>\n\n<div class=\"gb-grid-column gb-grid-column-b552e397\"><div class=\"gb-container gb-container-b552e397 growhover\">\n\n<figure class=\"gb-block-image gb-block-image-fe86118f\"><img loading=\"lazy\" decoding=\"async\" width=\"500\" height=\"500\" class=\"gb-image gb-image-fe86118f\" src=\"https:\/\/findfoodbank.org\/wp-content\/uploads\/2021\/11\/4.png\" alt=\"\" title=\"4\" srcset=\"https:\/\/findfoodbank.org\/wp-content\/uploads\/2021\/11\/4.png 500w, https:\/\/findfoodbank.org\/wp-content\/uploads\/2021\/11\/4-300x300.png 300w, https:\/\/findfoodbank.org\/wp-content\/uploads\/2021\/11\/4-150x150.png 150w, https:\/\/findfoodbank.org\/wp-content\/uploads\/2021\/11\/4-12x12.png 12w, https:\/\/findfoodbank.org\/wp-content\/uploads\/2021\/11\/4-480x480.png 480w\" sizes=\"auto, (max-width: 500px) 100vw, 500px\" \/><\/figure>\n\n\n\n<h4 class=\"wp-block-heading\"><strong>Hambre en EE. UU.<\/strong><\/h4>\n\n\n\n<p>Casi <strong>13 millones de ni\u00f1os<\/strong> en todo el pa\u00eds corren el riesgo de pasar hambre.<\/p>\n\n\n\n<a href=\"https:\/\/findfoodbank.org\/es\/get-involved\/corporate-support\/\" class=\"stretchlink\"><\/a>\n\n<\/div><\/div>\n<\/div>\n<\/div>\n<\/div>","protected":false},"excerpt":{"rendered":"<p> &#8230; <a title=\"FIND Youth Advisory Commission\" class=\"read-more\" href=\"https:\/\/findfoodbank.org\/es\/fyac\/\" aria-label=\"Leer m\u00e1s sobre FIND Youth Advisory Commission\">Read more<\/a><\/p>","protected":false},"author":15,"featured_media":16149,"parent":0,"menu_order":0,"comment_status":"closed","ping_status":"closed","template":"","meta":{"_monsterinsights_skip_tracking":false,"_monsterinsights_sitenote_active":false,"_monsterinsights_sitenote_note":"","_monsterinsights_sitenote_category":0,"_price":"","_stock":"","_tribe_ticket_header":"","_tribe_default_ticket_provider":"","_tribe_ticket_capacity":"0","_ticket_start_date":"","_ticket_end_date":"","_tribe_ticket_show_description":"","_tribe_ticket_show_not_going":false,"_tribe_ticket_use_global_stock":"","_tribe_ticket_global_stock_level":"","_global_stock_mode":"","_global_stock_cap":"","_tribe_rsvp_for_event":"","_tribe_ticket_going_count":"","_tribe_ticket_not_going_count":"","_tribe_tickets_list":"[]","_tribe_ticket_has_attendee_info_fields":false,"footnotes":"","_tec_slr_enabled":"","_tec_slr_layout":""},"class_list":["post-4037","page","type-page","status-publish","has-post-thumbnail","resize-featured-image"],"yoast_head":"<!-- This site is optimized with the Yoast SEO plugin v27.3 - https:\/\/yoast.com\/product\/yoast-seo-wordpress\/ -->\n<title>Youth Advisory Commission, FIND Food Bank Coachella Valley<\/title>\n<meta name=\"description\" content=\"Ten student leaders from across the Coachella Valley were selected to help advise FIND on hunger in our communities.\" \/>\n<meta name=\"robots\" content=\"index, follow, max-snippet:-1, max-image-preview:large, max-video-preview:-1\" \/>\n<link rel=\"canonical\" href=\"https:\/\/findfoodbank.org\/es\/fyac\/\" \/>\n<meta property=\"og:locale\" content=\"es_MX\" \/>\n<meta property=\"og:type\" content=\"article\" \/>\n<meta property=\"og:title\" content=\"Youth Advisory Commission, FIND Food Bank Coachella Valley\" \/>\n<meta property=\"og:description\" content=\"Ten student leaders from across the Coachella Valley were selected to help advise FIND on hunger in our communities.\" \/>\n<meta property=\"og:url\" content=\"https:\/\/findfoodbank.org\/es\/fyac\/\" \/>\n<meta property=\"og:site_name\" content=\"FIND Food Bank\" \/>\n<meta property=\"article:modified_time\" content=\"2026-03-25T21:03:07+00:00\" \/>\n<meta property=\"og:image\" content=\"https:\/\/findfoodbank.org\/wp-content\/uploads\/2025\/06\/IMG_1355-scaled-e1750268204210.jpeg\" \/>\n\t<meta property=\"og:image:width\" content=\"1920\" \/>\n\t<meta property=\"og:image:height\" content=\"1583\" \/>\n\t<meta property=\"og:image:type\" content=\"image\/jpeg\" \/>\n<meta name=\"twitter:card\" content=\"summary_large_image\" \/>\n<meta name=\"twitter:label1\" content=\"Tiempo de lectura\" \/>\n\t<meta name=\"twitter:data1\" content=\"4 minutos\" \/>\n<script type=\"application\/ld+json\" class=\"yoast-schema-graph\">{\"@context\":\"https:\\\/\\\/schema.org\",\"@graph\":[{\"@type\":\"WebPage\",\"@id\":\"https:\\\/\\\/findfoodbank.org\\\/fyac\\\/\",\"url\":\"https:\\\/\\\/findfoodbank.org\\\/fyac\\\/\",\"name\":\"Youth Advisory Commission, FIND Food Bank Coachella Valley\",\"isPartOf\":{\"@id\":\"https:\\\/\\\/findfoodbank.org\\\/#website\"},\"primaryImageOfPage\":{\"@id\":\"https:\\\/\\\/findfoodbank.org\\\/fyac\\\/#primaryimage\"},\"image\":{\"@id\":\"https:\\\/\\\/findfoodbank.org\\\/fyac\\\/#primaryimage\"},\"thumbnailUrl\":\"https:\\\/\\\/findfoodbank.org\\\/wp-content\\\/uploads\\\/2025\\\/06\\\/IMG_1355-scaled-e1750268204210.jpeg\",\"datePublished\":\"2021-11-19T22:09:24+00:00\",\"dateModified\":\"2026-03-25T21:03:07+00:00\",\"description\":\"Ten student leaders from across the Coachella Valley were selected to help advise FIND on hunger in our communities.\",\"breadcrumb\":{\"@id\":\"https:\\\/\\\/findfoodbank.org\\\/fyac\\\/#breadcrumb\"},\"inLanguage\":\"es\",\"potentialAction\":[{\"@type\":\"ReadAction\",\"target\":[\"https:\\\/\\\/findfoodbank.org\\\/fyac\\\/\"]}]},{\"@type\":\"ImageObject\",\"inLanguage\":\"es\",\"@id\":\"https:\\\/\\\/findfoodbank.org\\\/fyac\\\/#primaryimage\",\"url\":\"https:\\\/\\\/findfoodbank.org\\\/wp-content\\\/uploads\\\/2025\\\/06\\\/IMG_1355-scaled-e1750268204210.jpeg\",\"contentUrl\":\"https:\\\/\\\/findfoodbank.org\\\/wp-content\\\/uploads\\\/2025\\\/06\\\/IMG_1355-scaled-e1750268204210.jpeg\",\"width\":1920,\"height\":1583,\"caption\":\"FIND Youth Advisory Commission\"},{\"@type\":\"BreadcrumbList\",\"@id\":\"https:\\\/\\\/findfoodbank.org\\\/fyac\\\/#breadcrumb\",\"itemListElement\":[{\"@type\":\"ListItem\",\"position\":1,\"name\":\"Home\",\"item\":\"https:\\\/\\\/findfoodbank.org\\\/\"},{\"@type\":\"ListItem\",\"position\":2,\"name\":\"FIND Youth Advisory Commission\"}]},{\"@type\":\"WebSite\",\"@id\":\"https:\\\/\\\/findfoodbank.org\\\/#website\",\"url\":\"https:\\\/\\\/findfoodbank.org\\\/\",\"name\":\"FIND Food Bank\",\"description\":\"The Desert's Regional Food Bank\",\"publisher\":{\"@id\":\"https:\\\/\\\/findfoodbank.org\\\/#organization\"},\"potentialAction\":[{\"@type\":\"SearchAction\",\"target\":{\"@type\":\"EntryPoint\",\"urlTemplate\":\"https:\\\/\\\/findfoodbank.org\\\/?s={search_term_string}\"},\"query-input\":{\"@type\":\"PropertyValueSpecification\",\"valueRequired\":true,\"valueName\":\"search_term_string\"}}],\"inLanguage\":\"es\"},{\"@type\":\"Organization\",\"@id\":\"https:\\\/\\\/findfoodbank.org\\\/#organization\",\"name\":\"FIND Food Bank\",\"url\":\"https:\\\/\\\/findfoodbank.org\\\/\",\"logo\":{\"@type\":\"ImageObject\",\"inLanguage\":\"es\",\"@id\":\"https:\\\/\\\/findfoodbank.org\\\/#\\\/schema\\\/logo\\\/image\\\/\",\"url\":\"https:\\\/\\\/findfoodbank.org\\\/wp-content\\\/uploads\\\/2025\\\/09\\\/FIND-logo25-horizontal_4c.png\",\"contentUrl\":\"https:\\\/\\\/findfoodbank.org\\\/wp-content\\\/uploads\\\/2025\\\/09\\\/FIND-logo25-horizontal_4c.png\",\"width\":1189,\"height\":373,\"caption\":\"FIND Food Bank\"},\"image\":{\"@id\":\"https:\\\/\\\/findfoodbank.org\\\/#\\\/schema\\\/logo\\\/image\\\/\"}}]}<\/script>\n<!-- \/ Yoast SEO plugin. -->","yoast_head_json":{"title":"Youth Advisory Commission, FIND Food Bank Coachella Valley","description":"Ten student leaders from across the Coachella Valley were selected to help advise FIND on hunger in our communities.","robots":{"index":"index","follow":"follow","max-snippet":"max-snippet:-1","max-image-preview":"max-image-preview:large","max-video-preview":"max-video-preview:-1"},"canonical":"https:\/\/findfoodbank.org\/es\/fyac\/","og_locale":"es_MX","og_type":"article","og_title":"Youth Advisory Commission, FIND Food Bank Coachella Valley","og_description":"Ten student leaders from across the Coachella Valley were selected to help advise FIND on hunger in our communities.","og_url":"https:\/\/findfoodbank.org\/es\/fyac\/","og_site_name":"FIND Food Bank","article_modified_time":"2026-03-25T21:03:07+00:00","og_image":[{"width":1920,"height":1583,"url":"https:\/\/findfoodbank.org\/wp-content\/uploads\/2025\/06\/IMG_1355-scaled-e1750268204210.jpeg","type":"image\/jpeg"}],"twitter_card":"summary_large_image","twitter_misc":{"Tiempo de lectura":"4 minutos"},"schema":{"@context":"https:\/\/schema.org","@graph":[{"@type":"WebPage","@id":"https:\/\/findfoodbank.org\/fyac\/","url":"https:\/\/findfoodbank.org\/fyac\/","name":"Youth Advisory Commission, FIND Food Bank Coachella Valley","isPartOf":{"@id":"https:\/\/findfoodbank.org\/#website"},"primaryImageOfPage":{"@id":"https:\/\/findfoodbank.org\/fyac\/#primaryimage"},"image":{"@id":"https:\/\/findfoodbank.org\/fyac\/#primaryimage"},"thumbnailUrl":"https:\/\/findfoodbank.org\/wp-content\/uploads\/2025\/06\/IMG_1355-scaled-e1750268204210.jpeg","datePublished":"2021-11-19T22:09:24+00:00","dateModified":"2026-03-25T21:03:07+00:00","description":"Ten student leaders from across the Coachella Valley were selected to help advise FIND on hunger in our communities.","breadcrumb":{"@id":"https:\/\/findfoodbank.org\/fyac\/#breadcrumb"},"inLanguage":"es","potentialAction":[{"@type":"ReadAction","target":["https:\/\/findfoodbank.org\/fyac\/"]}]},{"@type":"ImageObject","inLanguage":"es","@id":"https:\/\/findfoodbank.org\/fyac\/#primaryimage","url":"https:\/\/findfoodbank.org\/wp-content\/uploads\/2025\/06\/IMG_1355-scaled-e1750268204210.jpeg","contentUrl":"https:\/\/findfoodbank.org\/wp-content\/uploads\/2025\/06\/IMG_1355-scaled-e1750268204210.jpeg","width":1920,"height":1583,"caption":"FIND Youth Advisory Commission"},{"@type":"BreadcrumbList","@id":"https:\/\/findfoodbank.org\/fyac\/#breadcrumb","itemListElement":[{"@type":"ListItem","position":1,"name":"Home","item":"https:\/\/findfoodbank.org\/"},{"@type":"ListItem","position":2,"name":"FIND Youth Advisory Commission"}]},{"@type":"WebSite","@id":"https:\/\/findfoodbank.org\/#website","url":"https:\/\/findfoodbank.org\/","name":"ENCONTRAR Banco de Alimentos","description":"El banco regional de alimentos del desierto","publisher":{"@id":"https:\/\/findfoodbank.org\/#organization"},"potentialAction":[{"@type":"SearchAction","target":{"@type":"EntryPoint","urlTemplate":"https:\/\/findfoodbank.org\/?s={search_term_string}"},"query-input":{"@type":"PropertyValueSpecification","valueRequired":true,"valueName":"search_term_string"}}],"inLanguage":"es"},{"@type":"Organization","@id":"https:\/\/findfoodbank.org\/#organization","name":"ENCONTRAR Banco de Alimentos","url":"https:\/\/findfoodbank.org\/","logo":{"@type":"ImageObject","inLanguage":"es","@id":"https:\/\/findfoodbank.org\/#\/schema\/logo\/image\/","url":"https:\/\/findfoodbank.org\/wp-content\/uploads\/2025\/09\/FIND-logo25-horizontal_4c.png","contentUrl":"https:\/\/findfoodbank.org\/wp-content\/uploads\/2025\/09\/FIND-logo25-horizontal_4c.png","width":1189,"height":373,"caption":"FIND Food Bank"},"image":{"@id":"https:\/\/findfoodbank.org\/#\/schema\/logo\/image\/"}}]}},"ticketed":false,"_links":{"self":[{"href":"https:\/\/findfoodbank.org\/es\/wp-json\/wp\/v2\/pages\/4037","targetHints":{"allow":["GET"]}}],"collection":[{"href":"https:\/\/findfoodbank.org\/es\/wp-json\/wp\/v2\/pages"}],"about":[{"href":"https:\/\/findfoodbank.org\/es\/wp-json\/wp\/v2\/types\/page"}],"author":[{"embeddable":true,"href":"https:\/\/findfoodbank.org\/es\/wp-json\/wp\/v2\/users\/15"}],"replies":[{"embeddable":true,"href":"https:\/\/findfoodbank.org\/es\/wp-json\/wp\/v2\/comments?post=4037"}],"version-history":[{"count":35,"href":"https:\/\/findfoodbank.org\/es\/wp-json\/wp\/v2\/pages\/4037\/revisions"}],"predecessor-version":[{"id":17767,"href":"https:\/\/findfoodbank.org\/es\/wp-json\/wp\/v2\/pages\/4037\/revisions\/17767"}],"wp:featuredmedia":[{"embeddable":true,"href":"https:\/\/findfoodbank.org\/es\/wp-json\/wp\/v2\/media\/16149"}],"wp:attachment":[{"href":"https:\/\/findfoodbank.org\/es\/wp-json\/wp\/v2\/media?parent=4037"}],"curies":[{"name":"wp","href":"https:\/\/api.w.org\/{rel}","templated":true}]}}