{"id":2913,"date":"2021-08-26T18:56:42","date_gmt":"2021-08-26T18:56:42","guid":{"rendered":"http:\/\/findfoodbank.flywheelsites.com\/?page_id=2913"},"modified":"2023-09-23T14:27:55","modified_gmt":"2023-09-23T21:27:55","slug":"donor-policy","status":"publish","type":"page","link":"https:\/\/findfoodbank.org\/es\/donor-policy\/","title":{"rendered":"Pol\u00edtica de donantes"},"content":{"rendered":"<h1 class=\"wp-block-heading\">Pol\u00edtica de donaci\u00f3n y privacidad de los donantes<\/h1>\n\n\n\n<p>FIND Food Bank (Food In Need of Distribution, Inc.) is committed to respecting the privacy of our donors.&nbsp; We have developed this privacy policy to ensure our donors that donor information will not be shared with any third party.<\/p>\n\n\n\n<h2 class=\"wp-block-heading\">Conciencia<\/h2>\n\n\n\n<p>FIND Food Bank provides this Donor Privacy Policy to make you aware of our privacy policy, and to inform you of the way your information is used.&nbsp; We also provide you with the opportunity to remove your name from our mailing list, if you desire to do so.<\/p>\n\n\n\n<h2 class=\"wp-block-heading\">Informaci\u00f3n recopilada<\/h2>\n\n\n\n<p>Estos son los tipos de informaci\u00f3n de donantes que recopilamos y mantenemos:<\/p>\n\n\n\n<p>Contact information:&nbsp; name, business name, complete address, phone number, email address;<\/p>\n\n\n\n<p>Informaci\u00f3n de pago: monto de la donaci\u00f3n, tipo de tarjeta de cr\u00e9dito, n\u00famero de cheque e informaci\u00f3n de facturaci\u00f3n; No guardamos tarjetas de cr\u00e9dito en el archivo, una vez que la donaci\u00f3n se procesa a trav\u00e9s de nuestra base de datos de donantes, a trav\u00e9s de nuestro sitio web o PayPal, ya no tenemos acceso a su n\u00famero de tarjeta de cr\u00e9dito.<\/p>\n\n\n\n<p>Informaci\u00f3n sobre c\u00f3mo hizo su donaci\u00f3n: respuesta a un art\u00edculo de correo directo, en l\u00ednea, club de donaciones mensuales, evento de voluntariado, participaci\u00f3n de oradores, etc .;<\/p>\n\n\n\n<p>Informaci\u00f3n sobre c\u00f3mo se enter\u00f3 de FIND Food Bank;<\/p>\n\n\n\n<p>Informaci\u00f3n que desea compartir: preguntas, comentarios, sugerencias; y<\/p>\n\n\n\n<p>Su solicitud para recibir actualizaciones peri\u00f3dicas: por ejemplo, a las personas que lo soliciten, enviaremos correos peri\u00f3dicos relacionados con llamamientos espec\u00edficos para la recaudaci\u00f3n de fondos, \u00e1reas de inter\u00e9s y boletines informativos.<\/p>\n\n\n\n<h2 class=\"wp-block-heading\">C\u00f3mo se usa la informaci\u00f3n<\/h2>\n\n\n\n<p>FIND Food Bank uses your information to understand your needs and provide you with better service.&nbsp; Specifically, we use your information to help you complete a transaction, communicate back to you, and update you on FIND happenings.&nbsp; Credit card numbers are used only for donation or payment processing and are not retained for other purposes.&nbsp; We use the comments you offer to provide you with information requested, and we take seriously each recommendation as to how we might improve communication.<\/p>\n\n\n\n<h2 class=\"wp-block-heading\">No compartir informaci\u00f3n personal<\/h2>\n\n\n\n<p>FIND Food Bank will not sell, rent, or lease your personal information to other organizations.&nbsp; We assure you that the identity of all our donors will be kept confidential.&nbsp; Use of donor information will be limited to the internal purposes of FIND Food Bank and only to further our mission activities and purposes of FIND.<\/p>\n\n\n\n<h2 class=\"wp-block-heading\">\u00bfA d\u00f3nde va mi donaci\u00f3n y c\u00f3mo ayuda a Fight Hunger?<\/h2>\n\n\n\n<p>$1 provides 4 meals to our neighbors experiencing hunger in the Coachella Valley and Hi-Desert. Your gift stays local to help those who facing food insecurity in our neighborhoods. Donations sent to FIND Food Bank are considered undesignated funds, meaning contributions will go to what is most needed within FIND Food Bank. If the donation contains specific instructions that the gift is intended for a specific program, FIND will designate the contribution to the appropriate fund per the donor\u2019s instructions. Unless specified otherwise, all direct mail, marketing, e-mail, and personal solicitations are for undesignated funds. Please visit our website at www.findfoodbank.org to view our most recent financial statements. We can assure you that your investment is effective and efficient in fighting hunger in the Coachella Valley.<\/p>\n\n\n\n<h2 class=\"wp-block-heading\">Eliminaci\u00f3n de su nombre de nuestra lista de correo o correo electr\u00f3nico<\/h2>\n\n\n\n<p>It is our desire not to send unwanted mail or e-mails to our donors.&nbsp; Please contact us via phone, e-mail, or USPS mail if you wish to be removed from our mailing or e-mail list. Upon receipt and processing of your \u201copt out\u201d request, FIND Food Bank will make corrections within your donor file so you will no longer receive the communications you specifically requested.<\/p>\n\n\n\n<h2 class=\"wp-block-heading\">Cont\u00e1ctanos<\/h2>\n\n\n\n<p>Si tiene comentarios o preguntas sobre nuestra pol\u00edtica de privacidad de donantes, env\u00edenos un correo electr\u00f3nico a <a href=\"mailto:info@findfoodbank.org\">info@findfoodbank.org<\/a> o ll\u00e1manos al (760) 775-3663.<\/p>\n\n\n<div class=\"gb-container gb-container-ccfc101d\">\n\n<a class=\"gb-button gb-button-dab8691f\" href=\"https:\/\/findfoodbank.org\/es\/privacy-policy\/\"><span class=\"gb-icon\"><svg aria-hidden=\"true\" role=\"img\" height=\"1em\" width=\"1em\" viewbox=\"0 0 512 512\" xmlns=\"http:\/\/www.w3.org\/2000\/svg\"><path fill=\"currentColor\" d=\"M173.898 439.404l-166.4-166.4c-9.997-9.997-9.997-26.206 0-36.204l36.203-36.204c9.997-9.998 26.207-9.998 36.204 0L192 312.69 432.095 72.596c9.997-9.997 26.207-9.997 36.204 0l36.203 36.204c9.997 9.997 9.997 26.206 0 36.204l-294.4 294.401c-9.998 9.997-26.207 9.997-36.204-.001z\"><\/path><\/svg><\/span><span class=\"gb-button-text\">Ver pol\u00edtica de privacidad<\/span><\/a>\n\n\n\n<a class=\"gb-button gb-button-0c8e2395\" href=\"https:\/\/findfoodbank.org\/es\/terms-of-service\/\"><span class=\"gb-icon\"><svg aria-hidden=\"true\" role=\"img\" height=\"1em\" width=\"1em\" viewbox=\"0 0 512 512\" xmlns=\"http:\/\/www.w3.org\/2000\/svg\"><path fill=\"currentColor\" d=\"M173.898 439.404l-166.4-166.4c-9.997-9.997-9.997-26.206 0-36.204l36.203-36.204c9.997-9.998 26.207-9.998 36.204 0L192 312.69 432.095 72.596c9.997-9.997 26.207-9.997 36.204 0l36.203 36.204c9.997 9.997 9.997 26.206 0 36.204l-294.4 294.401c-9.998 9.997-26.207 9.997-36.204-.001z\"><\/path><\/svg><\/span><span class=\"gb-button-text\">Ver condiciones de servicio<\/span><\/a>\n\n<\/div>","protected":false},"excerpt":{"rendered":"<p> &#8230; <a title=\"Pol\u00edtica de donantes\" class=\"read-more\" href=\"https:\/\/findfoodbank.org\/es\/donor-policy\/\" aria-label=\"Leer m\u00e1s sobre Donor Policy\">Read more<\/a><\/p>","protected":false},"author":15,"featured_media":0,"parent":0,"menu_order":0,"comment_status":"closed","ping_status":"closed","template":"","meta":{"_monsterinsights_skip_tracking":false,"_monsterinsights_sitenote_active":false,"_monsterinsights_sitenote_note":"","_monsterinsights_sitenote_category":0,"_price":"","_stock":"","_tribe_ticket_header":"","_tribe_default_ticket_provider":"","_tribe_ticket_capacity":"0","_ticket_start_date":"","_ticket_end_date":"","_tribe_ticket_show_description":"","_tribe_ticket_show_not_going":false,"_tribe_ticket_use_global_stock":"","_tribe_ticket_global_stock_level":"","_global_stock_mode":"","_global_stock_cap":"","_tribe_rsvp_for_event":"","_tribe_ticket_going_count":"","_tribe_ticket_not_going_count":"","_tribe_tickets_list":"[]","_tribe_ticket_has_attendee_info_fields":false,"footnotes":"","_tec_slr_enabled":"","_tec_slr_layout":""},"class_list":["post-2913","page","type-page","status-publish"],"yoast_head":"<!-- This site is optimized with the Yoast SEO plugin v27.3 - https:\/\/yoast.com\/product\/yoast-seo-wordpress\/ -->\n<title>Donor Policy FIND Food Bank, Donors for FIND Food Drive<\/title>\n<meta name=\"description\" content=\"FIND Food Bank (Food In Need of Distribution, Inc.) is committed to respecting the privacy of our donors.\" \/>\n<meta name=\"robots\" content=\"index, follow, max-snippet:-1, max-image-preview:large, max-video-preview:-1\" \/>\n<link rel=\"canonical\" href=\"http:\/\/seodevsite.com\/foodbank\/donor-policy\/\" \/>\n<meta property=\"og:locale\" content=\"es_MX\" \/>\n<meta property=\"og:type\" content=\"article\" \/>\n<meta property=\"og:title\" content=\"Donor Policy FIND Food Bank, Donors for FIND Food Drive\" \/>\n<meta property=\"og:description\" content=\"FIND Food Bank (Food In Need of Distribution, Inc.) is committed to respecting the privacy of our donors.\" \/>\n<meta property=\"og:url\" content=\"http:\/\/seodevsite.com\/foodbank\/donor-policy\/\" \/>\n<meta property=\"og:site_name\" content=\"FIND Food Bank\" \/>\n<meta property=\"article:modified_time\" content=\"2023-09-23T21:27:55+00:00\" \/>\n<meta name=\"twitter:card\" content=\"summary_large_image\" \/>\n<meta name=\"twitter:label1\" content=\"Tiempo de lectura\" \/>\n\t<meta name=\"twitter:data1\" content=\"3 minutos\" \/>\n<script type=\"application\/ld+json\" class=\"yoast-schema-graph\">{\"@context\":\"https:\\\/\\\/schema.org\",\"@graph\":[{\"@type\":\"WebPage\",\"@id\":\"http:\\\/\\\/seodevsite.com\\\/foodbank\\\/donor-policy\\\/\",\"url\":\"http:\\\/\\\/seodevsite.com\\\/foodbank\\\/donor-policy\\\/\",\"name\":\"Donor Policy FIND Food Bank, Donors for FIND Food Drive\",\"isPartOf\":{\"@id\":\"https:\\\/\\\/findfoodbank.org\\\/#website\"},\"datePublished\":\"2021-08-26T18:56:42+00:00\",\"dateModified\":\"2023-09-23T21:27:55+00:00\",\"description\":\"FIND Food Bank (Food In Need of Distribution, Inc.) is committed to respecting the privacy of our donors.\",\"breadcrumb\":{\"@id\":\"http:\\\/\\\/seodevsite.com\\\/foodbank\\\/donor-policy\\\/#breadcrumb\"},\"inLanguage\":\"es\",\"potentialAction\":[{\"@type\":\"ReadAction\",\"target\":[\"http:\\\/\\\/seodevsite.com\\\/foodbank\\\/donor-policy\\\/\"]}]},{\"@type\":\"BreadcrumbList\",\"@id\":\"http:\\\/\\\/seodevsite.com\\\/foodbank\\\/donor-policy\\\/#breadcrumb\",\"itemListElement\":[{\"@type\":\"ListItem\",\"position\":1,\"name\":\"Home\",\"item\":\"https:\\\/\\\/findfoodbank.org\\\/\"},{\"@type\":\"ListItem\",\"position\":2,\"name\":\"Donor Policy\"}]},{\"@type\":\"WebSite\",\"@id\":\"https:\\\/\\\/findfoodbank.org\\\/#website\",\"url\":\"https:\\\/\\\/findfoodbank.org\\\/\",\"name\":\"FIND Food Bank\",\"description\":\"The Desert's Regional Food Bank\",\"publisher\":{\"@id\":\"https:\\\/\\\/findfoodbank.org\\\/#organization\"},\"potentialAction\":[{\"@type\":\"SearchAction\",\"target\":{\"@type\":\"EntryPoint\",\"urlTemplate\":\"https:\\\/\\\/findfoodbank.org\\\/?s={search_term_string}\"},\"query-input\":{\"@type\":\"PropertyValueSpecification\",\"valueRequired\":true,\"valueName\":\"search_term_string\"}}],\"inLanguage\":\"es\"},{\"@type\":\"Organization\",\"@id\":\"https:\\\/\\\/findfoodbank.org\\\/#organization\",\"name\":\"FIND Food Bank\",\"url\":\"https:\\\/\\\/findfoodbank.org\\\/\",\"logo\":{\"@type\":\"ImageObject\",\"inLanguage\":\"es\",\"@id\":\"https:\\\/\\\/findfoodbank.org\\\/#\\\/schema\\\/logo\\\/image\\\/\",\"url\":\"https:\\\/\\\/findfoodbank.org\\\/wp-content\\\/uploads\\\/2025\\\/09\\\/FIND-logo25-horizontal_4c.png\",\"contentUrl\":\"https:\\\/\\\/findfoodbank.org\\\/wp-content\\\/uploads\\\/2025\\\/09\\\/FIND-logo25-horizontal_4c.png\",\"width\":1189,\"height\":373,\"caption\":\"FIND Food Bank\"},\"image\":{\"@id\":\"https:\\\/\\\/findfoodbank.org\\\/#\\\/schema\\\/logo\\\/image\\\/\"}}]}<\/script>\n<!-- \/ Yoast SEO plugin. -->","yoast_head_json":{"title":"Donor Policy FIND Food Bank, Donors for FIND Food Drive","description":"FIND Food Bank (Food In Need of Distribution, Inc.) is committed to respecting the privacy of our donors.","robots":{"index":"index","follow":"follow","max-snippet":"max-snippet:-1","max-image-preview":"max-image-preview:large","max-video-preview":"max-video-preview:-1"},"canonical":"http:\/\/seodevsite.com\/foodbank\/donor-policy\/","og_locale":"es_MX","og_type":"article","og_title":"Donor Policy FIND Food Bank, Donors for FIND Food Drive","og_description":"FIND Food Bank (Food In Need of Distribution, Inc.) is committed to respecting the privacy of our donors.","og_url":"http:\/\/seodevsite.com\/foodbank\/donor-policy\/","og_site_name":"FIND Food Bank","article_modified_time":"2023-09-23T21:27:55+00:00","twitter_card":"summary_large_image","twitter_misc":{"Tiempo de lectura":"3 minutos"},"schema":{"@context":"https:\/\/schema.org","@graph":[{"@type":"WebPage","@id":"http:\/\/seodevsite.com\/foodbank\/donor-policy\/","url":"http:\/\/seodevsite.com\/foodbank\/donor-policy\/","name":"Donor Policy FIND Food Bank, Donors for FIND Food Drive","isPartOf":{"@id":"https:\/\/findfoodbank.org\/#website"},"datePublished":"2021-08-26T18:56:42+00:00","dateModified":"2023-09-23T21:27:55+00:00","description":"FIND Food Bank (Food In Need of Distribution, Inc.) is committed to respecting the privacy of our donors.","breadcrumb":{"@id":"http:\/\/seodevsite.com\/foodbank\/donor-policy\/#breadcrumb"},"inLanguage":"es","potentialAction":[{"@type":"ReadAction","target":["http:\/\/seodevsite.com\/foodbank\/donor-policy\/"]}]},{"@type":"BreadcrumbList","@id":"http:\/\/seodevsite.com\/foodbank\/donor-policy\/#breadcrumb","itemListElement":[{"@type":"ListItem","position":1,"name":"Home","item":"https:\/\/findfoodbank.org\/"},{"@type":"ListItem","position":2,"name":"Donor Policy"}]},{"@type":"WebSite","@id":"https:\/\/findfoodbank.org\/#website","url":"https:\/\/findfoodbank.org\/","name":"ENCONTRAR Banco de Alimentos","description":"El banco regional de alimentos del desierto","publisher":{"@id":"https:\/\/findfoodbank.org\/#organization"},"potentialAction":[{"@type":"SearchAction","target":{"@type":"EntryPoint","urlTemplate":"https:\/\/findfoodbank.org\/?s={search_term_string}"},"query-input":{"@type":"PropertyValueSpecification","valueRequired":true,"valueName":"search_term_string"}}],"inLanguage":"es"},{"@type":"Organization","@id":"https:\/\/findfoodbank.org\/#organization","name":"ENCONTRAR Banco de Alimentos","url":"https:\/\/findfoodbank.org\/","logo":{"@type":"ImageObject","inLanguage":"es","@id":"https:\/\/findfoodbank.org\/#\/schema\/logo\/image\/","url":"https:\/\/findfoodbank.org\/wp-content\/uploads\/2025\/09\/FIND-logo25-horizontal_4c.png","contentUrl":"https:\/\/findfoodbank.org\/wp-content\/uploads\/2025\/09\/FIND-logo25-horizontal_4c.png","width":1189,"height":373,"caption":"FIND Food Bank"},"image":{"@id":"https:\/\/findfoodbank.org\/#\/schema\/logo\/image\/"}}]}},"ticketed":false,"_links":{"self":[{"href":"https:\/\/findfoodbank.org\/es\/wp-json\/wp\/v2\/pages\/2913","targetHints":{"allow":["GET"]}}],"collection":[{"href":"https:\/\/findfoodbank.org\/es\/wp-json\/wp\/v2\/pages"}],"about":[{"href":"https:\/\/findfoodbank.org\/es\/wp-json\/wp\/v2\/types\/page"}],"author":[{"embeddable":true,"href":"https:\/\/findfoodbank.org\/es\/wp-json\/wp\/v2\/users\/15"}],"replies":[{"embeddable":true,"href":"https:\/\/findfoodbank.org\/es\/wp-json\/wp\/v2\/comments?post=2913"}],"version-history":[{"count":6,"href":"https:\/\/findfoodbank.org\/es\/wp-json\/wp\/v2\/pages\/2913\/revisions"}],"predecessor-version":[{"id":11781,"href":"https:\/\/findfoodbank.org\/es\/wp-json\/wp\/v2\/pages\/2913\/revisions\/11781"}],"wp:attachment":[{"href":"https:\/\/findfoodbank.org\/es\/wp-json\/wp\/v2\/media?parent=2913"}],"curies":[{"name":"wp","href":"https:\/\/api.w.org\/{rel}","templated":true}]}}