{"id":2297,"date":"2021-07-29T21:28:28","date_gmt":"2021-07-29T21:28:28","guid":{"rendered":"http:\/\/findfoodbank.flywheelsites.com\/?page_id=2297"},"modified":"2025-07-07T10:18:44","modified_gmt":"2025-07-07T17:18:44","slug":"voluntourism","status":"publish","type":"page","link":"https:\/\/findfoodbank.org\/es\/voluntourism\/","title":{"rendered":"Volunturismo"},"content":{"rendered":"<div class=\"gb-container gb-container-45c3dd86 alignfull\">\n<div class=\"gb-container gb-container-898d2522\">\n\n<h2 class=\"gb-headline gb-headline-915fdd95 gb-headline-text\">Ways you can help<\/h2>\n\n\n<div class=\"gb-grid-wrapper gb-grid-wrapper-dd69e86d\">\n<div class=\"gb-grid-column gb-grid-column-4901959f\"><div class=\"gb-container gb-container-4901959f\">\n\n<h4 class=\"gb-headline gb-headline-ab433752 gb-headline-text lightboxshadow\"><a href=\"https:\/\/findfoodbank.org\/es\/get-involved\/volunteer\/\">Voluntario<\/a><\/h4>\n\n<\/div><\/div>\n\n<div class=\"gb-grid-column gb-grid-column-8f72a120\"><div class=\"gb-container gb-container-8f72a120\">\n\n<h4 class=\"gb-headline gb-headline-d62a3e0e gb-headline-text lightboxshadow\"><a href=\"https:\/\/findfoodbank.org\/es\/volunteer-opportunities\/\">Oportunidades para voluntarios<\/a><\/h4>\n\n<\/div><\/div>\n\n<div class=\"gb-grid-column gb-grid-column-0a648bd0\"><div class=\"gb-container gb-container-0a648bd0\">\n\n<h4 class=\"gb-headline gb-headline-db4641e5 gb-headline-text lightboxshadow\"><a href=\"https:\/\/findfoodbank.org\/es\/get-involved\/corporate-support\/corporate-volunteerism\/\">Voluntarios corporativos<\/a><\/h4>\n\n<\/div><\/div>\n\n<div class=\"gb-grid-column gb-grid-column-25067cc0\"><div class=\"gb-container gb-container-25067cc0\">\n\n<h4 class=\"gb-headline gb-headline-e50c3826 gb-headline-text lightboxshadow\"><a href=\"https:\/\/findfoodbank.org\/es\/community-service-hours\/\">Community Service<\/a><\/h4>\n\n<\/div><\/div>\n\n<div class=\"gb-grid-column gb-grid-column-f9837088\"><div class=\"gb-container gb-container-f9837088\">\n\n<h4 class=\"gb-headline gb-headline-47fb97fe gb-headline-text lightboxshadow\"><a href=\"https:\/\/findfoodbank.org\/es\/get-involved\/donate-foods\/\">Donar Alimentos<\/a><\/h4>\n\n<\/div><\/div>\n\n<div class=\"gb-grid-column gb-grid-column-3944464e\"><div class=\"gb-container gb-container-3944464e\">\n\n<h4 class=\"gb-headline gb-headline-ded28b18 gb-headline-text lightboxshadow\"><a href=\"https:\/\/findfoodbank.org\/es\/fyac\/\">Youth Advisory Commission<\/a><\/h4>\n\n<\/div><\/div>\n<\/div>\n<\/div>\n\n<div class=\"gb-container gb-container-1591f9ec\">\n\n<h5 class=\"gb-headline gb-headline-3058a5b3 gb-headline-text\">Volunturismo<\/h5>\n\n\n\n<p><span>El desierto es un lugar de vacaciones de renombre mundial que tiene algo tanto para los aventureros como para los turistas relajados. Los viajeros ya no se limitan a jugar al golf o hacer caminatas por la monta\u00f1a; la \u00faltima tendencia de viajes fomenta la retribuci\u00f3n a nuestras comunidades locales del desierto.<\/span> <\/p>\n\n\n\n<p><span>El turismo voluntario, tambi\u00e9n conocido como voluntariado, est\u00e1 aumentando en todo el mundo ...<\/span><\/p>\n\n<\/div>\n\n<div class=\"gb-container gb-container-f9b4b45f\">\n<div class=\"gb-grid-wrapper gb-grid-wrapper-cedcd410\">\n<div class=\"gb-grid-column gb-grid-column-c314c3d7\"><div class=\"gb-container gb-container-c314c3d7\">\n\n<figure class=\"gb-block-image gb-block-image-d5982671\"><img loading=\"lazy\" decoding=\"async\" width=\"1810\" height=\"1207\" class=\"gb-image gb-image-d5982671\" src=\"https:\/\/findfoodbank.org\/wp-content\/uploads\/2025\/07\/DSC_0128-scaled-e1751908626130.jpg\" alt=\"\" title=\"DSC_0128\" srcset=\"https:\/\/findfoodbank.org\/wp-content\/uploads\/2025\/07\/DSC_0128-scaled-e1751908626130.jpg 1810w, https:\/\/findfoodbank.org\/wp-content\/uploads\/2025\/07\/DSC_0128-scaled-e1751908626130-300x200.jpg 300w, https:\/\/findfoodbank.org\/wp-content\/uploads\/2025\/07\/DSC_0128-scaled-e1751908626130-1024x683.jpg 1024w, https:\/\/findfoodbank.org\/wp-content\/uploads\/2025\/07\/DSC_0128-scaled-e1751908626130-768x512.jpg 768w, https:\/\/findfoodbank.org\/wp-content\/uploads\/2025\/07\/DSC_0128-scaled-e1751908626130-50x33.jpg 50w, https:\/\/findfoodbank.org\/wp-content\/uploads\/2025\/07\/DSC_0128-scaled-e1751908626130-1600x1067.jpg 1600w, https:\/\/findfoodbank.org\/wp-content\/uploads\/2025\/07\/DSC_0128-scaled-e1751908626130-1536x1024.jpg 1536w, https:\/\/findfoodbank.org\/wp-content\/uploads\/2025\/07\/DSC_0128-scaled-e1751908626130-18x12.jpg 18w\" sizes=\"auto, (max-width: 1810px) 100vw, 1810px\" \/><\/figure>\n\n<\/div><\/div>\n\n<div class=\"gb-grid-column gb-grid-column-f9eadf8d\"><div class=\"gb-container gb-container-f9eadf8d\">\n\n<p><span>El voluntariado permite a los viajeros experimentar una escapada ic\u00f3nica al desierto Y devolver el servicio a nuestras comunidades que crean esa magia durante todo el a\u00f1o. El voluntariado lo conecta con la comunidad local y puede crear una experiencia vacacional m\u00e1s memorable. Mejora su sentido de prop\u00f3sito, mejora su salud y proporciona v\u00ednculos afectivos para grupos y familias. Pasar una ma\u00f1ana o una tarde retribuyendo en FIND Food Bank se siente bien, y ese sentimiento permanece mucho despu\u00e9s de que desaparece la felicidad de las vacaciones.<\/span><\/p>\n\n\n\n<h5 class=\"gb-headline gb-headline-15d21e72 gb-headline-text\"><b>Oportunidades de voluntariado<\/b><\/h5>\n\n\n\n<p><span>Visita nuestro<strong><a href=\"https:\/\/findfoodbank.org\/es\/volunteer-opportunities\/\" target=\"_blank\" rel=\"noopener\"> P\u00e1gina de oportunidades de voluntariado<\/a><\/strong>&nbsp;para obtener m\u00e1s informaci\u00f3n sobre c\u00f3mo retribuir en nuestro almac\u00e9n o en nuestros sitios de distribuci\u00f3n.<\/span><\/p>\n\n\n\n<h5 class=\"gb-headline gb-headline-f39e001d gb-headline-text\"><strong>Socios del programa<\/strong><\/h5>\n\n\n\n<figure class=\"gb-block-image gb-block-image-c7692742\"><img loading=\"lazy\" decoding=\"async\" width=\"500\" height=\"273\" class=\"gb-image gb-image-c7692742\" src=\"https:\/\/findfoodbank.org\/wp-content\/uploads\/2021\/08\/MemMap_GPS_LOGO_CVB_Solid_V.png\" srcset=\"https:\/\/findfoodbank.org\/wp-content\/uploads\/2021\/08\/MemMap_GPS_LOGO_CVB_Solid_V.png 500w, https:\/\/findfoodbank.org\/wp-content\/uploads\/2021\/08\/MemMap_GPS_LOGO_CVB_Solid_V-300x164.png 300w, https:\/\/findfoodbank.org\/wp-content\/uploads\/2021\/08\/MemMap_GPS_LOGO_CVB_Solid_V-18x10.png 18w, https:\/\/findfoodbank.org\/wp-content\/uploads\/2021\/08\/MemMap_GPS_LOGO_CVB_Solid_V-480x262.png 480w\" sizes=\"auto, (max-width: 500px) 100vw, 500px\" \/><\/figure>\n\n<\/div><\/div>\n<\/div>\n<\/div>\n<\/div>\n\n<div class=\"gb-container gb-container-8e83f946 alignfull\">\n<div class=\"gb-grid-wrapper gb-grid-wrapper-75a3be18\">\n<div class=\"gb-grid-column gb-grid-column-24927fe7\"><div class=\"gb-container gb-container-24927fe7\">\n\n<p><a href=\"https:\/\/contact-us\/\" target=\"_blank\" rel=\"noopener\"><\/a><span>Comun\u00edquese con el Departamento de Programas de Voluntarios para registrar a su familia o grupo para un evento de voluntariado. <\/span><\/p>\n\n\n\n<a class=\"gb-button gb-button-53e39aff\" href=\"https:\/\/findfoodbank.org\/es\/contact-us\/\"><span class=\"gb-icon\"><svg aria-hidden=\"true\" role=\"img\" height=\"1em\" width=\"1em\" viewbox=\"0 0 256 512\" xmlns=\"http:\/\/www.w3.org\/2000\/svg\"><path fill=\"currentColor\" d=\"M224.3 273l-136 136c-9.4 9.4-24.6 9.4-33.9 0l-22.6-22.6c-9.4-9.4-9.4-24.6 0-33.9l96.4-96.4-96.4-96.4c-9.4-9.4-9.4-24.6 0-33.9L54.3 103c9.4-9.4 24.6-9.4 33.9 0l136 136c9.5 9.4 9.5 24.6.1 34z\"><\/path><\/svg><\/span><span class=\"gb-button-text\">Cont\u00e1ctenos<\/span><\/a>\n\n<\/div><\/div>\n\n<div class=\"gb-grid-column gb-grid-column-71793b60\"><div class=\"gb-container gb-container-71793b60\"><\/div><\/div>\n<\/div>\n<\/div>","protected":false},"excerpt":{"rendered":"<p> &#8230; <a title=\"Volunturismo\" class=\"read-more\" href=\"https:\/\/findfoodbank.org\/es\/voluntourism\/\" aria-label=\"Leer m\u00e1s sobre Voluntourism\">Read more<\/a><\/p>","protected":false},"author":15,"featured_media":2726,"parent":0,"menu_order":0,"comment_status":"closed","ping_status":"closed","template":"","meta":{"_monsterinsights_skip_tracking":false,"_monsterinsights_sitenote_active":false,"_monsterinsights_sitenote_note":"","_monsterinsights_sitenote_category":0,"_price":"","_stock":"","_tribe_ticket_header":"","_tribe_default_ticket_provider":"","_tribe_ticket_capacity":"0","_ticket_start_date":"","_ticket_end_date":"","_tribe_ticket_show_description":"","_tribe_ticket_show_not_going":false,"_tribe_ticket_use_global_stock":"","_tribe_ticket_global_stock_level":"","_global_stock_mode":"","_global_stock_cap":"","_tribe_rsvp_for_event":"","_tribe_ticket_going_count":"","_tribe_ticket_not_going_count":"","_tribe_tickets_list":"[]","_tribe_ticket_has_attendee_info_fields":false,"footnotes":"","_tec_slr_enabled":"","_tec_slr_layout":""},"class_list":["post-2297","page","type-page","status-publish","has-post-thumbnail","resize-featured-image"],"yoast_head":"<!-- This site is optimized with the Yoast SEO plugin v27.3 - https:\/\/yoast.com\/product\/yoast-seo-wordpress\/ -->\n<title>Voluntourism FIND Food Bank, Food Drive Volunteers Coachella<\/title>\n<meta name=\"description\" content=\"Voluntourism allows travelers to experience an iconic Desert getaway AND return the service to our communities that create that magic year-round.\" \/>\n<meta name=\"robots\" content=\"index, follow, max-snippet:-1, max-image-preview:large, max-video-preview:-1\" \/>\n<link rel=\"canonical\" href=\"https:\/\/findfoodbank.org\/es\/voluntourism\/\" \/>\n<meta property=\"og:locale\" content=\"es_MX\" \/>\n<meta property=\"og:type\" content=\"article\" \/>\n<meta property=\"og:title\" content=\"Voluntourism FIND Food Bank, Food Drive Volunteers Coachella\" \/>\n<meta property=\"og:description\" content=\"Voluntourism allows travelers to experience an iconic Desert getaway AND return the service to our communities that create that magic year-round.\" \/>\n<meta property=\"og:url\" content=\"https:\/\/findfoodbank.org\/es\/voluntourism\/\" \/>\n<meta property=\"og:site_name\" content=\"FIND Food Bank\" \/>\n<meta property=\"article:modified_time\" content=\"2025-07-07T17:18:44+00:00\" \/>\n<meta property=\"og:image\" content=\"https:\/\/findfoodbank.org\/wp-content\/uploads\/2021\/08\/pexels-jonathan-schmer-3272589-min-scaled.jpg\" \/>\n\t<meta property=\"og:image:width\" content=\"2560\" \/>\n\t<meta property=\"og:image:height\" content=\"1920\" \/>\n\t<meta property=\"og:image:type\" content=\"image\/jpeg\" \/>\n<meta name=\"twitter:card\" content=\"summary_large_image\" \/>\n<meta name=\"twitter:label1\" content=\"Tiempo de lectura\" \/>\n\t<meta name=\"twitter:data1\" content=\"2 minutos\" \/>\n<script type=\"application\/ld+json\" class=\"yoast-schema-graph\">{\"@context\":\"https:\\\/\\\/schema.org\",\"@graph\":[{\"@type\":\"WebPage\",\"@id\":\"https:\\\/\\\/findfoodbank.org\\\/voluntourism\\\/\",\"url\":\"https:\\\/\\\/findfoodbank.org\\\/voluntourism\\\/\",\"name\":\"Voluntourism FIND Food Bank, Food Drive Volunteers Coachella\",\"isPartOf\":{\"@id\":\"https:\\\/\\\/findfoodbank.org\\\/#website\"},\"primaryImageOfPage\":{\"@id\":\"https:\\\/\\\/findfoodbank.org\\\/voluntourism\\\/#primaryimage\"},\"image\":{\"@id\":\"https:\\\/\\\/findfoodbank.org\\\/voluntourism\\\/#primaryimage\"},\"thumbnailUrl\":\"https:\\\/\\\/findfoodbank.org\\\/wp-content\\\/uploads\\\/2021\\\/08\\\/pexels-jonathan-schmer-3272589-min-scaled.jpg\",\"datePublished\":\"2021-07-29T21:28:28+00:00\",\"dateModified\":\"2025-07-07T17:18:44+00:00\",\"description\":\"Voluntourism allows travelers to experience an iconic Desert getaway AND return the service to our communities that create that magic year-round.\",\"breadcrumb\":{\"@id\":\"https:\\\/\\\/findfoodbank.org\\\/voluntourism\\\/#breadcrumb\"},\"inLanguage\":\"es\",\"potentialAction\":[{\"@type\":\"ReadAction\",\"target\":[\"https:\\\/\\\/findfoodbank.org\\\/voluntourism\\\/\"]}]},{\"@type\":\"ImageObject\",\"inLanguage\":\"es\",\"@id\":\"https:\\\/\\\/findfoodbank.org\\\/voluntourism\\\/#primaryimage\",\"url\":\"https:\\\/\\\/findfoodbank.org\\\/wp-content\\\/uploads\\\/2021\\\/08\\\/pexels-jonathan-schmer-3272589-min-scaled.jpg\",\"contentUrl\":\"https:\\\/\\\/findfoodbank.org\\\/wp-content\\\/uploads\\\/2021\\\/08\\\/pexels-jonathan-schmer-3272589-min-scaled.jpg\",\"width\":2560,\"height\":1920},{\"@type\":\"BreadcrumbList\",\"@id\":\"https:\\\/\\\/findfoodbank.org\\\/voluntourism\\\/#breadcrumb\",\"itemListElement\":[{\"@type\":\"ListItem\",\"position\":1,\"name\":\"Home\",\"item\":\"https:\\\/\\\/findfoodbank.org\\\/\"},{\"@type\":\"ListItem\",\"position\":2,\"name\":\"Voluntourism\"}]},{\"@type\":\"WebSite\",\"@id\":\"https:\\\/\\\/findfoodbank.org\\\/#website\",\"url\":\"https:\\\/\\\/findfoodbank.org\\\/\",\"name\":\"FIND Food Bank\",\"description\":\"The Desert's Regional Food Bank\",\"publisher\":{\"@id\":\"https:\\\/\\\/findfoodbank.org\\\/#organization\"},\"potentialAction\":[{\"@type\":\"SearchAction\",\"target\":{\"@type\":\"EntryPoint\",\"urlTemplate\":\"https:\\\/\\\/findfoodbank.org\\\/?s={search_term_string}\"},\"query-input\":{\"@type\":\"PropertyValueSpecification\",\"valueRequired\":true,\"valueName\":\"search_term_string\"}}],\"inLanguage\":\"es\"},{\"@type\":\"Organization\",\"@id\":\"https:\\\/\\\/findfoodbank.org\\\/#organization\",\"name\":\"FIND Food Bank\",\"url\":\"https:\\\/\\\/findfoodbank.org\\\/\",\"logo\":{\"@type\":\"ImageObject\",\"inLanguage\":\"es\",\"@id\":\"https:\\\/\\\/findfoodbank.org\\\/#\\\/schema\\\/logo\\\/image\\\/\",\"url\":\"https:\\\/\\\/findfoodbank.org\\\/wp-content\\\/uploads\\\/2025\\\/09\\\/FIND-logo25-horizontal_4c.png\",\"contentUrl\":\"https:\\\/\\\/findfoodbank.org\\\/wp-content\\\/uploads\\\/2025\\\/09\\\/FIND-logo25-horizontal_4c.png\",\"width\":1189,\"height\":373,\"caption\":\"FIND Food Bank\"},\"image\":{\"@id\":\"https:\\\/\\\/findfoodbank.org\\\/#\\\/schema\\\/logo\\\/image\\\/\"}}]}<\/script>\n<!-- \/ Yoast SEO plugin. -->","yoast_head_json":{"title":"Voluntourism FIND Food Bank, Food Drive Volunteers Coachella","description":"Voluntourism allows travelers to experience an iconic Desert getaway AND return the service to our communities that create that magic year-round.","robots":{"index":"index","follow":"follow","max-snippet":"max-snippet:-1","max-image-preview":"max-image-preview:large","max-video-preview":"max-video-preview:-1"},"canonical":"https:\/\/findfoodbank.org\/es\/voluntourism\/","og_locale":"es_MX","og_type":"article","og_title":"Voluntourism FIND Food Bank, Food Drive Volunteers Coachella","og_description":"Voluntourism allows travelers to experience an iconic Desert getaway AND return the service to our communities that create that magic year-round.","og_url":"https:\/\/findfoodbank.org\/es\/voluntourism\/","og_site_name":"FIND Food Bank","article_modified_time":"2025-07-07T17:18:44+00:00","og_image":[{"width":2560,"height":1920,"url":"https:\/\/findfoodbank.org\/wp-content\/uploads\/2021\/08\/pexels-jonathan-schmer-3272589-min-scaled.jpg","type":"image\/jpeg"}],"twitter_card":"summary_large_image","twitter_misc":{"Tiempo de lectura":"2 minutos"},"schema":{"@context":"https:\/\/schema.org","@graph":[{"@type":"WebPage","@id":"https:\/\/findfoodbank.org\/voluntourism\/","url":"https:\/\/findfoodbank.org\/voluntourism\/","name":"Voluntourism FIND Food Bank, Food Drive Volunteers Coachella","isPartOf":{"@id":"https:\/\/findfoodbank.org\/#website"},"primaryImageOfPage":{"@id":"https:\/\/findfoodbank.org\/voluntourism\/#primaryimage"},"image":{"@id":"https:\/\/findfoodbank.org\/voluntourism\/#primaryimage"},"thumbnailUrl":"https:\/\/findfoodbank.org\/wp-content\/uploads\/2021\/08\/pexels-jonathan-schmer-3272589-min-scaled.jpg","datePublished":"2021-07-29T21:28:28+00:00","dateModified":"2025-07-07T17:18:44+00:00","description":"Voluntourism allows travelers to experience an iconic Desert getaway AND return the service to our communities that create that magic year-round.","breadcrumb":{"@id":"https:\/\/findfoodbank.org\/voluntourism\/#breadcrumb"},"inLanguage":"es","potentialAction":[{"@type":"ReadAction","target":["https:\/\/findfoodbank.org\/voluntourism\/"]}]},{"@type":"ImageObject","inLanguage":"es","@id":"https:\/\/findfoodbank.org\/voluntourism\/#primaryimage","url":"https:\/\/findfoodbank.org\/wp-content\/uploads\/2021\/08\/pexels-jonathan-schmer-3272589-min-scaled.jpg","contentUrl":"https:\/\/findfoodbank.org\/wp-content\/uploads\/2021\/08\/pexels-jonathan-schmer-3272589-min-scaled.jpg","width":2560,"height":1920},{"@type":"BreadcrumbList","@id":"https:\/\/findfoodbank.org\/voluntourism\/#breadcrumb","itemListElement":[{"@type":"ListItem","position":1,"name":"Home","item":"https:\/\/findfoodbank.org\/"},{"@type":"ListItem","position":2,"name":"Voluntourism"}]},{"@type":"WebSite","@id":"https:\/\/findfoodbank.org\/#website","url":"https:\/\/findfoodbank.org\/","name":"ENCONTRAR Banco de Alimentos","description":"El banco regional de alimentos del desierto","publisher":{"@id":"https:\/\/findfoodbank.org\/#organization"},"potentialAction":[{"@type":"SearchAction","target":{"@type":"EntryPoint","urlTemplate":"https:\/\/findfoodbank.org\/?s={search_term_string}"},"query-input":{"@type":"PropertyValueSpecification","valueRequired":true,"valueName":"search_term_string"}}],"inLanguage":"es"},{"@type":"Organization","@id":"https:\/\/findfoodbank.org\/#organization","name":"ENCONTRAR Banco de Alimentos","url":"https:\/\/findfoodbank.org\/","logo":{"@type":"ImageObject","inLanguage":"es","@id":"https:\/\/findfoodbank.org\/#\/schema\/logo\/image\/","url":"https:\/\/findfoodbank.org\/wp-content\/uploads\/2025\/09\/FIND-logo25-horizontal_4c.png","contentUrl":"https:\/\/findfoodbank.org\/wp-content\/uploads\/2025\/09\/FIND-logo25-horizontal_4c.png","width":1189,"height":373,"caption":"FIND Food Bank"},"image":{"@id":"https:\/\/findfoodbank.org\/#\/schema\/logo\/image\/"}}]}},"ticketed":false,"_links":{"self":[{"href":"https:\/\/findfoodbank.org\/es\/wp-json\/wp\/v2\/pages\/2297","targetHints":{"allow":["GET"]}}],"collection":[{"href":"https:\/\/findfoodbank.org\/es\/wp-json\/wp\/v2\/pages"}],"about":[{"href":"https:\/\/findfoodbank.org\/es\/wp-json\/wp\/v2\/types\/page"}],"author":[{"embeddable":true,"href":"https:\/\/findfoodbank.org\/es\/wp-json\/wp\/v2\/users\/15"}],"replies":[{"embeddable":true,"href":"https:\/\/findfoodbank.org\/es\/wp-json\/wp\/v2\/comments?post=2297"}],"version-history":[{"count":18,"href":"https:\/\/findfoodbank.org\/es\/wp-json\/wp\/v2\/pages\/2297\/revisions"}],"predecessor-version":[{"id":16266,"href":"https:\/\/findfoodbank.org\/es\/wp-json\/wp\/v2\/pages\/2297\/revisions\/16266"}],"wp:featuredmedia":[{"embeddable":true,"href":"https:\/\/findfoodbank.org\/es\/wp-json\/wp\/v2\/media\/2726"}],"wp:attachment":[{"href":"https:\/\/findfoodbank.org\/es\/wp-json\/wp\/v2\/media?parent=2297"}],"curies":[{"name":"wp","href":"https:\/\/api.w.org\/{rel}","templated":true}]}}