{"id":2294,"date":"2021-07-29T21:23:57","date_gmt":"2021-07-29T21:23:57","guid":{"rendered":"http:\/\/findfoodbank.flywheelsites.com\/?page_id=2294"},"modified":"2026-04-13T13:55:42","modified_gmt":"2026-04-13T20:55:42","slug":"volunteer-opportunities","status":"publish","type":"page","link":"https:\/\/findfoodbank.org\/es\/volunteer-opportunities\/","title":{"rendered":"Oportunidades para voluntarios"},"content":{"rendered":"<div class=\"gb-container gb-container-6cb53220 alignfull\">\n<div class=\"gb-container gb-container-898d2522\">\n\n<h2 class=\"gb-headline gb-headline-915fdd95 gb-headline-text\">Ways you can help<\/h2>\n\n\n<div class=\"gb-grid-wrapper gb-grid-wrapper-dd69e86d\">\n<div class=\"gb-grid-column gb-grid-column-4901959f\"><div class=\"gb-container gb-container-4901959f\">\n\n<h4 class=\"gb-headline gb-headline-ab433752 gb-headline-text lightboxshadow\"><a href=\"https:\/\/findfoodbank.org\/es\/get-involved\/volunteer\/\">Voluntario<\/a><\/h4>\n\n<\/div><\/div>\n\n<div class=\"gb-grid-column gb-grid-column-0a648bd0\"><div class=\"gb-container gb-container-0a648bd0\">\n\n<h4 class=\"gb-headline gb-headline-db4641e5 gb-headline-text lightboxshadow\"><a href=\"https:\/\/findfoodbank.org\/es\/get-involved\/corporate-support\/corporate-volunteerism\/\">Voluntarios corporativos<\/a><\/h4>\n\n<\/div><\/div>\n\n<div class=\"gb-grid-column gb-grid-column-2c9d8798\"><div class=\"gb-container gb-container-2c9d8798\">\n\n<h4 class=\"gb-headline gb-headline-45678a3c gb-headline-text lightboxshadow\"><a href=\"https:\/\/findfoodbank.org\/es\/voluntourism\/\">Volunturismo<\/a><\/h4>\n\n<\/div><\/div>\n\n<div class=\"gb-grid-column gb-grid-column-25067cc0\"><div class=\"gb-container gb-container-25067cc0\">\n\n<h4 class=\"gb-headline gb-headline-e50c3826 gb-headline-text lightboxshadow\"><a href=\"https:\/\/findfoodbank.org\/es\/community-service-hours\/\">Community Service<\/a><\/h4>\n\n<\/div><\/div>\n\n<div class=\"gb-grid-column gb-grid-column-f9837088\"><div class=\"gb-container gb-container-f9837088\">\n\n<h4 class=\"gb-headline gb-headline-47fb97fe gb-headline-text lightboxshadow\"><a href=\"https:\/\/findfoodbank.org\/es\/get-involved\/donate-foods\/\">Donar Alimentos<\/a><\/h4>\n\n<\/div><\/div>\n\n<div class=\"gb-grid-column gb-grid-column-3944464e\"><div class=\"gb-container gb-container-3944464e\">\n\n<h4 class=\"gb-headline gb-headline-ded28b18 gb-headline-text lightboxshadow\"><a href=\"https:\/\/findfoodbank.org\/es\/fyac\/\">Youth Advisory Commission<\/a><\/h4>\n\n<\/div><\/div>\n<\/div>\n<\/div>\n\n<div class=\"gb-container gb-container-7fbe78ab\">\n\n<h5 class=\"gb-headline gb-headline-d1e3bd42 gb-headline-text\">Eventos especiales para voluntarios<\/h5>\n\n\n\n<p><span>Los voluntarios pueden ayudar en nuestro <\/span><strong>evento especial de voluntariado el s\u00e1bado <\/strong><span>\u00a1Solo para j\u00f3venes y adolescentes! <\/span><strong>(Edad 14-17)<\/strong><\/p>\n\n\n\n<h5 class=\"gb-headline gb-headline-8b85fd3f gb-headline-text\">Centro de voluntarios<\/h5>\n\n\n\n<h4 class=\"gb-headline gb-headline-2e9ba7f4 gb-headline-text\">Voluntarios <strong><a href=\"https:\/\/findfoodbank.volunteerhub.com\/events\/index#_=_\" data-feathr-click-track=\"true\" style=\"color: #77828c; text-decoration: underline;\"><span style=\"color: #5f8947; text-decoration: underline;\">haga clic aqu\u00ed<\/span><\/a><\/strong> para consultar el calendario de turnos de voluntarios abiertos en nuestro almac\u00e9n o en los sitios de distribuci\u00f3n <strong>(Siglos<\/strong> <strong>18+)<\/strong><\/h4>\n\n<\/div>\n\n<div class=\"gb-container gb-container-5fb3cafa\">\n<div class=\"gb-grid-wrapper gb-grid-wrapper-0fc5ccfb\">\n<div class=\"gb-grid-column gb-grid-column-0214fb3a\"><div class=\"gb-container gb-container-0214fb3a\">\n\n<figure class=\"gb-block-image gb-block-image-8dbbf056\"><img loading=\"lazy\" decoding=\"async\" width=\"2560\" height=\"1553\" class=\"gb-image gb-image-8dbbf056\" src=\"https:\/\/findfoodbank.org\/wp-content\/uploads\/2024\/05\/Homebound-2-scaled.jpg\" alt=\"\" title=\"Homebound-2\" srcset=\"https:\/\/findfoodbank.org\/wp-content\/uploads\/2024\/05\/Homebound-2-scaled.jpg 2560w, https:\/\/findfoodbank.org\/wp-content\/uploads\/2024\/05\/Homebound-2-300x182.jpg 300w, https:\/\/findfoodbank.org\/wp-content\/uploads\/2024\/05\/Homebound-2-1024x621.jpg 1024w, https:\/\/findfoodbank.org\/wp-content\/uploads\/2024\/05\/Homebound-2-768x466.jpg 768w, https:\/\/findfoodbank.org\/wp-content\/uploads\/2024\/05\/Homebound-2-50x30.jpg 50w, https:\/\/findfoodbank.org\/wp-content\/uploads\/2024\/05\/Homebound-2-1600x971.jpg 1600w, https:\/\/findfoodbank.org\/wp-content\/uploads\/2024\/05\/Homebound-2-1536x932.jpg 1536w, https:\/\/findfoodbank.org\/wp-content\/uploads\/2024\/05\/Homebound-2-2048x1243.jpg 2048w, https:\/\/findfoodbank.org\/wp-content\/uploads\/2024\/05\/Homebound-2-18x12.jpg 18w\" sizes=\"auto, (max-width: 2560px) 100vw, 2560px\" \/><\/figure>\n\n<\/div><\/div>\n\n<div class=\"gb-grid-column gb-grid-column-d2bb5bb9\"><div class=\"gb-container gb-container-d2bb5bb9\">\n\n<h5 class=\"gb-headline gb-headline-838a3b29 gb-headline-text\"><strong>Conductores de entrega a domicilio <\/strong><strong>(Mayores de 18 a\u00f1os)<\/strong><\/h5>\n\n\n\n<p><span>Homebound deliveries help feed our most vulnerable neighbors in need by volunteering for a contactless delivery shift. Donate your gas mileage and volunteer behind the wheel; drop off pre-packaged goods for our homebound or immunocompromised clients. This is also a great opportunity to bring excited hunger fighters under the age of 14 to experience service to our community<\/span><\/p>\n\n<\/div><\/div>\n\n<div class=\"gb-grid-column gb-grid-column-5e717bb8\"><div class=\"gb-container gb-container-5e717bb8\">\n\n<h5 class=\"gb-headline gb-headline-be9f0f22 gb-headline-text\"><strong>Clasificar alimentos en nuestro almac\u00e9n <\/strong><strong>(Mayores de 17 a\u00f1os)<\/strong><\/h5>\n\n\n\n<p><span>Get a behind-the-scenes look at how donated food travels through our warehouse and delivered directly to&nbsp;over 150 distribution sites of community food pantries, homeless shelters, community mobile markets, and homebound residents most in need. You&#8217;ll inspect, sort, clean, box and prepare donations for distribution. We welcome volunteers over the age of 17 into our warehouse who are comfortable with walking, standing, bending, stooping, kneeling, lifting, and carrying items weighing in excess of 30 pounds. Please note that mask, gloves and comfortable close-toed shoes, must be worn at all times within our facility.&nbsp;<\/span><\/p>\n\n<\/div><\/div>\n\n<div class=\"gb-grid-column gb-grid-column-7f9aae4c\"><div class=\"gb-container gb-container-7f9aae4c\">\n\n<figure class=\"gb-block-image gb-block-image-fcdd5dc9\"><img loading=\"lazy\" decoding=\"async\" width=\"2560\" height=\"1920\" class=\"gb-image gb-image-fcdd5dc9\" src=\"https:\/\/findfoodbank.org\/wp-content\/uploads\/2025\/06\/IMG_0210-scaled.jpg\" alt=\"\" title=\"IMG_0210\" srcset=\"https:\/\/findfoodbank.org\/wp-content\/uploads\/2025\/06\/IMG_0210-scaled.jpg 2560w, https:\/\/findfoodbank.org\/wp-content\/uploads\/2025\/06\/IMG_0210-300x225.jpg 300w, https:\/\/findfoodbank.org\/wp-content\/uploads\/2025\/06\/IMG_0210-1024x768.jpg 1024w, https:\/\/findfoodbank.org\/wp-content\/uploads\/2025\/06\/IMG_0210-768x576.jpg 768w, https:\/\/findfoodbank.org\/wp-content\/uploads\/2025\/06\/IMG_0210-50x38.jpg 50w, https:\/\/findfoodbank.org\/wp-content\/uploads\/2025\/06\/IMG_0210-1600x1200.jpg 1600w, https:\/\/findfoodbank.org\/wp-content\/uploads\/2025\/06\/IMG_0210-1536x1152.jpg 1536w, https:\/\/findfoodbank.org\/wp-content\/uploads\/2025\/06\/IMG_0210-2048x1536.jpg 2048w, https:\/\/findfoodbank.org\/wp-content\/uploads\/2025\/06\/IMG_0210-16x12.jpg 16w\" sizes=\"auto, (max-width: 2560px) 100vw, 2560px\" \/><\/figure>\n\n<\/div><\/div>\n\n<div class=\"gb-grid-column gb-grid-column-9149ac38\"><div class=\"gb-container gb-container-9149ac38\"><\/div><\/div>\n\n<div class=\"gb-grid-column gb-grid-column-b31268db\"><div class=\"gb-container gb-container-b31268db\">\n\n<h5 class=\"gb-headline gb-headline-0b028396 gb-headline-text\"><strong>Oportunidades de voluntariado para adolescentes <\/strong><strong>(De 14 a 17 a\u00f1os)<\/strong><\/h5>\n\n\n\n<p><strong>Adolescentes (16 -17 a\u00f1os)<\/strong>: Voluntario en el almac\u00e9n o eventos de distribuci\u00f3n de FIND. No se requiere la supervisi\u00f3n de un adulto, pero un voluntario adulto y adolescente debe firmar el permiso de voluntariado. El adulto es responsable de los adolescentes durante las actividades de voluntariado. <strong>Adolescentes (14 \u2013 15 a\u00f1os)<\/strong>: Volunteer at warehouse events without creating a Volunteer Hub account. One adult chaperone must be present for every ten volunteers and sign a youth volunteer waiver. Call 760-542-2176 ext. 132 to reserve a Youth Volunteer Saturday spot.<\/p>\n\n\n\n<h5 class=\"gb-headline gb-headline-c3f2c105 gb-headline-text\"><strong>Distribuir comida a la comunidad <\/strong><strong>18+<\/strong><\/h5>\n\n\n\n<p><span>Con\u00e9ctese con residentes de toda la regi\u00f3n del desierto. Ayudar\u00e1 a distribuir alimentos y brindar\u00e1 un servicio alegre a los clientes que esperan en la fila para recibir las frutas, verduras, l\u00e1cteos y prote\u00ednas frescas que proporcionamos. Damos la bienvenida a los voluntarios que se sientan c\u00f3modos para caminar, pararse, agacharse, agacharse, arrodillarse, levantar y cargar art\u00edculos que pesen m\u00e1s de 30 libras. Tenga en cuenta que se DEBEN usar guantes y zapatos cerrados c\u00f3modos en todo momento mientras se encuentre en el sitio de distribuci\u00f3n.<\/span><\/p>\n\n<\/div><\/div>\n<\/div>\n<\/div>\n<\/div>\n\n<div class=\"gb-container gb-container-34735e58 alignfull\">\n<div class=\"gb-grid-wrapper gb-grid-wrapper-4bfaaac1\">\n<div class=\"gb-grid-column gb-grid-column-60c5a69a\"><div class=\"gb-container gb-container-60c5a69a\">\n\n<p><span style=\"font-size: large;\">Questions? Contact the Volunteer Programs Department.<\/span><\/p>\n\n\n\n<p><strong>Primary Contact for Volunteer Coordination:<\/strong><br>Juan Perez<br><a href=\"mailto:jperez@findfoodbank.org\" target=\"_blank\" rel=\"noreferrer noopener\">jperez@findfoodbank.org<\/a><br>760-542-2176 ext. 123<\/p>\n\n\n\n<a class=\"gb-button gb-button-53e39aff\" href=\"tel:7607753663,115\"><span class=\"gb-icon\"><svg aria-hidden=\"true\" role=\"img\" height=\"1em\" width=\"1em\" viewbox=\"0 0 256 512\" xmlns=\"http:\/\/www.w3.org\/2000\/svg\"><path fill=\"currentColor\" d=\"M224.3 273l-136 136c-9.4 9.4-24.6 9.4-33.9 0l-22.6-22.6c-9.4-9.4-9.4-24.6 0-33.9l96.4-96.4-96.4-96.4c-9.4-9.4-9.4-24.6 0-33.9L54.3 103c9.4-9.4 24.6-9.4 33.9 0l136 136c9.5 9.4 9.5 24.6.1 34z\"><\/path><\/svg><\/span><span class=\"gb-button-text\">Cont\u00e1ctenos<\/span><\/a>\n\n<\/div><\/div>\n\n<div class=\"gb-grid-column gb-grid-column-c52bb5de\"><div class=\"gb-container gb-container-c52bb5de\">\n\n<figure class=\"gb-block-image gb-block-image-7e63163e\"><img loading=\"lazy\" decoding=\"async\" width=\"1500\" height=\"1000\" class=\"gb-image gb-image-7e63163e\" src=\"https:\/\/findfoodbank.org\/wp-content\/uploads\/2025\/06\/Volunteer-with-cereal-smaller.jpg\" alt=\"\" title=\"Volunteer with cereal smaller\" srcset=\"https:\/\/findfoodbank.org\/wp-content\/uploads\/2025\/06\/Volunteer-with-cereal-smaller.jpg 1500w, https:\/\/findfoodbank.org\/wp-content\/uploads\/2025\/06\/Volunteer-with-cereal-smaller-300x200.jpg 300w, https:\/\/findfoodbank.org\/wp-content\/uploads\/2025\/06\/Volunteer-with-cereal-smaller-1024x683.jpg 1024w, https:\/\/findfoodbank.org\/wp-content\/uploads\/2025\/06\/Volunteer-with-cereal-smaller-768x512.jpg 768w, https:\/\/findfoodbank.org\/wp-content\/uploads\/2025\/06\/Volunteer-with-cereal-smaller-50x33.jpg 50w, https:\/\/findfoodbank.org\/wp-content\/uploads\/2025\/06\/Volunteer-with-cereal-smaller-18x12.jpg 18w\" sizes=\"auto, (max-width: 1500px) 100vw, 1500px\" \/><\/figure>\n\n<\/div><\/div>\n<\/div>\n<\/div>","protected":false},"excerpt":{"rendered":"<p> &#8230; <a title=\"Oportunidades para voluntarios\" class=\"read-more\" href=\"https:\/\/findfoodbank.org\/es\/volunteer-opportunities\/\" aria-label=\"Leer m\u00e1s sobre Volunteer Opportunities\">Read more<\/a><\/p>","protected":false},"author":15,"featured_media":12364,"parent":0,"menu_order":0,"comment_status":"closed","ping_status":"closed","template":"","meta":{"_monsterinsights_skip_tracking":false,"_monsterinsights_sitenote_active":false,"_monsterinsights_sitenote_note":"","_monsterinsights_sitenote_category":0,"_price":"","_stock":"","_tribe_ticket_header":"","_tribe_default_ticket_provider":"","_tribe_ticket_capacity":"0","_ticket_start_date":"","_ticket_end_date":"","_tribe_ticket_show_description":"","_tribe_ticket_show_not_going":false,"_tribe_ticket_use_global_stock":"","_tribe_ticket_global_stock_level":"","_global_stock_mode":"","_global_stock_cap":"","_tribe_rsvp_for_event":"","_tribe_ticket_going_count":"","_tribe_ticket_not_going_count":"","_tribe_tickets_list":"[]","_tribe_ticket_has_attendee_info_fields":false,"footnotes":"","_tec_slr_enabled":"","_tec_slr_layout":""},"class_list":["post-2294","page","type-page","status-publish","has-post-thumbnail","resize-featured-image"],"yoast_head":"<!-- This site is optimized with the Yoast SEO plugin v27.3 - https:\/\/yoast.com\/product\/yoast-seo-wordpress\/ -->\n<title>Volunteer Opportunities FIND Food Bank Coachella Valley<\/title>\n<meta name=\"description\" content=\"Connect with residents from across the desert region. You\u2019ll help distribute food and provide cheerful service to clients who wait in line to receive food.\" \/>\n<meta name=\"robots\" content=\"index, follow, max-snippet:-1, max-image-preview:large, max-video-preview:-1\" \/>\n<link rel=\"canonical\" href=\"https:\/\/findfoodbank.org\/es\/volunteer-opportunities\/\" \/>\n<meta property=\"og:locale\" content=\"es_MX\" \/>\n<meta property=\"og:type\" content=\"article\" \/>\n<meta property=\"og:title\" content=\"Volunteer Opportunities FIND Food Bank Coachella Valley\" \/>\n<meta property=\"og:description\" content=\"Connect with residents from across the desert region. You\u2019ll help distribute food and provide cheerful service to clients who wait in line to receive food.\" \/>\n<meta property=\"og:url\" content=\"https:\/\/findfoodbank.org\/es\/volunteer-opportunities\/\" \/>\n<meta property=\"og:site_name\" content=\"FIND Food Bank\" \/>\n<meta property=\"article:modified_time\" content=\"2026-04-13T20:55:42+00:00\" \/>\n<meta property=\"og:image\" content=\"https:\/\/findfoodbank.org\/wp-content\/uploads\/2023\/10\/volunteer-3-1024x768.png\" \/>\n\t<meta property=\"og:image:width\" content=\"1024\" \/>\n\t<meta property=\"og:image:height\" content=\"768\" \/>\n\t<meta property=\"og:image:type\" content=\"image\/png\" \/>\n<meta name=\"twitter:card\" content=\"summary_large_image\" \/>\n<meta name=\"twitter:label1\" content=\"Tiempo de lectura\" \/>\n\t<meta name=\"twitter:data1\" content=\"3 minutos\" \/>\n<script type=\"application\/ld+json\" class=\"yoast-schema-graph\">{\"@context\":\"https:\\\/\\\/schema.org\",\"@graph\":[{\"@type\":\"WebPage\",\"@id\":\"https:\\\/\\\/findfoodbank.org\\\/volunteer-opportunities\\\/\",\"url\":\"https:\\\/\\\/findfoodbank.org\\\/volunteer-opportunities\\\/\",\"name\":\"Volunteer Opportunities FIND Food Bank Coachella Valley\",\"isPartOf\":{\"@id\":\"https:\\\/\\\/findfoodbank.org\\\/#website\"},\"primaryImageOfPage\":{\"@id\":\"https:\\\/\\\/findfoodbank.org\\\/volunteer-opportunities\\\/#primaryimage\"},\"image\":{\"@id\":\"https:\\\/\\\/findfoodbank.org\\\/volunteer-opportunities\\\/#primaryimage\"},\"thumbnailUrl\":\"https:\\\/\\\/findfoodbank.org\\\/wp-content\\\/uploads\\\/2023\\\/10\\\/volunteer-3.png\",\"datePublished\":\"2021-07-29T21:23:57+00:00\",\"dateModified\":\"2026-04-13T20:55:42+00:00\",\"description\":\"Connect with residents from across the desert region. You\u2019ll help distribute food and provide cheerful service to clients who wait in line to receive food.\",\"breadcrumb\":{\"@id\":\"https:\\\/\\\/findfoodbank.org\\\/volunteer-opportunities\\\/#breadcrumb\"},\"inLanguage\":\"es\",\"potentialAction\":[{\"@type\":\"ReadAction\",\"target\":[\"https:\\\/\\\/findfoodbank.org\\\/volunteer-opportunities\\\/\"]}]},{\"@type\":\"ImageObject\",\"inLanguage\":\"es\",\"@id\":\"https:\\\/\\\/findfoodbank.org\\\/volunteer-opportunities\\\/#primaryimage\",\"url\":\"https:\\\/\\\/findfoodbank.org\\\/wp-content\\\/uploads\\\/2023\\\/10\\\/volunteer-3.png\",\"contentUrl\":\"https:\\\/\\\/findfoodbank.org\\\/wp-content\\\/uploads\\\/2023\\\/10\\\/volunteer-3.png\",\"width\":2568,\"height\":1926,\"caption\":\"FIND Food Bank Volunteers\"},{\"@type\":\"BreadcrumbList\",\"@id\":\"https:\\\/\\\/findfoodbank.org\\\/volunteer-opportunities\\\/#breadcrumb\",\"itemListElement\":[{\"@type\":\"ListItem\",\"position\":1,\"name\":\"Home\",\"item\":\"https:\\\/\\\/findfoodbank.org\\\/\"},{\"@type\":\"ListItem\",\"position\":2,\"name\":\"Volunteer Opportunities\"}]},{\"@type\":\"WebSite\",\"@id\":\"https:\\\/\\\/findfoodbank.org\\\/#website\",\"url\":\"https:\\\/\\\/findfoodbank.org\\\/\",\"name\":\"FIND Food Bank\",\"description\":\"The Desert's Regional Food Bank\",\"publisher\":{\"@id\":\"https:\\\/\\\/findfoodbank.org\\\/#organization\"},\"potentialAction\":[{\"@type\":\"SearchAction\",\"target\":{\"@type\":\"EntryPoint\",\"urlTemplate\":\"https:\\\/\\\/findfoodbank.org\\\/?s={search_term_string}\"},\"query-input\":{\"@type\":\"PropertyValueSpecification\",\"valueRequired\":true,\"valueName\":\"search_term_string\"}}],\"inLanguage\":\"es\"},{\"@type\":\"Organization\",\"@id\":\"https:\\\/\\\/findfoodbank.org\\\/#organization\",\"name\":\"FIND Food Bank\",\"url\":\"https:\\\/\\\/findfoodbank.org\\\/\",\"logo\":{\"@type\":\"ImageObject\",\"inLanguage\":\"es\",\"@id\":\"https:\\\/\\\/findfoodbank.org\\\/#\\\/schema\\\/logo\\\/image\\\/\",\"url\":\"https:\\\/\\\/findfoodbank.org\\\/wp-content\\\/uploads\\\/2025\\\/09\\\/FIND-logo25-horizontal_4c.png\",\"contentUrl\":\"https:\\\/\\\/findfoodbank.org\\\/wp-content\\\/uploads\\\/2025\\\/09\\\/FIND-logo25-horizontal_4c.png\",\"width\":1189,\"height\":373,\"caption\":\"FIND Food Bank\"},\"image\":{\"@id\":\"https:\\\/\\\/findfoodbank.org\\\/#\\\/schema\\\/logo\\\/image\\\/\"}}]}<\/script>\n<!-- \/ Yoast SEO plugin. -->","yoast_head_json":{"title":"Volunteer Opportunities FIND Food Bank Coachella Valley","description":"Connect with residents from across the desert region. You\u2019ll help distribute food and provide cheerful service to clients who wait in line to receive food.","robots":{"index":"index","follow":"follow","max-snippet":"max-snippet:-1","max-image-preview":"max-image-preview:large","max-video-preview":"max-video-preview:-1"},"canonical":"https:\/\/findfoodbank.org\/es\/volunteer-opportunities\/","og_locale":"es_MX","og_type":"article","og_title":"Volunteer Opportunities FIND Food Bank Coachella Valley","og_description":"Connect with residents from across the desert region. You\u2019ll help distribute food and provide cheerful service to clients who wait in line to receive food.","og_url":"https:\/\/findfoodbank.org\/es\/volunteer-opportunities\/","og_site_name":"FIND Food Bank","article_modified_time":"2026-04-13T20:55:42+00:00","og_image":[{"width":1024,"height":768,"url":"https:\/\/findfoodbank.org\/wp-content\/uploads\/2023\/10\/volunteer-3-1024x768.png","type":"image\/png"}],"twitter_card":"summary_large_image","twitter_misc":{"Tiempo de lectura":"3 minutos"},"schema":{"@context":"https:\/\/schema.org","@graph":[{"@type":"WebPage","@id":"https:\/\/findfoodbank.org\/volunteer-opportunities\/","url":"https:\/\/findfoodbank.org\/volunteer-opportunities\/","name":"Volunteer Opportunities FIND Food Bank Coachella Valley","isPartOf":{"@id":"https:\/\/findfoodbank.org\/#website"},"primaryImageOfPage":{"@id":"https:\/\/findfoodbank.org\/volunteer-opportunities\/#primaryimage"},"image":{"@id":"https:\/\/findfoodbank.org\/volunteer-opportunities\/#primaryimage"},"thumbnailUrl":"https:\/\/findfoodbank.org\/wp-content\/uploads\/2023\/10\/volunteer-3.png","datePublished":"2021-07-29T21:23:57+00:00","dateModified":"2026-04-13T20:55:42+00:00","description":"Connect with residents from across the desert region. You\u2019ll help distribute food and provide cheerful service to clients who wait in line to receive food.","breadcrumb":{"@id":"https:\/\/findfoodbank.org\/volunteer-opportunities\/#breadcrumb"},"inLanguage":"es","potentialAction":[{"@type":"ReadAction","target":["https:\/\/findfoodbank.org\/volunteer-opportunities\/"]}]},{"@type":"ImageObject","inLanguage":"es","@id":"https:\/\/findfoodbank.org\/volunteer-opportunities\/#primaryimage","url":"https:\/\/findfoodbank.org\/wp-content\/uploads\/2023\/10\/volunteer-3.png","contentUrl":"https:\/\/findfoodbank.org\/wp-content\/uploads\/2023\/10\/volunteer-3.png","width":2568,"height":1926,"caption":"FIND Food Bank Volunteers"},{"@type":"BreadcrumbList","@id":"https:\/\/findfoodbank.org\/volunteer-opportunities\/#breadcrumb","itemListElement":[{"@type":"ListItem","position":1,"name":"Home","item":"https:\/\/findfoodbank.org\/"},{"@type":"ListItem","position":2,"name":"Volunteer Opportunities"}]},{"@type":"WebSite","@id":"https:\/\/findfoodbank.org\/#website","url":"https:\/\/findfoodbank.org\/","name":"ENCONTRAR Banco de Alimentos","description":"El banco regional de alimentos del desierto","publisher":{"@id":"https:\/\/findfoodbank.org\/#organization"},"potentialAction":[{"@type":"SearchAction","target":{"@type":"EntryPoint","urlTemplate":"https:\/\/findfoodbank.org\/?s={search_term_string}"},"query-input":{"@type":"PropertyValueSpecification","valueRequired":true,"valueName":"search_term_string"}}],"inLanguage":"es"},{"@type":"Organization","@id":"https:\/\/findfoodbank.org\/#organization","name":"ENCONTRAR Banco de Alimentos","url":"https:\/\/findfoodbank.org\/","logo":{"@type":"ImageObject","inLanguage":"es","@id":"https:\/\/findfoodbank.org\/#\/schema\/logo\/image\/","url":"https:\/\/findfoodbank.org\/wp-content\/uploads\/2025\/09\/FIND-logo25-horizontal_4c.png","contentUrl":"https:\/\/findfoodbank.org\/wp-content\/uploads\/2025\/09\/FIND-logo25-horizontal_4c.png","width":1189,"height":373,"caption":"FIND Food Bank"},"image":{"@id":"https:\/\/findfoodbank.org\/#\/schema\/logo\/image\/"}}]}},"ticketed":false,"_links":{"self":[{"href":"https:\/\/findfoodbank.org\/es\/wp-json\/wp\/v2\/pages\/2294","targetHints":{"allow":["GET"]}}],"collection":[{"href":"https:\/\/findfoodbank.org\/es\/wp-json\/wp\/v2\/pages"}],"about":[{"href":"https:\/\/findfoodbank.org\/es\/wp-json\/wp\/v2\/types\/page"}],"author":[{"embeddable":true,"href":"https:\/\/findfoodbank.org\/es\/wp-json\/wp\/v2\/users\/15"}],"replies":[{"embeddable":true,"href":"https:\/\/findfoodbank.org\/es\/wp-json\/wp\/v2\/comments?post=2294"}],"version-history":[{"count":30,"href":"https:\/\/findfoodbank.org\/es\/wp-json\/wp\/v2\/pages\/2294\/revisions"}],"predecessor-version":[{"id":17870,"href":"https:\/\/findfoodbank.org\/es\/wp-json\/wp\/v2\/pages\/2294\/revisions\/17870"}],"wp:featuredmedia":[{"embeddable":true,"href":"https:\/\/findfoodbank.org\/es\/wp-json\/wp\/v2\/media\/12364"}],"wp:attachment":[{"href":"https:\/\/findfoodbank.org\/es\/wp-json\/wp\/v2\/media?parent=2294"}],"curies":[{"name":"wp","href":"https:\/\/api.w.org\/{rel}","templated":true}]}}