{"id":2282,"date":"2021-07-29T21:05:13","date_gmt":"2021-07-29T21:05:13","guid":{"rendered":"http:\/\/findfoodbank.flywheelsites.com\/?page_id=2282"},"modified":"2024-09-20T11:40:54","modified_gmt":"2024-09-20T18:40:54","slug":"planned-estate-giving","status":"publish","type":"page","link":"https:\/\/findfoodbank.org\/es\/planned-estate-giving\/","title":{"rendered":"Donaciones planificadas y patrimoniales"},"content":{"rendered":"<div class=\"gb-container gb-container-4b6acb62 alignfull\">\n<div class=\"gb-container gb-container-8f265859\">\n<div class=\"gb-grid-wrapper gb-grid-wrapper-2348c1ac\">\n<div class=\"gb-grid-column gb-grid-column-8c5571b5\"><div class=\"gb-container gb-container-8c5571b5\">\n<nav style=\"color: #324452;\" class=\"has-text-color  is-vertical wp-block-navigation is-layout-flex wp-container-core-navigation-is-layout-8cf370e7 wp-block-navigation-is-layout-flex\" aria-label=\"Soporte financiero\"><ul style=\"color: #324452;\" class=\"wp-block-navigation__container has-text-color  is-vertical wp-block-navigation\"><li class=\"wp-block-navigation-item wp-block-navigation-link\"><a class=\"wp-block-navigation-item__content\"  href=\"https:\/\/findfoodbank.org\/es\/get-involved\/financial-support\/annual-giving\/\"><span class=\"wp-block-navigation-item__label\">Donaciones anuales<\/span><\/a><\/li><li class=\"wp-block-navigation-item wp-block-navigation-link\"><a class=\"wp-block-navigation-item__content\"  href=\"https:\/\/findfoodbank.org\/es\/planned-estate-giving\/\"><span class=\"wp-block-navigation-item__label\">Donaciones planificadas y patrimoniales<\/span><\/a><\/li><li class=\"wp-block-navigation-item wp-block-navigation-link\"><a class=\"wp-block-navigation-item__content\"  href=\"https:\/\/findfoodbank.org\/es\/matchinggifts\/\"><span class=\"wp-block-navigation-item__label\">Regalos a juego<\/span><\/a><\/li><li class=\"wp-block-navigation-item wp-block-navigation-link\"><a class=\"wp-block-navigation-item__content\"  href=\"https:\/\/findfoodbank.org\/es\/stock-gifts\/\"><span class=\"wp-block-navigation-item__label\">Regalos en stock<\/span><\/a><\/li><li class=\"wp-block-navigation-item wp-block-navigation-link\"><a class=\"wp-block-navigation-item__content\"  href=\"https:\/\/findfoodbank.org\/es\/get-involved\/financial-support\/donor-faqs\/\"><span class=\"wp-block-navigation-item__label\">Preguntas frecuentes de donantes<span>&#039;<\/span>s<\/span><\/a><\/li><li class=\"wp-block-navigation-item wp-block-navigation-link\"><a class=\"wp-block-navigation-item__content\"  href=\"https:\/\/findfoodbank.org\/es\/shoptogive\/\"><span class=\"wp-block-navigation-item__label\">Comprar para regalar<\/span><\/a><\/li><li class=\"wp-block-navigation-item wp-block-navigation-link\"><a class=\"wp-block-navigation-item__content\"  href=\"https:\/\/findfoodbank.org\/es\/giving-society\/\"><span class=\"wp-block-navigation-item__label\">Dando sociedad<\/span><\/a><\/li><\/ul><\/nav>\n<\/div><\/div>\n\n<div class=\"gb-grid-column gb-grid-column-37fcd0e7\"><div class=\"gb-container gb-container-37fcd0e7\">\n\n<p>Un obsequio a FIND Food Bank en su testamento o fideicomiso brindar\u00e1 apoyo continuo para nuestra misi\u00f3n y tendr\u00e1 un impacto duradero en las vidas de nuestros futuros clientes. <\/p>\n\n\n\n<p>Your bequest to support our mission needs to be considered thoughtfully.&nbsp;Many quality gift-planning techniques are available, and you can choose the type of gift that best suits your needs. For example, your bequest can be a stated dollar amount, or you can bequeath specific property to FIND Food Bank.&nbsp;Some of our friends prefer to give a certain percentage of the remainder of their estate: the amount which remains after paying all debts, costs, and other prior legacies. <\/p>\n\n\n\n<p>Cualquiera que sea la forma que prefiera, puede ordenar que su legado se utilice para nuestras mayores necesidades o para un prop\u00f3sito espec\u00edfico que usted designe. Estaremos encantados de trabajar con usted en la planificaci\u00f3n de un regalo, que ser\u00e1 satisfactorio y eficaz en la realizaci\u00f3n de sus deseos para facilitar nuestra misi\u00f3n.<\/p>\n\n\n\n<p>Hacer un regalo es f\u00e1cil e impactante. Consulte con su abogado o planificador patrimonial para comenzar. Dirija sus preguntas a nuestro Departamento de Desarrollo al 760-775-3663 ext. 125.<\/p>\n\n<\/div><\/div>\n<\/div>\n<\/div>\n<\/div>","protected":false},"excerpt":{"rendered":"","protected":false},"author":15,"featured_media":4010,"parent":0,"menu_order":0,"comment_status":"closed","ping_status":"closed","template":"","meta":{"_monsterinsights_skip_tracking":false,"_monsterinsights_sitenote_active":false,"_monsterinsights_sitenote_note":"","_monsterinsights_sitenote_category":0,"_price":"","_stock":"","_tribe_ticket_header":"","_tribe_default_ticket_provider":"","_tribe_ticket_capacity":"0","_ticket_start_date":"","_ticket_end_date":"","_tribe_ticket_show_description":"","_tribe_ticket_show_not_going":false,"_tribe_ticket_use_global_stock":"","_tribe_ticket_global_stock_level":"","_global_stock_mode":"","_global_stock_cap":"","_tribe_rsvp_for_event":"","_tribe_ticket_going_count":"","_tribe_ticket_not_going_count":"","_tribe_tickets_list":"[]","_tribe_ticket_has_attendee_info_fields":false,"footnotes":"","_tec_slr_enabled":"","_tec_slr_layout":""},"class_list":["post-2282","page","type-page","status-publish","has-post-thumbnail","resize-featured-image"],"yoast_head":"<!-- This site is optimized with the Yoast SEO plugin v27.4 - https:\/\/yoast.com\/product\/yoast-seo-wordpress\/ -->\n<title>Planned &amp; Estate Giving, FOOD Find Bank, Donations to FIND<\/title>\n<meta name=\"description\" content=\"A gift to FIND Food Bank in your will or trust will provide ongoing support for our mission and will make a long-lasting impact in the lives of our future clients.\" \/>\n<meta name=\"robots\" content=\"index, follow, max-snippet:-1, max-image-preview:large, max-video-preview:-1\" \/>\n<link rel=\"canonical\" href=\"https:\/\/findfoodbank.org\/es\/planned-estate-giving\/\" \/>\n<meta property=\"og:locale\" content=\"es_MX\" \/>\n<meta property=\"og:type\" content=\"article\" \/>\n<meta property=\"og:title\" content=\"Planned &amp; Estate Giving, FOOD Find Bank, Donations to FIND\" \/>\n<meta property=\"og:description\" content=\"A gift to FIND Food Bank in your will or trust will provide ongoing support for our mission and will make a long-lasting impact in the lives of our future clients.\" \/>\n<meta property=\"og:url\" content=\"https:\/\/findfoodbank.org\/es\/planned-estate-giving\/\" \/>\n<meta property=\"og:site_name\" content=\"FIND Food Bank\" \/>\n<meta property=\"article:modified_time\" content=\"2024-09-20T18:40:54+00:00\" \/>\n<meta property=\"og:image\" content=\"https:\/\/findfoodbank.org\/wp-content\/uploads\/2021\/10\/PEBT-P1-11-e1634156920348.png\" \/>\n\t<meta property=\"og:image:width\" content=\"1080\" \/>\n\t<meta property=\"og:image:height\" content=\"723\" \/>\n\t<meta property=\"og:image:type\" content=\"image\/png\" \/>\n<meta name=\"twitter:card\" content=\"summary_large_image\" \/>\n<meta name=\"twitter:label1\" content=\"Tiempo de lectura\" \/>\n\t<meta name=\"twitter:data1\" content=\"2 minutos\" \/>\n<script type=\"application\/ld+json\" class=\"yoast-schema-graph\">{\"@context\":\"https:\\\/\\\/schema.org\",\"@graph\":[{\"@type\":\"WebPage\",\"@id\":\"https:\\\/\\\/findfoodbank.org\\\/planned-estate-giving\\\/\",\"url\":\"https:\\\/\\\/findfoodbank.org\\\/planned-estate-giving\\\/\",\"name\":\"Planned & Estate Giving, FOOD Find Bank, Donations to FIND\",\"isPartOf\":{\"@id\":\"https:\\\/\\\/findfoodbank.org\\\/#website\"},\"primaryImageOfPage\":{\"@id\":\"https:\\\/\\\/findfoodbank.org\\\/planned-estate-giving\\\/#primaryimage\"},\"image\":{\"@id\":\"https:\\\/\\\/findfoodbank.org\\\/planned-estate-giving\\\/#primaryimage\"},\"thumbnailUrl\":\"https:\\\/\\\/findfoodbank.org\\\/wp-content\\\/uploads\\\/2021\\\/10\\\/PEBT-P1-11-e1634156920348.png\",\"datePublished\":\"2021-07-29T21:05:13+00:00\",\"dateModified\":\"2024-09-20T18:40:54+00:00\",\"description\":\"A gift to FIND Food Bank in your will or trust will provide ongoing support for our mission and will make a long-lasting impact in the lives of our future clients.\",\"breadcrumb\":{\"@id\":\"https:\\\/\\\/findfoodbank.org\\\/planned-estate-giving\\\/#breadcrumb\"},\"inLanguage\":\"es\",\"potentialAction\":[{\"@type\":\"ReadAction\",\"target\":[\"https:\\\/\\\/findfoodbank.org\\\/planned-estate-giving\\\/\"]}]},{\"@type\":\"ImageObject\",\"inLanguage\":\"es\",\"@id\":\"https:\\\/\\\/findfoodbank.org\\\/planned-estate-giving\\\/#primaryimage\",\"url\":\"https:\\\/\\\/findfoodbank.org\\\/wp-content\\\/uploads\\\/2021\\\/10\\\/PEBT-P1-11-e1634156920348.png\",\"contentUrl\":\"https:\\\/\\\/findfoodbank.org\\\/wp-content\\\/uploads\\\/2021\\\/10\\\/PEBT-P1-11-e1634156920348.png\",\"width\":1080,\"height\":723},{\"@type\":\"BreadcrumbList\",\"@id\":\"https:\\\/\\\/findfoodbank.org\\\/planned-estate-giving\\\/#breadcrumb\",\"itemListElement\":[{\"@type\":\"ListItem\",\"position\":1,\"name\":\"Home\",\"item\":\"https:\\\/\\\/findfoodbank.org\\\/\"},{\"@type\":\"ListItem\",\"position\":2,\"name\":\"Planned &#038; Estate Giving\"}]},{\"@type\":\"WebSite\",\"@id\":\"https:\\\/\\\/findfoodbank.org\\\/#website\",\"url\":\"https:\\\/\\\/findfoodbank.org\\\/\",\"name\":\"FIND Food Bank\",\"description\":\"The Desert's Regional Food Bank\",\"publisher\":{\"@id\":\"https:\\\/\\\/findfoodbank.org\\\/#organization\"},\"potentialAction\":[{\"@type\":\"SearchAction\",\"target\":{\"@type\":\"EntryPoint\",\"urlTemplate\":\"https:\\\/\\\/findfoodbank.org\\\/?s={search_term_string}\"},\"query-input\":{\"@type\":\"PropertyValueSpecification\",\"valueRequired\":true,\"valueName\":\"search_term_string\"}}],\"inLanguage\":\"es\"},{\"@type\":\"Organization\",\"@id\":\"https:\\\/\\\/findfoodbank.org\\\/#organization\",\"name\":\"FIND Food Bank\",\"url\":\"https:\\\/\\\/findfoodbank.org\\\/\",\"logo\":{\"@type\":\"ImageObject\",\"inLanguage\":\"es\",\"@id\":\"https:\\\/\\\/findfoodbank.org\\\/#\\\/schema\\\/logo\\\/image\\\/\",\"url\":\"https:\\\/\\\/findfoodbank.org\\\/wp-content\\\/uploads\\\/2025\\\/09\\\/FIND-logo25-horizontal_4c.png\",\"contentUrl\":\"https:\\\/\\\/findfoodbank.org\\\/wp-content\\\/uploads\\\/2025\\\/09\\\/FIND-logo25-horizontal_4c.png\",\"width\":1189,\"height\":373,\"caption\":\"FIND Food Bank\"},\"image\":{\"@id\":\"https:\\\/\\\/findfoodbank.org\\\/#\\\/schema\\\/logo\\\/image\\\/\"}}]}<\/script>\n<!-- \/ Yoast SEO plugin. -->","yoast_head_json":{"title":"Planned & Estate Giving, FOOD Find Bank, Donations to FIND","description":"Un obsequio a FIND Food Bank en su testamento o fideicomiso brindar\u00e1 apoyo continuo para nuestra misi\u00f3n y tendr\u00e1 un impacto duradero en las vidas de nuestros futuros clientes.","robots":{"index":"index","follow":"follow","max-snippet":"max-snippet:-1","max-image-preview":"max-image-preview:large","max-video-preview":"max-video-preview:-1"},"canonical":"https:\/\/findfoodbank.org\/es\/planned-estate-giving\/","og_locale":"es_MX","og_type":"article","og_title":"Planned & Estate Giving, FOOD Find Bank, Donations to FIND","og_description":"A gift to FIND Food Bank in your will or trust will provide ongoing support for our mission and will make a long-lasting impact in the lives of our future clients.","og_url":"https:\/\/findfoodbank.org\/es\/planned-estate-giving\/","og_site_name":"FIND Food Bank","article_modified_time":"2024-09-20T18:40:54+00:00","og_image":[{"width":1080,"height":723,"url":"https:\/\/findfoodbank.org\/wp-content\/uploads\/2021\/10\/PEBT-P1-11-e1634156920348.png","type":"image\/png"}],"twitter_card":"summary_large_image","twitter_misc":{"Tiempo de lectura":"2 minutos"},"schema":{"@context":"https:\/\/schema.org","@graph":[{"@type":"WebPage","@id":"https:\/\/findfoodbank.org\/planned-estate-giving\/","url":"https:\/\/findfoodbank.org\/planned-estate-giving\/","name":"Planned & Estate Giving, FOOD Find Bank, Donations to FIND","isPartOf":{"@id":"https:\/\/findfoodbank.org\/#website"},"primaryImageOfPage":{"@id":"https:\/\/findfoodbank.org\/planned-estate-giving\/#primaryimage"},"image":{"@id":"https:\/\/findfoodbank.org\/planned-estate-giving\/#primaryimage"},"thumbnailUrl":"https:\/\/findfoodbank.org\/wp-content\/uploads\/2021\/10\/PEBT-P1-11-e1634156920348.png","datePublished":"2021-07-29T21:05:13+00:00","dateModified":"2024-09-20T18:40:54+00:00","description":"Un obsequio a FIND Food Bank en su testamento o fideicomiso brindar\u00e1 apoyo continuo para nuestra misi\u00f3n y tendr\u00e1 un impacto duradero en las vidas de nuestros futuros clientes.","breadcrumb":{"@id":"https:\/\/findfoodbank.org\/planned-estate-giving\/#breadcrumb"},"inLanguage":"es","potentialAction":[{"@type":"ReadAction","target":["https:\/\/findfoodbank.org\/planned-estate-giving\/"]}]},{"@type":"ImageObject","inLanguage":"es","@id":"https:\/\/findfoodbank.org\/planned-estate-giving\/#primaryimage","url":"https:\/\/findfoodbank.org\/wp-content\/uploads\/2021\/10\/PEBT-P1-11-e1634156920348.png","contentUrl":"https:\/\/findfoodbank.org\/wp-content\/uploads\/2021\/10\/PEBT-P1-11-e1634156920348.png","width":1080,"height":723},{"@type":"BreadcrumbList","@id":"https:\/\/findfoodbank.org\/planned-estate-giving\/#breadcrumb","itemListElement":[{"@type":"ListItem","position":1,"name":"Home","item":"https:\/\/findfoodbank.org\/"},{"@type":"ListItem","position":2,"name":"Planned &#038; Estate Giving"}]},{"@type":"WebSite","@id":"https:\/\/findfoodbank.org\/#website","url":"https:\/\/findfoodbank.org\/","name":"ENCONTRAR Banco de Alimentos","description":"El banco regional de alimentos del desierto","publisher":{"@id":"https:\/\/findfoodbank.org\/#organization"},"potentialAction":[{"@type":"SearchAction","target":{"@type":"EntryPoint","urlTemplate":"https:\/\/findfoodbank.org\/?s={search_term_string}"},"query-input":{"@type":"PropertyValueSpecification","valueRequired":true,"valueName":"search_term_string"}}],"inLanguage":"es"},{"@type":"Organization","@id":"https:\/\/findfoodbank.org\/#organization","name":"ENCONTRAR Banco de Alimentos","url":"https:\/\/findfoodbank.org\/","logo":{"@type":"ImageObject","inLanguage":"es","@id":"https:\/\/findfoodbank.org\/#\/schema\/logo\/image\/","url":"https:\/\/findfoodbank.org\/wp-content\/uploads\/2025\/09\/FIND-logo25-horizontal_4c.png","contentUrl":"https:\/\/findfoodbank.org\/wp-content\/uploads\/2025\/09\/FIND-logo25-horizontal_4c.png","width":1189,"height":373,"caption":"FIND Food Bank"},"image":{"@id":"https:\/\/findfoodbank.org\/#\/schema\/logo\/image\/"}}]}},"ticketed":false,"_links":{"self":[{"href":"https:\/\/findfoodbank.org\/es\/wp-json\/wp\/v2\/pages\/2282","targetHints":{"allow":["GET"]}}],"collection":[{"href":"https:\/\/findfoodbank.org\/es\/wp-json\/wp\/v2\/pages"}],"about":[{"href":"https:\/\/findfoodbank.org\/es\/wp-json\/wp\/v2\/types\/page"}],"author":[{"embeddable":true,"href":"https:\/\/findfoodbank.org\/es\/wp-json\/wp\/v2\/users\/15"}],"replies":[{"embeddable":true,"href":"https:\/\/findfoodbank.org\/es\/wp-json\/wp\/v2\/comments?post=2282"}],"version-history":[{"count":13,"href":"https:\/\/findfoodbank.org\/es\/wp-json\/wp\/v2\/pages\/2282\/revisions"}],"predecessor-version":[{"id":14476,"href":"https:\/\/findfoodbank.org\/es\/wp-json\/wp\/v2\/pages\/2282\/revisions\/14476"}],"wp:featuredmedia":[{"embeddable":true,"href":"https:\/\/findfoodbank.org\/es\/wp-json\/wp\/v2\/media\/4010"}],"wp:attachment":[{"href":"https:\/\/findfoodbank.org\/es\/wp-json\/wp\/v2\/media?parent=2282"}],"curies":[{"name":"wp","href":"https:\/\/api.w.org\/{rel}","templated":true}]}}