{"id":2253,"date":"2021-07-29T20:12:52","date_gmt":"2021-07-29T20:12:52","guid":{"rendered":"http:\/\/findfoodbank.flywheelsites.com\/?page_id=2253"},"modified":"2025-07-07T11:04:55","modified_gmt":"2025-07-07T18:04:55","slug":"what-we-do","status":"publish","type":"page","link":"https:\/\/findfoodbank.org\/es\/what-we-do\/","title":{"rendered":"Que hacemos"},"content":{"rendered":"<div class=\"gb-container gb-container-779a2ee0 alignfull\">\n<div class=\"gb-container gb-container-43019567\">\n<div class=\"gb-grid-wrapper gb-grid-wrapper-282681a2\">\n<div class=\"gb-grid-column gb-grid-column-af82f7c7\"><div class=\"gb-container gb-container-af82f7c7\">\n<nav class=\"is-responsive  is-vertical wp-block-navigation is-layout-flex wp-container-core-navigation-is-layout-8cf370e7 wp-block-navigation-is-layout-flex\" aria-label=\"About Us\" \n\t\t data-wp-interactive=\"core\/navigation\" data-wp-context='{\"overlayOpenedBy\":{\"click\":false,\"hover\":false,\"focus\":false},\"type\":\"overlay\",\"roleAttribute\":\"\",\"ariaLabel\":\"Men\\u00fa\"}'><button aria-haspopup=\"dialog\" aria-label=\"Abrir el men\u00fa\" class=\"wp-block-navigation__responsive-container-open\" \n\t\t\t\tdata-wp-on--click=\"actions.openMenuOnClick\"\n\t\t\t\tdata-wp-on--keydown=\"actions.handleMenuKeydown\"\n\t\t\t><svg width=\"24\" height=\"24\" xmlns=\"http:\/\/www.w3.org\/2000\/svg\" viewbox=\"0 0 24 24\" aria-hidden=\"true\" focusable=\"false\"><path d=\"M4 7.5h16v1.5H4z\"><\/path><path d=\"M4 15h16v1.5H4z\"><\/path><\/svg><\/button>\n\t\t\t\t<div class=\"wp-block-navigation__responsive-container\"  id=\"modal-1\" \n\t\t\t\tdata-wp-class--has-modal-open=\"state.isMenuOpen\"\n\t\t\t\tdata-wp-class--is-menu-open=\"state.isMenuOpen\"\n\t\t\t\tdata-wp-watch=\"callbacks.initMenu\"\n\t\t\t\tdata-wp-on--keydown=\"actions.handleMenuKeydown\"\n\t\t\t\tdata-wp-on--focusout=\"actions.handleMenuFocusout\"\n\t\t\t\ttabindex=\"-1\"\n\t\t\t>\n\t\t\t\t\t<div class=\"wp-block-navigation__responsive-close\" tabindex=\"-1\">\n\t\t\t\t\t\t<div class=\"wp-block-navigation__responsive-dialog\" \n\t\t\t\tdata-wp-bind--aria-modal=\"state.ariaModal\"\n\t\t\t\tdata-wp-bind--aria-label=\"state.ariaLabel\"\n\t\t\t\tdata-wp-bind--role=\"state.roleAttribute\"\n\t\t\t>\n\t\t\t\t\t\t\t<button aria-label=\"Cerrar el men\u00fa\" class=\"wp-block-navigation__responsive-container-close\" \n\t\t\t\tdata-wp-on--click=\"actions.closeMenuOnClick\"\n\t\t\t><svg xmlns=\"http:\/\/www.w3.org\/2000\/svg\" viewbox=\"0 0 24 24\" width=\"24\" height=\"24\" aria-hidden=\"true\" focusable=\"false\"><path d=\"m13.06 12 6.47-6.47-1.06-1.06L12 10.94 5.53 4.47 4.47 5.53 10.94 12l-6.47 6.47 1.06 1.06L12 13.06l6.47 6.47 1.06-1.06L13.06 12Z\"><\/path><\/svg><\/button>\n\t\t\t\t\t\t\t<div class=\"wp-block-navigation__responsive-container-content\" \n\t\t\t\tdata-wp-watch=\"callbacks.focusFirstElement\"\n\t\t\t id=\"modal-1-content\">\n\t\t\t\t\t\t\t\t<ul class=\"wp-block-navigation__container is-responsive  is-vertical wp-block-navigation\"><li class=\"wp-block-navigation-item wp-block-navigation-link\"><a class=\"wp-block-navigation-item__content\"  href=\"https:\/\/findfoodbank.org\/es\/about-us\/\"><span class=\"wp-block-navigation-item__label\">Sobre nosotros<\/span><\/a><\/li><li class=\"wp-block-navigation-item wp-block-navigation-link\"><a class=\"wp-block-navigation-item__content\"  href=\"https:\/\/findfoodbank.org\/es\/what-we-do\/\"><span class=\"wp-block-navigation-item__label\">Que hacemos<\/span><\/a><\/li><li class=\"wp-block-navigation-item wp-block-navigation-link\"><a class=\"wp-block-navigation-item__content\"  href=\"https:\/\/findfoodbank.org\/es\/mission-vision\/\"><span class=\"wp-block-navigation-item__label\">Mission, Vision, Values<\/span><\/a><\/li><li class=\"wp-block-navigation-item wp-block-navigation-link\"><a class=\"wp-block-navigation-item__content\"  href=\"https:\/\/findfoodbank.org\/es\/?page_id=13389\"><span class=\"wp-block-navigation-item__label\">Expansion<\/span><\/a><\/li><li class=\"wp-block-navigation-item wp-block-navigation-link\"><a class=\"wp-block-navigation-item__content\"  href=\"https:\/\/findfoodbank.org\/es\/our-team\/\"><span class=\"wp-block-navigation-item__label\">Nuestro equipo<\/span><\/a><\/li><li class=\"wp-block-navigation-item wp-block-navigation-link\"><a class=\"wp-block-navigation-item__content\"  href=\"https:\/\/findfoodbank.org\/es\/locations\/\"><span class=\"wp-block-navigation-item__label\">Events<\/span><\/a><\/li><li class=\"wp-block-navigation-item wp-block-navigation-link\"><a class=\"wp-block-navigation-item__content\"  href=\"https:\/\/findfoodbank.org\/es\/about-us\/hunger-in-our-community\/\"><span class=\"wp-block-navigation-item__label\">Hambre en nuestra comunidad<\/span><\/a><\/li><li class=\"wp-block-navigation-item wp-block-navigation-link\"><a class=\"wp-block-navigation-item__content\"  href=\"https:\/\/findfoodbank.org\/es\/find-in-the-news\/\"><span class=\"wp-block-navigation-item__label\">FIND in the News<\/span><\/a><\/li><li class=\"wp-block-navigation-item wp-block-navigation-link\"><a class=\"wp-block-navigation-item__content\"  href=\"https:\/\/findfoodbank.org\/es\/about-us\/annual-reports-financials\/\"><span class=\"wp-block-navigation-item__label\">Informes anuales y finanzas<\/span><\/a><\/li><li class=\"wp-block-navigation-item wp-block-navigation-link\"><a class=\"wp-block-navigation-item__content\"  href=\"https:\/\/findfoodbank.org\/es\/annual-report-2021-22\/\"><span class=\"wp-block-navigation-item__label\">Annual Report 2022-23<\/span><\/a><\/li><li class=\"wp-block-navigation-item wp-block-navigation-link\"><a class=\"wp-block-navigation-item__content\"  href=\"https:\/\/findfoodbank.org\/es\/history\/\"><span class=\"wp-block-navigation-item__label\">Historia<\/span><\/a><\/li><li class=\"wp-block-navigation-item wp-block-navigation-link\"><a class=\"wp-block-navigation-item__content\"  href=\"https:\/\/findfoodbank.org\/es\/newsletter\/\"><span class=\"wp-block-navigation-item__label\">Boletin informativo<\/span><\/a><\/li><\/ul>\n\t\t\t\t\t\t\t<\/div>\n\t\t\t\t\t\t<\/div>\n\t\t\t\t\t<\/div>\n\t\t\t\t<\/div><\/nav>\n<\/div><\/div>\n\n<div class=\"gb-grid-column gb-grid-column-3a54757d\"><div class=\"gb-container gb-container-3a54757d\">\n\n<h5 class=\"gb-headline gb-headline-6a51e3ac gb-headline-text\">Que hacemos<\/h5>\n\n\n\n<h1 class=\"wp-block-heading\">ENCONTRAR fuentes de alimentos:<\/h1>\n\n\n\n<figure class=\"wp-block-image size-large\"><img decoding=\"async\" src=\"https:\/\/findfoodbank.org\/wp-content\/uploads\/2021\/08\/sources_food.png\" alt=\"FIND sources food\" title=\"\"\/><\/figure>\n\n\n\n<p>Los alimentos de FIND provienen de donaciones, productos comprados o programas del gobierno federal. Aseguramos donaciones de alimentos en diferentes puntos de la cadena de suministro, desde productores y fabricantes locales y estatales hasta distribuidores, mayoristas y minoristas. El Programa de Asistencia Alimentaria de Emergencia (TEFAP, por sus siglas en ingl\u00e9s), un programa federal del USDA, ayuda a los bancos de alimentos a distribuir alimentos preenvasados diversos provenientes de diferentes personas y lugares.<\/p>\n\n\n\n<p>Empresas locales, organizaciones profesionales y comunitarias, asociaciones de propietarios de viviendas, escuelas y grupos religiosos patrocinan cientos de campa\u00f1as de recolecci\u00f3n de alimentos cada a\u00f1o. <a href=\"https:\/\/findfoodbank.org\/es\/get-involved\/donate-foods\/\">Empiece una colecta de alimentos hoy<\/a>.<\/p>\n\n\n\n<p>Si est\u00e1 involucrado en la industria alimentaria, <a href=\"https:\/\/findfoodbank.org\/es\/get-involved\/corporate-support\/food-industry-donations\/\">aprenda m\u00e1s sobre c\u00f3mo hacer una donaci\u00f3n de alimentos<\/a>.<\/p>\n\n\n\n<h1 class=\"wp-block-heading\">FIND stores &amp; packages food<\/h1>\n\n\n\n<figure class=\"wp-block-image size-large\"><img decoding=\"async\" src=\"https:\/\/findfoodbank.org\/wp-content\/uploads\/2021\/08\/FIND-stores-packages-food.png\" alt=\"FIND stores &amp; packages food\" title=\"\"\/><\/figure>\n\n\n\n<p>El equipo FIND colabora con voluntarios para preparar la comida para su distribuci\u00f3n. Los voluntarios inspeccionan, clasifican, reempacan y etiquetan los alimentos para su distribuci\u00f3n a nuestras agencias asociadas y mercados m\u00f3viles. El equipo de Warehouse recoge y distribuye alimentos de manera segura en los condados del este de Riverside y del sur de San Bernardino.<\/p>\n\n<\/div><\/div>\n<\/div>\n\n\n<h1 class=\"gb-headline gb-headline-add64171 gb-headline-text\">FIND distributes food across 10,000 sq. mile service area<\/h1>\n\n\n\n<figure class=\"gb-block-image gb-block-image-35f1d437\"><img decoding=\"async\" class=\"gb-image gb-image-35f1d437\" src=\"https:\/\/findfoodbank.org\/wp-content\/uploads\/2021\/08\/FIND-distributes-food.png\"\/><\/figure>\n\n\n\n<p>Las agencias asociadas sirven comida de diversas formas, seg\u00fan las necesidades de sus clientes. Al menos 75% de nuestro suministro de alimentos se distribuye a nuestros comedores, refugios y despensas de alimentos asociados y distribuci\u00f3n m\u00f3vil de alimentos.<\/p>\n\n\n\n<h1 class=\"gb-headline gb-headline-c16fbe09 gb-headline-text\">Vea nuestros programas y servicios<\/h1>\n\n<\/div>\n<\/div>\n\n<div class=\"gb-container gb-container-2d94d8e0 alignfull\">\n<div class=\"gb-container gb-container-9e064497\">\n<div class=\"gb-grid-wrapper gb-grid-wrapper-939d4a80\">\n<div class=\"gb-grid-column gb-grid-column-8a5aa685\"><div class=\"gb-container gb-container-8a5aa685\">\n\n<figure class=\"gb-block-image gb-block-image-0c051cfe\"><img loading=\"lazy\" decoding=\"async\" width=\"600\" height=\"375\" class=\"gb-image gb-image-0c051cfe\" src=\"https:\/\/findfoodbank.org\/wp-content\/uploads\/2021\/08\/Start_a_Program_Older_adult_programs.jpg\" alt=\"Start a Program Older adult programs\" title=\"Start_a_Program_Older_adult_programs\" srcset=\"https:\/\/findfoodbank.org\/wp-content\/uploads\/2021\/08\/Start_a_Program_Older_adult_programs.jpg 600w, https:\/\/findfoodbank.org\/wp-content\/uploads\/2021\/08\/Start_a_Program_Older_adult_programs-300x188.jpg 300w, https:\/\/findfoodbank.org\/wp-content\/uploads\/2021\/08\/Start_a_Program_Older_adult_programs-18x12.jpg 18w, https:\/\/findfoodbank.org\/wp-content\/uploads\/2021\/08\/Start_a_Program_Older_adult_programs-400x250.jpg 400w, https:\/\/findfoodbank.org\/wp-content\/uploads\/2021\/08\/Start_a_Program_Older_adult_programs-480x300.jpg 480w\" sizes=\"auto, (max-width: 600px) 100vw, 600px\" \/><\/figure>\n\n\n<div class=\"gb-container gb-container-1edb2e8f\">\n\n<h4 class=\"wp-block-heading has-text-align-center\"><strong>Older Adult<br>Programs<\/strong><\/h4>\n\n\n\n<p class=\"has-text-align-center\">Proporcionar alimentos a nuestros adultos mayores con ingresos fijos es una de las principales prioridades de FIND.<\/p>\n\n\n\n<a class=\"stretchlink\" href=\"https:\/\/findfoodbank.org\/es\/programs-services\/older-adult-programs\/\"><\/a>\n\n<\/div>\n<\/div><\/div>\n\n<div class=\"gb-grid-column gb-grid-column-06611e21\"><div class=\"gb-container gb-container-06611e21\">\n\n<figure class=\"gb-block-image gb-block-image-e37e937c\"><img loading=\"lazy\" decoding=\"async\" width=\"600\" height=\"375\" class=\"gb-image gb-image-e37e937c\" src=\"https:\/\/findfoodbank.org\/wp-content\/uploads\/2021\/06\/Start_a_Program_Food_Pantries.jpg\" alt=\"\" title=\"Start_a_Program_Food_Pantries\" srcset=\"https:\/\/findfoodbank.org\/wp-content\/uploads\/2021\/06\/Start_a_Program_Food_Pantries.jpg 600w, https:\/\/findfoodbank.org\/wp-content\/uploads\/2021\/06\/Start_a_Program_Food_Pantries-300x188.jpg 300w, https:\/\/findfoodbank.org\/wp-content\/uploads\/2021\/06\/Start_a_Program_Food_Pantries-400x250.jpg 400w, https:\/\/findfoodbank.org\/wp-content\/uploads\/2021\/06\/Start_a_Program_Food_Pantries-480x300.jpg 480w\" sizes=\"auto, (max-width: 600px) 100vw, 600px\" \/><\/figure>\n\n\n<div class=\"gb-container gb-container-ce25d28c\">\n\n<h4 class=\"wp-block-heading has-text-align-center\"><strong>Food Pantries &amp;<br>Mercados m\u00f3viles<\/strong><\/h4>\n\n\n\n<p class=\"has-text-align-center\">Los mercados m\u00f3viles y las asociaciones escolares de FIND garantizan que todos los ni\u00f1os puedan acceder a una comida equilibrada durante todo el a\u00f1o.<\/p>\n\n<\/div>\n\n\n<a class=\"stretchlink\" href=\"https:\/\/findfoodbank.org\/es\/programs-services\/food-pantries-mobile-programs\/\"><\/a>\n\n<\/div><\/div>\n\n<div class=\"gb-grid-column gb-grid-column-35e65f56\"><div class=\"gb-container gb-container-35e65f56\">\n\n<figure class=\"gb-block-image gb-block-image-1272c585\"><img loading=\"lazy\" decoding=\"async\" width=\"600\" height=\"375\" class=\"gb-image gb-image-1272c585\" src=\"https:\/\/findfoodbank.org\/wp-content\/uploads\/2021\/06\/Start_a_Program_Children.jpg\" alt=\"\" title=\"Start_a_Program_Children\" srcset=\"https:\/\/findfoodbank.org\/wp-content\/uploads\/2021\/06\/Start_a_Program_Children.jpg 600w, https:\/\/findfoodbank.org\/wp-content\/uploads\/2021\/06\/Start_a_Program_Children-300x188.jpg 300w, https:\/\/findfoodbank.org\/wp-content\/uploads\/2021\/06\/Start_a_Program_Children-400x250.jpg 400w, https:\/\/findfoodbank.org\/wp-content\/uploads\/2021\/06\/Start_a_Program_Children-480x300.jpg 480w\" sizes=\"auto, (max-width: 600px) 100vw, 600px\" \/><\/figure>\n\n\n<div class=\"gb-container gb-container-c8ab3b4b\">\n\n<h4 class=\"wp-block-heading has-text-align-center\"><strong>Children &amp; School<br>Based Programs<\/strong><\/h4>\n\n\n\n<p class=\"has-text-align-center\">Los ni\u00f1os son el futuro y no pueden enfrentarse al mundo sin una comida equilibrada tres veces al d\u00eda.<\/p>\n\n\n\n<a class=\"stretchlink\" href=\"https:\/\/findfoodbank.org\/es\/programs-services\/childrens-school-based-programs\/\"><\/a>\n\n<\/div>\n<\/div><\/div>\n\n<div class=\"gb-grid-column gb-grid-column-79a0cb70\"><div class=\"gb-container gb-container-79a0cb70\">\n\n<figure class=\"gb-block-image gb-block-image-be08be30\"><img loading=\"lazy\" decoding=\"async\" width=\"1816\" height=\"1029\" class=\"gb-image gb-image-be08be30\" src=\"https:\/\/findfoodbank.org\/wp-content\/uploads\/2024\/02\/outreach.jpeg\" alt=\"Volunteers\" title=\"Voluntarios\" srcset=\"https:\/\/findfoodbank.org\/wp-content\/uploads\/2024\/02\/outreach.jpeg 1816w, https:\/\/findfoodbank.org\/wp-content\/uploads\/2024\/02\/outreach-300x170.jpeg 300w, https:\/\/findfoodbank.org\/wp-content\/uploads\/2024\/02\/outreach-1024x580.jpeg 1024w, https:\/\/findfoodbank.org\/wp-content\/uploads\/2024\/02\/outreach-768x435.jpeg 768w, https:\/\/findfoodbank.org\/wp-content\/uploads\/2024\/02\/outreach-50x28.jpeg 50w, https:\/\/findfoodbank.org\/wp-content\/uploads\/2024\/02\/outreach-1600x907.jpeg 1600w, https:\/\/findfoodbank.org\/wp-content\/uploads\/2024\/02\/outreach-1536x870.jpeg 1536w, https:\/\/findfoodbank.org\/wp-content\/uploads\/2024\/02\/outreach-18x10.jpeg 18w\" sizes=\"auto, (max-width: 1816px) 100vw, 1816px\" \/><\/figure>\n\n\n<div class=\"gb-container gb-container-adcb72fa\">\n\n<h4 class=\"wp-block-heading has-text-align-center\"><strong>Outreach<\/strong><br><strong>Services<br><\/strong><\/h4>\n\n\n\n<p class=\"has-text-align-center\">Los trabajadores comunitarios de salud de FIND ofrecen apoyo espec\u00edfico para ayudar a los clientes a comprar sus propios alimentos e inscribirse en programas de beneficios p\u00fablicos.<\/p>\n\n\n\n<a class=\"stretchlink\" href=\"https:\/\/findfoodbank.org\/es\/programs-services\/outreach-services\/\" rel=\"noopener\"><\/a>\n\n<\/div>\n<\/div><\/div>\n<\/div>\n<\/div>\n\n<div class=\"gb-container gb-container-d8cf3296 alignfull\"><\/div>\n<\/div>","protected":false},"excerpt":{"rendered":"<p> &#8230; <a title=\"Que hacemos\" class=\"read-more\" href=\"https:\/\/findfoodbank.org\/es\/what-we-do\/\" aria-label=\"Leer m\u00e1s sobre What We Do\">Read more<\/a><\/p>","protected":false},"author":15,"featured_media":2763,"parent":0,"menu_order":0,"comment_status":"closed","ping_status":"closed","template":"","meta":{"_monsterinsights_skip_tracking":false,"_monsterinsights_sitenote_active":false,"_monsterinsights_sitenote_note":"","_monsterinsights_sitenote_category":0,"_price":"","_stock":"","_tribe_ticket_header":"","_tribe_default_ticket_provider":"","_tribe_ticket_capacity":"0","_ticket_start_date":"","_ticket_end_date":"","_tribe_ticket_show_description":"","_tribe_ticket_show_not_going":false,"_tribe_ticket_use_global_stock":"","_tribe_ticket_global_stock_level":"","_global_stock_mode":"","_global_stock_cap":"","_tribe_rsvp_for_event":"","_tribe_ticket_going_count":"","_tribe_ticket_not_going_count":"","_tribe_tickets_list":"[]","_tribe_ticket_has_attendee_info_fields":false,"footnotes":"","_tec_slr_enabled":"","_tec_slr_layout":""},"class_list":["post-2253","page","type-page","status-publish","has-post-thumbnail","resize-featured-image"],"yoast_head":"<!-- This site is optimized with the Yoast SEO plugin v27.3 - https:\/\/yoast.com\/product\/yoast-seo-wordpress\/ -->\n<title>What We Do FIND Food Bank, Coachella Valley Food Distribution<\/title>\n<meta name=\"description\" content=\"FIND\u2019s food comes from donations, purchased goods, or federal government programs. We secure food donations at different points in the supply chain.\" \/>\n<meta name=\"robots\" content=\"index, follow, max-snippet:-1, max-image-preview:large, max-video-preview:-1\" \/>\n<link rel=\"canonical\" href=\"https:\/\/findfoodbank.org\/es\/what-we-do\/\" \/>\n<meta property=\"og:locale\" content=\"es_MX\" \/>\n<meta property=\"og:type\" content=\"article\" \/>\n<meta property=\"og:title\" content=\"What We Do FIND Food Bank, Coachella Valley Food Distribution\" \/>\n<meta property=\"og:description\" content=\"FIND\u2019s food comes from donations, purchased goods, or federal government programs. We secure food donations at different points in the supply chain.\" \/>\n<meta property=\"og:url\" content=\"https:\/\/findfoodbank.org\/es\/what-we-do\/\" \/>\n<meta property=\"og:site_name\" content=\"FIND Food Bank\" \/>\n<meta property=\"article:modified_time\" content=\"2025-07-07T18:04:55+00:00\" \/>\n<meta property=\"og:image\" content=\"https:\/\/findfoodbank.org\/wp-content\/uploads\/2021\/08\/hero-what-we-do.jpg\" \/>\n\t<meta property=\"og:image:width\" content=\"1600\" \/>\n\t<meta property=\"og:image:height\" content=\"447\" \/>\n\t<meta property=\"og:image:type\" content=\"image\/jpeg\" \/>\n<meta name=\"twitter:card\" content=\"summary_large_image\" \/>\n<meta name=\"twitter:label1\" content=\"Tiempo de lectura\" \/>\n\t<meta name=\"twitter:data1\" content=\"3 minutos\" \/>\n<script type=\"application\/ld+json\" class=\"yoast-schema-graph\">{\"@context\":\"https:\\\/\\\/schema.org\",\"@graph\":[{\"@type\":\"WebPage\",\"@id\":\"https:\\\/\\\/findfoodbank.org\\\/what-we-do\\\/\",\"url\":\"https:\\\/\\\/findfoodbank.org\\\/what-we-do\\\/\",\"name\":\"What We Do FIND Food Bank, Coachella Valley Food Distribution\",\"isPartOf\":{\"@id\":\"https:\\\/\\\/findfoodbank.org\\\/#website\"},\"primaryImageOfPage\":{\"@id\":\"https:\\\/\\\/findfoodbank.org\\\/what-we-do\\\/#primaryimage\"},\"image\":{\"@id\":\"https:\\\/\\\/findfoodbank.org\\\/what-we-do\\\/#primaryimage\"},\"thumbnailUrl\":\"https:\\\/\\\/findfoodbank.org\\\/wp-content\\\/uploads\\\/2021\\\/08\\\/hero-what-we-do.jpg\",\"datePublished\":\"2021-07-29T20:12:52+00:00\",\"dateModified\":\"2025-07-07T18:04:55+00:00\",\"description\":\"FIND\u2019s food comes from donations, purchased goods, or federal government programs. We secure food donations at different points in the supply chain.\",\"breadcrumb\":{\"@id\":\"https:\\\/\\\/findfoodbank.org\\\/what-we-do\\\/#breadcrumb\"},\"inLanguage\":\"es\",\"potentialAction\":[{\"@type\":\"ReadAction\",\"target\":[\"https:\\\/\\\/findfoodbank.org\\\/what-we-do\\\/\"]}]},{\"@type\":\"ImageObject\",\"inLanguage\":\"es\",\"@id\":\"https:\\\/\\\/findfoodbank.org\\\/what-we-do\\\/#primaryimage\",\"url\":\"https:\\\/\\\/findfoodbank.org\\\/wp-content\\\/uploads\\\/2021\\\/08\\\/hero-what-we-do.jpg\",\"contentUrl\":\"https:\\\/\\\/findfoodbank.org\\\/wp-content\\\/uploads\\\/2021\\\/08\\\/hero-what-we-do.jpg\",\"width\":1600,\"height\":447,\"caption\":\"What we do\"},{\"@type\":\"BreadcrumbList\",\"@id\":\"https:\\\/\\\/findfoodbank.org\\\/what-we-do\\\/#breadcrumb\",\"itemListElement\":[{\"@type\":\"ListItem\",\"position\":1,\"name\":\"Home\",\"item\":\"https:\\\/\\\/findfoodbank.org\\\/\"},{\"@type\":\"ListItem\",\"position\":2,\"name\":\"What We Do\"}]},{\"@type\":\"WebSite\",\"@id\":\"https:\\\/\\\/findfoodbank.org\\\/#website\",\"url\":\"https:\\\/\\\/findfoodbank.org\\\/\",\"name\":\"FIND Food Bank\",\"description\":\"The Desert's Regional Food Bank\",\"publisher\":{\"@id\":\"https:\\\/\\\/findfoodbank.org\\\/#organization\"},\"potentialAction\":[{\"@type\":\"SearchAction\",\"target\":{\"@type\":\"EntryPoint\",\"urlTemplate\":\"https:\\\/\\\/findfoodbank.org\\\/?s={search_term_string}\"},\"query-input\":{\"@type\":\"PropertyValueSpecification\",\"valueRequired\":true,\"valueName\":\"search_term_string\"}}],\"inLanguage\":\"es\"},{\"@type\":\"Organization\",\"@id\":\"https:\\\/\\\/findfoodbank.org\\\/#organization\",\"name\":\"FIND Food Bank\",\"url\":\"https:\\\/\\\/findfoodbank.org\\\/\",\"logo\":{\"@type\":\"ImageObject\",\"inLanguage\":\"es\",\"@id\":\"https:\\\/\\\/findfoodbank.org\\\/#\\\/schema\\\/logo\\\/image\\\/\",\"url\":\"https:\\\/\\\/findfoodbank.org\\\/wp-content\\\/uploads\\\/2025\\\/09\\\/FIND-logo25-horizontal_4c.png\",\"contentUrl\":\"https:\\\/\\\/findfoodbank.org\\\/wp-content\\\/uploads\\\/2025\\\/09\\\/FIND-logo25-horizontal_4c.png\",\"width\":1189,\"height\":373,\"caption\":\"FIND Food Bank\"},\"image\":{\"@id\":\"https:\\\/\\\/findfoodbank.org\\\/#\\\/schema\\\/logo\\\/image\\\/\"}}]}<\/script>\n<!-- \/ Yoast SEO plugin. -->","yoast_head_json":{"title":"What We Do FIND Food Bank, Coachella Valley Food Distribution","description":"FIND\u2019s food comes from donations, purchased goods, or federal government programs. We secure food donations at different points in the supply chain.","robots":{"index":"index","follow":"follow","max-snippet":"max-snippet:-1","max-image-preview":"max-image-preview:large","max-video-preview":"max-video-preview:-1"},"canonical":"https:\/\/findfoodbank.org\/es\/what-we-do\/","og_locale":"es_MX","og_type":"article","og_title":"What We Do FIND Food Bank, Coachella Valley Food Distribution","og_description":"FIND\u2019s food comes from donations, purchased goods, or federal government programs. We secure food donations at different points in the supply chain.","og_url":"https:\/\/findfoodbank.org\/es\/what-we-do\/","og_site_name":"FIND Food Bank","article_modified_time":"2025-07-07T18:04:55+00:00","og_image":[{"width":1600,"height":447,"url":"https:\/\/findfoodbank.org\/wp-content\/uploads\/2021\/08\/hero-what-we-do.jpg","type":"image\/jpeg"}],"twitter_card":"summary_large_image","twitter_misc":{"Tiempo de lectura":"3 minutos"},"schema":{"@context":"https:\/\/schema.org","@graph":[{"@type":"WebPage","@id":"https:\/\/findfoodbank.org\/what-we-do\/","url":"https:\/\/findfoodbank.org\/what-we-do\/","name":"What We Do FIND Food Bank, Coachella Valley Food Distribution","isPartOf":{"@id":"https:\/\/findfoodbank.org\/#website"},"primaryImageOfPage":{"@id":"https:\/\/findfoodbank.org\/what-we-do\/#primaryimage"},"image":{"@id":"https:\/\/findfoodbank.org\/what-we-do\/#primaryimage"},"thumbnailUrl":"https:\/\/findfoodbank.org\/wp-content\/uploads\/2021\/08\/hero-what-we-do.jpg","datePublished":"2021-07-29T20:12:52+00:00","dateModified":"2025-07-07T18:04:55+00:00","description":"FIND\u2019s food comes from donations, purchased goods, or federal government programs. We secure food donations at different points in the supply chain.","breadcrumb":{"@id":"https:\/\/findfoodbank.org\/what-we-do\/#breadcrumb"},"inLanguage":"es","potentialAction":[{"@type":"ReadAction","target":["https:\/\/findfoodbank.org\/what-we-do\/"]}]},{"@type":"ImageObject","inLanguage":"es","@id":"https:\/\/findfoodbank.org\/what-we-do\/#primaryimage","url":"https:\/\/findfoodbank.org\/wp-content\/uploads\/2021\/08\/hero-what-we-do.jpg","contentUrl":"https:\/\/findfoodbank.org\/wp-content\/uploads\/2021\/08\/hero-what-we-do.jpg","width":1600,"height":447,"caption":"What we do"},{"@type":"BreadcrumbList","@id":"https:\/\/findfoodbank.org\/what-we-do\/#breadcrumb","itemListElement":[{"@type":"ListItem","position":1,"name":"Home","item":"https:\/\/findfoodbank.org\/"},{"@type":"ListItem","position":2,"name":"What We Do"}]},{"@type":"WebSite","@id":"https:\/\/findfoodbank.org\/#website","url":"https:\/\/findfoodbank.org\/","name":"ENCONTRAR Banco de Alimentos","description":"El banco regional de alimentos del desierto","publisher":{"@id":"https:\/\/findfoodbank.org\/#organization"},"potentialAction":[{"@type":"SearchAction","target":{"@type":"EntryPoint","urlTemplate":"https:\/\/findfoodbank.org\/?s={search_term_string}"},"query-input":{"@type":"PropertyValueSpecification","valueRequired":true,"valueName":"search_term_string"}}],"inLanguage":"es"},{"@type":"Organization","@id":"https:\/\/findfoodbank.org\/#organization","name":"ENCONTRAR Banco de Alimentos","url":"https:\/\/findfoodbank.org\/","logo":{"@type":"ImageObject","inLanguage":"es","@id":"https:\/\/findfoodbank.org\/#\/schema\/logo\/image\/","url":"https:\/\/findfoodbank.org\/wp-content\/uploads\/2025\/09\/FIND-logo25-horizontal_4c.png","contentUrl":"https:\/\/findfoodbank.org\/wp-content\/uploads\/2025\/09\/FIND-logo25-horizontal_4c.png","width":1189,"height":373,"caption":"FIND Food Bank"},"image":{"@id":"https:\/\/findfoodbank.org\/#\/schema\/logo\/image\/"}}]}},"ticketed":false,"_links":{"self":[{"href":"https:\/\/findfoodbank.org\/es\/wp-json\/wp\/v2\/pages\/2253","targetHints":{"allow":["GET"]}}],"collection":[{"href":"https:\/\/findfoodbank.org\/es\/wp-json\/wp\/v2\/pages"}],"about":[{"href":"https:\/\/findfoodbank.org\/es\/wp-json\/wp\/v2\/types\/page"}],"author":[{"embeddable":true,"href":"https:\/\/findfoodbank.org\/es\/wp-json\/wp\/v2\/users\/15"}],"replies":[{"embeddable":true,"href":"https:\/\/findfoodbank.org\/es\/wp-json\/wp\/v2\/comments?post=2253"}],"version-history":[{"count":16,"href":"https:\/\/findfoodbank.org\/es\/wp-json\/wp\/v2\/pages\/2253\/revisions"}],"predecessor-version":[{"id":16285,"href":"https:\/\/findfoodbank.org\/es\/wp-json\/wp\/v2\/pages\/2253\/revisions\/16285"}],"wp:featuredmedia":[{"embeddable":true,"href":"https:\/\/findfoodbank.org\/es\/wp-json\/wp\/v2\/media\/2763"}],"wp:attachment":[{"href":"https:\/\/findfoodbank.org\/es\/wp-json\/wp\/v2\/media?parent=2253"}],"curies":[{"name":"wp","href":"https:\/\/api.w.org\/{rel}","templated":true}]}}