{"id":2181,"date":"2021-07-28T19:06:31","date_gmt":"2021-07-28T19:06:31","guid":{"rendered":"http:\/\/findfoodbank.flywheelsites.com\/?page_id=2181"},"modified":"2025-11-15T22:35:31","modified_gmt":"2025-11-16T06:35:31","slug":"donate","status":"publish","type":"page","link":"https:\/\/findfoodbank.org\/es\/donate\/","title":{"rendered":"Donar"},"content":{"rendered":"<div class=\"gb-container gb-container-6961e102 alignfull\">\n<div class=\"gb-container gb-container-ec62733e\">\n\n<h1 class=\"wp-block-heading has-text-align-center has-accent-color has-text-color has-link-color has-large-font-size wp-elements-4bf7a53ad1e8340c1666e520fef376ae\">DONATE<\/h1>\n\n\n\n<h4 class=\"wp-block-heading has-text-align-center\"><strong>Complete el formulario a continuaci\u00f3n para hacer una donaci\u00f3n \u00fanica o recurrente a FIND Food Bank.<\/strong><\/h4>\n\n\n\n<center><a href=\"#XRRBECSD\" style=\"display: none\"><\/a><\/center>\n\n\n\n<p>We accept all Major Credit Cards and ACH Giving by donating through PayPal <strong><a data-feathr-click-track=\"true\" href=\"https:\/\/www.paypal.com\/donate\/?cmd=_s-xclick&amp;hosted_button_id=3TL54S33EQWWL&amp;Z3JncnB0=\">aqu\u00ed<\/a><\/strong>.<\/p>\n\n\n\n<p><span style=\"color: #993300;\"><strong><span style=\"font-style: italic; background: white;\">Haga un impacto inmediato en nuestra comunidad.<\/span><span style=\"background: white;\"> <\/span><\/strong><\/span>La comida permite a las familias concentrarse en otras prioridades, como el pago de la renta y la hipoteca, que ayudar\u00e1n a reducir la falta de vivienda, la atenci\u00f3n m\u00e9dica para mantenerlos saludables y reducir el estr\u00e9s para ayudar a las personas a desempe\u00f1arse mejor en el trabajo y la escuela. <span style=\"color: #993300;\"><strong><span style=\"background: white;\">Your gift is used efficiently and effectively to distribute food to 125,000 people throughout our Desert each month.<\/span><\/strong><\/span>  <\/p>\n\n\n\n<p>FIND Food Bank es una organizaci\u00f3n ben\u00e9fica 501 (c) 3.<\/p>\n\n\n\n<p>El n\u00famero de identificaci\u00f3n fiscal federal de FIND es <strong>33-0006007<\/strong>.<\/p>\n\n\n\n<p>Haga clic aqu\u00ed para ver nuestro <a href=\"\/es\/privacy-policy\/\" target=\"_blank\" rel=\"noopener\">pol\u00edtica de privacidad<\/a> y <a href=\"\/es\/donor-policy\/\" target=\"_blank\" rel=\"noopener\">pol\u00edtica de privacidad del donante.<\/a><\/p>\n\n\n\n<h5 class=\"gb-headline gb-headline-4033191a gb-headline-text\">Otras formas de donar:<\/h5>\n\n\n<div class=\"gb-container gb-container-029da79d\">\n<div class=\"gb-grid-wrapper gb-grid-wrapper-4f41a3a4\">\n<div class=\"gb-grid-column gb-grid-column-3222998a\"><div class=\"gb-container gb-container-3222998a hover-grow\">\n\n<figure class=\"gb-block-image gb-block-image-ad160f5a\"><a href=\"https:\/\/findfoodbank.org\/es\/get-involved\/financial-support\/\"><img loading=\"lazy\" decoding=\"async\" width=\"185\" height=\"185\" class=\"gb-image gb-image-ad160f5a\" src=\"https:\/\/findfoodbank.org\/wp-content\/uploads\/2021\/06\/Donate-now.png\" alt=\"\" title=\"Donate-now\" srcset=\"https:\/\/findfoodbank.org\/wp-content\/uploads\/2021\/06\/Donate-now.png 185w, https:\/\/findfoodbank.org\/wp-content\/uploads\/2021\/06\/Donate-now-150x150.png 150w\" sizes=\"auto, (max-width: 185px) 100vw, 185px\" \/><\/a><\/figure>\n\n\n\n<h4 class=\"gb-headline gb-headline-b24c98e8 gb-headline-text\"><strong><a href=\"https:\/\/findfoodbank.org\/es\/get-involved\/financial-support\/\">Donaciones alternativas<\/a><\/strong><\/h4>\n\n\n\n<p class=\"has-text-align-center has-contrast-2-color has-text-color\">Para obsequios alternativos, como obsequios de acciones, obsequios a juego, etc. <a href=\"https:\/\/findfoodbank.org\/es\/get-involved\/financial-support\/\">visite nuestra p\u00e1gina de apoyo financiero<\/a><\/p>\n\n<\/div><\/div>\n\n<div class=\"gb-grid-column gb-grid-column-1de86cbe\"><div class=\"gb-container gb-container-1de86cbe hover-grow\">\n\n<figure class=\"gb-block-image gb-block-image-674345bb\"><a href=\"https:\/\/findfoodbank.org\/es\/get-involved\/financial-support\/annual-giving\/\"><img loading=\"lazy\" decoding=\"async\" width=\"195\" height=\"184\" class=\"gb-image gb-image-674345bb\" src=\"https:\/\/findfoodbank.org\/wp-content\/uploads\/2024\/03\/2024-Telethon-Social-Media-Posts2.png\" alt=\"\" title=\"2024-Telethon-Social-Media-Posts2\" srcset=\"https:\/\/findfoodbank.org\/wp-content\/uploads\/2024\/03\/2024-Telethon-Social-Media-Posts2.png 195w, https:\/\/findfoodbank.org\/wp-content\/uploads\/2024\/03\/2024-Telethon-Social-Media-Posts2-50x47.png 50w, https:\/\/findfoodbank.org\/wp-content\/uploads\/2024\/03\/2024-Telethon-Social-Media-Posts2-13x12.png 13w\" sizes=\"auto, (max-width: 195px) 100vw, 195px\" \/><\/a><\/figure>\n\n\n\n<h4 class=\"gb-headline gb-headline-060bbf85 gb-headline-text\"><strong><a href=\"https:\/\/findfoodbank.org\/es\/get-involved\/financial-support\/annual-giving\/\">Donaciones anuales<\/a><\/strong><\/h4>\n\n\n\n<p class=\"has-text-align-center has-contrast-2-color has-text-color\">Para donaciones anuales, <a href=\"https:\/\/findfoodbank.org\/es\/donate\/giving-society\/\">aprenda m\u00e1s sobre nuestra Giving Society<\/a><\/p>\n\n<\/div><\/div>\n\n<div class=\"gb-grid-column gb-grid-column-0ab7bddf\"><div class=\"gb-container gb-container-0ab7bddf hover-grow\">\n\n<figure class=\"gb-block-image gb-block-image-162b29eb\"><a href=\"https:\/\/findfoodbank.org\/es\/get-involved\/food-donations\/\" target=\"_blank\" rel=\"noopener noreferrer\"><img loading=\"lazy\" decoding=\"async\" width=\"185\" height=\"185\" class=\"gb-image gb-image-162b29eb\" src=\"https:\/\/findfoodbank.org\/wp-content\/uploads\/2021\/06\/Donate-Foods.png\" alt=\"\" title=\"Donate-Foods\" srcset=\"https:\/\/findfoodbank.org\/wp-content\/uploads\/2021\/06\/Donate-Foods.png 185w, https:\/\/findfoodbank.org\/wp-content\/uploads\/2021\/06\/Donate-Foods-150x150.png 150w\" sizes=\"auto, (max-width: 185px) 100vw, 185px\" \/><\/a><\/figure>\n\n\n\n<h4 class=\"gb-headline gb-headline-6a12ebe9 gb-headline-text\"><a href=\"https:\/\/findfoodbank.org\/es\/get-involved\/donate-foods\/\"><strong>Donaciones de alimentos<\/strong><\/a><\/h4>\n\n\n\n<p class=\"has-text-align-center has-contrast-2-color has-text-color\">Vea nuestra lista de art\u00edculos aceptados y encuentre instrucciones para entregar su donaci\u00f3n de alimentos<\/p>\n\n<\/div><\/div>\n<\/div>\n<\/div>\n<\/div>\n<\/div>","protected":false},"excerpt":{"rendered":"<p> &#8230; <a title=\"Donar\" class=\"read-more\" href=\"https:\/\/findfoodbank.org\/es\/donate\/\" aria-label=\"Leer m\u00e1s sobre Donate\">Read more<\/a><\/p>","protected":false},"author":15,"featured_media":9705,"parent":0,"menu_order":0,"comment_status":"closed","ping_status":"closed","template":"","meta":{"_monsterinsights_skip_tracking":false,"_monsterinsights_sitenote_active":false,"_monsterinsights_sitenote_note":"","_monsterinsights_sitenote_category":0,"_price":"","_stock":"","_tribe_ticket_header":"","_tribe_default_ticket_provider":"","_tribe_ticket_capacity":"0","_ticket_start_date":"","_ticket_end_date":"","_tribe_ticket_show_description":"","_tribe_ticket_show_not_going":false,"_tribe_ticket_use_global_stock":"","_tribe_ticket_global_stock_level":"","_global_stock_mode":"","_global_stock_cap":"","_tribe_rsvp_for_event":"","_tribe_ticket_going_count":"","_tribe_ticket_not_going_count":"","_tribe_tickets_list":"[]","_tribe_ticket_has_attendee_info_fields":false,"footnotes":"","_tec_slr_enabled":"","_tec_slr_layout":""},"class_list":["post-2181","page","type-page","status-publish","has-post-thumbnail","resize-featured-image"],"yoast_head":"<!-- This site is optimized with the Yoast SEO plugin v27.3 - https:\/\/yoast.com\/product\/yoast-seo-wordpress\/ -->\n<title>Donate to FIND Food Bank, How to Donate to Food Bank<\/title>\n<meta name=\"description\" content=\"Make an immediate impact in our community. Your gift is used efficiently and effectively to distribute food to 150,000 people.\" \/>\n<meta name=\"robots\" content=\"index, follow, max-snippet:-1, max-image-preview:large, max-video-preview:-1\" \/>\n<link rel=\"canonical\" href=\"https:\/\/findfoodbank.org\/es\/donate\/\" \/>\n<meta property=\"og:locale\" content=\"es_MX\" \/>\n<meta property=\"og:type\" content=\"article\" \/>\n<meta property=\"og:title\" content=\"Donate to FIND Food Bank, How to Donate to Food Bank\" \/>\n<meta property=\"og:description\" content=\"Make an immediate impact in our community. Your gift is used efficiently and effectively to distribute food to 150,000 people.\" \/>\n<meta property=\"og:url\" content=\"https:\/\/findfoodbank.org\/es\/donate\/\" \/>\n<meta property=\"og:site_name\" content=\"FIND Food Bank\" \/>\n<meta property=\"article:modified_time\" content=\"2025-11-16T06:35:31+00:00\" \/>\n<meta property=\"og:image\" content=\"https:\/\/findfoodbank.org\/wp-content\/uploads\/2022\/11\/giving.jpg\" \/>\n\t<meta property=\"og:image:width\" content=\"1200\" \/>\n\t<meta property=\"og:image:height\" content=\"800\" \/>\n\t<meta property=\"og:image:type\" content=\"image\/jpeg\" \/>\n<meta name=\"twitter:card\" content=\"summary_large_image\" \/>\n<meta name=\"twitter:label1\" content=\"Tiempo de lectura\" \/>\n\t<meta name=\"twitter:data1\" content=\"2 minutos\" \/>\n<script type=\"application\/ld+json\" class=\"yoast-schema-graph\">{\"@context\":\"https:\\\/\\\/schema.org\",\"@graph\":[{\"@type\":\"WebPage\",\"@id\":\"https:\\\/\\\/findfoodbank.org\\\/donate\\\/\",\"url\":\"https:\\\/\\\/findfoodbank.org\\\/donate\\\/\",\"name\":\"Donate to FIND Food Bank, How to Donate to Food Bank\",\"isPartOf\":{\"@id\":\"https:\\\/\\\/findfoodbank.org\\\/#website\"},\"primaryImageOfPage\":{\"@id\":\"https:\\\/\\\/findfoodbank.org\\\/donate\\\/#primaryimage\"},\"image\":{\"@id\":\"https:\\\/\\\/findfoodbank.org\\\/donate\\\/#primaryimage\"},\"thumbnailUrl\":\"https:\\\/\\\/findfoodbank.org\\\/wp-content\\\/uploads\\\/2022\\\/11\\\/giving.jpg\",\"datePublished\":\"2021-07-28T19:06:31+00:00\",\"dateModified\":\"2025-11-16T06:35:31+00:00\",\"description\":\"Make an immediate impact in our community. Your gift is used efficiently and effectively to distribute food to 150,000 people.\",\"breadcrumb\":{\"@id\":\"https:\\\/\\\/findfoodbank.org\\\/donate\\\/#breadcrumb\"},\"inLanguage\":\"es\",\"potentialAction\":[{\"@type\":\"ReadAction\",\"target\":[\"https:\\\/\\\/findfoodbank.org\\\/donate\\\/\"]}]},{\"@type\":\"ImageObject\",\"inLanguage\":\"es\",\"@id\":\"https:\\\/\\\/findfoodbank.org\\\/donate\\\/#primaryimage\",\"url\":\"https:\\\/\\\/findfoodbank.org\\\/wp-content\\\/uploads\\\/2022\\\/11\\\/giving.jpg\",\"contentUrl\":\"https:\\\/\\\/findfoodbank.org\\\/wp-content\\\/uploads\\\/2022\\\/11\\\/giving.jpg\",\"width\":1200,\"height\":800,\"caption\":\"Giving\"},{\"@type\":\"BreadcrumbList\",\"@id\":\"https:\\\/\\\/findfoodbank.org\\\/donate\\\/#breadcrumb\",\"itemListElement\":[{\"@type\":\"ListItem\",\"position\":1,\"name\":\"Home\",\"item\":\"https:\\\/\\\/findfoodbank.org\\\/\"},{\"@type\":\"ListItem\",\"position\":2,\"name\":\"Donate\"}]},{\"@type\":\"WebSite\",\"@id\":\"https:\\\/\\\/findfoodbank.org\\\/#website\",\"url\":\"https:\\\/\\\/findfoodbank.org\\\/\",\"name\":\"FIND Food Bank\",\"description\":\"The Desert's Regional Food Bank\",\"publisher\":{\"@id\":\"https:\\\/\\\/findfoodbank.org\\\/#organization\"},\"potentialAction\":[{\"@type\":\"SearchAction\",\"target\":{\"@type\":\"EntryPoint\",\"urlTemplate\":\"https:\\\/\\\/findfoodbank.org\\\/?s={search_term_string}\"},\"query-input\":{\"@type\":\"PropertyValueSpecification\",\"valueRequired\":true,\"valueName\":\"search_term_string\"}}],\"inLanguage\":\"es\"},{\"@type\":\"Organization\",\"@id\":\"https:\\\/\\\/findfoodbank.org\\\/#organization\",\"name\":\"FIND Food Bank\",\"url\":\"https:\\\/\\\/findfoodbank.org\\\/\",\"logo\":{\"@type\":\"ImageObject\",\"inLanguage\":\"es\",\"@id\":\"https:\\\/\\\/findfoodbank.org\\\/#\\\/schema\\\/logo\\\/image\\\/\",\"url\":\"https:\\\/\\\/findfoodbank.org\\\/wp-content\\\/uploads\\\/2025\\\/09\\\/FIND-logo25-horizontal_4c.png\",\"contentUrl\":\"https:\\\/\\\/findfoodbank.org\\\/wp-content\\\/uploads\\\/2025\\\/09\\\/FIND-logo25-horizontal_4c.png\",\"width\":1189,\"height\":373,\"caption\":\"FIND Food Bank\"},\"image\":{\"@id\":\"https:\\\/\\\/findfoodbank.org\\\/#\\\/schema\\\/logo\\\/image\\\/\"}}]}<\/script>\n<!-- \/ Yoast SEO plugin. -->","yoast_head_json":{"title":"Donate to FIND Food Bank, How to Donate to Food Bank","description":"Make an immediate impact in our community. Your gift is used efficiently and effectively to distribute food to 150,000 people.","robots":{"index":"index","follow":"follow","max-snippet":"max-snippet:-1","max-image-preview":"max-image-preview:large","max-video-preview":"max-video-preview:-1"},"canonical":"https:\/\/findfoodbank.org\/es\/donate\/","og_locale":"es_MX","og_type":"article","og_title":"Donate to FIND Food Bank, How to Donate to Food Bank","og_description":"Make an immediate impact in our community. Your gift is used efficiently and effectively to distribute food to 150,000 people.","og_url":"https:\/\/findfoodbank.org\/es\/donate\/","og_site_name":"FIND Food Bank","article_modified_time":"2025-11-16T06:35:31+00:00","og_image":[{"width":1200,"height":800,"url":"https:\/\/findfoodbank.org\/wp-content\/uploads\/2022\/11\/giving.jpg","type":"image\/jpeg"}],"twitter_card":"summary_large_image","twitter_misc":{"Tiempo de lectura":"2 minutos"},"schema":{"@context":"https:\/\/schema.org","@graph":[{"@type":"WebPage","@id":"https:\/\/findfoodbank.org\/donate\/","url":"https:\/\/findfoodbank.org\/donate\/","name":"Donate to FIND Food Bank, How to Donate to Food Bank","isPartOf":{"@id":"https:\/\/findfoodbank.org\/#website"},"primaryImageOfPage":{"@id":"https:\/\/findfoodbank.org\/donate\/#primaryimage"},"image":{"@id":"https:\/\/findfoodbank.org\/donate\/#primaryimage"},"thumbnailUrl":"https:\/\/findfoodbank.org\/wp-content\/uploads\/2022\/11\/giving.jpg","datePublished":"2021-07-28T19:06:31+00:00","dateModified":"2025-11-16T06:35:31+00:00","description":"Make an immediate impact in our community. Your gift is used efficiently and effectively to distribute food to 150,000 people.","breadcrumb":{"@id":"https:\/\/findfoodbank.org\/donate\/#breadcrumb"},"inLanguage":"es","potentialAction":[{"@type":"ReadAction","target":["https:\/\/findfoodbank.org\/donate\/"]}]},{"@type":"ImageObject","inLanguage":"es","@id":"https:\/\/findfoodbank.org\/donate\/#primaryimage","url":"https:\/\/findfoodbank.org\/wp-content\/uploads\/2022\/11\/giving.jpg","contentUrl":"https:\/\/findfoodbank.org\/wp-content\/uploads\/2022\/11\/giving.jpg","width":1200,"height":800,"caption":"Giving"},{"@type":"BreadcrumbList","@id":"https:\/\/findfoodbank.org\/donate\/#breadcrumb","itemListElement":[{"@type":"ListItem","position":1,"name":"Home","item":"https:\/\/findfoodbank.org\/"},{"@type":"ListItem","position":2,"name":"Donate"}]},{"@type":"WebSite","@id":"https:\/\/findfoodbank.org\/#website","url":"https:\/\/findfoodbank.org\/","name":"ENCONTRAR Banco de Alimentos","description":"El banco regional de alimentos del desierto","publisher":{"@id":"https:\/\/findfoodbank.org\/#organization"},"potentialAction":[{"@type":"SearchAction","target":{"@type":"EntryPoint","urlTemplate":"https:\/\/findfoodbank.org\/?s={search_term_string}"},"query-input":{"@type":"PropertyValueSpecification","valueRequired":true,"valueName":"search_term_string"}}],"inLanguage":"es"},{"@type":"Organization","@id":"https:\/\/findfoodbank.org\/#organization","name":"ENCONTRAR Banco de Alimentos","url":"https:\/\/findfoodbank.org\/","logo":{"@type":"ImageObject","inLanguage":"es","@id":"https:\/\/findfoodbank.org\/#\/schema\/logo\/image\/","url":"https:\/\/findfoodbank.org\/wp-content\/uploads\/2025\/09\/FIND-logo25-horizontal_4c.png","contentUrl":"https:\/\/findfoodbank.org\/wp-content\/uploads\/2025\/09\/FIND-logo25-horizontal_4c.png","width":1189,"height":373,"caption":"FIND Food Bank"},"image":{"@id":"https:\/\/findfoodbank.org\/#\/schema\/logo\/image\/"}}]}},"ticketed":false,"_links":{"self":[{"href":"https:\/\/findfoodbank.org\/es\/wp-json\/wp\/v2\/pages\/2181","targetHints":{"allow":["GET"]}}],"collection":[{"href":"https:\/\/findfoodbank.org\/es\/wp-json\/wp\/v2\/pages"}],"about":[{"href":"https:\/\/findfoodbank.org\/es\/wp-json\/wp\/v2\/types\/page"}],"author":[{"embeddable":true,"href":"https:\/\/findfoodbank.org\/es\/wp-json\/wp\/v2\/users\/15"}],"replies":[{"embeddable":true,"href":"https:\/\/findfoodbank.org\/es\/wp-json\/wp\/v2\/comments?post=2181"}],"version-history":[{"count":43,"href":"https:\/\/findfoodbank.org\/es\/wp-json\/wp\/v2\/pages\/2181\/revisions"}],"predecessor-version":[{"id":17154,"href":"https:\/\/findfoodbank.org\/es\/wp-json\/wp\/v2\/pages\/2181\/revisions\/17154"}],"wp:featuredmedia":[{"embeddable":true,"href":"https:\/\/findfoodbank.org\/es\/wp-json\/wp\/v2\/media\/9705"}],"wp:attachment":[{"href":"https:\/\/findfoodbank.org\/es\/wp-json\/wp\/v2\/media?parent=2181"}],"curies":[{"name":"wp","href":"https:\/\/api.w.org\/{rel}","templated":true}]}}