{"id":1920,"date":"2021-06-28T17:31:27","date_gmt":"2021-06-28T17:31:27","guid":{"rendered":"http:\/\/findfoodbank.flywheelsites.com\/?page_id=1920"},"modified":"2023-09-23T22:59:54","modified_gmt":"2023-09-24T05:59:54","slug":"start-a-program","status":"publish","type":"page","link":"https:\/\/findfoodbank.org\/es\/get-involved\/start-a-program\/","title":{"rendered":"Iniciar un programa"},"content":{"rendered":"<div class=\"gb-container gb-container-28faf69b alignfull\">\n<div class=\"gb-container gb-container-3f0dd009\">\n<div class=\"gb-grid-wrapper gb-grid-wrapper-13c3365b\">\n<div class=\"gb-grid-column gb-grid-column-d5f1138a\"><div class=\"gb-container gb-container-d5f1138a\">\n<nav style=\"color: #324452;\" class=\"has-text-color  is-vertical wp-block-navigation is-layout-flex wp-container-core-navigation-is-layout-8cf370e7 wp-block-navigation-is-layout-flex\" aria-label=\"Involucrarse\"><ul style=\"color: #324452;\" class=\"wp-block-navigation__container has-text-color  is-vertical wp-block-navigation\"><li class=\"wp-block-navigation-item wp-block-navigation-link\"><a class=\"wp-block-navigation-item__content\"  href=\"https:\/\/findfoodbank.org\/es\/get-involved\/donate-foods\/\"><span class=\"wp-block-navigation-item__label\">Donaciones anuales<\/span><\/a><\/li><li class=\"wp-block-navigation-item wp-block-navigation-link\"><a class=\"wp-block-navigation-item__content\"  href=\"https:\/\/findfoodbank.org\/es\/planned-estate-giving\/\"><span class=\"wp-block-navigation-item__label\">Donaciones planificadas y patrimoniales<\/span><\/a><\/li><li class=\"wp-block-navigation-item wp-block-navigation-link\"><a class=\"wp-block-navigation-item__content\"  href=\"https:\/\/findfoodbank.org\/es\/matchinggifts\/\"><span class=\"wp-block-navigation-item__label\">Regalos a juego<\/span><\/a><\/li><li class=\"wp-block-navigation-item wp-block-navigation-link\"><a class=\"wp-block-navigation-item__content\"  href=\"https:\/\/findfoodbank.org\/es\/stock-gifts\/\"><span class=\"wp-block-navigation-item__label\">Regalos en stock<\/span><\/a><\/li><li class=\"wp-block-navigation-item wp-block-navigation-link\"><a class=\"wp-block-navigation-item__content\"  href=\"https:\/\/findfoodbank.org\/es\/get-involved\/financial-support\/donor-faqs\/\"><span class=\"wp-block-navigation-item__label\">Preguntas frecuentes de donantes<span>&#039;<\/span>s<\/span><\/a><\/li><li class=\"wp-block-navigation-item wp-block-navigation-link\"><a class=\"wp-block-navigation-item__content\"  href=\"https:\/\/findfoodbank.org\/es\/shoptogive\/\"><span class=\"wp-block-navigation-item__label\">Comprar para regalar<\/span><\/a><\/li><li class=\"wp-block-navigation-item wp-block-navigation-link\"><a class=\"wp-block-navigation-item__content\"  href=\"https:\/\/findfoodbank.org\/es\/giving-society\/\"><span class=\"wp-block-navigation-item__label\">Dando sociedad<\/span><\/a><\/li><\/ul><\/nav>\n<\/div><\/div>\n\n<div class=\"gb-grid-column gb-grid-column-6db025f2\"><div class=\"gb-container gb-container-6db025f2\">\n\n<h5 class=\"gb-headline gb-headline-67292e09 gb-headline-text\">Iniciar un programa<\/h5>\n\n\n\n<p>Nuestro impacto en la comunidad es posible a trav\u00e9s de nuestros socios como usted. Sus esfuerzos servir\u00e1n directamente a los adultos, las familias y los ni\u00f1os que enfrentan el hambre en nuestra regi\u00f3n.<\/p>\n\n\n\n<p>Organizations that are a part of FIND Food Bank\u2019s Agency Network go through an application process and must maintain required standards to distribute food assistance. To learn more about becoming an agency partner organization, please contact <a href=\"mailto:info@findfoodbank.org\" target=\"_blank\" rel=\"noreferrer noopener\">info@findfoodbank.org<\/a> o llamar <a href=\"tel:7607753663\" target=\"_blank\" rel=\"noreferrer noopener\">760-775-3663<\/a>.<\/p>\n\n\n\n<figure class=\"wp-block-image size-large\"><a href=\"https:\/\/findfoodbank.org\/wp-content\/uploads\/2022\/06\/Agency-The-Narrow-Door.png\" data-rel=\"lightbox-image-0\" data-rl_title=\"\" data-rl_caption=\"\" title=\"\"><img loading=\"lazy\" decoding=\"async\" width=\"1024\" height=\"641\" src=\"https:\/\/findfoodbank.org\/wp-content\/uploads\/2022\/06\/Agency-The-Narrow-Door-1024x641.png\" alt=\"\" class=\"wp-image-7434\" srcset=\"https:\/\/findfoodbank.org\/wp-content\/uploads\/2022\/06\/Agency-The-Narrow-Door-1024x641.png 1024w, https:\/\/findfoodbank.org\/wp-content\/uploads\/2022\/06\/Agency-The-Narrow-Door-300x188.png 300w, https:\/\/findfoodbank.org\/wp-content\/uploads\/2022\/06\/Agency-The-Narrow-Door-768x481.png 768w, https:\/\/findfoodbank.org\/wp-content\/uploads\/2022\/06\/Agency-The-Narrow-Door-1536x961.png 1536w, https:\/\/findfoodbank.org\/wp-content\/uploads\/2022\/06\/Agency-The-Narrow-Door-2048x1282.png 2048w, https:\/\/findfoodbank.org\/wp-content\/uploads\/2022\/06\/Agency-The-Narrow-Door-18x12.png 18w, https:\/\/findfoodbank.org\/wp-content\/uploads\/2022\/06\/Agency-The-Narrow-Door-400x250.png 400w, https:\/\/findfoodbank.org\/wp-content\/uploads\/2022\/06\/Agency-The-Narrow-Door-1080x676.png 1080w\" sizes=\"auto, (max-width: 1024px) 100vw, 1024px\" \/><\/a><\/figure>\n\n<\/div><\/div>\n<\/div>\n<\/div>\n<\/div>\n\n<div class=\"gb-container gb-container-2d94d8e0 alignfull\">\n<div class=\"gb-container gb-container-9e064497\">\n\n<p class=\"gb-headline gb-headline-5b7dbe27 gb-headline-text\">FIND Food Bank tiene un proceso de solicitud complicado para las organizaciones comunitarias que est\u00e1n interesadas en unirse a nuestra red de distribuci\u00f3n de asistencia alimentaria. Por favor <a href=\"https:\/\/findfoodbank.org\/es\/contact-us\/\" target=\"_blank\" rel=\"noreferrer noopener\">contacto FIND<\/a> si est\u00e1 interesado en aprender c\u00f3mo convertirse en socio de agencia.<\/p>\n\n\n<div class=\"gb-grid-wrapper gb-grid-wrapper-939d4a80\">\n<div class=\"gb-grid-column gb-grid-column-8a5aa685\"><div class=\"gb-container gb-container-8a5aa685\">\n\n<figure class=\"gb-block-image gb-block-image-0c051cfe\"><img loading=\"lazy\" decoding=\"async\" width=\"600\" height=\"375\" class=\"gb-image gb-image-0c051cfe\" src=\"https:\/\/findfoodbank.org\/wp-content\/uploads\/2021\/06\/Start_a_Program_Food_Pantries.jpg\" alt=\"\" title=\"Start_a_Program_Food_Pantries\" srcset=\"https:\/\/findfoodbank.org\/wp-content\/uploads\/2021\/06\/Start_a_Program_Food_Pantries.jpg 600w, https:\/\/findfoodbank.org\/wp-content\/uploads\/2021\/06\/Start_a_Program_Food_Pantries-300x188.jpg 300w, https:\/\/findfoodbank.org\/wp-content\/uploads\/2021\/06\/Start_a_Program_Food_Pantries-400x250.jpg 400w, https:\/\/findfoodbank.org\/wp-content\/uploads\/2021\/06\/Start_a_Program_Food_Pantries-480x300.jpg 480w\" sizes=\"auto, (max-width: 600px) 100vw, 600px\" \/><\/figure>\n\n\n<div class=\"gb-container gb-container-1edb2e8f\">\n\n<h2 class=\"wp-block-heading has-text-align-center\">Despensas de alimentos y mercados m\u00f3viles<\/h2>\n\n\n\n<a class=\"stretchlink\" href=\"https:\/\/findfoodbank.org\/es\/programs-services\/food-pantries-mobile-programs\/\"><\/a>\n\n<\/div>\n<\/div><\/div>\n\n<div class=\"gb-grid-column gb-grid-column-06611e21\"><div class=\"gb-container gb-container-06611e21\">\n\n<figure class=\"gb-block-image gb-block-image-e37e937c\"><img loading=\"lazy\" decoding=\"async\" width=\"600\" height=\"375\" class=\"gb-image gb-image-e37e937c\" src=\"https:\/\/findfoodbank.org\/wp-content\/uploads\/2021\/06\/Start_a_Program_Children.jpg\" alt=\"\" title=\"Start_a_Program_Children\" srcset=\"https:\/\/findfoodbank.org\/wp-content\/uploads\/2021\/06\/Start_a_Program_Children.jpg 600w, https:\/\/findfoodbank.org\/wp-content\/uploads\/2021\/06\/Start_a_Program_Children-300x188.jpg 300w, https:\/\/findfoodbank.org\/wp-content\/uploads\/2021\/06\/Start_a_Program_Children-400x250.jpg 400w, https:\/\/findfoodbank.org\/wp-content\/uploads\/2021\/06\/Start_a_Program_Children-480x300.jpg 480w\" sizes=\"auto, (max-width: 600px) 100vw, 600px\" \/><\/figure>\n\n\n<div class=\"gb-container gb-container-ce25d28c\">\n\n<h2 class=\"wp-block-heading has-text-align-center\">Programas basados en ni\u00f1os y escuelas<\/h2>\n\n\n\n<a class=\"stretchlink\" href=\"https:\/\/findfoodbank.org\/es\/programs-services\/childrens-school-based-programs\/\"><\/a>\n\n<\/div>\n<\/div><\/div>\n\n<div class=\"gb-grid-column gb-grid-column-35e65f56\"><div class=\"gb-container gb-container-35e65f56\">\n\n<figure class=\"gb-block-image gb-block-image-1272c585\"><img loading=\"lazy\" decoding=\"async\" width=\"600\" height=\"375\" class=\"gb-image gb-image-1272c585\" src=\"https:\/\/findfoodbank.org\/wp-content\/uploads\/2021\/06\/Start_a_Program_Outreach.jpg\" alt=\"\" title=\"Start_a_Program_Outreach\" srcset=\"https:\/\/findfoodbank.org\/wp-content\/uploads\/2021\/06\/Start_a_Program_Outreach.jpg 600w, https:\/\/findfoodbank.org\/wp-content\/uploads\/2021\/06\/Start_a_Program_Outreach-300x188.jpg 300w, https:\/\/findfoodbank.org\/wp-content\/uploads\/2021\/06\/Start_a_Program_Outreach-400x250.jpg 400w, https:\/\/findfoodbank.org\/wp-content\/uploads\/2021\/06\/Start_a_Program_Outreach-480x300.jpg 480w\" sizes=\"auto, (max-width: 600px) 100vw, 600px\" \/><\/figure>\n\n\n<div class=\"gb-container gb-container-c8ab3b4b\">\n\n<h2 class=\"wp-block-heading has-text-align-center\">Outreach<br>Services<\/h2>\n\n\n\n<a class=\"stretchlink\" href=\"https:\/\/findfoodbank.org\/es\/outreach-services\/\"><\/a>\n\n<\/div>\n<\/div><\/div>\n<\/div>\n<\/div>\n\n<div class=\"gb-container gb-container-d8cf3296 alignfull\"><\/div>\n<\/div>","protected":false},"excerpt":{"rendered":"<p> &#8230; <a title=\"Iniciar un programa\" class=\"read-more\" href=\"https:\/\/findfoodbank.org\/es\/get-involved\/start-a-program\/\" aria-label=\"Leer m\u00e1s sobre Start a Program\">Read more<\/a><\/p>","protected":false},"author":15,"featured_media":1974,"parent":1295,"menu_order":0,"comment_status":"closed","ping_status":"closed","template":"","meta":{"_monsterinsights_skip_tracking":false,"_monsterinsights_sitenote_active":false,"_monsterinsights_sitenote_note":"","_monsterinsights_sitenote_category":0,"_price":"","_stock":"","_tribe_ticket_header":"","_tribe_default_ticket_provider":"","_tribe_ticket_capacity":"0","_ticket_start_date":"","_ticket_end_date":"","_tribe_ticket_show_description":"","_tribe_ticket_show_not_going":false,"_tribe_ticket_use_global_stock":"","_tribe_ticket_global_stock_level":"","_global_stock_mode":"","_global_stock_cap":"","_tribe_rsvp_for_event":"","_tribe_ticket_going_count":"","_tribe_ticket_not_going_count":"","_tribe_tickets_list":"[]","_tribe_ticket_has_attendee_info_fields":false,"footnotes":"","_tec_slr_enabled":"","_tec_slr_layout":""},"class_list":["post-1920","page","type-page","status-publish","has-post-thumbnail","resize-featured-image"],"yoast_head":"<!-- This site is optimized with the Yoast SEO plugin v27.3 - https:\/\/yoast.com\/product\/yoast-seo-wordpress\/ -->\n<title>Start a Program, FIND Food Drive Program Coachella Valley<\/title>\n<meta name=\"description\" content=\"Our impact on the community is possible through our partners like you. Your efforts will directly serve adults, families, and children facing hunger.\" \/>\n<meta name=\"robots\" content=\"index, follow, max-snippet:-1, max-image-preview:large, max-video-preview:-1\" \/>\n<link rel=\"canonical\" href=\"https:\/\/findfoodbank.org\/es\/get-involved\/start-a-program\/\" \/>\n<meta property=\"og:locale\" content=\"es_MX\" \/>\n<meta property=\"og:type\" content=\"article\" \/>\n<meta property=\"og:title\" content=\"Start a Program, FIND Food Drive Program Coachella Valley\" \/>\n<meta property=\"og:description\" content=\"Our impact on the community is possible through our partners like you. Your efforts will directly serve adults, families, and children facing hunger.\" \/>\n<meta property=\"og:url\" content=\"https:\/\/findfoodbank.org\/es\/get-involved\/start-a-program\/\" \/>\n<meta property=\"og:site_name\" content=\"FIND Food Bank\" \/>\n<meta property=\"article:modified_time\" content=\"2023-09-24T05:59:54+00:00\" \/>\n<meta property=\"og:image\" content=\"http:\/\/seodevsite.com\/foodbank\/wp-content\/uploads\/2021\/06\/Hero_start_a_program.jpg\" \/>\n\t<meta property=\"og:image:width\" content=\"1600\" \/>\n\t<meta property=\"og:image:height\" content=\"447\" \/>\n\t<meta property=\"og:image:type\" content=\"image\/jpeg\" \/>\n<meta name=\"twitter:card\" content=\"summary_large_image\" \/>\n<meta name=\"twitter:label1\" content=\"Tiempo de lectura\" \/>\n\t<meta name=\"twitter:data1\" content=\"2 minutos\" \/>\n<script type=\"application\/ld+json\" class=\"yoast-schema-graph\">{\"@context\":\"https:\\\/\\\/schema.org\",\"@graph\":[{\"@type\":\"WebPage\",\"@id\":\"https:\\\/\\\/findfoodbank.org\\\/get-involved\\\/start-a-program\\\/\",\"url\":\"https:\\\/\\\/findfoodbank.org\\\/get-involved\\\/start-a-program\\\/\",\"name\":\"Start a Program, FIND Food Drive Program Coachella Valley\",\"isPartOf\":{\"@id\":\"https:\\\/\\\/findfoodbank.org\\\/#website\"},\"primaryImageOfPage\":{\"@id\":\"https:\\\/\\\/findfoodbank.org\\\/get-involved\\\/start-a-program\\\/#primaryimage\"},\"image\":{\"@id\":\"https:\\\/\\\/findfoodbank.org\\\/get-involved\\\/start-a-program\\\/#primaryimage\"},\"thumbnailUrl\":\"https:\\\/\\\/findfoodbank.org\\\/wp-content\\\/uploads\\\/2021\\\/06\\\/Hero_start_a_program.jpg\",\"datePublished\":\"2021-06-28T17:31:27+00:00\",\"dateModified\":\"2023-09-24T05:59:54+00:00\",\"description\":\"Our impact on the community is possible through our partners like you. Your efforts will directly serve adults, families, and children facing hunger.\",\"breadcrumb\":{\"@id\":\"https:\\\/\\\/findfoodbank.org\\\/get-involved\\\/start-a-program\\\/#breadcrumb\"},\"inLanguage\":\"es\",\"potentialAction\":[{\"@type\":\"ReadAction\",\"target\":[\"https:\\\/\\\/findfoodbank.org\\\/get-involved\\\/start-a-program\\\/\"]}]},{\"@type\":\"ImageObject\",\"inLanguage\":\"es\",\"@id\":\"https:\\\/\\\/findfoodbank.org\\\/get-involved\\\/start-a-program\\\/#primaryimage\",\"url\":\"https:\\\/\\\/findfoodbank.org\\\/wp-content\\\/uploads\\\/2021\\\/06\\\/Hero_start_a_program.jpg\",\"contentUrl\":\"https:\\\/\\\/findfoodbank.org\\\/wp-content\\\/uploads\\\/2021\\\/06\\\/Hero_start_a_program.jpg\",\"width\":1600,\"height\":447,\"caption\":\"Start a program\"},{\"@type\":\"BreadcrumbList\",\"@id\":\"https:\\\/\\\/findfoodbank.org\\\/get-involved\\\/start-a-program\\\/#breadcrumb\",\"itemListElement\":[{\"@type\":\"ListItem\",\"position\":1,\"name\":\"Home\",\"item\":\"https:\\\/\\\/findfoodbank.org\\\/\"},{\"@type\":\"ListItem\",\"position\":2,\"name\":\"Get Involved\",\"item\":\"https:\\\/\\\/findfoodbank.org\\\/get-involved\\\/\"},{\"@type\":\"ListItem\",\"position\":3,\"name\":\"Start a Program\"}]},{\"@type\":\"WebSite\",\"@id\":\"https:\\\/\\\/findfoodbank.org\\\/#website\",\"url\":\"https:\\\/\\\/findfoodbank.org\\\/\",\"name\":\"FIND Food Bank\",\"description\":\"The Desert's Regional Food Bank\",\"publisher\":{\"@id\":\"https:\\\/\\\/findfoodbank.org\\\/#organization\"},\"potentialAction\":[{\"@type\":\"SearchAction\",\"target\":{\"@type\":\"EntryPoint\",\"urlTemplate\":\"https:\\\/\\\/findfoodbank.org\\\/?s={search_term_string}\"},\"query-input\":{\"@type\":\"PropertyValueSpecification\",\"valueRequired\":true,\"valueName\":\"search_term_string\"}}],\"inLanguage\":\"es\"},{\"@type\":\"Organization\",\"@id\":\"https:\\\/\\\/findfoodbank.org\\\/#organization\",\"name\":\"FIND Food Bank\",\"url\":\"https:\\\/\\\/findfoodbank.org\\\/\",\"logo\":{\"@type\":\"ImageObject\",\"inLanguage\":\"es\",\"@id\":\"https:\\\/\\\/findfoodbank.org\\\/#\\\/schema\\\/logo\\\/image\\\/\",\"url\":\"https:\\\/\\\/findfoodbank.org\\\/wp-content\\\/uploads\\\/2025\\\/09\\\/FIND-logo25-horizontal_4c.png\",\"contentUrl\":\"https:\\\/\\\/findfoodbank.org\\\/wp-content\\\/uploads\\\/2025\\\/09\\\/FIND-logo25-horizontal_4c.png\",\"width\":1189,\"height\":373,\"caption\":\"FIND Food Bank\"},\"image\":{\"@id\":\"https:\\\/\\\/findfoodbank.org\\\/#\\\/schema\\\/logo\\\/image\\\/\"}}]}<\/script>\n<!-- \/ Yoast SEO plugin. -->","yoast_head_json":{"title":"Start a Program, FIND Food Drive Program Coachella Valley","description":"Our impact on the community is possible through our partners like you. Your efforts will directly serve adults, families, and children facing hunger.","robots":{"index":"index","follow":"follow","max-snippet":"max-snippet:-1","max-image-preview":"max-image-preview:large","max-video-preview":"max-video-preview:-1"},"canonical":"https:\/\/findfoodbank.org\/es\/get-involved\/start-a-program\/","og_locale":"es_MX","og_type":"article","og_title":"Start a Program, FIND Food Drive Program Coachella Valley","og_description":"Our impact on the community is possible through our partners like you. Your efforts will directly serve adults, families, and children facing hunger.","og_url":"https:\/\/findfoodbank.org\/es\/get-involved\/start-a-program\/","og_site_name":"FIND Food Bank","article_modified_time":"2023-09-24T05:59:54+00:00","og_image":[{"width":1600,"height":447,"url":"http:\/\/seodevsite.com\/foodbank\/wp-content\/uploads\/2021\/06\/Hero_start_a_program.jpg","type":"image\/jpeg"}],"twitter_card":"summary_large_image","twitter_misc":{"Tiempo de lectura":"2 minutos"},"schema":{"@context":"https:\/\/schema.org","@graph":[{"@type":"WebPage","@id":"https:\/\/findfoodbank.org\/get-involved\/start-a-program\/","url":"https:\/\/findfoodbank.org\/get-involved\/start-a-program\/","name":"Start a Program, FIND Food Drive Program Coachella Valley","isPartOf":{"@id":"https:\/\/findfoodbank.org\/#website"},"primaryImageOfPage":{"@id":"https:\/\/findfoodbank.org\/get-involved\/start-a-program\/#primaryimage"},"image":{"@id":"https:\/\/findfoodbank.org\/get-involved\/start-a-program\/#primaryimage"},"thumbnailUrl":"https:\/\/findfoodbank.org\/wp-content\/uploads\/2021\/06\/Hero_start_a_program.jpg","datePublished":"2021-06-28T17:31:27+00:00","dateModified":"2023-09-24T05:59:54+00:00","description":"Our impact on the community is possible through our partners like you. Your efforts will directly serve adults, families, and children facing hunger.","breadcrumb":{"@id":"https:\/\/findfoodbank.org\/get-involved\/start-a-program\/#breadcrumb"},"inLanguage":"es","potentialAction":[{"@type":"ReadAction","target":["https:\/\/findfoodbank.org\/get-involved\/start-a-program\/"]}]},{"@type":"ImageObject","inLanguage":"es","@id":"https:\/\/findfoodbank.org\/get-involved\/start-a-program\/#primaryimage","url":"https:\/\/findfoodbank.org\/wp-content\/uploads\/2021\/06\/Hero_start_a_program.jpg","contentUrl":"https:\/\/findfoodbank.org\/wp-content\/uploads\/2021\/06\/Hero_start_a_program.jpg","width":1600,"height":447,"caption":"Start a program"},{"@type":"BreadcrumbList","@id":"https:\/\/findfoodbank.org\/get-involved\/start-a-program\/#breadcrumb","itemListElement":[{"@type":"ListItem","position":1,"name":"Home","item":"https:\/\/findfoodbank.org\/"},{"@type":"ListItem","position":2,"name":"Get Involved","item":"https:\/\/findfoodbank.org\/get-involved\/"},{"@type":"ListItem","position":3,"name":"Start a Program"}]},{"@type":"WebSite","@id":"https:\/\/findfoodbank.org\/#website","url":"https:\/\/findfoodbank.org\/","name":"ENCONTRAR Banco de Alimentos","description":"El banco regional de alimentos del desierto","publisher":{"@id":"https:\/\/findfoodbank.org\/#organization"},"potentialAction":[{"@type":"SearchAction","target":{"@type":"EntryPoint","urlTemplate":"https:\/\/findfoodbank.org\/?s={search_term_string}"},"query-input":{"@type":"PropertyValueSpecification","valueRequired":true,"valueName":"search_term_string"}}],"inLanguage":"es"},{"@type":"Organization","@id":"https:\/\/findfoodbank.org\/#organization","name":"ENCONTRAR Banco de Alimentos","url":"https:\/\/findfoodbank.org\/","logo":{"@type":"ImageObject","inLanguage":"es","@id":"https:\/\/findfoodbank.org\/#\/schema\/logo\/image\/","url":"https:\/\/findfoodbank.org\/wp-content\/uploads\/2025\/09\/FIND-logo25-horizontal_4c.png","contentUrl":"https:\/\/findfoodbank.org\/wp-content\/uploads\/2025\/09\/FIND-logo25-horizontal_4c.png","width":1189,"height":373,"caption":"FIND Food Bank"},"image":{"@id":"https:\/\/findfoodbank.org\/#\/schema\/logo\/image\/"}}]}},"ticketed":false,"_links":{"self":[{"href":"https:\/\/findfoodbank.org\/es\/wp-json\/wp\/v2\/pages\/1920","targetHints":{"allow":["GET"]}}],"collection":[{"href":"https:\/\/findfoodbank.org\/es\/wp-json\/wp\/v2\/pages"}],"about":[{"href":"https:\/\/findfoodbank.org\/es\/wp-json\/wp\/v2\/types\/page"}],"author":[{"embeddable":true,"href":"https:\/\/findfoodbank.org\/es\/wp-json\/wp\/v2\/users\/15"}],"replies":[{"embeddable":true,"href":"https:\/\/findfoodbank.org\/es\/wp-json\/wp\/v2\/comments?post=1920"}],"version-history":[{"count":12,"href":"https:\/\/findfoodbank.org\/es\/wp-json\/wp\/v2\/pages\/1920\/revisions"}],"predecessor-version":[{"id":11857,"href":"https:\/\/findfoodbank.org\/es\/wp-json\/wp\/v2\/pages\/1920\/revisions\/11857"}],"up":[{"embeddable":true,"href":"https:\/\/findfoodbank.org\/es\/wp-json\/wp\/v2\/pages\/1295"}],"wp:featuredmedia":[{"embeddable":true,"href":"https:\/\/findfoodbank.org\/es\/wp-json\/wp\/v2\/media\/1974"}],"wp:attachment":[{"href":"https:\/\/findfoodbank.org\/es\/wp-json\/wp\/v2\/media?parent=1920"}],"curies":[{"name":"wp","href":"https:\/\/api.w.org\/{rel}","templated":true}]}}