{"id":1788,"date":"2021-06-23T23:01:16","date_gmt":"2021-06-23T23:01:16","guid":{"rendered":"http:\/\/findfoodbank.flywheelsites.com\/?page_id=1788"},"modified":"2023-09-26T19:12:28","modified_gmt":"2023-09-27T02:12:28","slug":"food-pantries-mobile-programs","status":"publish","type":"page","link":"https:\/\/findfoodbank.org\/es\/programs-services\/food-pantries-mobile-programs\/","title":{"rendered":"Despensas de alimentos y programas m\u00f3viles"},"content":{"rendered":"<div class=\"gb-container gb-container-784e78a6 alignfull\">\n<div class=\"gb-container gb-container-fc308c79\">\n<div class=\"gb-grid-wrapper gb-grid-wrapper-de841003\">\n<div class=\"gb-grid-column gb-grid-column-fc4f0b98\"><div class=\"gb-container gb-container-fc4f0b98\">\n\n<figure class=\"gb-block-image gb-block-image-cbdd9bef\"><img loading=\"lazy\" decoding=\"async\" width=\"600\" height=\"509\" class=\"gb-image gb-image-cbdd9bef\" src=\"https:\/\/findfoodbank.org\/wp-content\/uploads\/2021\/06\/Food_Pantries.jpg\" srcset=\"https:\/\/findfoodbank.org\/wp-content\/uploads\/2021\/06\/Food_Pantries.jpg 600w, https:\/\/findfoodbank.org\/wp-content\/uploads\/2021\/06\/Food_Pantries-300x255.jpg 300w, https:\/\/findfoodbank.org\/wp-content\/uploads\/2021\/06\/Food_Pantries-480x407.jpg 480w\" sizes=\"auto, (max-width: 600px) 100vw, 600px\" \/><\/figure>\n\n<\/div><\/div>\n\n<div class=\"gb-grid-column gb-grid-column-94d646ad\"><div class=\"gb-container gb-container-94d646ad\">\n\n<h5 class=\"gb-headline gb-headline-fca3d4a3 gb-headline-text\">Food Pantries &amp; Mobile Programs<\/h5>\n\n\n\n<p>Las distribuciones del mercado m\u00f3vil comunitario de FIND Food Bank nos ayudan a llegar a los \u201cFood Deserts\u201d: comunidades remotas y desatendidas que carecen de acceso regular a alimentos asequibles. Estos Mercados M\u00f3viles Comunitarios tambi\u00e9n ayudan a garantizar que haya un acceso equitativo a los alimentos para todas las personas con inseguridad alimentaria en nuestra \u00e1rea de servicio de 5,000 millas cuadradas. <\/p>\n\n\n\n<p>Los mercados m\u00f3viles de FIND distribuyen alimentos saludables gratuitos, incluidas frutas y verduras frescas, para apoyar la creaci\u00f3n de comidas saludables para las personas y familias que califican para los servicios. Utilizando las porciones recomendadas de USDA My Plate para una dieta balanceada de frutas frescas, verduras, prote\u00ednas, productos l\u00e1cteos y granos, nuestros Mercados M\u00f3viles Comunitarios Gratuitos ofrecen una variedad de opciones de cada una de estas categor\u00edas que permiten a las familias e individuos la posibilidad de personalizar sus selecciones. en funci\u00f3n de sus necesidades culturales, religiosas y diet\u00e9ticas. <\/p>\n\n\n\n<p>Servir a nuestras poblaciones m\u00e1s vulnerables y con inseguridad alimentaria con dignidad, respeto, comprensi\u00f3n y compasi\u00f3n es la forma en que FIND dice que se preocupan por todos. <\/p>\n\n\n\n<p><a href=\"https:\/\/findfoodbank.org\/es\/map\/\" target=\"_blank\" rel=\"noopener\">Haga clic aqu\u00ed para BUSCAR ubicaciones, fechas y horarios de distribuci\u00f3n del mercado m\u00f3vil.<\/a><\/p>\n\n<\/div><\/div>\n<\/div>\n<\/div>\n<\/div>\n\n<div class=\"gb-container gb-container-f01d1c79 alignfull\">\n<div class=\"gb-grid-wrapper gb-grid-wrapper-bd5291a0\">\n<div class=\"gb-grid-column gb-grid-column-9b9091ac\"><div class=\"gb-container gb-container-9b9091ac\">\n\n<h1 class=\"gb-headline gb-headline-2614a973 gb-headline-text\">Despensas de alimentos<\/h1>\n\n\n\n<h2 class=\"gb-headline gb-headline-1221e477 gb-headline-text\">Distribuciones de asistencia alimentaria<\/h2>\n\n\n\n<p>El trabajo muy importante de distribuir miles de libras de alimentos se realiza a trav\u00e9s de las distribuciones gratuitas de mercado m\u00f3vil comunitario de FIND Food Bank y una red de m\u00e1s de 80 socios comunitarios (FIND Food Bank Agency Network) cuyas organizaciones tienen programas \u00fanicos para aquellos a quienes sirven (personas sin hogar refugios, comedores comunitarios y despensas). Estos programas trabajan para mover alimentos gratuitos perecederos y no perecederos r\u00e1pidamente a familias e individuos calificados de manera equitativa en todo nuestro Desierto. En muchos lugares, tambi\u00e9n se brindan servicios de apoyo adicionales.<\/p>\n\n\n\n<p>FIND Food Bank ofrece <strong>75-100%<\/strong> del suministro de alimentos de estas agencias, lo que permite que esas organizaciones sirvan mejor a sus clientes. Primero necesitan cuidar a sus clientes, mientras nosotros nos ocupamos de la comida.<\/p>\n\n<\/div><\/div>\n\n<div class=\"gb-grid-column gb-grid-column-7be1c05b\"><div class=\"gb-container gb-container-7be1c05b\"><\/div><\/div>\n<\/div>\n<\/div>","protected":false},"excerpt":{"rendered":"","protected":false},"author":15,"featured_media":1817,"parent":1167,"menu_order":0,"comment_status":"closed","ping_status":"closed","template":"","meta":{"_monsterinsights_skip_tracking":false,"_monsterinsights_sitenote_active":false,"_monsterinsights_sitenote_note":"","_monsterinsights_sitenote_category":0,"_price":"","_stock":"","_tribe_ticket_header":"","_tribe_default_ticket_provider":"","_tribe_ticket_capacity":"0","_ticket_start_date":"","_ticket_end_date":"","_tribe_ticket_show_description":"","_tribe_ticket_show_not_going":false,"_tribe_ticket_use_global_stock":"","_tribe_ticket_global_stock_level":"","_global_stock_mode":"","_global_stock_cap":"","_tribe_rsvp_for_event":"","_tribe_ticket_going_count":"","_tribe_ticket_not_going_count":"","_tribe_tickets_list":"[]","_tribe_ticket_has_attendee_info_fields":false,"footnotes":"","_tec_slr_enabled":"","_tec_slr_layout":""},"class_list":["post-1788","page","type-page","status-publish","has-post-thumbnail","resize-featured-image"],"yoast_head":"<!-- This site is optimized with the Yoast SEO plugin v27.3 - https:\/\/yoast.com\/product\/yoast-seo-wordpress\/ -->\n<title>Food Pantries &amp; Mobile Programs, FIND Food Bank Pantries<\/title>\n<meta name=\"description\" content=\"FIND Food Bank\u2019s Community Mobile Market Distributions help us reach \u201cFood Deserts\u201d: remote, underserved communities that lack regular access to affordable food.\" \/>\n<meta name=\"robots\" content=\"index, follow, max-snippet:-1, max-image-preview:large, max-video-preview:-1\" \/>\n<link rel=\"canonical\" href=\"https:\/\/findfoodbank.org\/es\/programs-services\/food-pantries-mobile-programs\/\" \/>\n<meta property=\"og:locale\" content=\"es_MX\" \/>\n<meta property=\"og:type\" content=\"article\" \/>\n<meta property=\"og:title\" content=\"Food Pantries &amp; Mobile Programs, FIND Food Bank Pantries\" \/>\n<meta property=\"og:description\" content=\"FIND Food Bank\u2019s Community Mobile Market Distributions help us reach \u201cFood Deserts\u201d: remote, underserved communities that lack regular access to affordable food.\" \/>\n<meta property=\"og:url\" content=\"https:\/\/findfoodbank.org\/es\/programs-services\/food-pantries-mobile-programs\/\" \/>\n<meta property=\"og:site_name\" content=\"FIND Food Bank\" \/>\n<meta property=\"article:modified_time\" content=\"2023-09-27T02:12:28+00:00\" \/>\n<meta property=\"og:image\" content=\"http:\/\/seodevsite.com\/foodbank\/wp-content\/uploads\/2021\/06\/Hero_Food_Pantries_Mobile_Programs.jpg\" \/>\n\t<meta property=\"og:image:width\" content=\"1600\" \/>\n\t<meta property=\"og:image:height\" content=\"447\" \/>\n\t<meta property=\"og:image:type\" content=\"image\/jpeg\" \/>\n<meta name=\"twitter:card\" content=\"summary_large_image\" \/>\n<meta name=\"twitter:label1\" content=\"Tiempo de lectura\" \/>\n\t<meta name=\"twitter:data1\" content=\"2 minutos\" \/>\n<script type=\"application\/ld+json\" class=\"yoast-schema-graph\">{\"@context\":\"https:\\\/\\\/schema.org\",\"@graph\":[{\"@type\":\"WebPage\",\"@id\":\"https:\\\/\\\/findfoodbank.org\\\/programs-services\\\/food-pantries-mobile-programs\\\/\",\"url\":\"https:\\\/\\\/findfoodbank.org\\\/programs-services\\\/food-pantries-mobile-programs\\\/\",\"name\":\"Food Pantries & Mobile Programs, FIND Food Bank Pantries\",\"isPartOf\":{\"@id\":\"https:\\\/\\\/findfoodbank.org\\\/#website\"},\"primaryImageOfPage\":{\"@id\":\"https:\\\/\\\/findfoodbank.org\\\/programs-services\\\/food-pantries-mobile-programs\\\/#primaryimage\"},\"image\":{\"@id\":\"https:\\\/\\\/findfoodbank.org\\\/programs-services\\\/food-pantries-mobile-programs\\\/#primaryimage\"},\"thumbnailUrl\":\"https:\\\/\\\/findfoodbank.org\\\/wp-content\\\/uploads\\\/2021\\\/06\\\/Hero_Food_Pantries_Mobile_Programs.jpg\",\"datePublished\":\"2021-06-23T23:01:16+00:00\",\"dateModified\":\"2023-09-27T02:12:28+00:00\",\"description\":\"FIND Food Bank\u2019s Community Mobile Market Distributions help us reach \u201cFood Deserts\u201d: remote, underserved communities that lack regular access to affordable food.\",\"breadcrumb\":{\"@id\":\"https:\\\/\\\/findfoodbank.org\\\/programs-services\\\/food-pantries-mobile-programs\\\/#breadcrumb\"},\"inLanguage\":\"es\",\"potentialAction\":[{\"@type\":\"ReadAction\",\"target\":[\"https:\\\/\\\/findfoodbank.org\\\/programs-services\\\/food-pantries-mobile-programs\\\/\"]}]},{\"@type\":\"ImageObject\",\"inLanguage\":\"es\",\"@id\":\"https:\\\/\\\/findfoodbank.org\\\/programs-services\\\/food-pantries-mobile-programs\\\/#primaryimage\",\"url\":\"https:\\\/\\\/findfoodbank.org\\\/wp-content\\\/uploads\\\/2021\\\/06\\\/Hero_Food_Pantries_Mobile_Programs.jpg\",\"contentUrl\":\"https:\\\/\\\/findfoodbank.org\\\/wp-content\\\/uploads\\\/2021\\\/06\\\/Hero_Food_Pantries_Mobile_Programs.jpg\",\"width\":1600,\"height\":447,\"caption\":\"Food Pantries & Mobile Programs\"},{\"@type\":\"BreadcrumbList\",\"@id\":\"https:\\\/\\\/findfoodbank.org\\\/programs-services\\\/food-pantries-mobile-programs\\\/#breadcrumb\",\"itemListElement\":[{\"@type\":\"ListItem\",\"position\":1,\"name\":\"Home\",\"item\":\"https:\\\/\\\/findfoodbank.org\\\/\"},{\"@type\":\"ListItem\",\"position\":2,\"name\":\"Programs &#038; Services\",\"item\":\"https:\\\/\\\/findfoodbank.org\\\/programs-services\\\/\"},{\"@type\":\"ListItem\",\"position\":3,\"name\":\"Food Pantries &#038; Mobile Programs\"}]},{\"@type\":\"WebSite\",\"@id\":\"https:\\\/\\\/findfoodbank.org\\\/#website\",\"url\":\"https:\\\/\\\/findfoodbank.org\\\/\",\"name\":\"FIND Food Bank\",\"description\":\"The Desert's Regional Food Bank\",\"publisher\":{\"@id\":\"https:\\\/\\\/findfoodbank.org\\\/#organization\"},\"potentialAction\":[{\"@type\":\"SearchAction\",\"target\":{\"@type\":\"EntryPoint\",\"urlTemplate\":\"https:\\\/\\\/findfoodbank.org\\\/?s={search_term_string}\"},\"query-input\":{\"@type\":\"PropertyValueSpecification\",\"valueRequired\":true,\"valueName\":\"search_term_string\"}}],\"inLanguage\":\"es\"},{\"@type\":\"Organization\",\"@id\":\"https:\\\/\\\/findfoodbank.org\\\/#organization\",\"name\":\"FIND Food Bank\",\"url\":\"https:\\\/\\\/findfoodbank.org\\\/\",\"logo\":{\"@type\":\"ImageObject\",\"inLanguage\":\"es\",\"@id\":\"https:\\\/\\\/findfoodbank.org\\\/#\\\/schema\\\/logo\\\/image\\\/\",\"url\":\"https:\\\/\\\/findfoodbank.org\\\/wp-content\\\/uploads\\\/2025\\\/09\\\/FIND-logo25-horizontal_4c.png\",\"contentUrl\":\"https:\\\/\\\/findfoodbank.org\\\/wp-content\\\/uploads\\\/2025\\\/09\\\/FIND-logo25-horizontal_4c.png\",\"width\":1189,\"height\":373,\"caption\":\"FIND Food Bank\"},\"image\":{\"@id\":\"https:\\\/\\\/findfoodbank.org\\\/#\\\/schema\\\/logo\\\/image\\\/\"}}]}<\/script>\n<!-- \/ Yoast SEO plugin. -->","yoast_head_json":{"title":"Food Pantries & Mobile Programs, FIND Food Bank Pantries","description":"FIND Food Bank\u2019s Community Mobile Market Distributions help us reach \u201cFood Deserts\u201d: remote, underserved communities that lack regular access to affordable food.","robots":{"index":"index","follow":"follow","max-snippet":"max-snippet:-1","max-image-preview":"max-image-preview:large","max-video-preview":"max-video-preview:-1"},"canonical":"https:\/\/findfoodbank.org\/es\/programs-services\/food-pantries-mobile-programs\/","og_locale":"es_MX","og_type":"article","og_title":"Food Pantries & Mobile Programs, FIND Food Bank Pantries","og_description":"FIND Food Bank\u2019s Community Mobile Market Distributions help us reach \u201cFood Deserts\u201d: remote, underserved communities that lack regular access to affordable food.","og_url":"https:\/\/findfoodbank.org\/es\/programs-services\/food-pantries-mobile-programs\/","og_site_name":"FIND Food Bank","article_modified_time":"2023-09-27T02:12:28+00:00","og_image":[{"width":1600,"height":447,"url":"http:\/\/seodevsite.com\/foodbank\/wp-content\/uploads\/2021\/06\/Hero_Food_Pantries_Mobile_Programs.jpg","type":"image\/jpeg"}],"twitter_card":"summary_large_image","twitter_misc":{"Tiempo de lectura":"2 minutos"},"schema":{"@context":"https:\/\/schema.org","@graph":[{"@type":"WebPage","@id":"https:\/\/findfoodbank.org\/programs-services\/food-pantries-mobile-programs\/","url":"https:\/\/findfoodbank.org\/programs-services\/food-pantries-mobile-programs\/","name":"Food Pantries & Mobile Programs, FIND Food Bank Pantries","isPartOf":{"@id":"https:\/\/findfoodbank.org\/#website"},"primaryImageOfPage":{"@id":"https:\/\/findfoodbank.org\/programs-services\/food-pantries-mobile-programs\/#primaryimage"},"image":{"@id":"https:\/\/findfoodbank.org\/programs-services\/food-pantries-mobile-programs\/#primaryimage"},"thumbnailUrl":"https:\/\/findfoodbank.org\/wp-content\/uploads\/2021\/06\/Hero_Food_Pantries_Mobile_Programs.jpg","datePublished":"2021-06-23T23:01:16+00:00","dateModified":"2023-09-27T02:12:28+00:00","description":"FIND Food Bank\u2019s Community Mobile Market Distributions help us reach \u201cFood Deserts\u201d: remote, underserved communities that lack regular access to affordable food.","breadcrumb":{"@id":"https:\/\/findfoodbank.org\/programs-services\/food-pantries-mobile-programs\/#breadcrumb"},"inLanguage":"es","potentialAction":[{"@type":"ReadAction","target":["https:\/\/findfoodbank.org\/programs-services\/food-pantries-mobile-programs\/"]}]},{"@type":"ImageObject","inLanguage":"es","@id":"https:\/\/findfoodbank.org\/programs-services\/food-pantries-mobile-programs\/#primaryimage","url":"https:\/\/findfoodbank.org\/wp-content\/uploads\/2021\/06\/Hero_Food_Pantries_Mobile_Programs.jpg","contentUrl":"https:\/\/findfoodbank.org\/wp-content\/uploads\/2021\/06\/Hero_Food_Pantries_Mobile_Programs.jpg","width":1600,"height":447,"caption":"Food Pantries & Mobile Programs"},{"@type":"BreadcrumbList","@id":"https:\/\/findfoodbank.org\/programs-services\/food-pantries-mobile-programs\/#breadcrumb","itemListElement":[{"@type":"ListItem","position":1,"name":"Home","item":"https:\/\/findfoodbank.org\/"},{"@type":"ListItem","position":2,"name":"Programs &#038; Services","item":"https:\/\/findfoodbank.org\/programs-services\/"},{"@type":"ListItem","position":3,"name":"Food Pantries &#038; Mobile Programs"}]},{"@type":"WebSite","@id":"https:\/\/findfoodbank.org\/#website","url":"https:\/\/findfoodbank.org\/","name":"ENCONTRAR Banco de Alimentos","description":"El banco regional de alimentos del desierto","publisher":{"@id":"https:\/\/findfoodbank.org\/#organization"},"potentialAction":[{"@type":"SearchAction","target":{"@type":"EntryPoint","urlTemplate":"https:\/\/findfoodbank.org\/?s={search_term_string}"},"query-input":{"@type":"PropertyValueSpecification","valueRequired":true,"valueName":"search_term_string"}}],"inLanguage":"es"},{"@type":"Organization","@id":"https:\/\/findfoodbank.org\/#organization","name":"ENCONTRAR Banco de Alimentos","url":"https:\/\/findfoodbank.org\/","logo":{"@type":"ImageObject","inLanguage":"es","@id":"https:\/\/findfoodbank.org\/#\/schema\/logo\/image\/","url":"https:\/\/findfoodbank.org\/wp-content\/uploads\/2025\/09\/FIND-logo25-horizontal_4c.png","contentUrl":"https:\/\/findfoodbank.org\/wp-content\/uploads\/2025\/09\/FIND-logo25-horizontal_4c.png","width":1189,"height":373,"caption":"FIND Food Bank"},"image":{"@id":"https:\/\/findfoodbank.org\/#\/schema\/logo\/image\/"}}]}},"ticketed":false,"_links":{"self":[{"href":"https:\/\/findfoodbank.org\/es\/wp-json\/wp\/v2\/pages\/1788","targetHints":{"allow":["GET"]}}],"collection":[{"href":"https:\/\/findfoodbank.org\/es\/wp-json\/wp\/v2\/pages"}],"about":[{"href":"https:\/\/findfoodbank.org\/es\/wp-json\/wp\/v2\/types\/page"}],"author":[{"embeddable":true,"href":"https:\/\/findfoodbank.org\/es\/wp-json\/wp\/v2\/users\/15"}],"replies":[{"embeddable":true,"href":"https:\/\/findfoodbank.org\/es\/wp-json\/wp\/v2\/comments?post=1788"}],"version-history":[{"count":11,"href":"https:\/\/findfoodbank.org\/es\/wp-json\/wp\/v2\/pages\/1788\/revisions"}],"predecessor-version":[{"id":11982,"href":"https:\/\/findfoodbank.org\/es\/wp-json\/wp\/v2\/pages\/1788\/revisions\/11982"}],"up":[{"embeddable":true,"href":"https:\/\/findfoodbank.org\/es\/wp-json\/wp\/v2\/pages\/1167"}],"wp:featuredmedia":[{"embeddable":true,"href":"https:\/\/findfoodbank.org\/es\/wp-json\/wp\/v2\/media\/1817"}],"wp:attachment":[{"href":"https:\/\/findfoodbank.org\/es\/wp-json\/wp\/v2\/media?parent=1788"}],"curies":[{"name":"wp","href":"https:\/\/api.w.org\/{rel}","templated":true}]}}