{"id":1755,"date":"2021-06-24T00:42:05","date_gmt":"2021-06-24T00:42:05","guid":{"rendered":"http:\/\/findfoodbank.flywheelsites.com\/?page_id=1755"},"modified":"2025-02-20T16:31:38","modified_gmt":"2025-02-21T00:31:38","slug":"hunger-in-our-community","status":"publish","type":"page","link":"https:\/\/findfoodbank.org\/es\/about-us\/hunger-in-our-community\/","title":{"rendered":"Hambre en nuestra comunidad"},"content":{"rendered":"<div class=\"gb-container gb-container-28faf69b alignfull\">\n<div class=\"gb-container gb-container-3f0dd009\">\n<div class=\"gb-grid-wrapper gb-grid-wrapper-13c3365b\">\n<div class=\"gb-grid-column gb-grid-column-d5f1138a\"><div class=\"gb-container gb-container-d5f1138a\">\n<nav style=\"color: #324452;\" class=\"has-text-color  is-vertical wp-block-navigation is-layout-flex wp-container-core-navigation-is-layout-8cf370e7 wp-block-navigation-is-layout-flex\" aria-label=\"Programs &amp; Services\"><ul style=\"color: #324452;\" class=\"wp-block-navigation__container has-text-color  is-vertical wp-block-navigation\"><li class=\"wp-block-navigation-item wp-block-navigation-link\"><a class=\"wp-block-navigation-item__content\"  href=\"https:\/\/findfoodbank.org\/es\/programs-services\/community-agencies-mobile-markets\/\"><span class=\"wp-block-navigation-item__label\">Agencias y mercados m\u00f3viles<\/span><\/a><\/li><li class=\"wp-block-navigation-item wp-block-navigation-link\"><a class=\"wp-block-navigation-item__content\"  href=\"https:\/\/findfoodbank.org\/es\/csfp\/\"><span class=\"wp-block-navigation-item__label\">Programa de alimentaci\u00f3n para personas mayores<\/span><\/a><\/li><li class=\"wp-block-navigation-item wp-block-navigation-link\"><a class=\"wp-block-navigation-item__content\"  href=\"https:\/\/findfoodbank.org\/es\/outreach-services\/\"><span class=\"wp-block-navigation-item__label\">Servicios de extensi\u00f3n<\/span><\/a><\/li><li class=\"wp-block-navigation-item wp-block-navigation-link\"><a class=\"wp-block-navigation-item__content\"  href=\"https:\/\/findfoodbank.org\/es\/programs-services\/childrens-school-based-programs\/\"><span class=\"wp-block-navigation-item__label\">Children &amp; School-Based Programs<\/span><\/a><\/li><li class=\"wp-block-navigation-item wp-block-navigation-link\"><a class=\"wp-block-navigation-item__content\"  href=\"https:\/\/findfoodbank.org\/es\/programs-services\/childrens-school-based-programs\/summer\/\"><span class=\"wp-block-navigation-item__label\">Kids Summer Market<\/span><\/a><\/li><li class=\"wp-block-navigation-item wp-block-navigation-link\"><a class=\"wp-block-navigation-item__content\"  href=\"https:\/\/findfoodbank.org\/es\/opportunity-bank-activity-fee-scholarship\/\"><span class=\"wp-block-navigation-item__label\">Opportunity Bank <\/span><\/a><\/li><li class=\"wp-block-navigation-item wp-block-navigation-link\"><a class=\"wp-block-navigation-item__content\"  href=\"https:\/\/findfoodbank.org\/es\/fyac\/\"><span class=\"wp-block-navigation-item__label\">FYAC<\/span><\/a><\/li><li class=\"wp-block-navigation-item wp-block-navigation-link\"><a class=\"wp-block-navigation-item__content\"  href=\"https:\/\/findfoodbank.org\/es\/disaster-relief\/\"><span class=\"wp-block-navigation-item__label\">Disaster Relief<\/span><\/a><\/li><li class=\"wp-block-navigation-item wp-block-navigation-link\"><a class=\"wp-block-navigation-item__content\"  href=\"https:\/\/findfoodbank.org\/es\/foodrescue\/\"><span class=\"wp-block-navigation-item__label\">Food Rescue <\/span><\/a><\/li><li class=\"wp-block-navigation-item wp-block-navigation-link\"><a class=\"wp-block-navigation-item__content\"  href=\"https:\/\/findfoodbank.org\/es\/programs-services\/nutrition\/\"><span class=\"wp-block-navigation-item__label\">Nutrici\u00f3n<\/span><\/a><\/li><li class=\"wp-block-navigation-item wp-block-navigation-link\"><a class=\"wp-block-navigation-item__content\"  href=\"https:\/\/findfoodbank.org\/es\/programs-services\/calfresh\/\"><span class=\"wp-block-navigation-item__label\">Calfresh Benefits<\/span><\/a><\/li><li class=\"wp-block-navigation-item wp-block-navigation-link\"><a class=\"wp-block-navigation-item__content\"  href=\"https:\/\/findfoodbank.org\/es\/programs-services\/community-health-workers\/\"><span class=\"wp-block-navigation-item__label\">Trabajadores de salud comunitarios<\/span><\/a><\/li><\/ul><\/nav>\n<\/div><\/div>\n\n<div class=\"gb-grid-column gb-grid-column-6db025f2\"><div class=\"gb-container gb-container-6db025f2\">\n\n<h5 class=\"gb-headline gb-headline-67292e09 gb-headline-text\">Hambre en nuestra comunidad<\/h5>\n\n\n\n<p>Hunger and food insecurity affects all people. Hunger is a year-round problem that touches every community in eastern Riverside County and southern San Bernardino Counties in Southern California. Hundreds of thousands of people face hunger in our service area every year \u2013 but even one is too many.<\/p>\n\n\n\n<p>The long-term effects of the pandemic, from 40-year record-high inflation and supply chain shortages, have placed the brunt of financial burdens on the lowest wage workers and low-income families in our community. Grocery budgets become flexible compared to housing, medicine, gas, etc. When finances are tight many have to make the painful choice between skipping meals and paying for these other necessities. FIND Food Bank provides healthy food to anyone in need throughout the desert region to help our clients get back on their feet and thrive.&nbsp;<\/p>\n\n\n\n<h5 class=\"gb-headline gb-headline-35faa042 gb-headline-text\">\u00bfQu\u00e9 es la inseguridad alimentaria?<\/h5>\n\n\n\n<p>La inseguridad alimentaria se define como la falta de acceso constante a alimentos nutritivos y adecuados. Las personas que padecen inseguridad alimentaria luchan por evitar el hambre, una condici\u00f3n fisiol\u00f3gica m\u00e1s limitada.<\/p>\n\n\n\n<p>La mayor\u00eda de nuestros vecinos que enfrentan inseguridad alimentaria son ni\u00f1os, adultos mayores y familias trabajadoras. Para algunas personas, la inseguridad alimentaria puede ser un desaf\u00edo temporal causado por la p\u00e9rdida del empleo, una enfermedad u otro rev\u00e9s a corto plazo. Muchos estadounidenses est\u00e1n a solo un cheque de pago de enfrentar la inseguridad alimentaria.<\/p>\n\n<\/div><\/div>\n<\/div>\n<\/div>\n\n<div class=\"gb-container gb-container-68caa2db\">\n<div class=\"gb-grid-wrapper gb-grid-wrapper-cec442c4\">\n<div class=\"gb-grid-column gb-grid-column-5368764e\"><div class=\"gb-container gb-container-5368764e\">\n\n<h5 class=\"gb-headline gb-headline-932592fd gb-headline-text\">Hambre versus inseguridad alimentaria<\/h5>\n\n\n\n<p>El hambre es lo que sientes cuando no tienes lo suficiente para comer. La inseguridad alimentaria es el conjunto de circunstancias que impiden su acceso a los alimentos. En este momento, miles de residentes y vecinos de nuestra \u00e1rea luchan contra el hambre; algunos pasan sin comer durante varias comidas o incluso d\u00edas a la vez.<\/p>\n\n<\/div><\/div>\n\n<div class=\"gb-grid-column gb-grid-column-1a681e7b\"><div class=\"gb-container gb-container-1a681e7b\">\n\n<figure class=\"gb-block-image gb-block-image-4a77fdb1\"><img loading=\"lazy\" decoding=\"async\" width=\"600\" height=\"349\" class=\"gb-image gb-image-4a77fdb1\" src=\"https:\/\/findfoodbank.org\/wp-content\/uploads\/2021\/06\/Hunger_In_our_Community_food_insecurity.jpg\" alt=\"Hunger In our Community food insecurity\" title=\"Hunger_In_our_Community_food_insecurity\" srcset=\"https:\/\/findfoodbank.org\/wp-content\/uploads\/2021\/06\/Hunger_In_our_Community_food_insecurity.jpg 600w, https:\/\/findfoodbank.org\/wp-content\/uploads\/2021\/06\/Hunger_In_our_Community_food_insecurity-300x175.jpg 300w, https:\/\/findfoodbank.org\/wp-content\/uploads\/2021\/06\/Hunger_In_our_Community_food_insecurity-480x279.jpg 480w\" sizes=\"auto, (max-width: 600px) 100vw, 600px\" \/><\/figure>\n\n<\/div><\/div>\n<\/div>\n<\/div>\n\n<div class=\"gb-container gb-container-d02d8b34\">\n<div class=\"gb-grid-wrapper gb-grid-wrapper-99286738\">\n<div class=\"gb-grid-column gb-grid-column-66df0f60\"><div class=\"gb-container gb-container-66df0f60\">\n\n<figure class=\"gb-block-image gb-block-image-6953166f\"><img loading=\"lazy\" decoding=\"async\" width=\"600\" height=\"766\" class=\"gb-image gb-image-6953166f\" src=\"https:\/\/findfoodbank.org\/wp-content\/uploads\/2021\/06\/Hunger_In_our_Community_food_facts.jpg\" alt=\"Hunger In our Community food facts\" title=\"Hunger_In_our_Community_food_facts\" srcset=\"https:\/\/findfoodbank.org\/wp-content\/uploads\/2021\/06\/Hunger_In_our_Community_food_facts.jpg 600w, https:\/\/findfoodbank.org\/wp-content\/uploads\/2021\/06\/Hunger_In_our_Community_food_facts-235x300.jpg 235w, https:\/\/findfoodbank.org\/wp-content\/uploads\/2021\/06\/Hunger_In_our_Community_food_facts-480x613.jpg 480w\" sizes=\"auto, (max-width: 600px) 100vw, 600px\" \/><\/figure>\n\n<\/div><\/div>\n\n<div class=\"gb-grid-column gb-grid-column-21ec1b9c\"><div class=\"gb-container gb-container-21ec1b9c\">\n\n<h5 class=\"gb-headline gb-headline-453809dc gb-headline-text\">Hechos sobre la inseguridad alimentaria<\/h5>\n\n\n\n<ul class=\"wp-block-list\">\n<li>La inseguridad alimentaria var\u00eda mucho en todo el condado. En algunas comunidades, m\u00e1s de la mitad de todos los residentes padecen inseguridad alimentaria.<\/li>\n\n\n\n<li>La inseguridad alimentaria suele ser epis\u00f3dica y a menudo c\u00edclica. Las personas pueden necesitar asistencia una sola vez, durante unos meses o de forma m\u00e1s regular.<\/li>\n\n\n\n<li>There is no one face of food insecurity. The need varies among children, seniors, people with disabilities, veterans, working adults, and others, as does the best way of reaching them.<\/li>\n\n\n\n<li>Tomar decisiones de compensaci\u00f3n entre pagar los alimentos y otras necesidades b\u00e1sicas, como las facturas m\u00e9dicas y la vivienda, es com\u00fan entre las personas y familias que recurren a FIND para obtener alimentos.<\/li>\n\n\n\n<li>Muchos hogares con inseguridad alimentaria no califican para los programas federales de asistencia nutricional como SNAP (anteriormente cupones de alimentos).<\/li>\n<\/ul>\n\n<\/div><\/div>\n<\/div>\n<\/div>\n<\/div>\n\n<div class=\"gb-container gb-container-2d94d8e0 alignfull\">\n\n<h1 class=\"gb-headline gb-headline-5b7dbe27 gb-headline-text\">Vea nuestros programas y servicios<\/h1>\n\n\n<div class=\"gb-container gb-container-9e064497\">\n<div class=\"gb-grid-wrapper gb-grid-wrapper-939d4a80\">\n<div class=\"gb-grid-column gb-grid-column-8a5aa685\"><div class=\"gb-container gb-container-8a5aa685\">\n\n<figure class=\"gb-block-image gb-block-image-0c051cfe\"><img loading=\"lazy\" decoding=\"async\" width=\"600\" height=\"375\" class=\"gb-image gb-image-0c051cfe\" src=\"https:\/\/findfoodbank.org\/wp-content\/uploads\/2021\/06\/Start_a_Program_Food_Pantries.jpg\" alt=\"\" title=\"Start_a_Program_Food_Pantries\" srcset=\"https:\/\/findfoodbank.org\/wp-content\/uploads\/2021\/06\/Start_a_Program_Food_Pantries.jpg 600w, https:\/\/findfoodbank.org\/wp-content\/uploads\/2021\/06\/Start_a_Program_Food_Pantries-300x188.jpg 300w, https:\/\/findfoodbank.org\/wp-content\/uploads\/2021\/06\/Start_a_Program_Food_Pantries-400x250.jpg 400w, https:\/\/findfoodbank.org\/wp-content\/uploads\/2021\/06\/Start_a_Program_Food_Pantries-480x300.jpg 480w\" sizes=\"auto, (max-width: 600px) 100vw, 600px\" \/><\/figure>\n\n\n<div class=\"gb-container gb-container-1edb2e8f\">\n\n<h2 class=\"wp-block-heading\">Despensas de alimentos y mercados m\u00f3viles<\/h2>\n\n\n\n<p>La amplia red de distribuci\u00f3n de alimentos de FIND garantiza que todas las comunidades tengan cerca alimentos saludables y asequibles.<\/p>\n\n\n\n<a class=\"stretchlink\" href=\"https:\/\/findfoodbank.org\/es\/programs-services\/food-pantries-mobile-programs\/\"><\/a>\n\n<\/div>\n<\/div><\/div>\n\n<div class=\"gb-grid-column gb-grid-column-06611e21\"><div class=\"gb-container gb-container-06611e21\">\n\n<figure class=\"gb-block-image gb-block-image-e37e937c\"><img loading=\"lazy\" decoding=\"async\" width=\"600\" height=\"375\" class=\"gb-image gb-image-e37e937c\" src=\"https:\/\/findfoodbank.org\/wp-content\/uploads\/2021\/06\/Start_a_Program_Children.jpg\" alt=\"\" title=\"Start_a_Program_Children\" srcset=\"https:\/\/findfoodbank.org\/wp-content\/uploads\/2021\/06\/Start_a_Program_Children.jpg 600w, https:\/\/findfoodbank.org\/wp-content\/uploads\/2021\/06\/Start_a_Program_Children-300x188.jpg 300w, https:\/\/findfoodbank.org\/wp-content\/uploads\/2021\/06\/Start_a_Program_Children-400x250.jpg 400w, https:\/\/findfoodbank.org\/wp-content\/uploads\/2021\/06\/Start_a_Program_Children-480x300.jpg 480w\" sizes=\"auto, (max-width: 600px) 100vw, 600px\" \/><\/figure>\n\n\n<div class=\"gb-container gb-container-ce25d28c\">\n\n<h2 class=\"wp-block-heading\">Programas basados en ni\u00f1os y escuelas<\/h2>\n\n\n\n<p>Los ni\u00f1os son el futuro y no pueden enfrentarse al mundo sin una comida equilibrada tres veces al d\u00eda.<\/p>\n\n\n\n<a class=\"stretchlink\" href=\"https:\/\/findfoodbank.org\/es\/programs-services\/childrens-school-based-programs\/\"><\/a>\n\n<\/div>\n<\/div><\/div>\n\n<div class=\"gb-grid-column gb-grid-column-35e65f56\"><div class=\"gb-container gb-container-35e65f56\">\n\n<figure class=\"gb-block-image gb-block-image-1272c585\"><img loading=\"lazy\" decoding=\"async\" width=\"600\" height=\"375\" class=\"gb-image gb-image-1272c585\" src=\"https:\/\/findfoodbank.org\/wp-content\/uploads\/2021\/06\/start-a-program_Community-Health.jpg\" alt=\"\" title=\"start-a-program_Community-Health\" srcset=\"https:\/\/findfoodbank.org\/wp-content\/uploads\/2021\/06\/start-a-program_Community-Health.jpg 600w, https:\/\/findfoodbank.org\/wp-content\/uploads\/2021\/06\/start-a-program_Community-Health-300x188.jpg 300w, https:\/\/findfoodbank.org\/wp-content\/uploads\/2021\/06\/start-a-program_Community-Health-400x250.jpg 400w, https:\/\/findfoodbank.org\/wp-content\/uploads\/2021\/06\/start-a-program_Community-Health-480x300.jpg 480w\" sizes=\"auto, (max-width: 600px) 100vw, 600px\" \/><\/figure>\n\n\n<div class=\"gb-container gb-container-c8ab3b4b\">\n\n<h2 class=\"wp-block-heading\">Trabajadores de salud comunitarios<\/h2>\n\n\n\n<p>Obtenga ayuda de expertos para solicitar los beneficios de CalFresh y otros recursos financieros.<\/p>\n\n\n\n<a class=\"stretchlink\" href=\"https:\/\/findfoodbank.org\/es\/programs-services\/community-health-workers\/\"><\/a>\n\n<\/div>\n<\/div><\/div>\n<\/div>\n<\/div>\n\n<div class=\"gb-container gb-container-d8cf3296 alignfull\"><\/div>\n<\/div>","protected":false},"excerpt":{"rendered":"<p> &#8230; <a title=\"Hambre en nuestra comunidad\" class=\"read-more\" href=\"https:\/\/findfoodbank.org\/es\/about-us\/hunger-in-our-community\/\" aria-label=\"Leer m\u00e1s sobre Hunger In our Community\">Read more<\/a><\/p>","protected":false},"author":15,"featured_media":13065,"parent":1301,"menu_order":0,"comment_status":"closed","ping_status":"closed","template":"","meta":{"_monsterinsights_skip_tracking":false,"_monsterinsights_sitenote_active":false,"_monsterinsights_sitenote_note":"","_monsterinsights_sitenote_category":0,"_price":"","_stock":"","_tribe_ticket_header":"","_tribe_default_ticket_provider":"","_tribe_ticket_capacity":"0","_ticket_start_date":"","_ticket_end_date":"","_tribe_ticket_show_description":"","_tribe_ticket_show_not_going":false,"_tribe_ticket_use_global_stock":"","_tribe_ticket_global_stock_level":"","_global_stock_mode":"","_global_stock_cap":"","_tribe_rsvp_for_event":"","_tribe_ticket_going_count":"","_tribe_ticket_not_going_count":"","_tribe_tickets_list":"[]","_tribe_ticket_has_attendee_info_fields":false,"footnotes":"","_tec_slr_enabled":"","_tec_slr_layout":""},"class_list":["post-1755","page","type-page","status-publish","has-post-thumbnail","resize-featured-image"],"yoast_head":"<!-- This site is optimized with the Yoast SEO plugin v27.3 - https:\/\/yoast.com\/product\/yoast-seo-wordpress\/ -->\n<title>Hunger In our Community, FIND Food Bank Coachella Valley<\/title>\n<meta name=\"description\" content=\"Hunger and food insecurity affects people of all ages, races, and genders. Hunger is a year-round problem that touches every community.\" \/>\n<meta name=\"robots\" content=\"index, follow, max-snippet:-1, max-image-preview:large, max-video-preview:-1\" \/>\n<link rel=\"canonical\" href=\"https:\/\/findfoodbank.org\/es\/about-us\/hunger-in-our-community\/\" \/>\n<meta property=\"og:locale\" content=\"es_MX\" \/>\n<meta property=\"og:type\" content=\"article\" \/>\n<meta property=\"og:title\" content=\"Hunger In our Community, FIND Food Bank Coachella Valley\" \/>\n<meta property=\"og:description\" content=\"Hunger and food insecurity affects people of all ages, races, and genders. Hunger is a year-round problem that touches every community.\" \/>\n<meta property=\"og:url\" content=\"https:\/\/findfoodbank.org\/es\/about-us\/hunger-in-our-community\/\" \/>\n<meta property=\"og:site_name\" content=\"FIND Food Bank\" \/>\n<meta property=\"article:modified_time\" content=\"2025-02-21T00:31:38+00:00\" \/>\n<meta property=\"og:image\" content=\"https:\/\/findfoodbank.org\/wp-content\/uploads\/2024\/02\/Volunteer--1024x683.png\" \/>\n\t<meta property=\"og:image:width\" content=\"1024\" \/>\n\t<meta property=\"og:image:height\" content=\"683\" \/>\n\t<meta property=\"og:image:type\" content=\"image\/png\" \/>\n<meta name=\"twitter:card\" content=\"summary_large_image\" \/>\n<meta name=\"twitter:label1\" content=\"Tiempo de lectura\" \/>\n\t<meta name=\"twitter:data1\" content=\"4 minutos\" \/>\n<script type=\"application\/ld+json\" class=\"yoast-schema-graph\">{\"@context\":\"https:\\\/\\\/schema.org\",\"@graph\":[{\"@type\":\"WebPage\",\"@id\":\"https:\\\/\\\/findfoodbank.org\\\/about-us\\\/hunger-in-our-community\\\/\",\"url\":\"https:\\\/\\\/findfoodbank.org\\\/about-us\\\/hunger-in-our-community\\\/\",\"name\":\"Hunger In our Community, FIND Food Bank Coachella Valley\",\"isPartOf\":{\"@id\":\"https:\\\/\\\/findfoodbank.org\\\/#website\"},\"primaryImageOfPage\":{\"@id\":\"https:\\\/\\\/findfoodbank.org\\\/about-us\\\/hunger-in-our-community\\\/#primaryimage\"},\"image\":{\"@id\":\"https:\\\/\\\/findfoodbank.org\\\/about-us\\\/hunger-in-our-community\\\/#primaryimage\"},\"thumbnailUrl\":\"https:\\\/\\\/findfoodbank.org\\\/wp-content\\\/uploads\\\/2024\\\/02\\\/Volunteer-.png\",\"datePublished\":\"2021-06-24T00:42:05+00:00\",\"dateModified\":\"2025-02-21T00:31:38+00:00\",\"description\":\"Hunger and food insecurity affects people of all ages, races, and genders. Hunger is a year-round problem that touches every community.\",\"breadcrumb\":{\"@id\":\"https:\\\/\\\/findfoodbank.org\\\/about-us\\\/hunger-in-our-community\\\/#breadcrumb\"},\"inLanguage\":\"es\",\"potentialAction\":[{\"@type\":\"ReadAction\",\"target\":[\"https:\\\/\\\/findfoodbank.org\\\/about-us\\\/hunger-in-our-community\\\/\"]}]},{\"@type\":\"ImageObject\",\"inLanguage\":\"es\",\"@id\":\"https:\\\/\\\/findfoodbank.org\\\/about-us\\\/hunger-in-our-community\\\/#primaryimage\",\"url\":\"https:\\\/\\\/findfoodbank.org\\\/wp-content\\\/uploads\\\/2024\\\/02\\\/Volunteer-.png\",\"contentUrl\":\"https:\\\/\\\/findfoodbank.org\\\/wp-content\\\/uploads\\\/2024\\\/02\\\/Volunteer-.png\",\"width\":2560,\"height\":1707,\"caption\":\"Volunteer\"},{\"@type\":\"BreadcrumbList\",\"@id\":\"https:\\\/\\\/findfoodbank.org\\\/about-us\\\/hunger-in-our-community\\\/#breadcrumb\",\"itemListElement\":[{\"@type\":\"ListItem\",\"position\":1,\"name\":\"Home\",\"item\":\"https:\\\/\\\/findfoodbank.org\\\/\"},{\"@type\":\"ListItem\",\"position\":2,\"name\":\"About Us\",\"item\":\"https:\\\/\\\/findfoodbank.org\\\/about-us\\\/\"},{\"@type\":\"ListItem\",\"position\":3,\"name\":\"Hunger In our Community\"}]},{\"@type\":\"WebSite\",\"@id\":\"https:\\\/\\\/findfoodbank.org\\\/#website\",\"url\":\"https:\\\/\\\/findfoodbank.org\\\/\",\"name\":\"FIND Food Bank\",\"description\":\"The Desert's Regional Food Bank\",\"publisher\":{\"@id\":\"https:\\\/\\\/findfoodbank.org\\\/#organization\"},\"potentialAction\":[{\"@type\":\"SearchAction\",\"target\":{\"@type\":\"EntryPoint\",\"urlTemplate\":\"https:\\\/\\\/findfoodbank.org\\\/?s={search_term_string}\"},\"query-input\":{\"@type\":\"PropertyValueSpecification\",\"valueRequired\":true,\"valueName\":\"search_term_string\"}}],\"inLanguage\":\"es\"},{\"@type\":\"Organization\",\"@id\":\"https:\\\/\\\/findfoodbank.org\\\/#organization\",\"name\":\"FIND Food Bank\",\"url\":\"https:\\\/\\\/findfoodbank.org\\\/\",\"logo\":{\"@type\":\"ImageObject\",\"inLanguage\":\"es\",\"@id\":\"https:\\\/\\\/findfoodbank.org\\\/#\\\/schema\\\/logo\\\/image\\\/\",\"url\":\"https:\\\/\\\/findfoodbank.org\\\/wp-content\\\/uploads\\\/2025\\\/09\\\/FIND-logo25-horizontal_4c.png\",\"contentUrl\":\"https:\\\/\\\/findfoodbank.org\\\/wp-content\\\/uploads\\\/2025\\\/09\\\/FIND-logo25-horizontal_4c.png\",\"width\":1189,\"height\":373,\"caption\":\"FIND Food Bank\"},\"image\":{\"@id\":\"https:\\\/\\\/findfoodbank.org\\\/#\\\/schema\\\/logo\\\/image\\\/\"}}]}<\/script>\n<!-- \/ Yoast SEO plugin. -->","yoast_head_json":{"title":"Hunger In our Community, FIND Food Bank Coachella Valley","description":"Hunger and food insecurity affects people of all ages, races, and genders. Hunger is a year-round problem that touches every community.","robots":{"index":"index","follow":"follow","max-snippet":"max-snippet:-1","max-image-preview":"max-image-preview:large","max-video-preview":"max-video-preview:-1"},"canonical":"https:\/\/findfoodbank.org\/es\/about-us\/hunger-in-our-community\/","og_locale":"es_MX","og_type":"article","og_title":"Hunger In our Community, FIND Food Bank Coachella Valley","og_description":"Hunger and food insecurity affects people of all ages, races, and genders. Hunger is a year-round problem that touches every community.","og_url":"https:\/\/findfoodbank.org\/es\/about-us\/hunger-in-our-community\/","og_site_name":"FIND Food Bank","article_modified_time":"2025-02-21T00:31:38+00:00","og_image":[{"width":1024,"height":683,"url":"https:\/\/findfoodbank.org\/wp-content\/uploads\/2024\/02\/Volunteer--1024x683.png","type":"image\/png"}],"twitter_card":"summary_large_image","twitter_misc":{"Tiempo de lectura":"4 minutos"},"schema":{"@context":"https:\/\/schema.org","@graph":[{"@type":"WebPage","@id":"https:\/\/findfoodbank.org\/about-us\/hunger-in-our-community\/","url":"https:\/\/findfoodbank.org\/about-us\/hunger-in-our-community\/","name":"Hunger In our Community, FIND Food Bank Coachella Valley","isPartOf":{"@id":"https:\/\/findfoodbank.org\/#website"},"primaryImageOfPage":{"@id":"https:\/\/findfoodbank.org\/about-us\/hunger-in-our-community\/#primaryimage"},"image":{"@id":"https:\/\/findfoodbank.org\/about-us\/hunger-in-our-community\/#primaryimage"},"thumbnailUrl":"https:\/\/findfoodbank.org\/wp-content\/uploads\/2024\/02\/Volunteer-.png","datePublished":"2021-06-24T00:42:05+00:00","dateModified":"2025-02-21T00:31:38+00:00","description":"Hunger and food insecurity affects people of all ages, races, and genders. Hunger is a year-round problem that touches every community.","breadcrumb":{"@id":"https:\/\/findfoodbank.org\/about-us\/hunger-in-our-community\/#breadcrumb"},"inLanguage":"es","potentialAction":[{"@type":"ReadAction","target":["https:\/\/findfoodbank.org\/about-us\/hunger-in-our-community\/"]}]},{"@type":"ImageObject","inLanguage":"es","@id":"https:\/\/findfoodbank.org\/about-us\/hunger-in-our-community\/#primaryimage","url":"https:\/\/findfoodbank.org\/wp-content\/uploads\/2024\/02\/Volunteer-.png","contentUrl":"https:\/\/findfoodbank.org\/wp-content\/uploads\/2024\/02\/Volunteer-.png","width":2560,"height":1707,"caption":"Volunteer"},{"@type":"BreadcrumbList","@id":"https:\/\/findfoodbank.org\/about-us\/hunger-in-our-community\/#breadcrumb","itemListElement":[{"@type":"ListItem","position":1,"name":"Home","item":"https:\/\/findfoodbank.org\/"},{"@type":"ListItem","position":2,"name":"About Us","item":"https:\/\/findfoodbank.org\/about-us\/"},{"@type":"ListItem","position":3,"name":"Hunger In our Community"}]},{"@type":"WebSite","@id":"https:\/\/findfoodbank.org\/#website","url":"https:\/\/findfoodbank.org\/","name":"ENCONTRAR Banco de Alimentos","description":"El banco regional de alimentos del desierto","publisher":{"@id":"https:\/\/findfoodbank.org\/#organization"},"potentialAction":[{"@type":"SearchAction","target":{"@type":"EntryPoint","urlTemplate":"https:\/\/findfoodbank.org\/?s={search_term_string}"},"query-input":{"@type":"PropertyValueSpecification","valueRequired":true,"valueName":"search_term_string"}}],"inLanguage":"es"},{"@type":"Organization","@id":"https:\/\/findfoodbank.org\/#organization","name":"ENCONTRAR Banco de Alimentos","url":"https:\/\/findfoodbank.org\/","logo":{"@type":"ImageObject","inLanguage":"es","@id":"https:\/\/findfoodbank.org\/#\/schema\/logo\/image\/","url":"https:\/\/findfoodbank.org\/wp-content\/uploads\/2025\/09\/FIND-logo25-horizontal_4c.png","contentUrl":"https:\/\/findfoodbank.org\/wp-content\/uploads\/2025\/09\/FIND-logo25-horizontal_4c.png","width":1189,"height":373,"caption":"FIND Food Bank"},"image":{"@id":"https:\/\/findfoodbank.org\/#\/schema\/logo\/image\/"}}]}},"ticketed":false,"_links":{"self":[{"href":"https:\/\/findfoodbank.org\/es\/wp-json\/wp\/v2\/pages\/1755","targetHints":{"allow":["GET"]}}],"collection":[{"href":"https:\/\/findfoodbank.org\/es\/wp-json\/wp\/v2\/pages"}],"about":[{"href":"https:\/\/findfoodbank.org\/es\/wp-json\/wp\/v2\/types\/page"}],"author":[{"embeddable":true,"href":"https:\/\/findfoodbank.org\/es\/wp-json\/wp\/v2\/users\/15"}],"replies":[{"embeddable":true,"href":"https:\/\/findfoodbank.org\/es\/wp-json\/wp\/v2\/comments?post=1755"}],"version-history":[{"count":17,"href":"https:\/\/findfoodbank.org\/es\/wp-json\/wp\/v2\/pages\/1755\/revisions"}],"predecessor-version":[{"id":15474,"href":"https:\/\/findfoodbank.org\/es\/wp-json\/wp\/v2\/pages\/1755\/revisions\/15474"}],"up":[{"embeddable":true,"href":"https:\/\/findfoodbank.org\/es\/wp-json\/wp\/v2\/pages\/1301"}],"wp:featuredmedia":[{"embeddable":true,"href":"https:\/\/findfoodbank.org\/es\/wp-json\/wp\/v2\/media\/13065"}],"wp:attachment":[{"href":"https:\/\/findfoodbank.org\/es\/wp-json\/wp\/v2\/media?parent=1755"}],"curies":[{"name":"wp","href":"https:\/\/api.w.org\/{rel}","templated":true}]}}