{"id":1749,"date":"2021-06-24T00:18:15","date_gmt":"2021-06-24T00:18:15","guid":{"rendered":"http:\/\/findfoodbank.flywheelsites.com\/?page_id=1749"},"modified":"2024-09-20T11:53:34","modified_gmt":"2024-09-20T18:53:34","slug":"corporate-financial-support","status":"publish","type":"page","link":"https:\/\/findfoodbank.org\/es\/get-involved\/corporate-support\/corporate-financial-support\/","title":{"rendered":"Apoyo financiero corporativo"},"content":{"rendered":"<div class=\"gb-container gb-container-c18de72a alignfull\">\n<div class=\"gb-container gb-container-ab924123\">\n<div class=\"gb-grid-wrapper gb-grid-wrapper-1f61a4e2\">\n<div class=\"gb-grid-column gb-grid-column-145a4e6d\"><div class=\"gb-container gb-container-145a4e6d\">\n<nav style=\"color: #324452;\" class=\"has-text-color  is-vertical wp-block-navigation is-layout-flex wp-container-core-navigation-is-layout-8cf370e7 wp-block-navigation-is-layout-flex\" aria-label=\"Soporte corporativo\"><ul style=\"color: #324452;\" class=\"wp-block-navigation__container has-text-color  is-vertical wp-block-navigation\"><li class=\"wp-block-navigation-item wp-block-navigation-link\"><a class=\"wp-block-navigation-item__content\"  href=\"https:\/\/findfoodbank.org\/es\/get-involved\/food-donations\/\"><span class=\"wp-block-navigation-item__label\">Donaciones de alimentos<\/span><\/a><\/li><li class=\"wp-block-navigation-item wp-block-navigation-link\"><a class=\"wp-block-navigation-item__content\"  href=\"https:\/\/findfoodbank.org\/es\/virtual-food-drive\/\"><span class=\"wp-block-navigation-item__label\">Virtual Food Drive<\/span><\/a><\/li><li class=\"wp-block-navigation-item wp-block-navigation-link\"><a class=\"wp-block-navigation-item__content\"  href=\"https:\/\/findfoodbank.org\/es\/get-involved\/financial-support\/\"><span class=\"wp-block-navigation-item__label\">Soporte financiero<\/span><\/a><\/li><li class=\"wp-block-navigation-item wp-block-navigation-link\"><a class=\"wp-block-navigation-item__content\"  href=\"https:\/\/findfoodbank.org\/es\/get-involved\/corporate-support\/food-industry-donations\/\"><span class=\"wp-block-navigation-item__label\">Donaciones de la industria alimentaria<\/span><\/a><\/li><li class=\"wp-block-navigation-item wp-block-navigation-link\"><a class=\"wp-block-navigation-item__content\"  href=\"https:\/\/findfoodbank.org\/es\/get-involved\/corporate-support\/corporate-financial-support\/\"><span class=\"wp-block-navigation-item__label\">Apoyo financiero corporativo<\/span><\/a><\/li><li class=\"wp-block-navigation-item wp-block-navigation-link\"><a class=\"wp-block-navigation-item__content\"  href=\"https:\/\/findfoodbank.org\/es\/get-involved\/corporate-support\/corporate-recognition\/\"><span class=\"wp-block-navigation-item__label\">Reconocimiento corporativo<\/span><\/a><\/li><li class=\"wp-block-navigation-item wp-block-navigation-link\"><a class=\"wp-block-navigation-item__content\"  href=\"https:\/\/findfoodbank.org\/es\/get-involved\/corporate-support\/cause-marketing-partnerships\/\"><span class=\"wp-block-navigation-item__label\">Asociaciones de marketing de causas<\/span><\/a><\/li><li class=\"wp-block-navigation-item wp-block-navigation-link\"><a class=\"wp-block-navigation-item__content\"  href=\"https:\/\/findfoodbank.org\/es\/get-involved\/corporate-support\/employee-engagement\/\"><span class=\"wp-block-navigation-item__label\">Compromiso de los empleados<\/span><\/a><\/li><li class=\"wp-block-navigation-item wp-block-navigation-link\"><a class=\"wp-block-navigation-item__content\"  href=\"https:\/\/findfoodbank.org\/es\/shoptogive\/\"><span class=\"wp-block-navigation-item__label\">Comprar para regalar<\/span><\/a><\/li><li class=\"wp-block-navigation-item wp-block-navigation-link\"><a class=\"wp-block-navigation-item__content\"  href=\"https:\/\/findfoodbank.org\/es\/donor-policy\/\"><span class=\"wp-block-navigation-item__label\">Pol\u00edtica de donantes<\/span><\/a><\/li><\/ul><\/nav>\n<\/div><\/div>\n\n<div class=\"gb-grid-column gb-grid-column-cda0035d\"><div class=\"gb-container gb-container-cda0035d\">\n\n<h5 class=\"gb-headline gb-headline-1a76f0ee gb-headline-text\">Apoyo financiero corporativo<\/h5>\n\n\n\n<p>Los socios corporativos de FIND son esenciales para nuestra misi\u00f3n de proporcionar alimentos a las personas que padecen hambre mientras nos esforzamos por ayudar a las personas con inseguridad alimentaria en nuestra comunidad. Hay muchas formas de incluir el apoyo financiero para FIND Food Bank dentro de la cultura de su empresa y, al mismo tiempo, generar un impacto inmediato y duradero en su comunidad.<\/p>\n\n<\/div><\/div>\n<\/div>\n<\/div>\n<\/div>\n\n<div class=\"gb-container gb-container-ad051162\">\n<div class=\"gb-grid-wrapper gb-grid-wrapper-545ca952\">\n<div class=\"gb-grid-column gb-grid-column-f044b0a2\"><div class=\"gb-container gb-container-f044b0a2\">\n\n<h2 class=\"gb-headline gb-headline-11cd5b3e\"><span class=\"gb-icon\"><svg viewbox=\"0 0 40.084 14.253\" height=\"14.253\" width=\"40.084\" xmlns=\"http:\/\/www.w3.org\/2000\/svg\"><path fill=\"#d5b98a\" transform=\"matrix(0.998, 0.07, -0.07, 0.998, -1958.923, -1530.595)\" d=\"M2100.754,1394.145a47.032,47.032,0,0,0-5.176-3.923c-.594-.343-.821.905-.4,1.37a29.474,29.474,0,0,0,3.331,3.02,143.093,143.093,0,0,0-28.475,1.921,63.276,63.276,0,0,0-7.979,1.767c-.51.156-.406,1.408.125,1.334,2.4-.334,4.786-.829,7.182-1.192,2.371-.359,4.739-.727,7.116-1a142.53,142.53,0,0,1,14.381-.934q3.426-.049,6.852.072-.482.518-.963,1.034c-.571.61-1.177,1.184-1.714,1.856-.315.395-.848,1.272-.509,1.917s1.076.139,1.428-.193c.568-.535,1.1-1.184,1.635-1.776,1.109-1.217,2.233-2.412,3.306-3.692A1.3,1.3,0,0,0,2100.754,1394.145Z\" data-name=\"Path 2296\" id=\"Path_2296\"><\/path><\/svg><\/span><span class=\"gb-headline-text\">Regalos a juego<\/span><\/h2>\n\n\n\n<p class=\"gb-headline gb-headline-6123031e gb-headline-text\">Ayude a que los obsequios de sus empleados lleguen al doble al incluir FIND Food Bank en su programa de obsequios complementarios.<\/p>\n\n\n\n<h2 class=\"gb-headline gb-headline-11469a42\"><span class=\"gb-icon\"><svg viewbox=\"0 0 40.084 14.253\" height=\"14.253\" width=\"40.084\" xmlns=\"http:\/\/www.w3.org\/2000\/svg\"><path fill=\"#d5b98a\" transform=\"matrix(0.998, 0.07, -0.07, 0.998, -1958.923, -1530.595)\" d=\"M2100.754,1394.145a47.032,47.032,0,0,0-5.176-3.923c-.594-.343-.821.905-.4,1.37a29.474,29.474,0,0,0,3.331,3.02,143.093,143.093,0,0,0-28.475,1.921,63.276,63.276,0,0,0-7.979,1.767c-.51.156-.406,1.408.125,1.334,2.4-.334,4.786-.829,7.182-1.192,2.371-.359,4.739-.727,7.116-1a142.53,142.53,0,0,1,14.381-.934q3.426-.049,6.852.072-.482.518-.963,1.034c-.571.61-1.177,1.184-1.714,1.856-.315.395-.848,1.272-.509,1.917s1.076.139,1.428-.193c.568-.535,1.1-1.184,1.635-1.776,1.109-1.217,2.233-2.412,3.306-3.692A1.3,1.3,0,0,0,2100.754,1394.145Z\" data-name=\"Path 2296\" id=\"Path_2296\"><\/path><\/svg><\/span><span class=\"gb-headline-text\">Regalos tributo<\/span><\/h2>\n\n\n\n<p class=\"gb-headline gb-headline-0e1cbf0c gb-headline-text\">Una donaci\u00f3n para combatir el hambre es un regalo significativo para honrar ocasiones especiales de trabajo. Celebre nuevas contrataciones o clientes, aniversarios de trabajo, hitos comerciales o vacaciones.<\/p>\n\n\n\n<h2 class=\"gb-headline gb-headline-ef09f95a\"><span class=\"gb-icon\"><svg viewbox=\"0 0 40.084 14.253\" height=\"14.253\" width=\"40.084\" xmlns=\"http:\/\/www.w3.org\/2000\/svg\"><path fill=\"#d5b98a\" transform=\"matrix(0.998, 0.07, -0.07, 0.998, -1958.923, -1530.595)\" d=\"M2100.754,1394.145a47.032,47.032,0,0,0-5.176-3.923c-.594-.343-.821.905-.4,1.37a29.474,29.474,0,0,0,3.331,3.02,143.093,143.093,0,0,0-28.475,1.921,63.276,63.276,0,0,0-7.979,1.767c-.51.156-.406,1.408.125,1.334,2.4-.334,4.786-.829,7.182-1.192,2.371-.359,4.739-.727,7.116-1a142.53,142.53,0,0,1,14.381-.934q3.426-.049,6.852.072-.482.518-.963,1.034c-.571.61-1.177,1.184-1.714,1.856-.315.395-.848,1.272-.509,1.917s1.076.139,1.428-.193c.568-.535,1.1-1.184,1.635-1.776,1.109-1.217,2.233-2.412,3.306-3.692A1.3,1.3,0,0,0,2100.754,1394.145Z\" data-name=\"Path 2296\" id=\"Path_2296\"><\/path><\/svg><\/span><span class=\"gb-headline-text\">Patrocinio de eventos<\/span><\/h2>\n\n\n\n<p class=\"gb-headline gb-headline-10d23ab9 gb-headline-text\">Ay\u00fadanos a crear conciencia y recaudar fondos patrocinando uno de nuestros eventos especiales. El patrocinio de eventos es una excelente manera de demostrar su compromiso de acabar con el hambre con sus empleados, clientes y clientes, as\u00ed como de llegar a nuevas audiencias.<\/p>\n\n\n\n<h2 class=\"gb-headline gb-headline-79b19476\"><span class=\"gb-icon\"><svg viewbox=\"0 0 40.084 14.253\" height=\"14.253\" width=\"40.084\" xmlns=\"http:\/\/www.w3.org\/2000\/svg\"><path fill=\"#d5b98a\" transform=\"matrix(0.998, 0.07, -0.07, 0.998, -1958.923, -1530.595)\" d=\"M2100.754,1394.145a47.032,47.032,0,0,0-5.176-3.923c-.594-.343-.821.905-.4,1.37a29.474,29.474,0,0,0,3.331,3.02,143.093,143.093,0,0,0-28.475,1.921,63.276,63.276,0,0,0-7.979,1.767c-.51.156-.406,1.408.125,1.334,2.4-.334,4.786-.829,7.182-1.192,2.371-.359,4.739-.727,7.116-1a142.53,142.53,0,0,1,14.381-.934q3.426-.049,6.852.072-.482.518-.963,1.034c-.571.61-1.177,1.184-1.714,1.856-.315.395-.848,1.272-.509,1.917s1.076.139,1.428-.193c.568-.535,1.1-1.184,1.635-1.776,1.109-1.217,2.233-2.412,3.306-3.692A1.3,1.3,0,0,0,2100.754,1394.145Z\" data-name=\"Path 2296\" id=\"Path_2296\"><\/path><\/svg><\/span><span class=\"gb-headline-text\">Donaci\u00f3n de servicios en especie<\/span><\/h2>\n\n\n\n<p class=\"gb-headline gb-headline-86e4559f gb-headline-text\">Have a direct impact on the families and individuals facing hunger in our community by donating your time and expertise to FIND Food Bank. Support from generous corporate partners helps FIND Food Bank address the root causes of hunger for people of all ages and backgrounds. Contact the Development Department at <a href=\"tel:7607753663\"><strong>760-775-3663 ext. 115.<\/strong><\/a><\/p>\n\n\n\n<p class=\"gb-headline gb-headline-6e5ac9b5 gb-headline-text\">Our annual special events raise awareness and funds in a variety of creative ways. Corporate engagement opportunities range from organizing teams to attending events and event sponsorships. To learn more about how your company can engage with FIND Food Bank, please contact the Development Department at <a href=\"tel:7607753663\"><strong>760-775-3663 ext. 115<\/strong><\/a>.<\/p>\n\n<\/div><\/div>\n\n<div class=\"gb-grid-column gb-grid-column-cb46b440\"><div class=\"gb-container gb-container-cb46b440\">\n<div class=\"gb-container gb-container-20e27066\">\n<div class=\"gb-grid-wrapper gb-grid-wrapper-f4668fff\">\n<div class=\"gb-grid-column gb-grid-column-be9aedbe\"><div class=\"gb-container gb-container-be9aedbe\">\n\n<figure class=\"gb-block-image gb-block-image-ee8082e0\"><img loading=\"lazy\" decoding=\"async\" width=\"600\" height=\"383\" class=\"gb-image gb-image-ee8082e0\" src=\"https:\/\/findfoodbank.org\/wp-content\/uploads\/2021\/06\/corporate_financial_support_sponsor.jpg\" srcset=\"https:\/\/findfoodbank.org\/wp-content\/uploads\/2021\/06\/corporate_financial_support_sponsor.jpg 600w, https:\/\/findfoodbank.org\/wp-content\/uploads\/2021\/06\/corporate_financial_support_sponsor-300x192.jpg 300w, https:\/\/findfoodbank.org\/wp-content\/uploads\/2021\/06\/corporate_financial_support_sponsor-480x306.jpg 480w\" sizes=\"auto, (max-width: 600px) 100vw, 600px\" \/><\/figure>\n\n<\/div><\/div>\n<\/div>\n<\/div>\n\n<div class=\"gb-container gb-container-4fd6d8c3\">\n<div class=\"gb-grid-wrapper gb-grid-wrapper-30e0d759\">\n<div class=\"gb-grid-column gb-grid-column-eda7bca3\"><div class=\"gb-container gb-container-eda7bca3\">\n\n<figure class=\"gb-block-image gb-block-image-8035009f\"><img loading=\"lazy\" decoding=\"async\" width=\"683\" height=\"1024\" class=\"gb-image gb-image-8035009f\" src=\"https:\/\/findfoodbank.org\/wp-content\/uploads\/2024\/02\/DSC00114-683x1024.jpg\" alt=\"Volunteers\" title=\"Voluntarios\" srcset=\"https:\/\/findfoodbank.org\/wp-content\/uploads\/2024\/02\/DSC00114-683x1024.jpg 683w, https:\/\/findfoodbank.org\/wp-content\/uploads\/2024\/02\/DSC00114-200x300.jpg 200w, https:\/\/findfoodbank.org\/wp-content\/uploads\/2024\/02\/DSC00114-768x1152.jpg 768w, https:\/\/findfoodbank.org\/wp-content\/uploads\/2024\/02\/DSC00114-50x75.jpg 50w, https:\/\/findfoodbank.org\/wp-content\/uploads\/2024\/02\/DSC00114-1600x2400.jpg 1600w, https:\/\/findfoodbank.org\/wp-content\/uploads\/2024\/02\/DSC00114-scaled.jpg 1707w\" sizes=\"auto, (max-width: 683px) 100vw, 683px\" \/><\/figure>\n\n<\/div><\/div>\n\n<div class=\"gb-grid-column gb-grid-column-a3672253\"><div class=\"gb-container gb-container-a3672253\">\n\n<figure class=\"gb-block-image gb-block-image-a401a212\"><img loading=\"lazy\" decoding=\"async\" width=\"600\" height=\"826\" class=\"gb-image gb-image-a401a212\" src=\"https:\/\/findfoodbank.org\/wp-content\/uploads\/2021\/06\/corporate_financial_support_donation.jpg\" srcset=\"https:\/\/findfoodbank.org\/wp-content\/uploads\/2021\/06\/corporate_financial_support_donation.jpg 600w, https:\/\/findfoodbank.org\/wp-content\/uploads\/2021\/06\/corporate_financial_support_donation-218x300.jpg 218w, https:\/\/findfoodbank.org\/wp-content\/uploads\/2021\/06\/corporate_financial_support_donation-480x661.jpg 480w\" sizes=\"auto, (max-width: 600px) 100vw, 600px\" \/><\/figure>\n\n<\/div><\/div>\n<\/div>\n<\/div>\n<\/div><\/div>\n<\/div>\n<\/div>\n\n<div class=\"gb-container gb-container-19b9141f alignfull\">\n<div class=\"gb-grid-wrapper gb-grid-wrapper-0be6f10d\">\n<div class=\"gb-grid-column gb-grid-column-4f40ed8b\"><div class=\"gb-container gb-container-4f40ed8b\">\n\n<h2 class=\"gb-headline gb-headline-6c28db22 gb-headline-text\">Oportunidades de eventos especiales<\/h2>\n\n\n\n<p>Nuestros eventos especiales anuales generan conciencia y recaudan fondos de diversas formas creativas. Las oportunidades de participaci\u00f3n corporativa van desde la organizaci\u00f3n de equipos hasta la asistencia a eventos y patrocinios de eventos.<\/p>\n\n\n\n<p>Para obtener m\u00e1s informaci\u00f3n sobre c\u00f3mo su empresa puede interactuar con FIND Food Bank, comun\u00edquese con el Departamento de Desarrollo al <strong><a href=\"tel:7607753663\">760-775-3663 ext. 115<\/a>.<\/strong><\/p>\n\n<\/div><\/div>\n\n<div class=\"gb-grid-column gb-grid-column-839e4e98\"><div class=\"gb-container gb-container-839e4e98\"><\/div><\/div>\n<\/div>\n<\/div>","protected":false},"excerpt":{"rendered":"","protected":false},"author":15,"featured_media":13275,"parent":1408,"menu_order":0,"comment_status":"closed","ping_status":"closed","template":"","meta":{"_monsterinsights_skip_tracking":false,"_monsterinsights_sitenote_active":false,"_monsterinsights_sitenote_note":"","_monsterinsights_sitenote_category":0,"_price":"","_stock":"","_tribe_ticket_header":"","_tribe_default_ticket_provider":"","_tribe_ticket_capacity":"0","_ticket_start_date":"","_ticket_end_date":"","_tribe_ticket_show_description":"","_tribe_ticket_show_not_going":false,"_tribe_ticket_use_global_stock":"","_tribe_ticket_global_stock_level":"","_global_stock_mode":"","_global_stock_cap":"","_tribe_rsvp_for_event":"","_tribe_ticket_going_count":"","_tribe_ticket_not_going_count":"","_tribe_tickets_list":"[]","_tribe_ticket_has_attendee_info_fields":false,"footnotes":"","_tec_slr_enabled":"","_tec_slr_layout":""},"class_list":["post-1749","page","type-page","status-publish","has-post-thumbnail","resize-featured-image"],"yoast_head":"<!-- This site is optimized with the Yoast SEO plugin v27.3 - https:\/\/yoast.com\/product\/yoast-seo-wordpress\/ -->\n<title>Corporate Financial Support FIND Food Bank Coachella Valley<\/title>\n<meta name=\"description\" content=\"FIND\u2019s corporate partners are essential to our mission of providing food to hungry people while striving to help those with food insecurities in our community.\" \/>\n<meta name=\"robots\" content=\"index, follow, max-snippet:-1, max-image-preview:large, max-video-preview:-1\" \/>\n<link rel=\"canonical\" href=\"https:\/\/findfoodbank.org\/es\/get-involved\/corporate-support\/corporate-financial-support\/\" \/>\n<meta property=\"og:locale\" content=\"es_MX\" \/>\n<meta property=\"og:type\" content=\"article\" \/>\n<meta property=\"og:title\" content=\"Corporate Financial Support FIND Food Bank Coachella Valley\" \/>\n<meta property=\"og:description\" content=\"FIND\u2019s corporate partners are essential to our mission of providing food to hungry people while striving to help those with food insecurities in our community.\" \/>\n<meta property=\"og:url\" content=\"https:\/\/findfoodbank.org\/es\/get-involved\/corporate-support\/corporate-financial-support\/\" \/>\n<meta property=\"og:site_name\" content=\"FIND Food Bank\" \/>\n<meta property=\"article:modified_time\" content=\"2024-09-20T18:53:34+00:00\" \/>\n<meta property=\"og:image\" content=\"https:\/\/findfoodbank.org\/wp-content\/uploads\/2024\/03\/DSC_0331-scaled.jpg\" \/>\n\t<meta property=\"og:image:width\" content=\"2560\" \/>\n\t<meta property=\"og:image:height\" content=\"1707\" \/>\n\t<meta property=\"og:image:type\" content=\"image\/jpeg\" \/>\n<meta name=\"twitter:card\" content=\"summary_large_image\" \/>\n<meta name=\"twitter:label1\" content=\"Tiempo de lectura\" \/>\n\t<meta name=\"twitter:data1\" content=\"3 minutos\" \/>\n<script type=\"application\/ld+json\" class=\"yoast-schema-graph\">{\"@context\":\"https:\\\/\\\/schema.org\",\"@graph\":[{\"@type\":\"WebPage\",\"@id\":\"https:\\\/\\\/findfoodbank.org\\\/get-involved\\\/corporate-support\\\/corporate-financial-support\\\/\",\"url\":\"https:\\\/\\\/findfoodbank.org\\\/get-involved\\\/corporate-support\\\/corporate-financial-support\\\/\",\"name\":\"Corporate Financial Support FIND Food Bank Coachella Valley\",\"isPartOf\":{\"@id\":\"https:\\\/\\\/findfoodbank.org\\\/#website\"},\"primaryImageOfPage\":{\"@id\":\"https:\\\/\\\/findfoodbank.org\\\/get-involved\\\/corporate-support\\\/corporate-financial-support\\\/#primaryimage\"},\"image\":{\"@id\":\"https:\\\/\\\/findfoodbank.org\\\/get-involved\\\/corporate-support\\\/corporate-financial-support\\\/#primaryimage\"},\"thumbnailUrl\":\"https:\\\/\\\/findfoodbank.org\\\/wp-content\\\/uploads\\\/2024\\\/03\\\/DSC_0331-scaled.jpg\",\"datePublished\":\"2021-06-24T00:18:15+00:00\",\"dateModified\":\"2024-09-20T18:53:34+00:00\",\"description\":\"FIND\u2019s corporate partners are essential to our mission of providing food to hungry people while striving to help those with food insecurities in our community.\",\"breadcrumb\":{\"@id\":\"https:\\\/\\\/findfoodbank.org\\\/get-involved\\\/corporate-support\\\/corporate-financial-support\\\/#breadcrumb\"},\"inLanguage\":\"es\",\"potentialAction\":[{\"@type\":\"ReadAction\",\"target\":[\"https:\\\/\\\/findfoodbank.org\\\/get-involved\\\/corporate-support\\\/corporate-financial-support\\\/\"]}]},{\"@type\":\"ImageObject\",\"inLanguage\":\"es\",\"@id\":\"https:\\\/\\\/findfoodbank.org\\\/get-involved\\\/corporate-support\\\/corporate-financial-support\\\/#primaryimage\",\"url\":\"https:\\\/\\\/findfoodbank.org\\\/wp-content\\\/uploads\\\/2024\\\/03\\\/DSC_0331-scaled.jpg\",\"contentUrl\":\"https:\\\/\\\/findfoodbank.org\\\/wp-content\\\/uploads\\\/2024\\\/03\\\/DSC_0331-scaled.jpg\",\"width\":2560,\"height\":1707,\"caption\":\"Volunteers\"},{\"@type\":\"BreadcrumbList\",\"@id\":\"https:\\\/\\\/findfoodbank.org\\\/get-involved\\\/corporate-support\\\/corporate-financial-support\\\/#breadcrumb\",\"itemListElement\":[{\"@type\":\"ListItem\",\"position\":1,\"name\":\"Home\",\"item\":\"https:\\\/\\\/findfoodbank.org\\\/\"},{\"@type\":\"ListItem\",\"position\":2,\"name\":\"Get Involved\",\"item\":\"https:\\\/\\\/findfoodbank.org\\\/get-involved\\\/\"},{\"@type\":\"ListItem\",\"position\":3,\"name\":\"Corporate Support\",\"item\":\"https:\\\/\\\/findfoodbank.org\\\/get-involved\\\/corporate-support\\\/\"},{\"@type\":\"ListItem\",\"position\":4,\"name\":\"Corporate Financial Support\"}]},{\"@type\":\"WebSite\",\"@id\":\"https:\\\/\\\/findfoodbank.org\\\/#website\",\"url\":\"https:\\\/\\\/findfoodbank.org\\\/\",\"name\":\"FIND Food Bank\",\"description\":\"The Desert's Regional Food Bank\",\"publisher\":{\"@id\":\"https:\\\/\\\/findfoodbank.org\\\/#organization\"},\"potentialAction\":[{\"@type\":\"SearchAction\",\"target\":{\"@type\":\"EntryPoint\",\"urlTemplate\":\"https:\\\/\\\/findfoodbank.org\\\/?s={search_term_string}\"},\"query-input\":{\"@type\":\"PropertyValueSpecification\",\"valueRequired\":true,\"valueName\":\"search_term_string\"}}],\"inLanguage\":\"es\"},{\"@type\":\"Organization\",\"@id\":\"https:\\\/\\\/findfoodbank.org\\\/#organization\",\"name\":\"FIND Food Bank\",\"url\":\"https:\\\/\\\/findfoodbank.org\\\/\",\"logo\":{\"@type\":\"ImageObject\",\"inLanguage\":\"es\",\"@id\":\"https:\\\/\\\/findfoodbank.org\\\/#\\\/schema\\\/logo\\\/image\\\/\",\"url\":\"https:\\\/\\\/findfoodbank.org\\\/wp-content\\\/uploads\\\/2025\\\/09\\\/FIND-logo25-horizontal_4c.png\",\"contentUrl\":\"https:\\\/\\\/findfoodbank.org\\\/wp-content\\\/uploads\\\/2025\\\/09\\\/FIND-logo25-horizontal_4c.png\",\"width\":1189,\"height\":373,\"caption\":\"FIND Food Bank\"},\"image\":{\"@id\":\"https:\\\/\\\/findfoodbank.org\\\/#\\\/schema\\\/logo\\\/image\\\/\"}}]}<\/script>\n<!-- \/ Yoast SEO plugin. -->","yoast_head_json":{"title":"Corporate Financial Support FIND Food Bank Coachella Valley","description":"FIND\u2019s corporate partners are essential to our mission of providing food to hungry people while striving to help those with food insecurities in our community.","robots":{"index":"index","follow":"follow","max-snippet":"max-snippet:-1","max-image-preview":"max-image-preview:large","max-video-preview":"max-video-preview:-1"},"canonical":"https:\/\/findfoodbank.org\/es\/get-involved\/corporate-support\/corporate-financial-support\/","og_locale":"es_MX","og_type":"article","og_title":"Corporate Financial Support FIND Food Bank Coachella Valley","og_description":"FIND\u2019s corporate partners are essential to our mission of providing food to hungry people while striving to help those with food insecurities in our community.","og_url":"https:\/\/findfoodbank.org\/es\/get-involved\/corporate-support\/corporate-financial-support\/","og_site_name":"FIND Food Bank","article_modified_time":"2024-09-20T18:53:34+00:00","og_image":[{"width":2560,"height":1707,"url":"https:\/\/findfoodbank.org\/wp-content\/uploads\/2024\/03\/DSC_0331-scaled.jpg","type":"image\/jpeg"}],"twitter_card":"summary_large_image","twitter_misc":{"Tiempo de lectura":"3 minutos"},"schema":{"@context":"https:\/\/schema.org","@graph":[{"@type":"WebPage","@id":"https:\/\/findfoodbank.org\/get-involved\/corporate-support\/corporate-financial-support\/","url":"https:\/\/findfoodbank.org\/get-involved\/corporate-support\/corporate-financial-support\/","name":"Corporate Financial Support FIND Food Bank Coachella Valley","isPartOf":{"@id":"https:\/\/findfoodbank.org\/#website"},"primaryImageOfPage":{"@id":"https:\/\/findfoodbank.org\/get-involved\/corporate-support\/corporate-financial-support\/#primaryimage"},"image":{"@id":"https:\/\/findfoodbank.org\/get-involved\/corporate-support\/corporate-financial-support\/#primaryimage"},"thumbnailUrl":"https:\/\/findfoodbank.org\/wp-content\/uploads\/2024\/03\/DSC_0331-scaled.jpg","datePublished":"2021-06-24T00:18:15+00:00","dateModified":"2024-09-20T18:53:34+00:00","description":"FIND\u2019s corporate partners are essential to our mission of providing food to hungry people while striving to help those with food insecurities in our community.","breadcrumb":{"@id":"https:\/\/findfoodbank.org\/get-involved\/corporate-support\/corporate-financial-support\/#breadcrumb"},"inLanguage":"es","potentialAction":[{"@type":"ReadAction","target":["https:\/\/findfoodbank.org\/get-involved\/corporate-support\/corporate-financial-support\/"]}]},{"@type":"ImageObject","inLanguage":"es","@id":"https:\/\/findfoodbank.org\/get-involved\/corporate-support\/corporate-financial-support\/#primaryimage","url":"https:\/\/findfoodbank.org\/wp-content\/uploads\/2024\/03\/DSC_0331-scaled.jpg","contentUrl":"https:\/\/findfoodbank.org\/wp-content\/uploads\/2024\/03\/DSC_0331-scaled.jpg","width":2560,"height":1707,"caption":"Volunteers"},{"@type":"BreadcrumbList","@id":"https:\/\/findfoodbank.org\/get-involved\/corporate-support\/corporate-financial-support\/#breadcrumb","itemListElement":[{"@type":"ListItem","position":1,"name":"Home","item":"https:\/\/findfoodbank.org\/"},{"@type":"ListItem","position":2,"name":"Get Involved","item":"https:\/\/findfoodbank.org\/get-involved\/"},{"@type":"ListItem","position":3,"name":"Corporate Support","item":"https:\/\/findfoodbank.org\/get-involved\/corporate-support\/"},{"@type":"ListItem","position":4,"name":"Corporate Financial Support"}]},{"@type":"WebSite","@id":"https:\/\/findfoodbank.org\/#website","url":"https:\/\/findfoodbank.org\/","name":"ENCONTRAR Banco de Alimentos","description":"El banco regional de alimentos del desierto","publisher":{"@id":"https:\/\/findfoodbank.org\/#organization"},"potentialAction":[{"@type":"SearchAction","target":{"@type":"EntryPoint","urlTemplate":"https:\/\/findfoodbank.org\/?s={search_term_string}"},"query-input":{"@type":"PropertyValueSpecification","valueRequired":true,"valueName":"search_term_string"}}],"inLanguage":"es"},{"@type":"Organization","@id":"https:\/\/findfoodbank.org\/#organization","name":"ENCONTRAR Banco de Alimentos","url":"https:\/\/findfoodbank.org\/","logo":{"@type":"ImageObject","inLanguage":"es","@id":"https:\/\/findfoodbank.org\/#\/schema\/logo\/image\/","url":"https:\/\/findfoodbank.org\/wp-content\/uploads\/2025\/09\/FIND-logo25-horizontal_4c.png","contentUrl":"https:\/\/findfoodbank.org\/wp-content\/uploads\/2025\/09\/FIND-logo25-horizontal_4c.png","width":1189,"height":373,"caption":"FIND Food Bank"},"image":{"@id":"https:\/\/findfoodbank.org\/#\/schema\/logo\/image\/"}}]}},"ticketed":false,"_links":{"self":[{"href":"https:\/\/findfoodbank.org\/es\/wp-json\/wp\/v2\/pages\/1749","targetHints":{"allow":["GET"]}}],"collection":[{"href":"https:\/\/findfoodbank.org\/es\/wp-json\/wp\/v2\/pages"}],"about":[{"href":"https:\/\/findfoodbank.org\/es\/wp-json\/wp\/v2\/types\/page"}],"author":[{"embeddable":true,"href":"https:\/\/findfoodbank.org\/es\/wp-json\/wp\/v2\/users\/15"}],"replies":[{"embeddable":true,"href":"https:\/\/findfoodbank.org\/es\/wp-json\/wp\/v2\/comments?post=1749"}],"version-history":[{"count":14,"href":"https:\/\/findfoodbank.org\/es\/wp-json\/wp\/v2\/pages\/1749\/revisions"}],"predecessor-version":[{"id":14484,"href":"https:\/\/findfoodbank.org\/es\/wp-json\/wp\/v2\/pages\/1749\/revisions\/14484"}],"up":[{"embeddable":true,"href":"https:\/\/findfoodbank.org\/es\/wp-json\/wp\/v2\/pages\/1408"}],"wp:featuredmedia":[{"embeddable":true,"href":"https:\/\/findfoodbank.org\/es\/wp-json\/wp\/v2\/media\/13275"}],"wp:attachment":[{"href":"https:\/\/findfoodbank.org\/es\/wp-json\/wp\/v2\/media?parent=1749"}],"curies":[{"name":"wp","href":"https:\/\/api.w.org\/{rel}","templated":true}]}}