{"id":1717,"date":"2021-06-17T23:44:24","date_gmt":"2021-06-17T23:44:24","guid":{"rendered":"http:\/\/findfoodbank.flywheelsites.com\/?page_id=1717"},"modified":"2024-09-20T11:57:07","modified_gmt":"2024-09-20T18:57:07","slug":"employee-engagement","status":"publish","type":"page","link":"https:\/\/findfoodbank.org\/es\/get-involved\/corporate-support\/employee-engagement\/","title":{"rendered":"Compromiso de los empleados"},"content":{"rendered":"<div class=\"gb-container gb-container-808c909e alignfull\">\n<div class=\"gb-container gb-container-528aa905\">\n<div class=\"gb-grid-wrapper gb-grid-wrapper-a8d05cf5\">\n<div class=\"gb-grid-column gb-grid-column-f2624395\"><div class=\"gb-container gb-container-f2624395\">\n<nav style=\"color: #324452;\" class=\"has-text-color  is-vertical wp-block-navigation is-layout-flex wp-container-core-navigation-is-layout-8cf370e7 wp-block-navigation-is-layout-flex\" aria-label=\"Soporte corporativo\"><ul style=\"color: #324452;\" class=\"wp-block-navigation__container has-text-color  is-vertical wp-block-navigation\"><li class=\"wp-block-navigation-item wp-block-navigation-link\"><a class=\"wp-block-navigation-item__content\"  href=\"https:\/\/findfoodbank.org\/es\/get-involved\/food-donations\/\"><span class=\"wp-block-navigation-item__label\">Donaciones de alimentos<\/span><\/a><\/li><li class=\"wp-block-navigation-item wp-block-navigation-link\"><a class=\"wp-block-navigation-item__content\"  href=\"https:\/\/findfoodbank.org\/es\/virtual-food-drive\/\"><span class=\"wp-block-navigation-item__label\">Virtual Food Drive<\/span><\/a><\/li><li class=\"wp-block-navigation-item wp-block-navigation-link\"><a class=\"wp-block-navigation-item__content\"  href=\"https:\/\/findfoodbank.org\/es\/get-involved\/financial-support\/\"><span class=\"wp-block-navigation-item__label\">Soporte financiero<\/span><\/a><\/li><li class=\"wp-block-navigation-item wp-block-navigation-link\"><a class=\"wp-block-navigation-item__content\"  href=\"https:\/\/findfoodbank.org\/es\/get-involved\/corporate-support\/food-industry-donations\/\"><span class=\"wp-block-navigation-item__label\">Donaciones de la industria alimentaria<\/span><\/a><\/li><li class=\"wp-block-navigation-item wp-block-navigation-link\"><a class=\"wp-block-navigation-item__content\"  href=\"https:\/\/findfoodbank.org\/es\/get-involved\/corporate-support\/corporate-financial-support\/\"><span class=\"wp-block-navigation-item__label\">Apoyo financiero corporativo<\/span><\/a><\/li><li class=\"wp-block-navigation-item wp-block-navigation-link\"><a class=\"wp-block-navigation-item__content\"  href=\"https:\/\/findfoodbank.org\/es\/get-involved\/corporate-support\/corporate-recognition\/\"><span class=\"wp-block-navigation-item__label\">Reconocimiento corporativo<\/span><\/a><\/li><li class=\"wp-block-navigation-item wp-block-navigation-link\"><a class=\"wp-block-navigation-item__content\"  href=\"https:\/\/findfoodbank.org\/es\/get-involved\/corporate-support\/cause-marketing-partnerships\/\"><span class=\"wp-block-navigation-item__label\">Asociaciones de marketing de causas<\/span><\/a><\/li><li class=\"wp-block-navigation-item wp-block-navigation-link\"><a class=\"wp-block-navigation-item__content\"  href=\"https:\/\/findfoodbank.org\/es\/get-involved\/corporate-support\/employee-engagement\/\"><span class=\"wp-block-navigation-item__label\">Compromiso de los empleados<\/span><\/a><\/li><li class=\"wp-block-navigation-item wp-block-navigation-link\"><a class=\"wp-block-navigation-item__content\"  href=\"https:\/\/findfoodbank.org\/es\/shoptogive\/\"><span class=\"wp-block-navigation-item__label\">Comprar para regalar<\/span><\/a><\/li><li class=\"wp-block-navigation-item wp-block-navigation-link\"><a class=\"wp-block-navigation-item__content\"  href=\"https:\/\/findfoodbank.org\/es\/donor-policy\/\"><span class=\"wp-block-navigation-item__label\">Pol\u00edtica de donantes<\/span><\/a><\/li><\/ul><\/nav>\n<\/div><\/div>\n\n<div class=\"gb-grid-column gb-grid-column-b1d93f7d\"><div class=\"gb-container gb-container-b1d93f7d\">\n\n<h5 class=\"gb-headline gb-headline-d538dea7 gb-headline-text\">Compromiso de los empleados<\/h5>\n\n\n\n<p>FIND Food Bank ofrece una variedad de oportunidades para que su grupo empresarial tome medidas contra el hambre y forme un v\u00ednculo m\u00e1s fuerte en el proceso. Estas actividades pueden tener lugar en nuestras instalaciones, en la oficina o en nuestros eventos.<\/p>\n\n<\/div><\/div>\n<\/div>\n<\/div>\n\n<div class=\"gb-container gb-container-4f035e7d\">\n<div class=\"gb-grid-wrapper gb-grid-wrapper-ecef6dbe\">\n<div class=\"gb-grid-column gb-grid-column-834367cd\"><div class=\"gb-container gb-container-834367cd\">\n\n<figure class=\"gb-block-image gb-block-image-a968ec41\"><img loading=\"lazy\" decoding=\"async\" width=\"2560\" height=\"1920\" class=\"gb-image gb-image-a968ec41\" src=\"https:\/\/findfoodbank.org\/wp-content\/uploads\/2024\/05\/IMG_1495-scaled.jpg\" alt=\"\" title=\"IMG_1495\" srcset=\"https:\/\/findfoodbank.org\/wp-content\/uploads\/2024\/05\/IMG_1495-scaled.jpg 2560w, https:\/\/findfoodbank.org\/wp-content\/uploads\/2024\/05\/IMG_1495-300x225.jpg 300w, https:\/\/findfoodbank.org\/wp-content\/uploads\/2024\/05\/IMG_1495-1024x768.jpg 1024w, https:\/\/findfoodbank.org\/wp-content\/uploads\/2024\/05\/IMG_1495-768x576.jpg 768w, https:\/\/findfoodbank.org\/wp-content\/uploads\/2024\/05\/IMG_1495-50x38.jpg 50w, https:\/\/findfoodbank.org\/wp-content\/uploads\/2024\/05\/IMG_1495-1600x1200.jpg 1600w, https:\/\/findfoodbank.org\/wp-content\/uploads\/2024\/05\/IMG_1495-1536x1152.jpg 1536w, https:\/\/findfoodbank.org\/wp-content\/uploads\/2024\/05\/IMG_1495-2048x1536.jpg 2048w, https:\/\/findfoodbank.org\/wp-content\/uploads\/2024\/05\/IMG_1495-16x12.jpg 16w\" sizes=\"auto, (max-width: 2560px) 100vw, 2560px\" \/><\/figure>\n\n<\/div><\/div>\n\n<div class=\"gb-grid-column gb-grid-column-d5adafde\"><div class=\"gb-container gb-container-d5adafde\">\n\n<h5 class=\"gb-headline gb-headline-542aa23b gb-headline-text\">Voluntario<\/h5>\n\n\n\n<p>Individuos y grupos se ofrecen como voluntarios anualmente para proporcionar comidas nutritivas para ayudar a sus vecinos a satisfacer sus necesidades b\u00e1sicas. Tenemos oportunidades para adaptarnos a todos los horarios, incluidas las opciones diurnas, nocturnas y de fin de semana. Estos incluyen sesiones de clasificaci\u00f3n en nuestras instalaciones, oportunidades de distribuci\u00f3n y eventos especiales en la comunidad. Obtenga m\u00e1s informaci\u00f3n sobre nuestras oportunidades de voluntariado.<\/p>\n\n\n\n<a class=\"gb-button gb-button-c0f5ee48 gb-button-text\" href=\"https:\/\/findfoodbank.org\/es\/volunteer-opportunities\/\">Oportunidades para voluntarios<\/a>\n\n<\/div><\/div>\n\n<div class=\"gb-grid-column gb-grid-column-1630579f\"><div class=\"gb-container gb-container-1630579f\">\n\n<h5 class=\"gb-headline gb-headline-23288d79 gb-headline-text\">Food Drives &amp; FIND Food Bins<\/h5>\n\n\n\n<p>Tome medidas para apoyar a nuestra comunidad solicitando un contenedor de comida FIND para guardar en su lugar de trabajo, espacio comunitario, evento, etc. Puede retirar un contenedor durante un per\u00edodo prolongado para organizar una campa\u00f1a de recolecci\u00f3n de alimentos en toda la empresa o alentar las donaciones de los clientes durante todo el a\u00f1o. ronda. Una vez que su (s) contenedor (s) est\u00e9n llenos, llame <strong><a href=\"tel:+7607753663\">760-775-3663<\/a> ext. 117<\/strong> to schedule a pick-up. Our warehouse team will collect the bins, bring the food to sort in our warehouse, and return them upon request. Host a company-wide food drive to bring your team together in the fight to end hunger together. Visit our Donate Foods page for details on how to get started.<\/p>\n\n\n\n<a class=\"gb-button gb-button-3cc63f77 gb-button-text\" href=\"https:\/\/findfoodbank.org\/es\/get-involved\/donate-foods\/\">Donar Alimentos<\/a>\n\n<\/div><\/div>\n\n<div class=\"gb-grid-column gb-grid-column-68381792\"><div class=\"gb-container gb-container-68381792\">\n\n<figure class=\"gb-block-image gb-block-image-c530cc3e\"><img loading=\"lazy\" decoding=\"async\" width=\"600\" height=\"482\" class=\"gb-image gb-image-c530cc3e\" src=\"https:\/\/findfoodbank.org\/wp-content\/uploads\/2021\/06\/Employee_Engagement_food_bins.jpg\" srcset=\"https:\/\/findfoodbank.org\/wp-content\/uploads\/2021\/06\/Employee_Engagement_food_bins.jpg 600w, https:\/\/findfoodbank.org\/wp-content\/uploads\/2021\/06\/Employee_Engagement_food_bins-300x241.jpg 300w, https:\/\/findfoodbank.org\/wp-content\/uploads\/2021\/06\/Employee_Engagement_food_bins-480x386.jpg 480w\" sizes=\"auto, (max-width: 600px) 100vw, 600px\" \/><\/figure>\n\n<\/div><\/div>\n\n<div class=\"gb-grid-column gb-grid-column-c5839b51\"><div class=\"gb-container gb-container-c5839b51\">\n\n<figure class=\"gb-block-image gb-block-image-58055185\"><img loading=\"lazy\" decoding=\"async\" width=\"600\" height=\"398\" class=\"gb-image gb-image-58055185\" src=\"https:\/\/findfoodbank.org\/wp-content\/uploads\/2021\/06\/Employee_Engagement_events.jpg\" srcset=\"https:\/\/findfoodbank.org\/wp-content\/uploads\/2021\/06\/Employee_Engagement_events.jpg 600w, https:\/\/findfoodbank.org\/wp-content\/uploads\/2021\/06\/Employee_Engagement_events-300x199.jpg 300w, https:\/\/findfoodbank.org\/wp-content\/uploads\/2021\/06\/Employee_Engagement_events-480x318.jpg 480w\" sizes=\"auto, (max-width: 600px) 100vw, 600px\" \/><\/figure>\n\n<\/div><\/div>\n\n<div class=\"gb-grid-column gb-grid-column-e03df031\"><div class=\"gb-container gb-container-e03df031\">\n\n<h5 class=\"gb-headline gb-headline-301b6ce9 gb-headline-text\">Eventos personalizados<\/h5>\n\n\n\n<p>Se anima a los grupos corporativos a interactuar con FIND y las comunidades a las que servimos de diversas formas. Su equipo puede utilizar nuestras instalaciones para retiros, reuniones de la junta y actividades de formaci\u00f3n de equipos. Las corporaciones a menudo hacen una donaci\u00f3n a FIND durante su evento personalizado para ayudar a compensar nuestros costos operativos.<\/p>\n\n<\/div><\/div>\n<\/div>\n<\/div>\n<\/div>","protected":false},"excerpt":{"rendered":"","protected":false},"author":15,"featured_media":13704,"parent":1408,"menu_order":0,"comment_status":"closed","ping_status":"closed","template":"","meta":{"_monsterinsights_skip_tracking":false,"_monsterinsights_sitenote_active":false,"_monsterinsights_sitenote_note":"","_monsterinsights_sitenote_category":0,"_price":"","_stock":"","_tribe_ticket_header":"","_tribe_default_ticket_provider":"","_tribe_ticket_capacity":"0","_ticket_start_date":"","_ticket_end_date":"","_tribe_ticket_show_description":"","_tribe_ticket_show_not_going":false,"_tribe_ticket_use_global_stock":"","_tribe_ticket_global_stock_level":"","_global_stock_mode":"","_global_stock_cap":"","_tribe_rsvp_for_event":"","_tribe_ticket_going_count":"","_tribe_ticket_not_going_count":"","_tribe_tickets_list":"[]","_tribe_ticket_has_attendee_info_fields":false,"footnotes":"","_tec_slr_enabled":"","_tec_slr_layout":""},"class_list":["post-1717","page","type-page","status-publish","has-post-thumbnail","resize-featured-image"],"yoast_head":"<!-- This site is optimized with the Yoast SEO plugin v27.5 - https:\/\/yoast.com\/product\/yoast-seo-wordpress\/ -->\n<title>Employee Engagement FIND Food Bank, Help For Hunger<\/title>\n<meta name=\"description\" content=\"FIND Food Bank offers a variety of opportunities for your corporate group to take action against hunger and form a stronger bond,\" \/>\n<meta name=\"robots\" content=\"index, follow, max-snippet:-1, max-image-preview:large, max-video-preview:-1\" \/>\n<link rel=\"canonical\" href=\"https:\/\/findfoodbank.org\/es\/get-involved\/corporate-support\/employee-engagement\/\" \/>\n<meta property=\"og:locale\" content=\"es_MX\" \/>\n<meta property=\"og:type\" content=\"article\" \/>\n<meta property=\"og:title\" content=\"Employee Engagement FIND Food Bank, Help For Hunger\" \/>\n<meta property=\"og:description\" content=\"FIND Food Bank offers a variety of opportunities for your corporate group to take action against hunger and form a stronger bond,\" \/>\n<meta property=\"og:url\" content=\"https:\/\/findfoodbank.org\/es\/get-involved\/corporate-support\/employee-engagement\/\" \/>\n<meta property=\"og:site_name\" content=\"FIND Food Bank\" \/>\n<meta property=\"article:modified_time\" content=\"2024-09-20T18:57:07+00:00\" \/>\n<meta property=\"og:image\" content=\"https:\/\/findfoodbank.org\/wp-content\/uploads\/2024\/05\/IMG_9255-scaled.jpg\" \/>\n\t<meta property=\"og:image:width\" content=\"2560\" \/>\n\t<meta property=\"og:image:height\" content=\"1754\" \/>\n\t<meta property=\"og:image:type\" content=\"image\/jpeg\" \/>\n<meta name=\"twitter:card\" content=\"summary_large_image\" \/>\n<meta name=\"twitter:label1\" content=\"Tiempo de lectura\" \/>\n\t<meta name=\"twitter:data1\" content=\"2 minutos\" \/>\n<script type=\"application\/ld+json\" class=\"yoast-schema-graph\">{\"@context\":\"https:\\\/\\\/schema.org\",\"@graph\":[{\"@type\":\"WebPage\",\"@id\":\"https:\\\/\\\/findfoodbank.org\\\/get-involved\\\/corporate-support\\\/employee-engagement\\\/\",\"url\":\"https:\\\/\\\/findfoodbank.org\\\/get-involved\\\/corporate-support\\\/employee-engagement\\\/\",\"name\":\"Employee Engagement FIND Food Bank, Help For Hunger\",\"isPartOf\":{\"@id\":\"https:\\\/\\\/findfoodbank.org\\\/#website\"},\"primaryImageOfPage\":{\"@id\":\"https:\\\/\\\/findfoodbank.org\\\/get-involved\\\/corporate-support\\\/employee-engagement\\\/#primaryimage\"},\"image\":{\"@id\":\"https:\\\/\\\/findfoodbank.org\\\/get-involved\\\/corporate-support\\\/employee-engagement\\\/#primaryimage\"},\"thumbnailUrl\":\"https:\\\/\\\/findfoodbank.org\\\/wp-content\\\/uploads\\\/2024\\\/05\\\/IMG_9255-scaled.jpg\",\"datePublished\":\"2021-06-17T23:44:24+00:00\",\"dateModified\":\"2024-09-20T18:57:07+00:00\",\"description\":\"FIND Food Bank offers a variety of opportunities for your corporate group to take action against hunger and form a stronger bond,\",\"breadcrumb\":{\"@id\":\"https:\\\/\\\/findfoodbank.org\\\/get-involved\\\/corporate-support\\\/employee-engagement\\\/#breadcrumb\"},\"inLanguage\":\"es\",\"potentialAction\":[{\"@type\":\"ReadAction\",\"target\":[\"https:\\\/\\\/findfoodbank.org\\\/get-involved\\\/corporate-support\\\/employee-engagement\\\/\"]}]},{\"@type\":\"ImageObject\",\"inLanguage\":\"es\",\"@id\":\"https:\\\/\\\/findfoodbank.org\\\/get-involved\\\/corporate-support\\\/employee-engagement\\\/#primaryimage\",\"url\":\"https:\\\/\\\/findfoodbank.org\\\/wp-content\\\/uploads\\\/2024\\\/05\\\/IMG_9255-scaled.jpg\",\"contentUrl\":\"https:\\\/\\\/findfoodbank.org\\\/wp-content\\\/uploads\\\/2024\\\/05\\\/IMG_9255-scaled.jpg\",\"width\":2560,\"height\":1754},{\"@type\":\"BreadcrumbList\",\"@id\":\"https:\\\/\\\/findfoodbank.org\\\/get-involved\\\/corporate-support\\\/employee-engagement\\\/#breadcrumb\",\"itemListElement\":[{\"@type\":\"ListItem\",\"position\":1,\"name\":\"Home\",\"item\":\"https:\\\/\\\/findfoodbank.org\\\/\"},{\"@type\":\"ListItem\",\"position\":2,\"name\":\"Get Involved\",\"item\":\"https:\\\/\\\/findfoodbank.org\\\/get-involved\\\/\"},{\"@type\":\"ListItem\",\"position\":3,\"name\":\"Corporate Support\",\"item\":\"https:\\\/\\\/findfoodbank.org\\\/get-involved\\\/corporate-support\\\/\"},{\"@type\":\"ListItem\",\"position\":4,\"name\":\"Employee Engagement\"}]},{\"@type\":\"WebSite\",\"@id\":\"https:\\\/\\\/findfoodbank.org\\\/#website\",\"url\":\"https:\\\/\\\/findfoodbank.org\\\/\",\"name\":\"FIND Food Bank\",\"description\":\"The Desert's Regional Food Bank\",\"publisher\":{\"@id\":\"https:\\\/\\\/findfoodbank.org\\\/#organization\"},\"potentialAction\":[{\"@type\":\"SearchAction\",\"target\":{\"@type\":\"EntryPoint\",\"urlTemplate\":\"https:\\\/\\\/findfoodbank.org\\\/?s={search_term_string}\"},\"query-input\":{\"@type\":\"PropertyValueSpecification\",\"valueRequired\":true,\"valueName\":\"search_term_string\"}}],\"inLanguage\":\"es\"},{\"@type\":\"Organization\",\"@id\":\"https:\\\/\\\/findfoodbank.org\\\/#organization\",\"name\":\"FIND Food Bank\",\"url\":\"https:\\\/\\\/findfoodbank.org\\\/\",\"logo\":{\"@type\":\"ImageObject\",\"inLanguage\":\"es\",\"@id\":\"https:\\\/\\\/findfoodbank.org\\\/#\\\/schema\\\/logo\\\/image\\\/\",\"url\":\"https:\\\/\\\/findfoodbank.org\\\/wp-content\\\/uploads\\\/2025\\\/09\\\/FIND-logo25-horizontal_4c.png\",\"contentUrl\":\"https:\\\/\\\/findfoodbank.org\\\/wp-content\\\/uploads\\\/2025\\\/09\\\/FIND-logo25-horizontal_4c.png\",\"width\":1189,\"height\":373,\"caption\":\"FIND Food Bank\"},\"image\":{\"@id\":\"https:\\\/\\\/findfoodbank.org\\\/#\\\/schema\\\/logo\\\/image\\\/\"}}]}<\/script>\n<!-- \/ Yoast SEO plugin. -->","yoast_head_json":{"title":"Employee Engagement FIND Food Bank, Help For Hunger","description":"FIND Food Bank offers a variety of opportunities for your corporate group to take action against hunger and form a stronger bond,","robots":{"index":"index","follow":"follow","max-snippet":"max-snippet:-1","max-image-preview":"max-image-preview:large","max-video-preview":"max-video-preview:-1"},"canonical":"https:\/\/findfoodbank.org\/es\/get-involved\/corporate-support\/employee-engagement\/","og_locale":"es_MX","og_type":"article","og_title":"Employee Engagement FIND Food Bank, Help For Hunger","og_description":"FIND Food Bank offers a variety of opportunities for your corporate group to take action against hunger and form a stronger bond,","og_url":"https:\/\/findfoodbank.org\/es\/get-involved\/corporate-support\/employee-engagement\/","og_site_name":"FIND Food Bank","article_modified_time":"2024-09-20T18:57:07+00:00","og_image":[{"width":2560,"height":1754,"url":"https:\/\/findfoodbank.org\/wp-content\/uploads\/2024\/05\/IMG_9255-scaled.jpg","type":"image\/jpeg"}],"twitter_card":"summary_large_image","twitter_misc":{"Tiempo de lectura":"2 minutos"},"schema":{"@context":"https:\/\/schema.org","@graph":[{"@type":"WebPage","@id":"https:\/\/findfoodbank.org\/get-involved\/corporate-support\/employee-engagement\/","url":"https:\/\/findfoodbank.org\/get-involved\/corporate-support\/employee-engagement\/","name":"Employee Engagement FIND Food Bank, Help For Hunger","isPartOf":{"@id":"https:\/\/findfoodbank.org\/#website"},"primaryImageOfPage":{"@id":"https:\/\/findfoodbank.org\/get-involved\/corporate-support\/employee-engagement\/#primaryimage"},"image":{"@id":"https:\/\/findfoodbank.org\/get-involved\/corporate-support\/employee-engagement\/#primaryimage"},"thumbnailUrl":"https:\/\/findfoodbank.org\/wp-content\/uploads\/2024\/05\/IMG_9255-scaled.jpg","datePublished":"2021-06-17T23:44:24+00:00","dateModified":"2024-09-20T18:57:07+00:00","description":"FIND Food Bank offers a variety of opportunities for your corporate group to take action against hunger and form a stronger bond,","breadcrumb":{"@id":"https:\/\/findfoodbank.org\/get-involved\/corporate-support\/employee-engagement\/#breadcrumb"},"inLanguage":"es","potentialAction":[{"@type":"ReadAction","target":["https:\/\/findfoodbank.org\/get-involved\/corporate-support\/employee-engagement\/"]}]},{"@type":"ImageObject","inLanguage":"es","@id":"https:\/\/findfoodbank.org\/get-involved\/corporate-support\/employee-engagement\/#primaryimage","url":"https:\/\/findfoodbank.org\/wp-content\/uploads\/2024\/05\/IMG_9255-scaled.jpg","contentUrl":"https:\/\/findfoodbank.org\/wp-content\/uploads\/2024\/05\/IMG_9255-scaled.jpg","width":2560,"height":1754},{"@type":"BreadcrumbList","@id":"https:\/\/findfoodbank.org\/get-involved\/corporate-support\/employee-engagement\/#breadcrumb","itemListElement":[{"@type":"ListItem","position":1,"name":"Home","item":"https:\/\/findfoodbank.org\/"},{"@type":"ListItem","position":2,"name":"Get Involved","item":"https:\/\/findfoodbank.org\/get-involved\/"},{"@type":"ListItem","position":3,"name":"Corporate Support","item":"https:\/\/findfoodbank.org\/get-involved\/corporate-support\/"},{"@type":"ListItem","position":4,"name":"Employee Engagement"}]},{"@type":"WebSite","@id":"https:\/\/findfoodbank.org\/#website","url":"https:\/\/findfoodbank.org\/","name":"ENCONTRAR Banco de Alimentos","description":"El banco regional de alimentos del desierto","publisher":{"@id":"https:\/\/findfoodbank.org\/#organization"},"potentialAction":[{"@type":"SearchAction","target":{"@type":"EntryPoint","urlTemplate":"https:\/\/findfoodbank.org\/?s={search_term_string}"},"query-input":{"@type":"PropertyValueSpecification","valueRequired":true,"valueName":"search_term_string"}}],"inLanguage":"es"},{"@type":"Organization","@id":"https:\/\/findfoodbank.org\/#organization","name":"ENCONTRAR Banco de Alimentos","url":"https:\/\/findfoodbank.org\/","logo":{"@type":"ImageObject","inLanguage":"es","@id":"https:\/\/findfoodbank.org\/#\/schema\/logo\/image\/","url":"https:\/\/findfoodbank.org\/wp-content\/uploads\/2025\/09\/FIND-logo25-horizontal_4c.png","contentUrl":"https:\/\/findfoodbank.org\/wp-content\/uploads\/2025\/09\/FIND-logo25-horizontal_4c.png","width":1189,"height":373,"caption":"FIND Food Bank"},"image":{"@id":"https:\/\/findfoodbank.org\/#\/schema\/logo\/image\/"}}]}},"ticketed":false,"_links":{"self":[{"href":"https:\/\/findfoodbank.org\/es\/wp-json\/wp\/v2\/pages\/1717","targetHints":{"allow":["GET"]}}],"collection":[{"href":"https:\/\/findfoodbank.org\/es\/wp-json\/wp\/v2\/pages"}],"about":[{"href":"https:\/\/findfoodbank.org\/es\/wp-json\/wp\/v2\/types\/page"}],"author":[{"embeddable":true,"href":"https:\/\/findfoodbank.org\/es\/wp-json\/wp\/v2\/users\/15"}],"replies":[{"embeddable":true,"href":"https:\/\/findfoodbank.org\/es\/wp-json\/wp\/v2\/comments?post=1717"}],"version-history":[{"count":14,"href":"https:\/\/findfoodbank.org\/es\/wp-json\/wp\/v2\/pages\/1717\/revisions"}],"predecessor-version":[{"id":14487,"href":"https:\/\/findfoodbank.org\/es\/wp-json\/wp\/v2\/pages\/1717\/revisions\/14487"}],"up":[{"embeddable":true,"href":"https:\/\/findfoodbank.org\/es\/wp-json\/wp\/v2\/pages\/1408"}],"wp:featuredmedia":[{"embeddable":true,"href":"https:\/\/findfoodbank.org\/es\/wp-json\/wp\/v2\/media\/13704"}],"wp:attachment":[{"href":"https:\/\/findfoodbank.org\/es\/wp-json\/wp\/v2\/media?parent=1717"}],"curies":[{"name":"wp","href":"https:\/\/api.w.org\/{rel}","templated":true}]}}