{"id":1521,"date":"2021-06-08T23:16:40","date_gmt":"2021-06-08T23:16:40","guid":{"rendered":"http:\/\/findfoodbank.flywheelsites.com\/?page_id=1521"},"modified":"2025-03-11T11:13:46","modified_gmt":"2025-03-11T18:13:46","slug":"annual-giving","status":"publish","type":"page","link":"https:\/\/findfoodbank.org\/es\/get-involved\/financial-support\/annual-giving\/","title":{"rendered":"Donaciones anuales"},"content":{"rendered":"<div class=\"gb-container gb-container-f484d503 alignfull\">\n<div class=\"gb-container gb-container-ddb8593f\">\n<div class=\"gb-grid-wrapper gb-grid-wrapper-0efc5482\">\n<div class=\"gb-grid-column gb-grid-column-037e433e\"><div class=\"gb-container gb-container-037e433e\">\n<nav style=\"color: #324452;\" class=\"has-text-color  is-vertical wp-block-navigation is-layout-flex wp-container-core-navigation-is-layout-8cf370e7 wp-block-navigation-is-layout-flex\" aria-label=\"Soporte financiero\"><ul style=\"color: #324452;\" class=\"wp-block-navigation__container has-text-color  is-vertical wp-block-navigation\"><li class=\"wp-block-navigation-item wp-block-navigation-link\"><a class=\"wp-block-navigation-item__content\"  href=\"https:\/\/findfoodbank.org\/es\/get-involved\/financial-support\/annual-giving\/\"><span class=\"wp-block-navigation-item__label\">Donaciones anuales<\/span><\/a><\/li><li class=\"wp-block-navigation-item wp-block-navigation-link\"><a class=\"wp-block-navigation-item__content\"  href=\"https:\/\/findfoodbank.org\/es\/planned-estate-giving\/\"><span class=\"wp-block-navigation-item__label\">Donaciones planificadas y patrimoniales<\/span><\/a><\/li><li class=\"wp-block-navigation-item wp-block-navigation-link\"><a class=\"wp-block-navigation-item__content\"  href=\"https:\/\/findfoodbank.org\/es\/matchinggifts\/\"><span class=\"wp-block-navigation-item__label\">Regalos a juego<\/span><\/a><\/li><li class=\"wp-block-navigation-item wp-block-navigation-link\"><a class=\"wp-block-navigation-item__content\"  href=\"https:\/\/findfoodbank.org\/es\/stock-gifts\/\"><span class=\"wp-block-navigation-item__label\">Regalos en stock<\/span><\/a><\/li><li class=\"wp-block-navigation-item wp-block-navigation-link\"><a class=\"wp-block-navigation-item__content\"  href=\"https:\/\/findfoodbank.org\/es\/get-involved\/financial-support\/donor-faqs\/\"><span class=\"wp-block-navigation-item__label\">Preguntas frecuentes de donantes<span>&#039;<\/span>s<\/span><\/a><\/li><li class=\"wp-block-navigation-item wp-block-navigation-link\"><a class=\"wp-block-navigation-item__content\"  href=\"https:\/\/findfoodbank.org\/es\/shoptogive\/\"><span class=\"wp-block-navigation-item__label\">Comprar para regalar<\/span><\/a><\/li><li class=\"wp-block-navigation-item wp-block-navigation-link\"><a class=\"wp-block-navigation-item__content\"  href=\"https:\/\/findfoodbank.org\/es\/giving-society\/\"><span class=\"wp-block-navigation-item__label\">Dando sociedad<\/span><\/a><\/li><\/ul><\/nav>\n<\/div><\/div>\n\n<div class=\"gb-grid-column gb-grid-column-1857f41a\"><div class=\"gb-container gb-container-1857f41a\">\n\n<h5 class=\"gb-headline gb-headline-ee373b68 gb-headline-text\">Donaciones anuales<\/h5>\n\n\n\n<p>FIND Food Bank makes a daily impact in the fight to end hunger through our network of 175 distribution sites, which includes FIND Mobile Markets, and nearly 100 non-profit community partners, all based within our 10,000-square mile area. Designate a personalized annual gift amount by setting up automatic payments annually, quarterly, or monthly through our online donation portal, or contact the Development Department at <a data-feathr-click-track=\"true\" href=\"tel:7607753663\"><strong>760-775-3663 extensi\u00f3n 125<\/strong><\/a>. Members may also designate their contribution from Donor Designated Funds.<\/p>\n\n<\/div><\/div>\n<\/div>\n<\/div>\n<\/div>\n\n<div class=\"gb-container gb-container-7f4da5d9 alignfull\">\n<div class=\"gb-grid-wrapper gb-grid-wrapper-c6163353\">\n<div class=\"gb-grid-column gb-grid-column-d14b0bb5\"><div class=\"gb-container gb-container-d14b0bb5\">\n\n<h1 class=\"gb-headline gb-headline-b6bbf5ab gb-headline-text\">Compromiso para acabar con el hambre<\/h1>\n\n\n\n<p>\u00danase a los inversionistas m\u00e1s interesados en la comunidad de FIND y comprom\u00e9tase a convertirse en miembro de Giving Society.<\/p>\n\n\n<div class=\"gb-container gb-container-6e349ade\">\n\n<a class=\"gb-button gb-button-2fdbd17c\" href=\"https:\/\/findfoodbank.org\/es\/giving-society\/\"><span class=\"gb-icon\"><svg aria-hidden=\"true\" role=\"img\" height=\"1em\" width=\"1em\" viewbox=\"0 0 256 512\" xmlns=\"http:\/\/www.w3.org\/2000\/svg\"><path fill=\"currentColor\" d=\"M224.3 273l-136 136c-9.4 9.4-24.6 9.4-33.9 0l-22.6-22.6c-9.4-9.4-9.4-24.6 0-33.9l96.4-96.4-96.4-96.4c-9.4-9.4-9.4-24.6 0-33.9L54.3 103c9.4-9.4 24.6-9.4 33.9 0l136 136c9.5 9.4 9.5 24.6.1 34z\"><\/path><\/svg><\/span><span class=\"gb-button-text\">\u00danase a la Giving Society<\/span><\/a>\n\n<\/div>\n<\/div><\/div>\n\n<div class=\"gb-grid-column gb-grid-column-b405e4fe\"><div class=\"gb-container gb-container-b405e4fe\"><\/div><\/div>\n<\/div>\n<\/div>\n\n\n<p><\/p>","protected":false},"excerpt":{"rendered":"","protected":false},"author":15,"featured_media":1570,"parent":1515,"menu_order":0,"comment_status":"closed","ping_status":"closed","template":"","meta":{"_monsterinsights_skip_tracking":false,"_monsterinsights_sitenote_active":false,"_monsterinsights_sitenote_note":"","_monsterinsights_sitenote_category":0,"_price":"","_stock":"","_tribe_ticket_header":"","_tribe_default_ticket_provider":"","_tribe_ticket_capacity":"0","_ticket_start_date":"","_ticket_end_date":"","_tribe_ticket_show_description":"","_tribe_ticket_show_not_going":false,"_tribe_ticket_use_global_stock":"","_tribe_ticket_global_stock_level":"","_global_stock_mode":"","_global_stock_cap":"","_tribe_rsvp_for_event":"","_tribe_ticket_going_count":"","_tribe_ticket_not_going_count":"","_tribe_tickets_list":"[]","_tribe_ticket_has_attendee_info_fields":false,"footnotes":"","_tec_slr_enabled":"","_tec_slr_layout":""},"class_list":["post-1521","page","type-page","status-publish","has-post-thumbnail","resize-featured-image"],"yoast_head":"<!-- This site is optimized with the Yoast SEO plugin v27.3 - https:\/\/yoast.com\/product\/yoast-seo-wordpress\/ -->\n<title>Annual Giving Food Drive, FIND Food Bank, Annual Food Drive<\/title>\n<meta name=\"description\" content=\"FIND Food Bank makes a daily impact in the fight to end hunger through our network of 150 distribution sites, which includes FIND Mobile Markets.\" \/>\n<meta name=\"robots\" content=\"index, follow, max-snippet:-1, max-image-preview:large, max-video-preview:-1\" \/>\n<link rel=\"canonical\" href=\"https:\/\/findfoodbank.org\/es\/get-involved\/financial-support\/annual-giving\/\" \/>\n<meta property=\"og:locale\" content=\"es_MX\" \/>\n<meta property=\"og:type\" content=\"article\" \/>\n<meta property=\"og:title\" content=\"Annual Giving Food Drive, FIND Food Bank, Annual Food Drive\" \/>\n<meta property=\"og:description\" content=\"FIND Food Bank makes a daily impact in the fight to end hunger through our network of 150 distribution sites, which includes FIND Mobile Markets.\" \/>\n<meta property=\"og:url\" content=\"https:\/\/findfoodbank.org\/es\/get-involved\/financial-support\/annual-giving\/\" \/>\n<meta property=\"og:site_name\" content=\"FIND Food Bank\" \/>\n<meta property=\"article:modified_time\" content=\"2025-03-11T18:13:46+00:00\" \/>\n<meta property=\"og:image\" content=\"https:\/\/findfoodbank.org\/wp-content\/uploads\/2021\/06\/Hero_annual_giving.jpg\" \/>\n\t<meta property=\"og:image:width\" content=\"1600\" \/>\n\t<meta property=\"og:image:height\" content=\"447\" \/>\n\t<meta property=\"og:image:type\" content=\"image\/jpeg\" \/>\n<meta name=\"twitter:card\" content=\"summary_large_image\" \/>\n<meta name=\"twitter:label1\" content=\"Tiempo de lectura\" \/>\n\t<meta name=\"twitter:data1\" content=\"1 minuto\" \/>\n<script type=\"application\/ld+json\" class=\"yoast-schema-graph\">{\"@context\":\"https:\\\/\\\/schema.org\",\"@graph\":[{\"@type\":\"WebPage\",\"@id\":\"https:\\\/\\\/findfoodbank.org\\\/get-involved\\\/financial-support\\\/annual-giving\\\/\",\"url\":\"https:\\\/\\\/findfoodbank.org\\\/get-involved\\\/financial-support\\\/annual-giving\\\/\",\"name\":\"Annual Giving Food Drive, FIND Food Bank, Annual Food Drive\",\"isPartOf\":{\"@id\":\"https:\\\/\\\/findfoodbank.org\\\/#website\"},\"primaryImageOfPage\":{\"@id\":\"https:\\\/\\\/findfoodbank.org\\\/get-involved\\\/financial-support\\\/annual-giving\\\/#primaryimage\"},\"image\":{\"@id\":\"https:\\\/\\\/findfoodbank.org\\\/get-involved\\\/financial-support\\\/annual-giving\\\/#primaryimage\"},\"thumbnailUrl\":\"https:\\\/\\\/findfoodbank.org\\\/wp-content\\\/uploads\\\/2021\\\/06\\\/Hero_annual_giving.jpg\",\"datePublished\":\"2021-06-08T23:16:40+00:00\",\"dateModified\":\"2025-03-11T18:13:46+00:00\",\"description\":\"FIND Food Bank makes a daily impact in the fight to end hunger through our network of 150 distribution sites, which includes FIND Mobile Markets.\",\"breadcrumb\":{\"@id\":\"https:\\\/\\\/findfoodbank.org\\\/get-involved\\\/financial-support\\\/annual-giving\\\/#breadcrumb\"},\"inLanguage\":\"es\",\"potentialAction\":[{\"@type\":\"ReadAction\",\"target\":[\"https:\\\/\\\/findfoodbank.org\\\/get-involved\\\/financial-support\\\/annual-giving\\\/\"]}]},{\"@type\":\"ImageObject\",\"inLanguage\":\"es\",\"@id\":\"https:\\\/\\\/findfoodbank.org\\\/get-involved\\\/financial-support\\\/annual-giving\\\/#primaryimage\",\"url\":\"https:\\\/\\\/findfoodbank.org\\\/wp-content\\\/uploads\\\/2021\\\/06\\\/Hero_annual_giving.jpg\",\"contentUrl\":\"https:\\\/\\\/findfoodbank.org\\\/wp-content\\\/uploads\\\/2021\\\/06\\\/Hero_annual_giving.jpg\",\"width\":1600,\"height\":447,\"caption\":\"Hero annual giving\"},{\"@type\":\"BreadcrumbList\",\"@id\":\"https:\\\/\\\/findfoodbank.org\\\/get-involved\\\/financial-support\\\/annual-giving\\\/#breadcrumb\",\"itemListElement\":[{\"@type\":\"ListItem\",\"position\":1,\"name\":\"Home\",\"item\":\"https:\\\/\\\/findfoodbank.org\\\/\"},{\"@type\":\"ListItem\",\"position\":2,\"name\":\"Get Involved\",\"item\":\"https:\\\/\\\/findfoodbank.org\\\/get-involved\\\/\"},{\"@type\":\"ListItem\",\"position\":3,\"name\":\"Financial Support\",\"item\":\"https:\\\/\\\/findfoodbank.org\\\/get-involved\\\/financial-support\\\/\"},{\"@type\":\"ListItem\",\"position\":4,\"name\":\"Annual Giving\"}]},{\"@type\":\"WebSite\",\"@id\":\"https:\\\/\\\/findfoodbank.org\\\/#website\",\"url\":\"https:\\\/\\\/findfoodbank.org\\\/\",\"name\":\"FIND Food Bank\",\"description\":\"The Desert's Regional Food Bank\",\"publisher\":{\"@id\":\"https:\\\/\\\/findfoodbank.org\\\/#organization\"},\"potentialAction\":[{\"@type\":\"SearchAction\",\"target\":{\"@type\":\"EntryPoint\",\"urlTemplate\":\"https:\\\/\\\/findfoodbank.org\\\/?s={search_term_string}\"},\"query-input\":{\"@type\":\"PropertyValueSpecification\",\"valueRequired\":true,\"valueName\":\"search_term_string\"}}],\"inLanguage\":\"es\"},{\"@type\":\"Organization\",\"@id\":\"https:\\\/\\\/findfoodbank.org\\\/#organization\",\"name\":\"FIND Food Bank\",\"url\":\"https:\\\/\\\/findfoodbank.org\\\/\",\"logo\":{\"@type\":\"ImageObject\",\"inLanguage\":\"es\",\"@id\":\"https:\\\/\\\/findfoodbank.org\\\/#\\\/schema\\\/logo\\\/image\\\/\",\"url\":\"https:\\\/\\\/findfoodbank.org\\\/wp-content\\\/uploads\\\/2025\\\/09\\\/FIND-logo25-horizontal_4c.png\",\"contentUrl\":\"https:\\\/\\\/findfoodbank.org\\\/wp-content\\\/uploads\\\/2025\\\/09\\\/FIND-logo25-horizontal_4c.png\",\"width\":1189,\"height\":373,\"caption\":\"FIND Food Bank\"},\"image\":{\"@id\":\"https:\\\/\\\/findfoodbank.org\\\/#\\\/schema\\\/logo\\\/image\\\/\"}}]}<\/script>\n<!-- \/ Yoast SEO plugin. -->","yoast_head_json":{"title":"Annual Giving Food Drive, FIND Food Bank, Annual Food Drive","description":"FIND Food Bank makes a daily impact in the fight to end hunger through our network of 150 distribution sites, which includes FIND Mobile Markets.","robots":{"index":"index","follow":"follow","max-snippet":"max-snippet:-1","max-image-preview":"max-image-preview:large","max-video-preview":"max-video-preview:-1"},"canonical":"https:\/\/findfoodbank.org\/es\/get-involved\/financial-support\/annual-giving\/","og_locale":"es_MX","og_type":"article","og_title":"Annual Giving Food Drive, FIND Food Bank, Annual Food Drive","og_description":"FIND Food Bank makes a daily impact in the fight to end hunger through our network of 150 distribution sites, which includes FIND Mobile Markets.","og_url":"https:\/\/findfoodbank.org\/es\/get-involved\/financial-support\/annual-giving\/","og_site_name":"FIND Food Bank","article_modified_time":"2025-03-11T18:13:46+00:00","og_image":[{"width":1600,"height":447,"url":"https:\/\/findfoodbank.org\/wp-content\/uploads\/2021\/06\/Hero_annual_giving.jpg","type":"image\/jpeg"}],"twitter_card":"summary_large_image","twitter_misc":{"Tiempo de lectura":"1 minuto"},"schema":{"@context":"https:\/\/schema.org","@graph":[{"@type":"WebPage","@id":"https:\/\/findfoodbank.org\/get-involved\/financial-support\/annual-giving\/","url":"https:\/\/findfoodbank.org\/get-involved\/financial-support\/annual-giving\/","name":"Annual Giving Food Drive, FIND Food Bank, Annual Food Drive","isPartOf":{"@id":"https:\/\/findfoodbank.org\/#website"},"primaryImageOfPage":{"@id":"https:\/\/findfoodbank.org\/get-involved\/financial-support\/annual-giving\/#primaryimage"},"image":{"@id":"https:\/\/findfoodbank.org\/get-involved\/financial-support\/annual-giving\/#primaryimage"},"thumbnailUrl":"https:\/\/findfoodbank.org\/wp-content\/uploads\/2021\/06\/Hero_annual_giving.jpg","datePublished":"2021-06-08T23:16:40+00:00","dateModified":"2025-03-11T18:13:46+00:00","description":"FIND Food Bank makes a daily impact in the fight to end hunger through our network of 150 distribution sites, which includes FIND Mobile Markets.","breadcrumb":{"@id":"https:\/\/findfoodbank.org\/get-involved\/financial-support\/annual-giving\/#breadcrumb"},"inLanguage":"es","potentialAction":[{"@type":"ReadAction","target":["https:\/\/findfoodbank.org\/get-involved\/financial-support\/annual-giving\/"]}]},{"@type":"ImageObject","inLanguage":"es","@id":"https:\/\/findfoodbank.org\/get-involved\/financial-support\/annual-giving\/#primaryimage","url":"https:\/\/findfoodbank.org\/wp-content\/uploads\/2021\/06\/Hero_annual_giving.jpg","contentUrl":"https:\/\/findfoodbank.org\/wp-content\/uploads\/2021\/06\/Hero_annual_giving.jpg","width":1600,"height":447,"caption":"Hero annual giving"},{"@type":"BreadcrumbList","@id":"https:\/\/findfoodbank.org\/get-involved\/financial-support\/annual-giving\/#breadcrumb","itemListElement":[{"@type":"ListItem","position":1,"name":"Home","item":"https:\/\/findfoodbank.org\/"},{"@type":"ListItem","position":2,"name":"Get Involved","item":"https:\/\/findfoodbank.org\/get-involved\/"},{"@type":"ListItem","position":3,"name":"Financial Support","item":"https:\/\/findfoodbank.org\/get-involved\/financial-support\/"},{"@type":"ListItem","position":4,"name":"Annual Giving"}]},{"@type":"WebSite","@id":"https:\/\/findfoodbank.org\/#website","url":"https:\/\/findfoodbank.org\/","name":"ENCONTRAR Banco de Alimentos","description":"El banco regional de alimentos del desierto","publisher":{"@id":"https:\/\/findfoodbank.org\/#organization"},"potentialAction":[{"@type":"SearchAction","target":{"@type":"EntryPoint","urlTemplate":"https:\/\/findfoodbank.org\/?s={search_term_string}"},"query-input":{"@type":"PropertyValueSpecification","valueRequired":true,"valueName":"search_term_string"}}],"inLanguage":"es"},{"@type":"Organization","@id":"https:\/\/findfoodbank.org\/#organization","name":"ENCONTRAR Banco de Alimentos","url":"https:\/\/findfoodbank.org\/","logo":{"@type":"ImageObject","inLanguage":"es","@id":"https:\/\/findfoodbank.org\/#\/schema\/logo\/image\/","url":"https:\/\/findfoodbank.org\/wp-content\/uploads\/2025\/09\/FIND-logo25-horizontal_4c.png","contentUrl":"https:\/\/findfoodbank.org\/wp-content\/uploads\/2025\/09\/FIND-logo25-horizontal_4c.png","width":1189,"height":373,"caption":"FIND Food Bank"},"image":{"@id":"https:\/\/findfoodbank.org\/#\/schema\/logo\/image\/"}}]}},"ticketed":false,"_links":{"self":[{"href":"https:\/\/findfoodbank.org\/es\/wp-json\/wp\/v2\/pages\/1521","targetHints":{"allow":["GET"]}}],"collection":[{"href":"https:\/\/findfoodbank.org\/es\/wp-json\/wp\/v2\/pages"}],"about":[{"href":"https:\/\/findfoodbank.org\/es\/wp-json\/wp\/v2\/types\/page"}],"author":[{"embeddable":true,"href":"https:\/\/findfoodbank.org\/es\/wp-json\/wp\/v2\/users\/15"}],"replies":[{"embeddable":true,"href":"https:\/\/findfoodbank.org\/es\/wp-json\/wp\/v2\/comments?post=1521"}],"version-history":[{"count":16,"href":"https:\/\/findfoodbank.org\/es\/wp-json\/wp\/v2\/pages\/1521\/revisions"}],"predecessor-version":[{"id":15546,"href":"https:\/\/findfoodbank.org\/es\/wp-json\/wp\/v2\/pages\/1521\/revisions\/15546"}],"up":[{"embeddable":true,"href":"https:\/\/findfoodbank.org\/es\/wp-json\/wp\/v2\/pages\/1515"}],"wp:featuredmedia":[{"embeddable":true,"href":"https:\/\/findfoodbank.org\/es\/wp-json\/wp\/v2\/media\/1570"}],"wp:attachment":[{"href":"https:\/\/findfoodbank.org\/es\/wp-json\/wp\/v2\/media?parent=1521"}],"curies":[{"name":"wp","href":"https:\/\/api.w.org\/{rel}","templated":true}]}}