{"id":1466,"date":"2021-06-05T20:49:15","date_gmt":"2021-06-05T20:49:15","guid":{"rendered":"http:\/\/findfoodbank.flywheelsites.com\/?page_id=1466"},"modified":"2025-12-30T14:12:36","modified_gmt":"2025-12-30T22:12:36","slug":"nutrition","status":"publish","type":"page","link":"https:\/\/findfoodbank.org\/es\/programs-services\/nutrition\/","title":{"rendered":"Nutrici\u00f3n"},"content":{"rendered":"<div class=\"gb-container gb-container-2a2a482c alignfull\">\n<div class=\"gb-container gb-container-1d41165f\">\n<div class=\"gb-grid-wrapper gb-grid-wrapper-5ef8ce6c\">\n<div class=\"gb-grid-column gb-grid-column-19108800\"><div class=\"gb-container gb-container-19108800\">\n<nav class=\"is-responsive  is-vertical wp-block-navigation is-layout-flex wp-container-core-navigation-is-layout-8cf370e7 wp-block-navigation-is-layout-flex\" aria-label=\"Programs &amp; Services\" \n\t\t data-wp-interactive=\"core\/navigation\" data-wp-context='{\"overlayOpenedBy\":{\"click\":false,\"hover\":false,\"focus\":false},\"type\":\"overlay\",\"roleAttribute\":\"\",\"ariaLabel\":\"Men\\u00fa\"}'><button aria-haspopup=\"dialog\" aria-label=\"Abrir el men\u00fa\" class=\"wp-block-navigation__responsive-container-open\" \n\t\t\t\tdata-wp-on--click=\"actions.openMenuOnClick\"\n\t\t\t\tdata-wp-on--keydown=\"actions.handleMenuKeydown\"\n\t\t\t><svg width=\"24\" height=\"24\" xmlns=\"http:\/\/www.w3.org\/2000\/svg\" viewbox=\"0 0 24 24\" aria-hidden=\"true\" focusable=\"false\"><path d=\"M4 7.5h16v1.5H4z\"><\/path><path d=\"M4 15h16v1.5H4z\"><\/path><\/svg><\/button>\n\t\t\t\t<div class=\"wp-block-navigation__responsive-container\"  id=\"modal-1\" \n\t\t\t\tdata-wp-class--has-modal-open=\"state.isMenuOpen\"\n\t\t\t\tdata-wp-class--is-menu-open=\"state.isMenuOpen\"\n\t\t\t\tdata-wp-watch=\"callbacks.initMenu\"\n\t\t\t\tdata-wp-on--keydown=\"actions.handleMenuKeydown\"\n\t\t\t\tdata-wp-on--focusout=\"actions.handleMenuFocusout\"\n\t\t\t\ttabindex=\"-1\"\n\t\t\t>\n\t\t\t\t\t<div class=\"wp-block-navigation__responsive-close\" tabindex=\"-1\">\n\t\t\t\t\t\t<div class=\"wp-block-navigation__responsive-dialog\" \n\t\t\t\tdata-wp-bind--aria-modal=\"state.ariaModal\"\n\t\t\t\tdata-wp-bind--aria-label=\"state.ariaLabel\"\n\t\t\t\tdata-wp-bind--role=\"state.roleAttribute\"\n\t\t\t>\n\t\t\t\t\t\t\t<button aria-label=\"Cerrar el men\u00fa\" class=\"wp-block-navigation__responsive-container-close\" \n\t\t\t\tdata-wp-on--click=\"actions.closeMenuOnClick\"\n\t\t\t><svg xmlns=\"http:\/\/www.w3.org\/2000\/svg\" viewbox=\"0 0 24 24\" width=\"24\" height=\"24\" aria-hidden=\"true\" focusable=\"false\"><path d=\"m13.06 12 6.47-6.47-1.06-1.06L12 10.94 5.53 4.47 4.47 5.53 10.94 12l-6.47 6.47 1.06 1.06L12 13.06l6.47 6.47 1.06-1.06L13.06 12Z\"><\/path><\/svg><\/button>\n\t\t\t\t\t\t\t<div class=\"wp-block-navigation__responsive-container-content\" \n\t\t\t\tdata-wp-watch=\"callbacks.focusFirstElement\"\n\t\t\t id=\"modal-1-content\">\n\t\t\t\t\t\t\t\t<ul class=\"wp-block-navigation__container is-responsive  is-vertical wp-block-navigation\"><li class=\"wp-block-navigation-item wp-block-navigation-link\"><a class=\"wp-block-navigation-item__content\"  href=\"https:\/\/findfoodbank.org\/es\/programs-services\/community-agencies-mobile-markets\/\"><span class=\"wp-block-navigation-item__label\">Agencias y mercados m\u00f3viles<\/span><\/a><\/li><li class=\"wp-block-navigation-item wp-block-navigation-link\"><a class=\"wp-block-navigation-item__content\"  href=\"https:\/\/findfoodbank.org\/es\/csfp\/\"><span class=\"wp-block-navigation-item__label\">Programa de alimentaci\u00f3n para personas mayores<\/span><\/a><\/li><li class=\"wp-block-navigation-item wp-block-navigation-link\"><a class=\"wp-block-navigation-item__content\"  href=\"https:\/\/findfoodbank.org\/es\/outreach-services\/\"><span class=\"wp-block-navigation-item__label\">Servicios de extensi\u00f3n<\/span><\/a><\/li><li class=\"wp-block-navigation-item wp-block-navigation-link\"><a class=\"wp-block-navigation-item__content\"  href=\"https:\/\/findfoodbank.org\/es\/programs-services\/childrens-school-based-programs\/\"><span class=\"wp-block-navigation-item__label\">Children &amp; School-Based Programs<\/span><\/a><\/li><li class=\"wp-block-navigation-item wp-block-navigation-link\"><a class=\"wp-block-navigation-item__content\"  href=\"https:\/\/findfoodbank.org\/es\/programs-services\/childrens-school-based-programs\/summer\/\"><span class=\"wp-block-navigation-item__label\">Kids Summer Market<\/span><\/a><\/li><li class=\"wp-block-navigation-item wp-block-navigation-link\"><a class=\"wp-block-navigation-item__content\"  href=\"https:\/\/findfoodbank.org\/es\/opportunity-bank-activity-fee-scholarship\/\"><span class=\"wp-block-navigation-item__label\">Opportunity Bank <\/span><\/a><\/li><li class=\"wp-block-navigation-item wp-block-navigation-link\"><a class=\"wp-block-navigation-item__content\"  href=\"https:\/\/findfoodbank.org\/es\/fyac\/\"><span class=\"wp-block-navigation-item__label\">FYAC<\/span><\/a><\/li><li class=\"wp-block-navigation-item wp-block-navigation-link\"><a class=\"wp-block-navigation-item__content\"  href=\"https:\/\/findfoodbank.org\/es\/disaster-relief\/\"><span class=\"wp-block-navigation-item__label\">Disaster Relief<\/span><\/a><\/li><li class=\"wp-block-navigation-item wp-block-navigation-link\"><a class=\"wp-block-navigation-item__content\"  href=\"https:\/\/findfoodbank.org\/es\/foodrescue\/\"><span class=\"wp-block-navigation-item__label\">Food Rescue <\/span><\/a><\/li><li class=\"wp-block-navigation-item wp-block-navigation-link\"><a class=\"wp-block-navigation-item__content\"  href=\"https:\/\/findfoodbank.org\/es\/programs-services\/nutrition\/\"><span class=\"wp-block-navigation-item__label\">Nutrici\u00f3n<\/span><\/a><\/li><li class=\"wp-block-navigation-item wp-block-navigation-link\"><a class=\"wp-block-navigation-item__content\"  href=\"https:\/\/findfoodbank.org\/es\/programs-services\/calfresh\/\"><span class=\"wp-block-navigation-item__label\">Calfresh Benefits<\/span><\/a><\/li><li class=\"wp-block-navigation-item wp-block-navigation-link\"><a class=\"wp-block-navigation-item__content\"  href=\"https:\/\/findfoodbank.org\/es\/programs-services\/community-health-workers\/\"><span class=\"wp-block-navigation-item__label\">Trabajadores de salud comunitarios<\/span><\/a><\/li><\/ul>\n\t\t\t\t\t\t\t<\/div>\n\t\t\t\t\t\t<\/div>\n\t\t\t\t\t<\/div>\n\t\t\t\t<\/div><\/nav>\n<\/div><\/div>\n\n<div class=\"gb-grid-column gb-grid-column-03a7f796\"><div class=\"gb-container gb-container-03a7f796\">\n\n<h4 class=\"gb-headline gb-headline-f9c754d6 gb-headline-text\">FIND Food Bank\u2019s food distributions are<\/h4>\n\n\n\n<h1 class=\"gb-headline gb-headline-e5007a98 gb-headline-text\"><strong>40-50% Fresh Produce<\/strong><\/h1>\n\n\n\n<p>\u00a1Mantener un estilo de vida saludable comienza con un plato colorido y algo de ejercicio! La pol\u00edtica de nutrici\u00f3n de FIND se centra en cinco grupos de alimentos clave para adquirir y distribuir alimentos a nuestra red. Nuestra distribuci\u00f3n equitativa de frutas frescas, verduras, prote\u00ednas, productos l\u00e1cteos y cereales integrales se alinea con las recomendaciones de MyPlate del USDA para una dieta nutritiva y equilibrada.<\/p>\n\n\n\n<p><a href=\"https:\/\/hungerandhealth.feedingamerica.org\/healthy-recipes\/\" target=\"_blank\" rel=\"noreferrer noopener\">Feeding America Hunger + Health: Recetas saludables<\/a><\/p>\n\n<\/div><\/div>\n<\/div>\n<\/div>\n\n<div class=\"gb-container gb-container-5d695e4a\">\n\n<h5 class=\"gb-headline gb-headline-4f441e3a gb-headline-text\">Fighting Diabetes in Adults Facing Hunger<\/h5>\n\n\n<div class=\"gb-grid-wrapper gb-grid-wrapper-3dcf3e18\">\n<div class=\"gb-grid-column gb-grid-column-7635541c\"><div class=\"gb-container gb-container-7635541c\">\n\n<figure class=\"wp-block-embed is-type-video is-provider-youtube wp-block-embed-youtube wp-embed-aspect-16-9 wp-has-aspect-ratio\"><div class=\"wp-block-embed__wrapper\">\n<iframe loading=\"lazy\" title=\"Guerillmina cocinaron los huevos rancheros\" width=\"1200\" height=\"675\" src=\"https:\/\/www.youtube.com\/embed\/iZnpD_Zy7hw?feature=oembed\" frameborder=\"0\" allow=\"accelerometer; autoplay; clipboard-write; encrypted-media; gyroscope; picture-in-picture; web-share\" referrerpolicy=\"strict-origin-when-cross-origin\" allowfullscreen><\/iframe>\n<\/div><\/figure>\n\n<\/div><\/div>\n\n<div class=\"gb-grid-column gb-grid-column-c8cc7261\"><div class=\"gb-container gb-container-c8cc7261\">\n\n<figure class=\"wp-block-embed is-type-video is-provider-youtube wp-block-embed-youtube wp-embed-aspect-16-9 wp-has-aspect-ratio\"><div class=\"wp-block-embed__wrapper\">\n<iframe loading=\"lazy\" title=\"Mina y Cesar demostraci\u00f3n de cocina\" width=\"1200\" height=\"675\" src=\"https:\/\/www.youtube.com\/embed\/tUFZpYbohQs?feature=oembed\" frameborder=\"0\" allow=\"accelerometer; autoplay; clipboard-write; encrypted-media; gyroscope; picture-in-picture; web-share\" referrerpolicy=\"strict-origin-when-cross-origin\" allowfullscreen><\/iframe>\n<\/div><\/figure>\n\n<\/div><\/div>\n<\/div>\n\n\n<h2 class=\"gb-headline gb-headline-76be3d9f gb-headline-text\">Watch more Ancestral Recipe videos on <strong><a href=\"https:\/\/www.youtube.com\/user\/FINDFoodBank\/videos?view=0&amp;sort=dd&amp;shelf_id=0\" target=\"_blank\" rel=\"noreferrer noopener\">FIND\u2019s YouTube Channel<\/a><\/strong><\/h2>\n\n<\/div>\n\n<div class=\"gb-container gb-container-a68cf7f4\">\n\n<p class=\"has-text-align-left\">The Patient-Centered Outcomes Research Institute (PCORI) grant funded a partnership between the patient communities in the eastern Coachella Valley, the University of California Riverside, FIND Food Bank, and the University of California Los Angeles. Utilizing the food items FIND distributes to the community and USDA\u2019s MyPlate, the recipes are tailored to ensure ingredients are available and affordable to the patient community in the eastern Coachella Valley. Community members contributed their own family recipes and chose the theme \u201cAncestral Recipes: From My Grandma\u2019s Kitchen to Yours.\u201d<\/p>\n\n\n\n<h5 class=\"gb-headline gb-headline-7e1eb401 gb-headline-text\">Ancestral Recipes CookbookS<\/h5>\n\n\n<div class=\"gb-container gb-container-15d71124\">\n\n<a class=\"gb-button gb-button-7a78c840 gb-button-text hardshadow\" href=\"https:\/\/findfoodbank.org\/wp-content\/uploads\/2021\/09\/English-Ancestral-Recipe-Cookbook.pdf\" target=\"_blank\" rel=\"noopener noreferrer\">Libro de recetas de recetas ancestrales en ingl\u00e9s<\/a>\n\n\n\n<a class=\"gb-button gb-button-da80b0f8 gb-button-text hardshadow\" href=\"https:\/\/findfoodbank.org\/wp-content\/uploads\/2022\/06\/Recetas-Ancestrales-en-Espanola.pdf\" target=\"_blank\" rel=\"noopener noreferrer\">Recetas Ancestrales en Espa\u00f1ola<\/a>\n\n\n\n<a class=\"gb-button gb-button-627e9671 gb-button-text hardshadow\" href=\"https:\/\/findfoodbank.org\/wp-content\/uploads\/2022\/06\/Recetas-Ancestrales-Pure%CC%81pecha.pdf\" target=\"_blank\" rel=\"noopener noreferrer\">Recetas Ancestrales Pure\u0301pecha<\/a>\n\n<\/div>\n\n\n<h1 class=\"gb-headline gb-headline-723e7160 gb-headline-text\"><strong>Foco en la salud y la nutrici\u00f3n infantil<\/strong><\/h1>\n\n\n\n<p><strong>Childhood food insecurity caused by inadequate access to healthy food has increased the prevalence of chronic health conditions.<\/strong><\/p>\n\n\n\n<p><strong>Children who don\u2019t have enough to eat are more likely to face poverty as an adult, developmental issues, mental health problems, and chronic diseases such as diabetes, obesity, and heart conditions.<\/strong><\/p>\n\n\n\n<a class=\"gb-button gb-button-2ac0d3b2\" href=\"https:\/\/hungerandhealth.feedingamerica.org\/wp-content\/uploads\/2021\/09\/FA_HealthEQ_Closer-Look_AHG_final_updated-stats.10132021.pdf\" target=\"_blank\" rel=\"noopener noreferrer\"><span class=\"gb-icon\"><svg aria-hidden=\"true\" role=\"img\" height=\"1em\" width=\"1em\" viewbox=\"0 0 256 512\" xmlns=\"http:\/\/www.w3.org\/2000\/svg\"><path fill=\"currentColor\" d=\"M224.3 273l-136 136c-9.4 9.4-24.6 9.4-33.9 0l-22.6-22.6c-9.4-9.4-9.4-24.6 0-33.9l96.4-96.4-96.4-96.4c-9.4-9.4-9.4-24.6 0-33.9L54.3 103c9.4-9.4 24.6-9.4 33.9 0l136 136c9.5 9.4 9.5 24.6.1 34z\"><\/path><\/svg><\/span><span class=\"gb-button-text\">Learn more<\/span><\/a>\n\n\n<div class=\"gb-container gb-container-98d9ff02\">\n\n<h1 class=\"wp-block-heading has-text-align-center has-base-3-color has-text-color\">El hambre da\u00f1a nuestra salud<\/h1>\n\n\n\n<p>For example, for food-insecure adults&nbsp;living with diabetes, the choice between food and controlling the disease can even lead to complications like kidney disease, eye disease, and nerve damage.<\/p>\n\n\n\n<ul class=\"wp-block-list\">\n<li>La inseguridad alimentaria puede provocar diabetes tipo 2, hipertensi\u00f3n arterial, enfermedades card\u00edacas y obesidad.<\/li>\n\n\n\n<li><strong>58%<\/strong> de los hogares atendidos por la red nacional de Feeding America tienen un miembro con presi\u00f3n arterial alta y <strong>m\u00e1s de un tercio <\/strong>tiene un miembro con diabetes.<\/li>\n\n\n\n<li>Los ni\u00f1os en riesgo de pasar hambre tienen m\u00e1s probabilidades de tener mala salud y tener problemas en la escuela.<\/li>\n<\/ul>\n\n<\/div>\n<\/div>\n<\/div>","protected":false},"excerpt":{"rendered":"<p> &#8230; <a title=\"Nutrici\u00f3n\" class=\"read-more\" href=\"https:\/\/findfoodbank.org\/es\/programs-services\/nutrition\/\" aria-label=\"Leer m\u00e1s sobre Nutrition\">Read more<\/a><\/p>","protected":false},"author":15,"featured_media":2101,"parent":1167,"menu_order":0,"comment_status":"closed","ping_status":"closed","template":"","meta":{"_monsterinsights_skip_tracking":false,"_monsterinsights_sitenote_active":false,"_monsterinsights_sitenote_note":"","_monsterinsights_sitenote_category":0,"_price":"","_stock":"","_tribe_ticket_header":"","_tribe_default_ticket_provider":"","_tribe_ticket_capacity":"0","_ticket_start_date":"","_ticket_end_date":"","_tribe_ticket_show_description":"","_tribe_ticket_show_not_going":false,"_tribe_ticket_use_global_stock":"","_tribe_ticket_global_stock_level":"","_global_stock_mode":"","_global_stock_cap":"","_tribe_rsvp_for_event":"","_tribe_ticket_going_count":"","_tribe_ticket_not_going_count":"","_tribe_tickets_list":"[]","_tribe_ticket_has_attendee_info_fields":false,"footnotes":"","_tec_slr_enabled":"","_tec_slr_layout":""},"class_list":["post-1466","page","type-page","status-publish","has-post-thumbnail","resize-featured-image"],"yoast_head":"<!-- This site is optimized with the Yoast SEO plugin v27.4 - https:\/\/yoast.com\/product\/yoast-seo-wordpress\/ -->\n<title>Nutrition Food Distribution, FIND Food Bank, Food Drive<\/title>\n<meta name=\"description\" content=\"FIND Food Bank\u2019s food distributions are 40-50% Fresh Produce. Maintaining a healthy lifestyle starts with a colorful plate and some exercise!\" \/>\n<meta name=\"robots\" content=\"index, follow, max-snippet:-1, max-image-preview:large, max-video-preview:-1\" \/>\n<link rel=\"canonical\" href=\"https:\/\/findfoodbank.org\/es\/programs-services\/nutrition\/\" \/>\n<meta property=\"og:locale\" content=\"es_MX\" \/>\n<meta property=\"og:type\" content=\"article\" \/>\n<meta property=\"og:title\" content=\"Nutrition Food Distribution, FIND Food Bank, Food Drive\" \/>\n<meta property=\"og:description\" content=\"FIND Food Bank\u2019s food distributions are 40-50% Fresh Produce. Maintaining a healthy lifestyle starts with a colorful plate and some exercise!\" \/>\n<meta property=\"og:url\" content=\"https:\/\/findfoodbank.org\/es\/programs-services\/nutrition\/\" \/>\n<meta property=\"og:site_name\" content=\"FIND Food Bank\" \/>\n<meta property=\"article:modified_time\" content=\"2025-12-30T22:12:36+00:00\" \/>\n<meta property=\"og:image\" content=\"https:\/\/findfoodbank.org\/wp-content\/uploads\/2021\/06\/Hero_DHCD.jpg\" \/>\n\t<meta property=\"og:image:width\" content=\"1600\" \/>\n\t<meta property=\"og:image:height\" content=\"447\" \/>\n\t<meta property=\"og:image:type\" content=\"image\/jpeg\" \/>\n<meta name=\"twitter:card\" content=\"summary_large_image\" \/>\n<meta name=\"twitter:label1\" content=\"Tiempo de lectura\" \/>\n\t<meta name=\"twitter:data1\" content=\"2 minutos\" \/>\n<script type=\"application\/ld+json\" class=\"yoast-schema-graph\">{\"@context\":\"https:\\\/\\\/schema.org\",\"@graph\":[{\"@type\":\"WebPage\",\"@id\":\"https:\\\/\\\/findfoodbank.org\\\/programs-services\\\/nutrition\\\/\",\"url\":\"https:\\\/\\\/findfoodbank.org\\\/programs-services\\\/nutrition\\\/\",\"name\":\"Nutrition Food Distribution, FIND Food Bank, Food Drive\",\"isPartOf\":{\"@id\":\"https:\\\/\\\/findfoodbank.org\\\/#website\"},\"primaryImageOfPage\":{\"@id\":\"https:\\\/\\\/findfoodbank.org\\\/programs-services\\\/nutrition\\\/#primaryimage\"},\"image\":{\"@id\":\"https:\\\/\\\/findfoodbank.org\\\/programs-services\\\/nutrition\\\/#primaryimage\"},\"thumbnailUrl\":\"https:\\\/\\\/findfoodbank.org\\\/wp-content\\\/uploads\\\/2021\\\/06\\\/Hero_DHCD.jpg\",\"datePublished\":\"2021-06-05T20:49:15+00:00\",\"dateModified\":\"2025-12-30T22:12:36+00:00\",\"description\":\"FIND Food Bank\u2019s food distributions are 40-50% Fresh Produce. Maintaining a healthy lifestyle starts with a colorful plate and some exercise!\",\"breadcrumb\":{\"@id\":\"https:\\\/\\\/findfoodbank.org\\\/programs-services\\\/nutrition\\\/#breadcrumb\"},\"inLanguage\":\"es\",\"potentialAction\":[{\"@type\":\"ReadAction\",\"target\":[\"https:\\\/\\\/findfoodbank.org\\\/programs-services\\\/nutrition\\\/\"]}]},{\"@type\":\"ImageObject\",\"inLanguage\":\"es\",\"@id\":\"https:\\\/\\\/findfoodbank.org\\\/programs-services\\\/nutrition\\\/#primaryimage\",\"url\":\"https:\\\/\\\/findfoodbank.org\\\/wp-content\\\/uploads\\\/2021\\\/06\\\/Hero_DHCD.jpg\",\"contentUrl\":\"https:\\\/\\\/findfoodbank.org\\\/wp-content\\\/uploads\\\/2021\\\/06\\\/Hero_DHCD.jpg\",\"width\":1600,\"height\":447,\"caption\":\"DHCD\"},{\"@type\":\"BreadcrumbList\",\"@id\":\"https:\\\/\\\/findfoodbank.org\\\/programs-services\\\/nutrition\\\/#breadcrumb\",\"itemListElement\":[{\"@type\":\"ListItem\",\"position\":1,\"name\":\"Home\",\"item\":\"https:\\\/\\\/findfoodbank.org\\\/\"},{\"@type\":\"ListItem\",\"position\":2,\"name\":\"Programs &#038; Services\",\"item\":\"https:\\\/\\\/findfoodbank.org\\\/programs-services\\\/\"},{\"@type\":\"ListItem\",\"position\":3,\"name\":\"Nutrition\"}]},{\"@type\":\"WebSite\",\"@id\":\"https:\\\/\\\/findfoodbank.org\\\/#website\",\"url\":\"https:\\\/\\\/findfoodbank.org\\\/\",\"name\":\"FIND Food Bank\",\"description\":\"The Desert's Regional Food Bank\",\"publisher\":{\"@id\":\"https:\\\/\\\/findfoodbank.org\\\/#organization\"},\"potentialAction\":[{\"@type\":\"SearchAction\",\"target\":{\"@type\":\"EntryPoint\",\"urlTemplate\":\"https:\\\/\\\/findfoodbank.org\\\/?s={search_term_string}\"},\"query-input\":{\"@type\":\"PropertyValueSpecification\",\"valueRequired\":true,\"valueName\":\"search_term_string\"}}],\"inLanguage\":\"es\"},{\"@type\":\"Organization\",\"@id\":\"https:\\\/\\\/findfoodbank.org\\\/#organization\",\"name\":\"FIND Food Bank\",\"url\":\"https:\\\/\\\/findfoodbank.org\\\/\",\"logo\":{\"@type\":\"ImageObject\",\"inLanguage\":\"es\",\"@id\":\"https:\\\/\\\/findfoodbank.org\\\/#\\\/schema\\\/logo\\\/image\\\/\",\"url\":\"https:\\\/\\\/findfoodbank.org\\\/wp-content\\\/uploads\\\/2025\\\/09\\\/FIND-logo25-horizontal_4c.png\",\"contentUrl\":\"https:\\\/\\\/findfoodbank.org\\\/wp-content\\\/uploads\\\/2025\\\/09\\\/FIND-logo25-horizontal_4c.png\",\"width\":1189,\"height\":373,\"caption\":\"FIND Food Bank\"},\"image\":{\"@id\":\"https:\\\/\\\/findfoodbank.org\\\/#\\\/schema\\\/logo\\\/image\\\/\"}}]}<\/script>\n<!-- \/ Yoast SEO plugin. -->","yoast_head_json":{"title":"Nutrition Food Distribution, FIND Food Bank, Food Drive","description":"FIND Food Bank\u2019s food distributions are 40-50% Fresh Produce. Maintaining a healthy lifestyle starts with a colorful plate and some exercise!","robots":{"index":"index","follow":"follow","max-snippet":"max-snippet:-1","max-image-preview":"max-image-preview:large","max-video-preview":"max-video-preview:-1"},"canonical":"https:\/\/findfoodbank.org\/es\/programs-services\/nutrition\/","og_locale":"es_MX","og_type":"article","og_title":"Nutrition Food Distribution, FIND Food Bank, Food Drive","og_description":"FIND Food Bank\u2019s food distributions are 40-50% Fresh Produce. Maintaining a healthy lifestyle starts with a colorful plate and some exercise!","og_url":"https:\/\/findfoodbank.org\/es\/programs-services\/nutrition\/","og_site_name":"FIND Food Bank","article_modified_time":"2025-12-30T22:12:36+00:00","og_image":[{"width":1600,"height":447,"url":"https:\/\/findfoodbank.org\/wp-content\/uploads\/2021\/06\/Hero_DHCD.jpg","type":"image\/jpeg"}],"twitter_card":"summary_large_image","twitter_misc":{"Tiempo de lectura":"2 minutos"},"schema":{"@context":"https:\/\/schema.org","@graph":[{"@type":"WebPage","@id":"https:\/\/findfoodbank.org\/programs-services\/nutrition\/","url":"https:\/\/findfoodbank.org\/programs-services\/nutrition\/","name":"Nutrition Food Distribution, FIND Food Bank, Food Drive","isPartOf":{"@id":"https:\/\/findfoodbank.org\/#website"},"primaryImageOfPage":{"@id":"https:\/\/findfoodbank.org\/programs-services\/nutrition\/#primaryimage"},"image":{"@id":"https:\/\/findfoodbank.org\/programs-services\/nutrition\/#primaryimage"},"thumbnailUrl":"https:\/\/findfoodbank.org\/wp-content\/uploads\/2021\/06\/Hero_DHCD.jpg","datePublished":"2021-06-05T20:49:15+00:00","dateModified":"2025-12-30T22:12:36+00:00","description":"FIND Food Bank\u2019s food distributions are 40-50% Fresh Produce. Maintaining a healthy lifestyle starts with a colorful plate and some exercise!","breadcrumb":{"@id":"https:\/\/findfoodbank.org\/programs-services\/nutrition\/#breadcrumb"},"inLanguage":"es","potentialAction":[{"@type":"ReadAction","target":["https:\/\/findfoodbank.org\/programs-services\/nutrition\/"]}]},{"@type":"ImageObject","inLanguage":"es","@id":"https:\/\/findfoodbank.org\/programs-services\/nutrition\/#primaryimage","url":"https:\/\/findfoodbank.org\/wp-content\/uploads\/2021\/06\/Hero_DHCD.jpg","contentUrl":"https:\/\/findfoodbank.org\/wp-content\/uploads\/2021\/06\/Hero_DHCD.jpg","width":1600,"height":447,"caption":"DHCD"},{"@type":"BreadcrumbList","@id":"https:\/\/findfoodbank.org\/programs-services\/nutrition\/#breadcrumb","itemListElement":[{"@type":"ListItem","position":1,"name":"Home","item":"https:\/\/findfoodbank.org\/"},{"@type":"ListItem","position":2,"name":"Programs &#038; Services","item":"https:\/\/findfoodbank.org\/programs-services\/"},{"@type":"ListItem","position":3,"name":"Nutrition"}]},{"@type":"WebSite","@id":"https:\/\/findfoodbank.org\/#website","url":"https:\/\/findfoodbank.org\/","name":"ENCONTRAR Banco de Alimentos","description":"El banco regional de alimentos del desierto","publisher":{"@id":"https:\/\/findfoodbank.org\/#organization"},"potentialAction":[{"@type":"SearchAction","target":{"@type":"EntryPoint","urlTemplate":"https:\/\/findfoodbank.org\/?s={search_term_string}"},"query-input":{"@type":"PropertyValueSpecification","valueRequired":true,"valueName":"search_term_string"}}],"inLanguage":"es"},{"@type":"Organization","@id":"https:\/\/findfoodbank.org\/#organization","name":"ENCONTRAR Banco de Alimentos","url":"https:\/\/findfoodbank.org\/","logo":{"@type":"ImageObject","inLanguage":"es","@id":"https:\/\/findfoodbank.org\/#\/schema\/logo\/image\/","url":"https:\/\/findfoodbank.org\/wp-content\/uploads\/2025\/09\/FIND-logo25-horizontal_4c.png","contentUrl":"https:\/\/findfoodbank.org\/wp-content\/uploads\/2025\/09\/FIND-logo25-horizontal_4c.png","width":1189,"height":373,"caption":"FIND Food Bank"},"image":{"@id":"https:\/\/findfoodbank.org\/#\/schema\/logo\/image\/"}}]}},"ticketed":false,"_links":{"self":[{"href":"https:\/\/findfoodbank.org\/es\/wp-json\/wp\/v2\/pages\/1466","targetHints":{"allow":["GET"]}}],"collection":[{"href":"https:\/\/findfoodbank.org\/es\/wp-json\/wp\/v2\/pages"}],"about":[{"href":"https:\/\/findfoodbank.org\/es\/wp-json\/wp\/v2\/types\/page"}],"author":[{"embeddable":true,"href":"https:\/\/findfoodbank.org\/es\/wp-json\/wp\/v2\/users\/15"}],"replies":[{"embeddable":true,"href":"https:\/\/findfoodbank.org\/es\/wp-json\/wp\/v2\/comments?post=1466"}],"version-history":[{"count":15,"href":"https:\/\/findfoodbank.org\/es\/wp-json\/wp\/v2\/pages\/1466\/revisions"}],"predecessor-version":[{"id":17407,"href":"https:\/\/findfoodbank.org\/es\/wp-json\/wp\/v2\/pages\/1466\/revisions\/17407"}],"up":[{"embeddable":true,"href":"https:\/\/findfoodbank.org\/es\/wp-json\/wp\/v2\/pages\/1167"}],"wp:featuredmedia":[{"embeddable":true,"href":"https:\/\/findfoodbank.org\/es\/wp-json\/wp\/v2\/media\/2101"}],"wp:attachment":[{"href":"https:\/\/findfoodbank.org\/es\/wp-json\/wp\/v2\/media?parent=1466"}],"curies":[{"name":"wp","href":"https:\/\/api.w.org\/{rel}","templated":true}]}}