{"id":1459,"date":"2021-06-05T20:34:01","date_gmt":"2021-06-05T20:34:01","guid":{"rendered":"http:\/\/findfoodbank.flywheelsites.com\/?page_id=1459"},"modified":"2023-09-26T19:33:29","modified_gmt":"2023-09-27T02:33:29","slug":"older-adult-programs","status":"publish","type":"page","link":"https:\/\/findfoodbank.org\/es\/programs-services\/older-adult-programs\/","title":{"rendered":"Programas para adultos mayores"},"content":{"rendered":"<div class=\"gb-container gb-container-56d5ded6 alignfull\">\n<div class=\"gb-container gb-container-4c6e852d\">\n<div class=\"gb-grid-wrapper gb-grid-wrapper-2180ed38\">\n<div class=\"gb-grid-column gb-grid-column-2ada1519\"><div class=\"gb-container gb-container-2ada1519\">\n<nav style=\"color: #324452;\" class=\"has-text-color  is-vertical wp-block-navigation is-layout-flex wp-container-core-navigation-is-layout-8cf370e7 wp-block-navigation-is-layout-flex\" aria-label=\"Programs &amp; Services\"><ul style=\"color: #324452;\" class=\"wp-block-navigation__container has-text-color  is-vertical wp-block-navigation\"><li class=\"wp-block-navigation-item wp-block-navigation-link\"><a class=\"wp-block-navigation-item__content\"  href=\"https:\/\/findfoodbank.org\/es\/programs-services\/community-agencies-mobile-markets\/\"><span class=\"wp-block-navigation-item__label\">Agencias y mercados m\u00f3viles<\/span><\/a><\/li><li class=\"wp-block-navigation-item wp-block-navigation-link\"><a class=\"wp-block-navigation-item__content\"  href=\"https:\/\/findfoodbank.org\/es\/csfp\/\"><span class=\"wp-block-navigation-item__label\">Programa de alimentaci\u00f3n para personas mayores<\/span><\/a><\/li><li class=\"wp-block-navigation-item wp-block-navigation-link\"><a class=\"wp-block-navigation-item__content\"  href=\"https:\/\/findfoodbank.org\/es\/outreach-services\/\"><span class=\"wp-block-navigation-item__label\">Servicios de extensi\u00f3n<\/span><\/a><\/li><li class=\"wp-block-navigation-item wp-block-navigation-link\"><a class=\"wp-block-navigation-item__content\"  href=\"https:\/\/findfoodbank.org\/es\/programs-services\/childrens-school-based-programs\/\"><span class=\"wp-block-navigation-item__label\">Children &amp; School-Based Programs<\/span><\/a><\/li><li class=\"wp-block-navigation-item wp-block-navigation-link\"><a class=\"wp-block-navigation-item__content\"  href=\"https:\/\/findfoodbank.org\/es\/programs-services\/childrens-school-based-programs\/summer\/\"><span class=\"wp-block-navigation-item__label\">Kids Summer Market<\/span><\/a><\/li><li class=\"wp-block-navigation-item wp-block-navigation-link\"><a class=\"wp-block-navigation-item__content\"  href=\"https:\/\/findfoodbank.org\/es\/opportunity-bank-activity-fee-scholarship\/\"><span class=\"wp-block-navigation-item__label\">Opportunity Bank <\/span><\/a><\/li><li class=\"wp-block-navigation-item wp-block-navigation-link\"><a class=\"wp-block-navigation-item__content\"  href=\"https:\/\/findfoodbank.org\/es\/fyac\/\"><span class=\"wp-block-navigation-item__label\">FYAC<\/span><\/a><\/li><li class=\"wp-block-navigation-item wp-block-navigation-link\"><a class=\"wp-block-navigation-item__content\"  href=\"https:\/\/findfoodbank.org\/es\/disaster-relief\/\"><span class=\"wp-block-navigation-item__label\">Disaster Relief<\/span><\/a><\/li><li class=\"wp-block-navigation-item wp-block-navigation-link\"><a class=\"wp-block-navigation-item__content\"  href=\"https:\/\/findfoodbank.org\/es\/foodrescue\/\"><span class=\"wp-block-navigation-item__label\">Food Rescue <\/span><\/a><\/li><li class=\"wp-block-navigation-item wp-block-navigation-link\"><a class=\"wp-block-navigation-item__content\"  href=\"https:\/\/findfoodbank.org\/es\/programs-services\/nutrition\/\"><span class=\"wp-block-navigation-item__label\">Nutrici\u00f3n<\/span><\/a><\/li><li class=\"wp-block-navigation-item wp-block-navigation-link\"><a class=\"wp-block-navigation-item__content\"  href=\"https:\/\/findfoodbank.org\/es\/programs-services\/calfresh\/\"><span class=\"wp-block-navigation-item__label\">Calfresh Benefits<\/span><\/a><\/li><li class=\"wp-block-navigation-item wp-block-navigation-link\"><a class=\"wp-block-navigation-item__content\"  href=\"https:\/\/findfoodbank.org\/es\/programs-services\/community-health-workers\/\"><span class=\"wp-block-navigation-item__label\">Trabajadores de salud comunitarios<\/span><\/a><\/li><\/ul><\/nav>\n<\/div><\/div>\n\n<div class=\"gb-grid-column gb-grid-column-dcbe71b4\"><div class=\"gb-container gb-container-dcbe71b4\">\n\n<h5 class=\"gb-headline gb-headline-f8265117 gb-headline-text\">Programas para adultos mayores<\/h5>\n\n\n\n<figure class=\"gb-block-image gb-block-image-ce3c66c5\"><img loading=\"lazy\" decoding=\"async\" width=\"300\" height=\"256\" class=\"gb-image gb-image-ce3c66c5\" src=\"https:\/\/findfoodbank.org\/wp-content\/uploads\/2021\/06\/Older_Adult_Programs_FIND-300x256.jpg\" srcset=\"https:\/\/findfoodbank.org\/wp-content\/uploads\/2021\/06\/Older_Adult_Programs_FIND-300x256.jpg 300w, https:\/\/findfoodbank.org\/wp-content\/uploads\/2021\/06\/Older_Adult_Programs_FIND-480x409.jpg 480w, https:\/\/findfoodbank.org\/wp-content\/uploads\/2021\/06\/Older_Adult_Programs_FIND.jpg 600w\" sizes=\"auto, (max-width: 300px) 100vw, 300px\" \/><\/figure>\n\n\n\n<p>Los adultos mayores a menudo viven con ingresos fijos y corren el riesgo de padecer inseguridad alimentaria. De hecho, <strong>23%<\/strong> de las personas a las que servimos tienen m\u00e1s de 65 a\u00f1os. FIND brinda apoyo espec\u00edfico para llegar a esta poblaci\u00f3n vulnerable. <\/p>\n\n\n\n<p>FIND organiza una distribuci\u00f3n ambulante solo para personas mayores cada dos semanas en el <strong><a data-feathr-click-track=\"true\" href=\"https:\/\/findfoodbank.org\/es\/map\/?_categories=la-quinta\" target=\"_blank\" rel=\"noopener\">Distrito recreativo del desierto de La Quinta.<\/a><\/strong> <\/p>\n\n\n\n<p>\u00bfNecesita ayuda para acceder a alimentos cerca de usted? <a data-feathr-click-track=\"true\" href=\"\/es\/map\/\">Haga clic aqu\u00ed para localizar un programa de alimentos.<\/a><\/p>\n\n\n\n<h5 class=\"gb-headline gb-headline-08760338 gb-headline-text\">Commodity Supplement Food Program<\/h5>\n\n\n\n<p><span>CSFP trabaja para mejorar la salud de las personas de al menos 60 a\u00f1os de edad al complementar sus dietas con alimentos nutritivos del USDA. CSFP es un programa de alimentaci\u00f3n suplementaria financiado por el Departamento de Agricultura de los Estados Unidos (USDA) administrado por el Departamento de Servicios Sociales de California (CDSS). El programa proporciona productos del USDA a una red de diez bancos de alimentos, incluido FIND Food Bank, para mejorar la salud de las personas mayores en California brind\u00e1ndoles alimentos nutritivos.<\/span><\/p>\n\n\n\n<h5 class=\"gb-headline gb-headline-409768e2 gb-headline-text\">Administraci\u00f3n de casos de CalFresh<\/h5>\n\n\n\n<p>Do you need extra help buying groceries? Older adults are one of the largest groups who qualify for CalFresh but don&#8217;t claim the benefits they are entitled to. It is often due to misconceptions about the application process and benefits received. Learn more about how CalFresh can help you purchase healthy foods! Call 760-775-3663 to make an appointment with FIND&#8217;s CalFresh Case Management Team. They can work through your application to make sure you receive the <strong><em>beneficios m\u00e1ximos<\/em><\/strong>.<\/p>\n\n\n\n<a class=\"gb-button gb-button-5cbc722e\" href=\"https:\/\/findfoodbank.org\/es\/csfp\/\"><span class=\"gb-icon\"><svg aria-hidden=\"true\" role=\"img\" height=\"1em\" width=\"1em\" viewbox=\"0 0 256 512\" xmlns=\"http:\/\/www.w3.org\/2000\/svg\"><path fill=\"currentColor\" d=\"M224.3 273l-136 136c-9.4 9.4-24.6 9.4-33.9 0l-22.6-22.6c-9.4-9.4-9.4-24.6 0-33.9l96.4-96.4-96.4-96.4c-9.4-9.4-9.4-24.6 0-33.9L54.3 103c9.4-9.4 24.6-9.4 33.9 0l136 136c9.5 9.4 9.5 24.6.1 34z\"><\/path><\/svg><\/span><span class=\"gb-button-text\">Aprende m\u00e1s<\/span><\/a>\n\n\n\n<h5 class=\"gb-headline gb-headline-bd6b4d86 gb-headline-text\">Preguntas comunes<\/h5>\n\n\n\n<p><strong>\u201cSolo califico para los beneficios m\u00ednimos debido a mi seguridad social\u201d.<\/strong><\/p>\n\n\n\n<p>Enumerar sus gastos m\u00e9dicos mensuales puede aumentar la cantidad que recibe y maximizar sus beneficios.<\/p>\n\n\n\n<hr class=\"wp-block-separator has-alpha-channel-opacity\"\/>\n\n\n\n<p><strong>\u201cI don\u2019t want to take resources from someone who needs them.\u201d<\/strong><\/p>\n\n\n\n<p>SNAP es un programa de derechos. Cualquiera que califique para recibir CalFresh recibir\u00e1 beneficios.<\/p>\n\n\n\n<hr class=\"wp-block-separator has-alpha-channel-opacity\"\/>\n\n\n\n<p><strong>\u201cThe application takes too much time, and the minimum benefits aren\u2019t worth the effort.\u201d<\/strong><\/p>\n\n\n\n<p>Cuando califica para CalFresh, autom\u00e1ticamente califica para otros programas de ahorros y beneficios para estirar su presupuesto mensual.<\/p>\n\n\n\n<p>Los trabajadores comunitarios de salud de FIND pueden ayudarlo a presentar una solicitud para ahorrar hasta 20% en su factura mensual de gas:<\/p>\n\n\n\n<p><strong><a href=\"https:\/\/www.socalgas.com\/save-money-and-energy\/assistance-programs\/california-alternate-rates-for-energy?__cf_chl_jschl_tk__=bd781a0fb4176d1666e10f32254d864e040679b2-1626106406-0-AQ6S9mRkstpkoAJ4s4jJjAmr-1nnzHdjQJDBNuXQiLx0iKEsq55mcb8AHQYXAAPOdojIInaVmV5kDgihD1vaF05zPQcQiraqdw6uHkTDG1LaB-i7kACJbHSqOxCsLAPQF0BPp_gIliNw6N7fwcNOOxvISNDJ815SOFqR6Gew_bYXZsiXCg1ENJ-RVGvs0Wpo6Z-IRqIOWZ3UhlNw5IqrJMSiigNI_Td_uIPkmRwN39aNhjXgO9MhhXJzU8GXelOinJW-ivUTuoqGsSbaHN9Qm7K3uiMhM1sRkqDxs7PcWplgIl8YXgGK3ka4wf3nx-dnGNGje365FDD5es_8q8oeDzgeQWV1mVVSWr4_uhM6nAjMYUnMrVhgdlDITEQYl3WP4lsZ3ccztNxpwaMUZ31xA0efeWVonx7KAKSqSktD0FaHXfjzri1wZIW2sgSO0qTLt_K09KZlTEjg6m6w-XQ-2ir3wI0JW2wZPMwZ6F3r-JzsNs18sBd5XtVOnTUus425JQ\" target=\"_blank\" rel=\"noreferrer noopener\"><em>Programa de Tarifas Alternativas de Energ\u00eda de California (CAREs)<\/em><\/a><\/strong><\/p>\n\n\n\n<p><strong><a href=\"https:\/\/www.acf.hhs.gov\/ocs\/low-income-home-energy-assistance-program-liheap\" target=\"_blank\" rel=\"noreferrer noopener\"><em>LIHEAP (Programa de asistencia energ\u00e9tica para hogares de bajos ingresos)<\/em><\/a><\/strong><\/p>\n\n\n\n<hr class=\"wp-block-separator has-alpha-channel-opacity\"\/>\n\n\n\n<p><strong>&quot;No puedo ir a la oficina de CalFresh para una entrevista&quot;.<\/strong><\/p>\n\n\n\n<p>Si no puede ir a la oficina de CalFresh, puede solicitar una entrevista telef\u00f3nica. Tambi\u00e9n puede pedirle a un pariente, pastor, vecino, etc., que asista a la entrevista como representante autorizado.<\/p>\n\n\n\n<p><strong>&quot;No quiero ir a la oficina de CalFresh cada pocos meses para seguir recibiendo beneficios&quot;.<\/strong><\/p>\n\n\n\n<p>Es posible que los hogares en los que todos los miembros adultos sean personas mayores solo tengan que volver a certificarse cada 24 meses, y los condados deben ofrecer la opci\u00f3n de renunciar a la entrevista cara a cara si todos los miembros del hogar tienen 60 a\u00f1os o m\u00e1s o tienen una discapacidad.<\/p>\n\n\n\n<hr class=\"wp-block-separator has-alpha-channel-opacity\"\/>\n\n\n\n<p><strong>&quot;Pens\u00e9 que los adultos mayores solo podr\u00edan recibir $3,250 en recursos&quot;.<\/strong><\/p>\n\n\n\n<p>En la mayor\u00eda de los casos, no hay l\u00edmite de recursos para CalFresh. Puede ser elegible incluso si tiene dinero en cuentas de ahorro y jubilaci\u00f3n.<\/p>\n\n\n\n<hr class=\"wp-block-separator has-alpha-channel-opacity\"\/>\n\n\n\n<p><a href=\"https:\/\/www.cdss.ca.gov\/calfreshoutreach\/res\/Toolkit\/Appendices-OlderAdult\/OlderAdultsAppendix_A_MythsandFactsAboutCalFreshforOlderAdults.pdf\" target=\"_blank\" rel=\"noreferrer noopener\"><strong>Obtenga m\u00e1s informaci\u00f3n sobre los mitos y los hechos sobre CalFresh para adultos mayores (de 60 a\u00f1os en adelante)<\/strong><\/a><\/p>\n\n<\/div><\/div>\n<\/div>\n<\/div>\n<\/div>","protected":false},"excerpt":{"rendered":"","protected":false},"author":15,"featured_media":2102,"parent":1167,"menu_order":0,"comment_status":"closed","ping_status":"closed","template":"","meta":{"_monsterinsights_skip_tracking":false,"_monsterinsights_sitenote_active":false,"_monsterinsights_sitenote_note":"","_monsterinsights_sitenote_category":0,"_price":"","_stock":"","_tribe_ticket_header":"","_tribe_default_ticket_provider":"","_tribe_ticket_capacity":"0","_ticket_start_date":"","_ticket_end_date":"","_tribe_ticket_show_description":"","_tribe_ticket_show_not_going":false,"_tribe_ticket_use_global_stock":"","_tribe_ticket_global_stock_level":"","_global_stock_mode":"","_global_stock_cap":"","_tribe_rsvp_for_event":"","_tribe_ticket_going_count":"","_tribe_ticket_not_going_count":"","_tribe_tickets_list":"[]","_tribe_ticket_has_attendee_info_fields":false,"footnotes":"","_tec_slr_enabled":"","_tec_slr_layout":""},"class_list":["post-1459","page","type-page","status-publish","has-post-thumbnail","resize-featured-image"],"yoast_head":"<!-- This site is optimized with the Yoast SEO plugin v27.5 - https:\/\/yoast.com\/product\/yoast-seo-wordpress\/ -->\n<title>Older Adult Programs, FIND Food Bank Senior Food Distribution<\/title>\n<meta name=\"description\" content=\"Older adults often live on fixed incomes and are at risk of food insecurity. In fact, 23% of the people we serve are over 65.\" \/>\n<meta name=\"robots\" content=\"index, follow, max-snippet:-1, max-image-preview:large, max-video-preview:-1\" \/>\n<link rel=\"canonical\" href=\"https:\/\/findfoodbank.org\/es\/programs-services\/older-adult-programs\/\" \/>\n<meta property=\"og:locale\" content=\"es_MX\" \/>\n<meta property=\"og:type\" content=\"article\" \/>\n<meta property=\"og:title\" content=\"Older Adult Programs, FIND Food Bank Senior Food Distribution\" \/>\n<meta property=\"og:description\" content=\"Older adults often live on fixed incomes and are at risk of food insecurity. In fact, 23% of the people we serve are over 65.\" \/>\n<meta property=\"og:url\" content=\"https:\/\/findfoodbank.org\/es\/programs-services\/older-adult-programs\/\" \/>\n<meta property=\"og:site_name\" content=\"FIND Food Bank\" \/>\n<meta property=\"article:modified_time\" content=\"2023-09-27T02:33:29+00:00\" \/>\n<meta property=\"og:image\" content=\"http:\/\/seodevsite.com\/foodbank\/wp-content\/uploads\/2021\/06\/Hero_Older_adult.jpg\" \/>\n\t<meta property=\"og:image:width\" content=\"1600\" \/>\n\t<meta property=\"og:image:height\" content=\"447\" \/>\n\t<meta property=\"og:image:type\" content=\"image\/jpeg\" \/>\n<meta name=\"twitter:card\" content=\"summary_large_image\" \/>\n<meta name=\"twitter:label1\" content=\"Tiempo de lectura\" \/>\n\t<meta name=\"twitter:data1\" content=\"3 minutos\" \/>\n<script type=\"application\/ld+json\" class=\"yoast-schema-graph\">{\"@context\":\"https:\\\/\\\/schema.org\",\"@graph\":[{\"@type\":\"WebPage\",\"@id\":\"https:\\\/\\\/findfoodbank.org\\\/programs-services\\\/older-adult-programs\\\/\",\"url\":\"https:\\\/\\\/findfoodbank.org\\\/programs-services\\\/older-adult-programs\\\/\",\"name\":\"Older Adult Programs, FIND Food Bank Senior Food Distribution\",\"isPartOf\":{\"@id\":\"https:\\\/\\\/findfoodbank.org\\\/#website\"},\"primaryImageOfPage\":{\"@id\":\"https:\\\/\\\/findfoodbank.org\\\/programs-services\\\/older-adult-programs\\\/#primaryimage\"},\"image\":{\"@id\":\"https:\\\/\\\/findfoodbank.org\\\/programs-services\\\/older-adult-programs\\\/#primaryimage\"},\"thumbnailUrl\":\"https:\\\/\\\/findfoodbank.org\\\/wp-content\\\/uploads\\\/2021\\\/06\\\/Hero_Older_adult.jpg\",\"datePublished\":\"2021-06-05T20:34:01+00:00\",\"dateModified\":\"2023-09-27T02:33:29+00:00\",\"description\":\"Older adults often live on fixed incomes and are at risk of food insecurity. In fact, 23% of the people we serve are over 65.\",\"breadcrumb\":{\"@id\":\"https:\\\/\\\/findfoodbank.org\\\/programs-services\\\/older-adult-programs\\\/#breadcrumb\"},\"inLanguage\":\"es\",\"potentialAction\":[{\"@type\":\"ReadAction\",\"target\":[\"https:\\\/\\\/findfoodbank.org\\\/programs-services\\\/older-adult-programs\\\/\"]}]},{\"@type\":\"ImageObject\",\"inLanguage\":\"es\",\"@id\":\"https:\\\/\\\/findfoodbank.org\\\/programs-services\\\/older-adult-programs\\\/#primaryimage\",\"url\":\"https:\\\/\\\/findfoodbank.org\\\/wp-content\\\/uploads\\\/2021\\\/06\\\/Hero_Older_adult.jpg\",\"contentUrl\":\"https:\\\/\\\/findfoodbank.org\\\/wp-content\\\/uploads\\\/2021\\\/06\\\/Hero_Older_adult.jpg\",\"width\":1600,\"height\":447,\"caption\":\"Older Adult Programs\"},{\"@type\":\"BreadcrumbList\",\"@id\":\"https:\\\/\\\/findfoodbank.org\\\/programs-services\\\/older-adult-programs\\\/#breadcrumb\",\"itemListElement\":[{\"@type\":\"ListItem\",\"position\":1,\"name\":\"Home\",\"item\":\"https:\\\/\\\/findfoodbank.org\\\/\"},{\"@type\":\"ListItem\",\"position\":2,\"name\":\"Programs &#038; Services\",\"item\":\"https:\\\/\\\/findfoodbank.org\\\/programs-services\\\/\"},{\"@type\":\"ListItem\",\"position\":3,\"name\":\"Older Adult Programs\"}]},{\"@type\":\"WebSite\",\"@id\":\"https:\\\/\\\/findfoodbank.org\\\/#website\",\"url\":\"https:\\\/\\\/findfoodbank.org\\\/\",\"name\":\"FIND Food Bank\",\"description\":\"The Desert's Regional Food Bank\",\"publisher\":{\"@id\":\"https:\\\/\\\/findfoodbank.org\\\/#organization\"},\"potentialAction\":[{\"@type\":\"SearchAction\",\"target\":{\"@type\":\"EntryPoint\",\"urlTemplate\":\"https:\\\/\\\/findfoodbank.org\\\/?s={search_term_string}\"},\"query-input\":{\"@type\":\"PropertyValueSpecification\",\"valueRequired\":true,\"valueName\":\"search_term_string\"}}],\"inLanguage\":\"es\"},{\"@type\":\"Organization\",\"@id\":\"https:\\\/\\\/findfoodbank.org\\\/#organization\",\"name\":\"FIND Food Bank\",\"url\":\"https:\\\/\\\/findfoodbank.org\\\/\",\"logo\":{\"@type\":\"ImageObject\",\"inLanguage\":\"es\",\"@id\":\"https:\\\/\\\/findfoodbank.org\\\/#\\\/schema\\\/logo\\\/image\\\/\",\"url\":\"https:\\\/\\\/findfoodbank.org\\\/wp-content\\\/uploads\\\/2025\\\/09\\\/FIND-logo25-horizontal_4c.png\",\"contentUrl\":\"https:\\\/\\\/findfoodbank.org\\\/wp-content\\\/uploads\\\/2025\\\/09\\\/FIND-logo25-horizontal_4c.png\",\"width\":1189,\"height\":373,\"caption\":\"FIND Food Bank\"},\"image\":{\"@id\":\"https:\\\/\\\/findfoodbank.org\\\/#\\\/schema\\\/logo\\\/image\\\/\"}}]}<\/script>\n<!-- \/ Yoast SEO plugin. -->","yoast_head_json":{"title":"Older Adult Programs, FIND Food Bank Senior Food Distribution","description":"Older adults often live on fixed incomes and are at risk of food insecurity. In fact, 23% of the people we serve are over 65.","robots":{"index":"index","follow":"follow","max-snippet":"max-snippet:-1","max-image-preview":"max-image-preview:large","max-video-preview":"max-video-preview:-1"},"canonical":"https:\/\/findfoodbank.org\/es\/programs-services\/older-adult-programs\/","og_locale":"es_MX","og_type":"article","og_title":"Older Adult Programs, FIND Food Bank Senior Food Distribution","og_description":"Older adults often live on fixed incomes and are at risk of food insecurity. In fact, 23% of the people we serve are over 65.","og_url":"https:\/\/findfoodbank.org\/es\/programs-services\/older-adult-programs\/","og_site_name":"FIND Food Bank","article_modified_time":"2023-09-27T02:33:29+00:00","og_image":[{"width":1600,"height":447,"url":"http:\/\/seodevsite.com\/foodbank\/wp-content\/uploads\/2021\/06\/Hero_Older_adult.jpg","type":"image\/jpeg"}],"twitter_card":"summary_large_image","twitter_misc":{"Tiempo de lectura":"3 minutos"},"schema":{"@context":"https:\/\/schema.org","@graph":[{"@type":"WebPage","@id":"https:\/\/findfoodbank.org\/programs-services\/older-adult-programs\/","url":"https:\/\/findfoodbank.org\/programs-services\/older-adult-programs\/","name":"Older Adult Programs, FIND Food Bank Senior Food Distribution","isPartOf":{"@id":"https:\/\/findfoodbank.org\/#website"},"primaryImageOfPage":{"@id":"https:\/\/findfoodbank.org\/programs-services\/older-adult-programs\/#primaryimage"},"image":{"@id":"https:\/\/findfoodbank.org\/programs-services\/older-adult-programs\/#primaryimage"},"thumbnailUrl":"https:\/\/findfoodbank.org\/wp-content\/uploads\/2021\/06\/Hero_Older_adult.jpg","datePublished":"2021-06-05T20:34:01+00:00","dateModified":"2023-09-27T02:33:29+00:00","description":"Older adults often live on fixed incomes and are at risk of food insecurity. In fact, 23% of the people we serve are over 65.","breadcrumb":{"@id":"https:\/\/findfoodbank.org\/programs-services\/older-adult-programs\/#breadcrumb"},"inLanguage":"es","potentialAction":[{"@type":"ReadAction","target":["https:\/\/findfoodbank.org\/programs-services\/older-adult-programs\/"]}]},{"@type":"ImageObject","inLanguage":"es","@id":"https:\/\/findfoodbank.org\/programs-services\/older-adult-programs\/#primaryimage","url":"https:\/\/findfoodbank.org\/wp-content\/uploads\/2021\/06\/Hero_Older_adult.jpg","contentUrl":"https:\/\/findfoodbank.org\/wp-content\/uploads\/2021\/06\/Hero_Older_adult.jpg","width":1600,"height":447,"caption":"Older Adult Programs"},{"@type":"BreadcrumbList","@id":"https:\/\/findfoodbank.org\/programs-services\/older-adult-programs\/#breadcrumb","itemListElement":[{"@type":"ListItem","position":1,"name":"Home","item":"https:\/\/findfoodbank.org\/"},{"@type":"ListItem","position":2,"name":"Programs &#038; Services","item":"https:\/\/findfoodbank.org\/programs-services\/"},{"@type":"ListItem","position":3,"name":"Older Adult Programs"}]},{"@type":"WebSite","@id":"https:\/\/findfoodbank.org\/#website","url":"https:\/\/findfoodbank.org\/","name":"ENCONTRAR Banco de Alimentos","description":"El banco regional de alimentos del desierto","publisher":{"@id":"https:\/\/findfoodbank.org\/#organization"},"potentialAction":[{"@type":"SearchAction","target":{"@type":"EntryPoint","urlTemplate":"https:\/\/findfoodbank.org\/?s={search_term_string}"},"query-input":{"@type":"PropertyValueSpecification","valueRequired":true,"valueName":"search_term_string"}}],"inLanguage":"es"},{"@type":"Organization","@id":"https:\/\/findfoodbank.org\/#organization","name":"ENCONTRAR Banco de Alimentos","url":"https:\/\/findfoodbank.org\/","logo":{"@type":"ImageObject","inLanguage":"es","@id":"https:\/\/findfoodbank.org\/#\/schema\/logo\/image\/","url":"https:\/\/findfoodbank.org\/wp-content\/uploads\/2025\/09\/FIND-logo25-horizontal_4c.png","contentUrl":"https:\/\/findfoodbank.org\/wp-content\/uploads\/2025\/09\/FIND-logo25-horizontal_4c.png","width":1189,"height":373,"caption":"FIND Food Bank"},"image":{"@id":"https:\/\/findfoodbank.org\/#\/schema\/logo\/image\/"}}]}},"ticketed":false,"_links":{"self":[{"href":"https:\/\/findfoodbank.org\/es\/wp-json\/wp\/v2\/pages\/1459","targetHints":{"allow":["GET"]}}],"collection":[{"href":"https:\/\/findfoodbank.org\/es\/wp-json\/wp\/v2\/pages"}],"about":[{"href":"https:\/\/findfoodbank.org\/es\/wp-json\/wp\/v2\/types\/page"}],"author":[{"embeddable":true,"href":"https:\/\/findfoodbank.org\/es\/wp-json\/wp\/v2\/users\/15"}],"replies":[{"embeddable":true,"href":"https:\/\/findfoodbank.org\/es\/wp-json\/wp\/v2\/comments?post=1459"}],"version-history":[{"count":14,"href":"https:\/\/findfoodbank.org\/es\/wp-json\/wp\/v2\/pages\/1459\/revisions"}],"predecessor-version":[{"id":11993,"href":"https:\/\/findfoodbank.org\/es\/wp-json\/wp\/v2\/pages\/1459\/revisions\/11993"}],"up":[{"embeddable":true,"href":"https:\/\/findfoodbank.org\/es\/wp-json\/wp\/v2\/pages\/1167"}],"wp:featuredmedia":[{"embeddable":true,"href":"https:\/\/findfoodbank.org\/es\/wp-json\/wp\/v2\/media\/2102"}],"wp:attachment":[{"href":"https:\/\/findfoodbank.org\/es\/wp-json\/wp\/v2\/media?parent=1459"}],"curies":[{"name":"wp","href":"https:\/\/api.w.org\/{rel}","templated":true}]}}